{"id":186,"date":"2022-11-28T13:21:09","date_gmt":"2022-11-28T13:21:09","guid":{"rendered":"https:\/\/provence-materiaux-anciens.com\/?page_id=186"},"modified":"2024-03-06T08:48:39","modified_gmt":"2024-03-06T08:48:39","slug":"cookies","status":"publish","type":"page","link":"https:\/\/provence-materiaux-anciens.com\/en\/cookies\/","title":{"rendered":"Cookies"},"content":{"rendered":"<div data-elementor-type=\"wp-page\" data-elementor-id=\"186\" class=\"elementor elementor-186\" data-elementor-post-type=\"page\">\n\t\t\t\t\t\t<section class=\"elementor-section elementor-top-section elementor-element elementor-element-9cb5c76 elementor-section-full_width elementor-section-height-min-height elementor-section-items-stretch elementor-section-stretched elementor-section-height-default\" data-id=\"9cb5c76\" data-element_type=\"section\" data-e-type=\"section\" data-settings=\"{&quot;stretch_section&quot;:&quot;section-stretched&quot;,&quot;background_background&quot;:&quot;classic&quot;}\">\n\t\t\t\t\t\t\t<div class=\"elementor-background-overlay\"><\/div>\n\t\t\t\t\t\t\t<div class=\"elementor-container elementor-column-gap-default\">\n\t\t\t\t\t<div class=\"elementor-column elementor-col-100 elementor-top-column elementor-element elementor-element-5e1581a\" data-id=\"5e1581a\" data-element_type=\"column\" data-e-type=\"column\">\n\t\t\t<div class=\"elementor-widget-wrap elementor-element-populated\">\n\t\t\t\t\t\t<div class=\"elementor-element elementor-element-9c235ad elementor-widget elementor-widget-heading\" data-id=\"9c235ad\" data-element_type=\"widget\" data-e-type=\"widget\" data-widget_type=\"heading.default\">\n\t\t\t\t<div class=\"elementor-widget-container\">\n\t\t\t\t\t<h2 class=\"elementor-heading-title elementor-size-xl\">Cookies<\/h2>\t\t\t\t<\/div>\n\t\t\t\t<\/div>\n\t\t\t\t\t<\/div>\n\t\t<\/div>\n\t\t\t\t\t<\/div>\n\t\t<\/section>\n\t\t\t\t<section class=\"elementor-section elementor-top-section elementor-element elementor-element-c3b3098 elementor-section-boxed elementor-section-height-default elementor-section-height-default\" data-id=\"c3b3098\" data-element_type=\"section\" data-e-type=\"section\">\n\t\t\t\t\t\t<div class=\"elementor-container elementor-column-gap-default\">\n\t\t\t\t\t<div class=\"elementor-column elementor-col-100 elementor-top-column elementor-element elementor-element-9589497\" data-id=\"9589497\" data-element_type=\"column\" data-e-type=\"column\">\n\t\t\t<div class=\"elementor-widget-wrap elementor-element-populated\">\n\t\t\t\t\t\t<div class=\"elementor-element elementor-element-e7e606a elementor-widget elementor-widget-text-editor\" data-id=\"e7e606a\" data-element_type=\"widget\" data-e-type=\"widget\" data-widget_type=\"text-editor.default\">\n\t\t\t\t<div class=\"elementor-widget-container\">\n\t\t\t\t\t\t\t\t\t<h2><strong>What is a cookie?<\/strong><\/h2><p>A Cookie is a small text file stored on your terminal (computer, tablet, smartphone, etc.) when you consult an online service using your browser. It enables its issuer to identify the terminal in which it is stored, for the duration of the Cookie's validity or storage.<\/p><p>When you visit our website, information relating to your terminal's browsing habits may be recorded in files known as \"cookies\". These are installed on your terminal, subject to any choices you may have made concerning cookies, which you may modify at any time.<\/p><h2><strong>The cookies used on the :<\/strong><\/h2><p>If you leave a message on our contact page, you will be asked to enter your first and last name, e-mail address and cookies. This is only for your convenience, so that you don't have to enter this information if you leave another comment later. These cookies expire after one year.<\/p><p>If you have an account and log on to this site, a temporary cookie will be created to determine whether your browser accepts cookies. It contains no personal data and will be deleted automatically when you close your browser.<\/p><p>When you log in, we will set a number of cookies to record your login information and screen preferences. The lifetime of a connection cookie is two days, that of a screen option cookie is one year. If you check \"Remember me\", your login cookie will be kept for two weeks. If you log out of your account, the login cookie will be deleted.<\/p><p>By modifying or publishing a publication, an additional cookie will be stored in your browser. This cookie does not contain any personal data. It simply indicates the ID of the publication you have just modified. It expires after one day.<\/p><p>Site users can deactivate cookies by going to their browser options as indicated below:<\/p><ul><li><a href=\"https:\/\/support.google.com\/chrome\/answer\/95647?hl=fr\">Google Chrome<\/a><\/li><li><a href=\"https:\/\/support.mozilla.org\/fr\/kb\/activer-desactiver-cookies-preferences?redirectlocale=fr&amp;redirectslug=activer-desactiver-cookies\">Modzilla Firefox<\/a><\/li><li><a href=\"https:\/\/support.apple.com\/kb\/PH17191?viewlocale=fr_FR&amp;locale=en_US\">Safari<\/a><\/li><li><a href=\"http:\/\/help.opera.com\/Windows\/10.20\/fr\/cookies.html\">Opera<\/a><\/li><li><a href=\"https:\/\/support.microsoft.com\/fr-fr\/help\/17442\/windows-internet-explorer-delete-manage-cookies#ie=ie-11\">Internet Explorer<\/a><\/li><li><a href=\"https:\/\/privacy.microsoft.com\/fr-fr\/windows-10-microsoft-edge-and-privacy\">Edge<\/a><\/li><\/ul>\t\t\t\t\t\t\t\t<\/div>\n\t\t\t\t<\/div>\n\t\t\t\t\t<\/div>\n\t\t<\/div>\n\t\t\t\t\t<\/div>\n\t\t<\/section>\n\t\t\t\t<\/div>","protected":false},"excerpt":{"rendered":"<p>Cookies What are cookies? A cookie is a small text file stored on your terminal (computer, tablet, smartphone, etc.) when you consult an online service using your browser. It enables its issuer to identify the terminal in which it is stored, for the duration of its validity or storage [...].<\/p>","protected":false},"author":1,"featured_media":0,"parent":0,"menu_order":0,"comment_status":"closed","ping_status":"closed","template":"","meta":{"_monsterinsights_skip_tracking":false,"_monsterinsights_sitenote_active":false,"_monsterinsights_sitenote_note":"","_monsterinsights_sitenote_category":0,"footnotes":""},"class_list":["post-186","page","type-page","status-publish","hentry"],"yoast_head":"<!-- This site is optimized with the Yoast SEO Premium plugin v22.1 (Yoast SEO v24.6) - https:\/\/yoast.com\/wordpress\/plugins\/seo\/ -->\n<title>Cookies - Provence Mat\u00e9riaux Anciens<\/title>\n<meta name=\"robots\" content=\"index, follow, max-snippet:-1, max-image-preview:large, max-video-preview:-1\" \/>\n<link rel=\"canonical\" href=\"https:\/\/provence-materiaux-anciens.com\/en\/cookies\/\" \/>\n<meta property=\"og:locale\" content=\"en_US\" \/>\n<meta property=\"og:type\" content=\"article\" \/>\n<meta property=\"og:title\" content=\"Cookies\" \/>\n<meta property=\"og:description\" content=\"Cookies Qu\u2019est-ce qu\u2019un cookie ? Un Cookie est un petit fichier texte enregistr\u00e9 sur votre terminal (ordinateur, tablette, smartphone, etc.), \u00e0 l\u2019occasion de la consultation d\u2019un service en ligne gr\u00e2ce \u00e0 votre logiciel de navigation. Il permet \u00e0 son \u00e9metteur d\u2019identifier le terminal dans lequel il est enregistr\u00e9, pendant la dur\u00e9e de validit\u00e9 ou d\u2019enregistrement [&hellip;]\" \/>\n<meta property=\"og:url\" content=\"https:\/\/provence-materiaux-anciens.com\/en\/cookies\/\" \/>\n<meta property=\"og:site_name\" content=\"Provence Mat\u00e9riaux Anciens\" \/>\n<meta property=\"article:publisher\" content=\"https:\/\/www.facebook.com\/provencemateriauxanciens\" \/>\n<meta property=\"article:modified_time\" content=\"2024-03-06T08:48:39+00:00\" \/>\n<meta name=\"twitter:card\" content=\"summary_large_image\" \/>\n<meta name=\"twitter:label1\" content=\"Est. reading time\" \/>\n\t<meta name=\"twitter:data1\" content=\"2 minutes\" \/>\n<script type=\"application\/ld+json\" class=\"yoast-schema-graph\">{\"@context\":\"https:\/\/schema.org\",\"@graph\":[{\"@type\":\"WebPage\",\"@id\":\"https:\/\/provence-materiaux-anciens.com\/cookies\/\",\"url\":\"https:\/\/provence-materiaux-anciens.com\/cookies\/\",\"name\":\"Cookies - Provence Mat\u00e9riaux Anciens\",\"isPartOf\":{\"@id\":\"https:\/\/provence-materiaux-anciens.com\/#website\"},\"datePublished\":\"2022-11-28T13:21:09+00:00\",\"dateModified\":\"2024-03-06T08:48:39+00:00\",\"breadcrumb\":{\"@id\":\"https:\/\/provence-materiaux-anciens.com\/cookies\/#breadcrumb\"},\"inLanguage\":\"en-US\",\"potentialAction\":[{\"@type\":\"ReadAction\",\"target\":[\"https:\/\/provence-materiaux-anciens.com\/cookies\/\"]}]},{\"@type\":\"BreadcrumbList\",\"@id\":\"https:\/\/provence-materiaux-anciens.com\/cookies\/#breadcrumb\",\"itemListElement\":[{\"@type\":\"ListItem\",\"position\":1,\"name\":\"Accueil\",\"item\":\"https:\/\/provence-materiaux-anciens.com\/fr\/\"},{\"@type\":\"ListItem\",\"position\":2,\"name\":\"Cookies\"}]},{\"@type\":\"WebSite\",\"@id\":\"https:\/\/provence-materiaux-anciens.com\/#website\",\"url\":\"https:\/\/provence-materiaux-anciens.com\/\",\"name\":\"Provence Mat\u00e9riaux Anciens\",\"description\":\"Achat et vente de mat\u00e9riaux anciens de construction, poutres, tuiles, planchers, charpentes, dallages, terres cuites.\",\"publisher\":{\"@id\":\"https:\/\/provence-materiaux-anciens.com\/#organization\"},\"potentialAction\":[{\"@type\":\"SearchAction\",\"target\":{\"@type\":\"EntryPoint\",\"urlTemplate\":\"https:\/\/provence-materiaux-anciens.com\/?s={search_term_string}\"},\"query-input\":{\"@type\":\"PropertyValueSpecification\",\"valueRequired\":true,\"valueName\":\"search_term_string\"}}],\"inLanguage\":\"en-US\"},{\"@type\":\"Organization\",\"@id\":\"https:\/\/provence-materiaux-anciens.com\/#organization\",\"name\":\"Provence Mat\u00e9riaux Anciens\",\"url\":\"https:\/\/provence-materiaux-anciens.com\/\",\"logo\":{\"@type\":\"ImageObject\",\"inLanguage\":\"en-US\",\"@id\":\"https:\/\/provence-materiaux-anciens.com\/#\/schema\/logo\/image\/\",\"url\":\"https:\/\/provence-materiaux-anciens.com\/wp-content\/uploads\/2022\/03\/cropped-logo-pma-web.png\",\"contentUrl\":\"https:\/\/provence-materiaux-anciens.com\/wp-content\/uploads\/2022\/03\/cropped-logo-pma-web.png\",\"width\":650,\"height\":434,\"caption\":\"Provence Mat\u00e9riaux Anciens\"},\"image\":{\"@id\":\"https:\/\/provence-materiaux-anciens.com\/#\/schema\/logo\/image\/\"},\"sameAs\":[\"https:\/\/www.facebook.com\/provencemateriauxanciens\",\"https:\/\/www.instagram.com\/provencemateriauxanciens\/\",\"https:\/\/www.pinterest.fr\/provencemateriauxanciens\/\"]}]}<\/script>\n<!-- \/ Yoast SEO Premium plugin. -->","yoast_head_json":{"title":"Cookies - Provence Antique Materials","robots":{"index":"index","follow":"follow","max-snippet":"max-snippet:-1","max-image-preview":"max-image-preview:large","max-video-preview":"max-video-preview:-1"},"canonical":"https:\/\/provence-materiaux-anciens.com\/en\/cookies\/","og_locale":"en_US","og_type":"article","og_title":"Cookies","og_description":"Cookies Qu\u2019est-ce qu\u2019un cookie ? Un Cookie est un petit fichier texte enregistr\u00e9 sur votre terminal (ordinateur, tablette, smartphone, etc.), \u00e0 l\u2019occasion de la consultation d\u2019un service en ligne gr\u00e2ce \u00e0 votre logiciel de navigation. Il permet \u00e0 son \u00e9metteur d\u2019identifier le terminal dans lequel il est enregistr\u00e9, pendant la dur\u00e9e de validit\u00e9 ou d\u2019enregistrement [&hellip;]","og_url":"https:\/\/provence-materiaux-anciens.com\/en\/cookies\/","og_site_name":"Provence Mat\u00e9riaux Anciens","article_publisher":"https:\/\/www.facebook.com\/provencemateriauxanciens","article_modified_time":"2024-03-06T08:48:39+00:00","twitter_card":"summary_large_image","twitter_misc":{"Est. reading time":"2 minutes"},"schema":{"@context":"https:\/\/schema.org","@graph":[{"@type":"WebPage","@id":"https:\/\/provence-materiaux-anciens.com\/cookies\/","url":"https:\/\/provence-materiaux-anciens.com\/cookies\/","name":"Cookies - Provence Antique Materials","isPartOf":{"@id":"https:\/\/provence-materiaux-anciens.com\/#website"},"datePublished":"2022-11-28T13:21:09+00:00","dateModified":"2024-03-06T08:48:39+00:00","breadcrumb":{"@id":"https:\/\/provence-materiaux-anciens.com\/cookies\/#breadcrumb"},"inLanguage":"en-US","potentialAction":[{"@type":"ReadAction","target":["https:\/\/provence-materiaux-anciens.com\/cookies\/"]}]},{"@type":"BreadcrumbList","@id":"https:\/\/provence-materiaux-anciens.com\/cookies\/#breadcrumb","itemListElement":[{"@type":"ListItem","position":1,"name":"Accueil","item":"https:\/\/provence-materiaux-anciens.com\/fr\/"},{"@type":"ListItem","position":2,"name":"Cookies"}]},{"@type":"WebSite","@id":"https:\/\/provence-materiaux-anciens.com\/#website","url":"https:\/\/provence-materiaux-anciens.com\/","name":"Provence Mat\u00e9riaux Anciens","description":"Purchase and sale of old building materials, beams, tiles, floors, frameworks, paving, terracotta.","publisher":{"@id":"https:\/\/provence-materiaux-anciens.com\/#organization"},"potentialAction":[{"@type":"SearchAction","target":{"@type":"EntryPoint","urlTemplate":"https:\/\/provence-materiaux-anciens.com\/?s={search_term_string}"},"query-input":{"@type":"PropertyValueSpecification","valueRequired":true,"valueName":"search_term_string"}}],"inLanguage":"en-US"},{"@type":"Organization","@id":"https:\/\/provence-materiaux-anciens.com\/#organization","name":"Provence Mat\u00e9riaux Anciens","url":"https:\/\/provence-materiaux-anciens.com\/","logo":{"@type":"ImageObject","inLanguage":"en-US","@id":"https:\/\/provence-materiaux-anciens.com\/#\/schema\/logo\/image\/","url":"https:\/\/provence-materiaux-anciens.com\/wp-content\/uploads\/2022\/03\/cropped-logo-pma-web.png","contentUrl":"https:\/\/provence-materiaux-anciens.com\/wp-content\/uploads\/2022\/03\/cropped-logo-pma-web.png","width":650,"height":434,"caption":"Provence Mat\u00e9riaux Anciens"},"image":{"@id":"https:\/\/provence-materiaux-anciens.com\/#\/schema\/logo\/image\/"},"sameAs":["https:\/\/www.facebook.com\/provencemateriauxanciens","https:\/\/www.instagram.com\/provencemateriauxanciens\/","https:\/\/www.pinterest.fr\/provencemateriauxanciens\/"]}]}},"_links":{"self":[{"href":"https:\/\/provence-materiaux-anciens.com\/en\/wp-json\/wp\/v2\/pages\/186","targetHints":{"allow":["GET"]}}],"collection":[{"href":"https:\/\/provence-materiaux-anciens.com\/en\/wp-json\/wp\/v2\/pages"}],"about":[{"href":"https:\/\/provence-materiaux-anciens.com\/en\/wp-json\/wp\/v2\/types\/page"}],"author":[{"embeddable":true,"href":"https:\/\/provence-materiaux-anciens.com\/en\/wp-json\/wp\/v2\/users\/1"}],"replies":[{"embeddable":true,"href":"https:\/\/provence-materiaux-anciens.com\/en\/wp-json\/wp\/v2\/comments?post=186"}],"version-history":[{"count":11,"href":"https:\/\/provence-materiaux-anciens.com\/en\/wp-json\/wp\/v2\/pages\/186\/revisions"}],"predecessor-version":[{"id":3532,"href":"https:\/\/provence-materiaux-anciens.com\/en\/wp-json\/wp\/v2\/pages\/186\/revisions\/3532"}],"wp:attachment":[{"href":"https:\/\/provence-materiaux-anciens.com\/en\/wp-json\/wp\/v2\/media?parent=186"}],"curies":[{"name":"wp","href":"https:\/\/api.w.org\/{rel}","templated":true}]}}