{"id":208,"date":"2022-11-28T13:32:16","date_gmt":"2022-11-28T13:32:16","guid":{"rendered":"https:\/\/provence-materiaux-anciens.com\/?page_id=208"},"modified":"2026-02-12T11:06:27","modified_gmt":"2026-02-12T11:06:27","slug":"privacy-policy","status":"publish","type":"page","link":"https:\/\/provence-materiaux-anciens.com\/en\/privacy-policy\/","title":{"rendered":"Privacy policy"},"content":{"rendered":"<div data-elementor-type=\"wp-page\" data-elementor-id=\"208\" class=\"elementor elementor-208\" data-elementor-post-type=\"page\">\n\t\t\t\t\t\t<section class=\"elementor-section elementor-top-section elementor-element elementor-element-e020f74 elementor-section-full_width elementor-section-height-min-height elementor-section-items-stretch elementor-section-stretched elementor-section-height-default\" data-id=\"e020f74\" data-element_type=\"section\" data-e-type=\"section\" data-settings=\"{&quot;stretch_section&quot;:&quot;section-stretched&quot;,&quot;background_background&quot;:&quot;classic&quot;}\">\n\t\t\t\t\t\t\t<div class=\"elementor-background-overlay\"><\/div>\n\t\t\t\t\t\t\t<div class=\"elementor-container elementor-column-gap-default\">\n\t\t\t\t\t<div class=\"elementor-column elementor-col-100 elementor-top-column elementor-element elementor-element-73a4a7f\" data-id=\"73a4a7f\" data-element_type=\"column\" data-e-type=\"column\">\n\t\t\t<div class=\"elementor-widget-wrap elementor-element-populated\">\n\t\t\t\t\t\t<div class=\"elementor-element elementor-element-7efb5d5 elementor-widget elementor-widget-global elementor-global-233 elementor-widget-heading\" data-id=\"7efb5d5\" data-element_type=\"widget\" data-e-type=\"widget\" data-widget_type=\"heading.default\">\n\t\t\t\t<div class=\"elementor-widget-container\">\n\t\t\t\t\t<h1 class=\"elementor-heading-title elementor-size-xl\">Privacy policy<\/h1>\t\t\t\t<\/div>\n\t\t\t\t<\/div>\n\t\t\t\t\t<\/div>\n\t\t<\/div>\n\t\t\t\t\t<\/div>\n\t\t<\/section>\n\t\t\t\t<section class=\"elementor-section elementor-top-section elementor-element elementor-element-7f96501 elementor-section-boxed elementor-section-height-default elementor-section-height-default\" data-id=\"7f96501\" data-element_type=\"section\" data-e-type=\"section\">\n\t\t\t\t\t\t<div class=\"elementor-container elementor-column-gap-default\">\n\t\t\t\t\t<div class=\"elementor-column elementor-col-100 elementor-top-column elementor-element elementor-element-c36c45e\" data-id=\"c36c45e\" data-element_type=\"column\" data-e-type=\"column\">\n\t\t\t<div class=\"elementor-widget-wrap elementor-element-populated\">\n\t\t\t\t\t\t<div class=\"elementor-element elementor-element-2b36e12 elementor-widget elementor-widget-text-editor\" data-id=\"2b36e12\" data-element_type=\"widget\" data-e-type=\"widget\" data-widget_type=\"text-editor.default\">\n\t\t\t\t<div class=\"elementor-widget-container\">\n\t\t\t\t\t\t\t\t\t<p>Welcome to the website : <a href=\"https:\/\/provence-materiaux-anciens.com\/en\/\" target=\"_blank\" rel=\"noopener\">https:\/\/provence-materiaux-anciens.com\/<\/a><\/p><p><strong>The person responsible for processing your personal data is Julien Chapelle, manager of Provence Mat\u00e9riaux Anciens :\u00a0<\/strong><\/p><p>Postal address: 43 Route de Beaucaire - 30300, Comps<\/p><p>On provence-materiaux-anciens.com, you send us information by communicating with us. Mandatory fields are indicated as such on the forms. We undertake to collect and process your data lawfully, fairly and transparently, in accordance with the law.\u00a0<a href=\"https:\/\/www.cnil.fr\/fr\/reglement-europeen-protection-donnees\">European General Data Protection Regulation<\/a>\u00a0(\"RGPD\") and the\u00a0<a href=\"https:\/\/www.cnil.fr\/fr\/loi-78-17-du-6-janvier-1978-modifiee\">French Data Protection Act of 1978<\/a>\u00a0(\"LIL\").<\/p><p>We hereby endeavor to provide transparent answers to the following questions: What cookies are installed on the site? What other categories of personal data do we process? For what purposes? On what legal grounds? What are your rights? How can you exercise them? How long is the data kept? You will also find our commitments in terms of subcontracting, transfers, communication to third parties and in the event of a security breach.<\/p><p>If you have any queries or complaints, please do not hesitate to contact us.<\/p><h2>Use of personal data collected<\/h2><p><strong>Data and information required to leave us a message on the Contact page<\/strong>. To leave us a message on the <a href=\"https:\/\/provence-materiaux-anciens.com\/en\/contacts\/\" target=\"_blank\" rel=\"noopener\">Contact<\/a>We ask you to provide a first and last name and an e-mail address.<\/p><p>Your name and e-mail address will be sent by e-mail to the manager of Provence Mat\u00e9riaux Anciens.<\/p><p><strong>Cookies<\/strong>. See our <a href=\"https:\/\/provence-materiaux-anciens.com\/en\/cookies\/\" target=\"_blank\" rel=\"noopener\">Cookie policy<\/a>.<\/p><p><strong>Embedded content from other sites.\u00a0<\/strong>Articles on this site may include embedded content (e.g. videos, images, articles, etc.). Embedded content from other sites behaves in the same way as if the visitor were visiting that other site.<\/p><p>These websites may collect data about you, use cookies, embed third-party tracking tools, track your interactions with these embedded contents if you have a logged-in account on their website.<\/p><h2>For what purposes is this data collected?<\/h2><p>The registration data you provide enables us to manage messages left on the contact page.<\/p><h2>How long is your data stored?<\/h2><p>The data is kept until the site is no longer online.<\/p><p>We also have obligations to retain connection data in accordance with the\u00a0<a href=\"https:\/\/www.legifrance.gouv.fr\/affichTexte.do?cidTexte=JORFTEXT000023646013&amp;dateTexte=20190111\" target=\"_blank\" rel=\"noopener\">decree no. 2011-219 of February 25, 2011 on the storage and communication of data identifying any person having contributed to the creation of content posted online<\/a>.<\/p><h2>Data storage periods<\/h2><p>If you leave a message, it and its metadata are retained indefinitely. This makes it possible to automatically recognize and approve subsequent messages, rather than leaving them in the moderation queue.<\/p><h2>The rights you have over your data<\/h2><p>If you do not wish to be identified, we recommend that you participate under a pseudonym, that you do not show your face in a photo, that you do not provide links to your personal accounts on social networks or any element that would allow you to be identified directly or indirectly.<\/p><p>Within the limits of the law, you have the right to access and obtain a copy of the data concerning you, to object to the processing of this data, to have it rectified or deleted. You also have the right to limit the processing of your data.<\/p><p>Requests to exercise your rights may be sent to the data controller by post (Provence Mat\u00e9riaux Anciens, 43 Route de Beaucaire - Comps) or by e-mail.\u00a0<strong>contact.pma@orange.fr<\/strong><\/p><p>If, after contacting us, you feel that your data rights have not been respected, you can lodge a complaint with the CNIL.<\/p><p><a href=\"https:\/\/www.cnil.fr\/fr\/les-droits-pour-maitriser-vos-donnees-personnelles\" target=\"_blank\" rel=\"noopener\">See the CNIL website for more information on your rights<\/a>.<\/p><p>You may ask to receive a file containing all the personal data we hold about you, including that which you have provided to us. You may also request the deletion of your personal data. This does not include data stored for administrative, legal or security purposes.<\/p><h2>Transmission of your personal data<\/h2><p><strong>Your personal data is for internal use only. It is strictly confidential and may not be divulged to third parties, except with your express consent or if you have decided to make it public.<\/strong><\/p><p>If we disclose your personal data to a third party, regardless of its status, we will first ensure that the third party is bound by the same confidentiality conditions as we are.<\/p><p>We undertake to (i) ensure that any processor, presents sufficient and appropriate contractual guarantees to respect your rights, so that the processing meets the requirements of the GDPR and (ii) comply with the\u00a0<a href=\"https:\/\/www.cnil.fr\/fr\/reglement-europeen-protection-donnees\/chapitre5\" target=\"_blank\" rel=\"noopener\">provisions<\/a>\u00a0of the RGPD applicable to data transfers.<\/p><p>On the basis of our legal obligations, your personal data may be disclosed in application of a law, regulation or by virtue of a decision by a competent regulatory or judicial authority.<\/p><p>We collect information about visitors who comment with the Akismet plugin. The information collected depends on the Akismet settings made by the user on the site, and generally includes the IP address of those who contact us, the user agent, the referrer and the site URL (as well as other information provided directly, such as name, e-mail).<\/p><h2>Information in the event of a data breach<\/h2><p>We undertake to implement all appropriate technical and organizational measures using physical and logistical security measures to guarantee a level of security appropriate to the risks of accidental, unauthorized or illegal access, disclosure, alteration, loss or destruction of your personal data.<\/p><p>In the event that we become aware of unlawful access to your personal data stored on our servers or those of our service providers, or of unauthorized access resulting in the risks identified above, we undertake to :<\/p><ul><li>Notify you of the incident as soon as possible if it is likely to result in a high risk to your rights and freedoms;<\/li><li>Examine the causes of the incident;<\/li><li>Take reasonable steps to mitigate any adverse effects and damages that may result from the incident.<\/li><\/ul><p>Under no circumstances may the commitments defined in the above point be assimilated to any recognition of fault or responsibility for the occurrence of the incident in question.<\/p><h2>Applicable law and language<\/h2><p>This Privacy Policy is governed by French law. It is written in French. Should it be translated into one or more languages, only the French text will be deemed authentic in the event of a dispute. The nullity of a clause does not entail the nullity of the Privacy Policy. The temporary or permanent non-application of one or more of the clauses herein shall not constitute a waiver of the others.<\/p>\t\t\t\t\t\t\t\t<\/div>\n\t\t\t\t<\/div>\n\t\t\t\t\t<\/div>\n\t\t<\/div>\n\t\t\t\t\t<\/div>\n\t\t<\/section>\n\t\t\t\t<\/div>","protected":false},"excerpt":{"rendered":"<p>Privacy policy Welcome to the website: https:\/\/provence-materiaux-anciens.com\/ The person responsible for processing your personal data is Julien Chapelle, manager of Provence Mat\u00e9riaux Anciens :  Postal address: 43 Route de Beaucaire - 30300, Comps On provence-materiaux-anciens.com, you send us information by communicating with us. Required fields are indicated as such [...]<\/p>","protected":false},"author":1,"featured_media":0,"parent":0,"menu_order":0,"comment_status":"closed","ping_status":"closed","template":"","meta":{"_monsterinsights_skip_tracking":false,"_monsterinsights_sitenote_active":false,"_monsterinsights_sitenote_note":"","_monsterinsights_sitenote_category":0,"footnotes":""},"class_list":["post-208","page","type-page","status-publish","hentry"],"yoast_head":"<!-- This site is optimized with the Yoast SEO Premium plugin v22.1 (Yoast SEO v24.6) - https:\/\/yoast.com\/wordpress\/plugins\/seo\/ -->\n<title>Politiques de confidentialit\u00e9s - Provence Mat\u00e9riaux Anciens<\/title>\n<meta name=\"robots\" content=\"index, follow, max-snippet:-1, max-image-preview:large, max-video-preview:-1\" \/>\n<link rel=\"canonical\" href=\"https:\/\/provence-materiaux-anciens.com\/en\/privacy-policy\/\" \/>\n<meta property=\"og:locale\" content=\"en_US\" \/>\n<meta property=\"og:type\" content=\"article\" \/>\n<meta property=\"og:title\" content=\"Politiques de confidentialit\u00e9s\" \/>\n<meta property=\"og:description\" content=\"Politiques de confidentialit\u00e9s Bienvenue sur le site web : https:\/\/provence-materiaux-anciens.com\/ La responsable de traitement de vos donn\u00e9es personnelles est Julien Chapelle, g\u00e9rant de Provence Mat\u00e9riaux Anciens :\u00a0 Adresse postale : 43 Route de Beaucaire \u2013 30300, Comps Sur provence-materiaux-anciens.com, vous nous transmettez des informations en communiquant avec nous. Les champs obligatoires sont indiqu\u00e9s comme tels [&hellip;]\" \/>\n<meta property=\"og:url\" content=\"https:\/\/provence-materiaux-anciens.com\/en\/privacy-policy\/\" \/>\n<meta property=\"og:site_name\" content=\"Provence Mat\u00e9riaux Anciens\" \/>\n<meta property=\"article:publisher\" content=\"https:\/\/www.facebook.com\/provencemateriauxanciens\" \/>\n<meta property=\"article:modified_time\" content=\"2026-02-12T11:06:27+00:00\" \/>\n<meta name=\"twitter:card\" content=\"summary_large_image\" \/>\n<meta name=\"twitter:label1\" content=\"Est. reading time\" \/>\n\t<meta name=\"twitter:data1\" content=\"6 minutes\" \/>\n<script type=\"application\/ld+json\" class=\"yoast-schema-graph\">{\"@context\":\"https:\/\/schema.org\",\"@graph\":[{\"@type\":\"WebPage\",\"@id\":\"https:\/\/provence-materiaux-anciens.com\/fr\/politiques-de-confidentialites\/\",\"url\":\"https:\/\/provence-materiaux-anciens.com\/fr\/politiques-de-confidentialites\/\",\"name\":\"Politiques de confidentialit\u00e9s - Provence Mat\u00e9riaux Anciens\",\"isPartOf\":{\"@id\":\"https:\/\/provence-materiaux-anciens.com\/#website\"},\"datePublished\":\"2022-11-28T13:32:16+00:00\",\"dateModified\":\"2026-02-12T11:06:27+00:00\",\"breadcrumb\":{\"@id\":\"https:\/\/provence-materiaux-anciens.com\/fr\/politiques-de-confidentialites\/#breadcrumb\"},\"inLanguage\":\"en-US\",\"potentialAction\":[{\"@type\":\"ReadAction\",\"target\":[\"https:\/\/provence-materiaux-anciens.com\/fr\/politiques-de-confidentialites\/\"]}]},{\"@type\":\"BreadcrumbList\",\"@id\":\"https:\/\/provence-materiaux-anciens.com\/fr\/politiques-de-confidentialites\/#breadcrumb\",\"itemListElement\":[{\"@type\":\"ListItem\",\"position\":1,\"name\":\"Accueil\",\"item\":\"https:\/\/provence-materiaux-anciens.com\/fr\/\"},{\"@type\":\"ListItem\",\"position\":2,\"name\":\"Politiques de confidentialit\u00e9s\"}]},{\"@type\":\"WebSite\",\"@id\":\"https:\/\/provence-materiaux-anciens.com\/#website\",\"url\":\"https:\/\/provence-materiaux-anciens.com\/\",\"name\":\"Provence Mat\u00e9riaux Anciens\",\"description\":\"Achat et vente de mat\u00e9riaux anciens de construction, poutres, tuiles, planchers, charpentes, dallages, terres cuites.\",\"publisher\":{\"@id\":\"https:\/\/provence-materiaux-anciens.com\/#organization\"},\"potentialAction\":[{\"@type\":\"SearchAction\",\"target\":{\"@type\":\"EntryPoint\",\"urlTemplate\":\"https:\/\/provence-materiaux-anciens.com\/?s={search_term_string}\"},\"query-input\":{\"@type\":\"PropertyValueSpecification\",\"valueRequired\":true,\"valueName\":\"search_term_string\"}}],\"inLanguage\":\"en-US\"},{\"@type\":\"Organization\",\"@id\":\"https:\/\/provence-materiaux-anciens.com\/#organization\",\"name\":\"Provence Mat\u00e9riaux Anciens\",\"url\":\"https:\/\/provence-materiaux-anciens.com\/\",\"logo\":{\"@type\":\"ImageObject\",\"inLanguage\":\"en-US\",\"@id\":\"https:\/\/provence-materiaux-anciens.com\/#\/schema\/logo\/image\/\",\"url\":\"https:\/\/provence-materiaux-anciens.com\/wp-content\/uploads\/2022\/03\/cropped-logo-pma-web.png\",\"contentUrl\":\"https:\/\/provence-materiaux-anciens.com\/wp-content\/uploads\/2022\/03\/cropped-logo-pma-web.png\",\"width\":650,\"height\":434,\"caption\":\"Provence Mat\u00e9riaux Anciens\"},\"image\":{\"@id\":\"https:\/\/provence-materiaux-anciens.com\/#\/schema\/logo\/image\/\"},\"sameAs\":[\"https:\/\/www.facebook.com\/provencemateriauxanciens\",\"https:\/\/www.instagram.com\/provencemateriauxanciens\/\",\"https:\/\/www.pinterest.fr\/provencemateriauxanciens\/\"]}]}<\/script>\n<!-- \/ Yoast SEO Premium plugin. -->","yoast_head_json":{"title":"Privacy policy - Provence Mat\u00e9riaux Anciens","robots":{"index":"index","follow":"follow","max-snippet":"max-snippet:-1","max-image-preview":"max-image-preview:large","max-video-preview":"max-video-preview:-1"},"canonical":"https:\/\/provence-materiaux-anciens.com\/en\/privacy-policy\/","og_locale":"en_US","og_type":"article","og_title":"Politiques de confidentialit\u00e9s","og_description":"Politiques de confidentialit\u00e9s Bienvenue sur le site web : https:\/\/provence-materiaux-anciens.com\/ La responsable de traitement de vos donn\u00e9es personnelles est Julien Chapelle, g\u00e9rant de Provence Mat\u00e9riaux Anciens :\u00a0 Adresse postale : 43 Route de Beaucaire \u2013 30300, Comps Sur provence-materiaux-anciens.com, vous nous transmettez des informations en communiquant avec nous. Les champs obligatoires sont indiqu\u00e9s comme tels [&hellip;]","og_url":"https:\/\/provence-materiaux-anciens.com\/en\/privacy-policy\/","og_site_name":"Provence Mat\u00e9riaux Anciens","article_publisher":"https:\/\/www.facebook.com\/provencemateriauxanciens","article_modified_time":"2026-02-12T11:06:27+00:00","twitter_card":"summary_large_image","twitter_misc":{"Est. reading time":"6 minutes"},"schema":{"@context":"https:\/\/schema.org","@graph":[{"@type":"WebPage","@id":"https:\/\/provence-materiaux-anciens.com\/fr\/politiques-de-confidentialites\/","url":"https:\/\/provence-materiaux-anciens.com\/fr\/politiques-de-confidentialites\/","name":"Privacy policy - Provence Mat\u00e9riaux Anciens","isPartOf":{"@id":"https:\/\/provence-materiaux-anciens.com\/#website"},"datePublished":"2022-11-28T13:32:16+00:00","dateModified":"2026-02-12T11:06:27+00:00","breadcrumb":{"@id":"https:\/\/provence-materiaux-anciens.com\/fr\/politiques-de-confidentialites\/#breadcrumb"},"inLanguage":"en-US","potentialAction":[{"@type":"ReadAction","target":["https:\/\/provence-materiaux-anciens.com\/fr\/politiques-de-confidentialites\/"]}]},{"@type":"BreadcrumbList","@id":"https:\/\/provence-materiaux-anciens.com\/fr\/politiques-de-confidentialites\/#breadcrumb","itemListElement":[{"@type":"ListItem","position":1,"name":"Accueil","item":"https:\/\/provence-materiaux-anciens.com\/fr\/"},{"@type":"ListItem","position":2,"name":"Politiques de confidentialit\u00e9s"}]},{"@type":"WebSite","@id":"https:\/\/provence-materiaux-anciens.com\/#website","url":"https:\/\/provence-materiaux-anciens.com\/","name":"Provence Mat\u00e9riaux Anciens","description":"Purchase and sale of old building materials, beams, tiles, floors, frameworks, paving, terracotta.","publisher":{"@id":"https:\/\/provence-materiaux-anciens.com\/#organization"},"potentialAction":[{"@type":"SearchAction","target":{"@type":"EntryPoint","urlTemplate":"https:\/\/provence-materiaux-anciens.com\/?s={search_term_string}"},"query-input":{"@type":"PropertyValueSpecification","valueRequired":true,"valueName":"search_term_string"}}],"inLanguage":"en-US"},{"@type":"Organization","@id":"https:\/\/provence-materiaux-anciens.com\/#organization","name":"Provence Mat\u00e9riaux Anciens","url":"https:\/\/provence-materiaux-anciens.com\/","logo":{"@type":"ImageObject","inLanguage":"en-US","@id":"https:\/\/provence-materiaux-anciens.com\/#\/schema\/logo\/image\/","url":"https:\/\/provence-materiaux-anciens.com\/wp-content\/uploads\/2022\/03\/cropped-logo-pma-web.png","contentUrl":"https:\/\/provence-materiaux-anciens.com\/wp-content\/uploads\/2022\/03\/cropped-logo-pma-web.png","width":650,"height":434,"caption":"Provence Mat\u00e9riaux Anciens"},"image":{"@id":"https:\/\/provence-materiaux-anciens.com\/#\/schema\/logo\/image\/"},"sameAs":["https:\/\/www.facebook.com\/provencemateriauxanciens","https:\/\/www.instagram.com\/provencemateriauxanciens\/","https:\/\/www.pinterest.fr\/provencemateriauxanciens\/"]}]}},"_links":{"self":[{"href":"https:\/\/provence-materiaux-anciens.com\/en\/wp-json\/wp\/v2\/pages\/208","targetHints":{"allow":["GET"]}}],"collection":[{"href":"https:\/\/provence-materiaux-anciens.com\/en\/wp-json\/wp\/v2\/pages"}],"about":[{"href":"https:\/\/provence-materiaux-anciens.com\/en\/wp-json\/wp\/v2\/types\/page"}],"author":[{"embeddable":true,"href":"https:\/\/provence-materiaux-anciens.com\/en\/wp-json\/wp\/v2\/users\/1"}],"replies":[{"embeddable":true,"href":"https:\/\/provence-materiaux-anciens.com\/en\/wp-json\/wp\/v2\/comments?post=208"}],"version-history":[{"count":20,"href":"https:\/\/provence-materiaux-anciens.com\/en\/wp-json\/wp\/v2\/pages\/208\/revisions"}],"predecessor-version":[{"id":7250,"href":"https:\/\/provence-materiaux-anciens.com\/en\/wp-json\/wp\/v2\/pages\/208\/revisions\/7250"}],"wp:attachment":[{"href":"https:\/\/provence-materiaux-anciens.com\/en\/wp-json\/wp\/v2\/media?parent=208"}],"curies":[{"name":"wp","href":"https:\/\/api.w.org\/{rel}","templated":true}]}}