{"id":1058,"date":"2022-12-02T18:51:36","date_gmt":"2022-12-02T18:51:36","guid":{"rendered":"https:\/\/provence-materiaux-anciens.com\/?post_type=product&#038;p=1058"},"modified":"2024-03-06T08:56:48","modified_gmt":"2024-03-06T08:56:48","slug":"ancient-wallet","status":"publish","type":"product","link":"https:\/\/provence-materiaux-anciens.com\/en\/product\/floors\/antique-terracotta\/antique-wallet\/ancient-wallet\/","title":{"rendered":"Hand Made French Terra cotta Tiles"},"content":{"rendered":"<p><span style=\"font-weight: 400;\">Looking for a sturdy, weather-resistant floor covering? Then you absolutely must try our <\/span><b>Hand Made French Terra cotta Tiles<\/b><span style=\"font-weight: 400;\"> !<\/span><\/p>\n<p><span style=\"font-weight: 400;\">Nothing pleases us more than total customer satisfaction. That's why we strive for perfection every day.\u00a0<\/span><\/p>\n<p><span style=\"font-weight: 400;\">Our <\/span><b>Hand Made French Terra cotta Tiles<\/b><span style=\"font-weight: 400;\"> is undoubtedly one of our finest works. It's an antique parefeuille, whose physical appearance alone will seduce more than one person. Made from old-fashioned terracotta, this light yellow parefeuille will enhance your living environment.<\/span><\/p>\n<h3><b>A delicately crafted wallet protector<\/b><\/h3>\n<p><span style=\"font-weight: 400;\">If you look closely at our Hand Made French Terracotta Tiles, you'll notice that it has a fairly smooth texture. We took ample time to optimally process the earth from which this parefeuille was made. Heated to a very high temperature, these earths have been stripped of all impurities for impeccable results. They are very pleasant to the touch.\u00a0<\/span><\/p>\n<h3><b>A tough, durable coating!<\/b><\/h3>\n<p><span style=\"font-weight: 400;\">As mentioned above, our Hand Made French Terracotta Tiles is made by heating ancient earthenware at very high temperatures. As a result, it is a very strong, weather-resistant product. In the face of impact, this parefeuille will be particularly resilient, so as not to suffer any damage.<\/span><\/p>\n<p><span style=\"font-weight: 400;\">On the other hand, neither bacteria nor mildew will alter the quality of this parefeuille. So, whether you're decorating indoors or out, our Old Wallet is the perfect choice.\u00a0<\/span><\/p>\n<h3><b>Be in tune with nature with this ecological wallet protector<\/b><\/h3>\n<p><span style=\"font-weight: 400;\">The issue of environmental protection is becoming more and more important every year. It's everybody's business. That's why you can help protect our planet by adopting this eco-friendly coating. It is 100% natural, and poses no health or environmental risk.\u00a0<\/span><\/p>\n<p><span style=\"font-weight: 400;\">Choose our <\/span><b>Hand Made French Terra cotta Tiles<\/b><span style=\"font-weight: 400;\"> for a healthy and pleasant living environment!<\/span><\/p>","protected":false},"excerpt":{"rendered":"<h2><span style=\"font-size: 14pt;\"><strong>Ref:<\/strong> Vieux parefeuille (Mireval Car002)<\/span><\/h2>\n<ul>\n<li><strong>Materials<\/strong> Antique terracotta<\/li>\n<li><strong>Length<\/strong> : 36 - 37 cm<\/li>\n<li><b>Width <\/b>: 20 - 22 cm<\/li>\n<li><strong>Thickness<\/strong> 2.5 to 3 cm<\/li>\n<li><b>Availability<\/b> : Random, don't hesitate to contact us<a href=\"https:\/\/provence-materiaux-anciens.com\/en\/contact\/\"> contact<\/a> if you wish to know the availability of the product<\/li>\n<\/ul>\n<p>&nbsp;<\/p>\n<p>Vintage parefeuille available in large quantities. This light yellow, hand-crafted parefeuille dates back to the 19th century and originates from the H\u00e9rault department. In the past, parefeuille was used on roofs, with tiles laid on top. Antique parefeuille can be installed both inside and outside your project.<\/p>\n<p>We recommend that you treat <strong>\"Mireval<\/strong> with our product <a href=\"https:\/\/provence-materiaux-anciens.com\/en\/product\/floors\/soil-treatment\/provence-natural-floor\/\">Provence Natural Floor.<\/a><\/p>\n<p>For antique leaf screens in more variegated shades, see our <a href=\"https:\/\/provence-materiaux-anciens.com\/en\/product\/antique-wallet\/\">antique portfolios from N\u00eemes<\/a>.<\/p>","protected":false},"featured_media":3418,"template":"","meta":{"_monsterinsights_skip_tracking":false,"_monsterinsights_sitenote_active":false,"_monsterinsights_sitenote_note":"","_monsterinsights_sitenote_category":0},"product_brand":[],"product_cat":[34,32,33],"product_tag":[146,144],"class_list":{"0":"post-1058","1":"product","2":"type-product","3":"status-publish","4":"has-post-thumbnail","6":"product_cat-parefeuille-ancien","7":"product_cat-sols","8":"product_cat-terre-cuite-ancienne","9":"product_tag-parefeuille","10":"product_tag-vieux","12":"first","13":"instock","14":"shipping-taxable","15":"product-type-simple"},"yoast_head":"<!-- This site is optimized with the Yoast SEO Premium plugin v22.1 (Yoast SEO v24.6) - https:\/\/yoast.com\/wordpress\/plugins\/seo\/ -->\n<title>Vieux Parefeuille - Provence Mat\u00e9riaux Anciens<\/title>\n<meta name=\"robots\" content=\"index, follow, max-snippet:-1, max-image-preview:large, max-video-preview:-1\" \/>\n<link rel=\"canonical\" href=\"https:\/\/provence-materiaux-anciens.com\/en\/product\/floors\/antique-terracotta\/antique-wallet\/ancient-wallet\/\" \/>\n<meta property=\"og:locale\" content=\"en_US\" \/>\n<meta property=\"og:type\" content=\"article\" \/>\n<meta property=\"og:title\" content=\"Vieux Parefeuille\" \/>\n<meta property=\"og:description\" content=\"Ref: Vieux parefeuille (Mireval Car002)   Mat\u00e9riaux : Terre cuite ancienne  Longueur : 36 - 37 cm  Largeur : 20 - 22 cm  \u00c9paisseur : 2.5 \u00e0 3 cm  Disponibilit\u00e9 : Al\u00e9atoire, n&#039;h\u00e9sitez pas \u00e0 nous contacter si vous souhaitez savoir la disponibilit\u00e9 du produit  &nbsp;  Vieux parefeuille disponible en grande quantit\u00e9. Ce parefeuille ancien de teinte jaune clair, fa\u00e7onn\u00e9 \u00e0 la main, date du XIX\u00e8me si\u00e8cle et est originaire du d\u00e9partement de l&#039;H\u00e9rault. Dans le temps les parefeuilles \u00e9taient utilis\u00e9s en toiture et les tuiles \u00e9taient pos\u00e9es par dessus. Les parefeuilles anciens peuvent \u00eatre install\u00e9s \u00e0 l&#039;int\u00e9rieur et \u00e0 l&#039;ext\u00e9rieur de vos projets.  Nous vous recommandons de traiter les parefeuilles &quot;Mireval&quot; avec notre produit Provence Natural Floor.  Pour des parefeuilles anciens avec des teintes plus panach\u00e9es, voir nos parefeuilles anciens de N\u00eemes.\" \/>\n<meta property=\"og:url\" content=\"https:\/\/provence-materiaux-anciens.com\/en\/product\/floors\/antique-terracotta\/antique-wallet\/ancient-wallet\/\" \/>\n<meta property=\"og:site_name\" content=\"Provence Mat\u00e9riaux Anciens\" \/>\n<meta property=\"article:publisher\" content=\"https:\/\/www.facebook.com\/provencemateriauxanciens\" \/>\n<meta property=\"article:modified_time\" content=\"2024-03-06T08:56:48+00:00\" \/>\n<meta property=\"og:image\" content=\"https:\/\/provence-materiaux-anciens.com\/wp-content\/uploads\/2022\/12\/vieux-parefeuille02-1.jpg\" \/>\n\t<meta property=\"og:image:width\" content=\"600\" \/>\n\t<meta property=\"og:image:height\" content=\"600\" \/>\n\t<meta property=\"og:image:type\" content=\"image\/jpeg\" \/>\n<meta name=\"twitter:card\" content=\"summary_large_image\" \/>\n<meta name=\"twitter:label1\" content=\"Est. reading time\" \/>\n\t<meta name=\"twitter:data1\" content=\"2 minutes\" \/>\n<script type=\"application\/ld+json\" class=\"yoast-schema-graph\">{\"@context\":\"https:\/\/schema.org\",\"@graph\":[{\"@type\":\"WebPage\",\"@id\":\"https:\/\/provence-materiaux-anciens.com\/produit\/sols\/terre-cuite-ancienne\/parefeuille-ancien\/vieux-parefeuille\/\",\"url\":\"https:\/\/provence-materiaux-anciens.com\/produit\/sols\/terre-cuite-ancienne\/parefeuille-ancien\/vieux-parefeuille\/\",\"name\":\"Vieux Parefeuille - Provence Mat\u00e9riaux Anciens\",\"isPartOf\":{\"@id\":\"https:\/\/provence-materiaux-anciens.com\/#website\"},\"primaryImageOfPage\":{\"@id\":\"https:\/\/provence-materiaux-anciens.com\/produit\/sols\/terre-cuite-ancienne\/parefeuille-ancien\/vieux-parefeuille\/#primaryimage\"},\"image\":{\"@id\":\"https:\/\/provence-materiaux-anciens.com\/produit\/sols\/terre-cuite-ancienne\/parefeuille-ancien\/vieux-parefeuille\/#primaryimage\"},\"thumbnailUrl\":\"https:\/\/provence-materiaux-anciens.com\/wp-content\/uploads\/2022\/12\/vieux-parefeuille02-1.jpg\",\"datePublished\":\"2022-12-02T18:51:36+00:00\",\"dateModified\":\"2024-03-06T08:56:48+00:00\",\"breadcrumb\":{\"@id\":\"https:\/\/provence-materiaux-anciens.com\/produit\/sols\/terre-cuite-ancienne\/parefeuille-ancien\/vieux-parefeuille\/#breadcrumb\"},\"inLanguage\":\"en-US\",\"potentialAction\":[{\"@type\":\"ReadAction\",\"target\":[\"https:\/\/provence-materiaux-anciens.com\/produit\/sols\/terre-cuite-ancienne\/parefeuille-ancien\/vieux-parefeuille\/\"]}]},{\"@type\":\"ImageObject\",\"inLanguage\":\"en-US\",\"@id\":\"https:\/\/provence-materiaux-anciens.com\/produit\/sols\/terre-cuite-ancienne\/parefeuille-ancien\/vieux-parefeuille\/#primaryimage\",\"url\":\"https:\/\/provence-materiaux-anciens.com\/wp-content\/uploads\/2022\/12\/vieux-parefeuille02-1.jpg\",\"contentUrl\":\"https:\/\/provence-materiaux-anciens.com\/wp-content\/uploads\/2022\/12\/vieux-parefeuille02-1.jpg\",\"width\":600,\"height\":600,\"caption\":\"vieux parefeuille\"},{\"@type\":\"BreadcrumbList\",\"@id\":\"https:\/\/provence-materiaux-anciens.com\/produit\/sols\/terre-cuite-ancienne\/parefeuille-ancien\/vieux-parefeuille\/#breadcrumb\",\"itemListElement\":[{\"@type\":\"ListItem\",\"position\":1,\"name\":\"Accueil\",\"item\":\"https:\/\/provence-materiaux-anciens.com\/fr\/\"},{\"@type\":\"ListItem\",\"position\":2,\"name\":\"Produits\",\"item\":\"https:\/\/provence-materiaux-anciens.com\/produit\/\"},{\"@type\":\"ListItem\",\"position\":3,\"name\":\"Vieux Parefeuille\"}]},{\"@type\":\"WebSite\",\"@id\":\"https:\/\/provence-materiaux-anciens.com\/#website\",\"url\":\"https:\/\/provence-materiaux-anciens.com\/\",\"name\":\"Provence Mat\u00e9riaux Anciens\",\"description\":\"Achat et vente de mat\u00e9riaux anciens de construction, poutres, tuiles, planchers, charpentes, dallages, terres cuites.\",\"publisher\":{\"@id\":\"https:\/\/provence-materiaux-anciens.com\/#organization\"},\"potentialAction\":[{\"@type\":\"SearchAction\",\"target\":{\"@type\":\"EntryPoint\",\"urlTemplate\":\"https:\/\/provence-materiaux-anciens.com\/?s={search_term_string}\"},\"query-input\":{\"@type\":\"PropertyValueSpecification\",\"valueRequired\":true,\"valueName\":\"search_term_string\"}}],\"inLanguage\":\"en-US\"},{\"@type\":\"Organization\",\"@id\":\"https:\/\/provence-materiaux-anciens.com\/#organization\",\"name\":\"Provence Mat\u00e9riaux Anciens\",\"url\":\"https:\/\/provence-materiaux-anciens.com\/\",\"logo\":{\"@type\":\"ImageObject\",\"inLanguage\":\"en-US\",\"@id\":\"https:\/\/provence-materiaux-anciens.com\/#\/schema\/logo\/image\/\",\"url\":\"https:\/\/provence-materiaux-anciens.com\/wp-content\/uploads\/2022\/03\/cropped-logo-pma-web.png\",\"contentUrl\":\"https:\/\/provence-materiaux-anciens.com\/wp-content\/uploads\/2022\/03\/cropped-logo-pma-web.png\",\"width\":650,\"height\":434,\"caption\":\"Provence Mat\u00e9riaux Anciens\"},\"image\":{\"@id\":\"https:\/\/provence-materiaux-anciens.com\/#\/schema\/logo\/image\/\"},\"sameAs\":[\"https:\/\/www.facebook.com\/provencemateriauxanciens\",\"https:\/\/www.instagram.com\/provencemateriauxanciens\/\",\"https:\/\/www.pinterest.fr\/provencemateriauxanciens\/\"]}]}<\/script>\n<!-- \/ Yoast SEO Premium plugin. -->","yoast_head_json":{"title":"Vieux Parefeuille - Provence Antique Materials","robots":{"index":"index","follow":"follow","max-snippet":"max-snippet:-1","max-image-preview":"max-image-preview:large","max-video-preview":"max-video-preview:-1"},"canonical":"https:\/\/provence-materiaux-anciens.com\/en\/product\/floors\/antique-terracotta\/antique-wallet\/ancient-wallet\/","og_locale":"en_US","og_type":"article","og_title":"Vieux Parefeuille","og_description":"Ref: Vieux parefeuille (Mireval Car002)   Mat\u00e9riaux : Terre cuite ancienne  Longueur : 36 - 37 cm  Largeur : 20 - 22 cm  \u00c9paisseur : 2.5 \u00e0 3 cm  Disponibilit\u00e9 : Al\u00e9atoire, n'h\u00e9sitez pas \u00e0 nous contacter si vous souhaitez savoir la disponibilit\u00e9 du produit  &nbsp;  Vieux parefeuille disponible en grande quantit\u00e9. Ce parefeuille ancien de teinte jaune clair, fa\u00e7onn\u00e9 \u00e0 la main, date du XIX\u00e8me si\u00e8cle et est originaire du d\u00e9partement de l'H\u00e9rault. Dans le temps les parefeuilles \u00e9taient utilis\u00e9s en toiture et les tuiles \u00e9taient pos\u00e9es par dessus. Les parefeuilles anciens peuvent \u00eatre install\u00e9s \u00e0 l'int\u00e9rieur et \u00e0 l'ext\u00e9rieur de vos projets.  Nous vous recommandons de traiter les parefeuilles \"Mireval\" avec notre produit Provence Natural Floor.  Pour des parefeuilles anciens avec des teintes plus panach\u00e9es, voir nos parefeuilles anciens de N\u00eemes.","og_url":"https:\/\/provence-materiaux-anciens.com\/en\/product\/floors\/antique-terracotta\/antique-wallet\/ancient-wallet\/","og_site_name":"Provence Mat\u00e9riaux Anciens","article_publisher":"https:\/\/www.facebook.com\/provencemateriauxanciens","article_modified_time":"2024-03-06T08:56:48+00:00","og_image":[{"width":600,"height":600,"url":"https:\/\/provence-materiaux-anciens.com\/wp-content\/uploads\/2022\/12\/vieux-parefeuille02-1.jpg","type":"image\/jpeg"}],"twitter_card":"summary_large_image","twitter_misc":{"Est. reading time":"2 minutes"},"schema":{"@context":"https:\/\/schema.org","@graph":[{"@type":"WebPage","@id":"https:\/\/provence-materiaux-anciens.com\/produit\/sols\/terre-cuite-ancienne\/parefeuille-ancien\/vieux-parefeuille\/","url":"https:\/\/provence-materiaux-anciens.com\/produit\/sols\/terre-cuite-ancienne\/parefeuille-ancien\/vieux-parefeuille\/","name":"Vieux Parefeuille - Provence Antique Materials","isPartOf":{"@id":"https:\/\/provence-materiaux-anciens.com\/#website"},"primaryImageOfPage":{"@id":"https:\/\/provence-materiaux-anciens.com\/produit\/sols\/terre-cuite-ancienne\/parefeuille-ancien\/vieux-parefeuille\/#primaryimage"},"image":{"@id":"https:\/\/provence-materiaux-anciens.com\/produit\/sols\/terre-cuite-ancienne\/parefeuille-ancien\/vieux-parefeuille\/#primaryimage"},"thumbnailUrl":"https:\/\/provence-materiaux-anciens.com\/wp-content\/uploads\/2022\/12\/vieux-parefeuille02-1.jpg","datePublished":"2022-12-02T18:51:36+00:00","dateModified":"2024-03-06T08:56:48+00:00","breadcrumb":{"@id":"https:\/\/provence-materiaux-anciens.com\/produit\/sols\/terre-cuite-ancienne\/parefeuille-ancien\/vieux-parefeuille\/#breadcrumb"},"inLanguage":"en-US","potentialAction":[{"@type":"ReadAction","target":["https:\/\/provence-materiaux-anciens.com\/produit\/sols\/terre-cuite-ancienne\/parefeuille-ancien\/vieux-parefeuille\/"]}]},{"@type":"ImageObject","inLanguage":"en-US","@id":"https:\/\/provence-materiaux-anciens.com\/produit\/sols\/terre-cuite-ancienne\/parefeuille-ancien\/vieux-parefeuille\/#primaryimage","url":"https:\/\/provence-materiaux-anciens.com\/wp-content\/uploads\/2022\/12\/vieux-parefeuille02-1.jpg","contentUrl":"https:\/\/provence-materiaux-anciens.com\/wp-content\/uploads\/2022\/12\/vieux-parefeuille02-1.jpg","width":600,"height":600,"caption":"vieux parefeuille"},{"@type":"BreadcrumbList","@id":"https:\/\/provence-materiaux-anciens.com\/produit\/sols\/terre-cuite-ancienne\/parefeuille-ancien\/vieux-parefeuille\/#breadcrumb","itemListElement":[{"@type":"ListItem","position":1,"name":"Accueil","item":"https:\/\/provence-materiaux-anciens.com\/fr\/"},{"@type":"ListItem","position":2,"name":"Produits","item":"https:\/\/provence-materiaux-anciens.com\/produit\/"},{"@type":"ListItem","position":3,"name":"Vieux Parefeuille"}]},{"@type":"WebSite","@id":"https:\/\/provence-materiaux-anciens.com\/#website","url":"https:\/\/provence-materiaux-anciens.com\/","name":"Provence Mat\u00e9riaux Anciens","description":"Purchase and sale of old building materials, beams, tiles, floors, frameworks, paving, terracotta.","publisher":{"@id":"https:\/\/provence-materiaux-anciens.com\/#organization"},"potentialAction":[{"@type":"SearchAction","target":{"@type":"EntryPoint","urlTemplate":"https:\/\/provence-materiaux-anciens.com\/?s={search_term_string}"},"query-input":{"@type":"PropertyValueSpecification","valueRequired":true,"valueName":"search_term_string"}}],"inLanguage":"en-US"},{"@type":"Organization","@id":"https:\/\/provence-materiaux-anciens.com\/#organization","name":"Provence Mat\u00e9riaux Anciens","url":"https:\/\/provence-materiaux-anciens.com\/","logo":{"@type":"ImageObject","inLanguage":"en-US","@id":"https:\/\/provence-materiaux-anciens.com\/#\/schema\/logo\/image\/","url":"https:\/\/provence-materiaux-anciens.com\/wp-content\/uploads\/2022\/03\/cropped-logo-pma-web.png","contentUrl":"https:\/\/provence-materiaux-anciens.com\/wp-content\/uploads\/2022\/03\/cropped-logo-pma-web.png","width":650,"height":434,"caption":"Provence Mat\u00e9riaux Anciens"},"image":{"@id":"https:\/\/provence-materiaux-anciens.com\/#\/schema\/logo\/image\/"},"sameAs":["https:\/\/www.facebook.com\/provencemateriauxanciens","https:\/\/www.instagram.com\/provencemateriauxanciens\/","https:\/\/www.pinterest.fr\/provencemateriauxanciens\/"]}]}},"_links":{"self":[{"href":"https:\/\/provence-materiaux-anciens.com\/en\/wp-json\/wp\/v2\/product\/1058","targetHints":{"allow":["GET"]}}],"collection":[{"href":"https:\/\/provence-materiaux-anciens.com\/en\/wp-json\/wp\/v2\/product"}],"about":[{"href":"https:\/\/provence-materiaux-anciens.com\/en\/wp-json\/wp\/v2\/types\/product"}],"wp:featuredmedia":[{"embeddable":true,"href":"https:\/\/provence-materiaux-anciens.com\/en\/wp-json\/wp\/v2\/media\/3418"}],"wp:attachment":[{"href":"https:\/\/provence-materiaux-anciens.com\/en\/wp-json\/wp\/v2\/media?parent=1058"}],"wp:term":[{"taxonomy":"product_brand","embeddable":true,"href":"https:\/\/provence-materiaux-anciens.com\/en\/wp-json\/wp\/v2\/product_brand?post=1058"},{"taxonomy":"product_cat","embeddable":true,"href":"https:\/\/provence-materiaux-anciens.com\/en\/wp-json\/wp\/v2\/product_cat?post=1058"},{"taxonomy":"product_tag","embeddable":true,"href":"https:\/\/provence-materiaux-anciens.com\/en\/wp-json\/wp\/v2\/product_tag?post=1058"}],"curies":[{"name":"wp","href":"https:\/\/api.w.org\/{rel}","templated":true}]}}