{"id":1062,"date":"2022-12-02T18:51:37","date_gmt":"2022-12-02T18:51:37","guid":{"rendered":"https:\/\/provence-materiaux-anciens.com\/?post_type=product&#038;p=1062"},"modified":"2024-03-06T08:56:48","modified_gmt":"2024-03-06T08:56:48","slug":"hexagonal-antique-floor-tiles","status":"publish","type":"product","link":"https:\/\/provence-materiaux-anciens.com\/en\/product\/floors\/antique-terracotta\/antique-floor-tiles\/hexagonal-antique-floor-tiles\/","title":{"rendered":"Antique Hexagonal Terra cotta"},"content":{"rendered":"<p><span style=\"font-weight: 400;\">You'll be impressed by the inimitable patina and pinkish-red hue of our Antique Hexagonal Terracotta.\u00a0<\/span><\/p>\n<h3><span style=\"font-weight: 400;\">Our Antique Hexagonal Terracotta will bring softness and character to your home<\/span><\/h3>\n<p><span style=\"font-weight: 400;\">Whether for a house or an apartment, you can use our Antique Hexagonal Terracotta. Made from ancient terracotta, these tomettes are very popular these days, thanks to their <\/span><b>healthy and ecological<\/b><span style=\"font-weight: 400;\">.<\/span><\/p>\n<h3><span style=\"font-weight: 400;\">A building material compatible with different decors<\/span><\/h3>\n<p><span style=\"font-weight: 400;\">Provence Mat\u00e9riaux Anciens' Antique Hexagonal Terracotta can blend in with any decorating style. In fact, you can install them in a traditional house, a cottage, a modern home and many others. These are materials you can choose without constraint to redecorate the interior or exterior of your home. In fact, these antique terracotta tiles can also be used outside (veranda, patio, pool deck, etc.).<\/span><\/p>\n<p><span style=\"font-weight: 400;\">Their reddish-pink hue will harmonize perfectly with light colors such as beige, off-white or gray on the walls. If you choose them for your kitchen, they will go well with light wood worktops.\u00a0<\/span><\/p>\n<p><span style=\"font-weight: 400;\">What's more, antique floor tiles are an environmentally-friendly choice, as they are made from natural materials. What's more, they can be recycled and reused.<\/span><\/p>\n<h3><span style=\"font-weight: 400;\">How to care for old hexagonal floor tiles?<\/span><\/h3>\n<p><span style=\"font-weight: 400;\">Old tiles are very easy to maintain. You can clean them with a broom and mop. However, it is advisable to protect them with a special wax for terracotta floors: <\/span><span style=\"font-weight: 400;\">our <a href=\"https:\/\/provence-materiaux-anciens.com\/en\/product\/floors\/soil-treatment\/provence-protecteur\/\">Provence Protector<\/a>.<\/span><\/p>\n<p><span style=\"font-weight: 400;\">If your old floor tiles have stains, you can remove them with gentle, non-abrasive cleaning products.<\/span><\/p>\n<p><span style=\"font-weight: 400;\">Benefit from the expertise of our craftsmen with our unique, long-lasting Antique Hexagonal Terracotta.<\/span><\/p>","protected":false},"excerpt":{"rendered":"<h2><span style=\"font-size: 14pt;\"><strong>Ref: <\/strong>Antique hexagonal tomettes (Orleans Car010)<\/span><\/h2>\n<ul>\n<li><strong>Materials<\/strong> Terracotta<\/li>\n<li><strong>Dimensions<\/strong> 15 x 15 cm to 17 x 17 cm<\/li>\n<li><strong>Thickness<\/strong> 2.5 to 3 cm<\/li>\n<li><strong>Availability<\/strong> : Random, don't hesitate to contact us <a href=\"https:\/\/provence-materiaux-anciens.com\/en\/contact\/\">contact<\/a> if you wish to know the availability of the product<\/li>\n<\/ul>\n<p>Hexagonal tomettes are antique terracotta tiles in a pinkish-red hue, dating from the 18th and 19th centuries. They originate in Burgundy. Old tomettes lend an incomparable authenticity to your construction or renovation projects.<\/p>\n<p>We recommend that you treat tomettes \" <strong>Orleans<\/strong> \"with our product <a href=\"https:\/\/provence-materiaux-anciens.com\/en\/old-floors\/produits-de-traitement\/provence-primer-e\/\">Provence Primer E<\/a>.<\/p>\n<p>For more recent floor tiles, we recommend <a href=\"https:\/\/provence-materiaux-anciens.com\/en\/product\/floors\/antique-terracotta\/antique-floor-tiles\/red-hexagonal-tomette-reedition\/\">Red hexagonal tomettes<\/a><\/p>","protected":false},"featured_media":1589,"template":"","meta":{"_monsterinsights_skip_tracking":false,"_monsterinsights_sitenote_active":false,"_monsterinsights_sitenote_note":"","_monsterinsights_sitenote_category":0},"product_brand":[],"product_cat":[32,35,33],"product_tag":[142,141,140],"class_list":{"0":"post-1062","1":"product","2":"type-product","3":"status-publish","4":"has-post-thumbnail","6":"product_cat-sols","7":"product_cat-tomettes-anciennes","8":"product_cat-terre-cuite-ancienne","9":"product_tag-anciennes","10":"product_tag-hexagonales","11":"product_tag-tomettes","13":"first","14":"instock","15":"shipping-taxable","16":"product-type-simple"},"yoast_head":"<!-- This site is optimized with the Yoast SEO Premium plugin v22.1 (Yoast SEO v24.6) - https:\/\/yoast.com\/wordpress\/plugins\/seo\/ -->\n<title>Tomettes anciennes hexagonales - Provence Mat\u00e9riaux Anciens<\/title>\n<meta name=\"robots\" content=\"index, follow, max-snippet:-1, max-image-preview:large, max-video-preview:-1\" \/>\n<link rel=\"canonical\" href=\"https:\/\/provence-materiaux-anciens.com\/en\/product\/floors\/antique-terracotta\/antique-floor-tiles\/hexagonal-antique-floor-tiles\/\" \/>\n<meta property=\"og:locale\" content=\"en_US\" \/>\n<meta property=\"og:type\" content=\"article\" \/>\n<meta property=\"og:title\" content=\"Tomettes anciennes hexagonales\" \/>\n<meta property=\"og:description\" content=\"Ref: Tomettes anciennes hexagonales (Orleans Car010)   Mat\u00e9riaux : Terre cuite  Dimensions : 15 x 15 cm jusqu&#039;\u00e0 17 x 17 cm  \u00c9paisseur : de 2.5 \u00e0 3 cm  Disponibilit\u00e9 : Al\u00e9atoire, n&#039;h\u00e9sitez pas \u00e0 nous contacter si vous souhaitez savoir la disponibilit\u00e9 du produit  Les tomettes anciennes hexagonales sont des carrelages anciens en terre cuite de teinte ros\u00e9e rouge, ces tomettes anciennes datent du XVIII\u00e8me et du XIX\u00e8me si\u00e8cle. Ces tomettes de r\u00e9cup\u00e9ration sont originaires de Bourgogne. Les vieilles tomettes transmettent une authenticit\u00e9 incomparable \u00e0 vos projets de construction ou de r\u00e9novation.  Nous vous recommandons de traiter les tomettes \u00ab Orl\u00e9ans \u00bb avec notre produit Provence Primer E.  Pour des tomettes plus r\u00e9centes, nous vous conseillons Tomettes Hexagonales rouges\" \/>\n<meta property=\"og:url\" content=\"https:\/\/provence-materiaux-anciens.com\/en\/product\/floors\/antique-terracotta\/antique-floor-tiles\/hexagonal-antique-floor-tiles\/\" \/>\n<meta property=\"og:site_name\" content=\"Provence Mat\u00e9riaux Anciens\" \/>\n<meta property=\"article:publisher\" content=\"https:\/\/www.facebook.com\/provencemateriauxanciens\" \/>\n<meta property=\"article:modified_time\" content=\"2024-03-06T08:56:48+00:00\" \/>\n<meta property=\"og:image\" content=\"https:\/\/provence-materiaux-anciens.com\/wp-content\/uploads\/2022\/12\/Tomettes-anciennes-hexagonales01.jpg\" \/>\n\t<meta property=\"og:image:width\" content=\"700\" \/>\n\t<meta property=\"og:image:height\" content=\"700\" \/>\n\t<meta property=\"og:image:type\" content=\"image\/jpeg\" \/>\n<meta name=\"twitter:card\" content=\"summary_large_image\" \/>\n<meta name=\"twitter:label1\" content=\"Est. reading time\" \/>\n\t<meta name=\"twitter:data1\" content=\"2 minutes\" \/>\n<script type=\"application\/ld+json\" class=\"yoast-schema-graph\">{\"@context\":\"https:\/\/schema.org\",\"@graph\":[{\"@type\":\"WebPage\",\"@id\":\"https:\/\/provence-materiaux-anciens.com\/fr\/produit\/sols\/terre-cuite-ancienne\/tomettes-anciennes\/tomettes-anciennes-hexagonales\/\",\"url\":\"https:\/\/provence-materiaux-anciens.com\/fr\/produit\/sols\/terre-cuite-ancienne\/tomettes-anciennes\/tomettes-anciennes-hexagonales\/\",\"name\":\"Tomettes anciennes hexagonales - Provence Mat\u00e9riaux Anciens\",\"isPartOf\":{\"@id\":\"https:\/\/provence-materiaux-anciens.com\/#website\"},\"primaryImageOfPage\":{\"@id\":\"https:\/\/provence-materiaux-anciens.com\/fr\/produit\/sols\/terre-cuite-ancienne\/tomettes-anciennes\/tomettes-anciennes-hexagonales\/#primaryimage\"},\"image\":{\"@id\":\"https:\/\/provence-materiaux-anciens.com\/fr\/produit\/sols\/terre-cuite-ancienne\/tomettes-anciennes\/tomettes-anciennes-hexagonales\/#primaryimage\"},\"thumbnailUrl\":\"https:\/\/provence-materiaux-anciens.com\/wp-content\/uploads\/2022\/12\/Tomettes-anciennes-hexagonales01.jpg\",\"datePublished\":\"2022-12-02T18:51:37+00:00\",\"dateModified\":\"2024-03-06T08:56:48+00:00\",\"breadcrumb\":{\"@id\":\"https:\/\/provence-materiaux-anciens.com\/fr\/produit\/sols\/terre-cuite-ancienne\/tomettes-anciennes\/tomettes-anciennes-hexagonales\/#breadcrumb\"},\"inLanguage\":\"en-US\",\"potentialAction\":[{\"@type\":\"ReadAction\",\"target\":[\"https:\/\/provence-materiaux-anciens.com\/fr\/produit\/sols\/terre-cuite-ancienne\/tomettes-anciennes\/tomettes-anciennes-hexagonales\/\"]}]},{\"@type\":\"ImageObject\",\"inLanguage\":\"en-US\",\"@id\":\"https:\/\/provence-materiaux-anciens.com\/fr\/produit\/sols\/terre-cuite-ancienne\/tomettes-anciennes\/tomettes-anciennes-hexagonales\/#primaryimage\",\"url\":\"https:\/\/provence-materiaux-anciens.com\/wp-content\/uploads\/2022\/12\/Tomettes-anciennes-hexagonales01.jpg\",\"contentUrl\":\"https:\/\/provence-materiaux-anciens.com\/wp-content\/uploads\/2022\/12\/Tomettes-anciennes-hexagonales01.jpg\",\"width\":700,\"height\":700,\"caption\":\"Tomettes-anciennes-hexagonales01\"},{\"@type\":\"BreadcrumbList\",\"@id\":\"https:\/\/provence-materiaux-anciens.com\/fr\/produit\/sols\/terre-cuite-ancienne\/tomettes-anciennes\/tomettes-anciennes-hexagonales\/#breadcrumb\",\"itemListElement\":[{\"@type\":\"ListItem\",\"position\":1,\"name\":\"Accueil\",\"item\":\"https:\/\/provence-materiaux-anciens.com\/fr\/\"},{\"@type\":\"ListItem\",\"position\":2,\"name\":\"Produits\",\"item\":\"https:\/\/provence-materiaux-anciens.com\/produit\/\"},{\"@type\":\"ListItem\",\"position\":3,\"name\":\"Tomettes anciennes hexagonales\"}]},{\"@type\":\"WebSite\",\"@id\":\"https:\/\/provence-materiaux-anciens.com\/#website\",\"url\":\"https:\/\/provence-materiaux-anciens.com\/\",\"name\":\"Provence Mat\u00e9riaux Anciens\",\"description\":\"Achat et vente de mat\u00e9riaux anciens de construction, poutres, tuiles, planchers, charpentes, dallages, terres cuites.\",\"publisher\":{\"@id\":\"https:\/\/provence-materiaux-anciens.com\/#organization\"},\"potentialAction\":[{\"@type\":\"SearchAction\",\"target\":{\"@type\":\"EntryPoint\",\"urlTemplate\":\"https:\/\/provence-materiaux-anciens.com\/?s={search_term_string}\"},\"query-input\":{\"@type\":\"PropertyValueSpecification\",\"valueRequired\":true,\"valueName\":\"search_term_string\"}}],\"inLanguage\":\"en-US\"},{\"@type\":\"Organization\",\"@id\":\"https:\/\/provence-materiaux-anciens.com\/#organization\",\"name\":\"Provence Mat\u00e9riaux Anciens\",\"url\":\"https:\/\/provence-materiaux-anciens.com\/\",\"logo\":{\"@type\":\"ImageObject\",\"inLanguage\":\"en-US\",\"@id\":\"https:\/\/provence-materiaux-anciens.com\/#\/schema\/logo\/image\/\",\"url\":\"https:\/\/provence-materiaux-anciens.com\/wp-content\/uploads\/2022\/03\/cropped-logo-pma-web.png\",\"contentUrl\":\"https:\/\/provence-materiaux-anciens.com\/wp-content\/uploads\/2022\/03\/cropped-logo-pma-web.png\",\"width\":650,\"height\":434,\"caption\":\"Provence Mat\u00e9riaux Anciens\"},\"image\":{\"@id\":\"https:\/\/provence-materiaux-anciens.com\/#\/schema\/logo\/image\/\"},\"sameAs\":[\"https:\/\/www.facebook.com\/provencemateriauxanciens\",\"https:\/\/www.instagram.com\/provencemateriauxanciens\/\",\"https:\/\/www.pinterest.fr\/provencemateriauxanciens\/\"]}]}<\/script>\n<!-- \/ Yoast SEO Premium plugin. -->","yoast_head_json":{"title":"Hexagonal tomettes - Provence Mat\u00e9riaux Anciens","robots":{"index":"index","follow":"follow","max-snippet":"max-snippet:-1","max-image-preview":"max-image-preview:large","max-video-preview":"max-video-preview:-1"},"canonical":"https:\/\/provence-materiaux-anciens.com\/en\/product\/floors\/antique-terracotta\/antique-floor-tiles\/hexagonal-antique-floor-tiles\/","og_locale":"en_US","og_type":"article","og_title":"Tomettes anciennes hexagonales","og_description":"Ref: Tomettes anciennes hexagonales (Orleans Car010)   Mat\u00e9riaux : Terre cuite  Dimensions : 15 x 15 cm jusqu'\u00e0 17 x 17 cm  \u00c9paisseur : de 2.5 \u00e0 3 cm  Disponibilit\u00e9 : Al\u00e9atoire, n'h\u00e9sitez pas \u00e0 nous contacter si vous souhaitez savoir la disponibilit\u00e9 du produit  Les tomettes anciennes hexagonales sont des carrelages anciens en terre cuite de teinte ros\u00e9e rouge, ces tomettes anciennes datent du XVIII\u00e8me et du XIX\u00e8me si\u00e8cle. Ces tomettes de r\u00e9cup\u00e9ration sont originaires de Bourgogne. Les vieilles tomettes transmettent une authenticit\u00e9 incomparable \u00e0 vos projets de construction ou de r\u00e9novation.  Nous vous recommandons de traiter les tomettes \u00ab Orl\u00e9ans \u00bb avec notre produit Provence Primer E.  Pour des tomettes plus r\u00e9centes, nous vous conseillons Tomettes Hexagonales rouges","og_url":"https:\/\/provence-materiaux-anciens.com\/en\/product\/floors\/antique-terracotta\/antique-floor-tiles\/hexagonal-antique-floor-tiles\/","og_site_name":"Provence Mat\u00e9riaux Anciens","article_publisher":"https:\/\/www.facebook.com\/provencemateriauxanciens","article_modified_time":"2024-03-06T08:56:48+00:00","og_image":[{"width":700,"height":700,"url":"https:\/\/provence-materiaux-anciens.com\/wp-content\/uploads\/2022\/12\/Tomettes-anciennes-hexagonales01.jpg","type":"image\/jpeg"}],"twitter_card":"summary_large_image","twitter_misc":{"Est. reading time":"2 minutes"},"schema":{"@context":"https:\/\/schema.org","@graph":[{"@type":"WebPage","@id":"https:\/\/provence-materiaux-anciens.com\/fr\/produit\/sols\/terre-cuite-ancienne\/tomettes-anciennes\/tomettes-anciennes-hexagonales\/","url":"https:\/\/provence-materiaux-anciens.com\/fr\/produit\/sols\/terre-cuite-ancienne\/tomettes-anciennes\/tomettes-anciennes-hexagonales\/","name":"Hexagonal tomettes - Provence Mat\u00e9riaux Anciens","isPartOf":{"@id":"https:\/\/provence-materiaux-anciens.com\/#website"},"primaryImageOfPage":{"@id":"https:\/\/provence-materiaux-anciens.com\/fr\/produit\/sols\/terre-cuite-ancienne\/tomettes-anciennes\/tomettes-anciennes-hexagonales\/#primaryimage"},"image":{"@id":"https:\/\/provence-materiaux-anciens.com\/fr\/produit\/sols\/terre-cuite-ancienne\/tomettes-anciennes\/tomettes-anciennes-hexagonales\/#primaryimage"},"thumbnailUrl":"https:\/\/provence-materiaux-anciens.com\/wp-content\/uploads\/2022\/12\/Tomettes-anciennes-hexagonales01.jpg","datePublished":"2022-12-02T18:51:37+00:00","dateModified":"2024-03-06T08:56:48+00:00","breadcrumb":{"@id":"https:\/\/provence-materiaux-anciens.com\/fr\/produit\/sols\/terre-cuite-ancienne\/tomettes-anciennes\/tomettes-anciennes-hexagonales\/#breadcrumb"},"inLanguage":"en-US","potentialAction":[{"@type":"ReadAction","target":["https:\/\/provence-materiaux-anciens.com\/fr\/produit\/sols\/terre-cuite-ancienne\/tomettes-anciennes\/tomettes-anciennes-hexagonales\/"]}]},{"@type":"ImageObject","inLanguage":"en-US","@id":"https:\/\/provence-materiaux-anciens.com\/fr\/produit\/sols\/terre-cuite-ancienne\/tomettes-anciennes\/tomettes-anciennes-hexagonales\/#primaryimage","url":"https:\/\/provence-materiaux-anciens.com\/wp-content\/uploads\/2022\/12\/Tomettes-anciennes-hexagonales01.jpg","contentUrl":"https:\/\/provence-materiaux-anciens.com\/wp-content\/uploads\/2022\/12\/Tomettes-anciennes-hexagonales01.jpg","width":700,"height":700,"caption":"Tomettes-anciennes-hexagonales01"},{"@type":"BreadcrumbList","@id":"https:\/\/provence-materiaux-anciens.com\/fr\/produit\/sols\/terre-cuite-ancienne\/tomettes-anciennes\/tomettes-anciennes-hexagonales\/#breadcrumb","itemListElement":[{"@type":"ListItem","position":1,"name":"Accueil","item":"https:\/\/provence-materiaux-anciens.com\/fr\/"},{"@type":"ListItem","position":2,"name":"Produits","item":"https:\/\/provence-materiaux-anciens.com\/produit\/"},{"@type":"ListItem","position":3,"name":"Tomettes anciennes hexagonales"}]},{"@type":"WebSite","@id":"https:\/\/provence-materiaux-anciens.com\/#website","url":"https:\/\/provence-materiaux-anciens.com\/","name":"Provence Mat\u00e9riaux Anciens","description":"Purchase and sale of old building materials, beams, tiles, floors, frameworks, paving, terracotta.","publisher":{"@id":"https:\/\/provence-materiaux-anciens.com\/#organization"},"potentialAction":[{"@type":"SearchAction","target":{"@type":"EntryPoint","urlTemplate":"https:\/\/provence-materiaux-anciens.com\/?s={search_term_string}"},"query-input":{"@type":"PropertyValueSpecification","valueRequired":true,"valueName":"search_term_string"}}],"inLanguage":"en-US"},{"@type":"Organization","@id":"https:\/\/provence-materiaux-anciens.com\/#organization","name":"Provence Mat\u00e9riaux Anciens","url":"https:\/\/provence-materiaux-anciens.com\/","logo":{"@type":"ImageObject","inLanguage":"en-US","@id":"https:\/\/provence-materiaux-anciens.com\/#\/schema\/logo\/image\/","url":"https:\/\/provence-materiaux-anciens.com\/wp-content\/uploads\/2022\/03\/cropped-logo-pma-web.png","contentUrl":"https:\/\/provence-materiaux-anciens.com\/wp-content\/uploads\/2022\/03\/cropped-logo-pma-web.png","width":650,"height":434,"caption":"Provence Mat\u00e9riaux Anciens"},"image":{"@id":"https:\/\/provence-materiaux-anciens.com\/#\/schema\/logo\/image\/"},"sameAs":["https:\/\/www.facebook.com\/provencemateriauxanciens","https:\/\/www.instagram.com\/provencemateriauxanciens\/","https:\/\/www.pinterest.fr\/provencemateriauxanciens\/"]}]}},"_links":{"self":[{"href":"https:\/\/provence-materiaux-anciens.com\/en\/wp-json\/wp\/v2\/product\/1062","targetHints":{"allow":["GET"]}}],"collection":[{"href":"https:\/\/provence-materiaux-anciens.com\/en\/wp-json\/wp\/v2\/product"}],"about":[{"href":"https:\/\/provence-materiaux-anciens.com\/en\/wp-json\/wp\/v2\/types\/product"}],"wp:featuredmedia":[{"embeddable":true,"href":"https:\/\/provence-materiaux-anciens.com\/en\/wp-json\/wp\/v2\/media\/1589"}],"wp:attachment":[{"href":"https:\/\/provence-materiaux-anciens.com\/en\/wp-json\/wp\/v2\/media?parent=1062"}],"wp:term":[{"taxonomy":"product_brand","embeddable":true,"href":"https:\/\/provence-materiaux-anciens.com\/en\/wp-json\/wp\/v2\/product_brand?post=1062"},{"taxonomy":"product_cat","embeddable":true,"href":"https:\/\/provence-materiaux-anciens.com\/en\/wp-json\/wp\/v2\/product_cat?post=1062"},{"taxonomy":"product_tag","embeddable":true,"href":"https:\/\/provence-materiaux-anciens.com\/en\/wp-json\/wp\/v2\/product_tag?post=1062"}],"curies":[{"name":"wp","href":"https:\/\/api.w.org\/{rel}","templated":true}]}}