{"id":1063,"date":"2022-12-02T18:51:37","date_gmt":"2022-12-02T18:51:37","guid":{"rendered":"https:\/\/provence-materiaux-anciens.com\/?post_type=product&#038;p=1063"},"modified":"2024-03-06T08:56:48","modified_gmt":"2024-03-06T08:56:48","slug":"antique-terracotta-tiles-for-floor","status":"publish","type":"product","link":"https:\/\/provence-materiaux-anciens.com\/en\/product\/floors\/antique-terracotta\/antique-wallet\/antique-terracotta-tiles-for-floor\/","title":{"rendered":"Old Terra cotta Tiles"},"content":{"rendered":"<p><span style=\"font-weight: 400;\">Enjoy our <\/span><b>Old Terra cotta Tiles<\/b><span style=\"font-weight: 400;\">The perfect coating for lovers of the ancient world!<\/span><\/p>\n<p><span style=\"font-weight: 400;\">Even though we're in the 21st century, it's no exaggeration to say that the ancient era continues to arouse the passions of many. One of the ancient things that continue to be admired today is terracotta tile. It's a covering you can use for the floor, or the walls, depending on your tastes.\u00a0<\/span><\/p>\n<h3><b>Antique floor tiles to decorate your living space\u00a0<\/b><\/h3>\n<p><span style=\"font-weight: 400;\">Who wouldn't like to live in pleasant, attractive surroundings? With these terracotta floor tiles, your living environment will look even more attractive. You can choose to use them for both construction and renovation work.\u00a0<\/span><\/p>\n<p><span style=\"font-weight: 400;\">This antique parefeuille can be combined with a variety of decorating styles: modern, traditional, rustic, minimalist and many others. What's more, it's suitable for both indoor and outdoor rooms. In fact, you can use them as flooring for bedrooms, living rooms, bathrooms, etc.\u00a0<\/span><\/p>\n<h3><b>Maximum safety coating<\/b><\/h3>\n<p><span style=\"font-weight: 400;\">Our old terracotta tiles<\/span> <span style=\"font-weight: 400;\">has the particularity of being non-slip. These antique floor tiles have a texture that encourages feet to adhere to the floor. Under normal circumstances, or during cleaning, the risk of falls is reduced. These are the tiles to choose if you have elderly people or young children in your home.<\/span><\/p>\n<p><span style=\"font-weight: 400;\">You can use them in particular for the most frequently used rooms in your home and for the pool deck.<\/span><\/p>\n<p><b>Opt for ecological screens for your home<\/b><\/p>\n<p><span style=\"font-weight: 400;\">Our Old Terracotta Tile has incredible thermal properties. Indeed, this tile made from old terracotta is an effective natural insulator. It is particularly beneficial for underfloor heating systems.\u00a0<\/span><\/p>\n<p><span style=\"font-weight: 400;\">In winter, it will keep you warmer, and in summer, it will keep you cooler.<\/span><\/p>\n<p><span style=\"font-weight: 400;\">Our <\/span><b>Old Terra cotta Tiles <\/b><span style=\"font-weight: 400;\">is the ideal surface for reconnecting with nature and the past!<\/span><\/p>","protected":false},"excerpt":{"rendered":"<h2><span style=\"font-size: 14pt;\"><strong>Ref: <\/strong>Old terracotta tiles (Lan\u00e7on Car001)<\/span><\/h2>\n<ul>\n<li><strong>Materials :<\/strong> Ancient terracotta<\/li>\n<li><strong>Dimensions :<\/strong> 12 x 24 cm<\/li>\n<li><strong>Thickness :<\/strong> from 2 to 2.5 cm<\/li>\n<\/ul>\n<p>&nbsp;<\/p>\n<p>Old rectangular terracotta tiles in light color tones. Ready-to-install antique 12 x 25 cm tiles for terraces and interiors. These antique terracotta tiles are typical of Mediterranean architecture. These reclaimed antique tiles retain the traces of their manual shaping.<\/p>","protected":false},"featured_media":3407,"template":"","meta":{"_monsterinsights_skip_tracking":false,"_monsterinsights_sitenote_active":false,"_monsterinsights_sitenote_note":"","_monsterinsights_sitenote_category":0},"product_brand":[],"product_cat":[34,32,33],"product_tag":[143,145,144],"class_list":{"0":"post-1063","1":"product","2":"type-product","3":"status-publish","4":"has-post-thumbnail","6":"product_cat-parefeuille-ancien","7":"product_cat-sols","8":"product_cat-terre-cuite-ancienne","9":"product_tag-carreaux","10":"product_tag-terre-cuite","11":"product_tag-vieux","13":"first","14":"instock","15":"shipping-taxable","16":"product-type-simple"},"yoast_head":"<!-- This site is optimized with the Yoast SEO Premium plugin v22.1 (Yoast SEO v24.6) - https:\/\/yoast.com\/wordpress\/plugins\/seo\/ -->\n<title>Vieux carreaux terre cuite - Provence Mat\u00e9riaux Anciens<\/title>\n<meta name=\"robots\" content=\"index, follow, max-snippet:-1, max-image-preview:large, max-video-preview:-1\" \/>\n<link rel=\"canonical\" href=\"https:\/\/provence-materiaux-anciens.com\/en\/product\/floors\/antique-terracotta\/antique-wallet\/antique-terracotta-tiles-for-floor\/\" \/>\n<meta property=\"og:locale\" content=\"en_US\" \/>\n<meta property=\"og:type\" content=\"article\" \/>\n<meta property=\"og:title\" content=\"Vieux carreaux terre cuite\" \/>\n<meta property=\"og:description\" content=\"Ref: Vieux carreaux terre cuite (Lan\u00e7on Car001)   Mat\u00e9riaux : Terre cuite ancienne  Dimensions : 12 x 24 cm  \u00c9paisseur : de 2 \u00e0 2.5 cm  &nbsp;  Vieux carreaux terre cuite rectangulaire dans des tons de couleurs clairs. Carrelage ancien 12 x 25 cm pr\u00eat \u00e0 poser pour terrasse et int\u00e9rieur. Ces carreaux anciens en terre cuite sont typique d&#039;une architecture m\u00e9diterran\u00e9enne. Ces carrelages anciens de r\u00e9cup\u00e9ration conservent la trace de leur fa\u00e7onnage manuel.\" \/>\n<meta property=\"og:url\" content=\"https:\/\/provence-materiaux-anciens.com\/en\/product\/floors\/antique-terracotta\/antique-wallet\/antique-terracotta-tiles-for-floor\/\" \/>\n<meta property=\"og:site_name\" content=\"Provence Mat\u00e9riaux Anciens\" \/>\n<meta property=\"article:publisher\" content=\"https:\/\/www.facebook.com\/provencemateriauxanciens\" \/>\n<meta property=\"article:modified_time\" content=\"2024-03-06T08:56:48+00:00\" \/>\n<meta property=\"og:image\" content=\"https:\/\/provence-materiaux-anciens.com\/wp-content\/uploads\/2022\/12\/vieux-carraux-terre-cuite01.jpg\" \/>\n\t<meta property=\"og:image:width\" content=\"600\" \/>\n\t<meta property=\"og:image:height\" content=\"600\" \/>\n\t<meta property=\"og:image:type\" content=\"image\/jpeg\" \/>\n<meta name=\"twitter:card\" content=\"summary_large_image\" \/>\n<meta name=\"twitter:label1\" content=\"Est. reading time\" \/>\n\t<meta name=\"twitter:data1\" content=\"2 minutes\" \/>\n<script type=\"application\/ld+json\" class=\"yoast-schema-graph\">{\"@context\":\"https:\/\/schema.org\",\"@graph\":[{\"@type\":\"WebPage\",\"@id\":\"https:\/\/provence-materiaux-anciens.com\/produit\/sols\/terre-cuite-ancienne\/parefeuille-ancien\/vieux-carreaux-terre-cuite\/\",\"url\":\"https:\/\/provence-materiaux-anciens.com\/produit\/sols\/terre-cuite-ancienne\/parefeuille-ancien\/vieux-carreaux-terre-cuite\/\",\"name\":\"Vieux carreaux terre cuite - Provence Mat\u00e9riaux Anciens\",\"isPartOf\":{\"@id\":\"https:\/\/provence-materiaux-anciens.com\/#website\"},\"primaryImageOfPage\":{\"@id\":\"https:\/\/provence-materiaux-anciens.com\/produit\/sols\/terre-cuite-ancienne\/parefeuille-ancien\/vieux-carreaux-terre-cuite\/#primaryimage\"},\"image\":{\"@id\":\"https:\/\/provence-materiaux-anciens.com\/produit\/sols\/terre-cuite-ancienne\/parefeuille-ancien\/vieux-carreaux-terre-cuite\/#primaryimage\"},\"thumbnailUrl\":\"https:\/\/provence-materiaux-anciens.com\/wp-content\/uploads\/2022\/12\/vieux-carraux-terre-cuite01.jpg\",\"datePublished\":\"2022-12-02T18:51:37+00:00\",\"dateModified\":\"2024-03-06T08:56:48+00:00\",\"breadcrumb\":{\"@id\":\"https:\/\/provence-materiaux-anciens.com\/produit\/sols\/terre-cuite-ancienne\/parefeuille-ancien\/vieux-carreaux-terre-cuite\/#breadcrumb\"},\"inLanguage\":\"en-US\",\"potentialAction\":[{\"@type\":\"ReadAction\",\"target\":[\"https:\/\/provence-materiaux-anciens.com\/produit\/sols\/terre-cuite-ancienne\/parefeuille-ancien\/vieux-carreaux-terre-cuite\/\"]}]},{\"@type\":\"ImageObject\",\"inLanguage\":\"en-US\",\"@id\":\"https:\/\/provence-materiaux-anciens.com\/produit\/sols\/terre-cuite-ancienne\/parefeuille-ancien\/vieux-carreaux-terre-cuite\/#primaryimage\",\"url\":\"https:\/\/provence-materiaux-anciens.com\/wp-content\/uploads\/2022\/12\/vieux-carraux-terre-cuite01.jpg\",\"contentUrl\":\"https:\/\/provence-materiaux-anciens.com\/wp-content\/uploads\/2022\/12\/vieux-carraux-terre-cuite01.jpg\",\"width\":600,\"height\":600,\"caption\":\"vieux carreaux terre cuite\"},{\"@type\":\"BreadcrumbList\",\"@id\":\"https:\/\/provence-materiaux-anciens.com\/produit\/sols\/terre-cuite-ancienne\/parefeuille-ancien\/vieux-carreaux-terre-cuite\/#breadcrumb\",\"itemListElement\":[{\"@type\":\"ListItem\",\"position\":1,\"name\":\"Accueil\",\"item\":\"https:\/\/provence-materiaux-anciens.com\/fr\/\"},{\"@type\":\"ListItem\",\"position\":2,\"name\":\"Produits\",\"item\":\"https:\/\/provence-materiaux-anciens.com\/produit\/\"},{\"@type\":\"ListItem\",\"position\":3,\"name\":\"Vieux carreaux terre cuite\"}]},{\"@type\":\"WebSite\",\"@id\":\"https:\/\/provence-materiaux-anciens.com\/#website\",\"url\":\"https:\/\/provence-materiaux-anciens.com\/\",\"name\":\"Provence Mat\u00e9riaux Anciens\",\"description\":\"Achat et vente de mat\u00e9riaux anciens de construction, poutres, tuiles, planchers, charpentes, dallages, terres cuites.\",\"publisher\":{\"@id\":\"https:\/\/provence-materiaux-anciens.com\/#organization\"},\"potentialAction\":[{\"@type\":\"SearchAction\",\"target\":{\"@type\":\"EntryPoint\",\"urlTemplate\":\"https:\/\/provence-materiaux-anciens.com\/?s={search_term_string}\"},\"query-input\":{\"@type\":\"PropertyValueSpecification\",\"valueRequired\":true,\"valueName\":\"search_term_string\"}}],\"inLanguage\":\"en-US\"},{\"@type\":\"Organization\",\"@id\":\"https:\/\/provence-materiaux-anciens.com\/#organization\",\"name\":\"Provence Mat\u00e9riaux Anciens\",\"url\":\"https:\/\/provence-materiaux-anciens.com\/\",\"logo\":{\"@type\":\"ImageObject\",\"inLanguage\":\"en-US\",\"@id\":\"https:\/\/provence-materiaux-anciens.com\/#\/schema\/logo\/image\/\",\"url\":\"https:\/\/provence-materiaux-anciens.com\/wp-content\/uploads\/2022\/03\/cropped-logo-pma-web.png\",\"contentUrl\":\"https:\/\/provence-materiaux-anciens.com\/wp-content\/uploads\/2022\/03\/cropped-logo-pma-web.png\",\"width\":650,\"height\":434,\"caption\":\"Provence Mat\u00e9riaux Anciens\"},\"image\":{\"@id\":\"https:\/\/provence-materiaux-anciens.com\/#\/schema\/logo\/image\/\"},\"sameAs\":[\"https:\/\/www.facebook.com\/provencemateriauxanciens\",\"https:\/\/www.instagram.com\/provencemateriauxanciens\/\",\"https:\/\/www.pinterest.fr\/provencemateriauxanciens\/\"]}]}<\/script>\n<!-- \/ Yoast SEO Premium plugin. -->","yoast_head_json":{"title":"Old terracotta tiles - Provence Mat\u00e9riaux Anciens","robots":{"index":"index","follow":"follow","max-snippet":"max-snippet:-1","max-image-preview":"max-image-preview:large","max-video-preview":"max-video-preview:-1"},"canonical":"https:\/\/provence-materiaux-anciens.com\/en\/product\/floors\/antique-terracotta\/antique-wallet\/antique-terracotta-tiles-for-floor\/","og_locale":"en_US","og_type":"article","og_title":"Vieux carreaux terre cuite","og_description":"Ref: Vieux carreaux terre cuite (Lan\u00e7on Car001)   Mat\u00e9riaux : Terre cuite ancienne  Dimensions : 12 x 24 cm  \u00c9paisseur : de 2 \u00e0 2.5 cm  &nbsp;  Vieux carreaux terre cuite rectangulaire dans des tons de couleurs clairs. Carrelage ancien 12 x 25 cm pr\u00eat \u00e0 poser pour terrasse et int\u00e9rieur. Ces carreaux anciens en terre cuite sont typique d'une architecture m\u00e9diterran\u00e9enne. Ces carrelages anciens de r\u00e9cup\u00e9ration conservent la trace de leur fa\u00e7onnage manuel.","og_url":"https:\/\/provence-materiaux-anciens.com\/en\/product\/floors\/antique-terracotta\/antique-wallet\/antique-terracotta-tiles-for-floor\/","og_site_name":"Provence Mat\u00e9riaux Anciens","article_publisher":"https:\/\/www.facebook.com\/provencemateriauxanciens","article_modified_time":"2024-03-06T08:56:48+00:00","og_image":[{"width":600,"height":600,"url":"https:\/\/provence-materiaux-anciens.com\/wp-content\/uploads\/2022\/12\/vieux-carraux-terre-cuite01.jpg","type":"image\/jpeg"}],"twitter_card":"summary_large_image","twitter_misc":{"Est. reading time":"2 minutes"},"schema":{"@context":"https:\/\/schema.org","@graph":[{"@type":"WebPage","@id":"https:\/\/provence-materiaux-anciens.com\/produit\/sols\/terre-cuite-ancienne\/parefeuille-ancien\/vieux-carreaux-terre-cuite\/","url":"https:\/\/provence-materiaux-anciens.com\/produit\/sols\/terre-cuite-ancienne\/parefeuille-ancien\/vieux-carreaux-terre-cuite\/","name":"Old terracotta tiles - Provence Mat\u00e9riaux Anciens","isPartOf":{"@id":"https:\/\/provence-materiaux-anciens.com\/#website"},"primaryImageOfPage":{"@id":"https:\/\/provence-materiaux-anciens.com\/produit\/sols\/terre-cuite-ancienne\/parefeuille-ancien\/vieux-carreaux-terre-cuite\/#primaryimage"},"image":{"@id":"https:\/\/provence-materiaux-anciens.com\/produit\/sols\/terre-cuite-ancienne\/parefeuille-ancien\/vieux-carreaux-terre-cuite\/#primaryimage"},"thumbnailUrl":"https:\/\/provence-materiaux-anciens.com\/wp-content\/uploads\/2022\/12\/vieux-carraux-terre-cuite01.jpg","datePublished":"2022-12-02T18:51:37+00:00","dateModified":"2024-03-06T08:56:48+00:00","breadcrumb":{"@id":"https:\/\/provence-materiaux-anciens.com\/produit\/sols\/terre-cuite-ancienne\/parefeuille-ancien\/vieux-carreaux-terre-cuite\/#breadcrumb"},"inLanguage":"en-US","potentialAction":[{"@type":"ReadAction","target":["https:\/\/provence-materiaux-anciens.com\/produit\/sols\/terre-cuite-ancienne\/parefeuille-ancien\/vieux-carreaux-terre-cuite\/"]}]},{"@type":"ImageObject","inLanguage":"en-US","@id":"https:\/\/provence-materiaux-anciens.com\/produit\/sols\/terre-cuite-ancienne\/parefeuille-ancien\/vieux-carreaux-terre-cuite\/#primaryimage","url":"https:\/\/provence-materiaux-anciens.com\/wp-content\/uploads\/2022\/12\/vieux-carraux-terre-cuite01.jpg","contentUrl":"https:\/\/provence-materiaux-anciens.com\/wp-content\/uploads\/2022\/12\/vieux-carraux-terre-cuite01.jpg","width":600,"height":600,"caption":"vieux carreaux terre cuite"},{"@type":"BreadcrumbList","@id":"https:\/\/provence-materiaux-anciens.com\/produit\/sols\/terre-cuite-ancienne\/parefeuille-ancien\/vieux-carreaux-terre-cuite\/#breadcrumb","itemListElement":[{"@type":"ListItem","position":1,"name":"Accueil","item":"https:\/\/provence-materiaux-anciens.com\/fr\/"},{"@type":"ListItem","position":2,"name":"Produits","item":"https:\/\/provence-materiaux-anciens.com\/produit\/"},{"@type":"ListItem","position":3,"name":"Vieux carreaux terre cuite"}]},{"@type":"WebSite","@id":"https:\/\/provence-materiaux-anciens.com\/#website","url":"https:\/\/provence-materiaux-anciens.com\/","name":"Provence Mat\u00e9riaux Anciens","description":"Purchase and sale of old building materials, beams, tiles, floors, frameworks, paving, terracotta.","publisher":{"@id":"https:\/\/provence-materiaux-anciens.com\/#organization"},"potentialAction":[{"@type":"SearchAction","target":{"@type":"EntryPoint","urlTemplate":"https:\/\/provence-materiaux-anciens.com\/?s={search_term_string}"},"query-input":{"@type":"PropertyValueSpecification","valueRequired":true,"valueName":"search_term_string"}}],"inLanguage":"en-US"},{"@type":"Organization","@id":"https:\/\/provence-materiaux-anciens.com\/#organization","name":"Provence Mat\u00e9riaux Anciens","url":"https:\/\/provence-materiaux-anciens.com\/","logo":{"@type":"ImageObject","inLanguage":"en-US","@id":"https:\/\/provence-materiaux-anciens.com\/#\/schema\/logo\/image\/","url":"https:\/\/provence-materiaux-anciens.com\/wp-content\/uploads\/2022\/03\/cropped-logo-pma-web.png","contentUrl":"https:\/\/provence-materiaux-anciens.com\/wp-content\/uploads\/2022\/03\/cropped-logo-pma-web.png","width":650,"height":434,"caption":"Provence Mat\u00e9riaux Anciens"},"image":{"@id":"https:\/\/provence-materiaux-anciens.com\/#\/schema\/logo\/image\/"},"sameAs":["https:\/\/www.facebook.com\/provencemateriauxanciens","https:\/\/www.instagram.com\/provencemateriauxanciens\/","https:\/\/www.pinterest.fr\/provencemateriauxanciens\/"]}]}},"_links":{"self":[{"href":"https:\/\/provence-materiaux-anciens.com\/en\/wp-json\/wp\/v2\/product\/1063","targetHints":{"allow":["GET"]}}],"collection":[{"href":"https:\/\/provence-materiaux-anciens.com\/en\/wp-json\/wp\/v2\/product"}],"about":[{"href":"https:\/\/provence-materiaux-anciens.com\/en\/wp-json\/wp\/v2\/types\/product"}],"wp:featuredmedia":[{"embeddable":true,"href":"https:\/\/provence-materiaux-anciens.com\/en\/wp-json\/wp\/v2\/media\/3407"}],"wp:attachment":[{"href":"https:\/\/provence-materiaux-anciens.com\/en\/wp-json\/wp\/v2\/media?parent=1063"}],"wp:term":[{"taxonomy":"product_brand","embeddable":true,"href":"https:\/\/provence-materiaux-anciens.com\/en\/wp-json\/wp\/v2\/product_brand?post=1063"},{"taxonomy":"product_cat","embeddable":true,"href":"https:\/\/provence-materiaux-anciens.com\/en\/wp-json\/wp\/v2\/product_cat?post=1063"},{"taxonomy":"product_tag","embeddable":true,"href":"https:\/\/provence-materiaux-anciens.com\/en\/wp-json\/wp\/v2\/product_tag?post=1063"}],"curies":[{"name":"wp","href":"https:\/\/api.w.org\/{rel}","templated":true}]}}