{"id":1064,"date":"2022-12-02T18:51:37","date_gmt":"2022-12-02T18:51:37","guid":{"rendered":"https:\/\/provence-materiaux-anciens.com\/?post_type=product&#038;p=1064"},"modified":"2024-07-31T13:06:41","modified_gmt":"2024-07-31T13:06:41","slug":"antique-red-floor-tiles","status":"publish","type":"product","link":"https:\/\/provence-materiaux-anciens.com\/en\/product\/floors\/antique-terracotta\/antique-floor-tiles\/antique-red-floor-tiles\/","title":{"rendered":"Reclaimed French Terra cotta Tiles"},"content":{"rendered":"<p><span style=\"font-weight: 400;\">Looking for a floor covering that's attractive, hard-wearing and environmentally friendly? Reclaimed French Terracotta Tiles are an excellent choice.  These antique tomettes will give your interior a rustic style.<\/span><\/p>\n<h3><span style=\"font-weight: 400;\">Choose Reclaimed French Terracotta Tiles, a timeless material for your interior\/exterior decoration!<\/span><\/h3>\n<p><span style=\"font-weight: 400;\">Tomettes anciennes rouges are handmade tiles made from ancient terracotta. They are made from reclaimed old tomettes, more precisely tomettes from Burgundy dating back to the 18th and 19th centuries.\u00a0<\/span><\/p>\n<p><span style=\"font-weight: 400;\">You can use them to embellish your indoor and outdoor spaces. Reclaimed French Terracotta Tiles tiles are perfect for living rooms, dining rooms, hallways, terraces, ratios, etc.<\/span><\/p>\n<h3><span style=\"font-weight: 400;\">Antique terracotta tiles, a covering with many qualities<\/span><\/h3>\n<p><span style=\"font-weight: 400;\">Many people choose Reclaimed French Terracotta Tiles because they are :\u00a0<\/span><\/p>\n<p><b>Ecological<\/b><span style=\"font-weight: 400;\">\u00a0<\/span><\/p>\n<p><span style=\"font-weight: 400;\">These are tomettes made from ancient tomettes, themselves made from natural clay fired at high temperatures. They contain no harmful chemicals.<\/span><\/p>\n<p><b>Beautiful and aesthetic<\/b><\/p>\n<p><span style=\"font-weight: 400;\">Reclaimed French Terracotta Tiles give your home a warm ambience and a natural, retro look. Their red hues are very pleasing to the eye.<\/span><\/p>\n<p><b>Solid and durable<\/b><\/p>\n<p><span style=\"font-weight: 400;\">These old terracotta tiles are able to withstand wear and impact. What's more, they have an undeniable thermal quality. Combine them with underfloor heating for unrivalled thermal comfort.<\/span><\/p>\n<p><b>How do I clean them?<\/b><\/p>\n<p><span style=\"font-weight: 400;\">To clean old floor tiles, we recommend using natural products. These include black soap, baking soda, white vinegar and others. If you want to clean tile joints, it's best to use a little toothpaste and a toothbrush.<\/span><\/p>\n<p><span style=\"font-weight: 400;\">Reclaimed French Terracotta Tiles are available at the best price on our site. Order them now!<\/span><\/p>","protected":false},"excerpt":{"rendered":"<h2><strong>Ref:<\/strong> Antique red tomettes (Avallon car005)<\/h2>\n<ul>\n<li><strong>Materials<\/strong> Antique terracotta<\/li>\n<li><strong>Dimensions<\/strong>\u00a0size : 16 x 16 cm<\/li>\n<li><strong>Availability<\/strong> : Constant<\/li>\n<\/ul>\n<p>Reclaimed French Terracotta Tiles. These antique tomettes date from the 18th and 19th centuries. These antique terracotta tiles with cabochons come from Burgundy.<\/p>\n<p>For antique floor tiles in lighter shades, <a href=\"https:\/\/provence-materiaux-anciens.com\/en\/old-floors\/antique-terracotta\/tomette\/old-floor-tiles\/\">click here.<\/a><\/p>\n<p>We recommend treating \"Avallon\" floor tiles with our product <a href=\"https:\/\/provence-materiaux-anciens.com\/en\/old-floors\/produits-de-traitement\/provence-primer\/\">Provence Primer<\/a>.<\/p>","protected":false},"featured_media":5073,"template":"","meta":{"_monsterinsights_skip_tracking":false,"_monsterinsights_sitenote_active":false,"_monsterinsights_sitenote_note":"","_monsterinsights_sitenote_category":0},"product_brand":[],"product_cat":[32,35,33],"product_tag":[142,140],"class_list":{"0":"post-1064","1":"product","2":"type-product","3":"status-publish","4":"has-post-thumbnail","6":"product_cat-sols","7":"product_cat-tomettes-anciennes","8":"product_cat-terre-cuite-ancienne","9":"product_tag-anciennes","10":"product_tag-tomettes","12":"first","13":"instock","14":"shipping-taxable","15":"product-type-simple"},"yoast_head":"<!-- This site is optimized with the Yoast SEO Premium plugin v22.1 (Yoast SEO v24.6) - https:\/\/yoast.com\/wordpress\/plugins\/seo\/ -->\n<title>Tomettes anciennes rouges - Provence Mat\u00e9riaux Anciens<\/title>\n<meta name=\"robots\" content=\"index, follow, max-snippet:-1, max-image-preview:large, max-video-preview:-1\" \/>\n<link rel=\"canonical\" href=\"https:\/\/provence-materiaux-anciens.com\/en\/product\/floors\/antique-terracotta\/antique-floor-tiles\/antique-red-floor-tiles\/\" \/>\n<meta property=\"og:locale\" content=\"en_US\" \/>\n<meta property=\"og:type\" content=\"article\" \/>\n<meta property=\"og:title\" content=\"Tomettes anciennes rouges\" \/>\n<meta property=\"og:description\" content=\"Ref: Tomettes anciennes rouges (Avallon car005)   Mat\u00e9riaux : Terre cuite ancienne  Dimensions\u00a0: 16 x 16 cm  Disponibilit\u00e9 : Constante  Tomettes anciennes rouges en terre cuite. Ces tomettes anciennes datent du XVIII\u00e8me et du XIX\u00e8me si\u00e8cle. Ces tomettes anciennes avec cabochons sont originaires de Bourgogne.  Pour des tomettes anciennes dans des tons plus clairs, cliquez ici.  Nous vous recommandons de traiter les tomettes &quot;Avallon&quot; avec notre produit Provence Primer.\" \/>\n<meta property=\"og:url\" content=\"https:\/\/provence-materiaux-anciens.com\/en\/product\/floors\/antique-terracotta\/antique-floor-tiles\/antique-red-floor-tiles\/\" \/>\n<meta property=\"og:site_name\" content=\"Provence Mat\u00e9riaux Anciens\" \/>\n<meta property=\"article:publisher\" content=\"https:\/\/www.facebook.com\/provencemateriauxanciens\" \/>\n<meta property=\"article:modified_time\" content=\"2024-07-31T13:06:41+00:00\" \/>\n<meta property=\"og:image\" content=\"https:\/\/provence-materiaux-anciens.com\/wp-content\/uploads\/2022\/12\/DSC_0507_1.jpg\" \/>\n\t<meta property=\"og:image:width\" content=\"1080\" \/>\n\t<meta property=\"og:image:height\" content=\"1620\" \/>\n\t<meta property=\"og:image:type\" content=\"image\/jpeg\" \/>\n<meta name=\"twitter:card\" content=\"summary_large_image\" \/>\n<meta name=\"twitter:label1\" content=\"Est. reading time\" \/>\n\t<meta name=\"twitter:data1\" content=\"2 minutes\" \/>\n<script type=\"application\/ld+json\" class=\"yoast-schema-graph\">{\"@context\":\"https:\/\/schema.org\",\"@graph\":[{\"@type\":\"WebPage\",\"@id\":\"https:\/\/provence-materiaux-anciens.com\/fr\/produit\/sols\/terre-cuite-ancienne\/tomettes-anciennes\/tomettes-anciennes-rouges\/\",\"url\":\"https:\/\/provence-materiaux-anciens.com\/fr\/produit\/sols\/terre-cuite-ancienne\/tomettes-anciennes\/tomettes-anciennes-rouges\/\",\"name\":\"Tomettes anciennes rouges - Provence Mat\u00e9riaux Anciens\",\"isPartOf\":{\"@id\":\"https:\/\/provence-materiaux-anciens.com\/#website\"},\"primaryImageOfPage\":{\"@id\":\"https:\/\/provence-materiaux-anciens.com\/fr\/produit\/sols\/terre-cuite-ancienne\/tomettes-anciennes\/tomettes-anciennes-rouges\/#primaryimage\"},\"image\":{\"@id\":\"https:\/\/provence-materiaux-anciens.com\/fr\/produit\/sols\/terre-cuite-ancienne\/tomettes-anciennes\/tomettes-anciennes-rouges\/#primaryimage\"},\"thumbnailUrl\":\"https:\/\/provence-materiaux-anciens.com\/wp-content\/uploads\/2022\/12\/DSC_0507_1.jpg\",\"datePublished\":\"2022-12-02T18:51:37+00:00\",\"dateModified\":\"2024-07-31T13:06:41+00:00\",\"breadcrumb\":{\"@id\":\"https:\/\/provence-materiaux-anciens.com\/fr\/produit\/sols\/terre-cuite-ancienne\/tomettes-anciennes\/tomettes-anciennes-rouges\/#breadcrumb\"},\"inLanguage\":\"en-US\",\"potentialAction\":[{\"@type\":\"ReadAction\",\"target\":[\"https:\/\/provence-materiaux-anciens.com\/fr\/produit\/sols\/terre-cuite-ancienne\/tomettes-anciennes\/tomettes-anciennes-rouges\/\"]}]},{\"@type\":\"ImageObject\",\"inLanguage\":\"en-US\",\"@id\":\"https:\/\/provence-materiaux-anciens.com\/fr\/produit\/sols\/terre-cuite-ancienne\/tomettes-anciennes\/tomettes-anciennes-rouges\/#primaryimage\",\"url\":\"https:\/\/provence-materiaux-anciens.com\/wp-content\/uploads\/2022\/12\/DSC_0507_1.jpg\",\"contentUrl\":\"https:\/\/provence-materiaux-anciens.com\/wp-content\/uploads\/2022\/12\/DSC_0507_1.jpg\",\"width\":1080,\"height\":1620},{\"@type\":\"BreadcrumbList\",\"@id\":\"https:\/\/provence-materiaux-anciens.com\/fr\/produit\/sols\/terre-cuite-ancienne\/tomettes-anciennes\/tomettes-anciennes-rouges\/#breadcrumb\",\"itemListElement\":[{\"@type\":\"ListItem\",\"position\":1,\"name\":\"Accueil\",\"item\":\"https:\/\/provence-materiaux-anciens.com\/fr\/\"},{\"@type\":\"ListItem\",\"position\":2,\"name\":\"Produits\",\"item\":\"https:\/\/provence-materiaux-anciens.com\/produit\/\"},{\"@type\":\"ListItem\",\"position\":3,\"name\":\"Tomettes anciennes rouges\"}]},{\"@type\":\"WebSite\",\"@id\":\"https:\/\/provence-materiaux-anciens.com\/#website\",\"url\":\"https:\/\/provence-materiaux-anciens.com\/\",\"name\":\"Provence Mat\u00e9riaux Anciens\",\"description\":\"Achat et vente de mat\u00e9riaux anciens de construction, poutres, tuiles, planchers, charpentes, dallages, terres cuites.\",\"publisher\":{\"@id\":\"https:\/\/provence-materiaux-anciens.com\/#organization\"},\"potentialAction\":[{\"@type\":\"SearchAction\",\"target\":{\"@type\":\"EntryPoint\",\"urlTemplate\":\"https:\/\/provence-materiaux-anciens.com\/?s={search_term_string}\"},\"query-input\":{\"@type\":\"PropertyValueSpecification\",\"valueRequired\":true,\"valueName\":\"search_term_string\"}}],\"inLanguage\":\"en-US\"},{\"@type\":\"Organization\",\"@id\":\"https:\/\/provence-materiaux-anciens.com\/#organization\",\"name\":\"Provence Mat\u00e9riaux Anciens\",\"url\":\"https:\/\/provence-materiaux-anciens.com\/\",\"logo\":{\"@type\":\"ImageObject\",\"inLanguage\":\"en-US\",\"@id\":\"https:\/\/provence-materiaux-anciens.com\/#\/schema\/logo\/image\/\",\"url\":\"https:\/\/provence-materiaux-anciens.com\/wp-content\/uploads\/2022\/03\/cropped-logo-pma-web.png\",\"contentUrl\":\"https:\/\/provence-materiaux-anciens.com\/wp-content\/uploads\/2022\/03\/cropped-logo-pma-web.png\",\"width\":650,\"height\":434,\"caption\":\"Provence Mat\u00e9riaux Anciens\"},\"image\":{\"@id\":\"https:\/\/provence-materiaux-anciens.com\/#\/schema\/logo\/image\/\"},\"sameAs\":[\"https:\/\/www.facebook.com\/provencemateriauxanciens\",\"https:\/\/www.instagram.com\/provencemateriauxanciens\/\",\"https:\/\/www.pinterest.fr\/provencemateriauxanciens\/\"]}]}<\/script>\n<!-- \/ Yoast SEO Premium plugin. -->","yoast_head_json":{"title":"Antique red terracotta tiles - Provence Mat\u00e9riaux Anciens","robots":{"index":"index","follow":"follow","max-snippet":"max-snippet:-1","max-image-preview":"max-image-preview:large","max-video-preview":"max-video-preview:-1"},"canonical":"https:\/\/provence-materiaux-anciens.com\/en\/product\/floors\/antique-terracotta\/antique-floor-tiles\/antique-red-floor-tiles\/","og_locale":"en_US","og_type":"article","og_title":"Tomettes anciennes rouges","og_description":"Ref: Tomettes anciennes rouges (Avallon car005)   Mat\u00e9riaux : Terre cuite ancienne  Dimensions\u00a0: 16 x 16 cm  Disponibilit\u00e9 : Constante  Tomettes anciennes rouges en terre cuite. Ces tomettes anciennes datent du XVIII\u00e8me et du XIX\u00e8me si\u00e8cle. Ces tomettes anciennes avec cabochons sont originaires de Bourgogne.  Pour des tomettes anciennes dans des tons plus clairs, cliquez ici.  Nous vous recommandons de traiter les tomettes \"Avallon\" avec notre produit Provence Primer.","og_url":"https:\/\/provence-materiaux-anciens.com\/en\/product\/floors\/antique-terracotta\/antique-floor-tiles\/antique-red-floor-tiles\/","og_site_name":"Provence Mat\u00e9riaux Anciens","article_publisher":"https:\/\/www.facebook.com\/provencemateriauxanciens","article_modified_time":"2024-07-31T13:06:41+00:00","og_image":[{"width":1080,"height":1620,"url":"https:\/\/provence-materiaux-anciens.com\/wp-content\/uploads\/2022\/12\/DSC_0507_1.jpg","type":"image\/jpeg"}],"twitter_card":"summary_large_image","twitter_misc":{"Est. reading time":"2 minutes"},"schema":{"@context":"https:\/\/schema.org","@graph":[{"@type":"WebPage","@id":"https:\/\/provence-materiaux-anciens.com\/fr\/produit\/sols\/terre-cuite-ancienne\/tomettes-anciennes\/tomettes-anciennes-rouges\/","url":"https:\/\/provence-materiaux-anciens.com\/fr\/produit\/sols\/terre-cuite-ancienne\/tomettes-anciennes\/tomettes-anciennes-rouges\/","name":"Antique red terracotta tiles - Provence Mat\u00e9riaux Anciens","isPartOf":{"@id":"https:\/\/provence-materiaux-anciens.com\/#website"},"primaryImageOfPage":{"@id":"https:\/\/provence-materiaux-anciens.com\/fr\/produit\/sols\/terre-cuite-ancienne\/tomettes-anciennes\/tomettes-anciennes-rouges\/#primaryimage"},"image":{"@id":"https:\/\/provence-materiaux-anciens.com\/fr\/produit\/sols\/terre-cuite-ancienne\/tomettes-anciennes\/tomettes-anciennes-rouges\/#primaryimage"},"thumbnailUrl":"https:\/\/provence-materiaux-anciens.com\/wp-content\/uploads\/2022\/12\/DSC_0507_1.jpg","datePublished":"2022-12-02T18:51:37+00:00","dateModified":"2024-07-31T13:06:41+00:00","breadcrumb":{"@id":"https:\/\/provence-materiaux-anciens.com\/fr\/produit\/sols\/terre-cuite-ancienne\/tomettes-anciennes\/tomettes-anciennes-rouges\/#breadcrumb"},"inLanguage":"en-US","potentialAction":[{"@type":"ReadAction","target":["https:\/\/provence-materiaux-anciens.com\/fr\/produit\/sols\/terre-cuite-ancienne\/tomettes-anciennes\/tomettes-anciennes-rouges\/"]}]},{"@type":"ImageObject","inLanguage":"en-US","@id":"https:\/\/provence-materiaux-anciens.com\/fr\/produit\/sols\/terre-cuite-ancienne\/tomettes-anciennes\/tomettes-anciennes-rouges\/#primaryimage","url":"https:\/\/provence-materiaux-anciens.com\/wp-content\/uploads\/2022\/12\/DSC_0507_1.jpg","contentUrl":"https:\/\/provence-materiaux-anciens.com\/wp-content\/uploads\/2022\/12\/DSC_0507_1.jpg","width":1080,"height":1620},{"@type":"BreadcrumbList","@id":"https:\/\/provence-materiaux-anciens.com\/fr\/produit\/sols\/terre-cuite-ancienne\/tomettes-anciennes\/tomettes-anciennes-rouges\/#breadcrumb","itemListElement":[{"@type":"ListItem","position":1,"name":"Accueil","item":"https:\/\/provence-materiaux-anciens.com\/fr\/"},{"@type":"ListItem","position":2,"name":"Produits","item":"https:\/\/provence-materiaux-anciens.com\/produit\/"},{"@type":"ListItem","position":3,"name":"Tomettes anciennes rouges"}]},{"@type":"WebSite","@id":"https:\/\/provence-materiaux-anciens.com\/#website","url":"https:\/\/provence-materiaux-anciens.com\/","name":"Provence Mat\u00e9riaux Anciens","description":"Purchase and sale of old building materials, beams, tiles, floors, frameworks, paving, terracotta.","publisher":{"@id":"https:\/\/provence-materiaux-anciens.com\/#organization"},"potentialAction":[{"@type":"SearchAction","target":{"@type":"EntryPoint","urlTemplate":"https:\/\/provence-materiaux-anciens.com\/?s={search_term_string}"},"query-input":{"@type":"PropertyValueSpecification","valueRequired":true,"valueName":"search_term_string"}}],"inLanguage":"en-US"},{"@type":"Organization","@id":"https:\/\/provence-materiaux-anciens.com\/#organization","name":"Provence Mat\u00e9riaux Anciens","url":"https:\/\/provence-materiaux-anciens.com\/","logo":{"@type":"ImageObject","inLanguage":"en-US","@id":"https:\/\/provence-materiaux-anciens.com\/#\/schema\/logo\/image\/","url":"https:\/\/provence-materiaux-anciens.com\/wp-content\/uploads\/2022\/03\/cropped-logo-pma-web.png","contentUrl":"https:\/\/provence-materiaux-anciens.com\/wp-content\/uploads\/2022\/03\/cropped-logo-pma-web.png","width":650,"height":434,"caption":"Provence Mat\u00e9riaux Anciens"},"image":{"@id":"https:\/\/provence-materiaux-anciens.com\/#\/schema\/logo\/image\/"},"sameAs":["https:\/\/www.facebook.com\/provencemateriauxanciens","https:\/\/www.instagram.com\/provencemateriauxanciens\/","https:\/\/www.pinterest.fr\/provencemateriauxanciens\/"]}]}},"_links":{"self":[{"href":"https:\/\/provence-materiaux-anciens.com\/en\/wp-json\/wp\/v2\/product\/1064","targetHints":{"allow":["GET"]}}],"collection":[{"href":"https:\/\/provence-materiaux-anciens.com\/en\/wp-json\/wp\/v2\/product"}],"about":[{"href":"https:\/\/provence-materiaux-anciens.com\/en\/wp-json\/wp\/v2\/types\/product"}],"wp:featuredmedia":[{"embeddable":true,"href":"https:\/\/provence-materiaux-anciens.com\/en\/wp-json\/wp\/v2\/media\/5073"}],"wp:attachment":[{"href":"https:\/\/provence-materiaux-anciens.com\/en\/wp-json\/wp\/v2\/media?parent=1064"}],"wp:term":[{"taxonomy":"product_brand","embeddable":true,"href":"https:\/\/provence-materiaux-anciens.com\/en\/wp-json\/wp\/v2\/product_brand?post=1064"},{"taxonomy":"product_cat","embeddable":true,"href":"https:\/\/provence-materiaux-anciens.com\/en\/wp-json\/wp\/v2\/product_cat?post=1064"},{"taxonomy":"product_tag","embeddable":true,"href":"https:\/\/provence-materiaux-anciens.com\/en\/wp-json\/wp\/v2\/product_tag?post=1064"}],"curies":[{"name":"wp","href":"https:\/\/api.w.org\/{rel}","templated":true}]}}