{"id":1066,"date":"2022-12-02T18:51:37","date_gmt":"2022-12-02T18:51:37","guid":{"rendered":"https:\/\/provence-materiaux-anciens.com\/?post_type=product&#038;p=1066"},"modified":"2024-03-14T10:19:47","modified_gmt":"2024-03-14T10:19:47","slug":"antique-recycled-floor-tiles","status":"publish","type":"product","link":"https:\/\/provence-materiaux-anciens.com\/en\/product\/floors\/antique-terracotta\/antique-floor-tiles\/antique-recycled-floor-tiles\/","title":{"rendered":"Antique Reclaimed Terra cotta Tiles"},"content":{"rendered":"<p><span style=\"font-weight: 400;\">Do you dream of a floor covered with rustic tiles in shimmering colors, cool in summer and soft in winter? <\/span><span style=\"font-weight: 400;\">Our<\/span> <span style=\"font-weight: 400;\">Antique Reclaimed Terra cotta Tiles<\/span> <span style=\"font-weight: 400;\">are<\/span><span style=\"font-weight: 400;\"> the building material you need.<\/span><\/p>\n<h3><b>Tiles<\/b><b>\u00a0for a warm and original finish<\/b><\/h3>\n<p><span style=\"font-weight: 400;\">Our Antique Tomette is so charming, it'll leave your guests speechless. <\/span><b>Its pinkish-red hue creates a warm, friendly atmosphere<\/b><span style=\"font-weight: 400;\"> in any room where you lay it. This terracotta tomette dates from the Loire region (18th and 19th centuries). It has a unique patina and variable dimensions.<\/span><\/p>\n<h3><b>Antique floor tiles<\/b><b> recovery<\/b><b> for different applications<\/b><\/h3>\n<p><span style=\"font-weight: 400;\">Would you like to renovate your home? Visit <\/span><b>Antique Reclaimed Terracotta<\/b><b> recovery<\/b><span style=\"font-weight: 400;\"> from Provence Mat\u00e9riaux Anciens are terracotta materials from<\/span> <b>square shape<\/b><span style=\"font-weight: 400;\"> which you can use as a floor or wall covering. If you want to change your floor without breaking everything, you can lay our old tomettes directly on existing tiles if your floor is level and the existing covering is not badly damaged.<\/span><\/p>\n<p><span style=\"font-weight: 400;\">Whether indoors or outdoors, these antique floor tiles <\/span><span style=\"font-weight: 400;\">recovery<\/span><span style=\"font-weight: 400;\"> will do the trick. You can use them for your terrace, pool deck and patio. Indoors, they're perfect for kitchens, bathrooms and any other room you're interested in.<\/span><\/p>\n<p><span style=\"font-weight: 400;\">Provence Mat\u00e9riaux Anciens' Tomette ancienne de r\u00e9cup\u00e9ration is a popular choice for renovation and restoration projects on traditional-style homes and old buildings. It is also widely used in new-build projects, adding a touch of authenticity and character.<\/span><\/p>\n<p><span style=\"font-weight: 400;\">Tomette ancienne de r\u00e9cup\u00e9ration is therefore a solid, durable and ecological choice for your home.<\/span><\/p>\n<p><span style=\"font-weight: 400;\">Discover our entire collection of<\/span><a href=\"https:\/\/provence-materiaux-anciens.com\/en\/product-category\/floors\/antique-terracotta\/antique-floor-tiles\/\"> <span style=\"font-weight: 400;\">Antique Reclaimed Terracotta<\/span><\/a><span style=\"font-weight: 400;\">with different shapes and shades.<\/span><\/p>","protected":false},"excerpt":{"rendered":"<h2><strong>Ref: <\/strong>Antique reclaimed tomette (Loire Car007)<\/h2>\n<ul>\n<li><strong>Materials : <\/strong>Old terracotta<\/li>\n<li><strong>Dimensions :<\/strong> between 20 x 20 cm and 22 x 22 cm<\/li>\n<li><strong>Thickness :<\/strong> from 2.5 to 3 cm<\/li>\n<li><strong>Availability :<\/strong> Constant<\/li>\n<\/ul>\n<p>Antique square reclaimed terracotta tiles for interiors and exteriors. This reclaimed tile is in pinkish-red hues. These antique tiles from the Loire region date from the 18th and 19th centuries. Handmade salvaged tiles come in a variety of sizes and have a unique patina.<\/p>\n<p>We recommend that you treat old salvaged floor tiles with \"\u00a0<strong>Loire<\/strong>\u00a0\"with our product <a href=\"https:\/\/provence-materiaux-anciens.com\/en\/product\/floors\/soil-treatment\/provence-natural-floor\/\"><strong>Provence Natural Floor<\/strong><\/a>.<\/p>","protected":false},"featured_media":1573,"template":"","meta":{"_monsterinsights_skip_tracking":false,"_monsterinsights_sitenote_active":false,"_monsterinsights_sitenote_note":"","_monsterinsights_sitenote_category":0},"product_brand":[],"product_cat":[32,35,33],"product_tag":[142,140],"class_list":{"0":"post-1066","1":"product","2":"type-product","3":"status-publish","4":"has-post-thumbnail","6":"product_cat-sols","7":"product_cat-tomettes-anciennes","8":"product_cat-terre-cuite-ancienne","9":"product_tag-anciennes","10":"product_tag-tomettes","12":"first","13":"instock","14":"shipping-taxable","15":"product-type-simple"},"yoast_head":"<!-- This site is optimized with the Yoast SEO Premium plugin v22.1 (Yoast SEO v24.6) - https:\/\/yoast.com\/wordpress\/plugins\/seo\/ -->\n<title>Tomettes anciennes de r\u00e9cup\u00e9ration - Provence mat\u00e9riaux anciens<\/title>\n<meta name=\"description\" content=\"D\u00e9couvrez nos tomettes anciennes de r\u00e9cup\u00e9ration. Avec leur forme carr\u00e9 et leur teinte ros\u00e9e rouge, elles apportent une touche de charme \u00e0 vos sols\" \/>\n<meta name=\"robots\" content=\"index, follow, max-snippet:-1, max-image-preview:large, max-video-preview:-1\" \/>\n<link rel=\"canonical\" href=\"https:\/\/provence-materiaux-anciens.com\/en\/product\/floors\/antique-terracotta\/antique-floor-tiles\/antique-recycled-floor-tiles\/\" \/>\n<meta property=\"og:locale\" content=\"en_US\" \/>\n<meta property=\"og:type\" content=\"article\" \/>\n<meta property=\"og:title\" content=\"Tomettes anciennes de r\u00e9cup\u00e9ration\" \/>\n<meta property=\"og:description\" content=\"D\u00e9couvrez nos tomettes anciennes de r\u00e9cup\u00e9ration. Avec leur forme carr\u00e9 et leur teinte ros\u00e9e rouge, elles apportent une touche de charme \u00e0 vos sols\" \/>\n<meta property=\"og:url\" content=\"https:\/\/provence-materiaux-anciens.com\/en\/product\/floors\/antique-terracotta\/antique-floor-tiles\/antique-recycled-floor-tiles\/\" \/>\n<meta property=\"og:site_name\" content=\"Provence Mat\u00e9riaux Anciens\" \/>\n<meta property=\"article:publisher\" content=\"https:\/\/www.facebook.com\/provencemateriauxanciens\" \/>\n<meta property=\"article:modified_time\" content=\"2024-03-14T10:19:47+00:00\" \/>\n<meta property=\"og:image\" content=\"https:\/\/provence-materiaux-anciens.com\/wp-content\/uploads\/2022\/12\/Tomette-ancienne-de-recuperation02.jpg\" \/>\n\t<meta property=\"og:image:width\" content=\"700\" \/>\n\t<meta property=\"og:image:height\" content=\"700\" \/>\n\t<meta property=\"og:image:type\" content=\"image\/jpeg\" \/>\n<meta name=\"twitter:card\" content=\"summary_large_image\" \/>\n<meta name=\"twitter:label1\" content=\"Est. reading time\" \/>\n\t<meta name=\"twitter:data1\" content=\"2 minutes\" \/>\n<script type=\"application\/ld+json\" class=\"yoast-schema-graph\">{\"@context\":\"https:\/\/schema.org\",\"@graph\":[{\"@type\":\"WebPage\",\"@id\":\"https:\/\/provence-materiaux-anciens.com\/produit\/sols\/terre-cuite-ancienne\/tomettes-anciennes\/tomettes-anciennes-de-recuperation\/\",\"url\":\"https:\/\/provence-materiaux-anciens.com\/produit\/sols\/terre-cuite-ancienne\/tomettes-anciennes\/tomettes-anciennes-de-recuperation\/\",\"name\":\"Tomettes anciennes de r\u00e9cup\u00e9ration - Provence mat\u00e9riaux anciens\",\"isPartOf\":{\"@id\":\"https:\/\/provence-materiaux-anciens.com\/#website\"},\"primaryImageOfPage\":{\"@id\":\"https:\/\/provence-materiaux-anciens.com\/produit\/sols\/terre-cuite-ancienne\/tomettes-anciennes\/tomettes-anciennes-de-recuperation\/#primaryimage\"},\"image\":{\"@id\":\"https:\/\/provence-materiaux-anciens.com\/produit\/sols\/terre-cuite-ancienne\/tomettes-anciennes\/tomettes-anciennes-de-recuperation\/#primaryimage\"},\"thumbnailUrl\":\"https:\/\/provence-materiaux-anciens.com\/wp-content\/uploads\/2022\/12\/Tomette-ancienne-de-recuperation02.jpg\",\"datePublished\":\"2022-12-02T18:51:37+00:00\",\"dateModified\":\"2024-03-14T10:19:47+00:00\",\"description\":\"D\u00e9couvrez nos tomettes anciennes de r\u00e9cup\u00e9ration. Avec leur forme carr\u00e9 et leur teinte ros\u00e9e rouge, elles apportent une touche de charme \u00e0 vos sols\",\"breadcrumb\":{\"@id\":\"https:\/\/provence-materiaux-anciens.com\/produit\/sols\/terre-cuite-ancienne\/tomettes-anciennes\/tomettes-anciennes-de-recuperation\/#breadcrumb\"},\"inLanguage\":\"en-US\",\"potentialAction\":[{\"@type\":\"ReadAction\",\"target\":[\"https:\/\/provence-materiaux-anciens.com\/produit\/sols\/terre-cuite-ancienne\/tomettes-anciennes\/tomettes-anciennes-de-recuperation\/\"]}]},{\"@type\":\"ImageObject\",\"inLanguage\":\"en-US\",\"@id\":\"https:\/\/provence-materiaux-anciens.com\/produit\/sols\/terre-cuite-ancienne\/tomettes-anciennes\/tomettes-anciennes-de-recuperation\/#primaryimage\",\"url\":\"https:\/\/provence-materiaux-anciens.com\/wp-content\/uploads\/2022\/12\/Tomette-ancienne-de-recuperation02.jpg\",\"contentUrl\":\"https:\/\/provence-materiaux-anciens.com\/wp-content\/uploads\/2022\/12\/Tomette-ancienne-de-recuperation02.jpg\",\"width\":700,\"height\":700,\"caption\":\"Tomette ancienne de recuperation\"},{\"@type\":\"BreadcrumbList\",\"@id\":\"https:\/\/provence-materiaux-anciens.com\/produit\/sols\/terre-cuite-ancienne\/tomettes-anciennes\/tomettes-anciennes-de-recuperation\/#breadcrumb\",\"itemListElement\":[{\"@type\":\"ListItem\",\"position\":1,\"name\":\"Accueil\",\"item\":\"https:\/\/provence-materiaux-anciens.com\/fr\/\"},{\"@type\":\"ListItem\",\"position\":2,\"name\":\"Produits\",\"item\":\"https:\/\/provence-materiaux-anciens.com\/produit\/\"},{\"@type\":\"ListItem\",\"position\":3,\"name\":\"Tomettes anciennes de r\u00e9cup\u00e9ration\"}]},{\"@type\":\"WebSite\",\"@id\":\"https:\/\/provence-materiaux-anciens.com\/#website\",\"url\":\"https:\/\/provence-materiaux-anciens.com\/\",\"name\":\"Provence Mat\u00e9riaux Anciens\",\"description\":\"Achat et vente de mat\u00e9riaux anciens de construction, poutres, tuiles, planchers, charpentes, dallages, terres cuites.\",\"publisher\":{\"@id\":\"https:\/\/provence-materiaux-anciens.com\/#organization\"},\"potentialAction\":[{\"@type\":\"SearchAction\",\"target\":{\"@type\":\"EntryPoint\",\"urlTemplate\":\"https:\/\/provence-materiaux-anciens.com\/?s={search_term_string}\"},\"query-input\":{\"@type\":\"PropertyValueSpecification\",\"valueRequired\":true,\"valueName\":\"search_term_string\"}}],\"inLanguage\":\"en-US\"},{\"@type\":\"Organization\",\"@id\":\"https:\/\/provence-materiaux-anciens.com\/#organization\",\"name\":\"Provence Mat\u00e9riaux Anciens\",\"url\":\"https:\/\/provence-materiaux-anciens.com\/\",\"logo\":{\"@type\":\"ImageObject\",\"inLanguage\":\"en-US\",\"@id\":\"https:\/\/provence-materiaux-anciens.com\/#\/schema\/logo\/image\/\",\"url\":\"https:\/\/provence-materiaux-anciens.com\/wp-content\/uploads\/2022\/03\/cropped-logo-pma-web.png\",\"contentUrl\":\"https:\/\/provence-materiaux-anciens.com\/wp-content\/uploads\/2022\/03\/cropped-logo-pma-web.png\",\"width\":650,\"height\":434,\"caption\":\"Provence Mat\u00e9riaux Anciens\"},\"image\":{\"@id\":\"https:\/\/provence-materiaux-anciens.com\/#\/schema\/logo\/image\/\"},\"sameAs\":[\"https:\/\/www.facebook.com\/provencemateriauxanciens\",\"https:\/\/www.instagram.com\/provencemateriauxanciens\/\",\"https:\/\/www.pinterest.fr\/provencemateriauxanciens\/\"]}]}<\/script>\n<!-- \/ Yoast SEO Premium plugin. -->","yoast_head_json":{"title":"Tomettes anciennes de r\u00e9cup\u00e9ration - Provence old materials","description":"Discover our antique reclaimed terracotta tiles. With their square shape and pinkish-red hue, they add a touch of charm to your floors.","robots":{"index":"index","follow":"follow","max-snippet":"max-snippet:-1","max-image-preview":"max-image-preview:large","max-video-preview":"max-video-preview:-1"},"canonical":"https:\/\/provence-materiaux-anciens.com\/en\/product\/floors\/antique-terracotta\/antique-floor-tiles\/antique-recycled-floor-tiles\/","og_locale":"en_US","og_type":"article","og_title":"Tomettes anciennes de r\u00e9cup\u00e9ration","og_description":"D\u00e9couvrez nos tomettes anciennes de r\u00e9cup\u00e9ration. Avec leur forme carr\u00e9 et leur teinte ros\u00e9e rouge, elles apportent une touche de charme \u00e0 vos sols","og_url":"https:\/\/provence-materiaux-anciens.com\/en\/product\/floors\/antique-terracotta\/antique-floor-tiles\/antique-recycled-floor-tiles\/","og_site_name":"Provence Mat\u00e9riaux Anciens","article_publisher":"https:\/\/www.facebook.com\/provencemateriauxanciens","article_modified_time":"2024-03-14T10:19:47+00:00","og_image":[{"width":700,"height":700,"url":"https:\/\/provence-materiaux-anciens.com\/wp-content\/uploads\/2022\/12\/Tomette-ancienne-de-recuperation02.jpg","type":"image\/jpeg"}],"twitter_card":"summary_large_image","twitter_misc":{"Est. reading time":"2 minutes"},"schema":{"@context":"https:\/\/schema.org","@graph":[{"@type":"WebPage","@id":"https:\/\/provence-materiaux-anciens.com\/produit\/sols\/terre-cuite-ancienne\/tomettes-anciennes\/tomettes-anciennes-de-recuperation\/","url":"https:\/\/provence-materiaux-anciens.com\/produit\/sols\/terre-cuite-ancienne\/tomettes-anciennes\/tomettes-anciennes-de-recuperation\/","name":"Tomettes anciennes de r\u00e9cup\u00e9ration - Provence old materials","isPartOf":{"@id":"https:\/\/provence-materiaux-anciens.com\/#website"},"primaryImageOfPage":{"@id":"https:\/\/provence-materiaux-anciens.com\/produit\/sols\/terre-cuite-ancienne\/tomettes-anciennes\/tomettes-anciennes-de-recuperation\/#primaryimage"},"image":{"@id":"https:\/\/provence-materiaux-anciens.com\/produit\/sols\/terre-cuite-ancienne\/tomettes-anciennes\/tomettes-anciennes-de-recuperation\/#primaryimage"},"thumbnailUrl":"https:\/\/provence-materiaux-anciens.com\/wp-content\/uploads\/2022\/12\/Tomette-ancienne-de-recuperation02.jpg","datePublished":"2022-12-02T18:51:37+00:00","dateModified":"2024-03-14T10:19:47+00:00","description":"Discover our antique reclaimed terracotta tiles. With their square shape and pinkish-red hue, they add a touch of charm to your floors.","breadcrumb":{"@id":"https:\/\/provence-materiaux-anciens.com\/produit\/sols\/terre-cuite-ancienne\/tomettes-anciennes\/tomettes-anciennes-de-recuperation\/#breadcrumb"},"inLanguage":"en-US","potentialAction":[{"@type":"ReadAction","target":["https:\/\/provence-materiaux-anciens.com\/produit\/sols\/terre-cuite-ancienne\/tomettes-anciennes\/tomettes-anciennes-de-recuperation\/"]}]},{"@type":"ImageObject","inLanguage":"en-US","@id":"https:\/\/provence-materiaux-anciens.com\/produit\/sols\/terre-cuite-ancienne\/tomettes-anciennes\/tomettes-anciennes-de-recuperation\/#primaryimage","url":"https:\/\/provence-materiaux-anciens.com\/wp-content\/uploads\/2022\/12\/Tomette-ancienne-de-recuperation02.jpg","contentUrl":"https:\/\/provence-materiaux-anciens.com\/wp-content\/uploads\/2022\/12\/Tomette-ancienne-de-recuperation02.jpg","width":700,"height":700,"caption":"Tomette ancienne de recuperation"},{"@type":"BreadcrumbList","@id":"https:\/\/provence-materiaux-anciens.com\/produit\/sols\/terre-cuite-ancienne\/tomettes-anciennes\/tomettes-anciennes-de-recuperation\/#breadcrumb","itemListElement":[{"@type":"ListItem","position":1,"name":"Accueil","item":"https:\/\/provence-materiaux-anciens.com\/fr\/"},{"@type":"ListItem","position":2,"name":"Produits","item":"https:\/\/provence-materiaux-anciens.com\/produit\/"},{"@type":"ListItem","position":3,"name":"Tomettes anciennes de r\u00e9cup\u00e9ration"}]},{"@type":"WebSite","@id":"https:\/\/provence-materiaux-anciens.com\/#website","url":"https:\/\/provence-materiaux-anciens.com\/","name":"Provence Mat\u00e9riaux Anciens","description":"Purchase and sale of old building materials, beams, tiles, floors, frameworks, paving, terracotta.","publisher":{"@id":"https:\/\/provence-materiaux-anciens.com\/#organization"},"potentialAction":[{"@type":"SearchAction","target":{"@type":"EntryPoint","urlTemplate":"https:\/\/provence-materiaux-anciens.com\/?s={search_term_string}"},"query-input":{"@type":"PropertyValueSpecification","valueRequired":true,"valueName":"search_term_string"}}],"inLanguage":"en-US"},{"@type":"Organization","@id":"https:\/\/provence-materiaux-anciens.com\/#organization","name":"Provence Mat\u00e9riaux Anciens","url":"https:\/\/provence-materiaux-anciens.com\/","logo":{"@type":"ImageObject","inLanguage":"en-US","@id":"https:\/\/provence-materiaux-anciens.com\/#\/schema\/logo\/image\/","url":"https:\/\/provence-materiaux-anciens.com\/wp-content\/uploads\/2022\/03\/cropped-logo-pma-web.png","contentUrl":"https:\/\/provence-materiaux-anciens.com\/wp-content\/uploads\/2022\/03\/cropped-logo-pma-web.png","width":650,"height":434,"caption":"Provence Mat\u00e9riaux Anciens"},"image":{"@id":"https:\/\/provence-materiaux-anciens.com\/#\/schema\/logo\/image\/"},"sameAs":["https:\/\/www.facebook.com\/provencemateriauxanciens","https:\/\/www.instagram.com\/provencemateriauxanciens\/","https:\/\/www.pinterest.fr\/provencemateriauxanciens\/"]}]}},"_links":{"self":[{"href":"https:\/\/provence-materiaux-anciens.com\/en\/wp-json\/wp\/v2\/product\/1066","targetHints":{"allow":["GET"]}}],"collection":[{"href":"https:\/\/provence-materiaux-anciens.com\/en\/wp-json\/wp\/v2\/product"}],"about":[{"href":"https:\/\/provence-materiaux-anciens.com\/en\/wp-json\/wp\/v2\/types\/product"}],"wp:featuredmedia":[{"embeddable":true,"href":"https:\/\/provence-materiaux-anciens.com\/en\/wp-json\/wp\/v2\/media\/1573"}],"wp:attachment":[{"href":"https:\/\/provence-materiaux-anciens.com\/en\/wp-json\/wp\/v2\/media?parent=1066"}],"wp:term":[{"taxonomy":"product_brand","embeddable":true,"href":"https:\/\/provence-materiaux-anciens.com\/en\/wp-json\/wp\/v2\/product_brand?post=1066"},{"taxonomy":"product_cat","embeddable":true,"href":"https:\/\/provence-materiaux-anciens.com\/en\/wp-json\/wp\/v2\/product_cat?post=1066"},{"taxonomy":"product_tag","embeddable":true,"href":"https:\/\/provence-materiaux-anciens.com\/en\/wp-json\/wp\/v2\/product_tag?post=1066"}],"curies":[{"name":"wp","href":"https:\/\/api.w.org\/{rel}","templated":true}]}}