{"id":1067,"date":"2022-12-02T18:51:37","date_gmt":"2022-12-02T18:51:37","guid":{"rendered":"https:\/\/provence-materiaux-anciens.com\/?post_type=product&#038;p=1067"},"modified":"2025-09-12T14:40:23","modified_gmt":"2025-09-12T14:40:23","slug":"epicea-wood-frame","status":"publish","type":"product","link":"https:\/\/provence-materiaux-anciens.com\/en\/product\/antique-wood-frame\/spruce-frame\/epicea-wood-frame\/","title":{"rendered":"Truss Wood"},"content":{"rendered":"","protected":false},"excerpt":{"rendered":"<h2><strong>Ref:<\/strong> Spruce frame<\/h2>\n<p>Spruce beams manufactured by our carpenters. We have a large permanent stock of spruce beams. Our carpenters can build custom timber frames to suit your every project. We can also assemble our wooden trusses.<\/p>\n<p>Discover our <a href=\"https:\/\/provence-materiaux-anciens.com\/en\/product\/antique-fir-frame\/\">old fir frames<\/a> as well as our <a href=\"https:\/\/provence-materiaux-anciens.com\/en\/product\/old-oak-frame\/\">reclaimed oak frames<\/a>.<\/p>\n<p><strong>DIMENSIONS:<\/strong> made-to-measure<\/p>","protected":false},"featured_media":1699,"template":"","meta":{"_monsterinsights_skip_tracking":false,"_monsterinsights_sitenote_active":false,"_monsterinsights_sitenote_note":"","_monsterinsights_sitenote_category":0},"product_brand":[],"product_cat":[28,27],"product_tag":[],"class_list":{"0":"post-1067","1":"product","2":"type-product","3":"status-publish","4":"has-post-thumbnail","6":"product_cat-charpente-epicea","7":"product_cat-charpente-vieux-bois","9":"first","10":"instock","11":"shipping-taxable","12":"product-type-simple"},"yoast_head":"<!-- This site is optimized with the Yoast SEO Premium plugin v22.1 (Yoast SEO v24.6) - https:\/\/yoast.com\/wordpress\/plugins\/seo\/ -->\n<title>Charpente bois \u00e9pic\u00e9a - Provence Mat\u00e9riaux Anciens<\/title>\n<meta name=\"robots\" content=\"index, follow, max-snippet:-1, max-image-preview:large, max-video-preview:-1\" \/>\n<link rel=\"canonical\" href=\"https:\/\/provence-materiaux-anciens.com\/en\/product\/antique-wood-frame\/spruce-frame\/epicea-wood-frame\/\" \/>\n<meta property=\"og:locale\" content=\"en_US\" \/>\n<meta property=\"og:type\" content=\"article\" \/>\n<meta property=\"og:title\" content=\"Charpente bois \u00e9pic\u00e9a\" \/>\n<meta property=\"og:description\" content=\"R\u00e9f : Charpente \u00e9pic\u00e9a Charpente bois \u00e9pic\u00e9a fabriqu\u00e9e par nos charpentiers. Nous disposons en permanence d&#039;un stock important de poutre en bois d\u2019\u00e9pic\u00e9a. Nos charpentiers fabriquent des charpentes bois sur-mesure pour s&#039;adapter \u00e0 chacun de vos projets. Nous pouvons par ailleurs r\u00e9aliser le montage des de nos fermes en bois.  D\u00e9couvrez nos charpentes en vieux sapin ainsi que nos charpentes en ch\u00eane de r\u00e9cup\u00e9ration.  DIMENSIONS: sur-mesure\" \/>\n<meta property=\"og:url\" content=\"https:\/\/provence-materiaux-anciens.com\/en\/product\/antique-wood-frame\/spruce-frame\/epicea-wood-frame\/\" \/>\n<meta property=\"og:site_name\" content=\"Provence Mat\u00e9riaux Anciens\" \/>\n<meta property=\"article:publisher\" content=\"https:\/\/www.facebook.com\/provencemateriauxanciens\" \/>\n<meta property=\"article:modified_time\" content=\"2025-09-12T14:40:23+00:00\" \/>\n<meta property=\"og:image\" content=\"https:\/\/provence-materiaux-anciens.com\/wp-content\/uploads\/2022\/12\/charpente-epicea-bois03.jpg\" \/>\n\t<meta property=\"og:image:width\" content=\"700\" \/>\n\t<meta property=\"og:image:height\" content=\"700\" \/>\n\t<meta property=\"og:image:type\" content=\"image\/jpeg\" \/>\n<meta name=\"twitter:card\" content=\"summary_large_image\" \/>\n<meta name=\"twitter:label1\" content=\"Est. reading time\" \/>\n\t<meta name=\"twitter:data1\" content=\"1 minute\" \/>\n<script type=\"application\/ld+json\" class=\"yoast-schema-graph\">{\"@context\":\"https:\/\/schema.org\",\"@graph\":[{\"@type\":\"WebPage\",\"@id\":\"https:\/\/provence-materiaux-anciens.com\/produit\/charpente-vieux-bois\/charpente-epicea\/charpente-bois-epicea\/\",\"url\":\"https:\/\/provence-materiaux-anciens.com\/produit\/charpente-vieux-bois\/charpente-epicea\/charpente-bois-epicea\/\",\"name\":\"Charpente bois \u00e9pic\u00e9a - Provence Mat\u00e9riaux Anciens\",\"isPartOf\":{\"@id\":\"https:\/\/provence-materiaux-anciens.com\/#website\"},\"primaryImageOfPage\":{\"@id\":\"https:\/\/provence-materiaux-anciens.com\/produit\/charpente-vieux-bois\/charpente-epicea\/charpente-bois-epicea\/#primaryimage\"},\"image\":{\"@id\":\"https:\/\/provence-materiaux-anciens.com\/produit\/charpente-vieux-bois\/charpente-epicea\/charpente-bois-epicea\/#primaryimage\"},\"thumbnailUrl\":\"https:\/\/provence-materiaux-anciens.com\/wp-content\/uploads\/2022\/12\/charpente-epicea-bois03.jpg\",\"datePublished\":\"2022-12-02T18:51:37+00:00\",\"dateModified\":\"2025-09-12T14:40:23+00:00\",\"breadcrumb\":{\"@id\":\"https:\/\/provence-materiaux-anciens.com\/produit\/charpente-vieux-bois\/charpente-epicea\/charpente-bois-epicea\/#breadcrumb\"},\"inLanguage\":\"en-US\",\"potentialAction\":[{\"@type\":\"ReadAction\",\"target\":[\"https:\/\/provence-materiaux-anciens.com\/produit\/charpente-vieux-bois\/charpente-epicea\/charpente-bois-epicea\/\"]}]},{\"@type\":\"ImageObject\",\"inLanguage\":\"en-US\",\"@id\":\"https:\/\/provence-materiaux-anciens.com\/produit\/charpente-vieux-bois\/charpente-epicea\/charpente-bois-epicea\/#primaryimage\",\"url\":\"https:\/\/provence-materiaux-anciens.com\/wp-content\/uploads\/2022\/12\/charpente-epicea-bois03.jpg\",\"contentUrl\":\"https:\/\/provence-materiaux-anciens.com\/wp-content\/uploads\/2022\/12\/charpente-epicea-bois03.jpg\",\"width\":700,\"height\":700,\"caption\":\"charpente-epicea-bois03\"},{\"@type\":\"BreadcrumbList\",\"@id\":\"https:\/\/provence-materiaux-anciens.com\/produit\/charpente-vieux-bois\/charpente-epicea\/charpente-bois-epicea\/#breadcrumb\",\"itemListElement\":[{\"@type\":\"ListItem\",\"position\":1,\"name\":\"Accueil\",\"item\":\"https:\/\/provence-materiaux-anciens.com\/fr\/\"},{\"@type\":\"ListItem\",\"position\":2,\"name\":\"Produits\",\"item\":\"https:\/\/provence-materiaux-anciens.com\/produit\/\"},{\"@type\":\"ListItem\",\"position\":3,\"name\":\"Charpente bois \u00e9pic\u00e9a\"}]},{\"@type\":\"WebSite\",\"@id\":\"https:\/\/provence-materiaux-anciens.com\/#website\",\"url\":\"https:\/\/provence-materiaux-anciens.com\/\",\"name\":\"Provence Mat\u00e9riaux Anciens\",\"description\":\"Achat et vente de mat\u00e9riaux anciens de construction, poutres, tuiles, planchers, charpentes, dallages, terres cuites.\",\"publisher\":{\"@id\":\"https:\/\/provence-materiaux-anciens.com\/#organization\"},\"potentialAction\":[{\"@type\":\"SearchAction\",\"target\":{\"@type\":\"EntryPoint\",\"urlTemplate\":\"https:\/\/provence-materiaux-anciens.com\/?s={search_term_string}\"},\"query-input\":{\"@type\":\"PropertyValueSpecification\",\"valueRequired\":true,\"valueName\":\"search_term_string\"}}],\"inLanguage\":\"en-US\"},{\"@type\":\"Organization\",\"@id\":\"https:\/\/provence-materiaux-anciens.com\/#organization\",\"name\":\"Provence Mat\u00e9riaux Anciens\",\"url\":\"https:\/\/provence-materiaux-anciens.com\/\",\"logo\":{\"@type\":\"ImageObject\",\"inLanguage\":\"en-US\",\"@id\":\"https:\/\/provence-materiaux-anciens.com\/#\/schema\/logo\/image\/\",\"url\":\"https:\/\/provence-materiaux-anciens.com\/wp-content\/uploads\/2022\/03\/cropped-logo-pma-web.png\",\"contentUrl\":\"https:\/\/provence-materiaux-anciens.com\/wp-content\/uploads\/2022\/03\/cropped-logo-pma-web.png\",\"width\":650,\"height\":434,\"caption\":\"Provence Mat\u00e9riaux Anciens\"},\"image\":{\"@id\":\"https:\/\/provence-materiaux-anciens.com\/#\/schema\/logo\/image\/\"},\"sameAs\":[\"https:\/\/www.facebook.com\/provencemateriauxanciens\",\"https:\/\/www.instagram.com\/provencemateriauxanciens\/\",\"https:\/\/www.pinterest.fr\/provencemateriauxanciens\/\"]}]}<\/script>\n<!-- \/ Yoast SEO Premium plugin. -->","yoast_head_json":{"title":"Spruce framework - Provence Mat\u00e9riaux Anciens","robots":{"index":"index","follow":"follow","max-snippet":"max-snippet:-1","max-image-preview":"max-image-preview:large","max-video-preview":"max-video-preview:-1"},"canonical":"https:\/\/provence-materiaux-anciens.com\/en\/product\/antique-wood-frame\/spruce-frame\/epicea-wood-frame\/","og_locale":"en_US","og_type":"article","og_title":"Charpente bois \u00e9pic\u00e9a","og_description":"R\u00e9f : Charpente \u00e9pic\u00e9a Charpente bois \u00e9pic\u00e9a fabriqu\u00e9e par nos charpentiers. Nous disposons en permanence d'un stock important de poutre en bois d\u2019\u00e9pic\u00e9a. Nos charpentiers fabriquent des charpentes bois sur-mesure pour s'adapter \u00e0 chacun de vos projets. Nous pouvons par ailleurs r\u00e9aliser le montage des de nos fermes en bois.  D\u00e9couvrez nos charpentes en vieux sapin ainsi que nos charpentes en ch\u00eane de r\u00e9cup\u00e9ration.  DIMENSIONS: sur-mesure","og_url":"https:\/\/provence-materiaux-anciens.com\/en\/product\/antique-wood-frame\/spruce-frame\/epicea-wood-frame\/","og_site_name":"Provence Mat\u00e9riaux Anciens","article_publisher":"https:\/\/www.facebook.com\/provencemateriauxanciens","article_modified_time":"2025-09-12T14:40:23+00:00","og_image":[{"width":700,"height":700,"url":"https:\/\/provence-materiaux-anciens.com\/wp-content\/uploads\/2022\/12\/charpente-epicea-bois03.jpg","type":"image\/jpeg"}],"twitter_card":"summary_large_image","twitter_misc":{"Est. reading time":"1 minute"},"schema":{"@context":"https:\/\/schema.org","@graph":[{"@type":"WebPage","@id":"https:\/\/provence-materiaux-anciens.com\/produit\/charpente-vieux-bois\/charpente-epicea\/charpente-bois-epicea\/","url":"https:\/\/provence-materiaux-anciens.com\/produit\/charpente-vieux-bois\/charpente-epicea\/charpente-bois-epicea\/","name":"Spruce framework - Provence Mat\u00e9riaux Anciens","isPartOf":{"@id":"https:\/\/provence-materiaux-anciens.com\/#website"},"primaryImageOfPage":{"@id":"https:\/\/provence-materiaux-anciens.com\/produit\/charpente-vieux-bois\/charpente-epicea\/charpente-bois-epicea\/#primaryimage"},"image":{"@id":"https:\/\/provence-materiaux-anciens.com\/produit\/charpente-vieux-bois\/charpente-epicea\/charpente-bois-epicea\/#primaryimage"},"thumbnailUrl":"https:\/\/provence-materiaux-anciens.com\/wp-content\/uploads\/2022\/12\/charpente-epicea-bois03.jpg","datePublished":"2022-12-02T18:51:37+00:00","dateModified":"2025-09-12T14:40:23+00:00","breadcrumb":{"@id":"https:\/\/provence-materiaux-anciens.com\/produit\/charpente-vieux-bois\/charpente-epicea\/charpente-bois-epicea\/#breadcrumb"},"inLanguage":"en-US","potentialAction":[{"@type":"ReadAction","target":["https:\/\/provence-materiaux-anciens.com\/produit\/charpente-vieux-bois\/charpente-epicea\/charpente-bois-epicea\/"]}]},{"@type":"ImageObject","inLanguage":"en-US","@id":"https:\/\/provence-materiaux-anciens.com\/produit\/charpente-vieux-bois\/charpente-epicea\/charpente-bois-epicea\/#primaryimage","url":"https:\/\/provence-materiaux-anciens.com\/wp-content\/uploads\/2022\/12\/charpente-epicea-bois03.jpg","contentUrl":"https:\/\/provence-materiaux-anciens.com\/wp-content\/uploads\/2022\/12\/charpente-epicea-bois03.jpg","width":700,"height":700,"caption":"charpente-epicea-bois03"},{"@type":"BreadcrumbList","@id":"https:\/\/provence-materiaux-anciens.com\/produit\/charpente-vieux-bois\/charpente-epicea\/charpente-bois-epicea\/#breadcrumb","itemListElement":[{"@type":"ListItem","position":1,"name":"Accueil","item":"https:\/\/provence-materiaux-anciens.com\/fr\/"},{"@type":"ListItem","position":2,"name":"Produits","item":"https:\/\/provence-materiaux-anciens.com\/produit\/"},{"@type":"ListItem","position":3,"name":"Charpente bois \u00e9pic\u00e9a"}]},{"@type":"WebSite","@id":"https:\/\/provence-materiaux-anciens.com\/#website","url":"https:\/\/provence-materiaux-anciens.com\/","name":"Provence Mat\u00e9riaux Anciens","description":"Purchase and sale of old building materials, beams, tiles, floors, frameworks, paving, terracotta.","publisher":{"@id":"https:\/\/provence-materiaux-anciens.com\/#organization"},"potentialAction":[{"@type":"SearchAction","target":{"@type":"EntryPoint","urlTemplate":"https:\/\/provence-materiaux-anciens.com\/?s={search_term_string}"},"query-input":{"@type":"PropertyValueSpecification","valueRequired":true,"valueName":"search_term_string"}}],"inLanguage":"en-US"},{"@type":"Organization","@id":"https:\/\/provence-materiaux-anciens.com\/#organization","name":"Provence Mat\u00e9riaux Anciens","url":"https:\/\/provence-materiaux-anciens.com\/","logo":{"@type":"ImageObject","inLanguage":"en-US","@id":"https:\/\/provence-materiaux-anciens.com\/#\/schema\/logo\/image\/","url":"https:\/\/provence-materiaux-anciens.com\/wp-content\/uploads\/2022\/03\/cropped-logo-pma-web.png","contentUrl":"https:\/\/provence-materiaux-anciens.com\/wp-content\/uploads\/2022\/03\/cropped-logo-pma-web.png","width":650,"height":434,"caption":"Provence Mat\u00e9riaux Anciens"},"image":{"@id":"https:\/\/provence-materiaux-anciens.com\/#\/schema\/logo\/image\/"},"sameAs":["https:\/\/www.facebook.com\/provencemateriauxanciens","https:\/\/www.instagram.com\/provencemateriauxanciens\/","https:\/\/www.pinterest.fr\/provencemateriauxanciens\/"]}]}},"_links":{"self":[{"href":"https:\/\/provence-materiaux-anciens.com\/en\/wp-json\/wp\/v2\/product\/1067","targetHints":{"allow":["GET"]}}],"collection":[{"href":"https:\/\/provence-materiaux-anciens.com\/en\/wp-json\/wp\/v2\/product"}],"about":[{"href":"https:\/\/provence-materiaux-anciens.com\/en\/wp-json\/wp\/v2\/types\/product"}],"wp:featuredmedia":[{"embeddable":true,"href":"https:\/\/provence-materiaux-anciens.com\/en\/wp-json\/wp\/v2\/media\/1699"}],"wp:attachment":[{"href":"https:\/\/provence-materiaux-anciens.com\/en\/wp-json\/wp\/v2\/media?parent=1067"}],"wp:term":[{"taxonomy":"product_brand","embeddable":true,"href":"https:\/\/provence-materiaux-anciens.com\/en\/wp-json\/wp\/v2\/product_brand?post=1067"},{"taxonomy":"product_cat","embeddable":true,"href":"https:\/\/provence-materiaux-anciens.com\/en\/wp-json\/wp\/v2\/product_cat?post=1067"},{"taxonomy":"product_tag","embeddable":true,"href":"https:\/\/provence-materiaux-anciens.com\/en\/wp-json\/wp\/v2\/product_tag?post=1067"}],"curies":[{"name":"wp","href":"https:\/\/api.w.org\/{rel}","templated":true}]}}