{"id":1070,"date":"2022-12-02T18:51:37","date_gmt":"2022-12-02T18:51:37","guid":{"rendered":"https:\/\/provence-materiaux-anciens.com\/?post_type=product&#038;p=1070"},"modified":"2024-03-06T08:56:48","modified_gmt":"2024-03-06T08:56:48","slug":"antique-burgundy-slab","status":"publish","type":"product","link":"https:\/\/provence-materiaux-anciens.com\/en\/product\/floors\/ancient-paving\/burgundy-tiles\/antique-burgundy-slab\/","title":{"rendered":"Antique Stones Bourgogne Flooring"},"content":{"rendered":"<p><span style=\"font-weight: 400;\">Looking for an original, durable floor covering? Then you need to take a look at our Dalle ancienne de Bourgogne.\u00a0<\/span><\/p>\n<h3><span style=\"font-weight: 400;\">Reclaimed Dalle De Bourgogne: a coating with natural charm!<\/span><\/h3>\n<p><span style=\"font-weight: 400;\">Our Dalle ancienne de Bourgogne is made from ancient terracotta. This type of cladding has stood the test of time, and continues to seduce today. Their charm comes first and foremost from their natural appearance. Dalle ancienne de Bourgogne offers a variety of colors and textures for a harmonious floor covering.\u00a0<\/span><\/p>\n<p><span style=\"font-weight: 400;\">This terracotta floor covering can be used for both indoor and outdoor spaces. In fact, you can use it for the external walkways of your home, for the living room, kitchen, bathroom and many others.<\/span><\/p>\n<p><span style=\"font-weight: 400;\">You can combine our Reclaimed Dalle De Bourgogne with both modern and vintage decor. It's easy to mix and match for an even more original look.<\/span><\/p>\n<h3><span style=\"font-weight: 400;\">Reclaimed Dalle De Bourgogne: safety, durability and solidity guaranteed!\u00a0<\/span><\/h3>\n<p><span style=\"font-weight: 400;\">If you live with children or the elderly, this would be another reason to choose these terracotta tiles for your home. These are non-slip tiles, which will protect the home's inhabitants from repeated falls. What's more, these tiles are strong enough to withstand violent impacts. Well-maintained, you won't have to change them even after fifty years.\u00a0<\/span><\/p>\n<p><span style=\"font-weight: 400;\">These 3 mm thick tiles are particularly suitable for underfloor heating. Made from terracotta, they are able to retain temperature. So they'll cool you down in hot weather and warm you up in cold.\u00a0<\/span><\/p>\n<p><span style=\"font-weight: 400;\">Last but not least, these tiles are eco-friendly. They're environmentally friendly, thanks to the naturalness of the base material - earth.\u00a0<\/span><\/p>\n<p>&nbsp;<\/p>\n<p><span style=\"font-weight: 400;\">Don't wait any longer, order our Reclaimed Dalle De Bourgogne to give your home that special touch of elegance!<\/span><\/p>\n<p>&nbsp;<\/p>","protected":false},"excerpt":{"rendered":"<h2><strong>Ref: <\/strong>Antique Burgundy flagstone for interiors (Dalb04)<\/h2>\n<p>Reclaimed Dalle De Bourgogne for interiors. This antique reclaimed paving is selected for its incomparable patina.  Antique Burgundy flagstones originated in town and country houses, and today bring an authentic style to your buildings. The very nature of old paving allows for variations in texture and color from batch to batch. All our experience is needed to find the most interesting lots of Reclaimed Dalle De Bourgogne. \nWe can cut Reclaimed Dalle De Bourgogne to a thickness of 3 cm for easier installation and to ensure compatibility with underfloor heating. Reclaimed Dalle De Bourgogne is traditionally laid in opus.<\/p>\n<div>\n<p><strong>DIMENSIONS:<\/strong> variable (opus incertum)<\/p>\n<p><strong>THICKNESS:<\/strong> variable or sawn to 3 cm<\/p>\n<\/div>","protected":false},"featured_media":1625,"template":"","meta":{"_monsterinsights_skip_tracking":false,"_monsterinsights_sitenote_active":false,"_monsterinsights_sitenote_note":"","_monsterinsights_sitenote_category":0},"product_brand":[],"product_cat":[36,39,32],"product_tag":[],"class_list":{"0":"post-1070","1":"product","2":"type-product","3":"status-publish","4":"has-post-thumbnail","6":"product_cat-dallages-anciens","7":"product_cat-dalles-de-bourgogne","8":"product_cat-sols","10":"first","11":"instock","12":"shipping-taxable","13":"product-type-simple"},"yoast_head":"<!-- This site is optimized with the Yoast SEO Premium plugin v22.1 (Yoast SEO v24.6) - https:\/\/yoast.com\/wordpress\/plugins\/seo\/ -->\n<title>Dalle ancienne de Bourgogne - Provence Mat\u00e9riaux Anciens<\/title>\n<meta name=\"robots\" content=\"index, follow, max-snippet:-1, max-image-preview:large, max-video-preview:-1\" \/>\n<link rel=\"canonical\" href=\"https:\/\/provence-materiaux-anciens.com\/en\/product\/floors\/ancient-paving\/burgundy-tiles\/antique-burgundy-slab\/\" \/>\n<meta property=\"og:locale\" content=\"en_US\" \/>\n<meta property=\"og:type\" content=\"article\" \/>\n<meta property=\"og:title\" content=\"Dalle ancienne de Bourgogne\" \/>\n<meta property=\"og:description\" content=\"Ref: Dalle ancienne de Bourgogne pour int\u00e9rieur (Dalb04) Dalle ancienne de Bourgogne pour int\u00e9rieur. Ce dallage de r\u00e9cup\u00e9ration ancien est s\u00e9lectionn\u00e9 pour sa patine incomparable.\u00a0 Les dalles de Bourgogne anciennes sont issues des maisons de villes et de campagne et permettent aujourd&#039;hui un style authentique dans vos constructions. La nature m\u00eame des vieux dallages permet des variations de textures et de couleurs d&#039;un lot \u00e0 l&#039;autre. Toute notre exp\u00e9rience est n\u00e9cessaire pour parvenir \u00e0 trouver les lots les plus int\u00e9ressants de dalles de Bourgogne anciennes. Nous pouvons couper les vieilles pierres de Bourgogne dans l&#039;\u00e9paisseur \u00e0 3 cm pour une pose plus facile et assurer une compatibilit\u00e9 avec du plancher chauffant. Le vieux dallage de Bourgogne se pose traditionnellement en opus.   DIMENSIONS: variable (pose en opus incertum)  \u00c9PAISSEUR: variable ou sci\u00e9e \u00e0 3 cm\" \/>\n<meta property=\"og:url\" content=\"https:\/\/provence-materiaux-anciens.com\/en\/product\/floors\/ancient-paving\/burgundy-tiles\/antique-burgundy-slab\/\" \/>\n<meta property=\"og:site_name\" content=\"Provence Mat\u00e9riaux Anciens\" \/>\n<meta property=\"article:publisher\" content=\"https:\/\/www.facebook.com\/provencemateriauxanciens\" \/>\n<meta property=\"article:modified_time\" content=\"2024-03-06T08:56:48+00:00\" \/>\n<meta property=\"og:image\" content=\"https:\/\/provence-materiaux-anciens.com\/wp-content\/uploads\/2022\/12\/dalle-ancienne-de-bourgogne01.jpg\" \/>\n\t<meta property=\"og:image:width\" content=\"700\" \/>\n\t<meta property=\"og:image:height\" content=\"700\" \/>\n\t<meta property=\"og:image:type\" content=\"image\/jpeg\" \/>\n<meta name=\"twitter:card\" content=\"summary_large_image\" \/>\n<meta name=\"twitter:label1\" content=\"Est. reading time\" \/>\n\t<meta name=\"twitter:data1\" content=\"2 minutes\" \/>\n<script type=\"application\/ld+json\" class=\"yoast-schema-graph\">{\"@context\":\"https:\/\/schema.org\",\"@graph\":[{\"@type\":\"WebPage\",\"@id\":\"https:\/\/provence-materiaux-anciens.com\/produit\/sols\/dallages-anciens\/dalles-de-bourgogne\/dalle-ancienne-de-bourgogne\/\",\"url\":\"https:\/\/provence-materiaux-anciens.com\/produit\/sols\/dallages-anciens\/dalles-de-bourgogne\/dalle-ancienne-de-bourgogne\/\",\"name\":\"Dalle ancienne de Bourgogne - Provence Mat\u00e9riaux Anciens\",\"isPartOf\":{\"@id\":\"https:\/\/provence-materiaux-anciens.com\/#website\"},\"primaryImageOfPage\":{\"@id\":\"https:\/\/provence-materiaux-anciens.com\/produit\/sols\/dallages-anciens\/dalles-de-bourgogne\/dalle-ancienne-de-bourgogne\/#primaryimage\"},\"image\":{\"@id\":\"https:\/\/provence-materiaux-anciens.com\/produit\/sols\/dallages-anciens\/dalles-de-bourgogne\/dalle-ancienne-de-bourgogne\/#primaryimage\"},\"thumbnailUrl\":\"https:\/\/provence-materiaux-anciens.com\/wp-content\/uploads\/2022\/12\/dalle-ancienne-de-bourgogne01.jpg\",\"datePublished\":\"2022-12-02T18:51:37+00:00\",\"dateModified\":\"2024-03-06T08:56:48+00:00\",\"breadcrumb\":{\"@id\":\"https:\/\/provence-materiaux-anciens.com\/produit\/sols\/dallages-anciens\/dalles-de-bourgogne\/dalle-ancienne-de-bourgogne\/#breadcrumb\"},\"inLanguage\":\"en-US\",\"potentialAction\":[{\"@type\":\"ReadAction\",\"target\":[\"https:\/\/provence-materiaux-anciens.com\/produit\/sols\/dallages-anciens\/dalles-de-bourgogne\/dalle-ancienne-de-bourgogne\/\"]}]},{\"@type\":\"ImageObject\",\"inLanguage\":\"en-US\",\"@id\":\"https:\/\/provence-materiaux-anciens.com\/produit\/sols\/dallages-anciens\/dalles-de-bourgogne\/dalle-ancienne-de-bourgogne\/#primaryimage\",\"url\":\"https:\/\/provence-materiaux-anciens.com\/wp-content\/uploads\/2022\/12\/dalle-ancienne-de-bourgogne01.jpg\",\"contentUrl\":\"https:\/\/provence-materiaux-anciens.com\/wp-content\/uploads\/2022\/12\/dalle-ancienne-de-bourgogne01.jpg\",\"width\":700,\"height\":700,\"caption\":\"dalle-ancienne-de-bourgogne01\"},{\"@type\":\"BreadcrumbList\",\"@id\":\"https:\/\/provence-materiaux-anciens.com\/produit\/sols\/dallages-anciens\/dalles-de-bourgogne\/dalle-ancienne-de-bourgogne\/#breadcrumb\",\"itemListElement\":[{\"@type\":\"ListItem\",\"position\":1,\"name\":\"Accueil\",\"item\":\"https:\/\/provence-materiaux-anciens.com\/fr\/\"},{\"@type\":\"ListItem\",\"position\":2,\"name\":\"Produits\",\"item\":\"https:\/\/provence-materiaux-anciens.com\/produit\/\"},{\"@type\":\"ListItem\",\"position\":3,\"name\":\"Dalle ancienne de Bourgogne\"}]},{\"@type\":\"WebSite\",\"@id\":\"https:\/\/provence-materiaux-anciens.com\/#website\",\"url\":\"https:\/\/provence-materiaux-anciens.com\/\",\"name\":\"Provence Mat\u00e9riaux Anciens\",\"description\":\"Achat et vente de mat\u00e9riaux anciens de construction, poutres, tuiles, planchers, charpentes, dallages, terres cuites.\",\"publisher\":{\"@id\":\"https:\/\/provence-materiaux-anciens.com\/#organization\"},\"potentialAction\":[{\"@type\":\"SearchAction\",\"target\":{\"@type\":\"EntryPoint\",\"urlTemplate\":\"https:\/\/provence-materiaux-anciens.com\/?s={search_term_string}\"},\"query-input\":{\"@type\":\"PropertyValueSpecification\",\"valueRequired\":true,\"valueName\":\"search_term_string\"}}],\"inLanguage\":\"en-US\"},{\"@type\":\"Organization\",\"@id\":\"https:\/\/provence-materiaux-anciens.com\/#organization\",\"name\":\"Provence Mat\u00e9riaux Anciens\",\"url\":\"https:\/\/provence-materiaux-anciens.com\/\",\"logo\":{\"@type\":\"ImageObject\",\"inLanguage\":\"en-US\",\"@id\":\"https:\/\/provence-materiaux-anciens.com\/#\/schema\/logo\/image\/\",\"url\":\"https:\/\/provence-materiaux-anciens.com\/wp-content\/uploads\/2022\/03\/cropped-logo-pma-web.png\",\"contentUrl\":\"https:\/\/provence-materiaux-anciens.com\/wp-content\/uploads\/2022\/03\/cropped-logo-pma-web.png\",\"width\":650,\"height\":434,\"caption\":\"Provence Mat\u00e9riaux Anciens\"},\"image\":{\"@id\":\"https:\/\/provence-materiaux-anciens.com\/#\/schema\/logo\/image\/\"},\"sameAs\":[\"https:\/\/www.facebook.com\/provencemateriauxanciens\",\"https:\/\/www.instagram.com\/provencemateriauxanciens\/\",\"https:\/\/www.pinterest.fr\/provencemateriauxanciens\/\"]}]}<\/script>\n<!-- \/ Yoast SEO Premium plugin. -->","yoast_head_json":{"title":"Antique Burgundy slab - Provence Mat\u00e9riaux Anciens","robots":{"index":"index","follow":"follow","max-snippet":"max-snippet:-1","max-image-preview":"max-image-preview:large","max-video-preview":"max-video-preview:-1"},"canonical":"https:\/\/provence-materiaux-anciens.com\/en\/product\/floors\/ancient-paving\/burgundy-tiles\/antique-burgundy-slab\/","og_locale":"en_US","og_type":"article","og_title":"Dalle ancienne de Bourgogne","og_description":"Ref: Dalle ancienne de Bourgogne pour int\u00e9rieur (Dalb04) Dalle ancienne de Bourgogne pour int\u00e9rieur. Ce dallage de r\u00e9cup\u00e9ration ancien est s\u00e9lectionn\u00e9 pour sa patine incomparable.\u00a0 Les dalles de Bourgogne anciennes sont issues des maisons de villes et de campagne et permettent aujourd'hui un style authentique dans vos constructions. La nature m\u00eame des vieux dallages permet des variations de textures et de couleurs d'un lot \u00e0 l'autre. Toute notre exp\u00e9rience est n\u00e9cessaire pour parvenir \u00e0 trouver les lots les plus int\u00e9ressants de dalles de Bourgogne anciennes. Nous pouvons couper les vieilles pierres de Bourgogne dans l'\u00e9paisseur \u00e0 3 cm pour une pose plus facile et assurer une compatibilit\u00e9 avec du plancher chauffant. Le vieux dallage de Bourgogne se pose traditionnellement en opus.   DIMENSIONS: variable (pose en opus incertum)  \u00c9PAISSEUR: variable ou sci\u00e9e \u00e0 3 cm","og_url":"https:\/\/provence-materiaux-anciens.com\/en\/product\/floors\/ancient-paving\/burgundy-tiles\/antique-burgundy-slab\/","og_site_name":"Provence Mat\u00e9riaux Anciens","article_publisher":"https:\/\/www.facebook.com\/provencemateriauxanciens","article_modified_time":"2024-03-06T08:56:48+00:00","og_image":[{"width":700,"height":700,"url":"https:\/\/provence-materiaux-anciens.com\/wp-content\/uploads\/2022\/12\/dalle-ancienne-de-bourgogne01.jpg","type":"image\/jpeg"}],"twitter_card":"summary_large_image","twitter_misc":{"Est. reading time":"2 minutes"},"schema":{"@context":"https:\/\/schema.org","@graph":[{"@type":"WebPage","@id":"https:\/\/provence-materiaux-anciens.com\/produit\/sols\/dallages-anciens\/dalles-de-bourgogne\/dalle-ancienne-de-bourgogne\/","url":"https:\/\/provence-materiaux-anciens.com\/produit\/sols\/dallages-anciens\/dalles-de-bourgogne\/dalle-ancienne-de-bourgogne\/","name":"Antique Burgundy slab - Provence Mat\u00e9riaux Anciens","isPartOf":{"@id":"https:\/\/provence-materiaux-anciens.com\/#website"},"primaryImageOfPage":{"@id":"https:\/\/provence-materiaux-anciens.com\/produit\/sols\/dallages-anciens\/dalles-de-bourgogne\/dalle-ancienne-de-bourgogne\/#primaryimage"},"image":{"@id":"https:\/\/provence-materiaux-anciens.com\/produit\/sols\/dallages-anciens\/dalles-de-bourgogne\/dalle-ancienne-de-bourgogne\/#primaryimage"},"thumbnailUrl":"https:\/\/provence-materiaux-anciens.com\/wp-content\/uploads\/2022\/12\/dalle-ancienne-de-bourgogne01.jpg","datePublished":"2022-12-02T18:51:37+00:00","dateModified":"2024-03-06T08:56:48+00:00","breadcrumb":{"@id":"https:\/\/provence-materiaux-anciens.com\/produit\/sols\/dallages-anciens\/dalles-de-bourgogne\/dalle-ancienne-de-bourgogne\/#breadcrumb"},"inLanguage":"en-US","potentialAction":[{"@type":"ReadAction","target":["https:\/\/provence-materiaux-anciens.com\/produit\/sols\/dallages-anciens\/dalles-de-bourgogne\/dalle-ancienne-de-bourgogne\/"]}]},{"@type":"ImageObject","inLanguage":"en-US","@id":"https:\/\/provence-materiaux-anciens.com\/produit\/sols\/dallages-anciens\/dalles-de-bourgogne\/dalle-ancienne-de-bourgogne\/#primaryimage","url":"https:\/\/provence-materiaux-anciens.com\/wp-content\/uploads\/2022\/12\/dalle-ancienne-de-bourgogne01.jpg","contentUrl":"https:\/\/provence-materiaux-anciens.com\/wp-content\/uploads\/2022\/12\/dalle-ancienne-de-bourgogne01.jpg","width":700,"height":700,"caption":"dalle-ancienne-de-bourgogne01"},{"@type":"BreadcrumbList","@id":"https:\/\/provence-materiaux-anciens.com\/produit\/sols\/dallages-anciens\/dalles-de-bourgogne\/dalle-ancienne-de-bourgogne\/#breadcrumb","itemListElement":[{"@type":"ListItem","position":1,"name":"Accueil","item":"https:\/\/provence-materiaux-anciens.com\/fr\/"},{"@type":"ListItem","position":2,"name":"Produits","item":"https:\/\/provence-materiaux-anciens.com\/produit\/"},{"@type":"ListItem","position":3,"name":"Dalle ancienne de Bourgogne"}]},{"@type":"WebSite","@id":"https:\/\/provence-materiaux-anciens.com\/#website","url":"https:\/\/provence-materiaux-anciens.com\/","name":"Provence Mat\u00e9riaux Anciens","description":"Purchase and sale of old building materials, beams, tiles, floors, frameworks, paving, terracotta.","publisher":{"@id":"https:\/\/provence-materiaux-anciens.com\/#organization"},"potentialAction":[{"@type":"SearchAction","target":{"@type":"EntryPoint","urlTemplate":"https:\/\/provence-materiaux-anciens.com\/?s={search_term_string}"},"query-input":{"@type":"PropertyValueSpecification","valueRequired":true,"valueName":"search_term_string"}}],"inLanguage":"en-US"},{"@type":"Organization","@id":"https:\/\/provence-materiaux-anciens.com\/#organization","name":"Provence Mat\u00e9riaux Anciens","url":"https:\/\/provence-materiaux-anciens.com\/","logo":{"@type":"ImageObject","inLanguage":"en-US","@id":"https:\/\/provence-materiaux-anciens.com\/#\/schema\/logo\/image\/","url":"https:\/\/provence-materiaux-anciens.com\/wp-content\/uploads\/2022\/03\/cropped-logo-pma-web.png","contentUrl":"https:\/\/provence-materiaux-anciens.com\/wp-content\/uploads\/2022\/03\/cropped-logo-pma-web.png","width":650,"height":434,"caption":"Provence Mat\u00e9riaux Anciens"},"image":{"@id":"https:\/\/provence-materiaux-anciens.com\/#\/schema\/logo\/image\/"},"sameAs":["https:\/\/www.facebook.com\/provencemateriauxanciens","https:\/\/www.instagram.com\/provencemateriauxanciens\/","https:\/\/www.pinterest.fr\/provencemateriauxanciens\/"]}]}},"_links":{"self":[{"href":"https:\/\/provence-materiaux-anciens.com\/en\/wp-json\/wp\/v2\/product\/1070","targetHints":{"allow":["GET"]}}],"collection":[{"href":"https:\/\/provence-materiaux-anciens.com\/en\/wp-json\/wp\/v2\/product"}],"about":[{"href":"https:\/\/provence-materiaux-anciens.com\/en\/wp-json\/wp\/v2\/types\/product"}],"wp:featuredmedia":[{"embeddable":true,"href":"https:\/\/provence-materiaux-anciens.com\/en\/wp-json\/wp\/v2\/media\/1625"}],"wp:attachment":[{"href":"https:\/\/provence-materiaux-anciens.com\/en\/wp-json\/wp\/v2\/media?parent=1070"}],"wp:term":[{"taxonomy":"product_brand","embeddable":true,"href":"https:\/\/provence-materiaux-anciens.com\/en\/wp-json\/wp\/v2\/product_brand?post=1070"},{"taxonomy":"product_cat","embeddable":true,"href":"https:\/\/provence-materiaux-anciens.com\/en\/wp-json\/wp\/v2\/product_cat?post=1070"},{"taxonomy":"product_tag","embeddable":true,"href":"https:\/\/provence-materiaux-anciens.com\/en\/wp-json\/wp\/v2\/product_tag?post=1070"}],"curies":[{"name":"wp","href":"https:\/\/api.w.org\/{rel}","templated":true}]}}