{"id":1076,"date":"2022-12-02T18:51:38","date_gmt":"2022-12-02T18:51:38","guid":{"rendered":"https:\/\/provence-materiaux-anciens.com\/?post_type=product&#038;p=1076"},"modified":"2024-03-06T08:56:47","modified_gmt":"2024-03-06T08:56:47","slug":"vieux-dallage-bar-de-montpellier","status":"publish","type":"product","link":"https:\/\/provence-materiaux-anciens.com\/en\/product\/floors\/ancient-paving\/antique-paving\/vieux-dallage-bar-de-montpellier\/","title":{"rendered":"Reclaimed French Limestone From Montpellier"},"content":{"rendered":"<p><span style=\"font-weight: 400;\">Give your home the originality and splendor it deserves with our Reclaimed French Limestone From Montpellier !<\/span><\/p>\n<h3><span style=\"font-weight: 400;\">Choose this old paving for an elegant and refined covering for your home!<\/span><\/h3>\n<p><span style=\"font-weight: 400;\">The choice of flooring for a home under construction or renovation is very important. Our Reclaimed French Limestone From Montpellier is a vintage floor covering, particularly suited to interior decoration. You can use it to create a friendly, pleasant atmosphere in rooms where you'll spend a good part of your life.\u00a0<\/span><\/p>\n<p><span style=\"font-weight: 400;\">These tiles, made from ancient terracotta, will give your home a rustic design. They can be used to cover any room in the house, and will add the finishing touch to any renovation project. They're easy to install and easy to match.\u00a0<\/span><\/p>\n<h3><span style=\"font-weight: 400;\">A coating that stands the test of time<\/span><\/h3>\n<p><span style=\"font-weight: 400;\">Our Reclaimed French Limestone From Montpellier is extremely hard-wearing, to say the least. The terracotta from which it's made means it can last for decades. Opting for these paving stones means choosing a solid covering capable of withstanding extreme shocks.\u00a0<\/span><\/p>\n<p><span style=\"font-weight: 400;\">The paving is slip-resistant, providing maximum safety for the home's inhabitants. The risk of falling is reduced by the fact that the flooring grips well on the feet (with or without shoes).\u00a0<\/span><\/p>\n<p><span style=\"font-weight: 400;\">Old tiles need to be cleaned on a regular basis to prevent dirt build-up. With simple natural products such as black soap, baking soda or white vinegar, you'll be able to care for these tiles to perfection. They'll always be bright and shiny, and at the same time, they'll last an eternity.<\/span><\/p>\n<p><span style=\"font-weight: 400;\">Don't waste any more time, order now our Reclaimed French Limestone From Montpellier to give your home the originality you've been looking for!<\/span><\/p>","protected":false},"excerpt":{"rendered":"<h2><strong>Ref: <\/strong>Old Montpellier bar paving (DAL03)<\/h2>\n<ul>\n<li><b>Length<\/b> : 70 cm<\/li>\n<li><b>Width <\/b>: 50 cm<\/li>\n<li><b>Thickness<\/b> 3 cm (compatible with underfloor heating)<\/li>\n<li><b>Availability<\/b> : Random, don't hesitate to contact us<a href=\"https:\/\/provence-materiaux-anciens.com\/en\/contact\/\"> contact<\/a> if you wish to know the availability of the product<\/li>\n<\/ul>\n<p>Reclaimed French Limestone From Montpellier from the H\u00e9rault region. This antique paving is a symbol of traditional Montpellier architecture. Old Montpellier bars are designed for indoor use only. These antique reclaimed slabs were quarried in the H\u00e9rault region in the 18th and 19th centuries. Antique Montpellier bars are characteristic of the buildings in this region. Old bars have gray tones.<\/p>\n<p>&nbsp;<\/p>","protected":false},"featured_media":2091,"template":"","meta":{"_monsterinsights_skip_tracking":false,"_monsterinsights_sitenote_active":false,"_monsterinsights_sitenote_note":"","_monsterinsights_sitenote_category":0},"product_brand":[],"product_cat":[36,37,32],"product_tag":[],"class_list":{"0":"post-1076","1":"product","2":"type-product","3":"status-publish","4":"has-post-thumbnail","6":"product_cat-dallages-anciens","7":"product_cat-dallage-ancien","8":"product_cat-sols","10":"first","11":"instock","12":"shipping-taxable","13":"product-type-simple"},"yoast_head":"<!-- This site is optimized with the Yoast SEO Premium plugin v22.1 (Yoast SEO v24.6) - https:\/\/yoast.com\/wordpress\/plugins\/seo\/ -->\n<title>Vieux dallage bar de Montpellier - Provence Mat\u00e9riaux Anciens<\/title>\n<meta name=\"robots\" content=\"index, follow, max-snippet:-1, max-image-preview:large, max-video-preview:-1\" \/>\n<link rel=\"canonical\" href=\"https:\/\/provence-materiaux-anciens.com\/en\/product\/floors\/ancient-paving\/antique-paving\/vieux-dallage-bar-de-montpellier\/\" \/>\n<meta property=\"og:locale\" content=\"en_US\" \/>\n<meta property=\"og:type\" content=\"article\" \/>\n<meta property=\"og:title\" content=\"Vieux dallage bar de Montpellier\" \/>\n<meta property=\"og:description\" content=\"Ref: Vieux dallage bar de Montpellier (DAL03)   Longueur : 70 cm  Largeur : 50 cm  \u00c9paisseur :\u00a0 3 cm (compatible avec plancher chauffant)  Disponibilit\u00e9 : Al\u00e9atoire, n&#039;h\u00e9sitez pas \u00e0 nous contacter si vous souhaitez savoir la disponibilit\u00e9 du produit  Vieux dallage bar de Montpellier originaire de l\u2019H\u00e9rault. Ce dallage ancien est un symbole de l&#039;architecture traditionnelle Montpelli\u00e9raine. Les bars de Montpellier anciens sont destin\u00e9s \u00e0 une pose exclusivement en int\u00e9rieur. Ces dalles anciennes de r\u00e9cup\u00e9ration furent extraites des carri\u00e8res h\u00e9raultaises aux XVIIIe et XIX\u00e8me si\u00e8cles. Les bars de Montpellier anciens sont caract\u00e9ristiques des constructions de cette r\u00e9gion. Les vieux bars ont des teintes dans les couleurs grises.  &nbsp;\" \/>\n<meta property=\"og:url\" content=\"https:\/\/provence-materiaux-anciens.com\/en\/product\/floors\/ancient-paving\/antique-paving\/vieux-dallage-bar-de-montpellier\/\" \/>\n<meta property=\"og:site_name\" content=\"Provence Mat\u00e9riaux Anciens\" \/>\n<meta property=\"article:publisher\" content=\"https:\/\/www.facebook.com\/provencemateriauxanciens\" \/>\n<meta property=\"article:modified_time\" content=\"2024-03-06T08:56:47+00:00\" \/>\n<meta property=\"og:image\" content=\"https:\/\/provence-materiaux-anciens.com\/wp-content\/uploads\/2022\/12\/vieux-dallage-bar-montpeller01.jpg\" \/>\n\t<meta property=\"og:image:width\" content=\"700\" \/>\n\t<meta property=\"og:image:height\" content=\"700\" \/>\n\t<meta property=\"og:image:type\" content=\"image\/jpeg\" \/>\n<meta name=\"twitter:card\" content=\"summary_large_image\" \/>\n<meta name=\"twitter:label1\" content=\"Est. reading time\" \/>\n\t<meta name=\"twitter:data1\" content=\"2 minutes\" \/>\n<script type=\"application\/ld+json\" class=\"yoast-schema-graph\">{\"@context\":\"https:\/\/schema.org\",\"@graph\":[{\"@type\":\"WebPage\",\"@id\":\"https:\/\/provence-materiaux-anciens.com\/produit\/sols\/dallages-anciens\/dallage-ancien\/vieux-dallage-bar-de-montpellier\/\",\"url\":\"https:\/\/provence-materiaux-anciens.com\/produit\/sols\/dallages-anciens\/dallage-ancien\/vieux-dallage-bar-de-montpellier\/\",\"name\":\"Vieux dallage bar de Montpellier - Provence Mat\u00e9riaux Anciens\",\"isPartOf\":{\"@id\":\"https:\/\/provence-materiaux-anciens.com\/#website\"},\"primaryImageOfPage\":{\"@id\":\"https:\/\/provence-materiaux-anciens.com\/produit\/sols\/dallages-anciens\/dallage-ancien\/vieux-dallage-bar-de-montpellier\/#primaryimage\"},\"image\":{\"@id\":\"https:\/\/provence-materiaux-anciens.com\/produit\/sols\/dallages-anciens\/dallage-ancien\/vieux-dallage-bar-de-montpellier\/#primaryimage\"},\"thumbnailUrl\":\"https:\/\/provence-materiaux-anciens.com\/wp-content\/uploads\/2022\/12\/vieux-dallage-bar-montpeller01.jpg\",\"datePublished\":\"2022-12-02T18:51:38+00:00\",\"dateModified\":\"2024-03-06T08:56:47+00:00\",\"breadcrumb\":{\"@id\":\"https:\/\/provence-materiaux-anciens.com\/produit\/sols\/dallages-anciens\/dallage-ancien\/vieux-dallage-bar-de-montpellier\/#breadcrumb\"},\"inLanguage\":\"en-US\",\"potentialAction\":[{\"@type\":\"ReadAction\",\"target\":[\"https:\/\/provence-materiaux-anciens.com\/produit\/sols\/dallages-anciens\/dallage-ancien\/vieux-dallage-bar-de-montpellier\/\"]}]},{\"@type\":\"ImageObject\",\"inLanguage\":\"en-US\",\"@id\":\"https:\/\/provence-materiaux-anciens.com\/produit\/sols\/dallages-anciens\/dallage-ancien\/vieux-dallage-bar-de-montpellier\/#primaryimage\",\"url\":\"https:\/\/provence-materiaux-anciens.com\/wp-content\/uploads\/2022\/12\/vieux-dallage-bar-montpeller01.jpg\",\"contentUrl\":\"https:\/\/provence-materiaux-anciens.com\/wp-content\/uploads\/2022\/12\/vieux-dallage-bar-montpeller01.jpg\",\"width\":700,\"height\":700,\"caption\":\"vieux dallage bar de montpellier\"},{\"@type\":\"BreadcrumbList\",\"@id\":\"https:\/\/provence-materiaux-anciens.com\/produit\/sols\/dallages-anciens\/dallage-ancien\/vieux-dallage-bar-de-montpellier\/#breadcrumb\",\"itemListElement\":[{\"@type\":\"ListItem\",\"position\":1,\"name\":\"Accueil\",\"item\":\"https:\/\/provence-materiaux-anciens.com\/fr\/\"},{\"@type\":\"ListItem\",\"position\":2,\"name\":\"Produits\",\"item\":\"https:\/\/provence-materiaux-anciens.com\/produit\/\"},{\"@type\":\"ListItem\",\"position\":3,\"name\":\"Vieux dallage bar de Montpellier\"}]},{\"@type\":\"WebSite\",\"@id\":\"https:\/\/provence-materiaux-anciens.com\/#website\",\"url\":\"https:\/\/provence-materiaux-anciens.com\/\",\"name\":\"Provence Mat\u00e9riaux Anciens\",\"description\":\"Achat et vente de mat\u00e9riaux anciens de construction, poutres, tuiles, planchers, charpentes, dallages, terres cuites.\",\"publisher\":{\"@id\":\"https:\/\/provence-materiaux-anciens.com\/#organization\"},\"potentialAction\":[{\"@type\":\"SearchAction\",\"target\":{\"@type\":\"EntryPoint\",\"urlTemplate\":\"https:\/\/provence-materiaux-anciens.com\/?s={search_term_string}\"},\"query-input\":{\"@type\":\"PropertyValueSpecification\",\"valueRequired\":true,\"valueName\":\"search_term_string\"}}],\"inLanguage\":\"en-US\"},{\"@type\":\"Organization\",\"@id\":\"https:\/\/provence-materiaux-anciens.com\/#organization\",\"name\":\"Provence Mat\u00e9riaux Anciens\",\"url\":\"https:\/\/provence-materiaux-anciens.com\/\",\"logo\":{\"@type\":\"ImageObject\",\"inLanguage\":\"en-US\",\"@id\":\"https:\/\/provence-materiaux-anciens.com\/#\/schema\/logo\/image\/\",\"url\":\"https:\/\/provence-materiaux-anciens.com\/wp-content\/uploads\/2022\/03\/cropped-logo-pma-web.png\",\"contentUrl\":\"https:\/\/provence-materiaux-anciens.com\/wp-content\/uploads\/2022\/03\/cropped-logo-pma-web.png\",\"width\":650,\"height\":434,\"caption\":\"Provence Mat\u00e9riaux Anciens\"},\"image\":{\"@id\":\"https:\/\/provence-materiaux-anciens.com\/#\/schema\/logo\/image\/\"},\"sameAs\":[\"https:\/\/www.facebook.com\/provencemateriauxanciens\",\"https:\/\/www.instagram.com\/provencemateriauxanciens\/\",\"https:\/\/www.pinterest.fr\/provencemateriauxanciens\/\"]}]}<\/script>\n<!-- \/ Yoast SEO Premium plugin. -->","yoast_head_json":{"title":"Old bar paving from Montpellier - Provence Mat\u00e9riaux Anciens","robots":{"index":"index","follow":"follow","max-snippet":"max-snippet:-1","max-image-preview":"max-image-preview:large","max-video-preview":"max-video-preview:-1"},"canonical":"https:\/\/provence-materiaux-anciens.com\/en\/product\/floors\/ancient-paving\/antique-paving\/vieux-dallage-bar-de-montpellier\/","og_locale":"en_US","og_type":"article","og_title":"Vieux dallage bar de Montpellier","og_description":"Ref: Vieux dallage bar de Montpellier (DAL03)   Longueur : 70 cm  Largeur : 50 cm  \u00c9paisseur :\u00a0 3 cm (compatible avec plancher chauffant)  Disponibilit\u00e9 : Al\u00e9atoire, n'h\u00e9sitez pas \u00e0 nous contacter si vous souhaitez savoir la disponibilit\u00e9 du produit  Vieux dallage bar de Montpellier originaire de l\u2019H\u00e9rault. Ce dallage ancien est un symbole de l'architecture traditionnelle Montpelli\u00e9raine. Les bars de Montpellier anciens sont destin\u00e9s \u00e0 une pose exclusivement en int\u00e9rieur. Ces dalles anciennes de r\u00e9cup\u00e9ration furent extraites des carri\u00e8res h\u00e9raultaises aux XVIIIe et XIX\u00e8me si\u00e8cles. Les bars de Montpellier anciens sont caract\u00e9ristiques des constructions de cette r\u00e9gion. Les vieux bars ont des teintes dans les couleurs grises.  &nbsp;","og_url":"https:\/\/provence-materiaux-anciens.com\/en\/product\/floors\/ancient-paving\/antique-paving\/vieux-dallage-bar-de-montpellier\/","og_site_name":"Provence Mat\u00e9riaux Anciens","article_publisher":"https:\/\/www.facebook.com\/provencemateriauxanciens","article_modified_time":"2024-03-06T08:56:47+00:00","og_image":[{"width":700,"height":700,"url":"https:\/\/provence-materiaux-anciens.com\/wp-content\/uploads\/2022\/12\/vieux-dallage-bar-montpeller01.jpg","type":"image\/jpeg"}],"twitter_card":"summary_large_image","twitter_misc":{"Est. reading time":"2 minutes"},"schema":{"@context":"https:\/\/schema.org","@graph":[{"@type":"WebPage","@id":"https:\/\/provence-materiaux-anciens.com\/produit\/sols\/dallages-anciens\/dallage-ancien\/vieux-dallage-bar-de-montpellier\/","url":"https:\/\/provence-materiaux-anciens.com\/produit\/sols\/dallages-anciens\/dallage-ancien\/vieux-dallage-bar-de-montpellier\/","name":"Old bar paving from Montpellier - Provence Mat\u00e9riaux Anciens","isPartOf":{"@id":"https:\/\/provence-materiaux-anciens.com\/#website"},"primaryImageOfPage":{"@id":"https:\/\/provence-materiaux-anciens.com\/produit\/sols\/dallages-anciens\/dallage-ancien\/vieux-dallage-bar-de-montpellier\/#primaryimage"},"image":{"@id":"https:\/\/provence-materiaux-anciens.com\/produit\/sols\/dallages-anciens\/dallage-ancien\/vieux-dallage-bar-de-montpellier\/#primaryimage"},"thumbnailUrl":"https:\/\/provence-materiaux-anciens.com\/wp-content\/uploads\/2022\/12\/vieux-dallage-bar-montpeller01.jpg","datePublished":"2022-12-02T18:51:38+00:00","dateModified":"2024-03-06T08:56:47+00:00","breadcrumb":{"@id":"https:\/\/provence-materiaux-anciens.com\/produit\/sols\/dallages-anciens\/dallage-ancien\/vieux-dallage-bar-de-montpellier\/#breadcrumb"},"inLanguage":"en-US","potentialAction":[{"@type":"ReadAction","target":["https:\/\/provence-materiaux-anciens.com\/produit\/sols\/dallages-anciens\/dallage-ancien\/vieux-dallage-bar-de-montpellier\/"]}]},{"@type":"ImageObject","inLanguage":"en-US","@id":"https:\/\/provence-materiaux-anciens.com\/produit\/sols\/dallages-anciens\/dallage-ancien\/vieux-dallage-bar-de-montpellier\/#primaryimage","url":"https:\/\/provence-materiaux-anciens.com\/wp-content\/uploads\/2022\/12\/vieux-dallage-bar-montpeller01.jpg","contentUrl":"https:\/\/provence-materiaux-anciens.com\/wp-content\/uploads\/2022\/12\/vieux-dallage-bar-montpeller01.jpg","width":700,"height":700,"caption":"vieux dallage bar de montpellier"},{"@type":"BreadcrumbList","@id":"https:\/\/provence-materiaux-anciens.com\/produit\/sols\/dallages-anciens\/dallage-ancien\/vieux-dallage-bar-de-montpellier\/#breadcrumb","itemListElement":[{"@type":"ListItem","position":1,"name":"Accueil","item":"https:\/\/provence-materiaux-anciens.com\/fr\/"},{"@type":"ListItem","position":2,"name":"Produits","item":"https:\/\/provence-materiaux-anciens.com\/produit\/"},{"@type":"ListItem","position":3,"name":"Vieux dallage bar de Montpellier"}]},{"@type":"WebSite","@id":"https:\/\/provence-materiaux-anciens.com\/#website","url":"https:\/\/provence-materiaux-anciens.com\/","name":"Provence Mat\u00e9riaux Anciens","description":"Purchase and sale of old building materials, beams, tiles, floors, frameworks, paving, terracotta.","publisher":{"@id":"https:\/\/provence-materiaux-anciens.com\/#organization"},"potentialAction":[{"@type":"SearchAction","target":{"@type":"EntryPoint","urlTemplate":"https:\/\/provence-materiaux-anciens.com\/?s={search_term_string}"},"query-input":{"@type":"PropertyValueSpecification","valueRequired":true,"valueName":"search_term_string"}}],"inLanguage":"en-US"},{"@type":"Organization","@id":"https:\/\/provence-materiaux-anciens.com\/#organization","name":"Provence Mat\u00e9riaux Anciens","url":"https:\/\/provence-materiaux-anciens.com\/","logo":{"@type":"ImageObject","inLanguage":"en-US","@id":"https:\/\/provence-materiaux-anciens.com\/#\/schema\/logo\/image\/","url":"https:\/\/provence-materiaux-anciens.com\/wp-content\/uploads\/2022\/03\/cropped-logo-pma-web.png","contentUrl":"https:\/\/provence-materiaux-anciens.com\/wp-content\/uploads\/2022\/03\/cropped-logo-pma-web.png","width":650,"height":434,"caption":"Provence Mat\u00e9riaux Anciens"},"image":{"@id":"https:\/\/provence-materiaux-anciens.com\/#\/schema\/logo\/image\/"},"sameAs":["https:\/\/www.facebook.com\/provencemateriauxanciens","https:\/\/www.instagram.com\/provencemateriauxanciens\/","https:\/\/www.pinterest.fr\/provencemateriauxanciens\/"]}]}},"_links":{"self":[{"href":"https:\/\/provence-materiaux-anciens.com\/en\/wp-json\/wp\/v2\/product\/1076","targetHints":{"allow":["GET"]}}],"collection":[{"href":"https:\/\/provence-materiaux-anciens.com\/en\/wp-json\/wp\/v2\/product"}],"about":[{"href":"https:\/\/provence-materiaux-anciens.com\/en\/wp-json\/wp\/v2\/types\/product"}],"wp:featuredmedia":[{"embeddable":true,"href":"https:\/\/provence-materiaux-anciens.com\/en\/wp-json\/wp\/v2\/media\/2091"}],"wp:attachment":[{"href":"https:\/\/provence-materiaux-anciens.com\/en\/wp-json\/wp\/v2\/media?parent=1076"}],"wp:term":[{"taxonomy":"product_brand","embeddable":true,"href":"https:\/\/provence-materiaux-anciens.com\/en\/wp-json\/wp\/v2\/product_brand?post=1076"},{"taxonomy":"product_cat","embeddable":true,"href":"https:\/\/provence-materiaux-anciens.com\/en\/wp-json\/wp\/v2\/product_cat?post=1076"},{"taxonomy":"product_tag","embeddable":true,"href":"https:\/\/provence-materiaux-anciens.com\/en\/wp-json\/wp\/v2\/product_tag?post=1076"}],"curies":[{"name":"wp","href":"https:\/\/api.w.org\/{rel}","templated":true}]}}