{"id":1079,"date":"2022-12-02T18:51:38","date_gmt":"2022-12-02T18:51:38","guid":{"rendered":"https:\/\/provence-materiaux-anciens.com\/?post_type=product&#038;p=1079"},"modified":"2024-07-30T10:46:10","modified_gmt":"2024-07-30T10:46:10","slug":"athena-paving","status":"publish","type":"product","link":"https:\/\/provence-materiaux-anciens.com\/en\/product\/floors\/paving-stone-natural\/paving\/athena-paving\/","title":{"rendered":"Antiques Stone Flooring Mix Beige"},"content":{"rendered":"","protected":false},"excerpt":{"rendered":"<h2><strong>Ref : \"Ath\u00e9na\" paving<\/strong><\/h2>\n<p>Antiques Stone Flooring Mix Beige. Natural limestone in shades of mixed beige, aged and brushed finish, with sharp edges. Can be laid indoors or as a flagstone for outdoor terraces.<\/p>\n<p><strong>Width :<\/strong> 40-50 cm<\/p>\n<p><strong>Length :<\/strong> free<\/p>\n<p><strong>Thickness :<\/strong> 1.8 cm<\/p>\n<p><strong>Other formats available on request:<\/strong><\/p>\n<ul>\n<li>Width 30 cm x Free lengths x Thickness 1.8 cm<\/li>\n<li>Width 40 cm x Free lengths x Thickness 1.8 cm<\/li>\n<li>Width 50 cm x Free lengths x Thickness 1.8 cm<\/li>\n<\/ul>","protected":false},"featured_media":2133,"template":"","meta":{"_monsterinsights_skip_tracking":false,"_monsterinsights_sitenote_active":false,"_monsterinsights_sitenote_note":"","_monsterinsights_sitenote_category":0},"product_brand":[],"product_cat":[38,163,32],"product_tag":[],"class_list":{"0":"post-1079","1":"product","2":"type-product","3":"status-publish","4":"has-post-thumbnail","6":"product_cat-dallage-pierre-naturelle","7":"product_cat-dallages","8":"product_cat-sols","10":"first","11":"instock","12":"shipping-taxable","13":"product-type-simple"},"yoast_head":"<!-- This site is optimized with the Yoast SEO Premium plugin v22.1 (Yoast SEO v24.6) - https:\/\/yoast.com\/wordpress\/plugins\/seo\/ -->\n<title>Dallage &quot;Ath\u00e9na&quot; - Provence Mat\u00e9riaux Anciens<\/title>\n<meta name=\"robots\" content=\"index, follow, max-snippet:-1, max-image-preview:large, max-video-preview:-1\" \/>\n<link rel=\"canonical\" href=\"https:\/\/provence-materiaux-anciens.com\/en\/product\/floors\/paving-stone-natural\/paving\/athena-paving\/\" \/>\n<meta property=\"og:locale\" content=\"en_US\" \/>\n<meta property=\"og:type\" content=\"article\" \/>\n<meta property=\"og:title\" content=\"Dallage &quot;Ath\u00e9na&quot;\" \/>\n<meta property=\"og:description\" content=\"R\u00e9f : Dallage\u00a0 &quot;Ath\u00e9na&quot; Dallage calcaire Ath\u00e9na. Pierre naturelle calcaire, dans les tons de beige mixte, finition vieux patrimoine et bross\u00e9, ar\u00eates au taillant. Pose en int\u00e9rieur ou pour une terrasse ext\u00e9rieure en dalles.  Largeur : 40-50 cm  Longueur : libre  \u00c9paisseur : 1.8 cm  Autres formats disponibles sur commande :   Largeur 30 cm x Longueurs libres x \u00c9paisseur 1.8 cm  Largeur 40 cm x Longueurs libres x \u00c9paisseur 1.8 cm  Largeur 50 cm x Longueurs libres x \u00c9paisseur 1.8 cm\" \/>\n<meta property=\"og:url\" content=\"https:\/\/provence-materiaux-anciens.com\/en\/product\/floors\/paving-stone-natural\/paving\/athena-paving\/\" \/>\n<meta property=\"og:site_name\" content=\"Provence Mat\u00e9riaux Anciens\" \/>\n<meta property=\"article:publisher\" content=\"https:\/\/www.facebook.com\/provencemateriauxanciens\" \/>\n<meta property=\"article:modified_time\" content=\"2024-07-30T10:46:10+00:00\" \/>\n<meta property=\"og:image\" content=\"https:\/\/provence-materiaux-anciens.com\/wp-content\/uploads\/2022\/12\/dallage-calcaire-athena01.jpg\" \/>\n\t<meta property=\"og:image:width\" content=\"700\" \/>\n\t<meta property=\"og:image:height\" content=\"700\" \/>\n\t<meta property=\"og:image:type\" content=\"image\/jpeg\" \/>\n<meta name=\"twitter:card\" content=\"summary_large_image\" \/>\n<meta name=\"twitter:label1\" content=\"Est. reading time\" \/>\n\t<meta name=\"twitter:data1\" content=\"1 minute\" \/>\n<script type=\"application\/ld+json\" class=\"yoast-schema-graph\">{\"@context\":\"https:\/\/schema.org\",\"@graph\":[{\"@type\":\"WebPage\",\"@id\":\"https:\/\/provence-materiaux-anciens.com\/produit\/sols\/dallage-pierre-naturelle\/dallages\/dallage-athena\/\",\"url\":\"https:\/\/provence-materiaux-anciens.com\/produit\/sols\/dallage-pierre-naturelle\/dallages\/dallage-athena\/\",\"name\":\"Dallage \\\"Ath\u00e9na\\\" - Provence Mat\u00e9riaux Anciens\",\"isPartOf\":{\"@id\":\"https:\/\/provence-materiaux-anciens.com\/#website\"},\"primaryImageOfPage\":{\"@id\":\"https:\/\/provence-materiaux-anciens.com\/produit\/sols\/dallage-pierre-naturelle\/dallages\/dallage-athena\/#primaryimage\"},\"image\":{\"@id\":\"https:\/\/provence-materiaux-anciens.com\/produit\/sols\/dallage-pierre-naturelle\/dallages\/dallage-athena\/#primaryimage\"},\"thumbnailUrl\":\"https:\/\/provence-materiaux-anciens.com\/wp-content\/uploads\/2022\/12\/dallage-calcaire-athena01.jpg\",\"datePublished\":\"2022-12-02T18:51:38+00:00\",\"dateModified\":\"2024-07-30T10:46:10+00:00\",\"breadcrumb\":{\"@id\":\"https:\/\/provence-materiaux-anciens.com\/produit\/sols\/dallage-pierre-naturelle\/dallages\/dallage-athena\/#breadcrumb\"},\"inLanguage\":\"en-US\",\"potentialAction\":[{\"@type\":\"ReadAction\",\"target\":[\"https:\/\/provence-materiaux-anciens.com\/produit\/sols\/dallage-pierre-naturelle\/dallages\/dallage-athena\/\"]}]},{\"@type\":\"ImageObject\",\"inLanguage\":\"en-US\",\"@id\":\"https:\/\/provence-materiaux-anciens.com\/produit\/sols\/dallage-pierre-naturelle\/dallages\/dallage-athena\/#primaryimage\",\"url\":\"https:\/\/provence-materiaux-anciens.com\/wp-content\/uploads\/2022\/12\/dallage-calcaire-athena01.jpg\",\"contentUrl\":\"https:\/\/provence-materiaux-anciens.com\/wp-content\/uploads\/2022\/12\/dallage-calcaire-athena01.jpg\",\"width\":700,\"height\":700,\"caption\":\"dallage-calcaire\"},{\"@type\":\"BreadcrumbList\",\"@id\":\"https:\/\/provence-materiaux-anciens.com\/produit\/sols\/dallage-pierre-naturelle\/dallages\/dallage-athena\/#breadcrumb\",\"itemListElement\":[{\"@type\":\"ListItem\",\"position\":1,\"name\":\"Accueil\",\"item\":\"https:\/\/provence-materiaux-anciens.com\/fr\/\"},{\"@type\":\"ListItem\",\"position\":2,\"name\":\"Produits\",\"item\":\"https:\/\/provence-materiaux-anciens.com\/produit\/\"},{\"@type\":\"ListItem\",\"position\":3,\"name\":\"Dallage \u00ab\u00a0Ath\u00e9na\u00a0\u00bb\"}]},{\"@type\":\"WebSite\",\"@id\":\"https:\/\/provence-materiaux-anciens.com\/#website\",\"url\":\"https:\/\/provence-materiaux-anciens.com\/\",\"name\":\"Provence Mat\u00e9riaux Anciens\",\"description\":\"Achat et vente de mat\u00e9riaux anciens de construction, poutres, tuiles, planchers, charpentes, dallages, terres cuites.\",\"publisher\":{\"@id\":\"https:\/\/provence-materiaux-anciens.com\/#organization\"},\"potentialAction\":[{\"@type\":\"SearchAction\",\"target\":{\"@type\":\"EntryPoint\",\"urlTemplate\":\"https:\/\/provence-materiaux-anciens.com\/?s={search_term_string}\"},\"query-input\":{\"@type\":\"PropertyValueSpecification\",\"valueRequired\":true,\"valueName\":\"search_term_string\"}}],\"inLanguage\":\"en-US\"},{\"@type\":\"Organization\",\"@id\":\"https:\/\/provence-materiaux-anciens.com\/#organization\",\"name\":\"Provence Mat\u00e9riaux Anciens\",\"url\":\"https:\/\/provence-materiaux-anciens.com\/\",\"logo\":{\"@type\":\"ImageObject\",\"inLanguage\":\"en-US\",\"@id\":\"https:\/\/provence-materiaux-anciens.com\/#\/schema\/logo\/image\/\",\"url\":\"https:\/\/provence-materiaux-anciens.com\/wp-content\/uploads\/2022\/03\/cropped-logo-pma-web.png\",\"contentUrl\":\"https:\/\/provence-materiaux-anciens.com\/wp-content\/uploads\/2022\/03\/cropped-logo-pma-web.png\",\"width\":650,\"height\":434,\"caption\":\"Provence Mat\u00e9riaux Anciens\"},\"image\":{\"@id\":\"https:\/\/provence-materiaux-anciens.com\/#\/schema\/logo\/image\/\"},\"sameAs\":[\"https:\/\/www.facebook.com\/provencemateriauxanciens\",\"https:\/\/www.instagram.com\/provencemateriauxanciens\/\",\"https:\/\/www.pinterest.fr\/provencemateriauxanciens\/\"]}]}<\/script>\n<!-- \/ Yoast SEO Premium plugin. -->","yoast_head_json":{"title":"Ath\u00e9na\" paving stone - Provence Mat\u00e9riaux Anciens","robots":{"index":"index","follow":"follow","max-snippet":"max-snippet:-1","max-image-preview":"max-image-preview:large","max-video-preview":"max-video-preview:-1"},"canonical":"https:\/\/provence-materiaux-anciens.com\/en\/product\/floors\/paving-stone-natural\/paving\/athena-paving\/","og_locale":"en_US","og_type":"article","og_title":"Dallage \"Ath\u00e9na\"","og_description":"R\u00e9f : Dallage\u00a0 \"Ath\u00e9na\" Dallage calcaire Ath\u00e9na. Pierre naturelle calcaire, dans les tons de beige mixte, finition vieux patrimoine et bross\u00e9, ar\u00eates au taillant. Pose en int\u00e9rieur ou pour une terrasse ext\u00e9rieure en dalles.  Largeur : 40-50 cm  Longueur : libre  \u00c9paisseur : 1.8 cm  Autres formats disponibles sur commande :   Largeur 30 cm x Longueurs libres x \u00c9paisseur 1.8 cm  Largeur 40 cm x Longueurs libres x \u00c9paisseur 1.8 cm  Largeur 50 cm x Longueurs libres x \u00c9paisseur 1.8 cm","og_url":"https:\/\/provence-materiaux-anciens.com\/en\/product\/floors\/paving-stone-natural\/paving\/athena-paving\/","og_site_name":"Provence Mat\u00e9riaux Anciens","article_publisher":"https:\/\/www.facebook.com\/provencemateriauxanciens","article_modified_time":"2024-07-30T10:46:10+00:00","og_image":[{"width":700,"height":700,"url":"https:\/\/provence-materiaux-anciens.com\/wp-content\/uploads\/2022\/12\/dallage-calcaire-athena01.jpg","type":"image\/jpeg"}],"twitter_card":"summary_large_image","twitter_misc":{"Est. reading time":"1 minute"},"schema":{"@context":"https:\/\/schema.org","@graph":[{"@type":"WebPage","@id":"https:\/\/provence-materiaux-anciens.com\/produit\/sols\/dallage-pierre-naturelle\/dallages\/dallage-athena\/","url":"https:\/\/provence-materiaux-anciens.com\/produit\/sols\/dallage-pierre-naturelle\/dallages\/dallage-athena\/","name":"Ath\u00e9na\" paving stone - Provence Mat\u00e9riaux Anciens","isPartOf":{"@id":"https:\/\/provence-materiaux-anciens.com\/#website"},"primaryImageOfPage":{"@id":"https:\/\/provence-materiaux-anciens.com\/produit\/sols\/dallage-pierre-naturelle\/dallages\/dallage-athena\/#primaryimage"},"image":{"@id":"https:\/\/provence-materiaux-anciens.com\/produit\/sols\/dallage-pierre-naturelle\/dallages\/dallage-athena\/#primaryimage"},"thumbnailUrl":"https:\/\/provence-materiaux-anciens.com\/wp-content\/uploads\/2022\/12\/dallage-calcaire-athena01.jpg","datePublished":"2022-12-02T18:51:38+00:00","dateModified":"2024-07-30T10:46:10+00:00","breadcrumb":{"@id":"https:\/\/provence-materiaux-anciens.com\/produit\/sols\/dallage-pierre-naturelle\/dallages\/dallage-athena\/#breadcrumb"},"inLanguage":"en-US","potentialAction":[{"@type":"ReadAction","target":["https:\/\/provence-materiaux-anciens.com\/produit\/sols\/dallage-pierre-naturelle\/dallages\/dallage-athena\/"]}]},{"@type":"ImageObject","inLanguage":"en-US","@id":"https:\/\/provence-materiaux-anciens.com\/produit\/sols\/dallage-pierre-naturelle\/dallages\/dallage-athena\/#primaryimage","url":"https:\/\/provence-materiaux-anciens.com\/wp-content\/uploads\/2022\/12\/dallage-calcaire-athena01.jpg","contentUrl":"https:\/\/provence-materiaux-anciens.com\/wp-content\/uploads\/2022\/12\/dallage-calcaire-athena01.jpg","width":700,"height":700,"caption":"dallage-calcaire"},{"@type":"BreadcrumbList","@id":"https:\/\/provence-materiaux-anciens.com\/produit\/sols\/dallage-pierre-naturelle\/dallages\/dallage-athena\/#breadcrumb","itemListElement":[{"@type":"ListItem","position":1,"name":"Accueil","item":"https:\/\/provence-materiaux-anciens.com\/fr\/"},{"@type":"ListItem","position":2,"name":"Produits","item":"https:\/\/provence-materiaux-anciens.com\/produit\/"},{"@type":"ListItem","position":3,"name":"Dallage \u00ab\u00a0Ath\u00e9na\u00a0\u00bb"}]},{"@type":"WebSite","@id":"https:\/\/provence-materiaux-anciens.com\/#website","url":"https:\/\/provence-materiaux-anciens.com\/","name":"Provence Mat\u00e9riaux Anciens","description":"Purchase and sale of old building materials, beams, tiles, floors, frameworks, paving, terracotta.","publisher":{"@id":"https:\/\/provence-materiaux-anciens.com\/#organization"},"potentialAction":[{"@type":"SearchAction","target":{"@type":"EntryPoint","urlTemplate":"https:\/\/provence-materiaux-anciens.com\/?s={search_term_string}"},"query-input":{"@type":"PropertyValueSpecification","valueRequired":true,"valueName":"search_term_string"}}],"inLanguage":"en-US"},{"@type":"Organization","@id":"https:\/\/provence-materiaux-anciens.com\/#organization","name":"Provence Mat\u00e9riaux Anciens","url":"https:\/\/provence-materiaux-anciens.com\/","logo":{"@type":"ImageObject","inLanguage":"en-US","@id":"https:\/\/provence-materiaux-anciens.com\/#\/schema\/logo\/image\/","url":"https:\/\/provence-materiaux-anciens.com\/wp-content\/uploads\/2022\/03\/cropped-logo-pma-web.png","contentUrl":"https:\/\/provence-materiaux-anciens.com\/wp-content\/uploads\/2022\/03\/cropped-logo-pma-web.png","width":650,"height":434,"caption":"Provence Mat\u00e9riaux Anciens"},"image":{"@id":"https:\/\/provence-materiaux-anciens.com\/#\/schema\/logo\/image\/"},"sameAs":["https:\/\/www.facebook.com\/provencemateriauxanciens","https:\/\/www.instagram.com\/provencemateriauxanciens\/","https:\/\/www.pinterest.fr\/provencemateriauxanciens\/"]}]}},"_links":{"self":[{"href":"https:\/\/provence-materiaux-anciens.com\/en\/wp-json\/wp\/v2\/product\/1079","targetHints":{"allow":["GET"]}}],"collection":[{"href":"https:\/\/provence-materiaux-anciens.com\/en\/wp-json\/wp\/v2\/product"}],"about":[{"href":"https:\/\/provence-materiaux-anciens.com\/en\/wp-json\/wp\/v2\/types\/product"}],"wp:featuredmedia":[{"embeddable":true,"href":"https:\/\/provence-materiaux-anciens.com\/en\/wp-json\/wp\/v2\/media\/2133"}],"wp:attachment":[{"href":"https:\/\/provence-materiaux-anciens.com\/en\/wp-json\/wp\/v2\/media?parent=1079"}],"wp:term":[{"taxonomy":"product_brand","embeddable":true,"href":"https:\/\/provence-materiaux-anciens.com\/en\/wp-json\/wp\/v2\/product_brand?post=1079"},{"taxonomy":"product_cat","embeddable":true,"href":"https:\/\/provence-materiaux-anciens.com\/en\/wp-json\/wp\/v2\/product_cat?post=1079"},{"taxonomy":"product_tag","embeddable":true,"href":"https:\/\/provence-materiaux-anciens.com\/en\/wp-json\/wp\/v2\/product_tag?post=1079"}],"curies":[{"name":"wp","href":"https:\/\/api.w.org\/{rel}","templated":true}]}}