{"id":1085,"date":"2022-12-02T18:51:39","date_gmt":"2022-12-02T18:51:39","guid":{"rendered":"https:\/\/provence-materiaux-anciens.com\/?post_type=product&#038;p=1085"},"modified":"2024-03-06T08:56:47","modified_gmt":"2024-03-06T08:56:47","slug":"languedoc-limestone-paving","status":"publish","type":"product","link":"https:\/\/provence-materiaux-anciens.com\/en\/product\/floors\/paving-stone-natural\/languedoc-limestone-paving\/","title":{"rendered":"French Limestone Antiqued"},"content":{"rendered":"","protected":false},"excerpt":{"rendered":"<h2><strong>Ref: <\/strong>French Limestone Antiqued<\/h2>\n<p>Limestone paving produced from Beaulieu stone (H\u00e9rault). Beaulieu stone can be used to create natural stone paving in light tones. Stone slabs bring authenticity to your interiors and terraces.<\/p>\n<p><strong>Width :<\/strong> 50 cm<\/p>\n<p><strong>Length :<\/strong> from 50 to 70 cm<\/p>\n<p><strong>Thickness :<\/strong> from 3 cm<\/p>\n<p><b>Availability<\/b> : Constant<\/p>","protected":false},"featured_media":2126,"template":"","meta":{"_monsterinsights_skip_tracking":false,"_monsterinsights_sitenote_active":false,"_monsterinsights_sitenote_note":"","_monsterinsights_sitenote_category":0},"product_brand":[],"product_cat":[38,32],"product_tag":[],"class_list":{"0":"post-1085","1":"product","2":"type-product","3":"status-publish","4":"has-post-thumbnail","6":"product_cat-dallage-pierre-naturelle","7":"product_cat-sols","9":"first","10":"instock","11":"shipping-taxable","12":"product-type-simple"},"yoast_head":"<!-- This site is optimized with the Yoast SEO Premium plugin v22.1 (Yoast SEO v24.6) - https:\/\/yoast.com\/wordpress\/plugins\/seo\/ -->\n<title>Dallage pierre calcaire &quot;Languedoc&quot; - Provence Mat\u00e9riaux Anciens<\/title>\n<meta name=\"robots\" content=\"index, follow, max-snippet:-1, max-image-preview:large, max-video-preview:-1\" \/>\n<link rel=\"canonical\" href=\"https:\/\/provence-materiaux-anciens.com\/en\/product\/floors\/paving-stone-natural\/languedoc-limestone-paving\/\" \/>\n<meta property=\"og:locale\" content=\"en_US\" \/>\n<meta property=\"og:type\" content=\"article\" \/>\n<meta property=\"og:title\" content=\"Dallage pierre calcaire &quot;Languedoc&quot;\" \/>\n<meta property=\"og:description\" content=\"Ref: Dallage pierre calcaire &quot;Languedoc&quot; Dallage pierre calcaire produit \u00e0 partir de pierre de Beaulieu (H\u00e9rault). La pierre de Beaulieu permet la r\u00e9alisation d&#039;un dallage en pierre naturelle dans des tons clairs. Les dalles en pierres apportent authenticit\u00e9 \u00e0 vos int\u00e9rieurs et terrasses.  Largeur : 50 cm  Longueur : de 50 \u00e0 70 cm  \u00c9paisseur : \u00e0 partir de 3 cm  Disponibilit\u00e9 : Constante\" \/>\n<meta property=\"og:url\" content=\"https:\/\/provence-materiaux-anciens.com\/en\/product\/floors\/paving-stone-natural\/languedoc-limestone-paving\/\" \/>\n<meta property=\"og:site_name\" content=\"Provence Mat\u00e9riaux Anciens\" \/>\n<meta property=\"article:publisher\" content=\"https:\/\/www.facebook.com\/provencemateriauxanciens\" \/>\n<meta property=\"article:modified_time\" content=\"2024-03-06T08:56:47+00:00\" \/>\n<meta property=\"og:image\" content=\"https:\/\/provence-materiaux-anciens.com\/wp-content\/uploads\/2022\/12\/dallage-pierre-calcaire-languedoc02.jpg\" \/>\n\t<meta property=\"og:image:width\" content=\"700\" \/>\n\t<meta property=\"og:image:height\" content=\"700\" \/>\n\t<meta property=\"og:image:type\" content=\"image\/jpeg\" \/>\n<meta name=\"twitter:card\" content=\"summary_large_image\" \/>\n<script type=\"application\/ld+json\" class=\"yoast-schema-graph\">{\"@context\":\"https:\/\/schema.org\",\"@graph\":[{\"@type\":\"WebPage\",\"@id\":\"https:\/\/provence-materiaux-anciens.com\/produit\/sols\/dallage-pierre-naturelle\/dallage-pierre-calcaire-languedoc\/\",\"url\":\"https:\/\/provence-materiaux-anciens.com\/produit\/sols\/dallage-pierre-naturelle\/dallage-pierre-calcaire-languedoc\/\",\"name\":\"Dallage pierre calcaire \\\"Languedoc\\\" - Provence Mat\u00e9riaux Anciens\",\"isPartOf\":{\"@id\":\"https:\/\/provence-materiaux-anciens.com\/#website\"},\"primaryImageOfPage\":{\"@id\":\"https:\/\/provence-materiaux-anciens.com\/produit\/sols\/dallage-pierre-naturelle\/dallage-pierre-calcaire-languedoc\/#primaryimage\"},\"image\":{\"@id\":\"https:\/\/provence-materiaux-anciens.com\/produit\/sols\/dallage-pierre-naturelle\/dallage-pierre-calcaire-languedoc\/#primaryimage\"},\"thumbnailUrl\":\"https:\/\/provence-materiaux-anciens.com\/wp-content\/uploads\/2022\/12\/dallage-pierre-calcaire-languedoc02.jpg\",\"datePublished\":\"2022-12-02T18:51:39+00:00\",\"dateModified\":\"2024-03-06T08:56:47+00:00\",\"breadcrumb\":{\"@id\":\"https:\/\/provence-materiaux-anciens.com\/produit\/sols\/dallage-pierre-naturelle\/dallage-pierre-calcaire-languedoc\/#breadcrumb\"},\"inLanguage\":\"en-US\",\"potentialAction\":[{\"@type\":\"ReadAction\",\"target\":[\"https:\/\/provence-materiaux-anciens.com\/produit\/sols\/dallage-pierre-naturelle\/dallage-pierre-calcaire-languedoc\/\"]}]},{\"@type\":\"ImageObject\",\"inLanguage\":\"en-US\",\"@id\":\"https:\/\/provence-materiaux-anciens.com\/produit\/sols\/dallage-pierre-naturelle\/dallage-pierre-calcaire-languedoc\/#primaryimage\",\"url\":\"https:\/\/provence-materiaux-anciens.com\/wp-content\/uploads\/2022\/12\/dallage-pierre-calcaire-languedoc02.jpg\",\"contentUrl\":\"https:\/\/provence-materiaux-anciens.com\/wp-content\/uploads\/2022\/12\/dallage-pierre-calcaire-languedoc02.jpg\",\"width\":700,\"height\":700,\"caption\":\"dallage-pierre-calcaire-languedoc\"},{\"@type\":\"BreadcrumbList\",\"@id\":\"https:\/\/provence-materiaux-anciens.com\/produit\/sols\/dallage-pierre-naturelle\/dallage-pierre-calcaire-languedoc\/#breadcrumb\",\"itemListElement\":[{\"@type\":\"ListItem\",\"position\":1,\"name\":\"Accueil\",\"item\":\"https:\/\/provence-materiaux-anciens.com\/fr\/\"},{\"@type\":\"ListItem\",\"position\":2,\"name\":\"Produits\",\"item\":\"https:\/\/provence-materiaux-anciens.com\/produit\/\"},{\"@type\":\"ListItem\",\"position\":3,\"name\":\"Dallage pierre calcaire \u00ab\u00a0Languedoc\u00a0\u00bb\"}]},{\"@type\":\"WebSite\",\"@id\":\"https:\/\/provence-materiaux-anciens.com\/#website\",\"url\":\"https:\/\/provence-materiaux-anciens.com\/\",\"name\":\"Provence Mat\u00e9riaux Anciens\",\"description\":\"Achat et vente de mat\u00e9riaux anciens de construction, poutres, tuiles, planchers, charpentes, dallages, terres cuites.\",\"publisher\":{\"@id\":\"https:\/\/provence-materiaux-anciens.com\/#organization\"},\"potentialAction\":[{\"@type\":\"SearchAction\",\"target\":{\"@type\":\"EntryPoint\",\"urlTemplate\":\"https:\/\/provence-materiaux-anciens.com\/?s={search_term_string}\"},\"query-input\":{\"@type\":\"PropertyValueSpecification\",\"valueRequired\":true,\"valueName\":\"search_term_string\"}}],\"inLanguage\":\"en-US\"},{\"@type\":\"Organization\",\"@id\":\"https:\/\/provence-materiaux-anciens.com\/#organization\",\"name\":\"Provence Mat\u00e9riaux Anciens\",\"url\":\"https:\/\/provence-materiaux-anciens.com\/\",\"logo\":{\"@type\":\"ImageObject\",\"inLanguage\":\"en-US\",\"@id\":\"https:\/\/provence-materiaux-anciens.com\/#\/schema\/logo\/image\/\",\"url\":\"https:\/\/provence-materiaux-anciens.com\/wp-content\/uploads\/2022\/03\/cropped-logo-pma-web.png\",\"contentUrl\":\"https:\/\/provence-materiaux-anciens.com\/wp-content\/uploads\/2022\/03\/cropped-logo-pma-web.png\",\"width\":650,\"height\":434,\"caption\":\"Provence Mat\u00e9riaux Anciens\"},\"image\":{\"@id\":\"https:\/\/provence-materiaux-anciens.com\/#\/schema\/logo\/image\/\"},\"sameAs\":[\"https:\/\/www.facebook.com\/provencemateriauxanciens\",\"https:\/\/www.instagram.com\/provencemateriauxanciens\/\",\"https:\/\/www.pinterest.fr\/provencemateriauxanciens\/\"]}]}<\/script>\n<!-- \/ Yoast SEO Premium plugin. -->","yoast_head_json":{"title":"Languedoc\" limestone paving - Provence Mat\u00e9riaux Anciens","robots":{"index":"index","follow":"follow","max-snippet":"max-snippet:-1","max-image-preview":"max-image-preview:large","max-video-preview":"max-video-preview:-1"},"canonical":"https:\/\/provence-materiaux-anciens.com\/en\/product\/floors\/paving-stone-natural\/languedoc-limestone-paving\/","og_locale":"en_US","og_type":"article","og_title":"Dallage pierre calcaire \"Languedoc\"","og_description":"Ref: Dallage pierre calcaire \"Languedoc\" Dallage pierre calcaire produit \u00e0 partir de pierre de Beaulieu (H\u00e9rault). La pierre de Beaulieu permet la r\u00e9alisation d'un dallage en pierre naturelle dans des tons clairs. Les dalles en pierres apportent authenticit\u00e9 \u00e0 vos int\u00e9rieurs et terrasses.  Largeur : 50 cm  Longueur : de 50 \u00e0 70 cm  \u00c9paisseur : \u00e0 partir de 3 cm  Disponibilit\u00e9 : Constante","og_url":"https:\/\/provence-materiaux-anciens.com\/en\/product\/floors\/paving-stone-natural\/languedoc-limestone-paving\/","og_site_name":"Provence Mat\u00e9riaux Anciens","article_publisher":"https:\/\/www.facebook.com\/provencemateriauxanciens","article_modified_time":"2024-03-06T08:56:47+00:00","og_image":[{"width":700,"height":700,"url":"https:\/\/provence-materiaux-anciens.com\/wp-content\/uploads\/2022\/12\/dallage-pierre-calcaire-languedoc02.jpg","type":"image\/jpeg"}],"twitter_card":"summary_large_image","schema":{"@context":"https:\/\/schema.org","@graph":[{"@type":"WebPage","@id":"https:\/\/provence-materiaux-anciens.com\/produit\/sols\/dallage-pierre-naturelle\/dallage-pierre-calcaire-languedoc\/","url":"https:\/\/provence-materiaux-anciens.com\/produit\/sols\/dallage-pierre-naturelle\/dallage-pierre-calcaire-languedoc\/","name":"Languedoc\" limestone paving - Provence Mat\u00e9riaux Anciens","isPartOf":{"@id":"https:\/\/provence-materiaux-anciens.com\/#website"},"primaryImageOfPage":{"@id":"https:\/\/provence-materiaux-anciens.com\/produit\/sols\/dallage-pierre-naturelle\/dallage-pierre-calcaire-languedoc\/#primaryimage"},"image":{"@id":"https:\/\/provence-materiaux-anciens.com\/produit\/sols\/dallage-pierre-naturelle\/dallage-pierre-calcaire-languedoc\/#primaryimage"},"thumbnailUrl":"https:\/\/provence-materiaux-anciens.com\/wp-content\/uploads\/2022\/12\/dallage-pierre-calcaire-languedoc02.jpg","datePublished":"2022-12-02T18:51:39+00:00","dateModified":"2024-03-06T08:56:47+00:00","breadcrumb":{"@id":"https:\/\/provence-materiaux-anciens.com\/produit\/sols\/dallage-pierre-naturelle\/dallage-pierre-calcaire-languedoc\/#breadcrumb"},"inLanguage":"en-US","potentialAction":[{"@type":"ReadAction","target":["https:\/\/provence-materiaux-anciens.com\/produit\/sols\/dallage-pierre-naturelle\/dallage-pierre-calcaire-languedoc\/"]}]},{"@type":"ImageObject","inLanguage":"en-US","@id":"https:\/\/provence-materiaux-anciens.com\/produit\/sols\/dallage-pierre-naturelle\/dallage-pierre-calcaire-languedoc\/#primaryimage","url":"https:\/\/provence-materiaux-anciens.com\/wp-content\/uploads\/2022\/12\/dallage-pierre-calcaire-languedoc02.jpg","contentUrl":"https:\/\/provence-materiaux-anciens.com\/wp-content\/uploads\/2022\/12\/dallage-pierre-calcaire-languedoc02.jpg","width":700,"height":700,"caption":"dallage-pierre-calcaire-languedoc"},{"@type":"BreadcrumbList","@id":"https:\/\/provence-materiaux-anciens.com\/produit\/sols\/dallage-pierre-naturelle\/dallage-pierre-calcaire-languedoc\/#breadcrumb","itemListElement":[{"@type":"ListItem","position":1,"name":"Accueil","item":"https:\/\/provence-materiaux-anciens.com\/fr\/"},{"@type":"ListItem","position":2,"name":"Produits","item":"https:\/\/provence-materiaux-anciens.com\/produit\/"},{"@type":"ListItem","position":3,"name":"Dallage pierre calcaire \u00ab\u00a0Languedoc\u00a0\u00bb"}]},{"@type":"WebSite","@id":"https:\/\/provence-materiaux-anciens.com\/#website","url":"https:\/\/provence-materiaux-anciens.com\/","name":"Provence Mat\u00e9riaux Anciens","description":"Purchase and sale of old building materials, beams, tiles, floors, frameworks, paving, terracotta.","publisher":{"@id":"https:\/\/provence-materiaux-anciens.com\/#organization"},"potentialAction":[{"@type":"SearchAction","target":{"@type":"EntryPoint","urlTemplate":"https:\/\/provence-materiaux-anciens.com\/?s={search_term_string}"},"query-input":{"@type":"PropertyValueSpecification","valueRequired":true,"valueName":"search_term_string"}}],"inLanguage":"en-US"},{"@type":"Organization","@id":"https:\/\/provence-materiaux-anciens.com\/#organization","name":"Provence Mat\u00e9riaux Anciens","url":"https:\/\/provence-materiaux-anciens.com\/","logo":{"@type":"ImageObject","inLanguage":"en-US","@id":"https:\/\/provence-materiaux-anciens.com\/#\/schema\/logo\/image\/","url":"https:\/\/provence-materiaux-anciens.com\/wp-content\/uploads\/2022\/03\/cropped-logo-pma-web.png","contentUrl":"https:\/\/provence-materiaux-anciens.com\/wp-content\/uploads\/2022\/03\/cropped-logo-pma-web.png","width":650,"height":434,"caption":"Provence Mat\u00e9riaux Anciens"},"image":{"@id":"https:\/\/provence-materiaux-anciens.com\/#\/schema\/logo\/image\/"},"sameAs":["https:\/\/www.facebook.com\/provencemateriauxanciens","https:\/\/www.instagram.com\/provencemateriauxanciens\/","https:\/\/www.pinterest.fr\/provencemateriauxanciens\/"]}]}},"_links":{"self":[{"href":"https:\/\/provence-materiaux-anciens.com\/en\/wp-json\/wp\/v2\/product\/1085","targetHints":{"allow":["GET"]}}],"collection":[{"href":"https:\/\/provence-materiaux-anciens.com\/en\/wp-json\/wp\/v2\/product"}],"about":[{"href":"https:\/\/provence-materiaux-anciens.com\/en\/wp-json\/wp\/v2\/types\/product"}],"wp:featuredmedia":[{"embeddable":true,"href":"https:\/\/provence-materiaux-anciens.com\/en\/wp-json\/wp\/v2\/media\/2126"}],"wp:attachment":[{"href":"https:\/\/provence-materiaux-anciens.com\/en\/wp-json\/wp\/v2\/media?parent=1085"}],"wp:term":[{"taxonomy":"product_brand","embeddable":true,"href":"https:\/\/provence-materiaux-anciens.com\/en\/wp-json\/wp\/v2\/product_brand?post=1085"},{"taxonomy":"product_cat","embeddable":true,"href":"https:\/\/provence-materiaux-anciens.com\/en\/wp-json\/wp\/v2\/product_cat?post=1085"},{"taxonomy":"product_tag","embeddable":true,"href":"https:\/\/provence-materiaux-anciens.com\/en\/wp-json\/wp\/v2\/product_tag?post=1085"}],"curies":[{"name":"wp","href":"https:\/\/api.w.org\/{rel}","templated":true}]}}