{"id":1086,"date":"2022-12-02T18:51:39","date_gmt":"2022-12-02T18:51:39","guid":{"rendered":"https:\/\/provence-materiaux-anciens.com\/?post_type=product&#038;p=1086"},"modified":"2024-03-06T08:56:47","modified_gmt":"2024-03-06T08:56:47","slug":"recuperation-street-paves","status":"publish","type":"product","link":"https:\/\/provence-materiaux-anciens.com\/en\/product\/floors\/ancient-paving\/antique-paving-stones\/recuperation-street-paves\/","title":{"rendered":"Antique French Cobles Granite"},"content":{"rendered":"<p><span style=\"font-weight: 400;\">Our Antique French Cobles Granite are old paving stones that have been recycled and remodeled with maximum aesthetic care. These pavers will add a special charm to your outdoor spaces.<\/span><\/p>\n<h3><span style=\"font-weight: 400;\">Discover our Antique French Cobles Granite, old-fashioned paving stones for unusual outdoor decoration.<\/span><\/h3>\n<p><span style=\"font-weight: 400;\">Whether you need them to create a cosy atmosphere around the pool, to create a substantial parterre or to structure a garden, you won't be disappointed. These antique pavers are a great option for creating a unique and charming landscape.\u00a0<\/span><\/p>\n<p><span style=\"font-weight: 400;\">You can use them for garden paths, driveways, patios, walkways, terraces and even sidewalks. They can be combined with any architectural style. As a result, they are equally suitable for those wishing to create a rustic or modern outdoor space.<\/span><\/p>\n<h3><span style=\"font-weight: 400;\">Antique French Cobles Granite to create natural, eco-friendly outdoor spaces 100%<\/span><\/h3>\n<p><span style=\"font-weight: 400;\">Our Antique French Cobles Granite are made in France. They are environmentally friendly in both their manufacturing and recycling processes. We have chosen to recycle them to help preserve natural resources and reduce waste.\u00a0<\/span><\/p>\n<p><span style=\"font-weight: 400;\">What's more, they're extremely robust and durable, making them ideal for flooring outdoor spaces. What's more, they can be a solution to flooding problems in gardens. Indeed, these pavers are recommended for draining water to rid driveways of stagnant water.<\/span><\/p>\n<p><span style=\"font-weight: 400;\">Antique French Cobles Granite are non-slip. So you can use them for walkways around your home. They are also highly appreciated for their strength and resistance to weather conditions. Choosing our recycled street pavers means opting for materials that have already proved their worth over the long term.<\/span><\/p>\n<p><span style=\"font-weight: 400;\">Choose our Antique French Cobles Granite to recapture the charm of old pedestrian streets and add a touch of authenticity to your outdoor spaces.<\/span><\/p>","protected":false},"excerpt":{"rendered":"<h2><strong>Ref: <\/strong>Recycled street pavers (Pav03)<\/h2>\n<p>Antique French Cobles Granite available on a first-come, first-served basis. Our old reclaimed cobblestones add a touch of authenticity to your exteriors. Antique pavers bring back the charm of old pedestrian streets. Antique French Cobles Granite are ready-to-install.<\/p>\n<p><b>Dimension<\/b> size : 15 x 15 cm<\/p>\n<p><b>Thickness<\/b> : 12 - 15 cm<\/p>\n<p><b>Availability<\/b> : Random, don't hesitate to contact us<a href=\"https:\/\/provence-materiaux-anciens.com\/en\/contact\/\"> contact<\/a> if you wish to know the availability of the product<\/p>","protected":false},"featured_media":1605,"template":"","meta":{"_monsterinsights_skip_tracking":false,"_monsterinsights_sitenote_active":false,"_monsterinsights_sitenote_note":"","_monsterinsights_sitenote_category":0},"product_brand":[],"product_cat":[36,40,32],"product_tag":[],"class_list":{"0":"post-1086","1":"product","2":"type-product","3":"status-publish","4":"has-post-thumbnail","6":"product_cat-dallages-anciens","7":"product_cat-paves-anciens","8":"product_cat-sols","10":"first","11":"instock","12":"shipping-taxable","13":"product-type-simple"},"yoast_head":"<!-- This site is optimized with the Yoast SEO Premium plugin v22.1 (Yoast SEO v24.6) - https:\/\/yoast.com\/wordpress\/plugins\/seo\/ -->\n<title>Pav\u00e9s de rue de r\u00e9cup\u00e9ration - Provence Mat\u00e9riaux Anciens<\/title>\n<meta name=\"robots\" content=\"index, follow, max-snippet:-1, max-image-preview:large, max-video-preview:-1\" \/>\n<link rel=\"canonical\" href=\"https:\/\/provence-materiaux-anciens.com\/en\/product\/floors\/ancient-paving\/antique-paving-stones\/recuperation-street-paves\/\" \/>\n<meta property=\"og:locale\" content=\"en_US\" \/>\n<meta property=\"og:type\" content=\"article\" \/>\n<meta property=\"og:title\" content=\"Pav\u00e9s de rue de r\u00e9cup\u00e9ration\" \/>\n<meta property=\"og:description\" content=\"Ref: Pav\u00e9s de rue de r\u00e9cup\u00e9ration (Pav03) Pav\u00e9s de rue de r\u00e9cup\u00e9ration disponible selon arrivages. Nos vieux pav\u00e9s de r\u00e9cup\u00e9ration transmettent une grande authenticit\u00e9 \u00e0 vos ext\u00e9rieurs. Les pav\u00e9s anciens permettent de retrouver le charme des vieilles rues pi\u00e9tonnes. Les pav\u00e9s de rue anciens sont pr\u00eat-a-poser.  Dimension : 15 x 15 cm  \u00c9paisseur : 12 - 15 cm  Disponibilit\u00e9 : Al\u00e9atoire, n&#039;h\u00e9sitez pas \u00e0 nous contacter si vous souhaitez savoir la disponibilit\u00e9 du produit\" \/>\n<meta property=\"og:url\" content=\"https:\/\/provence-materiaux-anciens.com\/en\/product\/floors\/ancient-paving\/antique-paving-stones\/recuperation-street-paves\/\" \/>\n<meta property=\"og:site_name\" content=\"Provence Mat\u00e9riaux Anciens\" \/>\n<meta property=\"article:publisher\" content=\"https:\/\/www.facebook.com\/provencemateriauxanciens\" \/>\n<meta property=\"article:modified_time\" content=\"2024-03-06T08:56:47+00:00\" \/>\n<meta property=\"og:image\" content=\"https:\/\/provence-materiaux-anciens.com\/wp-content\/uploads\/2022\/12\/paves-de-rue-de-recuperation01.jpg\" \/>\n\t<meta property=\"og:image:width\" content=\"700\" \/>\n\t<meta property=\"og:image:height\" content=\"700\" \/>\n\t<meta property=\"og:image:type\" content=\"image\/jpeg\" \/>\n<meta name=\"twitter:card\" content=\"summary_large_image\" \/>\n<meta name=\"twitter:label1\" content=\"Est. reading time\" \/>\n\t<meta name=\"twitter:data1\" content=\"2 minutes\" \/>\n<script type=\"application\/ld+json\" class=\"yoast-schema-graph\">{\"@context\":\"https:\/\/schema.org\",\"@graph\":[{\"@type\":\"WebPage\",\"@id\":\"https:\/\/provence-materiaux-anciens.com\/fr\/produit\/sols\/dallages-anciens\/paves-anciens\/paves-de-rue-de-recuperation\/\",\"url\":\"https:\/\/provence-materiaux-anciens.com\/fr\/produit\/sols\/dallages-anciens\/paves-anciens\/paves-de-rue-de-recuperation\/\",\"name\":\"Pav\u00e9s de rue de r\u00e9cup\u00e9ration - Provence Mat\u00e9riaux Anciens\",\"isPartOf\":{\"@id\":\"https:\/\/provence-materiaux-anciens.com\/#website\"},\"primaryImageOfPage\":{\"@id\":\"https:\/\/provence-materiaux-anciens.com\/fr\/produit\/sols\/dallages-anciens\/paves-anciens\/paves-de-rue-de-recuperation\/#primaryimage\"},\"image\":{\"@id\":\"https:\/\/provence-materiaux-anciens.com\/fr\/produit\/sols\/dallages-anciens\/paves-anciens\/paves-de-rue-de-recuperation\/#primaryimage\"},\"thumbnailUrl\":\"https:\/\/provence-materiaux-anciens.com\/wp-content\/uploads\/2022\/12\/paves-de-rue-de-recuperation01.jpg\",\"datePublished\":\"2022-12-02T18:51:39+00:00\",\"dateModified\":\"2024-03-06T08:56:47+00:00\",\"breadcrumb\":{\"@id\":\"https:\/\/provence-materiaux-anciens.com\/fr\/produit\/sols\/dallages-anciens\/paves-anciens\/paves-de-rue-de-recuperation\/#breadcrumb\"},\"inLanguage\":\"en-US\",\"potentialAction\":[{\"@type\":\"ReadAction\",\"target\":[\"https:\/\/provence-materiaux-anciens.com\/fr\/produit\/sols\/dallages-anciens\/paves-anciens\/paves-de-rue-de-recuperation\/\"]}]},{\"@type\":\"ImageObject\",\"inLanguage\":\"en-US\",\"@id\":\"https:\/\/provence-materiaux-anciens.com\/fr\/produit\/sols\/dallages-anciens\/paves-anciens\/paves-de-rue-de-recuperation\/#primaryimage\",\"url\":\"https:\/\/provence-materiaux-anciens.com\/wp-content\/uploads\/2022\/12\/paves-de-rue-de-recuperation01.jpg\",\"contentUrl\":\"https:\/\/provence-materiaux-anciens.com\/wp-content\/uploads\/2022\/12\/paves-de-rue-de-recuperation01.jpg\",\"width\":700,\"height\":700,\"caption\":\"paves-de-rue-de-recuperation01\"},{\"@type\":\"BreadcrumbList\",\"@id\":\"https:\/\/provence-materiaux-anciens.com\/fr\/produit\/sols\/dallages-anciens\/paves-anciens\/paves-de-rue-de-recuperation\/#breadcrumb\",\"itemListElement\":[{\"@type\":\"ListItem\",\"position\":1,\"name\":\"Accueil\",\"item\":\"https:\/\/provence-materiaux-anciens.com\/fr\/\"},{\"@type\":\"ListItem\",\"position\":2,\"name\":\"Produits\",\"item\":\"https:\/\/provence-materiaux-anciens.com\/produit\/\"},{\"@type\":\"ListItem\",\"position\":3,\"name\":\"Pav\u00e9s de rue de r\u00e9cup\u00e9ration\"}]},{\"@type\":\"WebSite\",\"@id\":\"https:\/\/provence-materiaux-anciens.com\/#website\",\"url\":\"https:\/\/provence-materiaux-anciens.com\/\",\"name\":\"Provence Mat\u00e9riaux Anciens\",\"description\":\"Achat et vente de mat\u00e9riaux anciens de construction, poutres, tuiles, planchers, charpentes, dallages, terres cuites.\",\"publisher\":{\"@id\":\"https:\/\/provence-materiaux-anciens.com\/#organization\"},\"potentialAction\":[{\"@type\":\"SearchAction\",\"target\":{\"@type\":\"EntryPoint\",\"urlTemplate\":\"https:\/\/provence-materiaux-anciens.com\/?s={search_term_string}\"},\"query-input\":{\"@type\":\"PropertyValueSpecification\",\"valueRequired\":true,\"valueName\":\"search_term_string\"}}],\"inLanguage\":\"en-US\"},{\"@type\":\"Organization\",\"@id\":\"https:\/\/provence-materiaux-anciens.com\/#organization\",\"name\":\"Provence Mat\u00e9riaux Anciens\",\"url\":\"https:\/\/provence-materiaux-anciens.com\/\",\"logo\":{\"@type\":\"ImageObject\",\"inLanguage\":\"en-US\",\"@id\":\"https:\/\/provence-materiaux-anciens.com\/#\/schema\/logo\/image\/\",\"url\":\"https:\/\/provence-materiaux-anciens.com\/wp-content\/uploads\/2022\/03\/cropped-logo-pma-web.png\",\"contentUrl\":\"https:\/\/provence-materiaux-anciens.com\/wp-content\/uploads\/2022\/03\/cropped-logo-pma-web.png\",\"width\":650,\"height\":434,\"caption\":\"Provence Mat\u00e9riaux Anciens\"},\"image\":{\"@id\":\"https:\/\/provence-materiaux-anciens.com\/#\/schema\/logo\/image\/\"},\"sameAs\":[\"https:\/\/www.facebook.com\/provencemateriauxanciens\",\"https:\/\/www.instagram.com\/provencemateriauxanciens\/\",\"https:\/\/www.pinterest.fr\/provencemateriauxanciens\/\"]}]}<\/script>\n<!-- \/ Yoast SEO Premium plugin. -->","yoast_head_json":{"title":"Recovered street paving stones - Provence Mat\u00e9riaux Anciens","robots":{"index":"index","follow":"follow","max-snippet":"max-snippet:-1","max-image-preview":"max-image-preview:large","max-video-preview":"max-video-preview:-1"},"canonical":"https:\/\/provence-materiaux-anciens.com\/en\/product\/floors\/ancient-paving\/antique-paving-stones\/recuperation-street-paves\/","og_locale":"en_US","og_type":"article","og_title":"Pav\u00e9s de rue de r\u00e9cup\u00e9ration","og_description":"Ref: Pav\u00e9s de rue de r\u00e9cup\u00e9ration (Pav03) Pav\u00e9s de rue de r\u00e9cup\u00e9ration disponible selon arrivages. Nos vieux pav\u00e9s de r\u00e9cup\u00e9ration transmettent une grande authenticit\u00e9 \u00e0 vos ext\u00e9rieurs. Les pav\u00e9s anciens permettent de retrouver le charme des vieilles rues pi\u00e9tonnes. Les pav\u00e9s de rue anciens sont pr\u00eat-a-poser.  Dimension : 15 x 15 cm  \u00c9paisseur : 12 - 15 cm  Disponibilit\u00e9 : Al\u00e9atoire, n'h\u00e9sitez pas \u00e0 nous contacter si vous souhaitez savoir la disponibilit\u00e9 du produit","og_url":"https:\/\/provence-materiaux-anciens.com\/en\/product\/floors\/ancient-paving\/antique-paving-stones\/recuperation-street-paves\/","og_site_name":"Provence Mat\u00e9riaux Anciens","article_publisher":"https:\/\/www.facebook.com\/provencemateriauxanciens","article_modified_time":"2024-03-06T08:56:47+00:00","og_image":[{"width":700,"height":700,"url":"https:\/\/provence-materiaux-anciens.com\/wp-content\/uploads\/2022\/12\/paves-de-rue-de-recuperation01.jpg","type":"image\/jpeg"}],"twitter_card":"summary_large_image","twitter_misc":{"Est. reading time":"2 minutes"},"schema":{"@context":"https:\/\/schema.org","@graph":[{"@type":"WebPage","@id":"https:\/\/provence-materiaux-anciens.com\/fr\/produit\/sols\/dallages-anciens\/paves-anciens\/paves-de-rue-de-recuperation\/","url":"https:\/\/provence-materiaux-anciens.com\/fr\/produit\/sols\/dallages-anciens\/paves-anciens\/paves-de-rue-de-recuperation\/","name":"Recovered street paving stones - Provence Mat\u00e9riaux Anciens","isPartOf":{"@id":"https:\/\/provence-materiaux-anciens.com\/#website"},"primaryImageOfPage":{"@id":"https:\/\/provence-materiaux-anciens.com\/fr\/produit\/sols\/dallages-anciens\/paves-anciens\/paves-de-rue-de-recuperation\/#primaryimage"},"image":{"@id":"https:\/\/provence-materiaux-anciens.com\/fr\/produit\/sols\/dallages-anciens\/paves-anciens\/paves-de-rue-de-recuperation\/#primaryimage"},"thumbnailUrl":"https:\/\/provence-materiaux-anciens.com\/wp-content\/uploads\/2022\/12\/paves-de-rue-de-recuperation01.jpg","datePublished":"2022-12-02T18:51:39+00:00","dateModified":"2024-03-06T08:56:47+00:00","breadcrumb":{"@id":"https:\/\/provence-materiaux-anciens.com\/fr\/produit\/sols\/dallages-anciens\/paves-anciens\/paves-de-rue-de-recuperation\/#breadcrumb"},"inLanguage":"en-US","potentialAction":[{"@type":"ReadAction","target":["https:\/\/provence-materiaux-anciens.com\/fr\/produit\/sols\/dallages-anciens\/paves-anciens\/paves-de-rue-de-recuperation\/"]}]},{"@type":"ImageObject","inLanguage":"en-US","@id":"https:\/\/provence-materiaux-anciens.com\/fr\/produit\/sols\/dallages-anciens\/paves-anciens\/paves-de-rue-de-recuperation\/#primaryimage","url":"https:\/\/provence-materiaux-anciens.com\/wp-content\/uploads\/2022\/12\/paves-de-rue-de-recuperation01.jpg","contentUrl":"https:\/\/provence-materiaux-anciens.com\/wp-content\/uploads\/2022\/12\/paves-de-rue-de-recuperation01.jpg","width":700,"height":700,"caption":"paves-de-rue-de-recuperation01"},{"@type":"BreadcrumbList","@id":"https:\/\/provence-materiaux-anciens.com\/fr\/produit\/sols\/dallages-anciens\/paves-anciens\/paves-de-rue-de-recuperation\/#breadcrumb","itemListElement":[{"@type":"ListItem","position":1,"name":"Accueil","item":"https:\/\/provence-materiaux-anciens.com\/fr\/"},{"@type":"ListItem","position":2,"name":"Produits","item":"https:\/\/provence-materiaux-anciens.com\/produit\/"},{"@type":"ListItem","position":3,"name":"Pav\u00e9s de rue de r\u00e9cup\u00e9ration"}]},{"@type":"WebSite","@id":"https:\/\/provence-materiaux-anciens.com\/#website","url":"https:\/\/provence-materiaux-anciens.com\/","name":"Provence Mat\u00e9riaux Anciens","description":"Purchase and sale of old building materials, beams, tiles, floors, frameworks, paving, terracotta.","publisher":{"@id":"https:\/\/provence-materiaux-anciens.com\/#organization"},"potentialAction":[{"@type":"SearchAction","target":{"@type":"EntryPoint","urlTemplate":"https:\/\/provence-materiaux-anciens.com\/?s={search_term_string}"},"query-input":{"@type":"PropertyValueSpecification","valueRequired":true,"valueName":"search_term_string"}}],"inLanguage":"en-US"},{"@type":"Organization","@id":"https:\/\/provence-materiaux-anciens.com\/#organization","name":"Provence Mat\u00e9riaux Anciens","url":"https:\/\/provence-materiaux-anciens.com\/","logo":{"@type":"ImageObject","inLanguage":"en-US","@id":"https:\/\/provence-materiaux-anciens.com\/#\/schema\/logo\/image\/","url":"https:\/\/provence-materiaux-anciens.com\/wp-content\/uploads\/2022\/03\/cropped-logo-pma-web.png","contentUrl":"https:\/\/provence-materiaux-anciens.com\/wp-content\/uploads\/2022\/03\/cropped-logo-pma-web.png","width":650,"height":434,"caption":"Provence Mat\u00e9riaux Anciens"},"image":{"@id":"https:\/\/provence-materiaux-anciens.com\/#\/schema\/logo\/image\/"},"sameAs":["https:\/\/www.facebook.com\/provencemateriauxanciens","https:\/\/www.instagram.com\/provencemateriauxanciens\/","https:\/\/www.pinterest.fr\/provencemateriauxanciens\/"]}]}},"_links":{"self":[{"href":"https:\/\/provence-materiaux-anciens.com\/en\/wp-json\/wp\/v2\/product\/1086","targetHints":{"allow":["GET"]}}],"collection":[{"href":"https:\/\/provence-materiaux-anciens.com\/en\/wp-json\/wp\/v2\/product"}],"about":[{"href":"https:\/\/provence-materiaux-anciens.com\/en\/wp-json\/wp\/v2\/types\/product"}],"wp:featuredmedia":[{"embeddable":true,"href":"https:\/\/provence-materiaux-anciens.com\/en\/wp-json\/wp\/v2\/media\/1605"}],"wp:attachment":[{"href":"https:\/\/provence-materiaux-anciens.com\/en\/wp-json\/wp\/v2\/media?parent=1086"}],"wp:term":[{"taxonomy":"product_brand","embeddable":true,"href":"https:\/\/provence-materiaux-anciens.com\/en\/wp-json\/wp\/v2\/product_brand?post=1086"},{"taxonomy":"product_cat","embeddable":true,"href":"https:\/\/provence-materiaux-anciens.com\/en\/wp-json\/wp\/v2\/product_cat?post=1086"},{"taxonomy":"product_tag","embeddable":true,"href":"https:\/\/provence-materiaux-anciens.com\/en\/wp-json\/wp\/v2\/product_tag?post=1086"}],"curies":[{"name":"wp","href":"https:\/\/api.w.org\/{rel}","templated":true}]}}