{"id":1087,"date":"2022-12-02T18:51:42","date_gmt":"2022-12-02T18:51:42","guid":{"rendered":"https:\/\/provence-materiaux-anciens.com\/?post_type=product&#038;p=1087"},"modified":"2024-03-06T08:56:46","modified_gmt":"2024-03-06T08:56:46","slug":"ancient-limestone-paves","status":"publish","type":"product","link":"https:\/\/provence-materiaux-anciens.com\/en\/product\/floors\/ancient-paving\/antique-paving-stones\/ancient-limestone-paves\/","title":{"rendered":"Reclaimed French Limestone Cobles"},"content":{"rendered":"<p><span style=\"font-weight: 400;\">Create a unique, rustic outdoor space with our Reclaimed French Limestone Cobles.<\/span><\/p>\n<h3><span style=\"font-weight: 400;\">Antique cobblestones add natural charm to your exteriors<\/span><\/h3>\n<p><span style=\"font-weight: 400;\">Our antique pavers are made from limestone. They're easy to assemble and will add a warm touch to your exteriors. You can use them for your home's front or back yard. These antique pavers are also ideal for outdoor garages and gardens. They're also real nuggets when it comes to landscaping. They can be combined with other materials for a unique and stylish decoration. Indeed, these antique pavers can be combined with modern, vintage, traditional and many other types of exterior decoration.<\/span><\/p>\n<h3><span style=\"font-weight: 400;\">Choose wear-resistant, eco-friendly pavers<\/span><\/h3>\n<p><span style=\"font-weight: 400;\">Our Reclaimed French Limestone Cobles are made from the natural material limestone. This material is renowned for its weather resistance and durability. As a result, our limestone pavers are highly resistant to wear and tear. In fact, they are so strong that they can withstand light vehicle and pedestrian traffic.<\/span><\/p>\n<p><span style=\"font-weight: 400;\">Choosing antique limestone paving stones also means doing something for the environment. Our antique pavers in particular were recovered from former stables. So we didn't need to use any new natural resources to make them, which is good for the preservation of the ecosystem.<\/span><\/p>\n<p><span style=\"font-weight: 400;\">Another positive feature of our antique stone pavers is that they are very easy to maintain. They can be cleaned with water and mild detergents. What's more, if a particular paver wears out, you can replace it individually without having to redo the entire surface.<\/span><\/p>\n<p><span style=\"font-weight: 400;\">Increase the aesthetic and financial value of your home with our Reclaimed French Limestone Cobles, made from high-quality materials.<\/span><\/p>","protected":false},"excerpt":{"rendered":"<h2><strong>Ref: <\/strong>Antique limestone stable pavers (Pav02)<\/h2>\n<ul>\n<li><strong>Dimensions :<\/strong> 10 - 18 cm<\/li>\n<li><b>Availability<\/b> : Random, don't hesitate to contact us<a href=\"https:\/\/provence-materiaux-anciens.com\/en\/contact\/\"> contact<\/a> if you wish to know the availability of the product<\/li>\n<\/ul>\n<p>Reclaimed French Limestone Cobles are available on a first-come, first-served basis. These reclaimed paving stones come from old stables. Old paving stones have a patina shaped by time. Reclaimed French Limestone Cobles bring a unique authenticity to your exteriors. Reclaimed French Limestone Cobles can withstand heavy vehicle traffic.<\/p>\n<p>&nbsp;<\/p>","protected":false},"featured_media":1612,"template":"","meta":{"_monsterinsights_skip_tracking":false,"_monsterinsights_sitenote_active":false,"_monsterinsights_sitenote_note":"","_monsterinsights_sitenote_category":0},"product_brand":[],"product_cat":[36,40,32],"product_tag":[],"class_list":{"0":"post-1087","1":"product","2":"type-product","3":"status-publish","4":"has-post-thumbnail","6":"product_cat-dallages-anciens","7":"product_cat-paves-anciens","8":"product_cat-sols","10":"first","11":"instock","12":"shipping-taxable","13":"product-type-simple"},"yoast_head":"<!-- This site is optimized with the Yoast SEO Premium plugin v22.1 (Yoast SEO v24.6) - https:\/\/yoast.com\/wordpress\/plugins\/seo\/ -->\n<title>Pav\u00e9s anciens en pierre calcaire - Provence Mat\u00e9riaux Anciens<\/title>\n<meta name=\"robots\" content=\"index, follow, max-snippet:-1, max-image-preview:large, max-video-preview:-1\" \/>\n<link rel=\"canonical\" href=\"https:\/\/provence-materiaux-anciens.com\/en\/product\/floors\/ancient-paving\/antique-paving-stones\/ancient-limestone-paves\/\" \/>\n<meta property=\"og:locale\" content=\"en_US\" \/>\n<meta property=\"og:type\" content=\"article\" \/>\n<meta property=\"og:title\" content=\"Pav\u00e9s anciens en pierre calcaire\" \/>\n<meta property=\"og:description\" content=\"Ref: Pav\u00e9s anciens en pierre calcaire d&#039;\u00e9curie (Pav02)   Dimensions : 10 - 18 cm  Disponibilit\u00e9 : Al\u00e9atoire, n&#039;h\u00e9sitez pas \u00e0 nous contacter si vous souhaitez savoir la disponibilit\u00e9 du produit  Les pav\u00e9s anciens en pierre calcaire d&#039;\u00e9curie sont disponibles selon les arrivages. Ces pav\u00e9s de r\u00e9cup\u00e9ration proviennent d&#039;\u00e9curies anciennes. Les vieux pav\u00e9s ont une patine fa\u00e7onn\u00e9e par le temps. Les pav\u00e9s anciens en pierre calcaire apportent une authenticit\u00e9 unique \u00e0 vos ext\u00e9rieurs. Les pav\u00e9s de r\u00e9cup\u00e9ration calcaire supportent le passage de v\u00e9hicules.  &nbsp;\" \/>\n<meta property=\"og:url\" content=\"https:\/\/provence-materiaux-anciens.com\/en\/product\/floors\/ancient-paving\/antique-paving-stones\/ancient-limestone-paves\/\" \/>\n<meta property=\"og:site_name\" content=\"Provence Mat\u00e9riaux Anciens\" \/>\n<meta property=\"article:publisher\" content=\"https:\/\/www.facebook.com\/provencemateriauxanciens\" \/>\n<meta property=\"article:modified_time\" content=\"2024-03-06T08:56:46+00:00\" \/>\n<meta property=\"og:image\" content=\"https:\/\/provence-materiaux-anciens.com\/wp-content\/uploads\/2022\/12\/paves-anciens-en-pierre-calcaire01.jpg\" \/>\n\t<meta property=\"og:image:width\" content=\"700\" \/>\n\t<meta property=\"og:image:height\" content=\"700\" \/>\n\t<meta property=\"og:image:type\" content=\"image\/jpeg\" \/>\n<meta name=\"twitter:card\" content=\"summary_large_image\" \/>\n<meta name=\"twitter:label1\" content=\"Est. reading time\" \/>\n\t<meta name=\"twitter:data1\" content=\"2 minutes\" \/>\n<script type=\"application\/ld+json\" class=\"yoast-schema-graph\">{\"@context\":\"https:\/\/schema.org\",\"@graph\":[{\"@type\":\"WebPage\",\"@id\":\"https:\/\/provence-materiaux-anciens.com\/produit\/sols\/dallages-anciens\/paves-anciens\/paves-anciens-en-pierre-calcaire\/\",\"url\":\"https:\/\/provence-materiaux-anciens.com\/produit\/sols\/dallages-anciens\/paves-anciens\/paves-anciens-en-pierre-calcaire\/\",\"name\":\"Pav\u00e9s anciens en pierre calcaire - Provence Mat\u00e9riaux Anciens\",\"isPartOf\":{\"@id\":\"https:\/\/provence-materiaux-anciens.com\/#website\"},\"primaryImageOfPage\":{\"@id\":\"https:\/\/provence-materiaux-anciens.com\/produit\/sols\/dallages-anciens\/paves-anciens\/paves-anciens-en-pierre-calcaire\/#primaryimage\"},\"image\":{\"@id\":\"https:\/\/provence-materiaux-anciens.com\/produit\/sols\/dallages-anciens\/paves-anciens\/paves-anciens-en-pierre-calcaire\/#primaryimage\"},\"thumbnailUrl\":\"https:\/\/provence-materiaux-anciens.com\/wp-content\/uploads\/2022\/12\/paves-anciens-en-pierre-calcaire01.jpg\",\"datePublished\":\"2022-12-02T18:51:42+00:00\",\"dateModified\":\"2024-03-06T08:56:46+00:00\",\"breadcrumb\":{\"@id\":\"https:\/\/provence-materiaux-anciens.com\/produit\/sols\/dallages-anciens\/paves-anciens\/paves-anciens-en-pierre-calcaire\/#breadcrumb\"},\"inLanguage\":\"en-US\",\"potentialAction\":[{\"@type\":\"ReadAction\",\"target\":[\"https:\/\/provence-materiaux-anciens.com\/produit\/sols\/dallages-anciens\/paves-anciens\/paves-anciens-en-pierre-calcaire\/\"]}]},{\"@type\":\"ImageObject\",\"inLanguage\":\"en-US\",\"@id\":\"https:\/\/provence-materiaux-anciens.com\/produit\/sols\/dallages-anciens\/paves-anciens\/paves-anciens-en-pierre-calcaire\/#primaryimage\",\"url\":\"https:\/\/provence-materiaux-anciens.com\/wp-content\/uploads\/2022\/12\/paves-anciens-en-pierre-calcaire01.jpg\",\"contentUrl\":\"https:\/\/provence-materiaux-anciens.com\/wp-content\/uploads\/2022\/12\/paves-anciens-en-pierre-calcaire01.jpg\",\"width\":700,\"height\":700,\"caption\":\"paves-anciens-en-pierre-calcaire01\"},{\"@type\":\"BreadcrumbList\",\"@id\":\"https:\/\/provence-materiaux-anciens.com\/produit\/sols\/dallages-anciens\/paves-anciens\/paves-anciens-en-pierre-calcaire\/#breadcrumb\",\"itemListElement\":[{\"@type\":\"ListItem\",\"position\":1,\"name\":\"Accueil\",\"item\":\"https:\/\/provence-materiaux-anciens.com\/fr\/\"},{\"@type\":\"ListItem\",\"position\":2,\"name\":\"Produits\",\"item\":\"https:\/\/provence-materiaux-anciens.com\/produit\/\"},{\"@type\":\"ListItem\",\"position\":3,\"name\":\"Pav\u00e9s anciens en pierre calcaire\"}]},{\"@type\":\"WebSite\",\"@id\":\"https:\/\/provence-materiaux-anciens.com\/#website\",\"url\":\"https:\/\/provence-materiaux-anciens.com\/\",\"name\":\"Provence Mat\u00e9riaux Anciens\",\"description\":\"Achat et vente de mat\u00e9riaux anciens de construction, poutres, tuiles, planchers, charpentes, dallages, terres cuites.\",\"publisher\":{\"@id\":\"https:\/\/provence-materiaux-anciens.com\/#organization\"},\"potentialAction\":[{\"@type\":\"SearchAction\",\"target\":{\"@type\":\"EntryPoint\",\"urlTemplate\":\"https:\/\/provence-materiaux-anciens.com\/?s={search_term_string}\"},\"query-input\":{\"@type\":\"PropertyValueSpecification\",\"valueRequired\":true,\"valueName\":\"search_term_string\"}}],\"inLanguage\":\"en-US\"},{\"@type\":\"Organization\",\"@id\":\"https:\/\/provence-materiaux-anciens.com\/#organization\",\"name\":\"Provence Mat\u00e9riaux Anciens\",\"url\":\"https:\/\/provence-materiaux-anciens.com\/\",\"logo\":{\"@type\":\"ImageObject\",\"inLanguage\":\"en-US\",\"@id\":\"https:\/\/provence-materiaux-anciens.com\/#\/schema\/logo\/image\/\",\"url\":\"https:\/\/provence-materiaux-anciens.com\/wp-content\/uploads\/2022\/03\/cropped-logo-pma-web.png\",\"contentUrl\":\"https:\/\/provence-materiaux-anciens.com\/wp-content\/uploads\/2022\/03\/cropped-logo-pma-web.png\",\"width\":650,\"height\":434,\"caption\":\"Provence Mat\u00e9riaux Anciens\"},\"image\":{\"@id\":\"https:\/\/provence-materiaux-anciens.com\/#\/schema\/logo\/image\/\"},\"sameAs\":[\"https:\/\/www.facebook.com\/provencemateriauxanciens\",\"https:\/\/www.instagram.com\/provencemateriauxanciens\/\",\"https:\/\/www.pinterest.fr\/provencemateriauxanciens\/\"]}]}<\/script>\n<!-- \/ Yoast SEO Premium plugin. -->","yoast_head_json":{"title":"Antique limestone paving stones - Provence Mat\u00e9riaux Anciens","robots":{"index":"index","follow":"follow","max-snippet":"max-snippet:-1","max-image-preview":"max-image-preview:large","max-video-preview":"max-video-preview:-1"},"canonical":"https:\/\/provence-materiaux-anciens.com\/en\/product\/floors\/ancient-paving\/antique-paving-stones\/ancient-limestone-paves\/","og_locale":"en_US","og_type":"article","og_title":"Pav\u00e9s anciens en pierre calcaire","og_description":"Ref: Pav\u00e9s anciens en pierre calcaire d'\u00e9curie (Pav02)   Dimensions : 10 - 18 cm  Disponibilit\u00e9 : Al\u00e9atoire, n'h\u00e9sitez pas \u00e0 nous contacter si vous souhaitez savoir la disponibilit\u00e9 du produit  Les pav\u00e9s anciens en pierre calcaire d'\u00e9curie sont disponibles selon les arrivages. Ces pav\u00e9s de r\u00e9cup\u00e9ration proviennent d'\u00e9curies anciennes. Les vieux pav\u00e9s ont une patine fa\u00e7onn\u00e9e par le temps. Les pav\u00e9s anciens en pierre calcaire apportent une authenticit\u00e9 unique \u00e0 vos ext\u00e9rieurs. Les pav\u00e9s de r\u00e9cup\u00e9ration calcaire supportent le passage de v\u00e9hicules.  &nbsp;","og_url":"https:\/\/provence-materiaux-anciens.com\/en\/product\/floors\/ancient-paving\/antique-paving-stones\/ancient-limestone-paves\/","og_site_name":"Provence Mat\u00e9riaux Anciens","article_publisher":"https:\/\/www.facebook.com\/provencemateriauxanciens","article_modified_time":"2024-03-06T08:56:46+00:00","og_image":[{"width":700,"height":700,"url":"https:\/\/provence-materiaux-anciens.com\/wp-content\/uploads\/2022\/12\/paves-anciens-en-pierre-calcaire01.jpg","type":"image\/jpeg"}],"twitter_card":"summary_large_image","twitter_misc":{"Est. reading time":"2 minutes"},"schema":{"@context":"https:\/\/schema.org","@graph":[{"@type":"WebPage","@id":"https:\/\/provence-materiaux-anciens.com\/produit\/sols\/dallages-anciens\/paves-anciens\/paves-anciens-en-pierre-calcaire\/","url":"https:\/\/provence-materiaux-anciens.com\/produit\/sols\/dallages-anciens\/paves-anciens\/paves-anciens-en-pierre-calcaire\/","name":"Antique limestone paving stones - Provence Mat\u00e9riaux Anciens","isPartOf":{"@id":"https:\/\/provence-materiaux-anciens.com\/#website"},"primaryImageOfPage":{"@id":"https:\/\/provence-materiaux-anciens.com\/produit\/sols\/dallages-anciens\/paves-anciens\/paves-anciens-en-pierre-calcaire\/#primaryimage"},"image":{"@id":"https:\/\/provence-materiaux-anciens.com\/produit\/sols\/dallages-anciens\/paves-anciens\/paves-anciens-en-pierre-calcaire\/#primaryimage"},"thumbnailUrl":"https:\/\/provence-materiaux-anciens.com\/wp-content\/uploads\/2022\/12\/paves-anciens-en-pierre-calcaire01.jpg","datePublished":"2022-12-02T18:51:42+00:00","dateModified":"2024-03-06T08:56:46+00:00","breadcrumb":{"@id":"https:\/\/provence-materiaux-anciens.com\/produit\/sols\/dallages-anciens\/paves-anciens\/paves-anciens-en-pierre-calcaire\/#breadcrumb"},"inLanguage":"en-US","potentialAction":[{"@type":"ReadAction","target":["https:\/\/provence-materiaux-anciens.com\/produit\/sols\/dallages-anciens\/paves-anciens\/paves-anciens-en-pierre-calcaire\/"]}]},{"@type":"ImageObject","inLanguage":"en-US","@id":"https:\/\/provence-materiaux-anciens.com\/produit\/sols\/dallages-anciens\/paves-anciens\/paves-anciens-en-pierre-calcaire\/#primaryimage","url":"https:\/\/provence-materiaux-anciens.com\/wp-content\/uploads\/2022\/12\/paves-anciens-en-pierre-calcaire01.jpg","contentUrl":"https:\/\/provence-materiaux-anciens.com\/wp-content\/uploads\/2022\/12\/paves-anciens-en-pierre-calcaire01.jpg","width":700,"height":700,"caption":"paves-anciens-en-pierre-calcaire01"},{"@type":"BreadcrumbList","@id":"https:\/\/provence-materiaux-anciens.com\/produit\/sols\/dallages-anciens\/paves-anciens\/paves-anciens-en-pierre-calcaire\/#breadcrumb","itemListElement":[{"@type":"ListItem","position":1,"name":"Accueil","item":"https:\/\/provence-materiaux-anciens.com\/fr\/"},{"@type":"ListItem","position":2,"name":"Produits","item":"https:\/\/provence-materiaux-anciens.com\/produit\/"},{"@type":"ListItem","position":3,"name":"Pav\u00e9s anciens en pierre calcaire"}]},{"@type":"WebSite","@id":"https:\/\/provence-materiaux-anciens.com\/#website","url":"https:\/\/provence-materiaux-anciens.com\/","name":"Provence Mat\u00e9riaux Anciens","description":"Purchase and sale of old building materials, beams, tiles, floors, frameworks, paving, terracotta.","publisher":{"@id":"https:\/\/provence-materiaux-anciens.com\/#organization"},"potentialAction":[{"@type":"SearchAction","target":{"@type":"EntryPoint","urlTemplate":"https:\/\/provence-materiaux-anciens.com\/?s={search_term_string}"},"query-input":{"@type":"PropertyValueSpecification","valueRequired":true,"valueName":"search_term_string"}}],"inLanguage":"en-US"},{"@type":"Organization","@id":"https:\/\/provence-materiaux-anciens.com\/#organization","name":"Provence Mat\u00e9riaux Anciens","url":"https:\/\/provence-materiaux-anciens.com\/","logo":{"@type":"ImageObject","inLanguage":"en-US","@id":"https:\/\/provence-materiaux-anciens.com\/#\/schema\/logo\/image\/","url":"https:\/\/provence-materiaux-anciens.com\/wp-content\/uploads\/2022\/03\/cropped-logo-pma-web.png","contentUrl":"https:\/\/provence-materiaux-anciens.com\/wp-content\/uploads\/2022\/03\/cropped-logo-pma-web.png","width":650,"height":434,"caption":"Provence Mat\u00e9riaux Anciens"},"image":{"@id":"https:\/\/provence-materiaux-anciens.com\/#\/schema\/logo\/image\/"},"sameAs":["https:\/\/www.facebook.com\/provencemateriauxanciens","https:\/\/www.instagram.com\/provencemateriauxanciens\/","https:\/\/www.pinterest.fr\/provencemateriauxanciens\/"]}]}},"_links":{"self":[{"href":"https:\/\/provence-materiaux-anciens.com\/en\/wp-json\/wp\/v2\/product\/1087","targetHints":{"allow":["GET"]}}],"collection":[{"href":"https:\/\/provence-materiaux-anciens.com\/en\/wp-json\/wp\/v2\/product"}],"about":[{"href":"https:\/\/provence-materiaux-anciens.com\/en\/wp-json\/wp\/v2\/types\/product"}],"wp:featuredmedia":[{"embeddable":true,"href":"https:\/\/provence-materiaux-anciens.com\/en\/wp-json\/wp\/v2\/media\/1612"}],"wp:attachment":[{"href":"https:\/\/provence-materiaux-anciens.com\/en\/wp-json\/wp\/v2\/media?parent=1087"}],"wp:term":[{"taxonomy":"product_brand","embeddable":true,"href":"https:\/\/provence-materiaux-anciens.com\/en\/wp-json\/wp\/v2\/product_brand?post=1087"},{"taxonomy":"product_cat","embeddable":true,"href":"https:\/\/provence-materiaux-anciens.com\/en\/wp-json\/wp\/v2\/product_cat?post=1087"},{"taxonomy":"product_tag","embeddable":true,"href":"https:\/\/provence-materiaux-anciens.com\/en\/wp-json\/wp\/v2\/product_tag?post=1087"}],"curies":[{"name":"wp","href":"https:\/\/api.w.org\/{rel}","templated":true}]}}