{"id":1088,"date":"2022-12-02T18:51:42","date_gmt":"2022-12-02T18:51:42","guid":{"rendered":"https:\/\/provence-materiaux-anciens.com\/?post_type=product&#038;p=1088"},"modified":"2024-07-31T13:13:53","modified_gmt":"2024-07-31T13:13:53","slug":"antique-granite-street-paves","status":"publish","type":"product","link":"https:\/\/provence-materiaux-anciens.com\/en\/product\/floors\/ancient-paving\/antique-paving-stones\/antique-granite-street-paves\/","title":{"rendered":"Reclaimed Granit Coblestone"},"content":{"rendered":"<p><span style=\"font-weight: 400;\">For warm, original exteriors, choose our Reclaimed Granit Coblestone.<\/span><\/p>\n<h3><span style=\"font-weight: 400;\">Reclaimed Granit Coblestone will make your outdoor spaces authentic<\/span><\/h3>\n<p><span style=\"font-weight: 400;\">These granite paving stones come from different cities. Each one has already been used to pave streets, so they all have a unique history, patina and character.<\/span><\/p>\n<p><span style=\"font-weight: 400;\">In general, however, their natural appearance is a real crowd-pleaser. Indeed, thanks to their natural hue, these pavers add character and elegance to landscaping or construction projects. They are often used to decorate garden paths, courtyards, sidewalks and public squares. They can be adapted to any architectural style. Many professionals use them to create detailed borders and intricate patterns.<\/span><\/p>\n<p><span style=\"font-weight: 400;\">Our Reclaimed Granit Coblestone can be used to create textured, authentic designs. These pavers can be polished for a smooth surface, or left as is for a rough, textured surface.<\/span><\/p>\n<h3><span style=\"font-weight: 400;\">Granite-based pavers: strong, resistant and environmentally friendly<\/span><\/h3>\n<p><span style=\"font-weight: 400;\">Granite, the material used in the manufacture of our old pavers, is a natural stone resistant to frost, weather, wear and heavy loads. Opt for our Reclaimed Granit Coblestone and you'll be sure to have a hard-wearing, long-lasting exterior floor covering.<\/span><\/p>\n<p><span style=\"font-weight: 400;\">What's more, these pavers are stain-resistant, fade-resistant and easy to maintain. You can clean them with a broom, a jet of water or a mild cleaner.<\/span><\/p>\n<p><span style=\"font-weight: 400;\">Thanks to their textured surface, granite street pavers are slip-resistant. This makes them ideal for sidewalks, terraces and driveways. They will ensure safety for people walking on these surfaces, especially in wet weather.<\/span><\/p>\n<p><span style=\"font-weight: 400;\">Order our Reclaimed Granit Coblestone, paving stones with a special charm to delight your visitors. <\/span><\/p>","protected":false},"excerpt":{"rendered":"<h2><strong>Ref:<\/strong> Vintage granite street pavers (Pav01)<\/h2>\n<ul>\n<li><strong>Dimensions :<\/strong> 15 x 20 cm approx.<\/li>\n<li><b>Thickness<\/b> 18 cm, also available in thicknesses from 2 to 5 cm<\/li>\n<li><b>Availability<\/b> : Constant<\/li>\n<\/ul>\n<p>Reclaimed Granit Coblestone for authentic exteriors. We salvage our Reclaimed Granit Coblestone from various cities. We allow reclaimed street pavers to be put to a second use. In this way, their recycling brings authenticity and elegance to your construction projects. We can also saw antique granite street pavers to thickness for more accessible installation.<\/p>","protected":false},"featured_media":5080,"template":"","meta":{"_monsterinsights_skip_tracking":false,"_monsterinsights_sitenote_active":false,"_monsterinsights_sitenote_note":"","_monsterinsights_sitenote_category":0},"product_brand":[],"product_cat":[36,40,32],"product_tag":[],"class_list":{"0":"post-1088","1":"product","2":"type-product","3":"status-publish","4":"has-post-thumbnail","6":"product_cat-dallages-anciens","7":"product_cat-paves-anciens","8":"product_cat-sols","10":"first","11":"instock","12":"shipping-taxable","13":"product-type-simple"},"yoast_head":"<!-- This site is optimized with the Yoast SEO Premium plugin v22.1 (Yoast SEO v24.6) - https:\/\/yoast.com\/wordpress\/plugins\/seo\/ -->\n<title>Vieux pav\u00e9s de rue granit - Provence Mat\u00e9riaux Anciens<\/title>\n<meta name=\"robots\" content=\"index, follow, max-snippet:-1, max-image-preview:large, max-video-preview:-1\" \/>\n<link rel=\"canonical\" href=\"https:\/\/provence-materiaux-anciens.com\/en\/product\/floors\/ancient-paving\/antique-paving-stones\/antique-granite-street-paves\/\" \/>\n<meta property=\"og:locale\" content=\"en_US\" \/>\n<meta property=\"og:type\" content=\"article\" \/>\n<meta property=\"og:title\" content=\"Vieux pav\u00e9s de rue granit\" \/>\n<meta property=\"og:description\" content=\"Ref: Vieux Pav\u00e9s de rue granit (Pav01)   Dimensions : 15 x 20 cm environs  \u00c9paisseur : 18 cm, existe aussi en \u00e9paisseur de 2 \u00e0 5 cm  Disponibilit\u00e9 : Constante  Vieux pav\u00e9s de rue en granit pour un ext\u00e9rieur authentique. Nous r\u00e9cup\u00e9rons nos pav\u00e9s de rue anciens dans diff\u00e9rentes villes. Nous permettons une deuxi\u00e8me utilisation des pav\u00e9s de rue de r\u00e9cup\u00e9ration. C&#039;est ainsi que leur recyclage apporte authenticit\u00e9 et \u00e9l\u00e9gance \u00e0 vos projets de construction. Nous pouvons par ailleurs scier les pav\u00e9s anciens de rue granit dans l&#039;\u00e9paisseur pour une pose plus accessible.\" \/>\n<meta property=\"og:url\" content=\"https:\/\/provence-materiaux-anciens.com\/en\/product\/floors\/ancient-paving\/antique-paving-stones\/antique-granite-street-paves\/\" \/>\n<meta property=\"og:site_name\" content=\"Provence Mat\u00e9riaux Anciens\" \/>\n<meta property=\"article:publisher\" content=\"https:\/\/www.facebook.com\/provencemateriauxanciens\" \/>\n<meta property=\"article:modified_time\" content=\"2024-07-31T13:13:53+00:00\" \/>\n<meta property=\"og:image\" content=\"https:\/\/provence-materiaux-anciens.com\/wp-content\/uploads\/2022\/12\/20240711_115812-scaled.jpg\" \/>\n\t<meta property=\"og:image:width\" content=\"1920\" \/>\n\t<meta property=\"og:image:height\" content=\"2560\" \/>\n\t<meta property=\"og:image:type\" content=\"image\/jpeg\" \/>\n<meta name=\"twitter:card\" content=\"summary_large_image\" \/>\n<meta name=\"twitter:label1\" content=\"Est. reading time\" \/>\n\t<meta name=\"twitter:data1\" content=\"2 minutes\" \/>\n<script type=\"application\/ld+json\" class=\"yoast-schema-graph\">{\"@context\":\"https:\/\/schema.org\",\"@graph\":[{\"@type\":\"WebPage\",\"@id\":\"https:\/\/provence-materiaux-anciens.com\/fr\/produit\/sols\/dallages-anciens\/paves-anciens\/vieux-paves-de-rue-granit\/\",\"url\":\"https:\/\/provence-materiaux-anciens.com\/fr\/produit\/sols\/dallages-anciens\/paves-anciens\/vieux-paves-de-rue-granit\/\",\"name\":\"Vieux pav\u00e9s de rue granit - Provence Mat\u00e9riaux Anciens\",\"isPartOf\":{\"@id\":\"https:\/\/provence-materiaux-anciens.com\/#website\"},\"primaryImageOfPage\":{\"@id\":\"https:\/\/provence-materiaux-anciens.com\/fr\/produit\/sols\/dallages-anciens\/paves-anciens\/vieux-paves-de-rue-granit\/#primaryimage\"},\"image\":{\"@id\":\"https:\/\/provence-materiaux-anciens.com\/fr\/produit\/sols\/dallages-anciens\/paves-anciens\/vieux-paves-de-rue-granit\/#primaryimage\"},\"thumbnailUrl\":\"https:\/\/provence-materiaux-anciens.com\/wp-content\/uploads\/2022\/12\/20240711_115812-scaled.jpg\",\"datePublished\":\"2022-12-02T18:51:42+00:00\",\"dateModified\":\"2024-07-31T13:13:53+00:00\",\"breadcrumb\":{\"@id\":\"https:\/\/provence-materiaux-anciens.com\/fr\/produit\/sols\/dallages-anciens\/paves-anciens\/vieux-paves-de-rue-granit\/#breadcrumb\"},\"inLanguage\":\"en-US\",\"potentialAction\":[{\"@type\":\"ReadAction\",\"target\":[\"https:\/\/provence-materiaux-anciens.com\/fr\/produit\/sols\/dallages-anciens\/paves-anciens\/vieux-paves-de-rue-granit\/\"]}]},{\"@type\":\"ImageObject\",\"inLanguage\":\"en-US\",\"@id\":\"https:\/\/provence-materiaux-anciens.com\/fr\/produit\/sols\/dallages-anciens\/paves-anciens\/vieux-paves-de-rue-granit\/#primaryimage\",\"url\":\"https:\/\/provence-materiaux-anciens.com\/wp-content\/uploads\/2022\/12\/20240711_115812-scaled.jpg\",\"contentUrl\":\"https:\/\/provence-materiaux-anciens.com\/wp-content\/uploads\/2022\/12\/20240711_115812-scaled.jpg\",\"width\":1920,\"height\":2560},{\"@type\":\"BreadcrumbList\",\"@id\":\"https:\/\/provence-materiaux-anciens.com\/fr\/produit\/sols\/dallages-anciens\/paves-anciens\/vieux-paves-de-rue-granit\/#breadcrumb\",\"itemListElement\":[{\"@type\":\"ListItem\",\"position\":1,\"name\":\"Accueil\",\"item\":\"https:\/\/provence-materiaux-anciens.com\/fr\/\"},{\"@type\":\"ListItem\",\"position\":2,\"name\":\"Produits\",\"item\":\"https:\/\/provence-materiaux-anciens.com\/produit\/\"},{\"@type\":\"ListItem\",\"position\":3,\"name\":\"Vieux pav\u00e9s de rue granit\"}]},{\"@type\":\"WebSite\",\"@id\":\"https:\/\/provence-materiaux-anciens.com\/#website\",\"url\":\"https:\/\/provence-materiaux-anciens.com\/\",\"name\":\"Provence Mat\u00e9riaux Anciens\",\"description\":\"Achat et vente de mat\u00e9riaux anciens de construction, poutres, tuiles, planchers, charpentes, dallages, terres cuites.\",\"publisher\":{\"@id\":\"https:\/\/provence-materiaux-anciens.com\/#organization\"},\"potentialAction\":[{\"@type\":\"SearchAction\",\"target\":{\"@type\":\"EntryPoint\",\"urlTemplate\":\"https:\/\/provence-materiaux-anciens.com\/?s={search_term_string}\"},\"query-input\":{\"@type\":\"PropertyValueSpecification\",\"valueRequired\":true,\"valueName\":\"search_term_string\"}}],\"inLanguage\":\"en-US\"},{\"@type\":\"Organization\",\"@id\":\"https:\/\/provence-materiaux-anciens.com\/#organization\",\"name\":\"Provence Mat\u00e9riaux Anciens\",\"url\":\"https:\/\/provence-materiaux-anciens.com\/\",\"logo\":{\"@type\":\"ImageObject\",\"inLanguage\":\"en-US\",\"@id\":\"https:\/\/provence-materiaux-anciens.com\/#\/schema\/logo\/image\/\",\"url\":\"https:\/\/provence-materiaux-anciens.com\/wp-content\/uploads\/2022\/03\/cropped-logo-pma-web.png\",\"contentUrl\":\"https:\/\/provence-materiaux-anciens.com\/wp-content\/uploads\/2022\/03\/cropped-logo-pma-web.png\",\"width\":650,\"height\":434,\"caption\":\"Provence Mat\u00e9riaux Anciens\"},\"image\":{\"@id\":\"https:\/\/provence-materiaux-anciens.com\/#\/schema\/logo\/image\/\"},\"sameAs\":[\"https:\/\/www.facebook.com\/provencemateriauxanciens\",\"https:\/\/www.instagram.com\/provencemateriauxanciens\/\",\"https:\/\/www.pinterest.fr\/provencemateriauxanciens\/\"]}]}<\/script>\n<!-- \/ Yoast SEO Premium plugin. -->","yoast_head_json":{"title":"Old granite street pavers - Provence Mat\u00e9riaux Anciens","robots":{"index":"index","follow":"follow","max-snippet":"max-snippet:-1","max-image-preview":"max-image-preview:large","max-video-preview":"max-video-preview:-1"},"canonical":"https:\/\/provence-materiaux-anciens.com\/en\/product\/floors\/ancient-paving\/antique-paving-stones\/antique-granite-street-paves\/","og_locale":"en_US","og_type":"article","og_title":"Vieux pav\u00e9s de rue granit","og_description":"Ref: Vieux Pav\u00e9s de rue granit (Pav01)   Dimensions : 15 x 20 cm environs  \u00c9paisseur : 18 cm, existe aussi en \u00e9paisseur de 2 \u00e0 5 cm  Disponibilit\u00e9 : Constante  Vieux pav\u00e9s de rue en granit pour un ext\u00e9rieur authentique. Nous r\u00e9cup\u00e9rons nos pav\u00e9s de rue anciens dans diff\u00e9rentes villes. Nous permettons une deuxi\u00e8me utilisation des pav\u00e9s de rue de r\u00e9cup\u00e9ration. C'est ainsi que leur recyclage apporte authenticit\u00e9 et \u00e9l\u00e9gance \u00e0 vos projets de construction. Nous pouvons par ailleurs scier les pav\u00e9s anciens de rue granit dans l'\u00e9paisseur pour une pose plus accessible.","og_url":"https:\/\/provence-materiaux-anciens.com\/en\/product\/floors\/ancient-paving\/antique-paving-stones\/antique-granite-street-paves\/","og_site_name":"Provence Mat\u00e9riaux Anciens","article_publisher":"https:\/\/www.facebook.com\/provencemateriauxanciens","article_modified_time":"2024-07-31T13:13:53+00:00","og_image":[{"width":1920,"height":2560,"url":"https:\/\/provence-materiaux-anciens.com\/wp-content\/uploads\/2022\/12\/20240711_115812-scaled.jpg","type":"image\/jpeg"}],"twitter_card":"summary_large_image","twitter_misc":{"Est. reading time":"2 minutes"},"schema":{"@context":"https:\/\/schema.org","@graph":[{"@type":"WebPage","@id":"https:\/\/provence-materiaux-anciens.com\/fr\/produit\/sols\/dallages-anciens\/paves-anciens\/vieux-paves-de-rue-granit\/","url":"https:\/\/provence-materiaux-anciens.com\/fr\/produit\/sols\/dallages-anciens\/paves-anciens\/vieux-paves-de-rue-granit\/","name":"Old granite street pavers - Provence Mat\u00e9riaux Anciens","isPartOf":{"@id":"https:\/\/provence-materiaux-anciens.com\/#website"},"primaryImageOfPage":{"@id":"https:\/\/provence-materiaux-anciens.com\/fr\/produit\/sols\/dallages-anciens\/paves-anciens\/vieux-paves-de-rue-granit\/#primaryimage"},"image":{"@id":"https:\/\/provence-materiaux-anciens.com\/fr\/produit\/sols\/dallages-anciens\/paves-anciens\/vieux-paves-de-rue-granit\/#primaryimage"},"thumbnailUrl":"https:\/\/provence-materiaux-anciens.com\/wp-content\/uploads\/2022\/12\/20240711_115812-scaled.jpg","datePublished":"2022-12-02T18:51:42+00:00","dateModified":"2024-07-31T13:13:53+00:00","breadcrumb":{"@id":"https:\/\/provence-materiaux-anciens.com\/fr\/produit\/sols\/dallages-anciens\/paves-anciens\/vieux-paves-de-rue-granit\/#breadcrumb"},"inLanguage":"en-US","potentialAction":[{"@type":"ReadAction","target":["https:\/\/provence-materiaux-anciens.com\/fr\/produit\/sols\/dallages-anciens\/paves-anciens\/vieux-paves-de-rue-granit\/"]}]},{"@type":"ImageObject","inLanguage":"en-US","@id":"https:\/\/provence-materiaux-anciens.com\/fr\/produit\/sols\/dallages-anciens\/paves-anciens\/vieux-paves-de-rue-granit\/#primaryimage","url":"https:\/\/provence-materiaux-anciens.com\/wp-content\/uploads\/2022\/12\/20240711_115812-scaled.jpg","contentUrl":"https:\/\/provence-materiaux-anciens.com\/wp-content\/uploads\/2022\/12\/20240711_115812-scaled.jpg","width":1920,"height":2560},{"@type":"BreadcrumbList","@id":"https:\/\/provence-materiaux-anciens.com\/fr\/produit\/sols\/dallages-anciens\/paves-anciens\/vieux-paves-de-rue-granit\/#breadcrumb","itemListElement":[{"@type":"ListItem","position":1,"name":"Accueil","item":"https:\/\/provence-materiaux-anciens.com\/fr\/"},{"@type":"ListItem","position":2,"name":"Produits","item":"https:\/\/provence-materiaux-anciens.com\/produit\/"},{"@type":"ListItem","position":3,"name":"Vieux pav\u00e9s de rue granit"}]},{"@type":"WebSite","@id":"https:\/\/provence-materiaux-anciens.com\/#website","url":"https:\/\/provence-materiaux-anciens.com\/","name":"Provence Mat\u00e9riaux Anciens","description":"Purchase and sale of old building materials, beams, tiles, floors, frameworks, paving, terracotta.","publisher":{"@id":"https:\/\/provence-materiaux-anciens.com\/#organization"},"potentialAction":[{"@type":"SearchAction","target":{"@type":"EntryPoint","urlTemplate":"https:\/\/provence-materiaux-anciens.com\/?s={search_term_string}"},"query-input":{"@type":"PropertyValueSpecification","valueRequired":true,"valueName":"search_term_string"}}],"inLanguage":"en-US"},{"@type":"Organization","@id":"https:\/\/provence-materiaux-anciens.com\/#organization","name":"Provence Mat\u00e9riaux Anciens","url":"https:\/\/provence-materiaux-anciens.com\/","logo":{"@type":"ImageObject","inLanguage":"en-US","@id":"https:\/\/provence-materiaux-anciens.com\/#\/schema\/logo\/image\/","url":"https:\/\/provence-materiaux-anciens.com\/wp-content\/uploads\/2022\/03\/cropped-logo-pma-web.png","contentUrl":"https:\/\/provence-materiaux-anciens.com\/wp-content\/uploads\/2022\/03\/cropped-logo-pma-web.png","width":650,"height":434,"caption":"Provence Mat\u00e9riaux Anciens"},"image":{"@id":"https:\/\/provence-materiaux-anciens.com\/#\/schema\/logo\/image\/"},"sameAs":["https:\/\/www.facebook.com\/provencemateriauxanciens","https:\/\/www.instagram.com\/provencemateriauxanciens\/","https:\/\/www.pinterest.fr\/provencemateriauxanciens\/"]}]}},"_links":{"self":[{"href":"https:\/\/provence-materiaux-anciens.com\/en\/wp-json\/wp\/v2\/product\/1088","targetHints":{"allow":["GET"]}}],"collection":[{"href":"https:\/\/provence-materiaux-anciens.com\/en\/wp-json\/wp\/v2\/product"}],"about":[{"href":"https:\/\/provence-materiaux-anciens.com\/en\/wp-json\/wp\/v2\/types\/product"}],"wp:featuredmedia":[{"embeddable":true,"href":"https:\/\/provence-materiaux-anciens.com\/en\/wp-json\/wp\/v2\/media\/5080"}],"wp:attachment":[{"href":"https:\/\/provence-materiaux-anciens.com\/en\/wp-json\/wp\/v2\/media?parent=1088"}],"wp:term":[{"taxonomy":"product_brand","embeddable":true,"href":"https:\/\/provence-materiaux-anciens.com\/en\/wp-json\/wp\/v2\/product_brand?post=1088"},{"taxonomy":"product_cat","embeddable":true,"href":"https:\/\/provence-materiaux-anciens.com\/en\/wp-json\/wp\/v2\/product_cat?post=1088"},{"taxonomy":"product_tag","embeddable":true,"href":"https:\/\/provence-materiaux-anciens.com\/en\/wp-json\/wp\/v2\/product_tag?post=1088"}],"curies":[{"name":"wp","href":"https:\/\/api.w.org\/{rel}","templated":true}]}}