{"id":1089,"date":"2022-12-02T18:51:42","date_gmt":"2022-12-02T18:51:42","guid":{"rendered":"https:\/\/provence-materiaux-anciens.com\/?post_type=product&#038;p=1089"},"modified":"2024-06-05T13:14:11","modified_gmt":"2024-06-05T13:14:11","slug":"paving-antique-bar-gray","status":"publish","type":"product","link":"https:\/\/provence-materiaux-anciens.com\/en\/product\/floors\/ancient-paving\/antique-paving\/paving-antique-bar-gray\/","title":{"rendered":"Reclaimed Montpellier Flagstones"},"content":{"rendered":"<p><span style=\"font-weight: 400;\">Running out of ideas for your construction or renovation project? Our <\/span><b>Reclaimed Montpellier Flagstones<\/b><span style=\"font-weight: 400;\"> is a coating that can be used in a wide range of projects and decorating styles!\u00a0<\/span><\/p>\n<h3><span style=\"font-weight: 400;\">Fall for this Reclaimed Montpellier Flagstones, for an aesthetic and flamboyant design for your home.<\/span><\/h3>\n<p><span style=\"font-weight: 400;\">To give your living environment an aesthetic, friendly and rustic look, our Dallage ancien Bar Gris is a great choice. You can use it to cover the floor of your living room, bedroom, kitchen, dining room and so on. And if you like, you can even use it for wall cladding in any room. Please note that these antique tiles are for interior use only.<\/span><\/p>\n<p><span style=\"font-weight: 400;\">Whether in the country or the city, you can choose this rectangular, gray paving stone. Whether you're planning a new construction or renovation project, this interior stone paving is the perfect choice.<\/span>\u00a0<span style=\"font-weight: 400;\">will bring more life to your home. You'll be delighted to welcome friends and colleagues to this little paradise on earth that will be your home once you've fitted it out with our <\/span><b>Reclaimed Montpellier Flagstones.<\/b><\/p>\n<h3>Grey shades for old stone paving<\/h3>\n<p><span style=\"font-weight: 400;\">The gray hues of our Reclaimed Montpellier Flagstones evoke a subtle charm and timeless elegance that blend perfectly into any interior. Whether recreating the rustic ambience of a country home or adding a touch of authenticity to a contemporary interior, these antique slabs bring a touch of character and sophistication to any space.<\/span><\/p>\n<h3><span style=\"font-weight: 400;\">A coating that will last an eternity<\/span><\/h3>\n<p><span style=\"font-weight: 400;\">If you love the authenticity of natural reclaimed stone, our Reclaimed Montpellier Flagstones will meet your requirements. This antique paving is made from ancient terracotta. They are heated to a high temperature and are 6 cm thick. We can re-saw the slabs to a thickness of 3cm, to be compatible with underfloor heating.<\/span><\/p>\n<p><span style=\"font-weight: 400;\">Particularly sturdy, this interior stone paving is also highly resistant to wear and tear. What's more, they are slip-resistant.\u00a0<\/span><\/p>\n<p><span style=\"font-weight: 400;\">Stone tiles are also ecological and environmentally friendly. So, if you choose it as your flooring, you won't need to change it for decades to come.<\/span><\/p>\n<p><span style=\"font-weight: 400;\">Whether you're looking to renovate an old house, create a warm and authentic living space, or simply add a touch of history to your interior, our Reclaimed Montpellier Flagstones is a choice that's sure to win you over. Let yourself be transported back in time with these antique slabs imbued with history and elegance, and transform your space into a true architectural gem from the Gard region.<\/span><\/p>\n<p><span style=\"font-weight: 400;\">Choose our Antique Bar Grey Paving to personalize your home to perfection <\/span><span style=\"font-weight: 400;\">with Provence Mat\u00e9riaux Anciens <\/span><span style=\"font-weight: 400;\">!<\/span><\/p>\n<p><a href=\"https:\/\/provence-materiaux-anciens.com\/en\/contact\/\"><b>Contact us<\/b><\/a><b> to discuss your project.<\/b><\/p>","protected":false},"excerpt":{"rendered":"<h2><strong>Ref: <\/strong>Old Bar Gris paving (DAL02)<\/h2>\n<ul>\n<li><b>Length<\/b> : 55 - 60 cm<\/li>\n<li><b>Width <\/b>size : 46 - 50 cm<\/li>\n<li><b>Thickness<\/b> 6 cm, sawable to 3 cm for underfloor heating compatibility<\/li>\n<li><b>Availability<\/b> : Random, don't hesitate to contact us<a href=\"https:\/\/provence-materiaux-anciens.com\/en\/contact\/\"> contact<\/a> if you wish to know the availability of the product<\/li>\n<\/ul>\n<p>Reclaimed Montpellier Flagstones from the Gard department. Bar Gris antique flagstones were produced in the 18th and 19th centuries.<span style=\"font-weight: 400;\">.<\/span><span style=\"font-weight: 400;\"> They <\/span> served as the only separation between the floors of traditional houses. Grey sea bass tiles were laid on wooden rafters as ceilings. This <span style=\"font-weight: 400;\">eastern stone tiles <\/span> a symbol of traditional Gard architecture. The shades of <span style=\"font-weight: 400;\">our<\/span> old stone paving are in gray colors.<\/p>\n<p><strong>Reclaimed Montpellier Flagstones is intended for indoor installation.<\/strong><\/p>","protected":false},"featured_media":2073,"template":"","meta":{"_monsterinsights_skip_tracking":false,"_monsterinsights_sitenote_active":false,"_monsterinsights_sitenote_note":"","_monsterinsights_sitenote_category":0},"product_brand":[],"product_cat":[36,37,32],"product_tag":[],"class_list":{"0":"post-1089","1":"product","2":"type-product","3":"status-publish","4":"has-post-thumbnail","6":"product_cat-dallages-anciens","7":"product_cat-dallage-ancien","8":"product_cat-sols","10":"first","11":"instock","12":"shipping-taxable","13":"product-type-simple"},"yoast_head":"<!-- This site is optimized with the Yoast SEO Premium plugin v22.1 (Yoast SEO v24.6) - https:\/\/yoast.com\/wordpress\/plugins\/seo\/ -->\n<title>Dallage ancien ref Bar Gris - Provence Mat\u00e9riaux Anciens<\/title>\n<meta name=\"description\" content=\"D\u00e9couvrez ce sublime dallage ancien du Gard : l&#039;authenticit\u00e9 de la pierre naturelle de r\u00e9cup\u00e9ration avec une teinte gris\u00e9e pour tous vos projets\" \/>\n<meta name=\"robots\" content=\"index, follow, max-snippet:-1, max-image-preview:large, max-video-preview:-1\" \/>\n<link rel=\"canonical\" href=\"https:\/\/provence-materiaux-anciens.com\/en\/product\/floors\/ancient-paving\/antique-paving\/paving-antique-bar-gray\/\" \/>\n<meta property=\"og:locale\" content=\"en_US\" \/>\n<meta property=\"og:type\" content=\"article\" \/>\n<meta property=\"og:title\" content=\"Dallage ancien Bar Gris\" \/>\n<meta property=\"og:description\" content=\"D\u00e9couvrez ce sublime dallage ancien du Gard : l&#039;authenticit\u00e9 de la pierre naturelle de r\u00e9cup\u00e9ration avec une teinte gris\u00e9e pour tous vos projets\" \/>\n<meta property=\"og:url\" content=\"https:\/\/provence-materiaux-anciens.com\/en\/product\/floors\/ancient-paving\/antique-paving\/paving-antique-bar-gray\/\" \/>\n<meta property=\"og:site_name\" content=\"Provence Mat\u00e9riaux Anciens\" \/>\n<meta property=\"article:publisher\" content=\"https:\/\/www.facebook.com\/provencemateriauxanciens\" \/>\n<meta property=\"article:modified_time\" content=\"2024-06-05T13:14:11+00:00\" \/>\n<meta property=\"og:image\" content=\"https:\/\/provence-materiaux-anciens.com\/wp-content\/uploads\/2022\/12\/dallage-bar-gris01.jpg\" \/>\n\t<meta property=\"og:image:width\" content=\"700\" \/>\n\t<meta property=\"og:image:height\" content=\"700\" \/>\n\t<meta property=\"og:image:type\" content=\"image\/jpeg\" \/>\n<meta name=\"twitter:card\" content=\"summary_large_image\" \/>\n<meta name=\"twitter:label1\" content=\"Est. reading time\" \/>\n\t<meta name=\"twitter:data1\" content=\"3 minutes\" \/>\n<script type=\"application\/ld+json\" class=\"yoast-schema-graph\">{\"@context\":\"https:\/\/schema.org\",\"@graph\":[{\"@type\":\"WebPage\",\"@id\":\"https:\/\/provence-materiaux-anciens.com\/fr\/produit\/sols\/dallages-anciens\/dallage-ancien\/dallage-ancien-bar-gris\/\",\"url\":\"https:\/\/provence-materiaux-anciens.com\/fr\/produit\/sols\/dallages-anciens\/dallage-ancien\/dallage-ancien-bar-gris\/\",\"name\":\"Dallage ancien ref Bar Gris - Provence Mat\u00e9riaux Anciens\",\"isPartOf\":{\"@id\":\"https:\/\/provence-materiaux-anciens.com\/#website\"},\"primaryImageOfPage\":{\"@id\":\"https:\/\/provence-materiaux-anciens.com\/fr\/produit\/sols\/dallages-anciens\/dallage-ancien\/dallage-ancien-bar-gris\/#primaryimage\"},\"image\":{\"@id\":\"https:\/\/provence-materiaux-anciens.com\/fr\/produit\/sols\/dallages-anciens\/dallage-ancien\/dallage-ancien-bar-gris\/#primaryimage\"},\"thumbnailUrl\":\"https:\/\/provence-materiaux-anciens.com\/wp-content\/uploads\/2022\/12\/dallage-bar-gris01.jpg\",\"datePublished\":\"2022-12-02T18:51:42+00:00\",\"dateModified\":\"2024-06-05T13:14:11+00:00\",\"description\":\"D\u00e9couvrez ce sublime dallage ancien du Gard : l'authenticit\u00e9 de la pierre naturelle de r\u00e9cup\u00e9ration avec une teinte gris\u00e9e pour tous vos projets\",\"breadcrumb\":{\"@id\":\"https:\/\/provence-materiaux-anciens.com\/fr\/produit\/sols\/dallages-anciens\/dallage-ancien\/dallage-ancien-bar-gris\/#breadcrumb\"},\"inLanguage\":\"en-US\",\"potentialAction\":[{\"@type\":\"ReadAction\",\"target\":[\"https:\/\/provence-materiaux-anciens.com\/fr\/produit\/sols\/dallages-anciens\/dallage-ancien\/dallage-ancien-bar-gris\/\"]}]},{\"@type\":\"ImageObject\",\"inLanguage\":\"en-US\",\"@id\":\"https:\/\/provence-materiaux-anciens.com\/fr\/produit\/sols\/dallages-anciens\/dallage-ancien\/dallage-ancien-bar-gris\/#primaryimage\",\"url\":\"https:\/\/provence-materiaux-anciens.com\/wp-content\/uploads\/2022\/12\/dallage-bar-gris01.jpg\",\"contentUrl\":\"https:\/\/provence-materiaux-anciens.com\/wp-content\/uploads\/2022\/12\/dallage-bar-gris01.jpg\",\"width\":700,\"height\":700,\"caption\":\"dallage ancien gris\"},{\"@type\":\"BreadcrumbList\",\"@id\":\"https:\/\/provence-materiaux-anciens.com\/fr\/produit\/sols\/dallages-anciens\/dallage-ancien\/dallage-ancien-bar-gris\/#breadcrumb\",\"itemListElement\":[{\"@type\":\"ListItem\",\"position\":1,\"name\":\"Accueil\",\"item\":\"https:\/\/provence-materiaux-anciens.com\/fr\/\"},{\"@type\":\"ListItem\",\"position\":2,\"name\":\"Produits\",\"item\":\"https:\/\/provence-materiaux-anciens.com\/produit\/\"},{\"@type\":\"ListItem\",\"position\":3,\"name\":\"Dallage ancien Bar Gris\"}]},{\"@type\":\"WebSite\",\"@id\":\"https:\/\/provence-materiaux-anciens.com\/#website\",\"url\":\"https:\/\/provence-materiaux-anciens.com\/\",\"name\":\"Provence Mat\u00e9riaux Anciens\",\"description\":\"Achat et vente de mat\u00e9riaux anciens de construction, poutres, tuiles, planchers, charpentes, dallages, terres cuites.\",\"publisher\":{\"@id\":\"https:\/\/provence-materiaux-anciens.com\/#organization\"},\"potentialAction\":[{\"@type\":\"SearchAction\",\"target\":{\"@type\":\"EntryPoint\",\"urlTemplate\":\"https:\/\/provence-materiaux-anciens.com\/?s={search_term_string}\"},\"query-input\":{\"@type\":\"PropertyValueSpecification\",\"valueRequired\":true,\"valueName\":\"search_term_string\"}}],\"inLanguage\":\"en-US\"},{\"@type\":\"Organization\",\"@id\":\"https:\/\/provence-materiaux-anciens.com\/#organization\",\"name\":\"Provence Mat\u00e9riaux Anciens\",\"url\":\"https:\/\/provence-materiaux-anciens.com\/\",\"logo\":{\"@type\":\"ImageObject\",\"inLanguage\":\"en-US\",\"@id\":\"https:\/\/provence-materiaux-anciens.com\/#\/schema\/logo\/image\/\",\"url\":\"https:\/\/provence-materiaux-anciens.com\/wp-content\/uploads\/2022\/03\/cropped-logo-pma-web.png\",\"contentUrl\":\"https:\/\/provence-materiaux-anciens.com\/wp-content\/uploads\/2022\/03\/cropped-logo-pma-web.png\",\"width\":650,\"height\":434,\"caption\":\"Provence Mat\u00e9riaux Anciens\"},\"image\":{\"@id\":\"https:\/\/provence-materiaux-anciens.com\/#\/schema\/logo\/image\/\"},\"sameAs\":[\"https:\/\/www.facebook.com\/provencemateriauxanciens\",\"https:\/\/www.instagram.com\/provencemateriauxanciens\/\",\"https:\/\/www.pinterest.fr\/provencemateriauxanciens\/\"]}]}<\/script>\n<!-- \/ Yoast SEO Premium plugin. -->","yoast_head_json":{"title":"Antique paving ref Bar Gris - Provence Mat\u00e9riaux Anciens","description":"Discover this sublime antique paving from the Gard region: the authenticity of natural reclaimed stone in a grayish hue for all your projects.","robots":{"index":"index","follow":"follow","max-snippet":"max-snippet:-1","max-image-preview":"max-image-preview:large","max-video-preview":"max-video-preview:-1"},"canonical":"https:\/\/provence-materiaux-anciens.com\/en\/product\/floors\/ancient-paving\/antique-paving\/paving-antique-bar-gray\/","og_locale":"en_US","og_type":"article","og_title":"Dallage ancien Bar Gris","og_description":"D\u00e9couvrez ce sublime dallage ancien du Gard : l'authenticit\u00e9 de la pierre naturelle de r\u00e9cup\u00e9ration avec une teinte gris\u00e9e pour tous vos projets","og_url":"https:\/\/provence-materiaux-anciens.com\/en\/product\/floors\/ancient-paving\/antique-paving\/paving-antique-bar-gray\/","og_site_name":"Provence Mat\u00e9riaux Anciens","article_publisher":"https:\/\/www.facebook.com\/provencemateriauxanciens","article_modified_time":"2024-06-05T13:14:11+00:00","og_image":[{"width":700,"height":700,"url":"https:\/\/provence-materiaux-anciens.com\/wp-content\/uploads\/2022\/12\/dallage-bar-gris01.jpg","type":"image\/jpeg"}],"twitter_card":"summary_large_image","twitter_misc":{"Est. reading time":"3 minutes"},"schema":{"@context":"https:\/\/schema.org","@graph":[{"@type":"WebPage","@id":"https:\/\/provence-materiaux-anciens.com\/fr\/produit\/sols\/dallages-anciens\/dallage-ancien\/dallage-ancien-bar-gris\/","url":"https:\/\/provence-materiaux-anciens.com\/fr\/produit\/sols\/dallages-anciens\/dallage-ancien\/dallage-ancien-bar-gris\/","name":"Antique paving ref Bar Gris - Provence Mat\u00e9riaux Anciens","isPartOf":{"@id":"https:\/\/provence-materiaux-anciens.com\/#website"},"primaryImageOfPage":{"@id":"https:\/\/provence-materiaux-anciens.com\/fr\/produit\/sols\/dallages-anciens\/dallage-ancien\/dallage-ancien-bar-gris\/#primaryimage"},"image":{"@id":"https:\/\/provence-materiaux-anciens.com\/fr\/produit\/sols\/dallages-anciens\/dallage-ancien\/dallage-ancien-bar-gris\/#primaryimage"},"thumbnailUrl":"https:\/\/provence-materiaux-anciens.com\/wp-content\/uploads\/2022\/12\/dallage-bar-gris01.jpg","datePublished":"2022-12-02T18:51:42+00:00","dateModified":"2024-06-05T13:14:11+00:00","description":"Discover this sublime antique paving from the Gard region: the authenticity of natural reclaimed stone in a grayish hue for all your projects.","breadcrumb":{"@id":"https:\/\/provence-materiaux-anciens.com\/fr\/produit\/sols\/dallages-anciens\/dallage-ancien\/dallage-ancien-bar-gris\/#breadcrumb"},"inLanguage":"en-US","potentialAction":[{"@type":"ReadAction","target":["https:\/\/provence-materiaux-anciens.com\/fr\/produit\/sols\/dallages-anciens\/dallage-ancien\/dallage-ancien-bar-gris\/"]}]},{"@type":"ImageObject","inLanguage":"en-US","@id":"https:\/\/provence-materiaux-anciens.com\/fr\/produit\/sols\/dallages-anciens\/dallage-ancien\/dallage-ancien-bar-gris\/#primaryimage","url":"https:\/\/provence-materiaux-anciens.com\/wp-content\/uploads\/2022\/12\/dallage-bar-gris01.jpg","contentUrl":"https:\/\/provence-materiaux-anciens.com\/wp-content\/uploads\/2022\/12\/dallage-bar-gris01.jpg","width":700,"height":700,"caption":"dallage ancien gris"},{"@type":"BreadcrumbList","@id":"https:\/\/provence-materiaux-anciens.com\/fr\/produit\/sols\/dallages-anciens\/dallage-ancien\/dallage-ancien-bar-gris\/#breadcrumb","itemListElement":[{"@type":"ListItem","position":1,"name":"Accueil","item":"https:\/\/provence-materiaux-anciens.com\/fr\/"},{"@type":"ListItem","position":2,"name":"Produits","item":"https:\/\/provence-materiaux-anciens.com\/produit\/"},{"@type":"ListItem","position":3,"name":"Dallage ancien Bar Gris"}]},{"@type":"WebSite","@id":"https:\/\/provence-materiaux-anciens.com\/#website","url":"https:\/\/provence-materiaux-anciens.com\/","name":"Provence Mat\u00e9riaux Anciens","description":"Purchase and sale of old building materials, beams, tiles, floors, frameworks, paving, terracotta.","publisher":{"@id":"https:\/\/provence-materiaux-anciens.com\/#organization"},"potentialAction":[{"@type":"SearchAction","target":{"@type":"EntryPoint","urlTemplate":"https:\/\/provence-materiaux-anciens.com\/?s={search_term_string}"},"query-input":{"@type":"PropertyValueSpecification","valueRequired":true,"valueName":"search_term_string"}}],"inLanguage":"en-US"},{"@type":"Organization","@id":"https:\/\/provence-materiaux-anciens.com\/#organization","name":"Provence Mat\u00e9riaux Anciens","url":"https:\/\/provence-materiaux-anciens.com\/","logo":{"@type":"ImageObject","inLanguage":"en-US","@id":"https:\/\/provence-materiaux-anciens.com\/#\/schema\/logo\/image\/","url":"https:\/\/provence-materiaux-anciens.com\/wp-content\/uploads\/2022\/03\/cropped-logo-pma-web.png","contentUrl":"https:\/\/provence-materiaux-anciens.com\/wp-content\/uploads\/2022\/03\/cropped-logo-pma-web.png","width":650,"height":434,"caption":"Provence Mat\u00e9riaux Anciens"},"image":{"@id":"https:\/\/provence-materiaux-anciens.com\/#\/schema\/logo\/image\/"},"sameAs":["https:\/\/www.facebook.com\/provencemateriauxanciens","https:\/\/www.instagram.com\/provencemateriauxanciens\/","https:\/\/www.pinterest.fr\/provencemateriauxanciens\/"]}]}},"_links":{"self":[{"href":"https:\/\/provence-materiaux-anciens.com\/en\/wp-json\/wp\/v2\/product\/1089","targetHints":{"allow":["GET"]}}],"collection":[{"href":"https:\/\/provence-materiaux-anciens.com\/en\/wp-json\/wp\/v2\/product"}],"about":[{"href":"https:\/\/provence-materiaux-anciens.com\/en\/wp-json\/wp\/v2\/types\/product"}],"wp:featuredmedia":[{"embeddable":true,"href":"https:\/\/provence-materiaux-anciens.com\/en\/wp-json\/wp\/v2\/media\/2073"}],"wp:attachment":[{"href":"https:\/\/provence-materiaux-anciens.com\/en\/wp-json\/wp\/v2\/media?parent=1089"}],"wp:term":[{"taxonomy":"product_brand","embeddable":true,"href":"https:\/\/provence-materiaux-anciens.com\/en\/wp-json\/wp\/v2\/product_brand?post=1089"},{"taxonomy":"product_cat","embeddable":true,"href":"https:\/\/provence-materiaux-anciens.com\/en\/wp-json\/wp\/v2\/product_cat?post=1089"},{"taxonomy":"product_tag","embeddable":true,"href":"https:\/\/provence-materiaux-anciens.com\/en\/wp-json\/wp\/v2\/product_tag?post=1089"}],"curies":[{"name":"wp","href":"https:\/\/api.w.org\/{rel}","templated":true}]}}