{"id":1090,"date":"2022-12-02T18:51:42","date_gmt":"2022-12-02T18:51:42","guid":{"rendered":"https:\/\/provence-materiaux-anciens.com\/?post_type=product&#038;p=1090"},"modified":"2024-03-06T08:56:46","modified_gmt":"2024-03-06T08:56:46","slug":"antique-outdoor-paving-bar-de-beaucaire","status":"publish","type":"product","link":"https:\/\/provence-materiaux-anciens.com\/en\/product\/floors\/ancient-paving\/antique-paving\/antique-outdoor-paving-bar-de-beaucaire\/","title":{"rendered":"Reclaimed Flagstone Floors"},"content":{"rendered":"<p><span style=\"font-weight: 400;\">Are you attracted by 18th and 19th century architecture? You'll be amazed by our Reclaimed Flagstone Floors.<\/span><\/p>\n<h3><span style=\"font-weight: 400;\">Choose our Reclaimed Flagstone Floors to embellish your home!<\/span><\/h3>\n<p><span style=\"font-weight: 400;\">Nowadays, many French people prefer old-fashioned paving to cover their homes. This type of flooring is more or less old-fashioned, but is still very much in vogue, thanks in particular to its aesthetic appeal.\u00a0<\/span><\/p>\n<p><span style=\"font-weight: 400;\">If you want to dress up your home and make it more lively and pleasant, antique paving is a good alternative. You can also use them to give your home a rustic design. They're perfectly suited as exterior coverings. In fact, you can use our antique paving to embellish your patio, your pool deck, your home's external walkways, your outdoor courtyard and much more.<\/span><\/p>\n<h3><span style=\"font-weight: 400;\">An ideal coating for the eco-conscious<\/span><\/h3>\n<p><span style=\"font-weight: 400;\">Would you like to see our planet survive in the face of the many assaults it faces? Then you can help by choosing this natural 100% product, which poses no risk to the environment. Reclaimed Flagstone Floors is a solid, durable covering that stands the test of time. Even after decades, your home will retain all its charm and splendor.\u00a0<\/span><\/p>\n<p><span style=\"font-weight: 400;\">It's also worth noting that these old paving stones are slip-resistant. As a result, the risk of falls is virtually nil, for adults, children and even the elderly.\u00a0<\/span><\/p>\n<p><span style=\"font-weight: 400;\">Maintenance of this old paving is easy enough. A broom is all you need to remove the dirt. However, we recommend regular sweeping to prevent dirt from becoming embedded.<\/span><\/p>\n<p><span style=\"font-weight: 400;\">Add a touch of class to your home with our <\/span><b>Reclaimed Flagstone Floors.<\/b><\/p>","protected":false},"excerpt":{"rendered":"<h2><strong>Ref: <\/strong>Bar de beaucaire\" antique outdoor paving (DAL01)<\/h2>\n<ul>\n<li><b>Length<\/b> : 55 - 60 cm<\/li>\n<li><b>Width <\/b>size : 46 - 50 cm<\/li>\n<li><b>Thickness<\/b> : 3 cm<\/li>\n<li><b>Availability<\/b> : Random, don't hesitate to contact us<a href=\"https:\/\/provence-materiaux-anciens.com\/en\/contact\/\"> contact<\/a> if you wish to know the availability of the product<\/li>\n<\/ul>\n<p>Reclaimed Flagstone Floors. This very rare paving will enhance your terraces, walkways or pool surrounds. It's old limestone paving of excellent quality, enhanced by the patina of the years. These old bars bring an incomparable authenticity to your projects. This old limestone paving is laid in loose strips. For antique opus paving, discover our <a href=\"https:\/\/provence-materiaux-anciens.com\/en\/product\/floors\/ancient-paving\/burgundy-tiles\/antique-burgundy-tiles\/\">antique Burgundy tiles<\/a>.<\/p>","protected":false},"featured_media":3658,"template":"","meta":{"_monsterinsights_skip_tracking":false,"_monsterinsights_sitenote_active":false,"_monsterinsights_sitenote_note":"","_monsterinsights_sitenote_category":0},"product_brand":[],"product_cat":[36,37,32],"product_tag":[],"class_list":{"0":"post-1090","1":"product","2":"type-product","3":"status-publish","4":"has-post-thumbnail","6":"product_cat-dallages-anciens","7":"product_cat-dallage-ancien","8":"product_cat-sols","10":"first","11":"instock","12":"shipping-taxable","13":"product-type-simple"},"yoast_head":"<!-- This site is optimized with the Yoast SEO Premium plugin v22.1 (Yoast SEO v24.6) - https:\/\/yoast.com\/wordpress\/plugins\/seo\/ -->\n<title>Dallage ancien ext\u00e9rieur &quot;Bar de Beaucaire&quot; - Provence Mat\u00e9riaux Anciens<\/title>\n<meta name=\"robots\" content=\"index, follow, max-snippet:-1, max-image-preview:large, max-video-preview:-1\" \/>\n<link rel=\"canonical\" href=\"https:\/\/provence-materiaux-anciens.com\/en\/product\/floors\/ancient-paving\/antique-paving\/antique-outdoor-paving-bar-de-beaucaire\/\" \/>\n<meta property=\"og:locale\" content=\"en_US\" \/>\n<meta property=\"og:type\" content=\"article\" \/>\n<meta property=\"og:title\" content=\"Dallage ancien ext\u00e9rieur &quot;Bar de Beaucaire&quot;\" \/>\n<meta property=\"og:description\" content=\"Ref: Dallage ancien ext\u00e9rieur &quot;Bar de beaucaire&quot; (DAL01)   Longueur : 55 - 60 cm  Largeur : 46 - 50 cm  \u00c9paisseur :\u00a0 3 cm  Disponibilit\u00e9 : Al\u00e9atoire, n&#039;h\u00e9sitez pas \u00e0 nous contacter si vous souhaitez savoir la disponibilit\u00e9 du produit  Dallage ancien ext\u00e9rieur &quot;bars de Beaucaire&quot;. Ce dallage tr\u00e8s rare sublimera vos terrasses, all\u00e9es pi\u00e9tonnes ou tour de piscine. Il s&#039;agit d&#039;un vieux dallage d&#039;un calcaire d\u2019excellente qualit\u00e9 bonifi\u00e9 par la patine des ann\u00e9es. Ces vieux bars apportent une authenticit\u00e9 incomparable \u00e0 vos projets. La pose de ce vieux dallage calcaire est en bandes libres. Pour un dallage ancien pos\u00e9 en opus, d\u00e9couvrez nos dalles de Bourgogne anciennes.\" \/>\n<meta property=\"og:url\" content=\"https:\/\/provence-materiaux-anciens.com\/en\/product\/floors\/ancient-paving\/antique-paving\/antique-outdoor-paving-bar-de-beaucaire\/\" \/>\n<meta property=\"og:site_name\" content=\"Provence Mat\u00e9riaux Anciens\" \/>\n<meta property=\"article:publisher\" content=\"https:\/\/www.facebook.com\/provencemateriauxanciens\" \/>\n<meta property=\"article:modified_time\" content=\"2024-03-06T08:56:46+00:00\" \/>\n<meta property=\"og:image\" content=\"https:\/\/provence-materiaux-anciens.com\/wp-content\/uploads\/2023\/05\/BAR-BEAUCAIRE.jpg\" \/>\n\t<meta property=\"og:image:width\" content=\"960\" \/>\n\t<meta property=\"og:image:height\" content=\"1280\" \/>\n\t<meta property=\"og:image:type\" content=\"image\/jpeg\" \/>\n<meta name=\"twitter:card\" content=\"summary_large_image\" \/>\n<meta name=\"twitter:label1\" content=\"Est. reading time\" \/>\n\t<meta name=\"twitter:data1\" content=\"2 minutes\" \/>\n<script type=\"application\/ld+json\" class=\"yoast-schema-graph\">{\"@context\":\"https:\/\/schema.org\",\"@graph\":[{\"@type\":\"WebPage\",\"@id\":\"https:\/\/provence-materiaux-anciens.com\/fr\/produit\/sols\/dallages-anciens\/dallage-ancien\/dallage-ancien-exterieur-bar-de-beaucaire\/\",\"url\":\"https:\/\/provence-materiaux-anciens.com\/fr\/produit\/sols\/dallages-anciens\/dallage-ancien\/dallage-ancien-exterieur-bar-de-beaucaire\/\",\"name\":\"Dallage ancien ext\u00e9rieur \\\"Bar de Beaucaire\\\" - Provence Mat\u00e9riaux Anciens\",\"isPartOf\":{\"@id\":\"https:\/\/provence-materiaux-anciens.com\/#website\"},\"primaryImageOfPage\":{\"@id\":\"https:\/\/provence-materiaux-anciens.com\/fr\/produit\/sols\/dallages-anciens\/dallage-ancien\/dallage-ancien-exterieur-bar-de-beaucaire\/#primaryimage\"},\"image\":{\"@id\":\"https:\/\/provence-materiaux-anciens.com\/fr\/produit\/sols\/dallages-anciens\/dallage-ancien\/dallage-ancien-exterieur-bar-de-beaucaire\/#primaryimage\"},\"thumbnailUrl\":\"https:\/\/provence-materiaux-anciens.com\/wp-content\/uploads\/2023\/05\/BAR-BEAUCAIRE.jpg\",\"datePublished\":\"2022-12-02T18:51:42+00:00\",\"dateModified\":\"2024-03-06T08:56:46+00:00\",\"breadcrumb\":{\"@id\":\"https:\/\/provence-materiaux-anciens.com\/fr\/produit\/sols\/dallages-anciens\/dallage-ancien\/dallage-ancien-exterieur-bar-de-beaucaire\/#breadcrumb\"},\"inLanguage\":\"en-US\",\"potentialAction\":[{\"@type\":\"ReadAction\",\"target\":[\"https:\/\/provence-materiaux-anciens.com\/fr\/produit\/sols\/dallages-anciens\/dallage-ancien\/dallage-ancien-exterieur-bar-de-beaucaire\/\"]}]},{\"@type\":\"ImageObject\",\"inLanguage\":\"en-US\",\"@id\":\"https:\/\/provence-materiaux-anciens.com\/fr\/produit\/sols\/dallages-anciens\/dallage-ancien\/dallage-ancien-exterieur-bar-de-beaucaire\/#primaryimage\",\"url\":\"https:\/\/provence-materiaux-anciens.com\/wp-content\/uploads\/2023\/05\/BAR-BEAUCAIRE.jpg\",\"contentUrl\":\"https:\/\/provence-materiaux-anciens.com\/wp-content\/uploads\/2023\/05\/BAR-BEAUCAIRE.jpg\",\"width\":960,\"height\":1280},{\"@type\":\"BreadcrumbList\",\"@id\":\"https:\/\/provence-materiaux-anciens.com\/fr\/produit\/sols\/dallages-anciens\/dallage-ancien\/dallage-ancien-exterieur-bar-de-beaucaire\/#breadcrumb\",\"itemListElement\":[{\"@type\":\"ListItem\",\"position\":1,\"name\":\"Accueil\",\"item\":\"https:\/\/provence-materiaux-anciens.com\/fr\/\"},{\"@type\":\"ListItem\",\"position\":2,\"name\":\"Produits\",\"item\":\"https:\/\/provence-materiaux-anciens.com\/produit\/\"},{\"@type\":\"ListItem\",\"position\":3,\"name\":\"Dallage ancien ext\u00e9rieur \u00ab\u00a0Bar de Beaucaire\u00a0\u00bb\"}]},{\"@type\":\"WebSite\",\"@id\":\"https:\/\/provence-materiaux-anciens.com\/#website\",\"url\":\"https:\/\/provence-materiaux-anciens.com\/\",\"name\":\"Provence Mat\u00e9riaux Anciens\",\"description\":\"Achat et vente de mat\u00e9riaux anciens de construction, poutres, tuiles, planchers, charpentes, dallages, terres cuites.\",\"publisher\":{\"@id\":\"https:\/\/provence-materiaux-anciens.com\/#organization\"},\"potentialAction\":[{\"@type\":\"SearchAction\",\"target\":{\"@type\":\"EntryPoint\",\"urlTemplate\":\"https:\/\/provence-materiaux-anciens.com\/?s={search_term_string}\"},\"query-input\":{\"@type\":\"PropertyValueSpecification\",\"valueRequired\":true,\"valueName\":\"search_term_string\"}}],\"inLanguage\":\"en-US\"},{\"@type\":\"Organization\",\"@id\":\"https:\/\/provence-materiaux-anciens.com\/#organization\",\"name\":\"Provence Mat\u00e9riaux Anciens\",\"url\":\"https:\/\/provence-materiaux-anciens.com\/\",\"logo\":{\"@type\":\"ImageObject\",\"inLanguage\":\"en-US\",\"@id\":\"https:\/\/provence-materiaux-anciens.com\/#\/schema\/logo\/image\/\",\"url\":\"https:\/\/provence-materiaux-anciens.com\/wp-content\/uploads\/2022\/03\/cropped-logo-pma-web.png\",\"contentUrl\":\"https:\/\/provence-materiaux-anciens.com\/wp-content\/uploads\/2022\/03\/cropped-logo-pma-web.png\",\"width\":650,\"height\":434,\"caption\":\"Provence Mat\u00e9riaux Anciens\"},\"image\":{\"@id\":\"https:\/\/provence-materiaux-anciens.com\/#\/schema\/logo\/image\/\"},\"sameAs\":[\"https:\/\/www.facebook.com\/provencemateriauxanciens\",\"https:\/\/www.instagram.com\/provencemateriauxanciens\/\",\"https:\/\/www.pinterest.fr\/provencemateriauxanciens\/\"]}]}<\/script>\n<!-- \/ Yoast SEO Premium plugin. -->","yoast_head_json":{"title":"Bar de Beaucaire\" antique outdoor paving - Provence Mat\u00e9riaux Anciens","robots":{"index":"index","follow":"follow","max-snippet":"max-snippet:-1","max-image-preview":"max-image-preview:large","max-video-preview":"max-video-preview:-1"},"canonical":"https:\/\/provence-materiaux-anciens.com\/en\/product\/floors\/ancient-paving\/antique-paving\/antique-outdoor-paving-bar-de-beaucaire\/","og_locale":"en_US","og_type":"article","og_title":"Dallage ancien ext\u00e9rieur \"Bar de Beaucaire\"","og_description":"Ref: Dallage ancien ext\u00e9rieur \"Bar de beaucaire\" (DAL01)   Longueur : 55 - 60 cm  Largeur : 46 - 50 cm  \u00c9paisseur :\u00a0 3 cm  Disponibilit\u00e9 : Al\u00e9atoire, n'h\u00e9sitez pas \u00e0 nous contacter si vous souhaitez savoir la disponibilit\u00e9 du produit  Dallage ancien ext\u00e9rieur \"bars de Beaucaire\". Ce dallage tr\u00e8s rare sublimera vos terrasses, all\u00e9es pi\u00e9tonnes ou tour de piscine. Il s'agit d'un vieux dallage d'un calcaire d\u2019excellente qualit\u00e9 bonifi\u00e9 par la patine des ann\u00e9es. Ces vieux bars apportent une authenticit\u00e9 incomparable \u00e0 vos projets. La pose de ce vieux dallage calcaire est en bandes libres. Pour un dallage ancien pos\u00e9 en opus, d\u00e9couvrez nos dalles de Bourgogne anciennes.","og_url":"https:\/\/provence-materiaux-anciens.com\/en\/product\/floors\/ancient-paving\/antique-paving\/antique-outdoor-paving-bar-de-beaucaire\/","og_site_name":"Provence Mat\u00e9riaux Anciens","article_publisher":"https:\/\/www.facebook.com\/provencemateriauxanciens","article_modified_time":"2024-03-06T08:56:46+00:00","og_image":[{"width":960,"height":1280,"url":"https:\/\/provence-materiaux-anciens.com\/wp-content\/uploads\/2023\/05\/BAR-BEAUCAIRE.jpg","type":"image\/jpeg"}],"twitter_card":"summary_large_image","twitter_misc":{"Est. reading time":"2 minutes"},"schema":{"@context":"https:\/\/schema.org","@graph":[{"@type":"WebPage","@id":"https:\/\/provence-materiaux-anciens.com\/fr\/produit\/sols\/dallages-anciens\/dallage-ancien\/dallage-ancien-exterieur-bar-de-beaucaire\/","url":"https:\/\/provence-materiaux-anciens.com\/fr\/produit\/sols\/dallages-anciens\/dallage-ancien\/dallage-ancien-exterieur-bar-de-beaucaire\/","name":"Bar de Beaucaire\" antique outdoor paving - Provence Mat\u00e9riaux Anciens","isPartOf":{"@id":"https:\/\/provence-materiaux-anciens.com\/#website"},"primaryImageOfPage":{"@id":"https:\/\/provence-materiaux-anciens.com\/fr\/produit\/sols\/dallages-anciens\/dallage-ancien\/dallage-ancien-exterieur-bar-de-beaucaire\/#primaryimage"},"image":{"@id":"https:\/\/provence-materiaux-anciens.com\/fr\/produit\/sols\/dallages-anciens\/dallage-ancien\/dallage-ancien-exterieur-bar-de-beaucaire\/#primaryimage"},"thumbnailUrl":"https:\/\/provence-materiaux-anciens.com\/wp-content\/uploads\/2023\/05\/BAR-BEAUCAIRE.jpg","datePublished":"2022-12-02T18:51:42+00:00","dateModified":"2024-03-06T08:56:46+00:00","breadcrumb":{"@id":"https:\/\/provence-materiaux-anciens.com\/fr\/produit\/sols\/dallages-anciens\/dallage-ancien\/dallage-ancien-exterieur-bar-de-beaucaire\/#breadcrumb"},"inLanguage":"en-US","potentialAction":[{"@type":"ReadAction","target":["https:\/\/provence-materiaux-anciens.com\/fr\/produit\/sols\/dallages-anciens\/dallage-ancien\/dallage-ancien-exterieur-bar-de-beaucaire\/"]}]},{"@type":"ImageObject","inLanguage":"en-US","@id":"https:\/\/provence-materiaux-anciens.com\/fr\/produit\/sols\/dallages-anciens\/dallage-ancien\/dallage-ancien-exterieur-bar-de-beaucaire\/#primaryimage","url":"https:\/\/provence-materiaux-anciens.com\/wp-content\/uploads\/2023\/05\/BAR-BEAUCAIRE.jpg","contentUrl":"https:\/\/provence-materiaux-anciens.com\/wp-content\/uploads\/2023\/05\/BAR-BEAUCAIRE.jpg","width":960,"height":1280},{"@type":"BreadcrumbList","@id":"https:\/\/provence-materiaux-anciens.com\/fr\/produit\/sols\/dallages-anciens\/dallage-ancien\/dallage-ancien-exterieur-bar-de-beaucaire\/#breadcrumb","itemListElement":[{"@type":"ListItem","position":1,"name":"Accueil","item":"https:\/\/provence-materiaux-anciens.com\/fr\/"},{"@type":"ListItem","position":2,"name":"Produits","item":"https:\/\/provence-materiaux-anciens.com\/produit\/"},{"@type":"ListItem","position":3,"name":"Dallage ancien ext\u00e9rieur \u00ab\u00a0Bar de Beaucaire\u00a0\u00bb"}]},{"@type":"WebSite","@id":"https:\/\/provence-materiaux-anciens.com\/#website","url":"https:\/\/provence-materiaux-anciens.com\/","name":"Provence Mat\u00e9riaux Anciens","description":"Purchase and sale of old building materials, beams, tiles, floors, frameworks, paving, terracotta.","publisher":{"@id":"https:\/\/provence-materiaux-anciens.com\/#organization"},"potentialAction":[{"@type":"SearchAction","target":{"@type":"EntryPoint","urlTemplate":"https:\/\/provence-materiaux-anciens.com\/?s={search_term_string}"},"query-input":{"@type":"PropertyValueSpecification","valueRequired":true,"valueName":"search_term_string"}}],"inLanguage":"en-US"},{"@type":"Organization","@id":"https:\/\/provence-materiaux-anciens.com\/#organization","name":"Provence Mat\u00e9riaux Anciens","url":"https:\/\/provence-materiaux-anciens.com\/","logo":{"@type":"ImageObject","inLanguage":"en-US","@id":"https:\/\/provence-materiaux-anciens.com\/#\/schema\/logo\/image\/","url":"https:\/\/provence-materiaux-anciens.com\/wp-content\/uploads\/2022\/03\/cropped-logo-pma-web.png","contentUrl":"https:\/\/provence-materiaux-anciens.com\/wp-content\/uploads\/2022\/03\/cropped-logo-pma-web.png","width":650,"height":434,"caption":"Provence Mat\u00e9riaux Anciens"},"image":{"@id":"https:\/\/provence-materiaux-anciens.com\/#\/schema\/logo\/image\/"},"sameAs":["https:\/\/www.facebook.com\/provencemateriauxanciens","https:\/\/www.instagram.com\/provencemateriauxanciens\/","https:\/\/www.pinterest.fr\/provencemateriauxanciens\/"]}]}},"_links":{"self":[{"href":"https:\/\/provence-materiaux-anciens.com\/en\/wp-json\/wp\/v2\/product\/1090","targetHints":{"allow":["GET"]}}],"collection":[{"href":"https:\/\/provence-materiaux-anciens.com\/en\/wp-json\/wp\/v2\/product"}],"about":[{"href":"https:\/\/provence-materiaux-anciens.com\/en\/wp-json\/wp\/v2\/types\/product"}],"wp:featuredmedia":[{"embeddable":true,"href":"https:\/\/provence-materiaux-anciens.com\/en\/wp-json\/wp\/v2\/media\/3658"}],"wp:attachment":[{"href":"https:\/\/provence-materiaux-anciens.com\/en\/wp-json\/wp\/v2\/media?parent=1090"}],"wp:term":[{"taxonomy":"product_brand","embeddable":true,"href":"https:\/\/provence-materiaux-anciens.com\/en\/wp-json\/wp\/v2\/product_brand?post=1090"},{"taxonomy":"product_cat","embeddable":true,"href":"https:\/\/provence-materiaux-anciens.com\/en\/wp-json\/wp\/v2\/product_cat?post=1090"},{"taxonomy":"product_tag","embeddable":true,"href":"https:\/\/provence-materiaux-anciens.com\/en\/wp-json\/wp\/v2\/product_tag?post=1090"}],"curies":[{"name":"wp","href":"https:\/\/api.w.org\/{rel}","templated":true}]}}