{"id":1092,"date":"2022-12-02T18:51:42","date_gmt":"2022-12-02T18:51:42","guid":{"rendered":"https:\/\/provence-materiaux-anciens.com\/?post_type=product&#038;p=1092"},"modified":"2024-03-06T08:56:46","modified_gmt":"2024-03-06T08:56:46","slug":"antique-burgundy-paving","status":"publish","type":"product","link":"https:\/\/provence-materiaux-anciens.com\/en\/product\/floors\/ancient-paving\/burgundy-tiles\/antique-burgundy-paving\/","title":{"rendered":"Antique French Limestone Burgundy"},"content":{"rendered":"<p><span style=\"font-weight: 400;\">Are you looking for an original floor covering that will give your home all its splendor? Our Antique French Limestone Burgundy is just what you need!<\/span><\/p>\n<h3><span style=\"font-weight: 400;\">Antique French Limestone Burgundy: when aesthetics and charm meet!<\/span><\/h3>\n<p><span style=\"font-weight: 400;\">Here are some antique tiles that will make your living environment pleasant and appealing. With their different light tones, these terracotta tiles will provide the final aesthetic touch your home has been missing. You can use them for both construction and renovation projects. These tiles are easy to assemble, and will add dynamism to your home. Their natural color is particularly beautiful and complements both modern and rustic decor.<\/span><\/p>\n<p><span style=\"font-weight: 400;\">As a result, you can use this old paving to cover every room in the house, from the living room to the bathroom, from the bedroom to the kitchen. And why not use them for wall cladding? It's all possible.<\/span><\/p>\n<h3><span style=\"font-weight: 400;\">Choose solid, resistant tiles<\/span><\/h3>\n<p><span style=\"font-weight: 400;\">One of the major characteristics of our Antique French Limestone Burgundy is its solidity. Made from terracotta, they're sure to last. For many years, they will withstand the wear and tear of time. However, it's important to ensure regular maintenance by cleaning them with a few natural products, such as baking soda, white vinegar, etc. To maintain the beauty and brilliance of these terracotta tiles, you need to keep dirt and grime to a minimum.\u00a0<\/span><\/p>\n<p><span style=\"font-weight: 400;\">These old paving stones are environmentally friendly. They can be used and reused for many years.<\/span><\/p>\n<p><span style=\"font-weight: 400;\">Clearly, terracotta tiles are a bargain for flooring these days, so don't hesitate! Order our Antique French Limestone Burgundy now - stock is limited!<\/span><\/p>","protected":false},"excerpt":{"rendered":"<h2><strong>Ref: <\/strong>Old Burgundy paving (Dalb03)<\/h2>\n<ul>\n<li><strong>DIMENSIONS:<\/strong> variable (opus incertum)<\/li>\n<li><strong>THICKNESS:<\/strong> variable<\/li>\n<\/ul>\n<p>Antique French Limestone Burgundy in light tones. Old Burgundy stone varies in hue and surface depending on new arrivals. All our experience goes into the selection of old Bourgogne flooring. The characteristics of each batch of Antique French Limestone Burgundy mean that the result is always unique. A reclaimed Burgundy flagstone floor exudes incomparable elegance.<\/p>","protected":false},"featured_media":1631,"template":"","meta":{"_monsterinsights_skip_tracking":false,"_monsterinsights_sitenote_active":false,"_monsterinsights_sitenote_note":"","_monsterinsights_sitenote_category":0},"product_brand":[],"product_cat":[39],"product_tag":[],"class_list":{"0":"post-1092","1":"product","2":"type-product","3":"status-publish","4":"has-post-thumbnail","6":"product_cat-dalles-de-bourgogne","8":"first","9":"instock","10":"shipping-taxable","11":"product-type-simple"},"yoast_head":"<!-- This site is optimized with the Yoast SEO Premium plugin v22.1 (Yoast SEO v24.6) - https:\/\/yoast.com\/wordpress\/plugins\/seo\/ -->\n<title>Vieux dallage de Bourgogne - Provence Mat\u00e9riaux Anciens<\/title>\n<meta name=\"robots\" content=\"index, follow, max-snippet:-1, max-image-preview:large, max-video-preview:-1\" \/>\n<link rel=\"canonical\" href=\"https:\/\/provence-materiaux-anciens.com\/en\/product\/floors\/ancient-paving\/burgundy-tiles\/antique-burgundy-paving\/\" \/>\n<meta property=\"og:locale\" content=\"en_US\" \/>\n<meta property=\"og:type\" content=\"article\" \/>\n<meta property=\"og:title\" content=\"Vieux dallage de Bourgogne\" \/>\n<meta property=\"og:description\" content=\"Ref: Vieux dallage de Bourgogne (Dalb03)   DIMENSIONS: variable (pose en opus incertum)  \u00c9PAISSEUR: variable  Vieux dallage de Bourgogne dans des tons clairs. Les vieilles pierres de Bourgogne ont des variations de teintes et de surfaces selon les arrivages. Toute notre exp\u00e9rience est n\u00e9cessaire pour la s\u00e9lection des sols anciens de Bourgogne. Les caract\u00e9ristiques de chaque lot de dallage ancien de Bourgogne font que le r\u00e9sultat \u00e0 la pose est toujours unique. Un sol en dalle de Bourgogne de r\u00e9cup\u00e9ration d\u00e9gage une \u00e9l\u00e9gance incomparable.\" \/>\n<meta property=\"og:url\" content=\"https:\/\/provence-materiaux-anciens.com\/en\/product\/floors\/ancient-paving\/burgundy-tiles\/antique-burgundy-paving\/\" \/>\n<meta property=\"og:site_name\" content=\"Provence Mat\u00e9riaux Anciens\" \/>\n<meta property=\"article:publisher\" content=\"https:\/\/www.facebook.com\/provencemateriauxanciens\" \/>\n<meta property=\"article:modified_time\" content=\"2024-03-06T08:56:46+00:00\" \/>\n<meta property=\"og:image\" content=\"https:\/\/provence-materiaux-anciens.com\/wp-content\/uploads\/2022\/12\/vieux-dallage-de-bourgogne04.jpg\" \/>\n\t<meta property=\"og:image:width\" content=\"700\" \/>\n\t<meta property=\"og:image:height\" content=\"700\" \/>\n\t<meta property=\"og:image:type\" content=\"image\/jpeg\" \/>\n<meta name=\"twitter:card\" content=\"summary_large_image\" \/>\n<meta name=\"twitter:label1\" content=\"Est. reading time\" \/>\n\t<meta name=\"twitter:data1\" content=\"2 minutes\" \/>\n<script type=\"application\/ld+json\" class=\"yoast-schema-graph\">{\"@context\":\"https:\/\/schema.org\",\"@graph\":[{\"@type\":\"WebPage\",\"@id\":\"https:\/\/provence-materiaux-anciens.com\/produit\/sols\/dallages-anciens\/dalles-de-bourgogne\/vieux-dallage-de-bourgogne\/\",\"url\":\"https:\/\/provence-materiaux-anciens.com\/produit\/sols\/dallages-anciens\/dalles-de-bourgogne\/vieux-dallage-de-bourgogne\/\",\"name\":\"Vieux dallage de Bourgogne - Provence Mat\u00e9riaux Anciens\",\"isPartOf\":{\"@id\":\"https:\/\/provence-materiaux-anciens.com\/#website\"},\"primaryImageOfPage\":{\"@id\":\"https:\/\/provence-materiaux-anciens.com\/produit\/sols\/dallages-anciens\/dalles-de-bourgogne\/vieux-dallage-de-bourgogne\/#primaryimage\"},\"image\":{\"@id\":\"https:\/\/provence-materiaux-anciens.com\/produit\/sols\/dallages-anciens\/dalles-de-bourgogne\/vieux-dallage-de-bourgogne\/#primaryimage\"},\"thumbnailUrl\":\"https:\/\/provence-materiaux-anciens.com\/wp-content\/uploads\/2022\/12\/vieux-dallage-de-bourgogne04.jpg\",\"datePublished\":\"2022-12-02T18:51:42+00:00\",\"dateModified\":\"2024-03-06T08:56:46+00:00\",\"breadcrumb\":{\"@id\":\"https:\/\/provence-materiaux-anciens.com\/produit\/sols\/dallages-anciens\/dalles-de-bourgogne\/vieux-dallage-de-bourgogne\/#breadcrumb\"},\"inLanguage\":\"en-US\",\"potentialAction\":[{\"@type\":\"ReadAction\",\"target\":[\"https:\/\/provence-materiaux-anciens.com\/produit\/sols\/dallages-anciens\/dalles-de-bourgogne\/vieux-dallage-de-bourgogne\/\"]}]},{\"@type\":\"ImageObject\",\"inLanguage\":\"en-US\",\"@id\":\"https:\/\/provence-materiaux-anciens.com\/produit\/sols\/dallages-anciens\/dalles-de-bourgogne\/vieux-dallage-de-bourgogne\/#primaryimage\",\"url\":\"https:\/\/provence-materiaux-anciens.com\/wp-content\/uploads\/2022\/12\/vieux-dallage-de-bourgogne04.jpg\",\"contentUrl\":\"https:\/\/provence-materiaux-anciens.com\/wp-content\/uploads\/2022\/12\/vieux-dallage-de-bourgogne04.jpg\",\"width\":700,\"height\":700,\"caption\":\"vieux-dallage-de-bourgogne04\"},{\"@type\":\"BreadcrumbList\",\"@id\":\"https:\/\/provence-materiaux-anciens.com\/produit\/sols\/dallages-anciens\/dalles-de-bourgogne\/vieux-dallage-de-bourgogne\/#breadcrumb\",\"itemListElement\":[{\"@type\":\"ListItem\",\"position\":1,\"name\":\"Accueil\",\"item\":\"https:\/\/provence-materiaux-anciens.com\/fr\/\"},{\"@type\":\"ListItem\",\"position\":2,\"name\":\"Produits\",\"item\":\"https:\/\/provence-materiaux-anciens.com\/produit\/\"},{\"@type\":\"ListItem\",\"position\":3,\"name\":\"Vieux dallage de Bourgogne\"}]},{\"@type\":\"WebSite\",\"@id\":\"https:\/\/provence-materiaux-anciens.com\/#website\",\"url\":\"https:\/\/provence-materiaux-anciens.com\/\",\"name\":\"Provence Mat\u00e9riaux Anciens\",\"description\":\"Achat et vente de mat\u00e9riaux anciens de construction, poutres, tuiles, planchers, charpentes, dallages, terres cuites.\",\"publisher\":{\"@id\":\"https:\/\/provence-materiaux-anciens.com\/#organization\"},\"potentialAction\":[{\"@type\":\"SearchAction\",\"target\":{\"@type\":\"EntryPoint\",\"urlTemplate\":\"https:\/\/provence-materiaux-anciens.com\/?s={search_term_string}\"},\"query-input\":{\"@type\":\"PropertyValueSpecification\",\"valueRequired\":true,\"valueName\":\"search_term_string\"}}],\"inLanguage\":\"en-US\"},{\"@type\":\"Organization\",\"@id\":\"https:\/\/provence-materiaux-anciens.com\/#organization\",\"name\":\"Provence Mat\u00e9riaux Anciens\",\"url\":\"https:\/\/provence-materiaux-anciens.com\/\",\"logo\":{\"@type\":\"ImageObject\",\"inLanguage\":\"en-US\",\"@id\":\"https:\/\/provence-materiaux-anciens.com\/#\/schema\/logo\/image\/\",\"url\":\"https:\/\/provence-materiaux-anciens.com\/wp-content\/uploads\/2022\/03\/cropped-logo-pma-web.png\",\"contentUrl\":\"https:\/\/provence-materiaux-anciens.com\/wp-content\/uploads\/2022\/03\/cropped-logo-pma-web.png\",\"width\":650,\"height\":434,\"caption\":\"Provence Mat\u00e9riaux Anciens\"},\"image\":{\"@id\":\"https:\/\/provence-materiaux-anciens.com\/#\/schema\/logo\/image\/\"},\"sameAs\":[\"https:\/\/www.facebook.com\/provencemateriauxanciens\",\"https:\/\/www.instagram.com\/provencemateriauxanciens\/\",\"https:\/\/www.pinterest.fr\/provencemateriauxanciens\/\"]}]}<\/script>\n<!-- \/ Yoast SEO Premium plugin. -->","yoast_head_json":{"title":"Old Burgundy paving - Provence Mat\u00e9riaux Anciens","robots":{"index":"index","follow":"follow","max-snippet":"max-snippet:-1","max-image-preview":"max-image-preview:large","max-video-preview":"max-video-preview:-1"},"canonical":"https:\/\/provence-materiaux-anciens.com\/en\/product\/floors\/ancient-paving\/burgundy-tiles\/antique-burgundy-paving\/","og_locale":"en_US","og_type":"article","og_title":"Vieux dallage de Bourgogne","og_description":"Ref: Vieux dallage de Bourgogne (Dalb03)   DIMENSIONS: variable (pose en opus incertum)  \u00c9PAISSEUR: variable  Vieux dallage de Bourgogne dans des tons clairs. Les vieilles pierres de Bourgogne ont des variations de teintes et de surfaces selon les arrivages. Toute notre exp\u00e9rience est n\u00e9cessaire pour la s\u00e9lection des sols anciens de Bourgogne. Les caract\u00e9ristiques de chaque lot de dallage ancien de Bourgogne font que le r\u00e9sultat \u00e0 la pose est toujours unique. Un sol en dalle de Bourgogne de r\u00e9cup\u00e9ration d\u00e9gage une \u00e9l\u00e9gance incomparable.","og_url":"https:\/\/provence-materiaux-anciens.com\/en\/product\/floors\/ancient-paving\/burgundy-tiles\/antique-burgundy-paving\/","og_site_name":"Provence Mat\u00e9riaux Anciens","article_publisher":"https:\/\/www.facebook.com\/provencemateriauxanciens","article_modified_time":"2024-03-06T08:56:46+00:00","og_image":[{"width":700,"height":700,"url":"https:\/\/provence-materiaux-anciens.com\/wp-content\/uploads\/2022\/12\/vieux-dallage-de-bourgogne04.jpg","type":"image\/jpeg"}],"twitter_card":"summary_large_image","twitter_misc":{"Est. reading time":"2 minutes"},"schema":{"@context":"https:\/\/schema.org","@graph":[{"@type":"WebPage","@id":"https:\/\/provence-materiaux-anciens.com\/produit\/sols\/dallages-anciens\/dalles-de-bourgogne\/vieux-dallage-de-bourgogne\/","url":"https:\/\/provence-materiaux-anciens.com\/produit\/sols\/dallages-anciens\/dalles-de-bourgogne\/vieux-dallage-de-bourgogne\/","name":"Old Burgundy paving - Provence Mat\u00e9riaux Anciens","isPartOf":{"@id":"https:\/\/provence-materiaux-anciens.com\/#website"},"primaryImageOfPage":{"@id":"https:\/\/provence-materiaux-anciens.com\/produit\/sols\/dallages-anciens\/dalles-de-bourgogne\/vieux-dallage-de-bourgogne\/#primaryimage"},"image":{"@id":"https:\/\/provence-materiaux-anciens.com\/produit\/sols\/dallages-anciens\/dalles-de-bourgogne\/vieux-dallage-de-bourgogne\/#primaryimage"},"thumbnailUrl":"https:\/\/provence-materiaux-anciens.com\/wp-content\/uploads\/2022\/12\/vieux-dallage-de-bourgogne04.jpg","datePublished":"2022-12-02T18:51:42+00:00","dateModified":"2024-03-06T08:56:46+00:00","breadcrumb":{"@id":"https:\/\/provence-materiaux-anciens.com\/produit\/sols\/dallages-anciens\/dalles-de-bourgogne\/vieux-dallage-de-bourgogne\/#breadcrumb"},"inLanguage":"en-US","potentialAction":[{"@type":"ReadAction","target":["https:\/\/provence-materiaux-anciens.com\/produit\/sols\/dallages-anciens\/dalles-de-bourgogne\/vieux-dallage-de-bourgogne\/"]}]},{"@type":"ImageObject","inLanguage":"en-US","@id":"https:\/\/provence-materiaux-anciens.com\/produit\/sols\/dallages-anciens\/dalles-de-bourgogne\/vieux-dallage-de-bourgogne\/#primaryimage","url":"https:\/\/provence-materiaux-anciens.com\/wp-content\/uploads\/2022\/12\/vieux-dallage-de-bourgogne04.jpg","contentUrl":"https:\/\/provence-materiaux-anciens.com\/wp-content\/uploads\/2022\/12\/vieux-dallage-de-bourgogne04.jpg","width":700,"height":700,"caption":"vieux-dallage-de-bourgogne04"},{"@type":"BreadcrumbList","@id":"https:\/\/provence-materiaux-anciens.com\/produit\/sols\/dallages-anciens\/dalles-de-bourgogne\/vieux-dallage-de-bourgogne\/#breadcrumb","itemListElement":[{"@type":"ListItem","position":1,"name":"Accueil","item":"https:\/\/provence-materiaux-anciens.com\/fr\/"},{"@type":"ListItem","position":2,"name":"Produits","item":"https:\/\/provence-materiaux-anciens.com\/produit\/"},{"@type":"ListItem","position":3,"name":"Vieux dallage de Bourgogne"}]},{"@type":"WebSite","@id":"https:\/\/provence-materiaux-anciens.com\/#website","url":"https:\/\/provence-materiaux-anciens.com\/","name":"Provence Mat\u00e9riaux Anciens","description":"Purchase and sale of old building materials, beams, tiles, floors, frameworks, paving, terracotta.","publisher":{"@id":"https:\/\/provence-materiaux-anciens.com\/#organization"},"potentialAction":[{"@type":"SearchAction","target":{"@type":"EntryPoint","urlTemplate":"https:\/\/provence-materiaux-anciens.com\/?s={search_term_string}"},"query-input":{"@type":"PropertyValueSpecification","valueRequired":true,"valueName":"search_term_string"}}],"inLanguage":"en-US"},{"@type":"Organization","@id":"https:\/\/provence-materiaux-anciens.com\/#organization","name":"Provence Mat\u00e9riaux Anciens","url":"https:\/\/provence-materiaux-anciens.com\/","logo":{"@type":"ImageObject","inLanguage":"en-US","@id":"https:\/\/provence-materiaux-anciens.com\/#\/schema\/logo\/image\/","url":"https:\/\/provence-materiaux-anciens.com\/wp-content\/uploads\/2022\/03\/cropped-logo-pma-web.png","contentUrl":"https:\/\/provence-materiaux-anciens.com\/wp-content\/uploads\/2022\/03\/cropped-logo-pma-web.png","width":650,"height":434,"caption":"Provence Mat\u00e9riaux Anciens"},"image":{"@id":"https:\/\/provence-materiaux-anciens.com\/#\/schema\/logo\/image\/"},"sameAs":["https:\/\/www.facebook.com\/provencemateriauxanciens","https:\/\/www.instagram.com\/provencemateriauxanciens\/","https:\/\/www.pinterest.fr\/provencemateriauxanciens\/"]}]}},"_links":{"self":[{"href":"https:\/\/provence-materiaux-anciens.com\/en\/wp-json\/wp\/v2\/product\/1092","targetHints":{"allow":["GET"]}}],"collection":[{"href":"https:\/\/provence-materiaux-anciens.com\/en\/wp-json\/wp\/v2\/product"}],"about":[{"href":"https:\/\/provence-materiaux-anciens.com\/en\/wp-json\/wp\/v2\/types\/product"}],"wp:featuredmedia":[{"embeddable":true,"href":"https:\/\/provence-materiaux-anciens.com\/en\/wp-json\/wp\/v2\/media\/1631"}],"wp:attachment":[{"href":"https:\/\/provence-materiaux-anciens.com\/en\/wp-json\/wp\/v2\/media?parent=1092"}],"wp:term":[{"taxonomy":"product_brand","embeddable":true,"href":"https:\/\/provence-materiaux-anciens.com\/en\/wp-json\/wp\/v2\/product_brand?post=1092"},{"taxonomy":"product_cat","embeddable":true,"href":"https:\/\/provence-materiaux-anciens.com\/en\/wp-json\/wp\/v2\/product_cat?post=1092"},{"taxonomy":"product_tag","embeddable":true,"href":"https:\/\/provence-materiaux-anciens.com\/en\/wp-json\/wp\/v2\/product_tag?post=1092"}],"curies":[{"name":"wp","href":"https:\/\/api.w.org\/{rel}","templated":true}]}}