{"id":1093,"date":"2022-12-02T18:51:42","date_gmt":"2022-12-02T18:51:42","guid":{"rendered":"https:\/\/provence-materiaux-anciens.com\/?post_type=product&#038;p=1093"},"modified":"2025-04-29T13:35:23","modified_gmt":"2025-04-29T13:35:23","slug":"antique-burgundy-tiles","status":"publish","type":"product","link":"https:\/\/provence-materiaux-anciens.com\/en\/product\/floors\/ancient-paving\/burgundy-tiles\/antique-burgundy-tiles\/","title":{"rendered":"Antique Stones Bourgogne Flooring"},"content":{"rendered":"<p><span style=\"font-weight: 400;\">Discover our Antique Stones Bourgogne Flooring, an atypical floor covering for country and urban homes!\u00a0<\/span><\/p>\n<h3><span style=\"font-weight: 400;\">Choose Antique Stones Bourgogne Flooring for an original and attractive outdoor look\u00a0<\/span><\/h3>\n<p><span style=\"font-weight: 400;\">We'd all like to live in pleasant surroundings. That's why it's important to make the right design choices. Our Antique Stones Bourgogne Flooring are mainly used for outdoor decoration. They are particularly aesthetic tiles that can be laid on patios, verandas and so on. These tiles, made from terracotta, have a natural color that sets them apart from all other types of tile. Even outside your home, your visitors will be impressed by the warm welcome offered by the soft color of our tiles.<\/span><\/p>\n<h3><span style=\"font-weight: 400;\">Choose solid, durable cladding<\/span><\/h3>\n<p><span style=\"font-weight: 400;\">No one wants to see their tiles damaged after just a few years. In that case, it would be a wasted investment. To avoid having to change your tiles in a short space of time, you can confidently choose our Antique Stones Bourgogne Flooring. These terracotta tiles are capable of lasting several decades while retaining their beauty. They're shock-resistant and hard to crack. It's also worth noting that this covering is perfectly weather-resistant. Year after year, the cladding will stay in place, to your complete satisfaction.<\/span><\/p>\n<p><span style=\"font-weight: 400;\">It's also ideal for homes frequented by children and the elderly. It's slip-resistant and reduces the risk of falls, even during cleaning. And speaking of cleaning, maintenance of these tiles requires just a few routine gestures to be impeccable. You can simply use a broom. Ideally, you should do this on a regular basis, to prevent dirt encrustation as much as possible. However, in the event of incrustation, natural products such as baking soda, white vinegar or lemon juice will be effective for cleaning.\u00a0<\/span><\/p>\n<p><span style=\"font-weight: 400;\">Choose our Antique Stones Bourgogne Flooring for original decorating with durable floor coverings.<\/span><span style=\"font-weight: 400;\"><br \/>\n<\/span><\/p>","protected":false},"excerpt":{"rendered":"<h2><strong>Ref : <\/strong>Antique Burgundy slabs (Dalb02)<\/h2>\n<ul>\n<li><strong>DIMENSIONS :<\/strong> variable (opus incertum)<\/li>\n<li><strong>THICKNESS :<\/strong> variable or sawn to 3 cm.<\/li>\n<\/ul>\n<p>Old Burgundy tiles for outdoor installation.<br \/>\nOld Burgundy flagstones are a prestigious choice for outdoor landscaping, combining tradition and authenticity. Originating from the historic quarries of the Burgundy region, these old slabs date back to the 18th and 19th centuries. Each piece tells a story, marked by natural variations in texture and color, due to the diversity of the region's quarries.<br \/>\nTraditionally laid in opus, these slabs bring a timeless aesthetic to your outdoor spaces. The mineral richness of the Burgundy terroir is reflected in the beauty of each slab, making each installation unique.<br \/>\nThanks to our expertise, we select the best batches of old slabs, guaranteeing impeccable quality to meet your most demanding requirements. What's more, to facilitate installation, we can cut the slabs to a thickness of 3 cm, compatible with underfloor heating systems.<br \/>\nChoosing our old Burgundy slabs means opting for elegance, durability and authenticity.<\/p>","protected":false},"featured_media":1620,"template":"","meta":{"_monsterinsights_skip_tracking":false,"_monsterinsights_sitenote_active":false,"_monsterinsights_sitenote_note":"","_monsterinsights_sitenote_category":0},"product_brand":[],"product_cat":[36,39,32],"product_tag":[],"class_list":{"0":"post-1093","1":"product","2":"type-product","3":"status-publish","4":"has-post-thumbnail","6":"product_cat-dallages-anciens","7":"product_cat-dalles-de-bourgogne","8":"product_cat-sols","10":"first","11":"instock","12":"shipping-taxable","13":"product-type-simple"},"yoast_head":"<!-- This site is optimized with the Yoast SEO Premium plugin v22.1 (Yoast SEO v24.6) - https:\/\/yoast.com\/wordpress\/plugins\/seo\/ -->\n<title>Dalles de Bourgogne anciennes - Provence Mat\u00e9riaux Anciens<\/title>\n<meta name=\"robots\" content=\"index, follow, max-snippet:-1, max-image-preview:large, max-video-preview:-1\" \/>\n<link rel=\"canonical\" href=\"https:\/\/provence-materiaux-anciens.com\/en\/product\/floors\/ancient-paving\/burgundy-tiles\/antique-burgundy-tiles\/\" \/>\n<meta property=\"og:locale\" content=\"en_US\" \/>\n<meta property=\"og:type\" content=\"article\" \/>\n<meta property=\"og:title\" content=\"Dalles de Bourgogne anciennes\" \/>\n<meta property=\"og:description\" content=\"Ref : Dalles de Bourgogne anciennes (Dalb02)   DIMENSIONS : variable (pose en opus incertum)  \u00c9PAISSEUR : variable ou sci\u00e9e \u00e0 3 cm.  Vieilles dalles de Bourgogne pour pose en ext\u00e9rieur. Les vieilles dalles de Bourgogne sont un choix prestigieux pour les am\u00e9nagements ext\u00e9rieurs, alliant tradition et authenticit\u00e9. Originaires des carri\u00e8res historiques de la r\u00e9gion de Bourgogne, ces dalles anciennes remontent aux XVIIIe et XIXe si\u00e8cles. Chaque pi\u00e8ce raconte une histoire, marqu\u00e9e par les variations naturelles de textures et de couleurs, en raison de la diversit\u00e9 des carri\u00e8res de la r\u00e9gion. Traditionnellement pos\u00e9es en opus, ces dalles apportent une esth\u00e9tique intemporelle \u00e0 vos espaces ext\u00e9rieurs. La richesse min\u00e9rale du terroir bourguignon se refl\u00e8te dans la beaut\u00e9 de chaque dalle, rendant chaque installation unique. Forts de notre expertise, nous s\u00e9lectionnons les meilleurs lots de dalles anciennes, en garantissant une qualit\u00e9 irr\u00e9prochable pour r\u00e9pondre \u00e0 vos besoins les plus exigeants. De plus, pour faciliter leur pose, nous proposons de couper les dalles \u00e0 une \u00e9paisseur de 3 cm, compatible avec des installations de plancher chauffant. Choisir nos vieilles dalles de Bourgogne, c&#039;est opter pour l&#039;\u00e9l\u00e9gance, la durabilit\u00e9 et l&#039;authenticit\u00e9.\" \/>\n<meta property=\"og:url\" content=\"https:\/\/provence-materiaux-anciens.com\/en\/product\/floors\/ancient-paving\/burgundy-tiles\/antique-burgundy-tiles\/\" \/>\n<meta property=\"og:site_name\" content=\"Provence Mat\u00e9riaux Anciens\" \/>\n<meta property=\"article:publisher\" content=\"https:\/\/www.facebook.com\/provencemateriauxanciens\" \/>\n<meta property=\"article:modified_time\" content=\"2025-04-29T13:35:23+00:00\" \/>\n<meta property=\"og:image\" content=\"https:\/\/provence-materiaux-anciens.com\/wp-content\/uploads\/2022\/12\/dalles-de-bourgogne-anciennes01.jpg\" \/>\n\t<meta property=\"og:image:width\" content=\"700\" \/>\n\t<meta property=\"og:image:height\" content=\"700\" \/>\n\t<meta property=\"og:image:type\" content=\"image\/jpeg\" \/>\n<meta name=\"twitter:card\" content=\"summary_large_image\" \/>\n<meta name=\"twitter:label1\" content=\"Est. reading time\" \/>\n\t<meta name=\"twitter:data1\" content=\"2 minutes\" \/>\n<script type=\"application\/ld+json\" class=\"yoast-schema-graph\">{\"@context\":\"https:\/\/schema.org\",\"@graph\":[{\"@type\":\"WebPage\",\"@id\":\"https:\/\/provence-materiaux-anciens.com\/produit\/sols\/dallages-anciens\/dalles-de-bourgogne\/dalles-de-bourgogne-anciennes\/\",\"url\":\"https:\/\/provence-materiaux-anciens.com\/produit\/sols\/dallages-anciens\/dalles-de-bourgogne\/dalles-de-bourgogne-anciennes\/\",\"name\":\"Dalles de Bourgogne anciennes - Provence Mat\u00e9riaux Anciens\",\"isPartOf\":{\"@id\":\"https:\/\/provence-materiaux-anciens.com\/#website\"},\"primaryImageOfPage\":{\"@id\":\"https:\/\/provence-materiaux-anciens.com\/produit\/sols\/dallages-anciens\/dalles-de-bourgogne\/dalles-de-bourgogne-anciennes\/#primaryimage\"},\"image\":{\"@id\":\"https:\/\/provence-materiaux-anciens.com\/produit\/sols\/dallages-anciens\/dalles-de-bourgogne\/dalles-de-bourgogne-anciennes\/#primaryimage\"},\"thumbnailUrl\":\"https:\/\/provence-materiaux-anciens.com\/wp-content\/uploads\/2022\/12\/dalles-de-bourgogne-anciennes01.jpg\",\"datePublished\":\"2022-12-02T18:51:42+00:00\",\"dateModified\":\"2025-04-29T13:35:23+00:00\",\"breadcrumb\":{\"@id\":\"https:\/\/provence-materiaux-anciens.com\/produit\/sols\/dallages-anciens\/dalles-de-bourgogne\/dalles-de-bourgogne-anciennes\/#breadcrumb\"},\"inLanguage\":\"en-US\",\"potentialAction\":[{\"@type\":\"ReadAction\",\"target\":[\"https:\/\/provence-materiaux-anciens.com\/produit\/sols\/dallages-anciens\/dalles-de-bourgogne\/dalles-de-bourgogne-anciennes\/\"]}]},{\"@type\":\"ImageObject\",\"inLanguage\":\"en-US\",\"@id\":\"https:\/\/provence-materiaux-anciens.com\/produit\/sols\/dallages-anciens\/dalles-de-bourgogne\/dalles-de-bourgogne-anciennes\/#primaryimage\",\"url\":\"https:\/\/provence-materiaux-anciens.com\/wp-content\/uploads\/2022\/12\/dalles-de-bourgogne-anciennes01.jpg\",\"contentUrl\":\"https:\/\/provence-materiaux-anciens.com\/wp-content\/uploads\/2022\/12\/dalles-de-bourgogne-anciennes01.jpg\",\"width\":700,\"height\":700,\"caption\":\"dalles-de-bourgogne-anciennes01\"},{\"@type\":\"BreadcrumbList\",\"@id\":\"https:\/\/provence-materiaux-anciens.com\/produit\/sols\/dallages-anciens\/dalles-de-bourgogne\/dalles-de-bourgogne-anciennes\/#breadcrumb\",\"itemListElement\":[{\"@type\":\"ListItem\",\"position\":1,\"name\":\"Accueil\",\"item\":\"https:\/\/provence-materiaux-anciens.com\/fr\/\"},{\"@type\":\"ListItem\",\"position\":2,\"name\":\"Produits\",\"item\":\"https:\/\/provence-materiaux-anciens.com\/produit\/\"},{\"@type\":\"ListItem\",\"position\":3,\"name\":\"Dalles de Bourgogne anciennes\"}]},{\"@type\":\"WebSite\",\"@id\":\"https:\/\/provence-materiaux-anciens.com\/#website\",\"url\":\"https:\/\/provence-materiaux-anciens.com\/\",\"name\":\"Provence Mat\u00e9riaux Anciens\",\"description\":\"Achat et vente de mat\u00e9riaux anciens de construction, poutres, tuiles, planchers, charpentes, dallages, terres cuites.\",\"publisher\":{\"@id\":\"https:\/\/provence-materiaux-anciens.com\/#organization\"},\"potentialAction\":[{\"@type\":\"SearchAction\",\"target\":{\"@type\":\"EntryPoint\",\"urlTemplate\":\"https:\/\/provence-materiaux-anciens.com\/?s={search_term_string}\"},\"query-input\":{\"@type\":\"PropertyValueSpecification\",\"valueRequired\":true,\"valueName\":\"search_term_string\"}}],\"inLanguage\":\"en-US\"},{\"@type\":\"Organization\",\"@id\":\"https:\/\/provence-materiaux-anciens.com\/#organization\",\"name\":\"Provence Mat\u00e9riaux Anciens\",\"url\":\"https:\/\/provence-materiaux-anciens.com\/\",\"logo\":{\"@type\":\"ImageObject\",\"inLanguage\":\"en-US\",\"@id\":\"https:\/\/provence-materiaux-anciens.com\/#\/schema\/logo\/image\/\",\"url\":\"https:\/\/provence-materiaux-anciens.com\/wp-content\/uploads\/2022\/03\/cropped-logo-pma-web.png\",\"contentUrl\":\"https:\/\/provence-materiaux-anciens.com\/wp-content\/uploads\/2022\/03\/cropped-logo-pma-web.png\",\"width\":650,\"height\":434,\"caption\":\"Provence Mat\u00e9riaux Anciens\"},\"image\":{\"@id\":\"https:\/\/provence-materiaux-anciens.com\/#\/schema\/logo\/image\/\"},\"sameAs\":[\"https:\/\/www.facebook.com\/provencemateriauxanciens\",\"https:\/\/www.instagram.com\/provencemateriauxanciens\/\",\"https:\/\/www.pinterest.fr\/provencemateriauxanciens\/\"]}]}<\/script>\n<!-- \/ Yoast SEO Premium plugin. -->","yoast_head_json":{"title":"Antique Burgundy slabs - Provence Mat\u00e9riaux Anciens","robots":{"index":"index","follow":"follow","max-snippet":"max-snippet:-1","max-image-preview":"max-image-preview:large","max-video-preview":"max-video-preview:-1"},"canonical":"https:\/\/provence-materiaux-anciens.com\/en\/product\/floors\/ancient-paving\/burgundy-tiles\/antique-burgundy-tiles\/","og_locale":"en_US","og_type":"article","og_title":"Dalles de Bourgogne anciennes","og_description":"Ref : Dalles de Bourgogne anciennes (Dalb02)   DIMENSIONS : variable (pose en opus incertum)  \u00c9PAISSEUR : variable ou sci\u00e9e \u00e0 3 cm.  Vieilles dalles de Bourgogne pour pose en ext\u00e9rieur. Les vieilles dalles de Bourgogne sont un choix prestigieux pour les am\u00e9nagements ext\u00e9rieurs, alliant tradition et authenticit\u00e9. Originaires des carri\u00e8res historiques de la r\u00e9gion de Bourgogne, ces dalles anciennes remontent aux XVIIIe et XIXe si\u00e8cles. Chaque pi\u00e8ce raconte une histoire, marqu\u00e9e par les variations naturelles de textures et de couleurs, en raison de la diversit\u00e9 des carri\u00e8res de la r\u00e9gion. Traditionnellement pos\u00e9es en opus, ces dalles apportent une esth\u00e9tique intemporelle \u00e0 vos espaces ext\u00e9rieurs. La richesse min\u00e9rale du terroir bourguignon se refl\u00e8te dans la beaut\u00e9 de chaque dalle, rendant chaque installation unique. Forts de notre expertise, nous s\u00e9lectionnons les meilleurs lots de dalles anciennes, en garantissant une qualit\u00e9 irr\u00e9prochable pour r\u00e9pondre \u00e0 vos besoins les plus exigeants. De plus, pour faciliter leur pose, nous proposons de couper les dalles \u00e0 une \u00e9paisseur de 3 cm, compatible avec des installations de plancher chauffant. Choisir nos vieilles dalles de Bourgogne, c'est opter pour l'\u00e9l\u00e9gance, la durabilit\u00e9 et l'authenticit\u00e9.","og_url":"https:\/\/provence-materiaux-anciens.com\/en\/product\/floors\/ancient-paving\/burgundy-tiles\/antique-burgundy-tiles\/","og_site_name":"Provence Mat\u00e9riaux Anciens","article_publisher":"https:\/\/www.facebook.com\/provencemateriauxanciens","article_modified_time":"2025-04-29T13:35:23+00:00","og_image":[{"width":700,"height":700,"url":"https:\/\/provence-materiaux-anciens.com\/wp-content\/uploads\/2022\/12\/dalles-de-bourgogne-anciennes01.jpg","type":"image\/jpeg"}],"twitter_card":"summary_large_image","twitter_misc":{"Est. reading time":"2 minutes"},"schema":{"@context":"https:\/\/schema.org","@graph":[{"@type":"WebPage","@id":"https:\/\/provence-materiaux-anciens.com\/produit\/sols\/dallages-anciens\/dalles-de-bourgogne\/dalles-de-bourgogne-anciennes\/","url":"https:\/\/provence-materiaux-anciens.com\/produit\/sols\/dallages-anciens\/dalles-de-bourgogne\/dalles-de-bourgogne-anciennes\/","name":"Antique Burgundy slabs - Provence Mat\u00e9riaux Anciens","isPartOf":{"@id":"https:\/\/provence-materiaux-anciens.com\/#website"},"primaryImageOfPage":{"@id":"https:\/\/provence-materiaux-anciens.com\/produit\/sols\/dallages-anciens\/dalles-de-bourgogne\/dalles-de-bourgogne-anciennes\/#primaryimage"},"image":{"@id":"https:\/\/provence-materiaux-anciens.com\/produit\/sols\/dallages-anciens\/dalles-de-bourgogne\/dalles-de-bourgogne-anciennes\/#primaryimage"},"thumbnailUrl":"https:\/\/provence-materiaux-anciens.com\/wp-content\/uploads\/2022\/12\/dalles-de-bourgogne-anciennes01.jpg","datePublished":"2022-12-02T18:51:42+00:00","dateModified":"2025-04-29T13:35:23+00:00","breadcrumb":{"@id":"https:\/\/provence-materiaux-anciens.com\/produit\/sols\/dallages-anciens\/dalles-de-bourgogne\/dalles-de-bourgogne-anciennes\/#breadcrumb"},"inLanguage":"en-US","potentialAction":[{"@type":"ReadAction","target":["https:\/\/provence-materiaux-anciens.com\/produit\/sols\/dallages-anciens\/dalles-de-bourgogne\/dalles-de-bourgogne-anciennes\/"]}]},{"@type":"ImageObject","inLanguage":"en-US","@id":"https:\/\/provence-materiaux-anciens.com\/produit\/sols\/dallages-anciens\/dalles-de-bourgogne\/dalles-de-bourgogne-anciennes\/#primaryimage","url":"https:\/\/provence-materiaux-anciens.com\/wp-content\/uploads\/2022\/12\/dalles-de-bourgogne-anciennes01.jpg","contentUrl":"https:\/\/provence-materiaux-anciens.com\/wp-content\/uploads\/2022\/12\/dalles-de-bourgogne-anciennes01.jpg","width":700,"height":700,"caption":"dalles-de-bourgogne-anciennes01"},{"@type":"BreadcrumbList","@id":"https:\/\/provence-materiaux-anciens.com\/produit\/sols\/dallages-anciens\/dalles-de-bourgogne\/dalles-de-bourgogne-anciennes\/#breadcrumb","itemListElement":[{"@type":"ListItem","position":1,"name":"Accueil","item":"https:\/\/provence-materiaux-anciens.com\/fr\/"},{"@type":"ListItem","position":2,"name":"Produits","item":"https:\/\/provence-materiaux-anciens.com\/produit\/"},{"@type":"ListItem","position":3,"name":"Dalles de Bourgogne anciennes"}]},{"@type":"WebSite","@id":"https:\/\/provence-materiaux-anciens.com\/#website","url":"https:\/\/provence-materiaux-anciens.com\/","name":"Provence Mat\u00e9riaux Anciens","description":"Purchase and sale of old building materials, beams, tiles, floors, frameworks, paving, terracotta.","publisher":{"@id":"https:\/\/provence-materiaux-anciens.com\/#organization"},"potentialAction":[{"@type":"SearchAction","target":{"@type":"EntryPoint","urlTemplate":"https:\/\/provence-materiaux-anciens.com\/?s={search_term_string}"},"query-input":{"@type":"PropertyValueSpecification","valueRequired":true,"valueName":"search_term_string"}}],"inLanguage":"en-US"},{"@type":"Organization","@id":"https:\/\/provence-materiaux-anciens.com\/#organization","name":"Provence Mat\u00e9riaux Anciens","url":"https:\/\/provence-materiaux-anciens.com\/","logo":{"@type":"ImageObject","inLanguage":"en-US","@id":"https:\/\/provence-materiaux-anciens.com\/#\/schema\/logo\/image\/","url":"https:\/\/provence-materiaux-anciens.com\/wp-content\/uploads\/2022\/03\/cropped-logo-pma-web.png","contentUrl":"https:\/\/provence-materiaux-anciens.com\/wp-content\/uploads\/2022\/03\/cropped-logo-pma-web.png","width":650,"height":434,"caption":"Provence Mat\u00e9riaux Anciens"},"image":{"@id":"https:\/\/provence-materiaux-anciens.com\/#\/schema\/logo\/image\/"},"sameAs":["https:\/\/www.facebook.com\/provencemateriauxanciens","https:\/\/www.instagram.com\/provencemateriauxanciens\/","https:\/\/www.pinterest.fr\/provencemateriauxanciens\/"]}]}},"_links":{"self":[{"href":"https:\/\/provence-materiaux-anciens.com\/en\/wp-json\/wp\/v2\/product\/1093","targetHints":{"allow":["GET"]}}],"collection":[{"href":"https:\/\/provence-materiaux-anciens.com\/en\/wp-json\/wp\/v2\/product"}],"about":[{"href":"https:\/\/provence-materiaux-anciens.com\/en\/wp-json\/wp\/v2\/types\/product"}],"wp:featuredmedia":[{"embeddable":true,"href":"https:\/\/provence-materiaux-anciens.com\/en\/wp-json\/wp\/v2\/media\/1620"}],"wp:attachment":[{"href":"https:\/\/provence-materiaux-anciens.com\/en\/wp-json\/wp\/v2\/media?parent=1093"}],"wp:term":[{"taxonomy":"product_brand","embeddable":true,"href":"https:\/\/provence-materiaux-anciens.com\/en\/wp-json\/wp\/v2\/product_brand?post=1093"},{"taxonomy":"product_cat","embeddable":true,"href":"https:\/\/provence-materiaux-anciens.com\/en\/wp-json\/wp\/v2\/product_cat?post=1093"},{"taxonomy":"product_tag","embeddable":true,"href":"https:\/\/provence-materiaux-anciens.com\/en\/wp-json\/wp\/v2\/product_tag?post=1093"}],"curies":[{"name":"wp","href":"https:\/\/api.w.org\/{rel}","templated":true}]}}