{"id":1094,"date":"2022-12-02T18:51:42","date_gmt":"2022-12-02T18:51:42","guid":{"rendered":"https:\/\/provence-materiaux-anciens.com\/?post_type=product&#038;p=1094"},"modified":"2025-04-29T13:39:31","modified_gmt":"2025-04-29T13:39:31","slug":"old-burgundy-tiles","status":"publish","type":"product","link":"https:\/\/provence-materiaux-anciens.com\/en\/product\/floors\/ancient-paving\/burgundy-tiles\/old-burgundy-tiles\/","title":{"rendered":"Reclaimed Antique Bourgogne Flagstone"},"content":{"rendered":"<h3><b>Why choose Reclaimed Antique Bourgogne Flagstone for your outdoor landscaping?<\/b><\/h3>\n<p><span style=\"font-weight: 400;\">Reclaimed Antique Bourgogne Flagstone, prized for its authenticity and natural charm, is a preferred choice for outdoor landscaping. Extracted from quarries in the Bourgogne region, this paving embodies the history and unique character of this mineral-rich land. It has been used for centuries in French buildings and gardens. <strong>T<\/strong><\/span><b>he Reclaimed Antique Bourgogne Flagstone is distinguished by its durability<\/b><span style=\"font-weight: 400;\"> and timeless beauty, bringing warmth and elegance to every outdoor space.<\/span><\/p>\n<h3><b>What are the characteristics of Reclaimed Antique Bourgogne Flagstone?<\/b><\/h3>\n<p><span style=\"font-weight: 400;\">Reclaimed Antique Bourgogne Flagstone are centuries old and come mainly from the XVIII\u1d49 and XIX\u1d49 centuries. They can be recognized by their unique textures and varied hues, ranging from shades of light beige to soft grays and deeper tones. This diversity of colors and textures stems from Bourgogne's different quarries, each offering distinct mineral specificities. For example <b>l<\/b><\/span><b>he Reclaimed Antique Bourgogne Flagstone a natural patina over time.<\/b><span style=\"font-weight: 400;\">This makes them extremely weather-resistant.<\/span><\/p>\n<h3><b>How are Reclaimed Antique Bourgogne Flagstone laid for optimum results?<\/b><\/h3>\n<p><span style=\"font-weight: 400;\">Reclaimed Antique Bourgogne Flagstone are traditionally <\/span><b>opus laid, an irregular laying technique that enhances the stone's authenticity and natural appearance<\/b><span style=\"font-weight: 400;\">. This method creates a harmonious, flowing visual effect. It lends character to courtyards, terraces, walkways and other outdoor features. This is why opus is particularly well-suited to Burgundy slabs, highlighting the differences in shape and size of each stone.<\/span><\/p>\n<h3><b>Where to put Reclaimed Antique Bourgogne Flagstone?<\/b><\/h3>\n<p><span style=\"font-weight: 400;\">Reclaimed Antique Bourgogne Flagstone is ideal for a wide range of outdoor applications, thanks to its durability and timeless aesthetic appeal. Here are just a few places where it can be laid:<\/span><\/p>\n<ul>\n<li style=\"font-weight: 400;\" aria-level=\"1\"><b>Terraces<\/b><span style=\"font-weight: 400;\"> Bourgogne Flagstone create warm, elegant outdoor spaces, perfect for terraces that blend naturally into the landscape.<\/span><\/li>\n<li style=\"font-weight: 400;\" aria-level=\"1\"><b>Garden paths and footpaths<\/b><span style=\"font-weight: 400;\"> : Its sturdiness makes it a suitable choice for frequent use, adding authenticity to garden paths.<\/span><\/li>\n<li style=\"font-weight: 400;\" aria-level=\"1\"><b>Pool surrounds<\/b><span style=\"font-weight: 400;\"> Reclaimed Antique Bourgogne Flagstone are also ideal for pool surrounds, providing an elegant, safe surface.<\/span><\/li>\n<li style=\"font-weight: 400;\" aria-level=\"1\"><b>Patios and courtyards<\/b><span style=\"font-weight: 400;\"> The opus slab brings a traditional, chic style to patios and courtyards, with the option of laying opus slabs for a more rustic look.<\/span><\/li>\n<li style=\"font-weight: 400;\" aria-level=\"1\"><b>Exterior staircases<\/b><span style=\"font-weight: 400;\"> : Because of its durability and beautiful patina, Bourgogne Flagstone works very well for creating entrance steps or staircases that stand up to the elements and the passage of time.<\/span><\/li>\n<\/ul>\n<p><span style=\"font-weight: 400;\">Thanks to its versatility and aesthetic appeal, Reclaimed Antique Bourgogne Flagstone enhances exteriors and adapts to a variety of styles, from classic to contemporary.<\/span><\/p>\n<h3><b>Why trust our expertise for your Reclaimed Antique Bourgogne Flagstone?<\/b><\/h3>\n<p><b>At Provence Mat\u00e9riaux Anciens, we carefully select each batch of Reclaimed Antique Bourgogne Flagstone to guarantee paving of exceptional quality and beauty.\u00a0<\/b><\/p>\n<p><span style=\"font-weight: 400;\">Our experience enables us to identify the stones with the most sought-after characteristics:\u00a0<\/span><\/p>\n<ul>\n<li style=\"font-weight: 400;\" aria-level=\"1\"><span style=\"font-weight: 400;\">Harmonious colors,\u00a0<\/span><\/li>\n<li style=\"font-weight: 400;\" aria-level=\"1\"><span style=\"font-weight: 400;\">Natural textures,\u00a0<\/span><\/li>\n<li style=\"font-weight: 400;\" aria-level=\"1\"><span style=\"font-weight: 400;\">High durability.\u00a0<\/span><\/li>\n<\/ul>\n<p><span style=\"font-weight: 400;\">When you choose our Bourgogne Flagstone, you're guaranteed a unique product that pays tribute to the history of this emblematic stone from the Bourgogne region.<\/span><\/p>\n<h3><b>How to maintain and preserve your outdoor Reclaimed Antique Bourgogne Flagstone?<\/b><\/h3>\n<p><span style=\"font-weight: 400;\">Although Reclaimed Antique Bourgogne Flagstone are robust and designed to withstand outdoor conditions, <\/span><b>light maintenance preserves their beauty<\/b><span style=\"font-weight: 400;\">. Periodic cleaning with clear water or a suitable product helps prevent moss and dirt deposits. It also helps maintain and promote the stone's natural patina. In this way, your Bourgogne Flagstone will retain their charm over the years.<\/span><\/p>\n<p><span style=\"font-weight: 400;\">When you choose Reclaimed Antique Bourgogne Flagstone, you're choosing a stone with character that will embellish your outdoor spaces, transforming them into warm, unique places.<\/span><\/p>\n<p><a href=\"https:\/\/provence-materiaux-anciens.com\/en\/contact\/\"><span style=\"font-weight: 400;\">Contact us<\/span><\/a><span style=\"font-weight: 400;\"> to discuss your landscaping project. <\/span><\/p>","protected":false},"excerpt":{"rendered":"<h2><strong>Ref :<\/strong> Old Burgundy flagstones outdoors (Dalb01)<\/h2>\n<ul>\n<li><strong>DIMENSIONS<\/strong> \u00a0<strong>:<\/strong> variable (opus incertum)<\/li>\n<li><strong>THICKNESS :<\/strong> variable or sawn to 3 cm<\/li>\n<\/ul>\n<p>Old Burgundy flagstones for outdoor installation<br \/>\nOld Burgundy flagstones are a prestigious choice for outdoor landscaping, combining tradition and authenticity. Originating from the historic quarries of the Burgundy region, these old slabs date back to the 18th and 19th centuries. Each piece tells a story, marked by natural variations in texture and color, due to the diversity of the region's quarries.<br \/>\nTraditionally laid in opus, these slabs bring a timeless aesthetic to your outdoor spaces. The mineral richness of the Burgundy terroir is reflected in the beauty of each slab, making each installation unique.<br \/>\nThanks to our expertise, we select the best batches of old slabs, guaranteeing impeccable quality to meet your most demanding requirements. What's more, to facilitate installation, we can cut the slabs to a thickness of 3 cm, compatible with underfloor heating systems.<br \/>\nChoosing our old Burgundy slabs means opting for elegance, durability and authenticity.<\/p>","protected":false},"featured_media":1616,"template":"","meta":{"_monsterinsights_skip_tracking":false,"_monsterinsights_sitenote_active":false,"_monsterinsights_sitenote_note":"","_monsterinsights_sitenote_category":0},"product_brand":[],"product_cat":[36,39,32],"product_tag":[],"class_list":{"0":"post-1094","1":"product","2":"type-product","3":"status-publish","4":"has-post-thumbnail","6":"product_cat-dallages-anciens","7":"product_cat-dalles-de-bourgogne","8":"product_cat-sols","10":"first","11":"instock","12":"shipping-taxable","13":"product-type-simple"},"yoast_head":"<!-- This site is optimized with the Yoast SEO Premium plugin v22.1 (Yoast SEO v24.6) - https:\/\/yoast.com\/wordpress\/plugins\/seo\/ -->\n<title>Dalle de Bourgogne - Provence Mat\u00e9riaux Anciens<\/title>\n<meta name=\"description\" content=\"D\u00e9couvrez la dalle de Bourgogne : une magnifique pierre naturelle s\u00e9lectionn\u00e9e avec soin par notre \u00e9quipe \u00e0 poser en ext\u00e9rieur (ou en int\u00e9rieur)\" \/>\n<meta name=\"robots\" content=\"index, follow, max-snippet:-1, max-image-preview:large, max-video-preview:-1\" \/>\n<link rel=\"canonical\" href=\"https:\/\/provence-materiaux-anciens.com\/en\/product\/floors\/ancient-paving\/burgundy-tiles\/old-burgundy-tiles\/\" \/>\n<meta property=\"og:locale\" content=\"en_US\" \/>\n<meta property=\"og:type\" content=\"article\" \/>\n<meta property=\"og:title\" content=\"Vieilles Dalles de Bourgogne\" \/>\n<meta property=\"og:description\" content=\"D\u00e9couvrez la dalle de Bourgogne : une magnifique pierre naturelle s\u00e9lectionn\u00e9e avec soin par notre \u00e9quipe \u00e0 poser en ext\u00e9rieur (ou en int\u00e9rieur)\" \/>\n<meta property=\"og:url\" content=\"https:\/\/provence-materiaux-anciens.com\/en\/product\/floors\/ancient-paving\/burgundy-tiles\/old-burgundy-tiles\/\" \/>\n<meta property=\"og:site_name\" content=\"Provence Mat\u00e9riaux Anciens\" \/>\n<meta property=\"article:publisher\" content=\"https:\/\/www.facebook.com\/provencemateriauxanciens\" \/>\n<meta property=\"article:modified_time\" content=\"2025-04-29T13:39:31+00:00\" \/>\n<meta property=\"og:image\" content=\"https:\/\/provence-materiaux-anciens.com\/wp-content\/uploads\/2022\/12\/Vieilles-Dalles-de-Bourgogne01.jpg\" \/>\n\t<meta property=\"og:image:width\" content=\"700\" \/>\n\t<meta property=\"og:image:height\" content=\"700\" \/>\n\t<meta property=\"og:image:type\" content=\"image\/jpeg\" \/>\n<meta name=\"twitter:card\" content=\"summary_large_image\" \/>\n<meta name=\"twitter:label1\" content=\"Est. reading time\" \/>\n\t<meta name=\"twitter:data1\" content=\"4 minutes\" \/>\n<script type=\"application\/ld+json\" class=\"yoast-schema-graph\">{\"@context\":\"https:\/\/schema.org\",\"@graph\":[{\"@type\":\"WebPage\",\"@id\":\"https:\/\/provence-materiaux-anciens.com\/produit\/sols\/dallages-anciens\/dalles-de-bourgogne\/vieilles-dalles-de-bourgogne\/\",\"url\":\"https:\/\/provence-materiaux-anciens.com\/produit\/sols\/dallages-anciens\/dalles-de-bourgogne\/vieilles-dalles-de-bourgogne\/\",\"name\":\"Dalle de Bourgogne - Provence Mat\u00e9riaux Anciens\",\"isPartOf\":{\"@id\":\"https:\/\/provence-materiaux-anciens.com\/#website\"},\"primaryImageOfPage\":{\"@id\":\"https:\/\/provence-materiaux-anciens.com\/produit\/sols\/dallages-anciens\/dalles-de-bourgogne\/vieilles-dalles-de-bourgogne\/#primaryimage\"},\"image\":{\"@id\":\"https:\/\/provence-materiaux-anciens.com\/produit\/sols\/dallages-anciens\/dalles-de-bourgogne\/vieilles-dalles-de-bourgogne\/#primaryimage\"},\"thumbnailUrl\":\"https:\/\/provence-materiaux-anciens.com\/wp-content\/uploads\/2022\/12\/Vieilles-Dalles-de-Bourgogne01.jpg\",\"datePublished\":\"2022-12-02T18:51:42+00:00\",\"dateModified\":\"2025-04-29T13:39:31+00:00\",\"description\":\"D\u00e9couvrez la dalle de Bourgogne : une magnifique pierre naturelle s\u00e9lectionn\u00e9e avec soin par notre \u00e9quipe \u00e0 poser en ext\u00e9rieur (ou en int\u00e9rieur)\",\"breadcrumb\":{\"@id\":\"https:\/\/provence-materiaux-anciens.com\/produit\/sols\/dallages-anciens\/dalles-de-bourgogne\/vieilles-dalles-de-bourgogne\/#breadcrumb\"},\"inLanguage\":\"en-US\",\"potentialAction\":[{\"@type\":\"ReadAction\",\"target\":[\"https:\/\/provence-materiaux-anciens.com\/produit\/sols\/dallages-anciens\/dalles-de-bourgogne\/vieilles-dalles-de-bourgogne\/\"]}]},{\"@type\":\"ImageObject\",\"inLanguage\":\"en-US\",\"@id\":\"https:\/\/provence-materiaux-anciens.com\/produit\/sols\/dallages-anciens\/dalles-de-bourgogne\/vieilles-dalles-de-bourgogne\/#primaryimage\",\"url\":\"https:\/\/provence-materiaux-anciens.com\/wp-content\/uploads\/2022\/12\/Vieilles-Dalles-de-Bourgogne01.jpg\",\"contentUrl\":\"https:\/\/provence-materiaux-anciens.com\/wp-content\/uploads\/2022\/12\/Vieilles-Dalles-de-Bourgogne01.jpg\",\"width\":700,\"height\":700,\"caption\":\"Vieilles-Dalles-de-Bourgogne01\"},{\"@type\":\"BreadcrumbList\",\"@id\":\"https:\/\/provence-materiaux-anciens.com\/produit\/sols\/dallages-anciens\/dalles-de-bourgogne\/vieilles-dalles-de-bourgogne\/#breadcrumb\",\"itemListElement\":[{\"@type\":\"ListItem\",\"position\":1,\"name\":\"Accueil\",\"item\":\"https:\/\/provence-materiaux-anciens.com\/fr\/\"},{\"@type\":\"ListItem\",\"position\":2,\"name\":\"Produits\",\"item\":\"https:\/\/provence-materiaux-anciens.com\/produit\/\"},{\"@type\":\"ListItem\",\"position\":3,\"name\":\"Vieilles Dalles de Bourgogne\"}]},{\"@type\":\"WebSite\",\"@id\":\"https:\/\/provence-materiaux-anciens.com\/#website\",\"url\":\"https:\/\/provence-materiaux-anciens.com\/\",\"name\":\"Provence Mat\u00e9riaux Anciens\",\"description\":\"Achat et vente de mat\u00e9riaux anciens de construction, poutres, tuiles, planchers, charpentes, dallages, terres cuites.\",\"publisher\":{\"@id\":\"https:\/\/provence-materiaux-anciens.com\/#organization\"},\"potentialAction\":[{\"@type\":\"SearchAction\",\"target\":{\"@type\":\"EntryPoint\",\"urlTemplate\":\"https:\/\/provence-materiaux-anciens.com\/?s={search_term_string}\"},\"query-input\":{\"@type\":\"PropertyValueSpecification\",\"valueRequired\":true,\"valueName\":\"search_term_string\"}}],\"inLanguage\":\"en-US\"},{\"@type\":\"Organization\",\"@id\":\"https:\/\/provence-materiaux-anciens.com\/#organization\",\"name\":\"Provence Mat\u00e9riaux Anciens\",\"url\":\"https:\/\/provence-materiaux-anciens.com\/\",\"logo\":{\"@type\":\"ImageObject\",\"inLanguage\":\"en-US\",\"@id\":\"https:\/\/provence-materiaux-anciens.com\/#\/schema\/logo\/image\/\",\"url\":\"https:\/\/provence-materiaux-anciens.com\/wp-content\/uploads\/2022\/03\/cropped-logo-pma-web.png\",\"contentUrl\":\"https:\/\/provence-materiaux-anciens.com\/wp-content\/uploads\/2022\/03\/cropped-logo-pma-web.png\",\"width\":650,\"height\":434,\"caption\":\"Provence Mat\u00e9riaux Anciens\"},\"image\":{\"@id\":\"https:\/\/provence-materiaux-anciens.com\/#\/schema\/logo\/image\/\"},\"sameAs\":[\"https:\/\/www.facebook.com\/provencemateriauxanciens\",\"https:\/\/www.instagram.com\/provencemateriauxanciens\/\",\"https:\/\/www.pinterest.fr\/provencemateriauxanciens\/\"]}]}<\/script>\n<!-- \/ Yoast SEO Premium plugin. -->","yoast_head_json":{"title":"Burgundy slab - Provence Mat\u00e9riaux Anciens","description":"Discover Burgundy flagstone: a magnificent natural stone carefully selected by our team for outdoor (or indoor) installation.","robots":{"index":"index","follow":"follow","max-snippet":"max-snippet:-1","max-image-preview":"max-image-preview:large","max-video-preview":"max-video-preview:-1"},"canonical":"https:\/\/provence-materiaux-anciens.com\/en\/product\/floors\/ancient-paving\/burgundy-tiles\/old-burgundy-tiles\/","og_locale":"en_US","og_type":"article","og_title":"Vieilles Dalles de Bourgogne","og_description":"D\u00e9couvrez la dalle de Bourgogne : une magnifique pierre naturelle s\u00e9lectionn\u00e9e avec soin par notre \u00e9quipe \u00e0 poser en ext\u00e9rieur (ou en int\u00e9rieur)","og_url":"https:\/\/provence-materiaux-anciens.com\/en\/product\/floors\/ancient-paving\/burgundy-tiles\/old-burgundy-tiles\/","og_site_name":"Provence Mat\u00e9riaux Anciens","article_publisher":"https:\/\/www.facebook.com\/provencemateriauxanciens","article_modified_time":"2025-04-29T13:39:31+00:00","og_image":[{"width":700,"height":700,"url":"https:\/\/provence-materiaux-anciens.com\/wp-content\/uploads\/2022\/12\/Vieilles-Dalles-de-Bourgogne01.jpg","type":"image\/jpeg"}],"twitter_card":"summary_large_image","twitter_misc":{"Est. reading time":"4 minutes"},"schema":{"@context":"https:\/\/schema.org","@graph":[{"@type":"WebPage","@id":"https:\/\/provence-materiaux-anciens.com\/produit\/sols\/dallages-anciens\/dalles-de-bourgogne\/vieilles-dalles-de-bourgogne\/","url":"https:\/\/provence-materiaux-anciens.com\/produit\/sols\/dallages-anciens\/dalles-de-bourgogne\/vieilles-dalles-de-bourgogne\/","name":"Burgundy slab - Provence Mat\u00e9riaux Anciens","isPartOf":{"@id":"https:\/\/provence-materiaux-anciens.com\/#website"},"primaryImageOfPage":{"@id":"https:\/\/provence-materiaux-anciens.com\/produit\/sols\/dallages-anciens\/dalles-de-bourgogne\/vieilles-dalles-de-bourgogne\/#primaryimage"},"image":{"@id":"https:\/\/provence-materiaux-anciens.com\/produit\/sols\/dallages-anciens\/dalles-de-bourgogne\/vieilles-dalles-de-bourgogne\/#primaryimage"},"thumbnailUrl":"https:\/\/provence-materiaux-anciens.com\/wp-content\/uploads\/2022\/12\/Vieilles-Dalles-de-Bourgogne01.jpg","datePublished":"2022-12-02T18:51:42+00:00","dateModified":"2025-04-29T13:39:31+00:00","description":"Discover Burgundy flagstone: a magnificent natural stone carefully selected by our team for outdoor (or indoor) installation.","breadcrumb":{"@id":"https:\/\/provence-materiaux-anciens.com\/produit\/sols\/dallages-anciens\/dalles-de-bourgogne\/vieilles-dalles-de-bourgogne\/#breadcrumb"},"inLanguage":"en-US","potentialAction":[{"@type":"ReadAction","target":["https:\/\/provence-materiaux-anciens.com\/produit\/sols\/dallages-anciens\/dalles-de-bourgogne\/vieilles-dalles-de-bourgogne\/"]}]},{"@type":"ImageObject","inLanguage":"en-US","@id":"https:\/\/provence-materiaux-anciens.com\/produit\/sols\/dallages-anciens\/dalles-de-bourgogne\/vieilles-dalles-de-bourgogne\/#primaryimage","url":"https:\/\/provence-materiaux-anciens.com\/wp-content\/uploads\/2022\/12\/Vieilles-Dalles-de-Bourgogne01.jpg","contentUrl":"https:\/\/provence-materiaux-anciens.com\/wp-content\/uploads\/2022\/12\/Vieilles-Dalles-de-Bourgogne01.jpg","width":700,"height":700,"caption":"Vieilles-Dalles-de-Bourgogne01"},{"@type":"BreadcrumbList","@id":"https:\/\/provence-materiaux-anciens.com\/produit\/sols\/dallages-anciens\/dalles-de-bourgogne\/vieilles-dalles-de-bourgogne\/#breadcrumb","itemListElement":[{"@type":"ListItem","position":1,"name":"Accueil","item":"https:\/\/provence-materiaux-anciens.com\/fr\/"},{"@type":"ListItem","position":2,"name":"Produits","item":"https:\/\/provence-materiaux-anciens.com\/produit\/"},{"@type":"ListItem","position":3,"name":"Vieilles Dalles de Bourgogne"}]},{"@type":"WebSite","@id":"https:\/\/provence-materiaux-anciens.com\/#website","url":"https:\/\/provence-materiaux-anciens.com\/","name":"Provence Mat\u00e9riaux Anciens","description":"Purchase and sale of old building materials, beams, tiles, floors, frameworks, paving, terracotta.","publisher":{"@id":"https:\/\/provence-materiaux-anciens.com\/#organization"},"potentialAction":[{"@type":"SearchAction","target":{"@type":"EntryPoint","urlTemplate":"https:\/\/provence-materiaux-anciens.com\/?s={search_term_string}"},"query-input":{"@type":"PropertyValueSpecification","valueRequired":true,"valueName":"search_term_string"}}],"inLanguage":"en-US"},{"@type":"Organization","@id":"https:\/\/provence-materiaux-anciens.com\/#organization","name":"Provence Mat\u00e9riaux Anciens","url":"https:\/\/provence-materiaux-anciens.com\/","logo":{"@type":"ImageObject","inLanguage":"en-US","@id":"https:\/\/provence-materiaux-anciens.com\/#\/schema\/logo\/image\/","url":"https:\/\/provence-materiaux-anciens.com\/wp-content\/uploads\/2022\/03\/cropped-logo-pma-web.png","contentUrl":"https:\/\/provence-materiaux-anciens.com\/wp-content\/uploads\/2022\/03\/cropped-logo-pma-web.png","width":650,"height":434,"caption":"Provence Mat\u00e9riaux Anciens"},"image":{"@id":"https:\/\/provence-materiaux-anciens.com\/#\/schema\/logo\/image\/"},"sameAs":["https:\/\/www.facebook.com\/provencemateriauxanciens","https:\/\/www.instagram.com\/provencemateriauxanciens\/","https:\/\/www.pinterest.fr\/provencemateriauxanciens\/"]}]}},"_links":{"self":[{"href":"https:\/\/provence-materiaux-anciens.com\/en\/wp-json\/wp\/v2\/product\/1094","targetHints":{"allow":["GET"]}}],"collection":[{"href":"https:\/\/provence-materiaux-anciens.com\/en\/wp-json\/wp\/v2\/product"}],"about":[{"href":"https:\/\/provence-materiaux-anciens.com\/en\/wp-json\/wp\/v2\/types\/product"}],"wp:featuredmedia":[{"embeddable":true,"href":"https:\/\/provence-materiaux-anciens.com\/en\/wp-json\/wp\/v2\/media\/1616"}],"wp:attachment":[{"href":"https:\/\/provence-materiaux-anciens.com\/en\/wp-json\/wp\/v2\/media?parent=1094"}],"wp:term":[{"taxonomy":"product_brand","embeddable":true,"href":"https:\/\/provence-materiaux-anciens.com\/en\/wp-json\/wp\/v2\/product_brand?post=1094"},{"taxonomy":"product_cat","embeddable":true,"href":"https:\/\/provence-materiaux-anciens.com\/en\/wp-json\/wp\/v2\/product_cat?post=1094"},{"taxonomy":"product_tag","embeddable":true,"href":"https:\/\/provence-materiaux-anciens.com\/en\/wp-json\/wp\/v2\/product_tag?post=1094"}],"curies":[{"name":"wp","href":"https:\/\/api.w.org\/{rel}","templated":true}]}}