{"id":1095,"date":"2022-12-02T18:51:43","date_gmt":"2022-12-02T18:51:43","guid":{"rendered":"https:\/\/provence-materiaux-anciens.com\/?post_type=product&#038;p=1095"},"modified":"2024-07-31T15:14:27","modified_gmt":"2024-07-31T15:14:27","slug":"antique-oak-parquet","status":"publish","type":"product","link":"https:\/\/provence-materiaux-anciens.com\/en\/product\/floors\/floor-parquet\/oak-flooring\/antique-oak-parquet\/","title":{"rendered":"Antique French Oak Flooring"},"content":{"rendered":"","protected":false},"excerpt":{"rendered":"<h2><strong>Ref: <\/strong>Antique oak floor, Honey Oak finish (Pl03)<\/h2>\n<p>&nbsp;<\/p>\n<p>Old oak flooring in Honey Oak finish, prepared for installation. Authentic old floors recovered from country houses in different regions. Old oak planks are prepared in our carpentry workshop. We always have a large selection of old oak flooring on hand.<\/p>\n<p><strong>Board length :<\/strong> from 100 to 250 cm on average<\/p>\n<p><strong>Width : <\/strong>from 10 to 25 cm on average<\/p>\n<p><strong>Thickness : <\/strong>from 2 to 2.5 cm<\/p>","protected":false},"featured_media":5093,"template":"","meta":{"_monsterinsights_skip_tracking":false,"_monsterinsights_sitenote_active":false,"_monsterinsights_sitenote_note":"","_monsterinsights_sitenote_category":0},"product_brand":[],"product_cat":[45,42,32],"product_tag":[],"class_list":{"0":"post-1095","1":"product","2":"type-product","3":"status-publish","4":"has-post-thumbnail","6":"product_cat-plancher-chene","7":"product_cat-plancher-parquet","8":"product_cat-sols","10":"first","11":"instock","12":"shipping-taxable","13":"product-type-simple"},"yoast_head":"<!-- This site is optimized with the Yoast SEO Premium plugin v22.1 (Yoast SEO v24.6) - https:\/\/yoast.com\/wordpress\/plugins\/seo\/ -->\n<title>Plancher ancien ch\u00eane - Provence Mat\u00e9riaux Anciens<\/title>\n<meta name=\"robots\" content=\"index, follow, max-snippet:-1, max-image-preview:large, max-video-preview:-1\" \/>\n<link rel=\"canonical\" href=\"https:\/\/provence-materiaux-anciens.com\/en\/product\/floors\/floor-parquet\/oak-flooring\/antique-oak-parquet\/\" \/>\n<meta property=\"og:locale\" content=\"en_US\" \/>\n<meta property=\"og:type\" content=\"article\" \/>\n<meta property=\"og:title\" content=\"Plancher ancien ch\u00eane\" \/>\n<meta property=\"og:description\" content=\"Ref: Plancher ancien ch\u00eane finition Ch\u00eane Miel (Pl03) &nbsp;  Plancher ancien ch\u00eane finition Ch\u00eane Miel pr\u00e9par\u00e9 pour la pose. Vieux planchers authentiques r\u00e9cup\u00e9r\u00e9s au sein de maisons de campagne de diff\u00e9rentes r\u00e9gions. La pr\u00e9paration des vieilles planches en ch\u00eane se fait dans notre atelier de menuiserie. Nous disposons en permanence d&#039;un large choix de vieux parquets en ch\u00eane.  Longueur des planches : de 100 \u00e0 250 cm en moyenne  Largeur : de 10 \u00e0 25 cm en moyenne  \u00c9paisseur : de 2 \u00e0 2,5 cm\" \/>\n<meta property=\"og:url\" content=\"https:\/\/provence-materiaux-anciens.com\/en\/product\/floors\/floor-parquet\/oak-flooring\/antique-oak-parquet\/\" \/>\n<meta property=\"og:site_name\" content=\"Provence Mat\u00e9riaux Anciens\" \/>\n<meta property=\"article:publisher\" content=\"https:\/\/www.facebook.com\/provencemateriauxanciens\" \/>\n<meta property=\"article:modified_time\" content=\"2024-07-31T15:14:27+00:00\" \/>\n<meta property=\"og:image\" content=\"https:\/\/provence-materiaux-anciens.com\/wp-content\/uploads\/2022\/12\/20240522_154921-scaled.jpg\" \/>\n\t<meta property=\"og:image:width\" content=\"1920\" \/>\n\t<meta property=\"og:image:height\" content=\"2560\" \/>\n\t<meta property=\"og:image:type\" content=\"image\/jpeg\" \/>\n<meta name=\"twitter:card\" content=\"summary_large_image\" \/>\n<meta name=\"twitter:label1\" content=\"Est. reading time\" \/>\n\t<meta name=\"twitter:data1\" content=\"1 minute\" \/>\n<script type=\"application\/ld+json\" class=\"yoast-schema-graph\">{\"@context\":\"https:\/\/schema.org\",\"@graph\":[{\"@type\":\"WebPage\",\"@id\":\"https:\/\/provence-materiaux-anciens.com\/produit\/sols\/plancher-parquet\/plancher-chene\/parquet-ancien-chene\/\",\"url\":\"https:\/\/provence-materiaux-anciens.com\/produit\/sols\/plancher-parquet\/plancher-chene\/parquet-ancien-chene\/\",\"name\":\"Plancher ancien ch\u00eane - Provence Mat\u00e9riaux Anciens\",\"isPartOf\":{\"@id\":\"https:\/\/provence-materiaux-anciens.com\/#website\"},\"primaryImageOfPage\":{\"@id\":\"https:\/\/provence-materiaux-anciens.com\/produit\/sols\/plancher-parquet\/plancher-chene\/parquet-ancien-chene\/#primaryimage\"},\"image\":{\"@id\":\"https:\/\/provence-materiaux-anciens.com\/produit\/sols\/plancher-parquet\/plancher-chene\/parquet-ancien-chene\/#primaryimage\"},\"thumbnailUrl\":\"https:\/\/provence-materiaux-anciens.com\/wp-content\/uploads\/2022\/12\/20240522_154921-scaled.jpg\",\"datePublished\":\"2022-12-02T18:51:43+00:00\",\"dateModified\":\"2024-07-31T15:14:27+00:00\",\"breadcrumb\":{\"@id\":\"https:\/\/provence-materiaux-anciens.com\/produit\/sols\/plancher-parquet\/plancher-chene\/parquet-ancien-chene\/#breadcrumb\"},\"inLanguage\":\"en-US\",\"potentialAction\":[{\"@type\":\"ReadAction\",\"target\":[\"https:\/\/provence-materiaux-anciens.com\/produit\/sols\/plancher-parquet\/plancher-chene\/parquet-ancien-chene\/\"]}]},{\"@type\":\"ImageObject\",\"inLanguage\":\"en-US\",\"@id\":\"https:\/\/provence-materiaux-anciens.com\/produit\/sols\/plancher-parquet\/plancher-chene\/parquet-ancien-chene\/#primaryimage\",\"url\":\"https:\/\/provence-materiaux-anciens.com\/wp-content\/uploads\/2022\/12\/20240522_154921-scaled.jpg\",\"contentUrl\":\"https:\/\/provence-materiaux-anciens.com\/wp-content\/uploads\/2022\/12\/20240522_154921-scaled.jpg\",\"width\":1920,\"height\":2560},{\"@type\":\"BreadcrumbList\",\"@id\":\"https:\/\/provence-materiaux-anciens.com\/produit\/sols\/plancher-parquet\/plancher-chene\/parquet-ancien-chene\/#breadcrumb\",\"itemListElement\":[{\"@type\":\"ListItem\",\"position\":1,\"name\":\"Accueil\",\"item\":\"https:\/\/provence-materiaux-anciens.com\/fr\/\"},{\"@type\":\"ListItem\",\"position\":2,\"name\":\"Produits\",\"item\":\"https:\/\/provence-materiaux-anciens.com\/produit\/\"},{\"@type\":\"ListItem\",\"position\":3,\"name\":\"Plancher ancien ch\u00eane\"}]},{\"@type\":\"WebSite\",\"@id\":\"https:\/\/provence-materiaux-anciens.com\/#website\",\"url\":\"https:\/\/provence-materiaux-anciens.com\/\",\"name\":\"Provence Mat\u00e9riaux Anciens\",\"description\":\"Achat et vente de mat\u00e9riaux anciens de construction, poutres, tuiles, planchers, charpentes, dallages, terres cuites.\",\"publisher\":{\"@id\":\"https:\/\/provence-materiaux-anciens.com\/#organization\"},\"potentialAction\":[{\"@type\":\"SearchAction\",\"target\":{\"@type\":\"EntryPoint\",\"urlTemplate\":\"https:\/\/provence-materiaux-anciens.com\/?s={search_term_string}\"},\"query-input\":{\"@type\":\"PropertyValueSpecification\",\"valueRequired\":true,\"valueName\":\"search_term_string\"}}],\"inLanguage\":\"en-US\"},{\"@type\":\"Organization\",\"@id\":\"https:\/\/provence-materiaux-anciens.com\/#organization\",\"name\":\"Provence Mat\u00e9riaux Anciens\",\"url\":\"https:\/\/provence-materiaux-anciens.com\/\",\"logo\":{\"@type\":\"ImageObject\",\"inLanguage\":\"en-US\",\"@id\":\"https:\/\/provence-materiaux-anciens.com\/#\/schema\/logo\/image\/\",\"url\":\"https:\/\/provence-materiaux-anciens.com\/wp-content\/uploads\/2022\/03\/cropped-logo-pma-web.png\",\"contentUrl\":\"https:\/\/provence-materiaux-anciens.com\/wp-content\/uploads\/2022\/03\/cropped-logo-pma-web.png\",\"width\":650,\"height\":434,\"caption\":\"Provence Mat\u00e9riaux Anciens\"},\"image\":{\"@id\":\"https:\/\/provence-materiaux-anciens.com\/#\/schema\/logo\/image\/\"},\"sameAs\":[\"https:\/\/www.facebook.com\/provencemateriauxanciens\",\"https:\/\/www.instagram.com\/provencemateriauxanciens\/\",\"https:\/\/www.pinterest.fr\/provencemateriauxanciens\/\"]}]}<\/script>\n<!-- \/ Yoast SEO Premium plugin. -->","yoast_head_json":{"title":"Antique oak flooring - Provence Mat\u00e9riaux Anciens","robots":{"index":"index","follow":"follow","max-snippet":"max-snippet:-1","max-image-preview":"max-image-preview:large","max-video-preview":"max-video-preview:-1"},"canonical":"https:\/\/provence-materiaux-anciens.com\/en\/product\/floors\/floor-parquet\/oak-flooring\/antique-oak-parquet\/","og_locale":"en_US","og_type":"article","og_title":"Plancher ancien ch\u00eane","og_description":"Ref: Plancher ancien ch\u00eane finition Ch\u00eane Miel (Pl03) &nbsp;  Plancher ancien ch\u00eane finition Ch\u00eane Miel pr\u00e9par\u00e9 pour la pose. Vieux planchers authentiques r\u00e9cup\u00e9r\u00e9s au sein de maisons de campagne de diff\u00e9rentes r\u00e9gions. La pr\u00e9paration des vieilles planches en ch\u00eane se fait dans notre atelier de menuiserie. Nous disposons en permanence d'un large choix de vieux parquets en ch\u00eane.  Longueur des planches : de 100 \u00e0 250 cm en moyenne  Largeur : de 10 \u00e0 25 cm en moyenne  \u00c9paisseur : de 2 \u00e0 2,5 cm","og_url":"https:\/\/provence-materiaux-anciens.com\/en\/product\/floors\/floor-parquet\/oak-flooring\/antique-oak-parquet\/","og_site_name":"Provence Mat\u00e9riaux Anciens","article_publisher":"https:\/\/www.facebook.com\/provencemateriauxanciens","article_modified_time":"2024-07-31T15:14:27+00:00","og_image":[{"width":1920,"height":2560,"url":"https:\/\/provence-materiaux-anciens.com\/wp-content\/uploads\/2022\/12\/20240522_154921-scaled.jpg","type":"image\/jpeg"}],"twitter_card":"summary_large_image","twitter_misc":{"Est. reading time":"1 minute"},"schema":{"@context":"https:\/\/schema.org","@graph":[{"@type":"WebPage","@id":"https:\/\/provence-materiaux-anciens.com\/produit\/sols\/plancher-parquet\/plancher-chene\/parquet-ancien-chene\/","url":"https:\/\/provence-materiaux-anciens.com\/produit\/sols\/plancher-parquet\/plancher-chene\/parquet-ancien-chene\/","name":"Antique oak flooring - Provence Mat\u00e9riaux Anciens","isPartOf":{"@id":"https:\/\/provence-materiaux-anciens.com\/#website"},"primaryImageOfPage":{"@id":"https:\/\/provence-materiaux-anciens.com\/produit\/sols\/plancher-parquet\/plancher-chene\/parquet-ancien-chene\/#primaryimage"},"image":{"@id":"https:\/\/provence-materiaux-anciens.com\/produit\/sols\/plancher-parquet\/plancher-chene\/parquet-ancien-chene\/#primaryimage"},"thumbnailUrl":"https:\/\/provence-materiaux-anciens.com\/wp-content\/uploads\/2022\/12\/20240522_154921-scaled.jpg","datePublished":"2022-12-02T18:51:43+00:00","dateModified":"2024-07-31T15:14:27+00:00","breadcrumb":{"@id":"https:\/\/provence-materiaux-anciens.com\/produit\/sols\/plancher-parquet\/plancher-chene\/parquet-ancien-chene\/#breadcrumb"},"inLanguage":"en-US","potentialAction":[{"@type":"ReadAction","target":["https:\/\/provence-materiaux-anciens.com\/produit\/sols\/plancher-parquet\/plancher-chene\/parquet-ancien-chene\/"]}]},{"@type":"ImageObject","inLanguage":"en-US","@id":"https:\/\/provence-materiaux-anciens.com\/produit\/sols\/plancher-parquet\/plancher-chene\/parquet-ancien-chene\/#primaryimage","url":"https:\/\/provence-materiaux-anciens.com\/wp-content\/uploads\/2022\/12\/20240522_154921-scaled.jpg","contentUrl":"https:\/\/provence-materiaux-anciens.com\/wp-content\/uploads\/2022\/12\/20240522_154921-scaled.jpg","width":1920,"height":2560},{"@type":"BreadcrumbList","@id":"https:\/\/provence-materiaux-anciens.com\/produit\/sols\/plancher-parquet\/plancher-chene\/parquet-ancien-chene\/#breadcrumb","itemListElement":[{"@type":"ListItem","position":1,"name":"Accueil","item":"https:\/\/provence-materiaux-anciens.com\/fr\/"},{"@type":"ListItem","position":2,"name":"Produits","item":"https:\/\/provence-materiaux-anciens.com\/produit\/"},{"@type":"ListItem","position":3,"name":"Plancher ancien ch\u00eane"}]},{"@type":"WebSite","@id":"https:\/\/provence-materiaux-anciens.com\/#website","url":"https:\/\/provence-materiaux-anciens.com\/","name":"Provence Mat\u00e9riaux Anciens","description":"Purchase and sale of old building materials, beams, tiles, floors, frameworks, paving, terracotta.","publisher":{"@id":"https:\/\/provence-materiaux-anciens.com\/#organization"},"potentialAction":[{"@type":"SearchAction","target":{"@type":"EntryPoint","urlTemplate":"https:\/\/provence-materiaux-anciens.com\/?s={search_term_string}"},"query-input":{"@type":"PropertyValueSpecification","valueRequired":true,"valueName":"search_term_string"}}],"inLanguage":"en-US"},{"@type":"Organization","@id":"https:\/\/provence-materiaux-anciens.com\/#organization","name":"Provence Mat\u00e9riaux Anciens","url":"https:\/\/provence-materiaux-anciens.com\/","logo":{"@type":"ImageObject","inLanguage":"en-US","@id":"https:\/\/provence-materiaux-anciens.com\/#\/schema\/logo\/image\/","url":"https:\/\/provence-materiaux-anciens.com\/wp-content\/uploads\/2022\/03\/cropped-logo-pma-web.png","contentUrl":"https:\/\/provence-materiaux-anciens.com\/wp-content\/uploads\/2022\/03\/cropped-logo-pma-web.png","width":650,"height":434,"caption":"Provence Mat\u00e9riaux Anciens"},"image":{"@id":"https:\/\/provence-materiaux-anciens.com\/#\/schema\/logo\/image\/"},"sameAs":["https:\/\/www.facebook.com\/provencemateriauxanciens","https:\/\/www.instagram.com\/provencemateriauxanciens\/","https:\/\/www.pinterest.fr\/provencemateriauxanciens\/"]}]}},"_links":{"self":[{"href":"https:\/\/provence-materiaux-anciens.com\/en\/wp-json\/wp\/v2\/product\/1095","targetHints":{"allow":["GET"]}}],"collection":[{"href":"https:\/\/provence-materiaux-anciens.com\/en\/wp-json\/wp\/v2\/product"}],"about":[{"href":"https:\/\/provence-materiaux-anciens.com\/en\/wp-json\/wp\/v2\/types\/product"}],"wp:featuredmedia":[{"embeddable":true,"href":"https:\/\/provence-materiaux-anciens.com\/en\/wp-json\/wp\/v2\/media\/5093"}],"wp:attachment":[{"href":"https:\/\/provence-materiaux-anciens.com\/en\/wp-json\/wp\/v2\/media?parent=1095"}],"wp:term":[{"taxonomy":"product_brand","embeddable":true,"href":"https:\/\/provence-materiaux-anciens.com\/en\/wp-json\/wp\/v2\/product_brand?post=1095"},{"taxonomy":"product_cat","embeddable":true,"href":"https:\/\/provence-materiaux-anciens.com\/en\/wp-json\/wp\/v2\/product_cat?post=1095"},{"taxonomy":"product_tag","embeddable":true,"href":"https:\/\/provence-materiaux-anciens.com\/en\/wp-json\/wp\/v2\/product_tag?post=1095"}],"curies":[{"name":"wp","href":"https:\/\/api.w.org\/{rel}","templated":true}]}}