{"id":1106,"date":"2022-12-02T18:51:43","date_gmt":"2022-12-02T18:51:43","guid":{"rendered":"https:\/\/provence-materiaux-anciens.com\/?post_type=product&#038;p=1106"},"modified":"2024-06-13T15:05:59","modified_gmt":"2024-06-13T15:05:59","slug":"old-oak-frame","status":"publish","type":"product","link":"https:\/\/provence-materiaux-anciens.com\/en\/product\/antique-wood-frame\/antique-oak-frames\/old-oak-frame\/","title":{"rendered":"Antique Truss Wood"},"content":{"rendered":"<h3>Oak framing: our made-to-measure expertise<\/h3>\n<p>We create the oak framework of your dreams. <strong>It's made to measure from reclaimed oak beams.<\/strong> Each piece of our timberwork is of the highest quality and embodies the timelessness and strength of oak. With these materials, you can add a touch of authenticity to your home. <a href=\"https:\/\/provence-materiaux-anciens.com\/en\/product-category\/antique-wood-frame\/\" target=\"\" rel=\"noopener\">traditional framework<\/a> in wood.<\/p>\n<h3>The strength of oak<\/h3>\n<p><strong>Oak, with its density and exceptional strength, has been the material of choice for timber frame construction for centuries. <\/strong>Our <a href=\"https:\/\/provence-materiaux-anciens.com\/en\/product\/antique-wood-frame\/antique-oak-frames\/old-oak-beams\/\" target=\"\" rel=\"noopener\">old reclaimed beams<\/a> are carefully selected for their quality and uniqueness. Their grain, knots and aged patina add a touch of authenticity and character.<\/p>\n<h3>Tailor-made to meet your every need<\/h3>\n<p>At home, <strong>each oak frame is tailor-made to meet the specific needs of our customers.<\/strong> Whether you're planning to build a framework for a traditional house or a renovated barn, our qualified team works closely with you to create a structure that perfectly combines aesthetics and functionality. Thanks to our expertise and know-how, we are able to carry out projects of any size and complexity, in line with your requirements and expectations.<\/p>\n<h3>From reclaimed beams to oak frameworks<\/h3>\n<p>By using old oak reclaimed beams, we help preserve a precious heritage while protecting the environment. In this way, we avoid the felling of additional trees and reduce the ecological footprint of construction.<\/p>\n<p>&nbsp;<\/p>\n<p><strong><a href=\"https:\/\/provence-materiaux-anciens.com\/en\/contact\/\" target=\"\" rel=\"noopener\">Contact us to set up your project<\/a><\/strong><\/p>","protected":false},"excerpt":{"rendered":"<h2><strong>Ref: <\/strong>Charpente Ch\u00eane (CHCH)<\/h2>\n<p>Old oak frame made to measure in our workshop. <strong>These frameworks are shaped with <\/strong><strong><a href=\"https:\/\/provence-materiaux-anciens.com\/en\/product\/antique-wood-frame\/antique-oak-frames\/old-oak-beams\/\" target=\"\" rel=\"noopener\">old reclaimed beams<\/a> <\/strong><strong>in oak<\/strong>previously sanded and treated.<\/p>\n<p>Our carpenters will assemble all the elements of the old oak frame at our depot by hand. <strong>Antique beams<\/strong><strong> recovery<\/strong><strong> in oak are interlocked and doweled<\/strong> (mortise and tenon or semi-recessed).<\/p>\n<p>Once the framework is complete, you can add any finishing touches you wish. <a href=\"https:\/\/provence-materiaux-anciens.com\/en\/product\/antique-wood-frame\/antique-oak-frames\/reclaimed-oak-rafters\/\">oak rafters<\/a> the<a href=\"https:\/\/provence-materiaux-anciens.com\/en\/product-category\/floor-parquet\/\"> floor<\/a> (see under ceiling), <a href=\"https:\/\/provence-materiaux-anciens.com\/en\/product\/antique-wallet\/\">the old-fashioned wallet<\/a> or even <a href=\"https:\/\/provence-materiaux-anciens.com\/en\/product-category\/antique-tiles\/\">old tiles<\/a>.<\/p>","protected":false},"featured_media":4914,"template":"","meta":{"_monsterinsights_skip_tracking":false,"_monsterinsights_sitenote_active":false,"_monsterinsights_sitenote_note":"","_monsterinsights_sitenote_category":0},"product_brand":[],"product_cat":[27,56],"product_tag":[],"class_list":{"0":"post-1106","1":"product","2":"type-product","3":"status-publish","4":"has-post-thumbnail","6":"product_cat-charpente-vieux-bois","7":"product_cat-charpentes-vieux-chene","9":"first","10":"instock","11":"shipping-taxable","12":"product-type-simple"},"yoast_head":"<!-- This site is optimized with the Yoast SEO Premium plugin v22.1 (Yoast SEO v24.6) - https:\/\/yoast.com\/wordpress\/plugins\/seo\/ -->\n<title>Vieille Charpente en ch\u00eane - Provence Mat\u00e9riaux Anciens<\/title>\n<meta name=\"description\" content=\"Nous fabriquons la charpente en ch\u00eane de vos r\u00eaves avec des poutres anciennes de r\u00e9cup\u00e9ration. Chaque cr\u00e9ation est unique, authentique et sur mesure\" \/>\n<meta name=\"robots\" content=\"index, follow, max-snippet:-1, max-image-preview:large, max-video-preview:-1\" \/>\n<link rel=\"canonical\" href=\"https:\/\/provence-materiaux-anciens.com\/en\/product\/antique-wood-frame\/antique-oak-frames\/old-oak-frame\/\" \/>\n<meta property=\"og:locale\" content=\"en_US\" \/>\n<meta property=\"og:type\" content=\"article\" \/>\n<meta property=\"og:title\" content=\"Vieille Charpente Ch\u00eane\" \/>\n<meta property=\"og:description\" content=\"Nous fabriquons la charpente en ch\u00eane de vos r\u00eaves avec des poutres anciennes de r\u00e9cup\u00e9ration. Chaque cr\u00e9ation est unique, authentique et sur mesure\" \/>\n<meta property=\"og:url\" content=\"https:\/\/provence-materiaux-anciens.com\/en\/product\/antique-wood-frame\/antique-oak-frames\/old-oak-frame\/\" \/>\n<meta property=\"og:site_name\" content=\"Provence Mat\u00e9riaux Anciens\" \/>\n<meta property=\"article:publisher\" content=\"https:\/\/www.facebook.com\/provencemateriauxanciens\" \/>\n<meta property=\"article:modified_time\" content=\"2024-06-13T15:05:59+00:00\" \/>\n<meta property=\"og:image\" content=\"https:\/\/provence-materiaux-anciens.com\/wp-content\/uploads\/2022\/12\/2_20240612_171912_0001-682x1024.png\" \/>\n\t<meta property=\"og:image:width\" content=\"682\" \/>\n\t<meta property=\"og:image:height\" content=\"1024\" \/>\n\t<meta property=\"og:image:type\" content=\"image\/png\" \/>\n<meta name=\"twitter:card\" content=\"summary_large_image\" \/>\n<meta name=\"twitter:label1\" content=\"Est. reading time\" \/>\n\t<meta name=\"twitter:data1\" content=\"2 minutes\" \/>\n<script type=\"application\/ld+json\" class=\"yoast-schema-graph\">{\"@context\":\"https:\/\/schema.org\",\"@graph\":[{\"@type\":\"WebPage\",\"@id\":\"https:\/\/provence-materiaux-anciens.com\/fr\/produit\/charpente-vieux-bois\/charpentes-vieux-chene\/vieille-charpente-chene\/\",\"url\":\"https:\/\/provence-materiaux-anciens.com\/fr\/produit\/charpente-vieux-bois\/charpentes-vieux-chene\/vieille-charpente-chene\/\",\"name\":\"Vieille Charpente en ch\u00eane - Provence Mat\u00e9riaux Anciens\",\"isPartOf\":{\"@id\":\"https:\/\/provence-materiaux-anciens.com\/#website\"},\"primaryImageOfPage\":{\"@id\":\"https:\/\/provence-materiaux-anciens.com\/fr\/produit\/charpente-vieux-bois\/charpentes-vieux-chene\/vieille-charpente-chene\/#primaryimage\"},\"image\":{\"@id\":\"https:\/\/provence-materiaux-anciens.com\/fr\/produit\/charpente-vieux-bois\/charpentes-vieux-chene\/vieille-charpente-chene\/#primaryimage\"},\"thumbnailUrl\":\"https:\/\/provence-materiaux-anciens.com\/wp-content\/uploads\/2022\/12\/2_20240612_171912_0001.png\",\"datePublished\":\"2022-12-02T18:51:43+00:00\",\"dateModified\":\"2024-06-13T15:05:59+00:00\",\"description\":\"Nous fabriquons la charpente en ch\u00eane de vos r\u00eaves avec des poutres anciennes de r\u00e9cup\u00e9ration. Chaque cr\u00e9ation est unique, authentique et sur mesure\",\"breadcrumb\":{\"@id\":\"https:\/\/provence-materiaux-anciens.com\/fr\/produit\/charpente-vieux-bois\/charpentes-vieux-chene\/vieille-charpente-chene\/#breadcrumb\"},\"inLanguage\":\"en-US\",\"potentialAction\":[{\"@type\":\"ReadAction\",\"target\":[\"https:\/\/provence-materiaux-anciens.com\/fr\/produit\/charpente-vieux-bois\/charpentes-vieux-chene\/vieille-charpente-chene\/\"]}]},{\"@type\":\"ImageObject\",\"inLanguage\":\"en-US\",\"@id\":\"https:\/\/provence-materiaux-anciens.com\/fr\/produit\/charpente-vieux-bois\/charpentes-vieux-chene\/vieille-charpente-chene\/#primaryimage\",\"url\":\"https:\/\/provence-materiaux-anciens.com\/wp-content\/uploads\/2022\/12\/2_20240612_171912_0001.png\",\"contentUrl\":\"https:\/\/provence-materiaux-anciens.com\/wp-content\/uploads\/2022\/12\/2_20240612_171912_0001.png\",\"width\":1333,\"height\":2000},{\"@type\":\"BreadcrumbList\",\"@id\":\"https:\/\/provence-materiaux-anciens.com\/fr\/produit\/charpente-vieux-bois\/charpentes-vieux-chene\/vieille-charpente-chene\/#breadcrumb\",\"itemListElement\":[{\"@type\":\"ListItem\",\"position\":1,\"name\":\"Accueil\",\"item\":\"https:\/\/provence-materiaux-anciens.com\/fr\/\"},{\"@type\":\"ListItem\",\"position\":2,\"name\":\"Produits\",\"item\":\"https:\/\/provence-materiaux-anciens.com\/produit\/\"},{\"@type\":\"ListItem\",\"position\":3,\"name\":\"Vieille Charpente Ch\u00eane\"}]},{\"@type\":\"WebSite\",\"@id\":\"https:\/\/provence-materiaux-anciens.com\/#website\",\"url\":\"https:\/\/provence-materiaux-anciens.com\/\",\"name\":\"Provence Mat\u00e9riaux Anciens\",\"description\":\"Achat et vente de mat\u00e9riaux anciens de construction, poutres, tuiles, planchers, charpentes, dallages, terres cuites.\",\"publisher\":{\"@id\":\"https:\/\/provence-materiaux-anciens.com\/#organization\"},\"potentialAction\":[{\"@type\":\"SearchAction\",\"target\":{\"@type\":\"EntryPoint\",\"urlTemplate\":\"https:\/\/provence-materiaux-anciens.com\/?s={search_term_string}\"},\"query-input\":{\"@type\":\"PropertyValueSpecification\",\"valueRequired\":true,\"valueName\":\"search_term_string\"}}],\"inLanguage\":\"en-US\"},{\"@type\":\"Organization\",\"@id\":\"https:\/\/provence-materiaux-anciens.com\/#organization\",\"name\":\"Provence Mat\u00e9riaux Anciens\",\"url\":\"https:\/\/provence-materiaux-anciens.com\/\",\"logo\":{\"@type\":\"ImageObject\",\"inLanguage\":\"en-US\",\"@id\":\"https:\/\/provence-materiaux-anciens.com\/#\/schema\/logo\/image\/\",\"url\":\"https:\/\/provence-materiaux-anciens.com\/wp-content\/uploads\/2022\/03\/cropped-logo-pma-web.png\",\"contentUrl\":\"https:\/\/provence-materiaux-anciens.com\/wp-content\/uploads\/2022\/03\/cropped-logo-pma-web.png\",\"width\":650,\"height\":434,\"caption\":\"Provence Mat\u00e9riaux Anciens\"},\"image\":{\"@id\":\"https:\/\/provence-materiaux-anciens.com\/#\/schema\/logo\/image\/\"},\"sameAs\":[\"https:\/\/www.facebook.com\/provencemateriauxanciens\",\"https:\/\/www.instagram.com\/provencemateriauxanciens\/\",\"https:\/\/www.pinterest.fr\/provencemateriauxanciens\/\"]}]}<\/script>\n<!-- \/ Yoast SEO Premium plugin. -->","yoast_head_json":{"title":"Old oak framework - Provence Mat\u00e9riaux Anciens","description":"We build the oak framework of your dreams from reclaimed beams. Each creation is unique, authentic and made-to-measure.","robots":{"index":"index","follow":"follow","max-snippet":"max-snippet:-1","max-image-preview":"max-image-preview:large","max-video-preview":"max-video-preview:-1"},"canonical":"https:\/\/provence-materiaux-anciens.com\/en\/product\/antique-wood-frame\/antique-oak-frames\/old-oak-frame\/","og_locale":"en_US","og_type":"article","og_title":"Vieille Charpente Ch\u00eane","og_description":"Nous fabriquons la charpente en ch\u00eane de vos r\u00eaves avec des poutres anciennes de r\u00e9cup\u00e9ration. Chaque cr\u00e9ation est unique, authentique et sur mesure","og_url":"https:\/\/provence-materiaux-anciens.com\/en\/product\/antique-wood-frame\/antique-oak-frames\/old-oak-frame\/","og_site_name":"Provence Mat\u00e9riaux Anciens","article_publisher":"https:\/\/www.facebook.com\/provencemateriauxanciens","article_modified_time":"2024-06-13T15:05:59+00:00","og_image":[{"width":682,"height":1024,"url":"https:\/\/provence-materiaux-anciens.com\/wp-content\/uploads\/2022\/12\/2_20240612_171912_0001-682x1024.png","type":"image\/png"}],"twitter_card":"summary_large_image","twitter_misc":{"Est. reading time":"2 minutes"},"schema":{"@context":"https:\/\/schema.org","@graph":[{"@type":"WebPage","@id":"https:\/\/provence-materiaux-anciens.com\/fr\/produit\/charpente-vieux-bois\/charpentes-vieux-chene\/vieille-charpente-chene\/","url":"https:\/\/provence-materiaux-anciens.com\/fr\/produit\/charpente-vieux-bois\/charpentes-vieux-chene\/vieille-charpente-chene\/","name":"Old oak framework - Provence Mat\u00e9riaux Anciens","isPartOf":{"@id":"https:\/\/provence-materiaux-anciens.com\/#website"},"primaryImageOfPage":{"@id":"https:\/\/provence-materiaux-anciens.com\/fr\/produit\/charpente-vieux-bois\/charpentes-vieux-chene\/vieille-charpente-chene\/#primaryimage"},"image":{"@id":"https:\/\/provence-materiaux-anciens.com\/fr\/produit\/charpente-vieux-bois\/charpentes-vieux-chene\/vieille-charpente-chene\/#primaryimage"},"thumbnailUrl":"https:\/\/provence-materiaux-anciens.com\/wp-content\/uploads\/2022\/12\/2_20240612_171912_0001.png","datePublished":"2022-12-02T18:51:43+00:00","dateModified":"2024-06-13T15:05:59+00:00","description":"We build the oak framework of your dreams from reclaimed beams. Each creation is unique, authentic and made-to-measure.","breadcrumb":{"@id":"https:\/\/provence-materiaux-anciens.com\/fr\/produit\/charpente-vieux-bois\/charpentes-vieux-chene\/vieille-charpente-chene\/#breadcrumb"},"inLanguage":"en-US","potentialAction":[{"@type":"ReadAction","target":["https:\/\/provence-materiaux-anciens.com\/fr\/produit\/charpente-vieux-bois\/charpentes-vieux-chene\/vieille-charpente-chene\/"]}]},{"@type":"ImageObject","inLanguage":"en-US","@id":"https:\/\/provence-materiaux-anciens.com\/fr\/produit\/charpente-vieux-bois\/charpentes-vieux-chene\/vieille-charpente-chene\/#primaryimage","url":"https:\/\/provence-materiaux-anciens.com\/wp-content\/uploads\/2022\/12\/2_20240612_171912_0001.png","contentUrl":"https:\/\/provence-materiaux-anciens.com\/wp-content\/uploads\/2022\/12\/2_20240612_171912_0001.png","width":1333,"height":2000},{"@type":"BreadcrumbList","@id":"https:\/\/provence-materiaux-anciens.com\/fr\/produit\/charpente-vieux-bois\/charpentes-vieux-chene\/vieille-charpente-chene\/#breadcrumb","itemListElement":[{"@type":"ListItem","position":1,"name":"Accueil","item":"https:\/\/provence-materiaux-anciens.com\/fr\/"},{"@type":"ListItem","position":2,"name":"Produits","item":"https:\/\/provence-materiaux-anciens.com\/produit\/"},{"@type":"ListItem","position":3,"name":"Vieille Charpente Ch\u00eane"}]},{"@type":"WebSite","@id":"https:\/\/provence-materiaux-anciens.com\/#website","url":"https:\/\/provence-materiaux-anciens.com\/","name":"Provence Mat\u00e9riaux Anciens","description":"Purchase and sale of old building materials, beams, tiles, floors, frameworks, paving, terracotta.","publisher":{"@id":"https:\/\/provence-materiaux-anciens.com\/#organization"},"potentialAction":[{"@type":"SearchAction","target":{"@type":"EntryPoint","urlTemplate":"https:\/\/provence-materiaux-anciens.com\/?s={search_term_string}"},"query-input":{"@type":"PropertyValueSpecification","valueRequired":true,"valueName":"search_term_string"}}],"inLanguage":"en-US"},{"@type":"Organization","@id":"https:\/\/provence-materiaux-anciens.com\/#organization","name":"Provence Mat\u00e9riaux Anciens","url":"https:\/\/provence-materiaux-anciens.com\/","logo":{"@type":"ImageObject","inLanguage":"en-US","@id":"https:\/\/provence-materiaux-anciens.com\/#\/schema\/logo\/image\/","url":"https:\/\/provence-materiaux-anciens.com\/wp-content\/uploads\/2022\/03\/cropped-logo-pma-web.png","contentUrl":"https:\/\/provence-materiaux-anciens.com\/wp-content\/uploads\/2022\/03\/cropped-logo-pma-web.png","width":650,"height":434,"caption":"Provence Mat\u00e9riaux Anciens"},"image":{"@id":"https:\/\/provence-materiaux-anciens.com\/#\/schema\/logo\/image\/"},"sameAs":["https:\/\/www.facebook.com\/provencemateriauxanciens","https:\/\/www.instagram.com\/provencemateriauxanciens\/","https:\/\/www.pinterest.fr\/provencemateriauxanciens\/"]}]}},"_links":{"self":[{"href":"https:\/\/provence-materiaux-anciens.com\/en\/wp-json\/wp\/v2\/product\/1106","targetHints":{"allow":["GET"]}}],"collection":[{"href":"https:\/\/provence-materiaux-anciens.com\/en\/wp-json\/wp\/v2\/product"}],"about":[{"href":"https:\/\/provence-materiaux-anciens.com\/en\/wp-json\/wp\/v2\/types\/product"}],"wp:featuredmedia":[{"embeddable":true,"href":"https:\/\/provence-materiaux-anciens.com\/en\/wp-json\/wp\/v2\/media\/4914"}],"wp:attachment":[{"href":"https:\/\/provence-materiaux-anciens.com\/en\/wp-json\/wp\/v2\/media?parent=1106"}],"wp:term":[{"taxonomy":"product_brand","embeddable":true,"href":"https:\/\/provence-materiaux-anciens.com\/en\/wp-json\/wp\/v2\/product_brand?post=1106"},{"taxonomy":"product_cat","embeddable":true,"href":"https:\/\/provence-materiaux-anciens.com\/en\/wp-json\/wp\/v2\/product_cat?post=1106"},{"taxonomy":"product_tag","embeddable":true,"href":"https:\/\/provence-materiaux-anciens.com\/en\/wp-json\/wp\/v2\/product_tag?post=1106"}],"curies":[{"name":"wp","href":"https:\/\/api.w.org\/{rel}","templated":true}]}}