{"id":1107,"date":"2022-12-02T18:51:44","date_gmt":"2022-12-02T18:51:44","guid":{"rendered":"https:\/\/provence-materiaux-anciens.com\/?post_type=product&#038;p=1107"},"modified":"2025-04-22T10:08:38","modified_gmt":"2025-04-22T10:08:38","slug":"antique-fir-beams","status":"publish","type":"product","link":"https:\/\/provence-materiaux-anciens.com\/en\/product\/antique-wood-frame\/antique-fir-frames\/antique-fir-beams\/","title":{"rendered":"Reclaimed French Pine Beams"},"content":{"rendered":"<h3>The natural beauty of Reclaimed French Pine Beams<\/h3>\n<p>Reclaimed French Pine Beams tell a story, steeped in centuries past. Made from noble fir wood, each beam shows the marks of time: natural knots, delicate cracks, and an aged patina that lends a natural, authentic beauty. <strong>Every imperfection adds a touch of character and charm to your frame.<\/strong><\/p>\n<h3>The strength of old wooden beams<\/h3>\n<p>In addition to their aesthetic appeal, wooden beams offer unrivalled strength and durability. The wood used in their manufacture has stood the test of time, acquiring a density and strength that stand the test of time. <strong>These beams can support heavy loads<\/strong>to ensure the stability and safety of your structure.<\/p>\n<h3>Recovering old materials: an ecological gesture<\/h3>\n<p>Recovering old materials is an ecological approach that's close to our hearts. <strong>Whether it's for old beams, new beams or <a href=\"https:\/\/provence-materiaux-anciens.com\/en\/product-category\/floors\/antique-terracotta\/antique-floor-tiles\/\" target=\"\" rel=\"noopener\">Antique Reclaimed Terracotta<\/a>the <\/strong><strong><a href=\"https:\/\/provence-materiaux-anciens.com\/en\/product-category\/antique-tiles\/\" target=\"\" rel=\"noopener\">old tiles<\/a>we want to preserve these unique pieces<\/strong><strong> quality. <\/strong><\/p>\n<p>Every old beam reused contributes to preserving our cultural heritage and reducing our environmental footprint.<\/p>\n<h3>Create your own wooden framework with our Reclaimed French Pine Beams<\/h3>\n<p>Whether you're planning to build a house, a barn, a cottage or any other type of structure, using antique beams in your framework adds a unique dimension and timeless charm to your project. Entrust your project to our skilled carpenters, who will bring your dreams to life using wood in all its splendor and authenticity.<\/p>\n<p><strong><a href=\"https:\/\/provence-materiaux-anciens.com\/en\/contact\/\" target=\"\" rel=\"noopener\">Contact us to discuss your project!<\/a><\/strong><\/p>","protected":false},"excerpt":{"rendered":"<h2><strong>Ref:<\/strong> Reclaimed Pin Rafter (POU002)<\/h2>\n<p>We have a vast selection of old, salvaged fir beams. These old fir beams have all kinds of patinas, because they've been through a lot of life and are therefore more authentic. Nevertheless, we can clean our old fir beams to make them look more identical. Our carpenters can also build your custom-made wooden frames from our old fir beams.<\/p>\n<p>Discover our <a href=\"https:\/\/provence-materiaux-anciens.com\/en\/product\/antique-fir-frame\/\">fir-wood frames.<\/a><\/p>\n<p><strong>DIMENSIONS:\u00a0<\/strong>variable<\/p>","protected":false},"featured_media":1715,"template":"","meta":{"_monsterinsights_skip_tracking":false,"_monsterinsights_sitenote_active":false,"_monsterinsights_sitenote_note":"","_monsterinsights_sitenote_category":0},"product_brand":[],"product_cat":[55,27],"product_tag":[],"class_list":{"0":"post-1107","1":"product","2":"type-product","3":"status-publish","4":"has-post-thumbnail","6":"product_cat-charpentes-sapin-ancien","7":"product_cat-charpente-vieux-bois","9":"first","10":"instock","11":"shipping-taxable","12":"product-type-simple"},"yoast_head":"<!-- This site is optimized with the Yoast SEO Premium plugin v22.1 (Yoast SEO v24.6) - https:\/\/yoast.com\/wordpress\/plugins\/seo\/ -->\n<title>Poutres anciennes en sapin - Provence Mat\u00e9riaux Anciens<\/title>\n<meta name=\"description\" content=\"D\u00e9couvrez nos poutres anciennes en sapin disponibles en grande quantit\u00e9 : des poutres de r\u00e9cup\u00e9ration de grande qualit\u00e9 pour vos charpentes en bois\" \/>\n<meta name=\"robots\" content=\"index, follow, max-snippet:-1, max-image-preview:large, max-video-preview:-1\" \/>\n<link rel=\"canonical\" href=\"https:\/\/provence-materiaux-anciens.com\/en\/product\/antique-wood-frame\/antique-fir-frames\/antique-fir-beams\/\" \/>\n<meta property=\"og:locale\" content=\"en_US\" \/>\n<meta property=\"og:type\" content=\"article\" \/>\n<meta property=\"og:title\" content=\"Poutres anciennes sapin\" \/>\n<meta property=\"og:description\" content=\"D\u00e9couvrez nos poutres anciennes en sapin disponibles en grande quantit\u00e9 : des poutres de r\u00e9cup\u00e9ration de grande qualit\u00e9 pour vos charpentes en bois\" \/>\n<meta property=\"og:url\" content=\"https:\/\/provence-materiaux-anciens.com\/en\/product\/antique-wood-frame\/antique-fir-frames\/antique-fir-beams\/\" \/>\n<meta property=\"og:site_name\" content=\"Provence Mat\u00e9riaux Anciens\" \/>\n<meta property=\"article:publisher\" content=\"https:\/\/www.facebook.com\/provencemateriauxanciens\" \/>\n<meta property=\"article:modified_time\" content=\"2025-04-22T10:08:38+00:00\" \/>\n<meta property=\"og:image\" content=\"https:\/\/provence-materiaux-anciens.com\/wp-content\/uploads\/2022\/12\/poutres-anciennes-sapin03.jpg\" \/>\n\t<meta property=\"og:image:width\" content=\"700\" \/>\n\t<meta property=\"og:image:height\" content=\"700\" \/>\n\t<meta property=\"og:image:type\" content=\"image\/jpeg\" \/>\n<meta name=\"twitter:card\" content=\"summary_large_image\" \/>\n<meta name=\"twitter:label1\" content=\"Est. reading time\" \/>\n\t<meta name=\"twitter:data1\" content=\"2 minutes\" \/>\n<script type=\"application\/ld+json\" class=\"yoast-schema-graph\">{\"@context\":\"https:\/\/schema.org\",\"@graph\":[{\"@type\":\"WebPage\",\"@id\":\"https:\/\/provence-materiaux-anciens.com\/produit\/charpente-vieux-bois\/charpentes-sapin-ancien\/poutres-anciennes-sapin\/\",\"url\":\"https:\/\/provence-materiaux-anciens.com\/produit\/charpente-vieux-bois\/charpentes-sapin-ancien\/poutres-anciennes-sapin\/\",\"name\":\"Poutres anciennes en sapin - Provence Mat\u00e9riaux Anciens\",\"isPartOf\":{\"@id\":\"https:\/\/provence-materiaux-anciens.com\/#website\"},\"primaryImageOfPage\":{\"@id\":\"https:\/\/provence-materiaux-anciens.com\/produit\/charpente-vieux-bois\/charpentes-sapin-ancien\/poutres-anciennes-sapin\/#primaryimage\"},\"image\":{\"@id\":\"https:\/\/provence-materiaux-anciens.com\/produit\/charpente-vieux-bois\/charpentes-sapin-ancien\/poutres-anciennes-sapin\/#primaryimage\"},\"thumbnailUrl\":\"https:\/\/provence-materiaux-anciens.com\/wp-content\/uploads\/2022\/12\/poutres-anciennes-sapin03.jpg\",\"datePublished\":\"2022-12-02T18:51:44+00:00\",\"dateModified\":\"2025-04-22T10:08:38+00:00\",\"description\":\"D\u00e9couvrez nos poutres anciennes en sapin disponibles en grande quantit\u00e9 : des poutres de r\u00e9cup\u00e9ration de grande qualit\u00e9 pour vos charpentes en bois\",\"breadcrumb\":{\"@id\":\"https:\/\/provence-materiaux-anciens.com\/produit\/charpente-vieux-bois\/charpentes-sapin-ancien\/poutres-anciennes-sapin\/#breadcrumb\"},\"inLanguage\":\"en-US\",\"potentialAction\":[{\"@type\":\"ReadAction\",\"target\":[\"https:\/\/provence-materiaux-anciens.com\/produit\/charpente-vieux-bois\/charpentes-sapin-ancien\/poutres-anciennes-sapin\/\"]}]},{\"@type\":\"ImageObject\",\"inLanguage\":\"en-US\",\"@id\":\"https:\/\/provence-materiaux-anciens.com\/produit\/charpente-vieux-bois\/charpentes-sapin-ancien\/poutres-anciennes-sapin\/#primaryimage\",\"url\":\"https:\/\/provence-materiaux-anciens.com\/wp-content\/uploads\/2022\/12\/poutres-anciennes-sapin03.jpg\",\"contentUrl\":\"https:\/\/provence-materiaux-anciens.com\/wp-content\/uploads\/2022\/12\/poutres-anciennes-sapin03.jpg\",\"width\":700,\"height\":700,\"caption\":\"poutres-anciennes-sapin03\"},{\"@type\":\"BreadcrumbList\",\"@id\":\"https:\/\/provence-materiaux-anciens.com\/produit\/charpente-vieux-bois\/charpentes-sapin-ancien\/poutres-anciennes-sapin\/#breadcrumb\",\"itemListElement\":[{\"@type\":\"ListItem\",\"position\":1,\"name\":\"Accueil\",\"item\":\"https:\/\/provence-materiaux-anciens.com\/fr\/\"},{\"@type\":\"ListItem\",\"position\":2,\"name\":\"Produits\",\"item\":\"https:\/\/provence-materiaux-anciens.com\/produit\/\"},{\"@type\":\"ListItem\",\"position\":3,\"name\":\"Poutres anciennes sapin\"}]},{\"@type\":\"WebSite\",\"@id\":\"https:\/\/provence-materiaux-anciens.com\/#website\",\"url\":\"https:\/\/provence-materiaux-anciens.com\/\",\"name\":\"Provence Mat\u00e9riaux Anciens\",\"description\":\"Achat et vente de mat\u00e9riaux anciens de construction, poutres, tuiles, planchers, charpentes, dallages, terres cuites.\",\"publisher\":{\"@id\":\"https:\/\/provence-materiaux-anciens.com\/#organization\"},\"potentialAction\":[{\"@type\":\"SearchAction\",\"target\":{\"@type\":\"EntryPoint\",\"urlTemplate\":\"https:\/\/provence-materiaux-anciens.com\/?s={search_term_string}\"},\"query-input\":{\"@type\":\"PropertyValueSpecification\",\"valueRequired\":true,\"valueName\":\"search_term_string\"}}],\"inLanguage\":\"en-US\"},{\"@type\":\"Organization\",\"@id\":\"https:\/\/provence-materiaux-anciens.com\/#organization\",\"name\":\"Provence Mat\u00e9riaux Anciens\",\"url\":\"https:\/\/provence-materiaux-anciens.com\/\",\"logo\":{\"@type\":\"ImageObject\",\"inLanguage\":\"en-US\",\"@id\":\"https:\/\/provence-materiaux-anciens.com\/#\/schema\/logo\/image\/\",\"url\":\"https:\/\/provence-materiaux-anciens.com\/wp-content\/uploads\/2022\/03\/cropped-logo-pma-web.png\",\"contentUrl\":\"https:\/\/provence-materiaux-anciens.com\/wp-content\/uploads\/2022\/03\/cropped-logo-pma-web.png\",\"width\":650,\"height\":434,\"caption\":\"Provence Mat\u00e9riaux Anciens\"},\"image\":{\"@id\":\"https:\/\/provence-materiaux-anciens.com\/#\/schema\/logo\/image\/\"},\"sameAs\":[\"https:\/\/www.facebook.com\/provencemateriauxanciens\",\"https:\/\/www.instagram.com\/provencemateriauxanciens\/\",\"https:\/\/www.pinterest.fr\/provencemateriauxanciens\/\"]}]}<\/script>\n<!-- \/ Yoast SEO Premium plugin. -->","yoast_head_json":{"title":"Antique fir beams - Provence Mat\u00e9riaux Anciens","description":"Discover our antique fir beams, available in large quantities: high-quality salvaged beams for your wooden structures.","robots":{"index":"index","follow":"follow","max-snippet":"max-snippet:-1","max-image-preview":"max-image-preview:large","max-video-preview":"max-video-preview:-1"},"canonical":"https:\/\/provence-materiaux-anciens.com\/en\/product\/antique-wood-frame\/antique-fir-frames\/antique-fir-beams\/","og_locale":"en_US","og_type":"article","og_title":"Poutres anciennes sapin","og_description":"D\u00e9couvrez nos poutres anciennes en sapin disponibles en grande quantit\u00e9 : des poutres de r\u00e9cup\u00e9ration de grande qualit\u00e9 pour vos charpentes en bois","og_url":"https:\/\/provence-materiaux-anciens.com\/en\/product\/antique-wood-frame\/antique-fir-frames\/antique-fir-beams\/","og_site_name":"Provence Mat\u00e9riaux Anciens","article_publisher":"https:\/\/www.facebook.com\/provencemateriauxanciens","article_modified_time":"2025-04-22T10:08:38+00:00","og_image":[{"width":700,"height":700,"url":"https:\/\/provence-materiaux-anciens.com\/wp-content\/uploads\/2022\/12\/poutres-anciennes-sapin03.jpg","type":"image\/jpeg"}],"twitter_card":"summary_large_image","twitter_misc":{"Est. reading time":"2 minutes"},"schema":{"@context":"https:\/\/schema.org","@graph":[{"@type":"WebPage","@id":"https:\/\/provence-materiaux-anciens.com\/produit\/charpente-vieux-bois\/charpentes-sapin-ancien\/poutres-anciennes-sapin\/","url":"https:\/\/provence-materiaux-anciens.com\/produit\/charpente-vieux-bois\/charpentes-sapin-ancien\/poutres-anciennes-sapin\/","name":"Antique fir beams - Provence Mat\u00e9riaux Anciens","isPartOf":{"@id":"https:\/\/provence-materiaux-anciens.com\/#website"},"primaryImageOfPage":{"@id":"https:\/\/provence-materiaux-anciens.com\/produit\/charpente-vieux-bois\/charpentes-sapin-ancien\/poutres-anciennes-sapin\/#primaryimage"},"image":{"@id":"https:\/\/provence-materiaux-anciens.com\/produit\/charpente-vieux-bois\/charpentes-sapin-ancien\/poutres-anciennes-sapin\/#primaryimage"},"thumbnailUrl":"https:\/\/provence-materiaux-anciens.com\/wp-content\/uploads\/2022\/12\/poutres-anciennes-sapin03.jpg","datePublished":"2022-12-02T18:51:44+00:00","dateModified":"2025-04-22T10:08:38+00:00","description":"Discover our antique fir beams, available in large quantities: high-quality salvaged beams for your wooden structures.","breadcrumb":{"@id":"https:\/\/provence-materiaux-anciens.com\/produit\/charpente-vieux-bois\/charpentes-sapin-ancien\/poutres-anciennes-sapin\/#breadcrumb"},"inLanguage":"en-US","potentialAction":[{"@type":"ReadAction","target":["https:\/\/provence-materiaux-anciens.com\/produit\/charpente-vieux-bois\/charpentes-sapin-ancien\/poutres-anciennes-sapin\/"]}]},{"@type":"ImageObject","inLanguage":"en-US","@id":"https:\/\/provence-materiaux-anciens.com\/produit\/charpente-vieux-bois\/charpentes-sapin-ancien\/poutres-anciennes-sapin\/#primaryimage","url":"https:\/\/provence-materiaux-anciens.com\/wp-content\/uploads\/2022\/12\/poutres-anciennes-sapin03.jpg","contentUrl":"https:\/\/provence-materiaux-anciens.com\/wp-content\/uploads\/2022\/12\/poutres-anciennes-sapin03.jpg","width":700,"height":700,"caption":"poutres-anciennes-sapin03"},{"@type":"BreadcrumbList","@id":"https:\/\/provence-materiaux-anciens.com\/produit\/charpente-vieux-bois\/charpentes-sapin-ancien\/poutres-anciennes-sapin\/#breadcrumb","itemListElement":[{"@type":"ListItem","position":1,"name":"Accueil","item":"https:\/\/provence-materiaux-anciens.com\/fr\/"},{"@type":"ListItem","position":2,"name":"Produits","item":"https:\/\/provence-materiaux-anciens.com\/produit\/"},{"@type":"ListItem","position":3,"name":"Poutres anciennes sapin"}]},{"@type":"WebSite","@id":"https:\/\/provence-materiaux-anciens.com\/#website","url":"https:\/\/provence-materiaux-anciens.com\/","name":"Provence Mat\u00e9riaux Anciens","description":"Purchase and sale of old building materials, beams, tiles, floors, frameworks, paving, terracotta.","publisher":{"@id":"https:\/\/provence-materiaux-anciens.com\/#organization"},"potentialAction":[{"@type":"SearchAction","target":{"@type":"EntryPoint","urlTemplate":"https:\/\/provence-materiaux-anciens.com\/?s={search_term_string}"},"query-input":{"@type":"PropertyValueSpecification","valueRequired":true,"valueName":"search_term_string"}}],"inLanguage":"en-US"},{"@type":"Organization","@id":"https:\/\/provence-materiaux-anciens.com\/#organization","name":"Provence Mat\u00e9riaux Anciens","url":"https:\/\/provence-materiaux-anciens.com\/","logo":{"@type":"ImageObject","inLanguage":"en-US","@id":"https:\/\/provence-materiaux-anciens.com\/#\/schema\/logo\/image\/","url":"https:\/\/provence-materiaux-anciens.com\/wp-content\/uploads\/2022\/03\/cropped-logo-pma-web.png","contentUrl":"https:\/\/provence-materiaux-anciens.com\/wp-content\/uploads\/2022\/03\/cropped-logo-pma-web.png","width":650,"height":434,"caption":"Provence Mat\u00e9riaux Anciens"},"image":{"@id":"https:\/\/provence-materiaux-anciens.com\/#\/schema\/logo\/image\/"},"sameAs":["https:\/\/www.facebook.com\/provencemateriauxanciens","https:\/\/www.instagram.com\/provencemateriauxanciens\/","https:\/\/www.pinterest.fr\/provencemateriauxanciens\/"]}]}},"_links":{"self":[{"href":"https:\/\/provence-materiaux-anciens.com\/en\/wp-json\/wp\/v2\/product\/1107","targetHints":{"allow":["GET"]}}],"collection":[{"href":"https:\/\/provence-materiaux-anciens.com\/en\/wp-json\/wp\/v2\/product"}],"about":[{"href":"https:\/\/provence-materiaux-anciens.com\/en\/wp-json\/wp\/v2\/types\/product"}],"wp:featuredmedia":[{"embeddable":true,"href":"https:\/\/provence-materiaux-anciens.com\/en\/wp-json\/wp\/v2\/media\/1715"}],"wp:attachment":[{"href":"https:\/\/provence-materiaux-anciens.com\/en\/wp-json\/wp\/v2\/media?parent=1107"}],"wp:term":[{"taxonomy":"product_brand","embeddable":true,"href":"https:\/\/provence-materiaux-anciens.com\/en\/wp-json\/wp\/v2\/product_brand?post=1107"},{"taxonomy":"product_cat","embeddable":true,"href":"https:\/\/provence-materiaux-anciens.com\/en\/wp-json\/wp\/v2\/product_cat?post=1107"},{"taxonomy":"product_tag","embeddable":true,"href":"https:\/\/provence-materiaux-anciens.com\/en\/wp-json\/wp\/v2\/product_tag?post=1107"}],"curies":[{"name":"wp","href":"https:\/\/api.w.org\/{rel}","templated":true}]}}