{"id":1108,"date":"2022-12-02T18:51:44","date_gmt":"2022-12-02T18:51:44","guid":{"rendered":"https:\/\/provence-materiaux-anciens.com\/?post_type=product&#038;p=1108"},"modified":"2024-06-14T11:41:11","modified_gmt":"2024-06-14T11:41:11","slug":"old-oak-beams","status":"publish","type":"product","link":"https:\/\/provence-materiaux-anciens.com\/en\/product\/antique-wood-frame\/antique-oak-frames\/old-oak-beams\/","title":{"rendered":"Reclaimed French Oak Beams"},"content":{"rendered":"<h3>The beauty and strength of Old Oak Reclaimed Beams<\/h3>\n<p>Immerse yourself in authenticity and history with our antique oak reclaimed beams. These pieces of wood embody both natural beauty and incomparable solidity. Witnesses to the time and craftsmanship of yesteryear, they are carefully selected for their uniqueness and exceptional quality, making them the elements of choice for your home. <strong>traditional timber frame construction<\/strong>.<\/p>\n<h3>Durability and Reliability<\/h3>\n<p>In addition to its incomparable aesthetics, <strong>old oak beams offer unrivalled durability and reliability<\/strong>. Thanks to its density and tight structure, this wood is capable of supporting heavy loads while resisting the elements and the passage of time. Whether to support a roof, create a structure for a pool house or a pergola, reclaimed old oak beams are a trusted choice for any construction project.<\/p>\n<h3>Recovering old materials: a contribution to ecology<\/h3>\n<p>Recovering old beams not only preserves our heritage, it also gives materials a second life. By reusing these beams, <strong>we help reduce our ecological footprint by avoiding the felling of additional trees<\/strong> and minimizing waste production. It's also a way of paying tribute to the history and skills of craftsmen of yesteryear, while creating timeless, sustainable spaces for future generations.<\/p>\n<h3>A traditional timber frame made to measure with antique beams<\/h3>\n<p>Whether you plan to <strong>build a <a href=\"https:\/\/provence-materiaux-anciens.com\/en\/product-category\/antique-wood-frame\/\" target=\"\" rel=\"noopener\">traditional framework<\/a> <\/strong>for your home, a garden shed or a structure for your business, our old oak beams offer an elegant, solid and environmentally-friendly solution. Let yourself be seduced by their natural beauty and unique character, and bring your most ambitious projects to life with the living heritage of old oak.<\/p>","protected":false},"excerpt":{"rendered":"<h2><strong>Ref: <\/strong>Reclaimed Oak Rafter  (Pou01)<\/h2>\n<p>We have a large permanent stock of reclaimed oak beams and rafters from old buildings. <strong>We clean and treat Reclaimed Oak Rafter  in our workshops.<\/strong> Our old reclaimed beams can be used to build traditional frameworks. Our carpenters will adapt to your requirements for any old oak beam structure project.<\/p>\n<p>We also develop <a href=\"https:\/\/provence-materiaux-anciens.com\/en\/product\/antique-wood-frame\/antique-oak-frames\/old-oak-frame\/\" target=\"\" rel=\"noopener\">frames <\/a><a href=\"https:\/\/provence-materiaux-anciens.com\/en\/product\/antique-wood-frame\/antique-oak-frames\/old-oak-frame\/\" target=\"\" rel=\"noopener\">at<\/a> <a href=\"https:\/\/provence-materiaux-anciens.com\/en\/product\/antique-wood-frame\/antique-oak-frames\/old-oak-frame\/\" target=\"\" rel=\"noopener\">oak<\/a> made-to-measure.<\/p>\n<p>Oak beams are characterized by irregularities. If you're looking for straight wooden beams, we recommend you opt for <a href=\"https:\/\/provence-materiaux-anciens.com\/en\/product\/antique-wood-frame\/antique-fir-frames\/antique-fir-beams\/\" target=\"\" rel=\"noopener\">fir beams<\/a>.<\/p>\n<p><strong>DIMENSIONS :<\/strong> variable<\/p>","protected":false},"featured_media":2511,"template":"","meta":{"_monsterinsights_skip_tracking":false,"_monsterinsights_sitenote_active":false,"_monsterinsights_sitenote_note":"","_monsterinsights_sitenote_category":0},"product_brand":[],"product_cat":[56],"product_tag":[],"class_list":{"0":"post-1108","1":"product","2":"type-product","3":"status-publish","4":"has-post-thumbnail","6":"product_cat-charpentes-vieux-chene","8":"first","9":"instock","10":"shipping-taxable","11":"product-type-simple"},"yoast_head":"<!-- This site is optimized with the Yoast SEO Premium plugin v22.1 (Yoast SEO v24.6) - https:\/\/yoast.com\/wordpress\/plugins\/seo\/ -->\n<title>Poutres anciennes de r\u00e9cup\u00e9ration vieux ch\u00eane - PMA<\/title>\n<meta name=\"description\" content=\"Nous proposons des poutres anciennes de r\u00e9cup\u00e9ration en vieux ch\u00eane pour votre charpente traditionnelle en bois. Nous vous accompagnons sur votre projet\" \/>\n<meta name=\"robots\" content=\"index, follow, max-snippet:-1, max-image-preview:large, max-video-preview:-1\" \/>\n<link rel=\"canonical\" href=\"https:\/\/provence-materiaux-anciens.com\/en\/product\/antique-wood-frame\/antique-oak-frames\/old-oak-beams\/\" \/>\n<meta property=\"og:locale\" content=\"en_US\" \/>\n<meta property=\"og:type\" content=\"article\" \/>\n<meta property=\"og:title\" content=\"Poutres vieux bois ch\u00eane\" \/>\n<meta property=\"og:description\" content=\"Nous proposons des poutres anciennes de r\u00e9cup\u00e9ration en vieux ch\u00eane pour votre charpente traditionnelle en bois. Nous vous accompagnons sur votre projet\" \/>\n<meta property=\"og:url\" content=\"https:\/\/provence-materiaux-anciens.com\/en\/product\/antique-wood-frame\/antique-oak-frames\/old-oak-beams\/\" \/>\n<meta property=\"og:site_name\" content=\"Provence Mat\u00e9riaux Anciens\" \/>\n<meta property=\"article:publisher\" content=\"https:\/\/www.facebook.com\/provencemateriauxanciens\" \/>\n<meta property=\"article:modified_time\" content=\"2024-06-14T11:41:11+00:00\" \/>\n<meta property=\"og:image\" content=\"https:\/\/provence-materiaux-anciens.com\/wp-content\/uploads\/2022\/12\/001487.jpg\" \/>\n\t<meta property=\"og:image:width\" content=\"2240\" \/>\n\t<meta property=\"og:image:height\" content=\"1344\" \/>\n\t<meta property=\"og:image:type\" content=\"image\/jpeg\" \/>\n<meta name=\"twitter:card\" content=\"summary_large_image\" \/>\n<meta name=\"twitter:label1\" content=\"Est. reading time\" \/>\n\t<meta name=\"twitter:data1\" content=\"2 minutes\" \/>\n<script type=\"application\/ld+json\" class=\"yoast-schema-graph\">{\"@context\":\"https:\/\/schema.org\",\"@graph\":[{\"@type\":\"WebPage\",\"@id\":\"https:\/\/provence-materiaux-anciens.com\/produit\/charpente-vieux-bois\/charpentes-vieux-chene\/poutres-vieux-bois-chene\/\",\"url\":\"https:\/\/provence-materiaux-anciens.com\/produit\/charpente-vieux-bois\/charpentes-vieux-chene\/poutres-vieux-bois-chene\/\",\"name\":\"Poutres anciennes de r\u00e9cup\u00e9ration vieux ch\u00eane - PMA\",\"isPartOf\":{\"@id\":\"https:\/\/provence-materiaux-anciens.com\/#website\"},\"primaryImageOfPage\":{\"@id\":\"https:\/\/provence-materiaux-anciens.com\/produit\/charpente-vieux-bois\/charpentes-vieux-chene\/poutres-vieux-bois-chene\/#primaryimage\"},\"image\":{\"@id\":\"https:\/\/provence-materiaux-anciens.com\/produit\/charpente-vieux-bois\/charpentes-vieux-chene\/poutres-vieux-bois-chene\/#primaryimage\"},\"thumbnailUrl\":\"https:\/\/provence-materiaux-anciens.com\/wp-content\/uploads\/2022\/12\/001487.jpg\",\"datePublished\":\"2022-12-02T18:51:44+00:00\",\"dateModified\":\"2024-06-14T11:41:11+00:00\",\"description\":\"Nous proposons des poutres anciennes de r\u00e9cup\u00e9ration en vieux ch\u00eane pour votre charpente traditionnelle en bois. Nous vous accompagnons sur votre projet\",\"breadcrumb\":{\"@id\":\"https:\/\/provence-materiaux-anciens.com\/produit\/charpente-vieux-bois\/charpentes-vieux-chene\/poutres-vieux-bois-chene\/#breadcrumb\"},\"inLanguage\":\"en-US\",\"potentialAction\":[{\"@type\":\"ReadAction\",\"target\":[\"https:\/\/provence-materiaux-anciens.com\/produit\/charpente-vieux-bois\/charpentes-vieux-chene\/poutres-vieux-bois-chene\/\"]}]},{\"@type\":\"ImageObject\",\"inLanguage\":\"en-US\",\"@id\":\"https:\/\/provence-materiaux-anciens.com\/produit\/charpente-vieux-bois\/charpentes-vieux-chene\/poutres-vieux-bois-chene\/#primaryimage\",\"url\":\"https:\/\/provence-materiaux-anciens.com\/wp-content\/uploads\/2022\/12\/001487.jpg\",\"contentUrl\":\"https:\/\/provence-materiaux-anciens.com\/wp-content\/uploads\/2022\/12\/001487.jpg\",\"width\":2240,\"height\":1344,\"caption\":\"poutres anciennes de r\u00e9cup\u00e9ration en vieux ch\u00eane\"},{\"@type\":\"BreadcrumbList\",\"@id\":\"https:\/\/provence-materiaux-anciens.com\/produit\/charpente-vieux-bois\/charpentes-vieux-chene\/poutres-vieux-bois-chene\/#breadcrumb\",\"itemListElement\":[{\"@type\":\"ListItem\",\"position\":1,\"name\":\"Accueil\",\"item\":\"https:\/\/provence-materiaux-anciens.com\/fr\/\"},{\"@type\":\"ListItem\",\"position\":2,\"name\":\"Produits\",\"item\":\"https:\/\/provence-materiaux-anciens.com\/produit\/\"},{\"@type\":\"ListItem\",\"position\":3,\"name\":\"Poutres vieux bois ch\u00eane\"}]},{\"@type\":\"WebSite\",\"@id\":\"https:\/\/provence-materiaux-anciens.com\/#website\",\"url\":\"https:\/\/provence-materiaux-anciens.com\/\",\"name\":\"Provence Mat\u00e9riaux Anciens\",\"description\":\"Achat et vente de mat\u00e9riaux anciens de construction, poutres, tuiles, planchers, charpentes, dallages, terres cuites.\",\"publisher\":{\"@id\":\"https:\/\/provence-materiaux-anciens.com\/#organization\"},\"potentialAction\":[{\"@type\":\"SearchAction\",\"target\":{\"@type\":\"EntryPoint\",\"urlTemplate\":\"https:\/\/provence-materiaux-anciens.com\/?s={search_term_string}\"},\"query-input\":{\"@type\":\"PropertyValueSpecification\",\"valueRequired\":true,\"valueName\":\"search_term_string\"}}],\"inLanguage\":\"en-US\"},{\"@type\":\"Organization\",\"@id\":\"https:\/\/provence-materiaux-anciens.com\/#organization\",\"name\":\"Provence Mat\u00e9riaux Anciens\",\"url\":\"https:\/\/provence-materiaux-anciens.com\/\",\"logo\":{\"@type\":\"ImageObject\",\"inLanguage\":\"en-US\",\"@id\":\"https:\/\/provence-materiaux-anciens.com\/#\/schema\/logo\/image\/\",\"url\":\"https:\/\/provence-materiaux-anciens.com\/wp-content\/uploads\/2022\/03\/cropped-logo-pma-web.png\",\"contentUrl\":\"https:\/\/provence-materiaux-anciens.com\/wp-content\/uploads\/2022\/03\/cropped-logo-pma-web.png\",\"width\":650,\"height\":434,\"caption\":\"Provence Mat\u00e9riaux Anciens\"},\"image\":{\"@id\":\"https:\/\/provence-materiaux-anciens.com\/#\/schema\/logo\/image\/\"},\"sameAs\":[\"https:\/\/www.facebook.com\/provencemateriauxanciens\",\"https:\/\/www.instagram.com\/provencemateriauxanciens\/\",\"https:\/\/www.pinterest.fr\/provencemateriauxanciens\/\"]}]}<\/script>\n<!-- \/ Yoast SEO Premium plugin. -->","yoast_head_json":{"title":"Old oak reclaimed beams - PMA","description":"We offer reclaimed old oak beams for your traditional timber frame. We can help you with your project","robots":{"index":"index","follow":"follow","max-snippet":"max-snippet:-1","max-image-preview":"max-image-preview:large","max-video-preview":"max-video-preview:-1"},"canonical":"https:\/\/provence-materiaux-anciens.com\/en\/product\/antique-wood-frame\/antique-oak-frames\/old-oak-beams\/","og_locale":"en_US","og_type":"article","og_title":"Poutres vieux bois ch\u00eane","og_description":"Nous proposons des poutres anciennes de r\u00e9cup\u00e9ration en vieux ch\u00eane pour votre charpente traditionnelle en bois. Nous vous accompagnons sur votre projet","og_url":"https:\/\/provence-materiaux-anciens.com\/en\/product\/antique-wood-frame\/antique-oak-frames\/old-oak-beams\/","og_site_name":"Provence Mat\u00e9riaux Anciens","article_publisher":"https:\/\/www.facebook.com\/provencemateriauxanciens","article_modified_time":"2024-06-14T11:41:11+00:00","og_image":[{"width":2240,"height":1344,"url":"https:\/\/provence-materiaux-anciens.com\/wp-content\/uploads\/2022\/12\/001487.jpg","type":"image\/jpeg"}],"twitter_card":"summary_large_image","twitter_misc":{"Est. reading time":"2 minutes"},"schema":{"@context":"https:\/\/schema.org","@graph":[{"@type":"WebPage","@id":"https:\/\/provence-materiaux-anciens.com\/produit\/charpente-vieux-bois\/charpentes-vieux-chene\/poutres-vieux-bois-chene\/","url":"https:\/\/provence-materiaux-anciens.com\/produit\/charpente-vieux-bois\/charpentes-vieux-chene\/poutres-vieux-bois-chene\/","name":"Old oak reclaimed beams - PMA","isPartOf":{"@id":"https:\/\/provence-materiaux-anciens.com\/#website"},"primaryImageOfPage":{"@id":"https:\/\/provence-materiaux-anciens.com\/produit\/charpente-vieux-bois\/charpentes-vieux-chene\/poutres-vieux-bois-chene\/#primaryimage"},"image":{"@id":"https:\/\/provence-materiaux-anciens.com\/produit\/charpente-vieux-bois\/charpentes-vieux-chene\/poutres-vieux-bois-chene\/#primaryimage"},"thumbnailUrl":"https:\/\/provence-materiaux-anciens.com\/wp-content\/uploads\/2022\/12\/001487.jpg","datePublished":"2022-12-02T18:51:44+00:00","dateModified":"2024-06-14T11:41:11+00:00","description":"We offer reclaimed old oak beams for your traditional timber frame. We can help you with your project","breadcrumb":{"@id":"https:\/\/provence-materiaux-anciens.com\/produit\/charpente-vieux-bois\/charpentes-vieux-chene\/poutres-vieux-bois-chene\/#breadcrumb"},"inLanguage":"en-US","potentialAction":[{"@type":"ReadAction","target":["https:\/\/provence-materiaux-anciens.com\/produit\/charpente-vieux-bois\/charpentes-vieux-chene\/poutres-vieux-bois-chene\/"]}]},{"@type":"ImageObject","inLanguage":"en-US","@id":"https:\/\/provence-materiaux-anciens.com\/produit\/charpente-vieux-bois\/charpentes-vieux-chene\/poutres-vieux-bois-chene\/#primaryimage","url":"https:\/\/provence-materiaux-anciens.com\/wp-content\/uploads\/2022\/12\/001487.jpg","contentUrl":"https:\/\/provence-materiaux-anciens.com\/wp-content\/uploads\/2022\/12\/001487.jpg","width":2240,"height":1344,"caption":"poutres anciennes de r\u00e9cup\u00e9ration en vieux ch\u00eane"},{"@type":"BreadcrumbList","@id":"https:\/\/provence-materiaux-anciens.com\/produit\/charpente-vieux-bois\/charpentes-vieux-chene\/poutres-vieux-bois-chene\/#breadcrumb","itemListElement":[{"@type":"ListItem","position":1,"name":"Accueil","item":"https:\/\/provence-materiaux-anciens.com\/fr\/"},{"@type":"ListItem","position":2,"name":"Produits","item":"https:\/\/provence-materiaux-anciens.com\/produit\/"},{"@type":"ListItem","position":3,"name":"Poutres vieux bois ch\u00eane"}]},{"@type":"WebSite","@id":"https:\/\/provence-materiaux-anciens.com\/#website","url":"https:\/\/provence-materiaux-anciens.com\/","name":"Provence Mat\u00e9riaux Anciens","description":"Purchase and sale of old building materials, beams, tiles, floors, frameworks, paving, terracotta.","publisher":{"@id":"https:\/\/provence-materiaux-anciens.com\/#organization"},"potentialAction":[{"@type":"SearchAction","target":{"@type":"EntryPoint","urlTemplate":"https:\/\/provence-materiaux-anciens.com\/?s={search_term_string}"},"query-input":{"@type":"PropertyValueSpecification","valueRequired":true,"valueName":"search_term_string"}}],"inLanguage":"en-US"},{"@type":"Organization","@id":"https:\/\/provence-materiaux-anciens.com\/#organization","name":"Provence Mat\u00e9riaux Anciens","url":"https:\/\/provence-materiaux-anciens.com\/","logo":{"@type":"ImageObject","inLanguage":"en-US","@id":"https:\/\/provence-materiaux-anciens.com\/#\/schema\/logo\/image\/","url":"https:\/\/provence-materiaux-anciens.com\/wp-content\/uploads\/2022\/03\/cropped-logo-pma-web.png","contentUrl":"https:\/\/provence-materiaux-anciens.com\/wp-content\/uploads\/2022\/03\/cropped-logo-pma-web.png","width":650,"height":434,"caption":"Provence Mat\u00e9riaux Anciens"},"image":{"@id":"https:\/\/provence-materiaux-anciens.com\/#\/schema\/logo\/image\/"},"sameAs":["https:\/\/www.facebook.com\/provencemateriauxanciens","https:\/\/www.instagram.com\/provencemateriauxanciens\/","https:\/\/www.pinterest.fr\/provencemateriauxanciens\/"]}]}},"_links":{"self":[{"href":"https:\/\/provence-materiaux-anciens.com\/en\/wp-json\/wp\/v2\/product\/1108","targetHints":{"allow":["GET"]}}],"collection":[{"href":"https:\/\/provence-materiaux-anciens.com\/en\/wp-json\/wp\/v2\/product"}],"about":[{"href":"https:\/\/provence-materiaux-anciens.com\/en\/wp-json\/wp\/v2\/types\/product"}],"wp:featuredmedia":[{"embeddable":true,"href":"https:\/\/provence-materiaux-anciens.com\/en\/wp-json\/wp\/v2\/media\/2511"}],"wp:attachment":[{"href":"https:\/\/provence-materiaux-anciens.com\/en\/wp-json\/wp\/v2\/media?parent=1108"}],"wp:term":[{"taxonomy":"product_brand","embeddable":true,"href":"https:\/\/provence-materiaux-anciens.com\/en\/wp-json\/wp\/v2\/product_brand?post=1108"},{"taxonomy":"product_cat","embeddable":true,"href":"https:\/\/provence-materiaux-anciens.com\/en\/wp-json\/wp\/v2\/product_cat?post=1108"},{"taxonomy":"product_tag","embeddable":true,"href":"https:\/\/provence-materiaux-anciens.com\/en\/wp-json\/wp\/v2\/product_tag?post=1108"}],"curies":[{"name":"wp","href":"https:\/\/api.w.org\/{rel}","templated":true}]}}