{"id":1115,"date":"2022-12-02T18:51:44","date_gmt":"2022-12-02T18:51:44","guid":{"rendered":"https:\/\/provence-materiaux-anciens.com\/?post_type=product&#038;p=1115"},"modified":"2024-03-06T08:56:45","modified_gmt":"2024-03-06T08:56:45","slug":"old-provencal-canal-tiles","status":"publish","type":"product","link":"https:\/\/provence-materiaux-anciens.com\/en\/product\/antique-tiles\/old-provencal-canal-tiles\/","title":{"rendered":"Antique Roof Tiles From France"},"content":{"rendered":"","protected":false},"excerpt":{"rendered":"<h2><strong>Ref: <\/strong>Old Provencal canal tiles (tui01)<\/h2>\n<p>Antique roof tiles from France in large quantities. Old tiles recovered mainly in Provence and Languedoc-Roussillon. The color of old terracotta canal tiles varies from batch to batch, remaining in light pink-beige tones. In Provence, the tiles used go by several names: canal, which is the main designation, round, hollow or Roman tile. Imported by the Greeks from the Orient, they were later adopted by the Romans, from whom the current shape was inspired. Legend has it that, in the past, salvaged tiles were molded from the potter's thigh, giving them a narrow shape around the knee and a wider one around the groin.<\/p>\n<p>Discover our <a href=\"https:\/\/provence-materiaux-anciens.com\/en\/product\/antique-tiles\/antique-red-canal-tile\/\">old red canals tiles<\/a><\/p>\n<p><strong>LENGTH : <\/strong>about 47cm<\/p>\n<p><strong>WIDTH : <\/strong>about 22cm<\/p>\n<p><strong>AVAILABILITY :<\/strong> constant<\/p>","protected":false},"featured_media":3843,"template":"","meta":{"_monsterinsights_skip_tracking":false,"_monsterinsights_sitenote_active":false,"_monsterinsights_sitenote_note":"","_monsterinsights_sitenote_category":0},"product_brand":[],"product_cat":[59],"product_tag":[],"class_list":{"0":"post-1115","1":"product","2":"type-product","3":"status-publish","4":"has-post-thumbnail","6":"product_cat-tuiles-anciennes","8":"first","9":"instock","10":"shipping-taxable","11":"product-type-simple"},"yoast_head":"<!-- This site is optimized with the Yoast SEO Premium plugin v22.1 (Yoast SEO v24.6) - https:\/\/yoast.com\/wordpress\/plugins\/seo\/ -->\n<title>Vieilles tuiles canal proven\u00e7ale - Provence Mat\u00e9riaux Anciens<\/title>\n<meta name=\"robots\" content=\"index, follow, max-snippet:-1, max-image-preview:large, max-video-preview:-1\" \/>\n<link rel=\"canonical\" href=\"https:\/\/provence-materiaux-anciens.com\/en\/product\/antique-tiles\/old-provencal-canal-tiles\/\" \/>\n<meta property=\"og:locale\" content=\"en_US\" \/>\n<meta property=\"og:type\" content=\"article\" \/>\n<meta property=\"og:title\" content=\"Vieilles tuiles canal proven\u00e7ale\" \/>\n<meta property=\"og:description\" content=\"Ref: Vieilles tuiles canal proven\u00e7ale (tui01) Vieilles tuiles canal Proven\u00e7ale en grandes quantit\u00e9s. Tuiles anciennes r\u00e9cup\u00e9r\u00e9es en Provence principalement et dans le Languedoc-Roussillon. La couleur des tuiles anciennes canal en terre cuite varient d&#039;un lot \u00e0 l&#039;autre en restant dans des tons rose-beige clairs. En Provence, les tuiles utilis\u00e9es portent plusieurs noms : canal qui est la principale appellation, ronde, creuse ou tuile romane. Import\u00e9es par les Grecs en provenance de l\u2019Orient, elles sont ensuite reprises par les Romains, dont la forme actuelle s\u2019inspire. La l\u00e9gende veut que, par le pass\u00e9, les tuiles de r\u00e9cup\u00e9ration aient \u00e9t\u00e9 moul\u00e9es \u00e0 m\u00eame la cuisse du potier, d\u2019o\u00f9 cette forme \u00e9troite vers le genou et \u00e9largie vers l\u2019aine.  Decouvrez nos tuiles canals anciennes rouges  LONGUEUR : environ 47cm  LARGEUR : environ 22cm  DISPONIBILIT\u00c9 : constante\" \/>\n<meta property=\"og:url\" content=\"https:\/\/provence-materiaux-anciens.com\/en\/product\/antique-tiles\/old-provencal-canal-tiles\/\" \/>\n<meta property=\"og:site_name\" content=\"Provence Mat\u00e9riaux Anciens\" \/>\n<meta property=\"article:publisher\" content=\"https:\/\/www.facebook.com\/provencemateriauxanciens\" \/>\n<meta property=\"article:modified_time\" content=\"2024-03-06T08:56:45+00:00\" \/>\n<meta property=\"og:image\" content=\"https:\/\/provence-materiaux-anciens.com\/wp-content\/uploads\/2022\/12\/vieilles-tuiles-provencales-02.jpg\" \/>\n\t<meta property=\"og:image:width\" content=\"1080\" \/>\n\t<meta property=\"og:image:height\" content=\"1080\" \/>\n\t<meta property=\"og:image:type\" content=\"image\/jpeg\" \/>\n<meta name=\"twitter:card\" content=\"summary_large_image\" \/>\n<script type=\"application\/ld+json\" class=\"yoast-schema-graph\">{\"@context\":\"https:\/\/schema.org\",\"@graph\":[{\"@type\":\"WebPage\",\"@id\":\"https:\/\/provence-materiaux-anciens.com\/en\/product\/antique-tiles\/vieilles-tuiles-canal-provencale\/\",\"url\":\"https:\/\/provence-materiaux-anciens.com\/en\/product\/antique-tiles\/vieilles-tuiles-canal-provencale\/\",\"name\":\"Vieilles tuiles canal proven\u00e7ale - Provence Mat\u00e9riaux Anciens\",\"isPartOf\":{\"@id\":\"https:\/\/provence-materiaux-anciens.com\/#website\"},\"primaryImageOfPage\":{\"@id\":\"https:\/\/provence-materiaux-anciens.com\/en\/product\/antique-tiles\/vieilles-tuiles-canal-provencale\/#primaryimage\"},\"image\":{\"@id\":\"https:\/\/provence-materiaux-anciens.com\/en\/product\/antique-tiles\/vieilles-tuiles-canal-provencale\/#primaryimage\"},\"thumbnailUrl\":\"https:\/\/provence-materiaux-anciens.com\/wp-content\/uploads\/2022\/12\/vieilles-tuiles-provencales-02.jpg\",\"datePublished\":\"2022-12-02T18:51:44+00:00\",\"dateModified\":\"2024-03-06T08:56:45+00:00\",\"breadcrumb\":{\"@id\":\"https:\/\/provence-materiaux-anciens.com\/en\/product\/antique-tiles\/vieilles-tuiles-canal-provencale\/#breadcrumb\"},\"inLanguage\":\"en-US\",\"potentialAction\":[{\"@type\":\"ReadAction\",\"target\":[\"https:\/\/provence-materiaux-anciens.com\/en\/product\/antique-tiles\/vieilles-tuiles-canal-provencale\/\"]}]},{\"@type\":\"ImageObject\",\"inLanguage\":\"en-US\",\"@id\":\"https:\/\/provence-materiaux-anciens.com\/en\/product\/antique-tiles\/vieilles-tuiles-canal-provencale\/#primaryimage\",\"url\":\"https:\/\/provence-materiaux-anciens.com\/wp-content\/uploads\/2022\/12\/vieilles-tuiles-provencales-02.jpg\",\"contentUrl\":\"https:\/\/provence-materiaux-anciens.com\/wp-content\/uploads\/2022\/12\/vieilles-tuiles-provencales-02.jpg\",\"width\":1080,\"height\":1080,\"caption\":\"vieilles tuiles canal provencales\"},{\"@type\":\"BreadcrumbList\",\"@id\":\"https:\/\/provence-materiaux-anciens.com\/en\/product\/antique-tiles\/vieilles-tuiles-canal-provencale\/#breadcrumb\",\"itemListElement\":[{\"@type\":\"ListItem\",\"position\":1,\"name\":\"Accueil\",\"item\":\"https:\/\/provence-materiaux-anciens.com\/fr\/\"},{\"@type\":\"ListItem\",\"position\":2,\"name\":\"Produits\",\"item\":\"https:\/\/provence-materiaux-anciens.com\/produit\/\"},{\"@type\":\"ListItem\",\"position\":3,\"name\":\"Vieilles tuiles canal proven\u00e7ale\"}]},{\"@type\":\"WebSite\",\"@id\":\"https:\/\/provence-materiaux-anciens.com\/#website\",\"url\":\"https:\/\/provence-materiaux-anciens.com\/\",\"name\":\"Provence Mat\u00e9riaux Anciens\",\"description\":\"Achat et vente de mat\u00e9riaux anciens de construction, poutres, tuiles, planchers, charpentes, dallages, terres cuites.\",\"publisher\":{\"@id\":\"https:\/\/provence-materiaux-anciens.com\/#organization\"},\"potentialAction\":[{\"@type\":\"SearchAction\",\"target\":{\"@type\":\"EntryPoint\",\"urlTemplate\":\"https:\/\/provence-materiaux-anciens.com\/?s={search_term_string}\"},\"query-input\":{\"@type\":\"PropertyValueSpecification\",\"valueRequired\":true,\"valueName\":\"search_term_string\"}}],\"inLanguage\":\"en-US\"},{\"@type\":\"Organization\",\"@id\":\"https:\/\/provence-materiaux-anciens.com\/#organization\",\"name\":\"Provence Mat\u00e9riaux Anciens\",\"url\":\"https:\/\/provence-materiaux-anciens.com\/\",\"logo\":{\"@type\":\"ImageObject\",\"inLanguage\":\"en-US\",\"@id\":\"https:\/\/provence-materiaux-anciens.com\/#\/schema\/logo\/image\/\",\"url\":\"https:\/\/provence-materiaux-anciens.com\/wp-content\/uploads\/2022\/03\/cropped-logo-pma-web.png\",\"contentUrl\":\"https:\/\/provence-materiaux-anciens.com\/wp-content\/uploads\/2022\/03\/cropped-logo-pma-web.png\",\"width\":650,\"height\":434,\"caption\":\"Provence Mat\u00e9riaux Anciens\"},\"image\":{\"@id\":\"https:\/\/provence-materiaux-anciens.com\/#\/schema\/logo\/image\/\"},\"sameAs\":[\"https:\/\/www.facebook.com\/provencemateriauxanciens\",\"https:\/\/www.instagram.com\/provencemateriauxanciens\/\",\"https:\/\/www.pinterest.fr\/provencemateriauxanciens\/\"]}]}<\/script>\n<!-- \/ Yoast SEO Premium plugin. -->","yoast_head_json":{"title":"Old Provencal canal tiles - Provence Mat\u00e9riaux Anciens","robots":{"index":"index","follow":"follow","max-snippet":"max-snippet:-1","max-image-preview":"max-image-preview:large","max-video-preview":"max-video-preview:-1"},"canonical":"https:\/\/provence-materiaux-anciens.com\/en\/product\/antique-tiles\/old-provencal-canal-tiles\/","og_locale":"en_US","og_type":"article","og_title":"Vieilles tuiles canal proven\u00e7ale","og_description":"Ref: Vieilles tuiles canal proven\u00e7ale (tui01) Vieilles tuiles canal Proven\u00e7ale en grandes quantit\u00e9s. Tuiles anciennes r\u00e9cup\u00e9r\u00e9es en Provence principalement et dans le Languedoc-Roussillon. La couleur des tuiles anciennes canal en terre cuite varient d'un lot \u00e0 l'autre en restant dans des tons rose-beige clairs. En Provence, les tuiles utilis\u00e9es portent plusieurs noms : canal qui est la principale appellation, ronde, creuse ou tuile romane. Import\u00e9es par les Grecs en provenance de l\u2019Orient, elles sont ensuite reprises par les Romains, dont la forme actuelle s\u2019inspire. La l\u00e9gende veut que, par le pass\u00e9, les tuiles de r\u00e9cup\u00e9ration aient \u00e9t\u00e9 moul\u00e9es \u00e0 m\u00eame la cuisse du potier, d\u2019o\u00f9 cette forme \u00e9troite vers le genou et \u00e9largie vers l\u2019aine.  Decouvrez nos tuiles canals anciennes rouges  LONGUEUR : environ 47cm  LARGEUR : environ 22cm  DISPONIBILIT\u00c9 : constante","og_url":"https:\/\/provence-materiaux-anciens.com\/en\/product\/antique-tiles\/old-provencal-canal-tiles\/","og_site_name":"Provence Mat\u00e9riaux Anciens","article_publisher":"https:\/\/www.facebook.com\/provencemateriauxanciens","article_modified_time":"2024-03-06T08:56:45+00:00","og_image":[{"width":1080,"height":1080,"url":"https:\/\/provence-materiaux-anciens.com\/wp-content\/uploads\/2022\/12\/vieilles-tuiles-provencales-02.jpg","type":"image\/jpeg"}],"twitter_card":"summary_large_image","schema":{"@context":"https:\/\/schema.org","@graph":[{"@type":"WebPage","@id":"https:\/\/provence-materiaux-anciens.com\/en\/product\/antique-tiles\/vieilles-tuiles-canal-provencale\/","url":"https:\/\/provence-materiaux-anciens.com\/en\/product\/antique-tiles\/vieilles-tuiles-canal-provencale\/","name":"Old Provencal canal tiles - Provence Mat\u00e9riaux Anciens","isPartOf":{"@id":"https:\/\/provence-materiaux-anciens.com\/#website"},"primaryImageOfPage":{"@id":"https:\/\/provence-materiaux-anciens.com\/en\/product\/antique-tiles\/vieilles-tuiles-canal-provencale\/#primaryimage"},"image":{"@id":"https:\/\/provence-materiaux-anciens.com\/en\/product\/antique-tiles\/vieilles-tuiles-canal-provencale\/#primaryimage"},"thumbnailUrl":"https:\/\/provence-materiaux-anciens.com\/wp-content\/uploads\/2022\/12\/vieilles-tuiles-provencales-02.jpg","datePublished":"2022-12-02T18:51:44+00:00","dateModified":"2024-03-06T08:56:45+00:00","breadcrumb":{"@id":"https:\/\/provence-materiaux-anciens.com\/en\/product\/antique-tiles\/vieilles-tuiles-canal-provencale\/#breadcrumb"},"inLanguage":"en-US","potentialAction":[{"@type":"ReadAction","target":["https:\/\/provence-materiaux-anciens.com\/en\/product\/antique-tiles\/vieilles-tuiles-canal-provencale\/"]}]},{"@type":"ImageObject","inLanguage":"en-US","@id":"https:\/\/provence-materiaux-anciens.com\/en\/product\/antique-tiles\/vieilles-tuiles-canal-provencale\/#primaryimage","url":"https:\/\/provence-materiaux-anciens.com\/wp-content\/uploads\/2022\/12\/vieilles-tuiles-provencales-02.jpg","contentUrl":"https:\/\/provence-materiaux-anciens.com\/wp-content\/uploads\/2022\/12\/vieilles-tuiles-provencales-02.jpg","width":1080,"height":1080,"caption":"vieilles tuiles canal provencales"},{"@type":"BreadcrumbList","@id":"https:\/\/provence-materiaux-anciens.com\/en\/product\/antique-tiles\/vieilles-tuiles-canal-provencale\/#breadcrumb","itemListElement":[{"@type":"ListItem","position":1,"name":"Accueil","item":"https:\/\/provence-materiaux-anciens.com\/fr\/"},{"@type":"ListItem","position":2,"name":"Produits","item":"https:\/\/provence-materiaux-anciens.com\/produit\/"},{"@type":"ListItem","position":3,"name":"Vieilles tuiles canal proven\u00e7ale"}]},{"@type":"WebSite","@id":"https:\/\/provence-materiaux-anciens.com\/#website","url":"https:\/\/provence-materiaux-anciens.com\/","name":"Provence Mat\u00e9riaux Anciens","description":"Purchase and sale of old building materials, beams, tiles, floors, frameworks, paving, terracotta.","publisher":{"@id":"https:\/\/provence-materiaux-anciens.com\/#organization"},"potentialAction":[{"@type":"SearchAction","target":{"@type":"EntryPoint","urlTemplate":"https:\/\/provence-materiaux-anciens.com\/?s={search_term_string}"},"query-input":{"@type":"PropertyValueSpecification","valueRequired":true,"valueName":"search_term_string"}}],"inLanguage":"en-US"},{"@type":"Organization","@id":"https:\/\/provence-materiaux-anciens.com\/#organization","name":"Provence Mat\u00e9riaux Anciens","url":"https:\/\/provence-materiaux-anciens.com\/","logo":{"@type":"ImageObject","inLanguage":"en-US","@id":"https:\/\/provence-materiaux-anciens.com\/#\/schema\/logo\/image\/","url":"https:\/\/provence-materiaux-anciens.com\/wp-content\/uploads\/2022\/03\/cropped-logo-pma-web.png","contentUrl":"https:\/\/provence-materiaux-anciens.com\/wp-content\/uploads\/2022\/03\/cropped-logo-pma-web.png","width":650,"height":434,"caption":"Provence Mat\u00e9riaux Anciens"},"image":{"@id":"https:\/\/provence-materiaux-anciens.com\/#\/schema\/logo\/image\/"},"sameAs":["https:\/\/www.facebook.com\/provencemateriauxanciens","https:\/\/www.instagram.com\/provencemateriauxanciens\/","https:\/\/www.pinterest.fr\/provencemateriauxanciens\/"]}]}},"_links":{"self":[{"href":"https:\/\/provence-materiaux-anciens.com\/en\/wp-json\/wp\/v2\/product\/1115","targetHints":{"allow":["GET"]}}],"collection":[{"href":"https:\/\/provence-materiaux-anciens.com\/en\/wp-json\/wp\/v2\/product"}],"about":[{"href":"https:\/\/provence-materiaux-anciens.com\/en\/wp-json\/wp\/v2\/types\/product"}],"wp:featuredmedia":[{"embeddable":true,"href":"https:\/\/provence-materiaux-anciens.com\/en\/wp-json\/wp\/v2\/media\/3843"}],"wp:attachment":[{"href":"https:\/\/provence-materiaux-anciens.com\/en\/wp-json\/wp\/v2\/media?parent=1115"}],"wp:term":[{"taxonomy":"product_brand","embeddable":true,"href":"https:\/\/provence-materiaux-anciens.com\/en\/wp-json\/wp\/v2\/product_brand?post=1115"},{"taxonomy":"product_cat","embeddable":true,"href":"https:\/\/provence-materiaux-anciens.com\/en\/wp-json\/wp\/v2\/product_cat?post=1115"},{"taxonomy":"product_tag","embeddable":true,"href":"https:\/\/provence-materiaux-anciens.com\/en\/wp-json\/wp\/v2\/product_tag?post=1115"}],"curies":[{"name":"wp","href":"https:\/\/api.w.org\/{rel}","templated":true}]}}