{"id":1117,"date":"2022-12-02T18:51:47","date_gmt":"2022-12-02T18:51:47","guid":{"rendered":"https:\/\/provence-materiaux-anciens.com\/?post_type=product&#038;p=1117"},"modified":"2024-03-06T08:56:45","modified_gmt":"2024-03-06T08:56:45","slug":"antique-flat-tiles","status":"publish","type":"product","link":"https:\/\/provence-materiaux-anciens.com\/en\/product\/antique-tiles\/antique-flat-tiles\/","title":{"rendered":"Antique French Flat Roof Tile"},"content":{"rendered":"","protected":false},"excerpt":{"rendered":"<h2>Ref: Old flat tiles (Tui02)<\/h2>\n<p>Antique flat roof tiles have reddish tones. Old flat tiles are typical of landscapes from Burgundy to Normandy, and to some extent in Quercy and B\u00e9arn. The patina and curvature of antique french flat roof tile are the result of their artisanal manufacture. Made from a variety of clays, with tones ranging from bright red to orange-yellow depending on where they were extracted, these antique french flat roof tiles were once handmade. Air-dried after removal from the mould, they were then fired in a wood-fired kiln. Depending on their location, the tiles were more or less well fired, with irregularities that have become their trademark. If you want to rediscover the charm of the roofs of yesteryear, don't hesitate to use old, recycled flat tiles.<\/p>\n<p><strong>DIMENSIONS :<\/strong> 15 x 25 cm<\/p>\n<p><strong>AVAILABILITY :<\/strong> constant<\/p>","protected":false},"featured_media":3821,"template":"","meta":{"_monsterinsights_skip_tracking":false,"_monsterinsights_sitenote_active":false,"_monsterinsights_sitenote_note":"","_monsterinsights_sitenote_category":0},"product_brand":[],"product_cat":[59],"product_tag":[],"class_list":{"0":"post-1117","1":"product","2":"type-product","3":"status-publish","4":"has-post-thumbnail","6":"product_cat-tuiles-anciennes","8":"first","9":"instock","10":"shipping-taxable","11":"product-type-simple"},"yoast_head":"<!-- This site is optimized with the Yoast SEO Premium plugin v22.1 (Yoast SEO v24.6) - https:\/\/yoast.com\/wordpress\/plugins\/seo\/ -->\n<title>Tuiles plates anciennes - Provence Mat\u00e9riaux Anciens<\/title>\n<meta name=\"robots\" content=\"index, follow, max-snippet:-1, max-image-preview:large, max-video-preview:-1\" \/>\n<link rel=\"canonical\" href=\"https:\/\/provence-materiaux-anciens.com\/en\/product\/antique-tiles\/antique-flat-tiles\/\" \/>\n<meta property=\"og:locale\" content=\"en_US\" \/>\n<meta property=\"og:type\" content=\"article\" \/>\n<meta property=\"og:title\" content=\"Tuiles plates anciennes\" \/>\n<meta property=\"og:description\" content=\"Ref: Tuiles plates anciennes (Tui02) Tuiles plates anciennes de r\u00e9cup\u00e9ration ont des tons dans les rouges. La tuile ancienne plate est typique des paysages de la Bourgogne \u00e0 la Normandie, et partiellement dans le Quercy, le B\u00e9arn. Patine et galbe des vieilles tuiles plates trouvent leur origine dans leur fabrication artisanale. Issues de diff\u00e9rentes argiles, aux tons variant du rouge vif au jaune orang\u00e9 selon les lieux d\u2019extraction, ces tuiles plates anciennes \u00e9taient autrefois fabriqu\u00e9es \u00e0 la main. S\u00e9ch\u00e9es \u00e0 l\u2019air libre apr\u00e8s d\u00e9moulage, elles \u00e9taient cuites dans un four \u00e0 bois. Selon leur emplacement, les tuiles plus ou moins bien cuites pr\u00e9sentaient des irr\u00e9gularit\u00e9s qui font aujourd\u2019hui leur succ\u00e8s. Pour retrouver le charme des toitures d\u2019antan n&#039;h\u00e9sitez pas, ce sont les tuiles plates anciennes de r\u00e9cup\u00e9ration qu&#039;il vous faut.  DIMENSIONS : 15 x 25 cm  DISPONIBILIT\u00c9 : constante\" \/>\n<meta property=\"og:url\" content=\"https:\/\/provence-materiaux-anciens.com\/en\/product\/antique-tiles\/antique-flat-tiles\/\" \/>\n<meta property=\"og:site_name\" content=\"Provence Mat\u00e9riaux Anciens\" \/>\n<meta property=\"article:publisher\" content=\"https:\/\/www.facebook.com\/provencemateriauxanciens\" \/>\n<meta property=\"article:modified_time\" content=\"2024-03-06T08:56:45+00:00\" \/>\n<meta property=\"og:image\" content=\"https:\/\/provence-materiaux-anciens.com\/wp-content\/uploads\/2022\/12\/IMG_1861.jpg\" \/>\n\t<meta property=\"og:image:width\" content=\"1200\" \/>\n\t<meta property=\"og:image:height\" content=\"900\" \/>\n\t<meta property=\"og:image:type\" content=\"image\/jpeg\" \/>\n<meta name=\"twitter:card\" content=\"summary_large_image\" \/>\n<script type=\"application\/ld+json\" class=\"yoast-schema-graph\">{\"@context\":\"https:\/\/schema.org\",\"@graph\":[{\"@type\":\"WebPage\",\"@id\":\"https:\/\/provence-materiaux-anciens.com\/fr\/produit\/tuiles-anciennes\/tuiles-plates-anciennes\/\",\"url\":\"https:\/\/provence-materiaux-anciens.com\/fr\/produit\/tuiles-anciennes\/tuiles-plates-anciennes\/\",\"name\":\"Tuiles plates anciennes - Provence Mat\u00e9riaux Anciens\",\"isPartOf\":{\"@id\":\"https:\/\/provence-materiaux-anciens.com\/#website\"},\"primaryImageOfPage\":{\"@id\":\"https:\/\/provence-materiaux-anciens.com\/fr\/produit\/tuiles-anciennes\/tuiles-plates-anciennes\/#primaryimage\"},\"image\":{\"@id\":\"https:\/\/provence-materiaux-anciens.com\/fr\/produit\/tuiles-anciennes\/tuiles-plates-anciennes\/#primaryimage\"},\"thumbnailUrl\":\"https:\/\/provence-materiaux-anciens.com\/wp-content\/uploads\/2022\/12\/IMG_1861.jpg\",\"datePublished\":\"2022-12-02T18:51:47+00:00\",\"dateModified\":\"2024-03-06T08:56:45+00:00\",\"breadcrumb\":{\"@id\":\"https:\/\/provence-materiaux-anciens.com\/fr\/produit\/tuiles-anciennes\/tuiles-plates-anciennes\/#breadcrumb\"},\"inLanguage\":\"en-US\",\"potentialAction\":[{\"@type\":\"ReadAction\",\"target\":[\"https:\/\/provence-materiaux-anciens.com\/fr\/produit\/tuiles-anciennes\/tuiles-plates-anciennes\/\"]}]},{\"@type\":\"ImageObject\",\"inLanguage\":\"en-US\",\"@id\":\"https:\/\/provence-materiaux-anciens.com\/fr\/produit\/tuiles-anciennes\/tuiles-plates-anciennes\/#primaryimage\",\"url\":\"https:\/\/provence-materiaux-anciens.com\/wp-content\/uploads\/2022\/12\/IMG_1861.jpg\",\"contentUrl\":\"https:\/\/provence-materiaux-anciens.com\/wp-content\/uploads\/2022\/12\/IMG_1861.jpg\",\"width\":1200,\"height\":900,\"caption\":\"tuiles plates anciennes\"},{\"@type\":\"BreadcrumbList\",\"@id\":\"https:\/\/provence-materiaux-anciens.com\/fr\/produit\/tuiles-anciennes\/tuiles-plates-anciennes\/#breadcrumb\",\"itemListElement\":[{\"@type\":\"ListItem\",\"position\":1,\"name\":\"Accueil\",\"item\":\"https:\/\/provence-materiaux-anciens.com\/fr\/\"},{\"@type\":\"ListItem\",\"position\":2,\"name\":\"Produits\",\"item\":\"https:\/\/provence-materiaux-anciens.com\/produit\/\"},{\"@type\":\"ListItem\",\"position\":3,\"name\":\"Tuiles plates anciennes\"}]},{\"@type\":\"WebSite\",\"@id\":\"https:\/\/provence-materiaux-anciens.com\/#website\",\"url\":\"https:\/\/provence-materiaux-anciens.com\/\",\"name\":\"Provence Mat\u00e9riaux Anciens\",\"description\":\"Achat et vente de mat\u00e9riaux anciens de construction, poutres, tuiles, planchers, charpentes, dallages, terres cuites.\",\"publisher\":{\"@id\":\"https:\/\/provence-materiaux-anciens.com\/#organization\"},\"potentialAction\":[{\"@type\":\"SearchAction\",\"target\":{\"@type\":\"EntryPoint\",\"urlTemplate\":\"https:\/\/provence-materiaux-anciens.com\/?s={search_term_string}\"},\"query-input\":{\"@type\":\"PropertyValueSpecification\",\"valueRequired\":true,\"valueName\":\"search_term_string\"}}],\"inLanguage\":\"en-US\"},{\"@type\":\"Organization\",\"@id\":\"https:\/\/provence-materiaux-anciens.com\/#organization\",\"name\":\"Provence Mat\u00e9riaux Anciens\",\"url\":\"https:\/\/provence-materiaux-anciens.com\/\",\"logo\":{\"@type\":\"ImageObject\",\"inLanguage\":\"en-US\",\"@id\":\"https:\/\/provence-materiaux-anciens.com\/#\/schema\/logo\/image\/\",\"url\":\"https:\/\/provence-materiaux-anciens.com\/wp-content\/uploads\/2022\/03\/cropped-logo-pma-web.png\",\"contentUrl\":\"https:\/\/provence-materiaux-anciens.com\/wp-content\/uploads\/2022\/03\/cropped-logo-pma-web.png\",\"width\":650,\"height\":434,\"caption\":\"Provence Mat\u00e9riaux Anciens\"},\"image\":{\"@id\":\"https:\/\/provence-materiaux-anciens.com\/#\/schema\/logo\/image\/\"},\"sameAs\":[\"https:\/\/www.facebook.com\/provencemateriauxanciens\",\"https:\/\/www.instagram.com\/provencemateriauxanciens\/\",\"https:\/\/www.pinterest.fr\/provencemateriauxanciens\/\"]}]}<\/script>\n<!-- \/ Yoast SEO Premium plugin. -->","yoast_head_json":{"title":"Antique flat tiles - Provence Mat\u00e9riaux Anciens","robots":{"index":"index","follow":"follow","max-snippet":"max-snippet:-1","max-image-preview":"max-image-preview:large","max-video-preview":"max-video-preview:-1"},"canonical":"https:\/\/provence-materiaux-anciens.com\/en\/product\/antique-tiles\/antique-flat-tiles\/","og_locale":"en_US","og_type":"article","og_title":"Tuiles plates anciennes","og_description":"Ref: Tuiles plates anciennes (Tui02) Tuiles plates anciennes de r\u00e9cup\u00e9ration ont des tons dans les rouges. La tuile ancienne plate est typique des paysages de la Bourgogne \u00e0 la Normandie, et partiellement dans le Quercy, le B\u00e9arn. Patine et galbe des vieilles tuiles plates trouvent leur origine dans leur fabrication artisanale. Issues de diff\u00e9rentes argiles, aux tons variant du rouge vif au jaune orang\u00e9 selon les lieux d\u2019extraction, ces tuiles plates anciennes \u00e9taient autrefois fabriqu\u00e9es \u00e0 la main. S\u00e9ch\u00e9es \u00e0 l\u2019air libre apr\u00e8s d\u00e9moulage, elles \u00e9taient cuites dans un four \u00e0 bois. Selon leur emplacement, les tuiles plus ou moins bien cuites pr\u00e9sentaient des irr\u00e9gularit\u00e9s qui font aujourd\u2019hui leur succ\u00e8s. Pour retrouver le charme des toitures d\u2019antan n'h\u00e9sitez pas, ce sont les tuiles plates anciennes de r\u00e9cup\u00e9ration qu'il vous faut.  DIMENSIONS : 15 x 25 cm  DISPONIBILIT\u00c9 : constante","og_url":"https:\/\/provence-materiaux-anciens.com\/en\/product\/antique-tiles\/antique-flat-tiles\/","og_site_name":"Provence Mat\u00e9riaux Anciens","article_publisher":"https:\/\/www.facebook.com\/provencemateriauxanciens","article_modified_time":"2024-03-06T08:56:45+00:00","og_image":[{"width":1200,"height":900,"url":"https:\/\/provence-materiaux-anciens.com\/wp-content\/uploads\/2022\/12\/IMG_1861.jpg","type":"image\/jpeg"}],"twitter_card":"summary_large_image","schema":{"@context":"https:\/\/schema.org","@graph":[{"@type":"WebPage","@id":"https:\/\/provence-materiaux-anciens.com\/fr\/produit\/tuiles-anciennes\/tuiles-plates-anciennes\/","url":"https:\/\/provence-materiaux-anciens.com\/fr\/produit\/tuiles-anciennes\/tuiles-plates-anciennes\/","name":"Antique flat tiles - Provence Mat\u00e9riaux Anciens","isPartOf":{"@id":"https:\/\/provence-materiaux-anciens.com\/#website"},"primaryImageOfPage":{"@id":"https:\/\/provence-materiaux-anciens.com\/fr\/produit\/tuiles-anciennes\/tuiles-plates-anciennes\/#primaryimage"},"image":{"@id":"https:\/\/provence-materiaux-anciens.com\/fr\/produit\/tuiles-anciennes\/tuiles-plates-anciennes\/#primaryimage"},"thumbnailUrl":"https:\/\/provence-materiaux-anciens.com\/wp-content\/uploads\/2022\/12\/IMG_1861.jpg","datePublished":"2022-12-02T18:51:47+00:00","dateModified":"2024-03-06T08:56:45+00:00","breadcrumb":{"@id":"https:\/\/provence-materiaux-anciens.com\/fr\/produit\/tuiles-anciennes\/tuiles-plates-anciennes\/#breadcrumb"},"inLanguage":"en-US","potentialAction":[{"@type":"ReadAction","target":["https:\/\/provence-materiaux-anciens.com\/fr\/produit\/tuiles-anciennes\/tuiles-plates-anciennes\/"]}]},{"@type":"ImageObject","inLanguage":"en-US","@id":"https:\/\/provence-materiaux-anciens.com\/fr\/produit\/tuiles-anciennes\/tuiles-plates-anciennes\/#primaryimage","url":"https:\/\/provence-materiaux-anciens.com\/wp-content\/uploads\/2022\/12\/IMG_1861.jpg","contentUrl":"https:\/\/provence-materiaux-anciens.com\/wp-content\/uploads\/2022\/12\/IMG_1861.jpg","width":1200,"height":900,"caption":"tuiles plates anciennes"},{"@type":"BreadcrumbList","@id":"https:\/\/provence-materiaux-anciens.com\/fr\/produit\/tuiles-anciennes\/tuiles-plates-anciennes\/#breadcrumb","itemListElement":[{"@type":"ListItem","position":1,"name":"Accueil","item":"https:\/\/provence-materiaux-anciens.com\/fr\/"},{"@type":"ListItem","position":2,"name":"Produits","item":"https:\/\/provence-materiaux-anciens.com\/produit\/"},{"@type":"ListItem","position":3,"name":"Tuiles plates anciennes"}]},{"@type":"WebSite","@id":"https:\/\/provence-materiaux-anciens.com\/#website","url":"https:\/\/provence-materiaux-anciens.com\/","name":"Provence Mat\u00e9riaux Anciens","description":"Purchase and sale of old building materials, beams, tiles, floors, frameworks, paving, terracotta.","publisher":{"@id":"https:\/\/provence-materiaux-anciens.com\/#organization"},"potentialAction":[{"@type":"SearchAction","target":{"@type":"EntryPoint","urlTemplate":"https:\/\/provence-materiaux-anciens.com\/?s={search_term_string}"},"query-input":{"@type":"PropertyValueSpecification","valueRequired":true,"valueName":"search_term_string"}}],"inLanguage":"en-US"},{"@type":"Organization","@id":"https:\/\/provence-materiaux-anciens.com\/#organization","name":"Provence Mat\u00e9riaux Anciens","url":"https:\/\/provence-materiaux-anciens.com\/","logo":{"@type":"ImageObject","inLanguage":"en-US","@id":"https:\/\/provence-materiaux-anciens.com\/#\/schema\/logo\/image\/","url":"https:\/\/provence-materiaux-anciens.com\/wp-content\/uploads\/2022\/03\/cropped-logo-pma-web.png","contentUrl":"https:\/\/provence-materiaux-anciens.com\/wp-content\/uploads\/2022\/03\/cropped-logo-pma-web.png","width":650,"height":434,"caption":"Provence Mat\u00e9riaux Anciens"},"image":{"@id":"https:\/\/provence-materiaux-anciens.com\/#\/schema\/logo\/image\/"},"sameAs":["https:\/\/www.facebook.com\/provencemateriauxanciens","https:\/\/www.instagram.com\/provencemateriauxanciens\/","https:\/\/www.pinterest.fr\/provencemateriauxanciens\/"]}]}},"_links":{"self":[{"href":"https:\/\/provence-materiaux-anciens.com\/en\/wp-json\/wp\/v2\/product\/1117","targetHints":{"allow":["GET"]}}],"collection":[{"href":"https:\/\/provence-materiaux-anciens.com\/en\/wp-json\/wp\/v2\/product"}],"about":[{"href":"https:\/\/provence-materiaux-anciens.com\/en\/wp-json\/wp\/v2\/types\/product"}],"wp:featuredmedia":[{"embeddable":true,"href":"https:\/\/provence-materiaux-anciens.com\/en\/wp-json\/wp\/v2\/media\/3821"}],"wp:attachment":[{"href":"https:\/\/provence-materiaux-anciens.com\/en\/wp-json\/wp\/v2\/media?parent=1117"}],"wp:term":[{"taxonomy":"product_brand","embeddable":true,"href":"https:\/\/provence-materiaux-anciens.com\/en\/wp-json\/wp\/v2\/product_brand?post=1117"},{"taxonomy":"product_cat","embeddable":true,"href":"https:\/\/provence-materiaux-anciens.com\/en\/wp-json\/wp\/v2\/product_cat?post=1117"},{"taxonomy":"product_tag","embeddable":true,"href":"https:\/\/provence-materiaux-anciens.com\/en\/wp-json\/wp\/v2\/product_tag?post=1117"}],"curies":[{"name":"wp","href":"https:\/\/api.w.org\/{rel}","templated":true}]}}