{"id":1191,"date":"2022-12-02T18:52:01","date_gmt":"2022-12-02T18:52:01","guid":{"rendered":"https:\/\/provence-materiaux-anciens.com\/?post_type=product&#038;p=1191"},"modified":"2024-03-06T08:56:44","modified_gmt":"2024-03-06T08:56:44","slug":"old-stone-cladding","status":"publish","type":"product","link":"https:\/\/provence-materiaux-anciens.com\/en\/product\/facings\/antique-facings\/old-stone-cladding\/","title":{"rendered":"Old Cladding French Stone"},"content":{"rendered":"","protected":false},"excerpt":{"rendered":"<h2><strong>Ref:<\/strong> Old stone cladding (BUG04)<\/h2>\n<p>Old cladding french stone  made from reclaimed stone. The recovery of old bugets in the Languedoc region enables us to produce this type of old stone cladding. The old bugets are cut to size for glue installation, or can be installed whole, depending on the configuration of each project.<\/p>\n<p><strong>Materials :<\/strong> Antique Languedoc stone<\/p>\n<p><strong>Dimensions :<\/strong> Variable<\/p>\n<p><strong>Availability :<\/strong> Constant<\/p>","protected":false},"featured_media":2272,"template":"","meta":{"_monsterinsights_skip_tracking":false,"_monsterinsights_sitenote_active":false,"_monsterinsights_sitenote_note":"","_monsterinsights_sitenote_category":0},"product_brand":[],"product_cat":[60,158],"product_tag":[],"class_list":{"0":"post-1191","1":"product","2":"type-product","3":"status-publish","4":"has-post-thumbnail","6":"product_cat-parements-anciens","7":"product_cat-parements-en-pierre-naturelle","9":"first","10":"instock","11":"shipping-taxable","12":"product-type-simple"},"yoast_head":"<!-- This site is optimized with the Yoast SEO Premium plugin v22.1 (Yoast SEO v24.6) - https:\/\/yoast.com\/wordpress\/plugins\/seo\/ -->\n<title>Parement pierres anciennes - Provence Mat\u00e9riaux Anciens<\/title>\n<meta name=\"robots\" content=\"index, follow, max-snippet:-1, max-image-preview:large, max-video-preview:-1\" \/>\n<link rel=\"canonical\" href=\"https:\/\/provence-materiaux-anciens.com\/en\/product\/facings\/antique-facings\/old-stone-cladding\/\" \/>\n<meta property=\"og:locale\" content=\"en_US\" \/>\n<meta property=\"og:type\" content=\"article\" \/>\n<meta property=\"og:title\" content=\"Parement pierres anciennes\" \/>\n<meta property=\"og:description\" content=\"Ref: Parement pierres anciennes (BUG04) Parement pierres anciennes r\u00e9alis\u00e9 \u00e0 partir de pierres de r\u00e9cup\u00e9ration. La r\u00e9cup\u00e9ration de bugets anciens dans la r\u00e9gion du Languedoc nous permet la r\u00e9alisation de ce type de parement en vieilles pierres. Les bugets anciens sont recoup\u00e9s pour une installation \u00e0 la colle ou peuvent \u00eatre install\u00e9s entiers selon la configuration de chaque projet.  Mat\u00e9riaux : Pierre ancienne du Languedoc  Dimensions : Variable  Disponibilit\u00e9 : Constante\" \/>\n<meta property=\"og:url\" content=\"https:\/\/provence-materiaux-anciens.com\/en\/product\/facings\/antique-facings\/old-stone-cladding\/\" \/>\n<meta property=\"og:site_name\" content=\"Provence Mat\u00e9riaux Anciens\" \/>\n<meta property=\"article:publisher\" content=\"https:\/\/www.facebook.com\/provencemateriauxanciens\" \/>\n<meta property=\"article:modified_time\" content=\"2024-03-06T08:56:44+00:00\" \/>\n<meta property=\"og:image\" content=\"https:\/\/provence-materiaux-anciens.com\/wp-content\/uploads\/2022\/12\/parements-pierre-anciennes01.jpg\" \/>\n\t<meta property=\"og:image:width\" content=\"700\" \/>\n\t<meta property=\"og:image:height\" content=\"700\" \/>\n\t<meta property=\"og:image:type\" content=\"image\/jpeg\" \/>\n<meta name=\"twitter:card\" content=\"summary_large_image\" \/>\n<script type=\"application\/ld+json\" class=\"yoast-schema-graph\">{\"@context\":\"https:\/\/schema.org\",\"@graph\":[{\"@type\":\"WebPage\",\"@id\":\"https:\/\/provence-materiaux-anciens.com\/fr\/produit\/parements\/parements-anciens\/parement-pierres-anciennes\/\",\"url\":\"https:\/\/provence-materiaux-anciens.com\/fr\/produit\/parements\/parements-anciens\/parement-pierres-anciennes\/\",\"name\":\"Parement pierres anciennes - Provence Mat\u00e9riaux Anciens\",\"isPartOf\":{\"@id\":\"https:\/\/provence-materiaux-anciens.com\/#website\"},\"primaryImageOfPage\":{\"@id\":\"https:\/\/provence-materiaux-anciens.com\/fr\/produit\/parements\/parements-anciens\/parement-pierres-anciennes\/#primaryimage\"},\"image\":{\"@id\":\"https:\/\/provence-materiaux-anciens.com\/fr\/produit\/parements\/parements-anciens\/parement-pierres-anciennes\/#primaryimage\"},\"thumbnailUrl\":\"https:\/\/provence-materiaux-anciens.com\/wp-content\/uploads\/2022\/12\/parements-pierre-anciennes01.jpg\",\"datePublished\":\"2022-12-02T18:52:01+00:00\",\"dateModified\":\"2024-03-06T08:56:44+00:00\",\"breadcrumb\":{\"@id\":\"https:\/\/provence-materiaux-anciens.com\/fr\/produit\/parements\/parements-anciens\/parement-pierres-anciennes\/#breadcrumb\"},\"inLanguage\":\"en-US\",\"potentialAction\":[{\"@type\":\"ReadAction\",\"target\":[\"https:\/\/provence-materiaux-anciens.com\/fr\/produit\/parements\/parements-anciens\/parement-pierres-anciennes\/\"]}]},{\"@type\":\"ImageObject\",\"inLanguage\":\"en-US\",\"@id\":\"https:\/\/provence-materiaux-anciens.com\/fr\/produit\/parements\/parements-anciens\/parement-pierres-anciennes\/#primaryimage\",\"url\":\"https:\/\/provence-materiaux-anciens.com\/wp-content\/uploads\/2022\/12\/parements-pierre-anciennes01.jpg\",\"contentUrl\":\"https:\/\/provence-materiaux-anciens.com\/wp-content\/uploads\/2022\/12\/parements-pierre-anciennes01.jpg\",\"width\":700,\"height\":700,\"caption\":\"parements-pierre-anciennes\"},{\"@type\":\"BreadcrumbList\",\"@id\":\"https:\/\/provence-materiaux-anciens.com\/fr\/produit\/parements\/parements-anciens\/parement-pierres-anciennes\/#breadcrumb\",\"itemListElement\":[{\"@type\":\"ListItem\",\"position\":1,\"name\":\"Accueil\",\"item\":\"https:\/\/provence-materiaux-anciens.com\/fr\/\"},{\"@type\":\"ListItem\",\"position\":2,\"name\":\"Produits\",\"item\":\"https:\/\/provence-materiaux-anciens.com\/produit\/\"},{\"@type\":\"ListItem\",\"position\":3,\"name\":\"Parement pierres anciennes\"}]},{\"@type\":\"WebSite\",\"@id\":\"https:\/\/provence-materiaux-anciens.com\/#website\",\"url\":\"https:\/\/provence-materiaux-anciens.com\/\",\"name\":\"Provence Mat\u00e9riaux Anciens\",\"description\":\"Achat et vente de mat\u00e9riaux anciens de construction, poutres, tuiles, planchers, charpentes, dallages, terres cuites.\",\"publisher\":{\"@id\":\"https:\/\/provence-materiaux-anciens.com\/#organization\"},\"potentialAction\":[{\"@type\":\"SearchAction\",\"target\":{\"@type\":\"EntryPoint\",\"urlTemplate\":\"https:\/\/provence-materiaux-anciens.com\/?s={search_term_string}\"},\"query-input\":{\"@type\":\"PropertyValueSpecification\",\"valueRequired\":true,\"valueName\":\"search_term_string\"}}],\"inLanguage\":\"en-US\"},{\"@type\":\"Organization\",\"@id\":\"https:\/\/provence-materiaux-anciens.com\/#organization\",\"name\":\"Provence Mat\u00e9riaux Anciens\",\"url\":\"https:\/\/provence-materiaux-anciens.com\/\",\"logo\":{\"@type\":\"ImageObject\",\"inLanguage\":\"en-US\",\"@id\":\"https:\/\/provence-materiaux-anciens.com\/#\/schema\/logo\/image\/\",\"url\":\"https:\/\/provence-materiaux-anciens.com\/wp-content\/uploads\/2022\/03\/cropped-logo-pma-web.png\",\"contentUrl\":\"https:\/\/provence-materiaux-anciens.com\/wp-content\/uploads\/2022\/03\/cropped-logo-pma-web.png\",\"width\":650,\"height\":434,\"caption\":\"Provence Mat\u00e9riaux Anciens\"},\"image\":{\"@id\":\"https:\/\/provence-materiaux-anciens.com\/#\/schema\/logo\/image\/\"},\"sameAs\":[\"https:\/\/www.facebook.com\/provencemateriauxanciens\",\"https:\/\/www.instagram.com\/provencemateriauxanciens\/\",\"https:\/\/www.pinterest.fr\/provencemateriauxanciens\/\"]}]}<\/script>\n<!-- \/ Yoast SEO Premium plugin. -->","yoast_head_json":{"title":"Old stone cladding - Provence Mat\u00e9riaux Anciens","robots":{"index":"index","follow":"follow","max-snippet":"max-snippet:-1","max-image-preview":"max-image-preview:large","max-video-preview":"max-video-preview:-1"},"canonical":"https:\/\/provence-materiaux-anciens.com\/en\/product\/facings\/antique-facings\/old-stone-cladding\/","og_locale":"en_US","og_type":"article","og_title":"Parement pierres anciennes","og_description":"Ref: Parement pierres anciennes (BUG04) Parement pierres anciennes r\u00e9alis\u00e9 \u00e0 partir de pierres de r\u00e9cup\u00e9ration. La r\u00e9cup\u00e9ration de bugets anciens dans la r\u00e9gion du Languedoc nous permet la r\u00e9alisation de ce type de parement en vieilles pierres. Les bugets anciens sont recoup\u00e9s pour une installation \u00e0 la colle ou peuvent \u00eatre install\u00e9s entiers selon la configuration de chaque projet.  Mat\u00e9riaux : Pierre ancienne du Languedoc  Dimensions : Variable  Disponibilit\u00e9 : Constante","og_url":"https:\/\/provence-materiaux-anciens.com\/en\/product\/facings\/antique-facings\/old-stone-cladding\/","og_site_name":"Provence Mat\u00e9riaux Anciens","article_publisher":"https:\/\/www.facebook.com\/provencemateriauxanciens","article_modified_time":"2024-03-06T08:56:44+00:00","og_image":[{"width":700,"height":700,"url":"https:\/\/provence-materiaux-anciens.com\/wp-content\/uploads\/2022\/12\/parements-pierre-anciennes01.jpg","type":"image\/jpeg"}],"twitter_card":"summary_large_image","schema":{"@context":"https:\/\/schema.org","@graph":[{"@type":"WebPage","@id":"https:\/\/provence-materiaux-anciens.com\/fr\/produit\/parements\/parements-anciens\/parement-pierres-anciennes\/","url":"https:\/\/provence-materiaux-anciens.com\/fr\/produit\/parements\/parements-anciens\/parement-pierres-anciennes\/","name":"Old stone cladding - Provence Mat\u00e9riaux Anciens","isPartOf":{"@id":"https:\/\/provence-materiaux-anciens.com\/#website"},"primaryImageOfPage":{"@id":"https:\/\/provence-materiaux-anciens.com\/fr\/produit\/parements\/parements-anciens\/parement-pierres-anciennes\/#primaryimage"},"image":{"@id":"https:\/\/provence-materiaux-anciens.com\/fr\/produit\/parements\/parements-anciens\/parement-pierres-anciennes\/#primaryimage"},"thumbnailUrl":"https:\/\/provence-materiaux-anciens.com\/wp-content\/uploads\/2022\/12\/parements-pierre-anciennes01.jpg","datePublished":"2022-12-02T18:52:01+00:00","dateModified":"2024-03-06T08:56:44+00:00","breadcrumb":{"@id":"https:\/\/provence-materiaux-anciens.com\/fr\/produit\/parements\/parements-anciens\/parement-pierres-anciennes\/#breadcrumb"},"inLanguage":"en-US","potentialAction":[{"@type":"ReadAction","target":["https:\/\/provence-materiaux-anciens.com\/fr\/produit\/parements\/parements-anciens\/parement-pierres-anciennes\/"]}]},{"@type":"ImageObject","inLanguage":"en-US","@id":"https:\/\/provence-materiaux-anciens.com\/fr\/produit\/parements\/parements-anciens\/parement-pierres-anciennes\/#primaryimage","url":"https:\/\/provence-materiaux-anciens.com\/wp-content\/uploads\/2022\/12\/parements-pierre-anciennes01.jpg","contentUrl":"https:\/\/provence-materiaux-anciens.com\/wp-content\/uploads\/2022\/12\/parements-pierre-anciennes01.jpg","width":700,"height":700,"caption":"parements-pierre-anciennes"},{"@type":"BreadcrumbList","@id":"https:\/\/provence-materiaux-anciens.com\/fr\/produit\/parements\/parements-anciens\/parement-pierres-anciennes\/#breadcrumb","itemListElement":[{"@type":"ListItem","position":1,"name":"Accueil","item":"https:\/\/provence-materiaux-anciens.com\/fr\/"},{"@type":"ListItem","position":2,"name":"Produits","item":"https:\/\/provence-materiaux-anciens.com\/produit\/"},{"@type":"ListItem","position":3,"name":"Parement pierres anciennes"}]},{"@type":"WebSite","@id":"https:\/\/provence-materiaux-anciens.com\/#website","url":"https:\/\/provence-materiaux-anciens.com\/","name":"Provence Mat\u00e9riaux Anciens","description":"Purchase and sale of old building materials, beams, tiles, floors, frameworks, paving, terracotta.","publisher":{"@id":"https:\/\/provence-materiaux-anciens.com\/#organization"},"potentialAction":[{"@type":"SearchAction","target":{"@type":"EntryPoint","urlTemplate":"https:\/\/provence-materiaux-anciens.com\/?s={search_term_string}"},"query-input":{"@type":"PropertyValueSpecification","valueRequired":true,"valueName":"search_term_string"}}],"inLanguage":"en-US"},{"@type":"Organization","@id":"https:\/\/provence-materiaux-anciens.com\/#organization","name":"Provence Mat\u00e9riaux Anciens","url":"https:\/\/provence-materiaux-anciens.com\/","logo":{"@type":"ImageObject","inLanguage":"en-US","@id":"https:\/\/provence-materiaux-anciens.com\/#\/schema\/logo\/image\/","url":"https:\/\/provence-materiaux-anciens.com\/wp-content\/uploads\/2022\/03\/cropped-logo-pma-web.png","contentUrl":"https:\/\/provence-materiaux-anciens.com\/wp-content\/uploads\/2022\/03\/cropped-logo-pma-web.png","width":650,"height":434,"caption":"Provence Mat\u00e9riaux Anciens"},"image":{"@id":"https:\/\/provence-materiaux-anciens.com\/#\/schema\/logo\/image\/"},"sameAs":["https:\/\/www.facebook.com\/provencemateriauxanciens","https:\/\/www.instagram.com\/provencemateriauxanciens\/","https:\/\/www.pinterest.fr\/provencemateriauxanciens\/"]}]}},"_links":{"self":[{"href":"https:\/\/provence-materiaux-anciens.com\/en\/wp-json\/wp\/v2\/product\/1191","targetHints":{"allow":["GET"]}}],"collection":[{"href":"https:\/\/provence-materiaux-anciens.com\/en\/wp-json\/wp\/v2\/product"}],"about":[{"href":"https:\/\/provence-materiaux-anciens.com\/en\/wp-json\/wp\/v2\/types\/product"}],"wp:featuredmedia":[{"embeddable":true,"href":"https:\/\/provence-materiaux-anciens.com\/en\/wp-json\/wp\/v2\/media\/2272"}],"wp:attachment":[{"href":"https:\/\/provence-materiaux-anciens.com\/en\/wp-json\/wp\/v2\/media?parent=1191"}],"wp:term":[{"taxonomy":"product_brand","embeddable":true,"href":"https:\/\/provence-materiaux-anciens.com\/en\/wp-json\/wp\/v2\/product_brand?post=1191"},{"taxonomy":"product_cat","embeddable":true,"href":"https:\/\/provence-materiaux-anciens.com\/en\/wp-json\/wp\/v2\/product_cat?post=1191"},{"taxonomy":"product_tag","embeddable":true,"href":"https:\/\/provence-materiaux-anciens.com\/en\/wp-json\/wp\/v2\/product_tag?post=1191"}],"curies":[{"name":"wp","href":"https:\/\/api.w.org\/{rel}","templated":true}]}}