{"id":1200,"date":"2022-12-02T18:52:01","date_gmt":"2022-12-02T18:52:01","guid":{"rendered":"https:\/\/provence-materiaux-anciens.com\/?post_type=product&#038;p=1200"},"modified":"2024-03-06T08:56:44","modified_gmt":"2024-03-06T08:56:44","slug":"exterior-cladding-in-building-stone","status":"publish","type":"product","link":"https:\/\/provence-materiaux-anciens.com\/en\/product\/facings\/antique-facings\/exterior-cladding-in-building-stone\/","title":{"rendered":"Rubble Wall Clading"},"content":{"rendered":"","protected":false},"excerpt":{"rendered":"<h2><strong>Ref:<\/strong> Building stone exterior cladding (Pie02)<\/h2>\n<p>External facing in limestone. We have a large permanent stock of building stones for wall cladding. Also known as \"moellons\", these irregularly-shaped limestones can be used to create exposed stone walls or low walls. With these whole building stones, you'll bring a piece of Provence into your home.<\/p>\n<p><strong>Materials :<\/strong> limestone<\/p>\n<p><strong>Dimensions :<\/strong> variable<\/p>\n<p><strong>Availability :<\/strong> Constant<\/p>","protected":false},"featured_media":2282,"template":"","meta":{"_monsterinsights_skip_tracking":false,"_monsterinsights_sitenote_active":false,"_monsterinsights_sitenote_note":"","_monsterinsights_sitenote_category":0},"product_brand":[],"product_cat":[60,158],"product_tag":[],"class_list":{"0":"post-1200","1":"product","2":"type-product","3":"status-publish","4":"has-post-thumbnail","6":"product_cat-parements-anciens","7":"product_cat-parements-en-pierre-naturelle","9":"first","10":"instock","11":"shipping-taxable","12":"product-type-simple"},"yoast_head":"<!-- This site is optimized with the Yoast SEO Premium plugin v22.1 (Yoast SEO v24.6) - https:\/\/yoast.com\/wordpress\/plugins\/seo\/ -->\n<title>Parement ext\u00e9rieur pierres \u00e0 b\u00e2tir enti\u00e8res - Provence Mat\u00e9riaux Anciens<\/title>\n<meta name=\"robots\" content=\"index, follow, max-snippet:-1, max-image-preview:large, max-video-preview:-1\" \/>\n<link rel=\"canonical\" href=\"https:\/\/provence-materiaux-anciens.com\/en\/product\/facings\/antique-facings\/exterior-cladding-in-building-stone\/\" \/>\n<meta property=\"og:locale\" content=\"en_US\" \/>\n<meta property=\"og:type\" content=\"article\" \/>\n<meta property=\"og:title\" content=\"Parement ext\u00e9rieur pierres \u00e0 b\u00e2tir enti\u00e8res\" \/>\n<meta property=\"og:description\" content=\"Ref: Parement ext\u00e9rieur pierres \u00e0 b\u00e2tir (Pie02) Parement ext\u00e9rieur pierres \u00e0 b\u00e2tir en pierres calcaires. Nous disposons en permanence d&#039;un large stock de pierres \u00e0 b\u00e2tir pour le parement de murs. \u00c9galement appel\u00e9es moellons, ces pierres calcaires de formes irr\u00e9guli\u00e8res vous permettrons de r\u00e9aliser des murs ou des murets anciens en pierres apparentes. Gr\u00e2ce \u00e0 ces pierres \u00e0 b\u00e2tir enti\u00e8res, vous apporterez un morceau de Provence chez vous  Mat\u00e9riaux : pierre calcaire  Dimensions : variable  Disponibilit\u00e9 : Constante\" \/>\n<meta property=\"og:url\" content=\"https:\/\/provence-materiaux-anciens.com\/en\/product\/facings\/antique-facings\/exterior-cladding-in-building-stone\/\" \/>\n<meta property=\"og:site_name\" content=\"Provence Mat\u00e9riaux Anciens\" \/>\n<meta property=\"article:publisher\" content=\"https:\/\/www.facebook.com\/provencemateriauxanciens\" \/>\n<meta property=\"article:modified_time\" content=\"2024-03-06T08:56:44+00:00\" \/>\n<meta property=\"og:image\" content=\"https:\/\/provence-materiaux-anciens.com\/wp-content\/uploads\/2022\/12\/parement-exterieur-pierre-a-batir03.jpg\" \/>\n\t<meta property=\"og:image:width\" content=\"700\" \/>\n\t<meta property=\"og:image:height\" content=\"700\" \/>\n\t<meta property=\"og:image:type\" content=\"image\/jpeg\" \/>\n<meta name=\"twitter:card\" content=\"summary_large_image\" \/>\n<script type=\"application\/ld+json\" class=\"yoast-schema-graph\">{\"@context\":\"https:\/\/schema.org\",\"@graph\":[{\"@type\":\"WebPage\",\"@id\":\"https:\/\/provence-materiaux-anciens.com\/produit\/parements\/parements-anciens\/parement-exterieur-pierres-a-batir\/\",\"url\":\"https:\/\/provence-materiaux-anciens.com\/produit\/parements\/parements-anciens\/parement-exterieur-pierres-a-batir\/\",\"name\":\"Parement ext\u00e9rieur pierres \u00e0 b\u00e2tir enti\u00e8res - Provence Mat\u00e9riaux Anciens\",\"isPartOf\":{\"@id\":\"https:\/\/provence-materiaux-anciens.com\/#website\"},\"primaryImageOfPage\":{\"@id\":\"https:\/\/provence-materiaux-anciens.com\/produit\/parements\/parements-anciens\/parement-exterieur-pierres-a-batir\/#primaryimage\"},\"image\":{\"@id\":\"https:\/\/provence-materiaux-anciens.com\/produit\/parements\/parements-anciens\/parement-exterieur-pierres-a-batir\/#primaryimage\"},\"thumbnailUrl\":\"https:\/\/provence-materiaux-anciens.com\/wp-content\/uploads\/2022\/12\/parement-exterieur-pierre-a-batir03.jpg\",\"datePublished\":\"2022-12-02T18:52:01+00:00\",\"dateModified\":\"2024-03-06T08:56:44+00:00\",\"breadcrumb\":{\"@id\":\"https:\/\/provence-materiaux-anciens.com\/produit\/parements\/parements-anciens\/parement-exterieur-pierres-a-batir\/#breadcrumb\"},\"inLanguage\":\"en-US\",\"potentialAction\":[{\"@type\":\"ReadAction\",\"target\":[\"https:\/\/provence-materiaux-anciens.com\/produit\/parements\/parements-anciens\/parement-exterieur-pierres-a-batir\/\"]}]},{\"@type\":\"ImageObject\",\"inLanguage\":\"en-US\",\"@id\":\"https:\/\/provence-materiaux-anciens.com\/produit\/parements\/parements-anciens\/parement-exterieur-pierres-a-batir\/#primaryimage\",\"url\":\"https:\/\/provence-materiaux-anciens.com\/wp-content\/uploads\/2022\/12\/parement-exterieur-pierre-a-batir03.jpg\",\"contentUrl\":\"https:\/\/provence-materiaux-anciens.com\/wp-content\/uploads\/2022\/12\/parement-exterieur-pierre-a-batir03.jpg\",\"width\":700,\"height\":700,\"caption\":\"parement-exterieur-pierre-a-batir\"},{\"@type\":\"BreadcrumbList\",\"@id\":\"https:\/\/provence-materiaux-anciens.com\/produit\/parements\/parements-anciens\/parement-exterieur-pierres-a-batir\/#breadcrumb\",\"itemListElement\":[{\"@type\":\"ListItem\",\"position\":1,\"name\":\"Accueil\",\"item\":\"https:\/\/provence-materiaux-anciens.com\/fr\/\"},{\"@type\":\"ListItem\",\"position\":2,\"name\":\"Produits\",\"item\":\"https:\/\/provence-materiaux-anciens.com\/produit\/\"},{\"@type\":\"ListItem\",\"position\":3,\"name\":\"Parement ext\u00e9rieur pierres \u00e0 b\u00e2tir enti\u00e8res\"}]},{\"@type\":\"WebSite\",\"@id\":\"https:\/\/provence-materiaux-anciens.com\/#website\",\"url\":\"https:\/\/provence-materiaux-anciens.com\/\",\"name\":\"Provence Mat\u00e9riaux Anciens\",\"description\":\"Achat et vente de mat\u00e9riaux anciens de construction, poutres, tuiles, planchers, charpentes, dallages, terres cuites.\",\"publisher\":{\"@id\":\"https:\/\/provence-materiaux-anciens.com\/#organization\"},\"potentialAction\":[{\"@type\":\"SearchAction\",\"target\":{\"@type\":\"EntryPoint\",\"urlTemplate\":\"https:\/\/provence-materiaux-anciens.com\/?s={search_term_string}\"},\"query-input\":{\"@type\":\"PropertyValueSpecification\",\"valueRequired\":true,\"valueName\":\"search_term_string\"}}],\"inLanguage\":\"en-US\"},{\"@type\":\"Organization\",\"@id\":\"https:\/\/provence-materiaux-anciens.com\/#organization\",\"name\":\"Provence Mat\u00e9riaux Anciens\",\"url\":\"https:\/\/provence-materiaux-anciens.com\/\",\"logo\":{\"@type\":\"ImageObject\",\"inLanguage\":\"en-US\",\"@id\":\"https:\/\/provence-materiaux-anciens.com\/#\/schema\/logo\/image\/\",\"url\":\"https:\/\/provence-materiaux-anciens.com\/wp-content\/uploads\/2022\/03\/cropped-logo-pma-web.png\",\"contentUrl\":\"https:\/\/provence-materiaux-anciens.com\/wp-content\/uploads\/2022\/03\/cropped-logo-pma-web.png\",\"width\":650,\"height\":434,\"caption\":\"Provence Mat\u00e9riaux Anciens\"},\"image\":{\"@id\":\"https:\/\/provence-materiaux-anciens.com\/#\/schema\/logo\/image\/\"},\"sameAs\":[\"https:\/\/www.facebook.com\/provencemateriauxanciens\",\"https:\/\/www.instagram.com\/provencemateriauxanciens\/\",\"https:\/\/www.pinterest.fr\/provencemateriauxanciens\/\"]}]}<\/script>\n<!-- \/ Yoast SEO Premium plugin. -->","yoast_head_json":{"title":"Whole stone exterior facing - Provence Mat\u00e9riaux Anciens","robots":{"index":"index","follow":"follow","max-snippet":"max-snippet:-1","max-image-preview":"max-image-preview:large","max-video-preview":"max-video-preview:-1"},"canonical":"https:\/\/provence-materiaux-anciens.com\/en\/product\/facings\/antique-facings\/exterior-cladding-in-building-stone\/","og_locale":"en_US","og_type":"article","og_title":"Parement ext\u00e9rieur pierres \u00e0 b\u00e2tir enti\u00e8res","og_description":"Ref: Parement ext\u00e9rieur pierres \u00e0 b\u00e2tir (Pie02) Parement ext\u00e9rieur pierres \u00e0 b\u00e2tir en pierres calcaires. Nous disposons en permanence d'un large stock de pierres \u00e0 b\u00e2tir pour le parement de murs. \u00c9galement appel\u00e9es moellons, ces pierres calcaires de formes irr\u00e9guli\u00e8res vous permettrons de r\u00e9aliser des murs ou des murets anciens en pierres apparentes. Gr\u00e2ce \u00e0 ces pierres \u00e0 b\u00e2tir enti\u00e8res, vous apporterez un morceau de Provence chez vous  Mat\u00e9riaux : pierre calcaire  Dimensions : variable  Disponibilit\u00e9 : Constante","og_url":"https:\/\/provence-materiaux-anciens.com\/en\/product\/facings\/antique-facings\/exterior-cladding-in-building-stone\/","og_site_name":"Provence Mat\u00e9riaux Anciens","article_publisher":"https:\/\/www.facebook.com\/provencemateriauxanciens","article_modified_time":"2024-03-06T08:56:44+00:00","og_image":[{"width":700,"height":700,"url":"https:\/\/provence-materiaux-anciens.com\/wp-content\/uploads\/2022\/12\/parement-exterieur-pierre-a-batir03.jpg","type":"image\/jpeg"}],"twitter_card":"summary_large_image","schema":{"@context":"https:\/\/schema.org","@graph":[{"@type":"WebPage","@id":"https:\/\/provence-materiaux-anciens.com\/produit\/parements\/parements-anciens\/parement-exterieur-pierres-a-batir\/","url":"https:\/\/provence-materiaux-anciens.com\/produit\/parements\/parements-anciens\/parement-exterieur-pierres-a-batir\/","name":"Whole stone exterior facing - Provence Mat\u00e9riaux Anciens","isPartOf":{"@id":"https:\/\/provence-materiaux-anciens.com\/#website"},"primaryImageOfPage":{"@id":"https:\/\/provence-materiaux-anciens.com\/produit\/parements\/parements-anciens\/parement-exterieur-pierres-a-batir\/#primaryimage"},"image":{"@id":"https:\/\/provence-materiaux-anciens.com\/produit\/parements\/parements-anciens\/parement-exterieur-pierres-a-batir\/#primaryimage"},"thumbnailUrl":"https:\/\/provence-materiaux-anciens.com\/wp-content\/uploads\/2022\/12\/parement-exterieur-pierre-a-batir03.jpg","datePublished":"2022-12-02T18:52:01+00:00","dateModified":"2024-03-06T08:56:44+00:00","breadcrumb":{"@id":"https:\/\/provence-materiaux-anciens.com\/produit\/parements\/parements-anciens\/parement-exterieur-pierres-a-batir\/#breadcrumb"},"inLanguage":"en-US","potentialAction":[{"@type":"ReadAction","target":["https:\/\/provence-materiaux-anciens.com\/produit\/parements\/parements-anciens\/parement-exterieur-pierres-a-batir\/"]}]},{"@type":"ImageObject","inLanguage":"en-US","@id":"https:\/\/provence-materiaux-anciens.com\/produit\/parements\/parements-anciens\/parement-exterieur-pierres-a-batir\/#primaryimage","url":"https:\/\/provence-materiaux-anciens.com\/wp-content\/uploads\/2022\/12\/parement-exterieur-pierre-a-batir03.jpg","contentUrl":"https:\/\/provence-materiaux-anciens.com\/wp-content\/uploads\/2022\/12\/parement-exterieur-pierre-a-batir03.jpg","width":700,"height":700,"caption":"parement-exterieur-pierre-a-batir"},{"@type":"BreadcrumbList","@id":"https:\/\/provence-materiaux-anciens.com\/produit\/parements\/parements-anciens\/parement-exterieur-pierres-a-batir\/#breadcrumb","itemListElement":[{"@type":"ListItem","position":1,"name":"Accueil","item":"https:\/\/provence-materiaux-anciens.com\/fr\/"},{"@type":"ListItem","position":2,"name":"Produits","item":"https:\/\/provence-materiaux-anciens.com\/produit\/"},{"@type":"ListItem","position":3,"name":"Parement ext\u00e9rieur pierres \u00e0 b\u00e2tir enti\u00e8res"}]},{"@type":"WebSite","@id":"https:\/\/provence-materiaux-anciens.com\/#website","url":"https:\/\/provence-materiaux-anciens.com\/","name":"Provence Mat\u00e9riaux Anciens","description":"Purchase and sale of old building materials, beams, tiles, floors, frameworks, paving, terracotta.","publisher":{"@id":"https:\/\/provence-materiaux-anciens.com\/#organization"},"potentialAction":[{"@type":"SearchAction","target":{"@type":"EntryPoint","urlTemplate":"https:\/\/provence-materiaux-anciens.com\/?s={search_term_string}"},"query-input":{"@type":"PropertyValueSpecification","valueRequired":true,"valueName":"search_term_string"}}],"inLanguage":"en-US"},{"@type":"Organization","@id":"https:\/\/provence-materiaux-anciens.com\/#organization","name":"Provence Mat\u00e9riaux Anciens","url":"https:\/\/provence-materiaux-anciens.com\/","logo":{"@type":"ImageObject","inLanguage":"en-US","@id":"https:\/\/provence-materiaux-anciens.com\/#\/schema\/logo\/image\/","url":"https:\/\/provence-materiaux-anciens.com\/wp-content\/uploads\/2022\/03\/cropped-logo-pma-web.png","contentUrl":"https:\/\/provence-materiaux-anciens.com\/wp-content\/uploads\/2022\/03\/cropped-logo-pma-web.png","width":650,"height":434,"caption":"Provence Mat\u00e9riaux Anciens"},"image":{"@id":"https:\/\/provence-materiaux-anciens.com\/#\/schema\/logo\/image\/"},"sameAs":["https:\/\/www.facebook.com\/provencemateriauxanciens","https:\/\/www.instagram.com\/provencemateriauxanciens\/","https:\/\/www.pinterest.fr\/provencemateriauxanciens\/"]}]}},"_links":{"self":[{"href":"https:\/\/provence-materiaux-anciens.com\/en\/wp-json\/wp\/v2\/product\/1200","targetHints":{"allow":["GET"]}}],"collection":[{"href":"https:\/\/provence-materiaux-anciens.com\/en\/wp-json\/wp\/v2\/product"}],"about":[{"href":"https:\/\/provence-materiaux-anciens.com\/en\/wp-json\/wp\/v2\/types\/product"}],"wp:featuredmedia":[{"embeddable":true,"href":"https:\/\/provence-materiaux-anciens.com\/en\/wp-json\/wp\/v2\/media\/2282"}],"wp:attachment":[{"href":"https:\/\/provence-materiaux-anciens.com\/en\/wp-json\/wp\/v2\/media?parent=1200"}],"wp:term":[{"taxonomy":"product_brand","embeddable":true,"href":"https:\/\/provence-materiaux-anciens.com\/en\/wp-json\/wp\/v2\/product_brand?post=1200"},{"taxonomy":"product_cat","embeddable":true,"href":"https:\/\/provence-materiaux-anciens.com\/en\/wp-json\/wp\/v2\/product_cat?post=1200"},{"taxonomy":"product_tag","embeddable":true,"href":"https:\/\/provence-materiaux-anciens.com\/en\/wp-json\/wp\/v2\/product_tag?post=1200"}],"curies":[{"name":"wp","href":"https:\/\/api.w.org\/{rel}","templated":true}]}}