{"id":1324,"date":"2022-12-02T18:52:24","date_gmt":"2022-12-02T18:52:24","guid":{"rendered":"https:\/\/provence-materiaux-anciens.com\/?post_type=product&#038;p=1324"},"modified":"2024-03-06T08:56:39","modified_gmt":"2024-03-06T08:56:39","slug":"old-red-floor-tiles","status":"publish","type":"product","link":"https:\/\/provence-materiaux-anciens.com\/en\/product\/floors\/antique-terracotta\/antique-floor-tiles\/old-red-floor-tiles\/","title":{"rendered":"Antique French Terra cotta"},"content":{"rendered":"<p><span style=\"font-weight: 400;\">Looking for elegant, resistant and safe flooring?<\/span> <span style=\"font-weight: 400;\">You'll be amazed by<\/span> <span style=\"font-weight: 400;\">our <\/span><b>Old red floor tiles!<\/b><\/p>\n<h3><b>An antique siding with an elegant design!<\/b><\/h3>\n<p><span style=\"font-weight: 400;\">What could be better than a terracotta-based floor covering to bring a vintage, elegant touch to your home? Terracotta floor tiles have stood the test of time and continue to grace the floors of many homes.\u00a0<\/span><\/p>\n<p><span style=\"font-weight: 400;\">What's so impressive about this flooring is its incredible decorative appeal. Your home will look great with our old red tomettes, whose charm leaves no one indifferent.\u00a0<\/span><\/p>\n<p><span style=\"font-weight: 400;\">They're so beautiful that they can be combined with homes featuring rustic, modern, minimalist and many other styles. You can install them in any room of your home: kitchen, living room, bathroom, veranda, bedroom, etc.<\/span><\/p>\n<h3><b>Resistant and safe!<\/b><\/h3>\n<p><span style=\"font-weight: 400;\">Modern tiles are very slippery, especially when wet. This can be very inconvenient and sometimes very dangerous for small children and the elderly. You won't experience such inconveniences with our Old Red Tiles, because they are <\/span><b>anti-slip<\/b><span style=\"font-weight: 400;\">.\u00a0<\/span><\/p>\n<p><span style=\"font-weight: 400;\">What's more, neither mildew nor bacteria can alter the quality of these floor tiles, as they are extremely hard-wearing. So they'll stay in place for years to come, to your complete satisfaction.\u00a0<\/span><\/p>\n<h3><b>Easy maintenance!<\/b><\/h3>\n<p><span style=\"font-weight: 400;\">The square shape of our <\/span><b>Antique French Terra cotta <\/b><span style=\"font-weight: 400;\">for easy maintenance. You'll need just a few minutes to clean them thoroughly, including the joints. To clean them, you can opt for a natural method using: water, black soap, soda crystals, bicarbonate of soda, toothpaste, etc.\u00a0<\/span><\/p>\n<p><span style=\"font-weight: 400;\">However, depending on your taste, they can be polished, sanded or stripped.<\/span><\/p>\n<p><span style=\"font-weight: 400;\">Choose our <\/span><b>Old red floor tiles, <\/b><span style=\"font-weight: 400;\">is to ensure a princely living environment for your home!<\/span><\/p>","protected":false},"excerpt":{"rendered":"<h2><span style=\"font-size: 14pt;\"><strong>Ref: <\/strong>Antique French Terra cotta <strong>(Fontainebleau car018)<\/strong><\/span><\/h2>\n<ul>\n<li><strong>Materials : <\/strong>Ancient terracotta<\/li>\n<li><strong>Dimensions :\u00a0<\/strong>between 15 x 15 cm and 17 x 17 cm<\/li>\n<li><b>Thickness<\/b> 2.5 and 3 cm<\/li>\n<li><b>Availability<\/b> : Constant<\/li>\n<\/ul>\n<p>Antique terracotta tomettes, variegated pink, red and brown. These antique tomettes date from the 18th and 19th centuries. They originate from Burgundy.<\/p>\n<p>For antique floor tiles in lighter shades, <a href=\"https:\/\/provence-materiaux-anciens.com\/en\/product\/floors\/antique-terracotta\/antique-floor-tiles\/old-floor-tiles\/\">click here<\/a>.<\/p>\n<p>We recommend treating \"Fontainebleau\" floor tiles with our product <a href=\"https:\/\/provence-materiaux-anciens.com\/en\/old-floors\/produits-de-traitement\/provence-primer\/\">Provence Primer<\/a>.<\/p>","protected":false},"featured_media":1565,"template":"","meta":{"_monsterinsights_skip_tracking":false,"_monsterinsights_sitenote_active":false,"_monsterinsights_sitenote_note":"","_monsterinsights_sitenote_category":0},"product_brand":[],"product_cat":[32,35,33],"product_tag":[],"class_list":{"0":"post-1324","1":"product","2":"type-product","3":"status-publish","4":"has-post-thumbnail","6":"product_cat-sols","7":"product_cat-tomettes-anciennes","8":"product_cat-terre-cuite-ancienne","10":"first","11":"instock","12":"shipping-taxable","13":"product-type-simple"},"yoast_head":"<!-- This site is optimized with the Yoast SEO Premium plugin v22.1 (Yoast SEO v24.6) - https:\/\/yoast.com\/wordpress\/plugins\/seo\/ -->\n<title>Vieilles tomettes rouges - Provence Mat\u00e9riaux Anciens<\/title>\n<meta name=\"robots\" content=\"index, follow, max-snippet:-1, max-image-preview:large, max-video-preview:-1\" \/>\n<link rel=\"canonical\" href=\"https:\/\/provence-materiaux-anciens.com\/en\/product\/floors\/antique-terracotta\/antique-floor-tiles\/old-red-floor-tiles\/\" \/>\n<meta property=\"og:locale\" content=\"en_US\" \/>\n<meta property=\"og:type\" content=\"article\" \/>\n<meta property=\"og:title\" content=\"Vieilles tomettes rouges\" \/>\n<meta property=\"og:description\" content=\"Ref: Vieilles tomettes rouges (Fontainebleau car018)   Mat\u00e9riaux : Terre cuite ancienne  Dimensions :\u00a0entre 15 x 15 cm et 17 x 17 cm  \u00c9paisseur : 2.5 et 3 cm  Disponibilit\u00e9 : Constante  Tomettes anciennes panach\u00e9 ros\u00e9, rouge allant jusqu\u2019au marron, en terre cuite. Ces tomettes anciennes datent du XVIII\u00e8me et du XIX\u00e8me si\u00e8cle. Ces tomettes anciennes sont originaires de Bourgogne.  Pour des tomettes anciennes dans des tons plus clairs, cliquez ici.  Nous vous recommandons de traiter les tomettes &quot;Fontainebleau&quot; avec notre produit Provence Primer.\" \/>\n<meta property=\"og:url\" content=\"https:\/\/provence-materiaux-anciens.com\/en\/product\/floors\/antique-terracotta\/antique-floor-tiles\/old-red-floor-tiles\/\" \/>\n<meta property=\"og:site_name\" content=\"Provence Mat\u00e9riaux Anciens\" \/>\n<meta property=\"article:publisher\" content=\"https:\/\/www.facebook.com\/provencemateriauxanciens\" \/>\n<meta property=\"article:modified_time\" content=\"2024-03-06T08:56:39+00:00\" \/>\n<meta property=\"og:image\" content=\"https:\/\/provence-materiaux-anciens.com\/wp-content\/uploads\/2022\/12\/vieilles-tomettes-rouges01.jpg\" \/>\n\t<meta property=\"og:image:width\" content=\"700\" \/>\n\t<meta property=\"og:image:height\" content=\"700\" \/>\n\t<meta property=\"og:image:type\" content=\"image\/jpeg\" \/>\n<meta name=\"twitter:card\" content=\"summary_large_image\" \/>\n<meta name=\"twitter:label1\" content=\"Est. reading time\" \/>\n\t<meta name=\"twitter:data1\" content=\"2 minutes\" \/>\n<script type=\"application\/ld+json\" class=\"yoast-schema-graph\">{\"@context\":\"https:\/\/schema.org\",\"@graph\":[{\"@type\":\"WebPage\",\"@id\":\"https:\/\/provence-materiaux-anciens.com\/produit\/sols\/terre-cuite-ancienne\/tomettes-anciennes\/vieilles-tomettes-rouges\/\",\"url\":\"https:\/\/provence-materiaux-anciens.com\/produit\/sols\/terre-cuite-ancienne\/tomettes-anciennes\/vieilles-tomettes-rouges\/\",\"name\":\"Vieilles tomettes rouges - Provence Mat\u00e9riaux Anciens\",\"isPartOf\":{\"@id\":\"https:\/\/provence-materiaux-anciens.com\/#website\"},\"primaryImageOfPage\":{\"@id\":\"https:\/\/provence-materiaux-anciens.com\/produit\/sols\/terre-cuite-ancienne\/tomettes-anciennes\/vieilles-tomettes-rouges\/#primaryimage\"},\"image\":{\"@id\":\"https:\/\/provence-materiaux-anciens.com\/produit\/sols\/terre-cuite-ancienne\/tomettes-anciennes\/vieilles-tomettes-rouges\/#primaryimage\"},\"thumbnailUrl\":\"https:\/\/provence-materiaux-anciens.com\/wp-content\/uploads\/2022\/12\/vieilles-tomettes-rouges01.jpg\",\"datePublished\":\"2022-12-02T18:52:24+00:00\",\"dateModified\":\"2024-03-06T08:56:39+00:00\",\"breadcrumb\":{\"@id\":\"https:\/\/provence-materiaux-anciens.com\/produit\/sols\/terre-cuite-ancienne\/tomettes-anciennes\/vieilles-tomettes-rouges\/#breadcrumb\"},\"inLanguage\":\"en-US\",\"potentialAction\":[{\"@type\":\"ReadAction\",\"target\":[\"https:\/\/provence-materiaux-anciens.com\/produit\/sols\/terre-cuite-ancienne\/tomettes-anciennes\/vieilles-tomettes-rouges\/\"]}]},{\"@type\":\"ImageObject\",\"inLanguage\":\"en-US\",\"@id\":\"https:\/\/provence-materiaux-anciens.com\/produit\/sols\/terre-cuite-ancienne\/tomettes-anciennes\/vieilles-tomettes-rouges\/#primaryimage\",\"url\":\"https:\/\/provence-materiaux-anciens.com\/wp-content\/uploads\/2022\/12\/vieilles-tomettes-rouges01.jpg\",\"contentUrl\":\"https:\/\/provence-materiaux-anciens.com\/wp-content\/uploads\/2022\/12\/vieilles-tomettes-rouges01.jpg\",\"width\":700,\"height\":700,\"caption\":\"vieilles-tomettes-rouges01\"},{\"@type\":\"BreadcrumbList\",\"@id\":\"https:\/\/provence-materiaux-anciens.com\/produit\/sols\/terre-cuite-ancienne\/tomettes-anciennes\/vieilles-tomettes-rouges\/#breadcrumb\",\"itemListElement\":[{\"@type\":\"ListItem\",\"position\":1,\"name\":\"Accueil\",\"item\":\"https:\/\/provence-materiaux-anciens.com\/fr\/\"},{\"@type\":\"ListItem\",\"position\":2,\"name\":\"Produits\",\"item\":\"https:\/\/provence-materiaux-anciens.com\/produit\/\"},{\"@type\":\"ListItem\",\"position\":3,\"name\":\"Vieilles tomettes rouges\"}]},{\"@type\":\"WebSite\",\"@id\":\"https:\/\/provence-materiaux-anciens.com\/#website\",\"url\":\"https:\/\/provence-materiaux-anciens.com\/\",\"name\":\"Provence Mat\u00e9riaux Anciens\",\"description\":\"Achat et vente de mat\u00e9riaux anciens de construction, poutres, tuiles, planchers, charpentes, dallages, terres cuites.\",\"publisher\":{\"@id\":\"https:\/\/provence-materiaux-anciens.com\/#organization\"},\"potentialAction\":[{\"@type\":\"SearchAction\",\"target\":{\"@type\":\"EntryPoint\",\"urlTemplate\":\"https:\/\/provence-materiaux-anciens.com\/?s={search_term_string}\"},\"query-input\":{\"@type\":\"PropertyValueSpecification\",\"valueRequired\":true,\"valueName\":\"search_term_string\"}}],\"inLanguage\":\"en-US\"},{\"@type\":\"Organization\",\"@id\":\"https:\/\/provence-materiaux-anciens.com\/#organization\",\"name\":\"Provence Mat\u00e9riaux Anciens\",\"url\":\"https:\/\/provence-materiaux-anciens.com\/\",\"logo\":{\"@type\":\"ImageObject\",\"inLanguage\":\"en-US\",\"@id\":\"https:\/\/provence-materiaux-anciens.com\/#\/schema\/logo\/image\/\",\"url\":\"https:\/\/provence-materiaux-anciens.com\/wp-content\/uploads\/2022\/03\/cropped-logo-pma-web.png\",\"contentUrl\":\"https:\/\/provence-materiaux-anciens.com\/wp-content\/uploads\/2022\/03\/cropped-logo-pma-web.png\",\"width\":650,\"height\":434,\"caption\":\"Provence Mat\u00e9riaux Anciens\"},\"image\":{\"@id\":\"https:\/\/provence-materiaux-anciens.com\/#\/schema\/logo\/image\/\"},\"sameAs\":[\"https:\/\/www.facebook.com\/provencemateriauxanciens\",\"https:\/\/www.instagram.com\/provencemateriauxanciens\/\",\"https:\/\/www.pinterest.fr\/provencemateriauxanciens\/\"]}]}<\/script>\n<!-- \/ Yoast SEO Premium plugin. -->","yoast_head_json":{"title":"Old red terracotta tiles - Provence Mat\u00e9riaux Anciens","robots":{"index":"index","follow":"follow","max-snippet":"max-snippet:-1","max-image-preview":"max-image-preview:large","max-video-preview":"max-video-preview:-1"},"canonical":"https:\/\/provence-materiaux-anciens.com\/en\/product\/floors\/antique-terracotta\/antique-floor-tiles\/old-red-floor-tiles\/","og_locale":"en_US","og_type":"article","og_title":"Vieilles tomettes rouges","og_description":"Ref: Vieilles tomettes rouges (Fontainebleau car018)   Mat\u00e9riaux : Terre cuite ancienne  Dimensions :\u00a0entre 15 x 15 cm et 17 x 17 cm  \u00c9paisseur : 2.5 et 3 cm  Disponibilit\u00e9 : Constante  Tomettes anciennes panach\u00e9 ros\u00e9, rouge allant jusqu\u2019au marron, en terre cuite. Ces tomettes anciennes datent du XVIII\u00e8me et du XIX\u00e8me si\u00e8cle. Ces tomettes anciennes sont originaires de Bourgogne.  Pour des tomettes anciennes dans des tons plus clairs, cliquez ici.  Nous vous recommandons de traiter les tomettes \"Fontainebleau\" avec notre produit Provence Primer.","og_url":"https:\/\/provence-materiaux-anciens.com\/en\/product\/floors\/antique-terracotta\/antique-floor-tiles\/old-red-floor-tiles\/","og_site_name":"Provence Mat\u00e9riaux Anciens","article_publisher":"https:\/\/www.facebook.com\/provencemateriauxanciens","article_modified_time":"2024-03-06T08:56:39+00:00","og_image":[{"width":700,"height":700,"url":"https:\/\/provence-materiaux-anciens.com\/wp-content\/uploads\/2022\/12\/vieilles-tomettes-rouges01.jpg","type":"image\/jpeg"}],"twitter_card":"summary_large_image","twitter_misc":{"Est. reading time":"2 minutes"},"schema":{"@context":"https:\/\/schema.org","@graph":[{"@type":"WebPage","@id":"https:\/\/provence-materiaux-anciens.com\/produit\/sols\/terre-cuite-ancienne\/tomettes-anciennes\/vieilles-tomettes-rouges\/","url":"https:\/\/provence-materiaux-anciens.com\/produit\/sols\/terre-cuite-ancienne\/tomettes-anciennes\/vieilles-tomettes-rouges\/","name":"Old red terracotta tiles - Provence Mat\u00e9riaux Anciens","isPartOf":{"@id":"https:\/\/provence-materiaux-anciens.com\/#website"},"primaryImageOfPage":{"@id":"https:\/\/provence-materiaux-anciens.com\/produit\/sols\/terre-cuite-ancienne\/tomettes-anciennes\/vieilles-tomettes-rouges\/#primaryimage"},"image":{"@id":"https:\/\/provence-materiaux-anciens.com\/produit\/sols\/terre-cuite-ancienne\/tomettes-anciennes\/vieilles-tomettes-rouges\/#primaryimage"},"thumbnailUrl":"https:\/\/provence-materiaux-anciens.com\/wp-content\/uploads\/2022\/12\/vieilles-tomettes-rouges01.jpg","datePublished":"2022-12-02T18:52:24+00:00","dateModified":"2024-03-06T08:56:39+00:00","breadcrumb":{"@id":"https:\/\/provence-materiaux-anciens.com\/produit\/sols\/terre-cuite-ancienne\/tomettes-anciennes\/vieilles-tomettes-rouges\/#breadcrumb"},"inLanguage":"en-US","potentialAction":[{"@type":"ReadAction","target":["https:\/\/provence-materiaux-anciens.com\/produit\/sols\/terre-cuite-ancienne\/tomettes-anciennes\/vieilles-tomettes-rouges\/"]}]},{"@type":"ImageObject","inLanguage":"en-US","@id":"https:\/\/provence-materiaux-anciens.com\/produit\/sols\/terre-cuite-ancienne\/tomettes-anciennes\/vieilles-tomettes-rouges\/#primaryimage","url":"https:\/\/provence-materiaux-anciens.com\/wp-content\/uploads\/2022\/12\/vieilles-tomettes-rouges01.jpg","contentUrl":"https:\/\/provence-materiaux-anciens.com\/wp-content\/uploads\/2022\/12\/vieilles-tomettes-rouges01.jpg","width":700,"height":700,"caption":"vieilles-tomettes-rouges01"},{"@type":"BreadcrumbList","@id":"https:\/\/provence-materiaux-anciens.com\/produit\/sols\/terre-cuite-ancienne\/tomettes-anciennes\/vieilles-tomettes-rouges\/#breadcrumb","itemListElement":[{"@type":"ListItem","position":1,"name":"Accueil","item":"https:\/\/provence-materiaux-anciens.com\/fr\/"},{"@type":"ListItem","position":2,"name":"Produits","item":"https:\/\/provence-materiaux-anciens.com\/produit\/"},{"@type":"ListItem","position":3,"name":"Vieilles tomettes rouges"}]},{"@type":"WebSite","@id":"https:\/\/provence-materiaux-anciens.com\/#website","url":"https:\/\/provence-materiaux-anciens.com\/","name":"Provence Mat\u00e9riaux Anciens","description":"Purchase and sale of old building materials, beams, tiles, floors, frameworks, paving, terracotta.","publisher":{"@id":"https:\/\/provence-materiaux-anciens.com\/#organization"},"potentialAction":[{"@type":"SearchAction","target":{"@type":"EntryPoint","urlTemplate":"https:\/\/provence-materiaux-anciens.com\/?s={search_term_string}"},"query-input":{"@type":"PropertyValueSpecification","valueRequired":true,"valueName":"search_term_string"}}],"inLanguage":"en-US"},{"@type":"Organization","@id":"https:\/\/provence-materiaux-anciens.com\/#organization","name":"Provence Mat\u00e9riaux Anciens","url":"https:\/\/provence-materiaux-anciens.com\/","logo":{"@type":"ImageObject","inLanguage":"en-US","@id":"https:\/\/provence-materiaux-anciens.com\/#\/schema\/logo\/image\/","url":"https:\/\/provence-materiaux-anciens.com\/wp-content\/uploads\/2022\/03\/cropped-logo-pma-web.png","contentUrl":"https:\/\/provence-materiaux-anciens.com\/wp-content\/uploads\/2022\/03\/cropped-logo-pma-web.png","width":650,"height":434,"caption":"Provence Mat\u00e9riaux Anciens"},"image":{"@id":"https:\/\/provence-materiaux-anciens.com\/#\/schema\/logo\/image\/"},"sameAs":["https:\/\/www.facebook.com\/provencemateriauxanciens","https:\/\/www.instagram.com\/provencemateriauxanciens\/","https:\/\/www.pinterest.fr\/provencemateriauxanciens\/"]}]}},"_links":{"self":[{"href":"https:\/\/provence-materiaux-anciens.com\/en\/wp-json\/wp\/v2\/product\/1324","targetHints":{"allow":["GET"]}}],"collection":[{"href":"https:\/\/provence-materiaux-anciens.com\/en\/wp-json\/wp\/v2\/product"}],"about":[{"href":"https:\/\/provence-materiaux-anciens.com\/en\/wp-json\/wp\/v2\/types\/product"}],"wp:featuredmedia":[{"embeddable":true,"href":"https:\/\/provence-materiaux-anciens.com\/en\/wp-json\/wp\/v2\/media\/1565"}],"wp:attachment":[{"href":"https:\/\/provence-materiaux-anciens.com\/en\/wp-json\/wp\/v2\/media?parent=1324"}],"wp:term":[{"taxonomy":"product_brand","embeddable":true,"href":"https:\/\/provence-materiaux-anciens.com\/en\/wp-json\/wp\/v2\/product_brand?post=1324"},{"taxonomy":"product_cat","embeddable":true,"href":"https:\/\/provence-materiaux-anciens.com\/en\/wp-json\/wp\/v2\/product_cat?post=1324"},{"taxonomy":"product_tag","embeddable":true,"href":"https:\/\/provence-materiaux-anciens.com\/en\/wp-json\/wp\/v2\/product_tag?post=1324"}],"curies":[{"name":"wp","href":"https:\/\/api.w.org\/{rel}","templated":true}]}}