{"id":1426,"date":"2022-12-02T18:52:47","date_gmt":"2022-12-02T18:52:47","guid":{"rendered":"https:\/\/provence-materiaux-anciens.com\/?post_type=product&#038;p=1426"},"modified":"2025-07-25T10:26:59","modified_gmt":"2025-07-25T10:26:59","slug":"french-oak-lumber-2","status":"publish","type":"product","link":"https:\/\/provence-materiaux-anciens.com\/en\/product\/antique-wood-frame\/new-oak\/french-oak-lumber-2\/","title":{"rendered":"French Oak Beams"},"content":{"rendered":"<h3>Oak lumber<\/h3>\n<p><strong>The choice of oak lumber is synonymous with durability<\/strong> for every construction project. With its reputation for sturdiness, oak has long been the material of choice for <a href=\"https:\/\/provence-materiaux-anciens.com\/en\/product\/antique-wood-frame\/antique-oak-frames\/old-oak-frame\/\" target=\"\" rel=\"noopener\">wood frames<\/a>. It offers the perfect combination of strength, aesthetics and durability.<\/p>\n<h4>THE STRENGTH OF OAK<\/h4>\n<p>Oak wood is renowned for its exceptional density and natural resistance to weather, insects and decay. These characteristics make it an ideal material for carpentry, offering a high level of durability. <strong>stability and sturdiness<\/strong>. Whether to support a roof, a terrace or an outdoor structure, oak is the solution that guarantees the longevity of your construction.<\/p>\n<h4>THE DISTINCTIVE GRAIN OF OAK<\/h4>\n<p>In addition to its strength, oak is prized for its natural beauty and distinctive grain. Each piece of wood has subtle variations in color, texture and pattern. This creates timber frames that are both strong and unique. When used in traditional timber frame construction, oak brings a touch of timeless elegance that enhances the overall architecture.<\/p>\n<p>If you want straight beams, we recommend you choose the <a href=\"https:\/\/provence-materiaux-anciens.com\/en\/product\/antique-wood-frame\/antique-fir-frames\/antique-fir-beams\/\" target=\"\" rel=\"noopener\">fir beam<\/a>.<\/p>\n<h3>The durability of timber framing<\/h3>\n<p>Investing in oak framing means <strong>invest in the durability and lifespan of your building<\/strong>. Oak is a wood that ages very well, developing a natural patina and acquiring even more character over time. With regular maintenance, an oak frame can last for decades, even centuries. This makes it a wise choice for those looking for a long-term investment in their property.<\/p>\n<h3>The made in France choice<\/h3>\n<p><strong>When we choose French oak for your traditional frame, we give priority to quality and ecology.<\/strong>. French oak forests are responsibly managed, guaranteeing the preservation of these precious ecosystems for future generations. What's more, oak is a renewable material, making it an environmentally-friendly choice for any construction project.<\/p>\n<p><strong><a href=\"https:\/\/provence-materiaux-anciens.com\/en\/contact\/\" target=\"\" rel=\"noopener\">Get in touch with us<\/a> as of now<\/strong> to discuss your <a href=\"https:\/\/provence-materiaux-anciens.com\/en\/product-category\/antique-wood-frame\/\" target=\"\" rel=\"noopener\">traditional framework<\/a> with our French lumber.<\/p>","protected":false},"excerpt":{"rendered":"<h2><span style=\"font-size: 14pt;\"><strong>Ref:<\/strong> French Oak Beams  (Pou03)<\/span><\/h2>\n<p>We have a large permanent stock of French Oak Beams. Oak beams are cleaned and treated in our workshops. <strong>Our new sanded oak beams can be used to manufacture <a href=\"https:\/\/provence-materiaux-anciens.com\/en\/product-category\/antique-wood-frame\/\">traditional frameworks<\/a>.<\/strong><\/p>\n<p>Our carpenters will adapt to your requirements for any structural project using our French Oak Beams .<\/p>\n<p>Oak beams are characterized by irregularities. If you're looking for straight beams, we advise you to choose <a href=\"https:\/\/provence-materiaux-anciens.com\/en\/product\/antique-wood-frame\/antique-fir-frames\/antique-fir-beams\/\">fir beams<\/a>.<\/p>\n<p><strong>DIMENSIONS<\/strong> :<\/p>\n<ul>\n<li>Up to 5.5 m<\/li>\n<li>From 5.5 to 6.5 m<\/li>\n<li>From 6.5 to 7.5 m<\/li>\n<li>From 735 to 8.5 m<\/li>\n<li>+ on Quotation<\/li>\n<\/ul>","protected":false},"featured_media":4908,"template":"","meta":{"_monsterinsights_skip_tracking":false,"_monsterinsights_sitenote_active":false,"_monsterinsights_sitenote_note":"","_monsterinsights_sitenote_category":0},"product_brand":[],"product_cat":[27,57],"product_tag":[],"class_list":{"0":"post-1426","1":"product","2":"type-product","3":"status-publish","4":"has-post-thumbnail","6":"product_cat-charpente-vieux-bois","7":"product_cat-chene-neuf","9":"first","10":"instock","11":"shipping-taxable","12":"product-type-simple"},"yoast_head":"<!-- This site is optimized with the Yoast SEO Premium plugin v22.1 (Yoast SEO v24.6) - https:\/\/yoast.com\/wordpress\/plugins\/seo\/ -->\n<title>Bois de charpente en ch\u00eane Fran\u00e7ais - PMA<\/title>\n<meta name=\"description\" content=\"Nous vous proposons du bois de charpente en ch\u00eane fran\u00e7ais pour votre charpente traditionnelle. Le choix de la qualit\u00e9 et de l&#039;authenticit\u00e9\" \/>\n<meta name=\"robots\" content=\"index, follow, max-snippet:-1, max-image-preview:large, max-video-preview:-1\" \/>\n<link rel=\"canonical\" href=\"https:\/\/provence-materiaux-anciens.com\/en\/product\/antique-wood-frame\/new-oak\/french-oak-lumber-2\/\" \/>\n<meta property=\"og:locale\" content=\"en_US\" \/>\n<meta property=\"og:type\" content=\"article\" \/>\n<meta property=\"og:title\" content=\"Bois de charpente en ch\u00eane Fran\u00e7ais\" \/>\n<meta property=\"og:description\" content=\"Nous vous proposons du bois de charpente en ch\u00eane fran\u00e7ais pour votre charpente traditionnelle. Le choix de la qualit\u00e9 et de l&#039;authenticit\u00e9\" \/>\n<meta property=\"og:url\" content=\"https:\/\/provence-materiaux-anciens.com\/en\/product\/antique-wood-frame\/new-oak\/french-oak-lumber-2\/\" \/>\n<meta property=\"og:site_name\" content=\"Provence Mat\u00e9riaux Anciens\" \/>\n<meta property=\"article:publisher\" content=\"https:\/\/www.facebook.com\/provencemateriauxanciens\" \/>\n<meta property=\"article:modified_time\" content=\"2025-07-25T10:26:59+00:00\" \/>\n<meta property=\"og:image\" content=\"https:\/\/provence-materiaux-anciens.com\/wp-content\/uploads\/2022\/12\/20240612_162630-scaled.jpg\" \/>\n\t<meta property=\"og:image:width\" content=\"1920\" \/>\n\t<meta property=\"og:image:height\" content=\"2560\" \/>\n\t<meta property=\"og:image:type\" content=\"image\/jpeg\" \/>\n<meta name=\"twitter:card\" content=\"summary_large_image\" \/>\n<meta name=\"twitter:label1\" content=\"Est. reading time\" \/>\n\t<meta name=\"twitter:data1\" content=\"3 minutes\" \/>\n<script type=\"application\/ld+json\" class=\"yoast-schema-graph\">{\"@context\":\"https:\/\/schema.org\",\"@graph\":[{\"@type\":\"WebPage\",\"@id\":\"https:\/\/provence-materiaux-anciens.com\/produit\/charpente-vieux-bois\/chene-neuf\/bois-de-charpente-en-chene-francais-2\/\",\"url\":\"https:\/\/provence-materiaux-anciens.com\/produit\/charpente-vieux-bois\/chene-neuf\/bois-de-charpente-en-chene-francais-2\/\",\"name\":\"Bois de charpente en ch\u00eane Fran\u00e7ais - PMA\",\"isPartOf\":{\"@id\":\"https:\/\/provence-materiaux-anciens.com\/#website\"},\"primaryImageOfPage\":{\"@id\":\"https:\/\/provence-materiaux-anciens.com\/produit\/charpente-vieux-bois\/chene-neuf\/bois-de-charpente-en-chene-francais-2\/#primaryimage\"},\"image\":{\"@id\":\"https:\/\/provence-materiaux-anciens.com\/produit\/charpente-vieux-bois\/chene-neuf\/bois-de-charpente-en-chene-francais-2\/#primaryimage\"},\"thumbnailUrl\":\"https:\/\/provence-materiaux-anciens.com\/wp-content\/uploads\/2022\/12\/20240612_162630-scaled.jpg\",\"datePublished\":\"2022-12-02T18:52:47+00:00\",\"dateModified\":\"2025-07-25T10:26:59+00:00\",\"description\":\"Nous vous proposons du bois de charpente en ch\u00eane fran\u00e7ais pour votre charpente traditionnelle. Le choix de la qualit\u00e9 et de l'authenticit\u00e9\",\"breadcrumb\":{\"@id\":\"https:\/\/provence-materiaux-anciens.com\/produit\/charpente-vieux-bois\/chene-neuf\/bois-de-charpente-en-chene-francais-2\/#breadcrumb\"},\"inLanguage\":\"en-US\",\"potentialAction\":[{\"@type\":\"ReadAction\",\"target\":[\"https:\/\/provence-materiaux-anciens.com\/produit\/charpente-vieux-bois\/chene-neuf\/bois-de-charpente-en-chene-francais-2\/\"]}]},{\"@type\":\"ImageObject\",\"inLanguage\":\"en-US\",\"@id\":\"https:\/\/provence-materiaux-anciens.com\/produit\/charpente-vieux-bois\/chene-neuf\/bois-de-charpente-en-chene-francais-2\/#primaryimage\",\"url\":\"https:\/\/provence-materiaux-anciens.com\/wp-content\/uploads\/2022\/12\/20240612_162630-scaled.jpg\",\"contentUrl\":\"https:\/\/provence-materiaux-anciens.com\/wp-content\/uploads\/2022\/12\/20240612_162630-scaled.jpg\",\"width\":1920,\"height\":2560},{\"@type\":\"BreadcrumbList\",\"@id\":\"https:\/\/provence-materiaux-anciens.com\/produit\/charpente-vieux-bois\/chene-neuf\/bois-de-charpente-en-chene-francais-2\/#breadcrumb\",\"itemListElement\":[{\"@type\":\"ListItem\",\"position\":1,\"name\":\"Accueil\",\"item\":\"https:\/\/provence-materiaux-anciens.com\/fr\/\"},{\"@type\":\"ListItem\",\"position\":2,\"name\":\"Produits\",\"item\":\"https:\/\/provence-materiaux-anciens.com\/produit\/\"},{\"@type\":\"ListItem\",\"position\":3,\"name\":\"Bois de charpente en ch\u00eane Fran\u00e7ais\"}]},{\"@type\":\"WebSite\",\"@id\":\"https:\/\/provence-materiaux-anciens.com\/#website\",\"url\":\"https:\/\/provence-materiaux-anciens.com\/\",\"name\":\"Provence Mat\u00e9riaux Anciens\",\"description\":\"Achat et vente de mat\u00e9riaux anciens de construction, poutres, tuiles, planchers, charpentes, dallages, terres cuites.\",\"publisher\":{\"@id\":\"https:\/\/provence-materiaux-anciens.com\/#organization\"},\"potentialAction\":[{\"@type\":\"SearchAction\",\"target\":{\"@type\":\"EntryPoint\",\"urlTemplate\":\"https:\/\/provence-materiaux-anciens.com\/?s={search_term_string}\"},\"query-input\":{\"@type\":\"PropertyValueSpecification\",\"valueRequired\":true,\"valueName\":\"search_term_string\"}}],\"inLanguage\":\"en-US\"},{\"@type\":\"Organization\",\"@id\":\"https:\/\/provence-materiaux-anciens.com\/#organization\",\"name\":\"Provence Mat\u00e9riaux Anciens\",\"url\":\"https:\/\/provence-materiaux-anciens.com\/\",\"logo\":{\"@type\":\"ImageObject\",\"inLanguage\":\"en-US\",\"@id\":\"https:\/\/provence-materiaux-anciens.com\/#\/schema\/logo\/image\/\",\"url\":\"https:\/\/provence-materiaux-anciens.com\/wp-content\/uploads\/2022\/03\/cropped-logo-pma-web.png\",\"contentUrl\":\"https:\/\/provence-materiaux-anciens.com\/wp-content\/uploads\/2022\/03\/cropped-logo-pma-web.png\",\"width\":650,\"height\":434,\"caption\":\"Provence Mat\u00e9riaux Anciens\"},\"image\":{\"@id\":\"https:\/\/provence-materiaux-anciens.com\/#\/schema\/logo\/image\/\"},\"sameAs\":[\"https:\/\/www.facebook.com\/provencemateriauxanciens\",\"https:\/\/www.instagram.com\/provencemateriauxanciens\/\",\"https:\/\/www.pinterest.fr\/provencemateriauxanciens\/\"]}]}<\/script>\n<!-- \/ Yoast SEO Premium plugin. -->","yoast_head_json":{"title":"French oak lumber - PMA","description":"We offer you French oak lumber for your traditional frame. The choice of quality and authenticity","robots":{"index":"index","follow":"follow","max-snippet":"max-snippet:-1","max-image-preview":"max-image-preview:large","max-video-preview":"max-video-preview:-1"},"canonical":"https:\/\/provence-materiaux-anciens.com\/en\/product\/antique-wood-frame\/new-oak\/french-oak-lumber-2\/","og_locale":"en_US","og_type":"article","og_title":"Bois de charpente en ch\u00eane Fran\u00e7ais","og_description":"Nous vous proposons du bois de charpente en ch\u00eane fran\u00e7ais pour votre charpente traditionnelle. Le choix de la qualit\u00e9 et de l'authenticit\u00e9","og_url":"https:\/\/provence-materiaux-anciens.com\/en\/product\/antique-wood-frame\/new-oak\/french-oak-lumber-2\/","og_site_name":"Provence Mat\u00e9riaux Anciens","article_publisher":"https:\/\/www.facebook.com\/provencemateriauxanciens","article_modified_time":"2025-07-25T10:26:59+00:00","og_image":[{"width":1920,"height":2560,"url":"https:\/\/provence-materiaux-anciens.com\/wp-content\/uploads\/2022\/12\/20240612_162630-scaled.jpg","type":"image\/jpeg"}],"twitter_card":"summary_large_image","twitter_misc":{"Est. reading time":"3 minutes"},"schema":{"@context":"https:\/\/schema.org","@graph":[{"@type":"WebPage","@id":"https:\/\/provence-materiaux-anciens.com\/produit\/charpente-vieux-bois\/chene-neuf\/bois-de-charpente-en-chene-francais-2\/","url":"https:\/\/provence-materiaux-anciens.com\/produit\/charpente-vieux-bois\/chene-neuf\/bois-de-charpente-en-chene-francais-2\/","name":"French oak lumber - PMA","isPartOf":{"@id":"https:\/\/provence-materiaux-anciens.com\/#website"},"primaryImageOfPage":{"@id":"https:\/\/provence-materiaux-anciens.com\/produit\/charpente-vieux-bois\/chene-neuf\/bois-de-charpente-en-chene-francais-2\/#primaryimage"},"image":{"@id":"https:\/\/provence-materiaux-anciens.com\/produit\/charpente-vieux-bois\/chene-neuf\/bois-de-charpente-en-chene-francais-2\/#primaryimage"},"thumbnailUrl":"https:\/\/provence-materiaux-anciens.com\/wp-content\/uploads\/2022\/12\/20240612_162630-scaled.jpg","datePublished":"2022-12-02T18:52:47+00:00","dateModified":"2025-07-25T10:26:59+00:00","description":"We offer you French oak lumber for your traditional frame. The choice of quality and authenticity","breadcrumb":{"@id":"https:\/\/provence-materiaux-anciens.com\/produit\/charpente-vieux-bois\/chene-neuf\/bois-de-charpente-en-chene-francais-2\/#breadcrumb"},"inLanguage":"en-US","potentialAction":[{"@type":"ReadAction","target":["https:\/\/provence-materiaux-anciens.com\/produit\/charpente-vieux-bois\/chene-neuf\/bois-de-charpente-en-chene-francais-2\/"]}]},{"@type":"ImageObject","inLanguage":"en-US","@id":"https:\/\/provence-materiaux-anciens.com\/produit\/charpente-vieux-bois\/chene-neuf\/bois-de-charpente-en-chene-francais-2\/#primaryimage","url":"https:\/\/provence-materiaux-anciens.com\/wp-content\/uploads\/2022\/12\/20240612_162630-scaled.jpg","contentUrl":"https:\/\/provence-materiaux-anciens.com\/wp-content\/uploads\/2022\/12\/20240612_162630-scaled.jpg","width":1920,"height":2560},{"@type":"BreadcrumbList","@id":"https:\/\/provence-materiaux-anciens.com\/produit\/charpente-vieux-bois\/chene-neuf\/bois-de-charpente-en-chene-francais-2\/#breadcrumb","itemListElement":[{"@type":"ListItem","position":1,"name":"Accueil","item":"https:\/\/provence-materiaux-anciens.com\/fr\/"},{"@type":"ListItem","position":2,"name":"Produits","item":"https:\/\/provence-materiaux-anciens.com\/produit\/"},{"@type":"ListItem","position":3,"name":"Bois de charpente en ch\u00eane Fran\u00e7ais"}]},{"@type":"WebSite","@id":"https:\/\/provence-materiaux-anciens.com\/#website","url":"https:\/\/provence-materiaux-anciens.com\/","name":"Provence Mat\u00e9riaux Anciens","description":"Purchase and sale of old building materials, beams, tiles, floors, frameworks, paving, terracotta.","publisher":{"@id":"https:\/\/provence-materiaux-anciens.com\/#organization"},"potentialAction":[{"@type":"SearchAction","target":{"@type":"EntryPoint","urlTemplate":"https:\/\/provence-materiaux-anciens.com\/?s={search_term_string}"},"query-input":{"@type":"PropertyValueSpecification","valueRequired":true,"valueName":"search_term_string"}}],"inLanguage":"en-US"},{"@type":"Organization","@id":"https:\/\/provence-materiaux-anciens.com\/#organization","name":"Provence Mat\u00e9riaux Anciens","url":"https:\/\/provence-materiaux-anciens.com\/","logo":{"@type":"ImageObject","inLanguage":"en-US","@id":"https:\/\/provence-materiaux-anciens.com\/#\/schema\/logo\/image\/","url":"https:\/\/provence-materiaux-anciens.com\/wp-content\/uploads\/2022\/03\/cropped-logo-pma-web.png","contentUrl":"https:\/\/provence-materiaux-anciens.com\/wp-content\/uploads\/2022\/03\/cropped-logo-pma-web.png","width":650,"height":434,"caption":"Provence Mat\u00e9riaux Anciens"},"image":{"@id":"https:\/\/provence-materiaux-anciens.com\/#\/schema\/logo\/image\/"},"sameAs":["https:\/\/www.facebook.com\/provencemateriauxanciens","https:\/\/www.instagram.com\/provencemateriauxanciens\/","https:\/\/www.pinterest.fr\/provencemateriauxanciens\/"]}]}},"_links":{"self":[{"href":"https:\/\/provence-materiaux-anciens.com\/en\/wp-json\/wp\/v2\/product\/1426","targetHints":{"allow":["GET"]}}],"collection":[{"href":"https:\/\/provence-materiaux-anciens.com\/en\/wp-json\/wp\/v2\/product"}],"about":[{"href":"https:\/\/provence-materiaux-anciens.com\/en\/wp-json\/wp\/v2\/types\/product"}],"wp:featuredmedia":[{"embeddable":true,"href":"https:\/\/provence-materiaux-anciens.com\/en\/wp-json\/wp\/v2\/media\/4908"}],"wp:attachment":[{"href":"https:\/\/provence-materiaux-anciens.com\/en\/wp-json\/wp\/v2\/media?parent=1426"}],"wp:term":[{"taxonomy":"product_brand","embeddable":true,"href":"https:\/\/provence-materiaux-anciens.com\/en\/wp-json\/wp\/v2\/product_brand?post=1426"},{"taxonomy":"product_cat","embeddable":true,"href":"https:\/\/provence-materiaux-anciens.com\/en\/wp-json\/wp\/v2\/product_cat?post=1426"},{"taxonomy":"product_tag","embeddable":true,"href":"https:\/\/provence-materiaux-anciens.com\/en\/wp-json\/wp\/v2\/product_tag?post=1426"}],"curies":[{"name":"wp","href":"https:\/\/api.w.org\/{rel}","templated":true}]}}