{"id":1430,"date":"2022-12-02T18:52:47","date_gmt":"2022-12-02T18:52:47","guid":{"rendered":"https:\/\/provence-materiaux-anciens.com\/?post_type=product&#038;p=1430"},"modified":"2025-07-25T11:22:30","modified_gmt":"2025-07-25T11:22:30","slug":"red-hexagonal-tomette-reedition","status":"publish","type":"product","link":"https:\/\/provence-materiaux-anciens.com\/en\/product\/floors\/antique-terracotta\/antique-floor-tiles\/red-hexagonal-tomette-reedition\/","title":{"rendered":"French Terra cotta Hexagon Flooring"},"content":{"rendered":"<p><span style=\"font-weight: 400;\">Are you looking for solid, weather-resistant, vintage flooring? Our <\/span><b>French Terracotta Hexagon Flooring<\/b><span style=\"font-weight: 400;\"> is just what you need.<\/span><\/p>\n<h3><span style=\"font-weight: 400;\">Antique hexagonal Tomettes add charm to your home<\/span><\/h3>\n<p><span style=\"font-weight: 400;\">If you turn to cladding made from antique terracotta, it's certainly because you're aware of the charm it will bring to your home. The <\/span><b>French Terracotta Hexagon Flooring<\/b><span style=\"font-weight: 400;\"> by Provence Mat\u00e9riaux Anciens is one of our customers' most popular floor tiles.<\/span><\/p>\n<p><span style=\"font-weight: 400;\">These tomettes will give your home an elegant, warm and welcoming look. With these terracotta tiles, you can give your home a unique look.<\/span><\/p>\n<p><span style=\"font-weight: 400;\">You can use them for floors in the living room, kitchen, bedrooms, hallway, bathroom and more.<\/span><\/p>\n<h3><span style=\"font-weight: 400;\">Choose an attractive, decorative floor covering<\/span><\/h3>\n<p><span style=\"font-weight: 400;\">Our <\/span><b>French Terracotta Hexagon Flooring<\/b><span style=\"font-weight: 400;\"> is the type of tile you need if you need to have a <\/span><b>atypical flooring that's easy to match<\/b><span style=\"font-weight: 400;\">. These tiles can be combined with modern, contemporary, minimalist, Scandinavian and many other styles.<\/span><\/p>\n<p><span style=\"font-weight: 400;\">These <\/span><b>French Terracotta Hexagon Flooring<\/b><span style=\"font-weight: 400;\"> are non-slip and easy to lay. You can use them as internal and external flooring, as they are weather-resistant.<\/span><\/p>\n<h3><span style=\"font-weight: 400;\">Eco-friendly antique floor tiles<\/span><\/h3>\n<p><span style=\"font-weight: 400;\">Yes, our old tomettes are made from natural materials. In fact, they were made from old building materials. What's more, they can be recycled or reused at the end of their lives.<\/span><\/p>\n<h3><span style=\"font-weight: 400;\">Long-lasting hexagonal floor tiles<\/span><\/h3>\n<p><span style=\"font-weight: 400;\">Our antique hexagonal floor tiles are extremely durable. With the right care, you can use them for many years, from generation to generation. They are made from <\/span><b>high-quality materials<\/b><span style=\"font-weight: 400;\"> and are therefore less likely to break or crack.<\/span><\/p>\n<p><span style=\"font-weight: 400;\">Our <\/span><b>French Terracotta Hexagon Flooring<\/b><span style=\"font-weight: 400;\">is a quality choice for anyone who wants authentic, durable flooring.<\/span><\/p>","protected":false},"excerpt":{"rendered":"<h3><strong>Ref : HEXNATEFFE (Natural Hexagon) or HEXPATIN (Hexagon patina effect)<br \/>\n<\/strong><\/h3>\n<ul>\n<li><strong>Materials<\/strong> Terracotta<\/li>\n<li><strong>Dimensions<\/strong> size : 15 x 15 cm<\/li>\n<li><strong>Thickness<\/strong> : 2 cm<\/li>\n<li><b>Availability<\/b> : Constant<\/li>\n<\/ul>\n<p>French Terracotta Hexagon Flooring available in large quantities. Terracotta tiles in a pinkish-red hue.<\/p>\n<p>We recommend treating floor tiles with our product <a href=\"https:\/\/provence-materiaux-anciens.com\/en\/product\/floors\/soil-treatment\/provence-primer\/\">Provence Primer<\/a>.<\/p>\n<p>For older floor tiles, we recommend <a href=\"https:\/\/provence-materiaux-anciens.com\/en\/old-floors\/antique-terracotta\/tomette\/hexagonal-antique-floor-tiles\/\">Antique Hexagonal Tomettes<\/a>.<\/p>","protected":false},"featured_media":1563,"template":"","meta":{"_monsterinsights_skip_tracking":false,"_monsterinsights_sitenote_active":false,"_monsterinsights_sitenote_note":"","_monsterinsights_sitenote_category":0},"product_brand":[],"product_cat":[32,35,33],"product_tag":[141,140],"class_list":{"0":"post-1430","1":"product","2":"type-product","3":"status-publish","4":"has-post-thumbnail","6":"product_cat-sols","7":"product_cat-tomettes-anciennes","8":"product_cat-terre-cuite-ancienne","9":"product_tag-hexagonales","10":"product_tag-tomettes","12":"first","13":"instock","14":"shipping-taxable","15":"product-type-simple"},"yoast_head":"<!-- This site is optimized with the Yoast SEO Premium plugin v22.1 (Yoast SEO v24.6) - https:\/\/yoast.com\/wordpress\/plugins\/seo\/ -->\n<title>Tomettes hexagonales rouges - Provence Mat\u00e9riaux Anciens<\/title>\n<meta name=\"robots\" content=\"index, follow, max-snippet:-1, max-image-preview:large, max-video-preview:-1\" \/>\n<link rel=\"canonical\" href=\"https:\/\/provence-materiaux-anciens.com\/en\/product\/floors\/antique-terracotta\/antique-floor-tiles\/red-hexagonal-tomette-reedition\/\" \/>\n<meta property=\"og:locale\" content=\"en_US\" \/>\n<meta property=\"og:type\" content=\"article\" \/>\n<meta property=\"og:title\" content=\"Tomettes hexagonales rouges\" \/>\n<meta property=\"og:description\" content=\"Ref : HEXNATEFFE (Hexagone Naturel) ou HEXPATIN (Hexagone effet patin\u00e9)    Mat\u00e9riaux : Terre cuite  Dimensions : 15 x 15 cm  \u00c9paisseur : 2 cm  Disponibilit\u00e9 : Constante  Tomettes hexagonales disponibles en grande quantit\u00e9. Carrelage en terre cuite de teinte ros\u00e9e rouge.  Nous vous recommandons de traiter les tomettes avec notre produit Provence Primer.  Pour des tomettes plus anciennes, nous vous conseillons Tomettes Anciennes Hexagonales.\" \/>\n<meta property=\"og:url\" content=\"https:\/\/provence-materiaux-anciens.com\/en\/product\/floors\/antique-terracotta\/antique-floor-tiles\/red-hexagonal-tomette-reedition\/\" \/>\n<meta property=\"og:site_name\" content=\"Provence Mat\u00e9riaux Anciens\" \/>\n<meta property=\"article:publisher\" content=\"https:\/\/www.facebook.com\/provencemateriauxanciens\" \/>\n<meta property=\"article:modified_time\" content=\"2025-07-25T11:22:30+00:00\" \/>\n<meta property=\"og:image\" content=\"https:\/\/provence-materiaux-anciens.com\/wp-content\/uploads\/2022\/12\/tomette-hexagonale-rouge01.jpg\" \/>\n\t<meta property=\"og:image:width\" content=\"700\" \/>\n\t<meta property=\"og:image:height\" content=\"700\" \/>\n\t<meta property=\"og:image:type\" content=\"image\/jpeg\" \/>\n<meta name=\"twitter:card\" content=\"summary_large_image\" \/>\n<meta name=\"twitter:label1\" content=\"Est. reading time\" \/>\n\t<meta name=\"twitter:data1\" content=\"2 minutes\" \/>\n<script type=\"application\/ld+json\" class=\"yoast-schema-graph\">{\"@context\":\"https:\/\/schema.org\",\"@graph\":[{\"@type\":\"WebPage\",\"@id\":\"https:\/\/provence-materiaux-anciens.com\/produit\/sols\/terre-cuite-ancienne\/tomettes-anciennes\/reedition-tomette-hexagonale-rouge\/\",\"url\":\"https:\/\/provence-materiaux-anciens.com\/produit\/sols\/terre-cuite-ancienne\/tomettes-anciennes\/reedition-tomette-hexagonale-rouge\/\",\"name\":\"Tomettes hexagonales rouges - Provence Mat\u00e9riaux Anciens\",\"isPartOf\":{\"@id\":\"https:\/\/provence-materiaux-anciens.com\/#website\"},\"primaryImageOfPage\":{\"@id\":\"https:\/\/provence-materiaux-anciens.com\/produit\/sols\/terre-cuite-ancienne\/tomettes-anciennes\/reedition-tomette-hexagonale-rouge\/#primaryimage\"},\"image\":{\"@id\":\"https:\/\/provence-materiaux-anciens.com\/produit\/sols\/terre-cuite-ancienne\/tomettes-anciennes\/reedition-tomette-hexagonale-rouge\/#primaryimage\"},\"thumbnailUrl\":\"https:\/\/provence-materiaux-anciens.com\/wp-content\/uploads\/2022\/12\/tomette-hexagonale-rouge01.jpg\",\"datePublished\":\"2022-12-02T18:52:47+00:00\",\"dateModified\":\"2025-07-25T11:22:30+00:00\",\"breadcrumb\":{\"@id\":\"https:\/\/provence-materiaux-anciens.com\/produit\/sols\/terre-cuite-ancienne\/tomettes-anciennes\/reedition-tomette-hexagonale-rouge\/#breadcrumb\"},\"inLanguage\":\"en-US\",\"potentialAction\":[{\"@type\":\"ReadAction\",\"target\":[\"https:\/\/provence-materiaux-anciens.com\/produit\/sols\/terre-cuite-ancienne\/tomettes-anciennes\/reedition-tomette-hexagonale-rouge\/\"]}]},{\"@type\":\"ImageObject\",\"inLanguage\":\"en-US\",\"@id\":\"https:\/\/provence-materiaux-anciens.com\/produit\/sols\/terre-cuite-ancienne\/tomettes-anciennes\/reedition-tomette-hexagonale-rouge\/#primaryimage\",\"url\":\"https:\/\/provence-materiaux-anciens.com\/wp-content\/uploads\/2022\/12\/tomette-hexagonale-rouge01.jpg\",\"contentUrl\":\"https:\/\/provence-materiaux-anciens.com\/wp-content\/uploads\/2022\/12\/tomette-hexagonale-rouge01.jpg\",\"width\":700,\"height\":700,\"caption\":\"R\u00e9\u00e9dition tomette hexagonale rouge\"},{\"@type\":\"BreadcrumbList\",\"@id\":\"https:\/\/provence-materiaux-anciens.com\/produit\/sols\/terre-cuite-ancienne\/tomettes-anciennes\/reedition-tomette-hexagonale-rouge\/#breadcrumb\",\"itemListElement\":[{\"@type\":\"ListItem\",\"position\":1,\"name\":\"Accueil\",\"item\":\"https:\/\/provence-materiaux-anciens.com\/fr\/\"},{\"@type\":\"ListItem\",\"position\":2,\"name\":\"Produits\",\"item\":\"https:\/\/provence-materiaux-anciens.com\/produit\/\"},{\"@type\":\"ListItem\",\"position\":3,\"name\":\"Tomettes hexagonales rouges\"}]},{\"@type\":\"WebSite\",\"@id\":\"https:\/\/provence-materiaux-anciens.com\/#website\",\"url\":\"https:\/\/provence-materiaux-anciens.com\/\",\"name\":\"Provence Mat\u00e9riaux Anciens\",\"description\":\"Achat et vente de mat\u00e9riaux anciens de construction, poutres, tuiles, planchers, charpentes, dallages, terres cuites.\",\"publisher\":{\"@id\":\"https:\/\/provence-materiaux-anciens.com\/#organization\"},\"potentialAction\":[{\"@type\":\"SearchAction\",\"target\":{\"@type\":\"EntryPoint\",\"urlTemplate\":\"https:\/\/provence-materiaux-anciens.com\/?s={search_term_string}\"},\"query-input\":{\"@type\":\"PropertyValueSpecification\",\"valueRequired\":true,\"valueName\":\"search_term_string\"}}],\"inLanguage\":\"en-US\"},{\"@type\":\"Organization\",\"@id\":\"https:\/\/provence-materiaux-anciens.com\/#organization\",\"name\":\"Provence Mat\u00e9riaux Anciens\",\"url\":\"https:\/\/provence-materiaux-anciens.com\/\",\"logo\":{\"@type\":\"ImageObject\",\"inLanguage\":\"en-US\",\"@id\":\"https:\/\/provence-materiaux-anciens.com\/#\/schema\/logo\/image\/\",\"url\":\"https:\/\/provence-materiaux-anciens.com\/wp-content\/uploads\/2022\/03\/cropped-logo-pma-web.png\",\"contentUrl\":\"https:\/\/provence-materiaux-anciens.com\/wp-content\/uploads\/2022\/03\/cropped-logo-pma-web.png\",\"width\":650,\"height\":434,\"caption\":\"Provence Mat\u00e9riaux Anciens\"},\"image\":{\"@id\":\"https:\/\/provence-materiaux-anciens.com\/#\/schema\/logo\/image\/\"},\"sameAs\":[\"https:\/\/www.facebook.com\/provencemateriauxanciens\",\"https:\/\/www.instagram.com\/provencemateriauxanciens\/\",\"https:\/\/www.pinterest.fr\/provencemateriauxanciens\/\"]}]}<\/script>\n<!-- \/ Yoast SEO Premium plugin. -->","yoast_head_json":{"title":"Red hexagonal tomettes - Provence Mat\u00e9riaux Anciens","robots":{"index":"index","follow":"follow","max-snippet":"max-snippet:-1","max-image-preview":"max-image-preview:large","max-video-preview":"max-video-preview:-1"},"canonical":"https:\/\/provence-materiaux-anciens.com\/en\/product\/floors\/antique-terracotta\/antique-floor-tiles\/red-hexagonal-tomette-reedition\/","og_locale":"en_US","og_type":"article","og_title":"Tomettes hexagonales rouges","og_description":"Ref : HEXNATEFFE (Hexagone Naturel) ou HEXPATIN (Hexagone effet patin\u00e9)    Mat\u00e9riaux : Terre cuite  Dimensions : 15 x 15 cm  \u00c9paisseur : 2 cm  Disponibilit\u00e9 : Constante  Tomettes hexagonales disponibles en grande quantit\u00e9. Carrelage en terre cuite de teinte ros\u00e9e rouge.  Nous vous recommandons de traiter les tomettes avec notre produit Provence Primer.  Pour des tomettes plus anciennes, nous vous conseillons Tomettes Anciennes Hexagonales.","og_url":"https:\/\/provence-materiaux-anciens.com\/en\/product\/floors\/antique-terracotta\/antique-floor-tiles\/red-hexagonal-tomette-reedition\/","og_site_name":"Provence Mat\u00e9riaux Anciens","article_publisher":"https:\/\/www.facebook.com\/provencemateriauxanciens","article_modified_time":"2025-07-25T11:22:30+00:00","og_image":[{"width":700,"height":700,"url":"https:\/\/provence-materiaux-anciens.com\/wp-content\/uploads\/2022\/12\/tomette-hexagonale-rouge01.jpg","type":"image\/jpeg"}],"twitter_card":"summary_large_image","twitter_misc":{"Est. reading time":"2 minutes"},"schema":{"@context":"https:\/\/schema.org","@graph":[{"@type":"WebPage","@id":"https:\/\/provence-materiaux-anciens.com\/produit\/sols\/terre-cuite-ancienne\/tomettes-anciennes\/reedition-tomette-hexagonale-rouge\/","url":"https:\/\/provence-materiaux-anciens.com\/produit\/sols\/terre-cuite-ancienne\/tomettes-anciennes\/reedition-tomette-hexagonale-rouge\/","name":"Red hexagonal tomettes - Provence Mat\u00e9riaux Anciens","isPartOf":{"@id":"https:\/\/provence-materiaux-anciens.com\/#website"},"primaryImageOfPage":{"@id":"https:\/\/provence-materiaux-anciens.com\/produit\/sols\/terre-cuite-ancienne\/tomettes-anciennes\/reedition-tomette-hexagonale-rouge\/#primaryimage"},"image":{"@id":"https:\/\/provence-materiaux-anciens.com\/produit\/sols\/terre-cuite-ancienne\/tomettes-anciennes\/reedition-tomette-hexagonale-rouge\/#primaryimage"},"thumbnailUrl":"https:\/\/provence-materiaux-anciens.com\/wp-content\/uploads\/2022\/12\/tomette-hexagonale-rouge01.jpg","datePublished":"2022-12-02T18:52:47+00:00","dateModified":"2025-07-25T11:22:30+00:00","breadcrumb":{"@id":"https:\/\/provence-materiaux-anciens.com\/produit\/sols\/terre-cuite-ancienne\/tomettes-anciennes\/reedition-tomette-hexagonale-rouge\/#breadcrumb"},"inLanguage":"en-US","potentialAction":[{"@type":"ReadAction","target":["https:\/\/provence-materiaux-anciens.com\/produit\/sols\/terre-cuite-ancienne\/tomettes-anciennes\/reedition-tomette-hexagonale-rouge\/"]}]},{"@type":"ImageObject","inLanguage":"en-US","@id":"https:\/\/provence-materiaux-anciens.com\/produit\/sols\/terre-cuite-ancienne\/tomettes-anciennes\/reedition-tomette-hexagonale-rouge\/#primaryimage","url":"https:\/\/provence-materiaux-anciens.com\/wp-content\/uploads\/2022\/12\/tomette-hexagonale-rouge01.jpg","contentUrl":"https:\/\/provence-materiaux-anciens.com\/wp-content\/uploads\/2022\/12\/tomette-hexagonale-rouge01.jpg","width":700,"height":700,"caption":"R\u00e9\u00e9dition tomette hexagonale rouge"},{"@type":"BreadcrumbList","@id":"https:\/\/provence-materiaux-anciens.com\/produit\/sols\/terre-cuite-ancienne\/tomettes-anciennes\/reedition-tomette-hexagonale-rouge\/#breadcrumb","itemListElement":[{"@type":"ListItem","position":1,"name":"Accueil","item":"https:\/\/provence-materiaux-anciens.com\/fr\/"},{"@type":"ListItem","position":2,"name":"Produits","item":"https:\/\/provence-materiaux-anciens.com\/produit\/"},{"@type":"ListItem","position":3,"name":"Tomettes hexagonales rouges"}]},{"@type":"WebSite","@id":"https:\/\/provence-materiaux-anciens.com\/#website","url":"https:\/\/provence-materiaux-anciens.com\/","name":"Provence Mat\u00e9riaux Anciens","description":"Purchase and sale of old building materials, beams, tiles, floors, frameworks, paving, terracotta.","publisher":{"@id":"https:\/\/provence-materiaux-anciens.com\/#organization"},"potentialAction":[{"@type":"SearchAction","target":{"@type":"EntryPoint","urlTemplate":"https:\/\/provence-materiaux-anciens.com\/?s={search_term_string}"},"query-input":{"@type":"PropertyValueSpecification","valueRequired":true,"valueName":"search_term_string"}}],"inLanguage":"en-US"},{"@type":"Organization","@id":"https:\/\/provence-materiaux-anciens.com\/#organization","name":"Provence Mat\u00e9riaux Anciens","url":"https:\/\/provence-materiaux-anciens.com\/","logo":{"@type":"ImageObject","inLanguage":"en-US","@id":"https:\/\/provence-materiaux-anciens.com\/#\/schema\/logo\/image\/","url":"https:\/\/provence-materiaux-anciens.com\/wp-content\/uploads\/2022\/03\/cropped-logo-pma-web.png","contentUrl":"https:\/\/provence-materiaux-anciens.com\/wp-content\/uploads\/2022\/03\/cropped-logo-pma-web.png","width":650,"height":434,"caption":"Provence Mat\u00e9riaux Anciens"},"image":{"@id":"https:\/\/provence-materiaux-anciens.com\/#\/schema\/logo\/image\/"},"sameAs":["https:\/\/www.facebook.com\/provencemateriauxanciens","https:\/\/www.instagram.com\/provencemateriauxanciens\/","https:\/\/www.pinterest.fr\/provencemateriauxanciens\/"]}]}},"_links":{"self":[{"href":"https:\/\/provence-materiaux-anciens.com\/en\/wp-json\/wp\/v2\/product\/1430","targetHints":{"allow":["GET"]}}],"collection":[{"href":"https:\/\/provence-materiaux-anciens.com\/en\/wp-json\/wp\/v2\/product"}],"about":[{"href":"https:\/\/provence-materiaux-anciens.com\/en\/wp-json\/wp\/v2\/types\/product"}],"wp:featuredmedia":[{"embeddable":true,"href":"https:\/\/provence-materiaux-anciens.com\/en\/wp-json\/wp\/v2\/media\/1563"}],"wp:attachment":[{"href":"https:\/\/provence-materiaux-anciens.com\/en\/wp-json\/wp\/v2\/media?parent=1430"}],"wp:term":[{"taxonomy":"product_brand","embeddable":true,"href":"https:\/\/provence-materiaux-anciens.com\/en\/wp-json\/wp\/v2\/product_brand?post=1430"},{"taxonomy":"product_cat","embeddable":true,"href":"https:\/\/provence-materiaux-anciens.com\/en\/wp-json\/wp\/v2\/product_cat?post=1430"},{"taxonomy":"product_tag","embeddable":true,"href":"https:\/\/provence-materiaux-anciens.com\/en\/wp-json\/wp\/v2\/product_tag?post=1430"}],"curies":[{"name":"wp","href":"https:\/\/api.w.org\/{rel}","templated":true}]}}