{"id":1432,"date":"2022-12-02T18:52:48","date_gmt":"2022-12-02T18:52:48","guid":{"rendered":"https:\/\/provence-materiaux-anciens.com\/?post_type=product&#038;p=1432"},"modified":"2024-03-06T08:56:38","modified_gmt":"2024-03-06T08:56:38","slug":"herringbone-terracotta","status":"publish","type":"product","link":"https:\/\/provence-materiaux-anciens.com\/en\/product\/floors\/antique-terracotta\/antique-wallet\/herringbone-terracotta\/","title":{"rendered":"Reclaimed Herringbone French Terra cotta Tiles"},"content":{"rendered":"<p><span style=\"font-weight: 400;\">Discover our <\/span><b>Reclaimed Herringbone French Terracotta Tiles<\/b><span style=\"font-weight: 400;\">a floor covering that will enhance the comfort and charm of your living environment!<\/span><\/p>\n<h3><b>A natural 100% coating<\/b><\/h3>\n<p><span style=\"font-weight: 400;\">For your construction or renovation projects, you'll do well to opt for this environmentally-friendly cladding. It's nature-friendly, because it's made from ancient terracotta. It emits no organic compounds or allergenic substances. This is a very important factor when you consider the damage that has been done to the environment over the years.\u00a0<\/span><\/p>\n<h3><b>Choose a cladding with an elegant and charming design<\/b><\/h3>\n<p><span style=\"font-weight: 400;\">Give your home a unique look with our herringbone terracotta. These terracotta tiles come in shades that vary from batch to batch. They lend a special charm and elegance to any room in which they are laid.\u00a0<\/span><\/p>\n<p><span style=\"font-weight: 400;\">The <\/span><b>Reclaimed Herringbone French Terracotta Tiles <\/b><span style=\"font-weight: 400;\">de Provence Mat\u00e9riaux Anciens can be used as an interior or exterior floor covering.<\/span><\/p>\n<h3><b>A natural thermal insulator<\/b><\/h3>\n<p><span style=\"font-weight: 400;\">With our <strong>Reclaimed Herringbone French Terracotta Tiles<\/strong>You'll be able to optimize your home's heating system. These floor tiles are made from ancient terracotta, heated to very high temperatures. This means greater energy conservation for your home's heating system. You can imagine how life-saving this can be, especially in winter when temperatures are quite low. As a result, this natural insulator will help you save on heating bills.\u00a0<\/span><\/p>\n<h3><b>Solid tomettes<\/b><\/h3>\n<p><span style=\"font-weight: 400;\">Manufactured with a thickness of 5 cm, our <\/span><b>Reclaimed Herringbone French Terracotta Tiles <\/b><span style=\"font-weight: 400;\">is particularly sturdy. It can withstand shocks and wear. You'll be able to use it for decades, even centuries.<\/span><\/p>\n<p><span style=\"font-weight: 400;\">Order our <\/span><b>Reclaimed Herringbone French Terracotta Tiles, <\/b><span style=\"font-weight: 400;\">the best choice of cladding for your construction and renovation projects.<\/span><\/p>","protected":false},"excerpt":{"rendered":"<h2><span style=\"font-size: 14pt;\">Ref : Herringbone terracotta (N\u00eemes Car020)<\/span><\/h2>\n<ul>\n<li><strong>Materials<\/strong> Terracotta<\/li>\n<li><strong>Dimensions<\/strong> size : 33cm x 2.5cm<\/li>\n<li><strong>Thickness<\/strong> Size : 5 cm<\/li>\n<li><strong>Availability :<\/strong> Constant<\/li>\n<\/ul>\n<p>&nbsp;<\/p>\n<p>Here are our reclaimed herringbone french terracotta tiles for your terrace. They originate from the Gard region of France. Back in the day, they were used as battens and the tiles were built on top.<\/p>\n<p>These terracottas can be installed both inside and outside your projects. Old-fashioned terra cotta rafters vary in color from batch to batch.<\/p>\n<p>For an older approach, discover our <a href=\"https:\/\/provence-materiaux-anciens.com\/en\/product\/floors\/antique-terracotta\/antique-wallet\/parefeuille-antique-saw\/\">old sawed-off leaves<\/a>.<\/p>","protected":false},"featured_media":3392,"template":"","meta":{"_monsterinsights_skip_tracking":false,"_monsterinsights_sitenote_active":false,"_monsterinsights_sitenote_note":"","_monsterinsights_sitenote_category":0},"product_brand":[],"product_cat":[34,32,33],"product_tag":[149,145],"class_list":{"0":"post-1432","1":"product","2":"type-product","3":"status-publish","4":"has-post-thumbnail","6":"product_cat-parefeuille-ancien","7":"product_cat-sols","8":"product_cat-terre-cuite-ancienne","9":"product_tag-chevron","10":"product_tag-terre-cuite","12":"first","13":"instock","14":"shipping-taxable","15":"product-type-simple"},"yoast_head":"<!-- This site is optimized with the Yoast SEO Premium plugin v22.1 (Yoast SEO v24.6) - https:\/\/yoast.com\/wordpress\/plugins\/seo\/ -->\n<title>Terres cuites en chevrons - Provence Mat\u00e9riaux Anciens<\/title>\n<meta name=\"robots\" content=\"index, follow, max-snippet:-1, max-image-preview:large, max-video-preview:-1\" \/>\n<link rel=\"canonical\" href=\"https:\/\/provence-materiaux-anciens.com\/en\/product\/floors\/antique-terracotta\/antique-wallet\/herringbone-terracotta\/\" \/>\n<meta property=\"og:locale\" content=\"en_US\" \/>\n<meta property=\"og:type\" content=\"article\" \/>\n<meta property=\"og:title\" content=\"Terres cuites en chevrons\" \/>\n<meta property=\"og:description\" content=\"Ref : Terre cuite en chevrons (N\u00eemes Car020)   Mat\u00e9riaux : Terre cuite  Dimensions : 33cm x 2.5cm  \u00c9paisseur : 5 cm  Disponibilit\u00e9 : Constante  &nbsp;  Voici nos terres cuites en chevrons pour votre terrasse. Ils sont originaires du d\u00e9partement du Gard. A l\u2019\u00e9poque, ils \u00e9taient utilis\u00e9s en tant que volige et les tuiles \u00e9taient b\u00e2ties dessus.  Ces terres cuites peuvent \u00eatre install\u00e9s \u00e0 l\u2019int\u00e9rieur et \u00e0 l\u2019ext\u00e9rieur de vos projets. Les chevrons en terre cuite ancienne ont des teintes qui varient d\u2019un lot \u00e0 l\u2019autre.  Pour une approche plus ancienne, d\u00e9couvrez nos vieux parefeuilles sci\u00e9s.\" \/>\n<meta property=\"og:url\" content=\"https:\/\/provence-materiaux-anciens.com\/en\/product\/floors\/antique-terracotta\/antique-wallet\/herringbone-terracotta\/\" \/>\n<meta property=\"og:site_name\" content=\"Provence Mat\u00e9riaux Anciens\" \/>\n<meta property=\"article:publisher\" content=\"https:\/\/www.facebook.com\/provencemateriauxanciens\" \/>\n<meta property=\"article:modified_time\" content=\"2024-03-06T08:56:38+00:00\" \/>\n<meta property=\"og:image\" content=\"https:\/\/provence-materiaux-anciens.com\/wp-content\/uploads\/2022\/12\/Terre-cuite-en-chevrons01-1.jpg\" \/>\n\t<meta property=\"og:image:width\" content=\"600\" \/>\n\t<meta property=\"og:image:height\" content=\"600\" \/>\n\t<meta property=\"og:image:type\" content=\"image\/jpeg\" \/>\n<meta name=\"twitter:card\" content=\"summary_large_image\" \/>\n<meta name=\"twitter:label1\" content=\"Est. reading time\" \/>\n\t<meta name=\"twitter:data1\" content=\"2 minutes\" \/>\n<script type=\"application\/ld+json\" class=\"yoast-schema-graph\">{\"@context\":\"https:\/\/schema.org\",\"@graph\":[{\"@type\":\"WebPage\",\"@id\":\"https:\/\/provence-materiaux-anciens.com\/fr\/produit\/sols\/terre-cuite-ancienne\/parefeuille-ancien\/terre-cuite-en-chevrons\/\",\"url\":\"https:\/\/provence-materiaux-anciens.com\/fr\/produit\/sols\/terre-cuite-ancienne\/parefeuille-ancien\/terre-cuite-en-chevrons\/\",\"name\":\"Terres cuites en chevrons - Provence Mat\u00e9riaux Anciens\",\"isPartOf\":{\"@id\":\"https:\/\/provence-materiaux-anciens.com\/#website\"},\"primaryImageOfPage\":{\"@id\":\"https:\/\/provence-materiaux-anciens.com\/fr\/produit\/sols\/terre-cuite-ancienne\/parefeuille-ancien\/terre-cuite-en-chevrons\/#primaryimage\"},\"image\":{\"@id\":\"https:\/\/provence-materiaux-anciens.com\/fr\/produit\/sols\/terre-cuite-ancienne\/parefeuille-ancien\/terre-cuite-en-chevrons\/#primaryimage\"},\"thumbnailUrl\":\"https:\/\/provence-materiaux-anciens.com\/wp-content\/uploads\/2022\/12\/Terre-cuite-en-chevrons01-1.jpg\",\"datePublished\":\"2022-12-02T18:52:48+00:00\",\"dateModified\":\"2024-03-06T08:56:38+00:00\",\"breadcrumb\":{\"@id\":\"https:\/\/provence-materiaux-anciens.com\/fr\/produit\/sols\/terre-cuite-ancienne\/parefeuille-ancien\/terre-cuite-en-chevrons\/#breadcrumb\"},\"inLanguage\":\"en-US\",\"potentialAction\":[{\"@type\":\"ReadAction\",\"target\":[\"https:\/\/provence-materiaux-anciens.com\/fr\/produit\/sols\/terre-cuite-ancienne\/parefeuille-ancien\/terre-cuite-en-chevrons\/\"]}]},{\"@type\":\"ImageObject\",\"inLanguage\":\"en-US\",\"@id\":\"https:\/\/provence-materiaux-anciens.com\/fr\/produit\/sols\/terre-cuite-ancienne\/parefeuille-ancien\/terre-cuite-en-chevrons\/#primaryimage\",\"url\":\"https:\/\/provence-materiaux-anciens.com\/wp-content\/uploads\/2022\/12\/Terre-cuite-en-chevrons01-1.jpg\",\"contentUrl\":\"https:\/\/provence-materiaux-anciens.com\/wp-content\/uploads\/2022\/12\/Terre-cuite-en-chevrons01-1.jpg\",\"width\":600,\"height\":600,\"caption\":\"Terre cuite en chevrons\"},{\"@type\":\"BreadcrumbList\",\"@id\":\"https:\/\/provence-materiaux-anciens.com\/fr\/produit\/sols\/terre-cuite-ancienne\/parefeuille-ancien\/terre-cuite-en-chevrons\/#breadcrumb\",\"itemListElement\":[{\"@type\":\"ListItem\",\"position\":1,\"name\":\"Accueil\",\"item\":\"https:\/\/provence-materiaux-anciens.com\/fr\/\"},{\"@type\":\"ListItem\",\"position\":2,\"name\":\"Produits\",\"item\":\"https:\/\/provence-materiaux-anciens.com\/produit\/\"},{\"@type\":\"ListItem\",\"position\":3,\"name\":\"Terres cuites en chevrons\"}]},{\"@type\":\"WebSite\",\"@id\":\"https:\/\/provence-materiaux-anciens.com\/#website\",\"url\":\"https:\/\/provence-materiaux-anciens.com\/\",\"name\":\"Provence Mat\u00e9riaux Anciens\",\"description\":\"Achat et vente de mat\u00e9riaux anciens de construction, poutres, tuiles, planchers, charpentes, dallages, terres cuites.\",\"publisher\":{\"@id\":\"https:\/\/provence-materiaux-anciens.com\/#organization\"},\"potentialAction\":[{\"@type\":\"SearchAction\",\"target\":{\"@type\":\"EntryPoint\",\"urlTemplate\":\"https:\/\/provence-materiaux-anciens.com\/?s={search_term_string}\"},\"query-input\":{\"@type\":\"PropertyValueSpecification\",\"valueRequired\":true,\"valueName\":\"search_term_string\"}}],\"inLanguage\":\"en-US\"},{\"@type\":\"Organization\",\"@id\":\"https:\/\/provence-materiaux-anciens.com\/#organization\",\"name\":\"Provence Mat\u00e9riaux Anciens\",\"url\":\"https:\/\/provence-materiaux-anciens.com\/\",\"logo\":{\"@type\":\"ImageObject\",\"inLanguage\":\"en-US\",\"@id\":\"https:\/\/provence-materiaux-anciens.com\/#\/schema\/logo\/image\/\",\"url\":\"https:\/\/provence-materiaux-anciens.com\/wp-content\/uploads\/2022\/03\/cropped-logo-pma-web.png\",\"contentUrl\":\"https:\/\/provence-materiaux-anciens.com\/wp-content\/uploads\/2022\/03\/cropped-logo-pma-web.png\",\"width\":650,\"height\":434,\"caption\":\"Provence Mat\u00e9riaux Anciens\"},\"image\":{\"@id\":\"https:\/\/provence-materiaux-anciens.com\/#\/schema\/logo\/image\/\"},\"sameAs\":[\"https:\/\/www.facebook.com\/provencemateriauxanciens\",\"https:\/\/www.instagram.com\/provencemateriauxanciens\/\",\"https:\/\/www.pinterest.fr\/provencemateriauxanciens\/\"]}]}<\/script>\n<!-- \/ Yoast SEO Premium plugin. -->","yoast_head_json":{"title":"Herringbone terracotta - Provence Mat\u00e9riaux Anciens","robots":{"index":"index","follow":"follow","max-snippet":"max-snippet:-1","max-image-preview":"max-image-preview:large","max-video-preview":"max-video-preview:-1"},"canonical":"https:\/\/provence-materiaux-anciens.com\/en\/product\/floors\/antique-terracotta\/antique-wallet\/herringbone-terracotta\/","og_locale":"en_US","og_type":"article","og_title":"Terres cuites en chevrons","og_description":"Ref : Terre cuite en chevrons (N\u00eemes Car020)   Mat\u00e9riaux : Terre cuite  Dimensions : 33cm x 2.5cm  \u00c9paisseur : 5 cm  Disponibilit\u00e9 : Constante  &nbsp;  Voici nos terres cuites en chevrons pour votre terrasse. Ils sont originaires du d\u00e9partement du Gard. A l\u2019\u00e9poque, ils \u00e9taient utilis\u00e9s en tant que volige et les tuiles \u00e9taient b\u00e2ties dessus.  Ces terres cuites peuvent \u00eatre install\u00e9s \u00e0 l\u2019int\u00e9rieur et \u00e0 l\u2019ext\u00e9rieur de vos projets. Les chevrons en terre cuite ancienne ont des teintes qui varient d\u2019un lot \u00e0 l\u2019autre.  Pour une approche plus ancienne, d\u00e9couvrez nos vieux parefeuilles sci\u00e9s.","og_url":"https:\/\/provence-materiaux-anciens.com\/en\/product\/floors\/antique-terracotta\/antique-wallet\/herringbone-terracotta\/","og_site_name":"Provence Mat\u00e9riaux Anciens","article_publisher":"https:\/\/www.facebook.com\/provencemateriauxanciens","article_modified_time":"2024-03-06T08:56:38+00:00","og_image":[{"width":600,"height":600,"url":"https:\/\/provence-materiaux-anciens.com\/wp-content\/uploads\/2022\/12\/Terre-cuite-en-chevrons01-1.jpg","type":"image\/jpeg"}],"twitter_card":"summary_large_image","twitter_misc":{"Est. reading time":"2 minutes"},"schema":{"@context":"https:\/\/schema.org","@graph":[{"@type":"WebPage","@id":"https:\/\/provence-materiaux-anciens.com\/fr\/produit\/sols\/terre-cuite-ancienne\/parefeuille-ancien\/terre-cuite-en-chevrons\/","url":"https:\/\/provence-materiaux-anciens.com\/fr\/produit\/sols\/terre-cuite-ancienne\/parefeuille-ancien\/terre-cuite-en-chevrons\/","name":"Herringbone terracotta - Provence Mat\u00e9riaux Anciens","isPartOf":{"@id":"https:\/\/provence-materiaux-anciens.com\/#website"},"primaryImageOfPage":{"@id":"https:\/\/provence-materiaux-anciens.com\/fr\/produit\/sols\/terre-cuite-ancienne\/parefeuille-ancien\/terre-cuite-en-chevrons\/#primaryimage"},"image":{"@id":"https:\/\/provence-materiaux-anciens.com\/fr\/produit\/sols\/terre-cuite-ancienne\/parefeuille-ancien\/terre-cuite-en-chevrons\/#primaryimage"},"thumbnailUrl":"https:\/\/provence-materiaux-anciens.com\/wp-content\/uploads\/2022\/12\/Terre-cuite-en-chevrons01-1.jpg","datePublished":"2022-12-02T18:52:48+00:00","dateModified":"2024-03-06T08:56:38+00:00","breadcrumb":{"@id":"https:\/\/provence-materiaux-anciens.com\/fr\/produit\/sols\/terre-cuite-ancienne\/parefeuille-ancien\/terre-cuite-en-chevrons\/#breadcrumb"},"inLanguage":"en-US","potentialAction":[{"@type":"ReadAction","target":["https:\/\/provence-materiaux-anciens.com\/fr\/produit\/sols\/terre-cuite-ancienne\/parefeuille-ancien\/terre-cuite-en-chevrons\/"]}]},{"@type":"ImageObject","inLanguage":"en-US","@id":"https:\/\/provence-materiaux-anciens.com\/fr\/produit\/sols\/terre-cuite-ancienne\/parefeuille-ancien\/terre-cuite-en-chevrons\/#primaryimage","url":"https:\/\/provence-materiaux-anciens.com\/wp-content\/uploads\/2022\/12\/Terre-cuite-en-chevrons01-1.jpg","contentUrl":"https:\/\/provence-materiaux-anciens.com\/wp-content\/uploads\/2022\/12\/Terre-cuite-en-chevrons01-1.jpg","width":600,"height":600,"caption":"Terre cuite en chevrons"},{"@type":"BreadcrumbList","@id":"https:\/\/provence-materiaux-anciens.com\/fr\/produit\/sols\/terre-cuite-ancienne\/parefeuille-ancien\/terre-cuite-en-chevrons\/#breadcrumb","itemListElement":[{"@type":"ListItem","position":1,"name":"Accueil","item":"https:\/\/provence-materiaux-anciens.com\/fr\/"},{"@type":"ListItem","position":2,"name":"Produits","item":"https:\/\/provence-materiaux-anciens.com\/produit\/"},{"@type":"ListItem","position":3,"name":"Terres cuites en chevrons"}]},{"@type":"WebSite","@id":"https:\/\/provence-materiaux-anciens.com\/#website","url":"https:\/\/provence-materiaux-anciens.com\/","name":"Provence Mat\u00e9riaux Anciens","description":"Purchase and sale of old building materials, beams, tiles, floors, frameworks, paving, terracotta.","publisher":{"@id":"https:\/\/provence-materiaux-anciens.com\/#organization"},"potentialAction":[{"@type":"SearchAction","target":{"@type":"EntryPoint","urlTemplate":"https:\/\/provence-materiaux-anciens.com\/?s={search_term_string}"},"query-input":{"@type":"PropertyValueSpecification","valueRequired":true,"valueName":"search_term_string"}}],"inLanguage":"en-US"},{"@type":"Organization","@id":"https:\/\/provence-materiaux-anciens.com\/#organization","name":"Provence Mat\u00e9riaux Anciens","url":"https:\/\/provence-materiaux-anciens.com\/","logo":{"@type":"ImageObject","inLanguage":"en-US","@id":"https:\/\/provence-materiaux-anciens.com\/#\/schema\/logo\/image\/","url":"https:\/\/provence-materiaux-anciens.com\/wp-content\/uploads\/2022\/03\/cropped-logo-pma-web.png","contentUrl":"https:\/\/provence-materiaux-anciens.com\/wp-content\/uploads\/2022\/03\/cropped-logo-pma-web.png","width":650,"height":434,"caption":"Provence Mat\u00e9riaux Anciens"},"image":{"@id":"https:\/\/provence-materiaux-anciens.com\/#\/schema\/logo\/image\/"},"sameAs":["https:\/\/www.facebook.com\/provencemateriauxanciens","https:\/\/www.instagram.com\/provencemateriauxanciens\/","https:\/\/www.pinterest.fr\/provencemateriauxanciens\/"]}]}},"_links":{"self":[{"href":"https:\/\/provence-materiaux-anciens.com\/en\/wp-json\/wp\/v2\/product\/1432","targetHints":{"allow":["GET"]}}],"collection":[{"href":"https:\/\/provence-materiaux-anciens.com\/en\/wp-json\/wp\/v2\/product"}],"about":[{"href":"https:\/\/provence-materiaux-anciens.com\/en\/wp-json\/wp\/v2\/types\/product"}],"wp:featuredmedia":[{"embeddable":true,"href":"https:\/\/provence-materiaux-anciens.com\/en\/wp-json\/wp\/v2\/media\/3392"}],"wp:attachment":[{"href":"https:\/\/provence-materiaux-anciens.com\/en\/wp-json\/wp\/v2\/media?parent=1432"}],"wp:term":[{"taxonomy":"product_brand","embeddable":true,"href":"https:\/\/provence-materiaux-anciens.com\/en\/wp-json\/wp\/v2\/product_brand?post=1432"},{"taxonomy":"product_cat","embeddable":true,"href":"https:\/\/provence-materiaux-anciens.com\/en\/wp-json\/wp\/v2\/product_cat?post=1432"},{"taxonomy":"product_tag","embeddable":true,"href":"https:\/\/provence-materiaux-anciens.com\/en\/wp-json\/wp\/v2\/product_tag?post=1432"}],"curies":[{"name":"wp","href":"https:\/\/api.w.org\/{rel}","templated":true}]}}