{"id":2302,"date":"2022-12-29T13:43:54","date_gmt":"2022-12-29T13:43:54","guid":{"rendered":"https:\/\/provence-materiaux-anciens.com\/?post_type=product&#038;p=2302"},"modified":"2025-09-29T14:49:01","modified_gmt":"2025-09-29T14:49:01","slug":"red-facing-bricks","status":"publish","type":"product","link":"https:\/\/provence-materiaux-anciens.com\/en\/product\/facing-bricks\/red-facing-bricks\/","title":{"rendered":"Antique French Red Bricks"},"content":{"rendered":"","protected":false},"excerpt":{"rendered":"<h2><strong>Ref: <\/strong>Sawn red bricks (BRI03)<\/h2>\n<p>Red sawn bricks available for your construction and renovation projects. These are salvaged bricks from various regions of France. These old bricks are ideal for facing interior walls, creating vaults, low walls, pillars, etc. We saw our old bricks in half to make facing easier.<\/p>\n<p>The color of old bricks can vary from batch to batch.<\/p>\n<p>Old reclaimed bricks are not refractory, so if you would like to use them to face the hearth of your fireplace, please consult our <a href=\"https:\/\/provence-materiaux-anciens.com\/en\/product-category\/architectural-elements\/antique-fireplace-backboards\/\">firebacks<\/a><\/p>\n<p>Discover our old sawn bricks.<\/p>\n<p><strong>Length : <\/strong>20 - 21 cm<\/p>\n<p><strong>Width<\/strong> : 4 - 5 cm<\/p>\n<p><strong>Thickness : <\/strong>5.5 cm<\/p>\n<p><strong>Availability<\/strong> : Constant<\/p>\n<p>&nbsp;<\/p>","protected":false},"featured_media":4943,"template":"","meta":{"_monsterinsights_skip_tracking":false,"_monsterinsights_sitenote_active":false,"_monsterinsights_sitenote_note":"","_monsterinsights_sitenote_category":0},"product_brand":[],"product_cat":[192],"product_tag":[],"class_list":{"0":"post-2302","1":"product","2":"type-product","3":"status-publish","4":"has-post-thumbnail","6":"product_cat-briques-de-parement","8":"first","9":"instock","10":"shipping-taxable","11":"product-type-simple"},"yoast_head":"<!-- This site is optimized with the Yoast SEO Premium plugin v22.1 (Yoast SEO v24.6) - https:\/\/yoast.com\/wordpress\/plugins\/seo\/ -->\n<title>Briques rouges de parements - Provence Mat\u00e9riaux Anciens<\/title>\n<meta name=\"robots\" content=\"index, follow, max-snippet:-1, max-image-preview:large, max-video-preview:-1\" \/>\n<link rel=\"canonical\" href=\"https:\/\/provence-materiaux-anciens.com\/en\/product\/facing-bricks\/red-facing-bricks\/\" \/>\n<meta property=\"og:locale\" content=\"en_US\" \/>\n<meta property=\"og:type\" content=\"article\" \/>\n<meta property=\"og:title\" content=\"Briques rouges de parements\" \/>\n<meta property=\"og:description\" content=\"Ref: Briques rouges sci\u00e9es (BRI03) Briques rouges sci\u00e9es disponibles pour vos projets de constructions et r\u00e9novations. Il s&#039;agit de briques de r\u00e9cup\u00e9ration provenant de diff\u00e9rentes r\u00e9gions fran\u00e7aises. Les vieilles briques sont id\u00e9ales pour un parement en briques et ainsi habiller un mur int\u00e9rieur, r\u00e9aliser des voutes, murets, piliers... Nous scions nos briques anciennes en deux afin de vous permettre de r\u00e9aliser vos parements plus facilement  La couleur des vieilles briques peut varier d&#039;un lot \u00e0 l&#039;autre.  Les briques anciennes de r\u00e9cup\u00e9ration ne sont pas r\u00e9fractaires, si vous souhaitez les utiliser en parement du foyer de votre chemin\u00e9e, n\u2019h\u00e9sitez pas \u00e0 consulter nos plaques de chemin\u00e9es  D\u00e9couvrez nos vieilles briques sci\u00e9es.  Longueur : 20 - 21 cm  Largeur : 4 - 5 cm  \u00c9paisseur : 5,5 cm  Disponibilit\u00e9 : Constante  &nbsp;\" \/>\n<meta property=\"og:url\" content=\"https:\/\/provence-materiaux-anciens.com\/en\/product\/facing-bricks\/red-facing-bricks\/\" \/>\n<meta property=\"og:site_name\" content=\"Provence Mat\u00e9riaux Anciens\" \/>\n<meta property=\"article:publisher\" content=\"https:\/\/www.facebook.com\/provencemateriauxanciens\" \/>\n<meta property=\"article:modified_time\" content=\"2025-09-29T14:49:01+00:00\" \/>\n<meta property=\"og:image\" content=\"https:\/\/provence-materiaux-anciens.com\/wp-content\/uploads\/2022\/12\/DSC_03201-scaled.jpg\" \/>\n\t<meta property=\"og:image:width\" content=\"1707\" \/>\n\t<meta property=\"og:image:height\" content=\"2560\" \/>\n\t<meta property=\"og:image:type\" content=\"image\/jpeg\" \/>\n<meta name=\"twitter:card\" content=\"summary_large_image\" \/>\n<meta name=\"twitter:label1\" content=\"Est. reading time\" \/>\n\t<meta name=\"twitter:data1\" content=\"1 minute\" \/>\n<script type=\"application\/ld+json\" class=\"yoast-schema-graph\">{\"@context\":\"https:\/\/schema.org\",\"@graph\":[{\"@type\":\"WebPage\",\"@id\":\"https:\/\/provence-materiaux-anciens.com\/produit\/briques-de-parement\/briques-rouges-de-parements\/\",\"url\":\"https:\/\/provence-materiaux-anciens.com\/produit\/briques-de-parement\/briques-rouges-de-parements\/\",\"name\":\"Briques rouges de parements - Provence Mat\u00e9riaux Anciens\",\"isPartOf\":{\"@id\":\"https:\/\/provence-materiaux-anciens.com\/#website\"},\"primaryImageOfPage\":{\"@id\":\"https:\/\/provence-materiaux-anciens.com\/produit\/briques-de-parement\/briques-rouges-de-parements\/#primaryimage\"},\"image\":{\"@id\":\"https:\/\/provence-materiaux-anciens.com\/produit\/briques-de-parement\/briques-rouges-de-parements\/#primaryimage\"},\"thumbnailUrl\":\"https:\/\/provence-materiaux-anciens.com\/wp-content\/uploads\/2022\/12\/DSC_03201-scaled.jpg\",\"datePublished\":\"2022-12-29T13:43:54+00:00\",\"dateModified\":\"2025-09-29T14:49:01+00:00\",\"breadcrumb\":{\"@id\":\"https:\/\/provence-materiaux-anciens.com\/produit\/briques-de-parement\/briques-rouges-de-parements\/#breadcrumb\"},\"inLanguage\":\"en-US\",\"potentialAction\":[{\"@type\":\"ReadAction\",\"target\":[\"https:\/\/provence-materiaux-anciens.com\/produit\/briques-de-parement\/briques-rouges-de-parements\/\"]}]},{\"@type\":\"ImageObject\",\"inLanguage\":\"en-US\",\"@id\":\"https:\/\/provence-materiaux-anciens.com\/produit\/briques-de-parement\/briques-rouges-de-parements\/#primaryimage\",\"url\":\"https:\/\/provence-materiaux-anciens.com\/wp-content\/uploads\/2022\/12\/DSC_03201-scaled.jpg\",\"contentUrl\":\"https:\/\/provence-materiaux-anciens.com\/wp-content\/uploads\/2022\/12\/DSC_03201-scaled.jpg\",\"width\":1707,\"height\":2560,\"caption\":\"Parement brique rouge\"},{\"@type\":\"BreadcrumbList\",\"@id\":\"https:\/\/provence-materiaux-anciens.com\/produit\/briques-de-parement\/briques-rouges-de-parements\/#breadcrumb\",\"itemListElement\":[{\"@type\":\"ListItem\",\"position\":1,\"name\":\"Accueil\",\"item\":\"https:\/\/provence-materiaux-anciens.com\/fr\/\"},{\"@type\":\"ListItem\",\"position\":2,\"name\":\"Produits\",\"item\":\"https:\/\/provence-materiaux-anciens.com\/produit\/\"},{\"@type\":\"ListItem\",\"position\":3,\"name\":\"Briques rouges de parements\"}]},{\"@type\":\"WebSite\",\"@id\":\"https:\/\/provence-materiaux-anciens.com\/#website\",\"url\":\"https:\/\/provence-materiaux-anciens.com\/\",\"name\":\"Provence Mat\u00e9riaux Anciens\",\"description\":\"Achat et vente de mat\u00e9riaux anciens de construction, poutres, tuiles, planchers, charpentes, dallages, terres cuites.\",\"publisher\":{\"@id\":\"https:\/\/provence-materiaux-anciens.com\/#organization\"},\"potentialAction\":[{\"@type\":\"SearchAction\",\"target\":{\"@type\":\"EntryPoint\",\"urlTemplate\":\"https:\/\/provence-materiaux-anciens.com\/?s={search_term_string}\"},\"query-input\":{\"@type\":\"PropertyValueSpecification\",\"valueRequired\":true,\"valueName\":\"search_term_string\"}}],\"inLanguage\":\"en-US\"},{\"@type\":\"Organization\",\"@id\":\"https:\/\/provence-materiaux-anciens.com\/#organization\",\"name\":\"Provence Mat\u00e9riaux Anciens\",\"url\":\"https:\/\/provence-materiaux-anciens.com\/\",\"logo\":{\"@type\":\"ImageObject\",\"inLanguage\":\"en-US\",\"@id\":\"https:\/\/provence-materiaux-anciens.com\/#\/schema\/logo\/image\/\",\"url\":\"https:\/\/provence-materiaux-anciens.com\/wp-content\/uploads\/2022\/03\/cropped-logo-pma-web.png\",\"contentUrl\":\"https:\/\/provence-materiaux-anciens.com\/wp-content\/uploads\/2022\/03\/cropped-logo-pma-web.png\",\"width\":650,\"height\":434,\"caption\":\"Provence Mat\u00e9riaux Anciens\"},\"image\":{\"@id\":\"https:\/\/provence-materiaux-anciens.com\/#\/schema\/logo\/image\/\"},\"sameAs\":[\"https:\/\/www.facebook.com\/provencemateriauxanciens\",\"https:\/\/www.instagram.com\/provencemateriauxanciens\/\",\"https:\/\/www.pinterest.fr\/provencemateriauxanciens\/\"]}]}<\/script>\n<!-- \/ Yoast SEO Premium plugin. -->","yoast_head_json":{"title":"Red facing bricks - Provence Mat\u00e9riaux Anciens","robots":{"index":"index","follow":"follow","max-snippet":"max-snippet:-1","max-image-preview":"max-image-preview:large","max-video-preview":"max-video-preview:-1"},"canonical":"https:\/\/provence-materiaux-anciens.com\/en\/product\/facing-bricks\/red-facing-bricks\/","og_locale":"en_US","og_type":"article","og_title":"Briques rouges de parements","og_description":"Ref: Briques rouges sci\u00e9es (BRI03) Briques rouges sci\u00e9es disponibles pour vos projets de constructions et r\u00e9novations. Il s'agit de briques de r\u00e9cup\u00e9ration provenant de diff\u00e9rentes r\u00e9gions fran\u00e7aises. Les vieilles briques sont id\u00e9ales pour un parement en briques et ainsi habiller un mur int\u00e9rieur, r\u00e9aliser des voutes, murets, piliers... Nous scions nos briques anciennes en deux afin de vous permettre de r\u00e9aliser vos parements plus facilement  La couleur des vieilles briques peut varier d'un lot \u00e0 l'autre.  Les briques anciennes de r\u00e9cup\u00e9ration ne sont pas r\u00e9fractaires, si vous souhaitez les utiliser en parement du foyer de votre chemin\u00e9e, n\u2019h\u00e9sitez pas \u00e0 consulter nos plaques de chemin\u00e9es  D\u00e9couvrez nos vieilles briques sci\u00e9es.  Longueur : 20 - 21 cm  Largeur : 4 - 5 cm  \u00c9paisseur : 5,5 cm  Disponibilit\u00e9 : Constante  &nbsp;","og_url":"https:\/\/provence-materiaux-anciens.com\/en\/product\/facing-bricks\/red-facing-bricks\/","og_site_name":"Provence Mat\u00e9riaux Anciens","article_publisher":"https:\/\/www.facebook.com\/provencemateriauxanciens","article_modified_time":"2025-09-29T14:49:01+00:00","og_image":[{"width":1707,"height":2560,"url":"https:\/\/provence-materiaux-anciens.com\/wp-content\/uploads\/2022\/12\/DSC_03201-scaled.jpg","type":"image\/jpeg"}],"twitter_card":"summary_large_image","twitter_misc":{"Est. reading time":"1 minute"},"schema":{"@context":"https:\/\/schema.org","@graph":[{"@type":"WebPage","@id":"https:\/\/provence-materiaux-anciens.com\/produit\/briques-de-parement\/briques-rouges-de-parements\/","url":"https:\/\/provence-materiaux-anciens.com\/produit\/briques-de-parement\/briques-rouges-de-parements\/","name":"Red facing bricks - Provence Mat\u00e9riaux Anciens","isPartOf":{"@id":"https:\/\/provence-materiaux-anciens.com\/#website"},"primaryImageOfPage":{"@id":"https:\/\/provence-materiaux-anciens.com\/produit\/briques-de-parement\/briques-rouges-de-parements\/#primaryimage"},"image":{"@id":"https:\/\/provence-materiaux-anciens.com\/produit\/briques-de-parement\/briques-rouges-de-parements\/#primaryimage"},"thumbnailUrl":"https:\/\/provence-materiaux-anciens.com\/wp-content\/uploads\/2022\/12\/DSC_03201-scaled.jpg","datePublished":"2022-12-29T13:43:54+00:00","dateModified":"2025-09-29T14:49:01+00:00","breadcrumb":{"@id":"https:\/\/provence-materiaux-anciens.com\/produit\/briques-de-parement\/briques-rouges-de-parements\/#breadcrumb"},"inLanguage":"en-US","potentialAction":[{"@type":"ReadAction","target":["https:\/\/provence-materiaux-anciens.com\/produit\/briques-de-parement\/briques-rouges-de-parements\/"]}]},{"@type":"ImageObject","inLanguage":"en-US","@id":"https:\/\/provence-materiaux-anciens.com\/produit\/briques-de-parement\/briques-rouges-de-parements\/#primaryimage","url":"https:\/\/provence-materiaux-anciens.com\/wp-content\/uploads\/2022\/12\/DSC_03201-scaled.jpg","contentUrl":"https:\/\/provence-materiaux-anciens.com\/wp-content\/uploads\/2022\/12\/DSC_03201-scaled.jpg","width":1707,"height":2560,"caption":"Parement brique rouge"},{"@type":"BreadcrumbList","@id":"https:\/\/provence-materiaux-anciens.com\/produit\/briques-de-parement\/briques-rouges-de-parements\/#breadcrumb","itemListElement":[{"@type":"ListItem","position":1,"name":"Accueil","item":"https:\/\/provence-materiaux-anciens.com\/fr\/"},{"@type":"ListItem","position":2,"name":"Produits","item":"https:\/\/provence-materiaux-anciens.com\/produit\/"},{"@type":"ListItem","position":3,"name":"Briques rouges de parements"}]},{"@type":"WebSite","@id":"https:\/\/provence-materiaux-anciens.com\/#website","url":"https:\/\/provence-materiaux-anciens.com\/","name":"Provence Mat\u00e9riaux Anciens","description":"Purchase and sale of old building materials, beams, tiles, floors, frameworks, paving, terracotta.","publisher":{"@id":"https:\/\/provence-materiaux-anciens.com\/#organization"},"potentialAction":[{"@type":"SearchAction","target":{"@type":"EntryPoint","urlTemplate":"https:\/\/provence-materiaux-anciens.com\/?s={search_term_string}"},"query-input":{"@type":"PropertyValueSpecification","valueRequired":true,"valueName":"search_term_string"}}],"inLanguage":"en-US"},{"@type":"Organization","@id":"https:\/\/provence-materiaux-anciens.com\/#organization","name":"Provence Mat\u00e9riaux Anciens","url":"https:\/\/provence-materiaux-anciens.com\/","logo":{"@type":"ImageObject","inLanguage":"en-US","@id":"https:\/\/provence-materiaux-anciens.com\/#\/schema\/logo\/image\/","url":"https:\/\/provence-materiaux-anciens.com\/wp-content\/uploads\/2022\/03\/cropped-logo-pma-web.png","contentUrl":"https:\/\/provence-materiaux-anciens.com\/wp-content\/uploads\/2022\/03\/cropped-logo-pma-web.png","width":650,"height":434,"caption":"Provence Mat\u00e9riaux Anciens"},"image":{"@id":"https:\/\/provence-materiaux-anciens.com\/#\/schema\/logo\/image\/"},"sameAs":["https:\/\/www.facebook.com\/provencemateriauxanciens","https:\/\/www.instagram.com\/provencemateriauxanciens\/","https:\/\/www.pinterest.fr\/provencemateriauxanciens\/"]}]}},"_links":{"self":[{"href":"https:\/\/provence-materiaux-anciens.com\/en\/wp-json\/wp\/v2\/product\/2302","targetHints":{"allow":["GET"]}}],"collection":[{"href":"https:\/\/provence-materiaux-anciens.com\/en\/wp-json\/wp\/v2\/product"}],"about":[{"href":"https:\/\/provence-materiaux-anciens.com\/en\/wp-json\/wp\/v2\/types\/product"}],"wp:featuredmedia":[{"embeddable":true,"href":"https:\/\/provence-materiaux-anciens.com\/en\/wp-json\/wp\/v2\/media\/4943"}],"wp:attachment":[{"href":"https:\/\/provence-materiaux-anciens.com\/en\/wp-json\/wp\/v2\/media?parent=2302"}],"wp:term":[{"taxonomy":"product_brand","embeddable":true,"href":"https:\/\/provence-materiaux-anciens.com\/en\/wp-json\/wp\/v2\/product_brand?post=2302"},{"taxonomy":"product_cat","embeddable":true,"href":"https:\/\/provence-materiaux-anciens.com\/en\/wp-json\/wp\/v2\/product_cat?post=2302"},{"taxonomy":"product_tag","embeddable":true,"href":"https:\/\/provence-materiaux-anciens.com\/en\/wp-json\/wp\/v2\/product_tag?post=2302"}],"curies":[{"name":"wp","href":"https:\/\/api.w.org\/{rel}","templated":true}]}}