{"id":2308,"date":"2022-12-29T16:25:56","date_gmt":"2022-12-29T16:25:56","guid":{"rendered":"https:\/\/provence-materiaux-anciens.com\/?post_type=product&#038;p=2308"},"modified":"2024-07-30T10:38:58","modified_gmt":"2024-07-30T10:38:58","slug":"amazone-outdoor-natural-paving","status":"publish","type":"product","link":"https:\/\/provence-materiaux-anciens.com\/en\/product\/floors\/paving-stone-natural\/paving\/amazone-outdoor-natural-paving\/","title":{"rendered":"Stone Flooring Pool Coping"},"content":{"rendered":"<p><span style=\"font-weight: 400;\">Discover our \"Amazone\" outdoor natural paving, a natural 100% covering that will add class to your home!\u00a0<\/span><\/p>\n<h3><span style=\"font-weight: 400;\">Choose our natural \"Amazon\" outdoor paving to create a harmonious and charming outdoor space.<\/span><\/h3>\n<p><span style=\"font-weight: 400;\">As its name suggests, our \"Amazon\" outdoor natural paving is a covering that will help add authenticity to your exteriors. With its gray\/beige tones, this sober flooring has a lot of class.\u00a0<\/span><\/p>\n<p><span style=\"font-weight: 400;\">This natural paving blends perfectly with any outdoor d\u00e9cor. You can combine it with modern or rustic decor. Whether you're in the heart of Paris, Lyon, Marseille or the countryside, this natural paving is the perfect choice. It will offer a warm welcome to your visitors right outside the house.\u00a0<\/span><\/p>\n<h3><span style=\"font-weight: 400;\">Choose sturdy, hard-wearing cladding!<\/span><\/h3>\n<p><span style=\"font-weight: 400;\">One of the major aspects we take into account when manufacturing our slabs is their durability. Our \"Amazone\" natural outdoor paving is particularly resistant to extreme shocks. This antique paving is made from terracotta heated to very high temperatures. As a result, it won't break easily. Once laid, you'll never have to worry about it again, as it's super weather-resistant.<\/span><\/p>\n<p><span style=\"font-weight: 400;\">Another important aspect is the slip-resistance of these old paving stones. They provide total grip for your feet, both in dry and wet weather. If you have children who like to run around, now's the time to think about protecting them from falls with this type of flooring.\u00a0<\/span><\/p>\n<p><span style=\"font-weight: 400;\">Finally, we'd like to mention the ecological aspect of this flooring. Its basic material, earth, has no negative impact on the environment. This is one of the reasons why this flooring has stood the test of time!<\/span><\/p>\n<p><span style=\"font-weight: 400;\">Order our \"Amazone\" natural outdoor paving for your construction and\/or renovation projects!<\/span><\/p>","protected":false},"excerpt":{"rendered":"<h2><strong>Ref: <\/strong>\"Amazon Outdoor<\/h2>\n<ul>\n<li><strong>Width :<\/strong> 40 - 50 cm<\/li>\n<li><strong>Length :<\/strong>\u00a0free<\/li>\n<li><strong>Thickness :<\/strong> 1.5 cm<\/li>\n<\/ul>\n<p><strong>Other formats available on request:<\/strong><\/p>\n<ul>\n<li>Width 40 cm x Free lengths x Thickness 1.5 cm<\/li>\n<li>Width 50 cm x Free lengths x Thickness 1.5 cm<\/li>\n<li>Opus 40 cm<\/li>\n<\/ul>\n<p>Stone Flooring Pool Coping for free-strip installation. Natural limestone paving in shades of beige for outdoor installation only, this paving is available for the<a href=\"https:\/\/provence-materiaux-anciens.com\/en\/product\/floors\/natural-stone-paving\/beige-gordes-stone-paving\/\">interior<\/a>.<\/p>","protected":false},"featured_media":4034,"template":"","meta":{"_monsterinsights_skip_tracking":false,"_monsterinsights_sitenote_active":false,"_monsterinsights_sitenote_note":"","_monsterinsights_sitenote_category":0},"product_brand":[],"product_cat":[38,163,32],"product_tag":[],"class_list":{"0":"post-2308","1":"product","2":"type-product","3":"status-publish","4":"has-post-thumbnail","6":"product_cat-dallage-pierre-naturelle","7":"product_cat-dallages","8":"product_cat-sols","10":"first","11":"instock","12":"shipping-taxable","13":"product-type-simple"},"yoast_head":"<!-- This site is optimized with the Yoast SEO Premium plugin v22.1 (Yoast SEO v24.6) - https:\/\/yoast.com\/wordpress\/plugins\/seo\/ -->\n<title>Dallage naturel &quot;Amazone&quot; ext\u00e9rieur - Provence Mat\u00e9riaux Anciens<\/title>\n<meta name=\"robots\" content=\"index, follow, max-snippet:-1, max-image-preview:large, max-video-preview:-1\" \/>\n<link rel=\"canonical\" href=\"https:\/\/provence-materiaux-anciens.com\/en\/product\/floors\/paving-stone-natural\/paving\/amazone-outdoor-natural-paving\/\" \/>\n<meta property=\"og:locale\" content=\"en_US\" \/>\n<meta property=\"og:type\" content=\"article\" \/>\n<meta property=\"og:title\" content=\"Dallage naturel &quot;Amazone&quot; ext\u00e9rieur\" \/>\n<meta property=\"og:description\" content=\"Ref: &quot;Amazone&quot; Ext\u00e9rieur   Largeur : 40 - 50 cm  Longueur :\u00a0libre  \u00c9paisseur : 1.5 cm  Autres formats disponibles sur commande :   Largeur 40 cm x Longueurs libres x \u00c9paisseur 1.5 cm  Largeur 50 cm x Longueurs libres x \u00c9paisseur 1.5 cm  Opus 40 cm  Dalles en pierre naturelle &quot;Amazone&quot; pour une pose en bande libre. Dallage en pierre naturelle calcaire, dans des tons de beiges pour une pose en ext\u00e9rieur uniquement, ce dallage existe pour l&#039;int\u00e9rieur.\" \/>\n<meta property=\"og:url\" content=\"https:\/\/provence-materiaux-anciens.com\/en\/product\/floors\/paving-stone-natural\/paving\/amazone-outdoor-natural-paving\/\" \/>\n<meta property=\"og:site_name\" content=\"Provence Mat\u00e9riaux Anciens\" \/>\n<meta property=\"article:publisher\" content=\"https:\/\/www.facebook.com\/provencemateriauxanciens\" \/>\n<meta property=\"article:modified_time\" content=\"2024-07-30T10:38:58+00:00\" \/>\n<meta property=\"og:image\" content=\"https:\/\/provence-materiaux-anciens.com\/wp-content\/uploads\/2022\/12\/amazone-2eme-choix-10-scaled.jpg\" \/>\n\t<meta property=\"og:image:width\" content=\"1707\" \/>\n\t<meta property=\"og:image:height\" content=\"2560\" \/>\n\t<meta property=\"og:image:type\" content=\"image\/jpeg\" \/>\n<meta name=\"twitter:card\" content=\"summary_large_image\" \/>\n<meta name=\"twitter:label1\" content=\"Est. reading time\" \/>\n\t<meta name=\"twitter:data1\" content=\"2 minutes\" \/>\n<script type=\"application\/ld+json\" class=\"yoast-schema-graph\">{\"@context\":\"https:\/\/schema.org\",\"@graph\":[{\"@type\":\"WebPage\",\"@id\":\"https:\/\/provence-materiaux-anciens.com\/produit\/sols\/dallage-pierre-naturelle\/dallages\/dallage-naturel-amazone-exterieur\/\",\"url\":\"https:\/\/provence-materiaux-anciens.com\/produit\/sols\/dallage-pierre-naturelle\/dallages\/dallage-naturel-amazone-exterieur\/\",\"name\":\"Dallage naturel \\\"Amazone\\\" ext\u00e9rieur - Provence Mat\u00e9riaux Anciens\",\"isPartOf\":{\"@id\":\"https:\/\/provence-materiaux-anciens.com\/#website\"},\"primaryImageOfPage\":{\"@id\":\"https:\/\/provence-materiaux-anciens.com\/produit\/sols\/dallage-pierre-naturelle\/dallages\/dallage-naturel-amazone-exterieur\/#primaryimage\"},\"image\":{\"@id\":\"https:\/\/provence-materiaux-anciens.com\/produit\/sols\/dallage-pierre-naturelle\/dallages\/dallage-naturel-amazone-exterieur\/#primaryimage\"},\"thumbnailUrl\":\"https:\/\/provence-materiaux-anciens.com\/wp-content\/uploads\/2022\/12\/amazone-2eme-choix-10-scaled.jpg\",\"datePublished\":\"2022-12-29T16:25:56+00:00\",\"dateModified\":\"2024-07-30T10:38:58+00:00\",\"breadcrumb\":{\"@id\":\"https:\/\/provence-materiaux-anciens.com\/produit\/sols\/dallage-pierre-naturelle\/dallages\/dallage-naturel-amazone-exterieur\/#breadcrumb\"},\"inLanguage\":\"en-US\",\"potentialAction\":[{\"@type\":\"ReadAction\",\"target\":[\"https:\/\/provence-materiaux-anciens.com\/produit\/sols\/dallage-pierre-naturelle\/dallages\/dallage-naturel-amazone-exterieur\/\"]}]},{\"@type\":\"ImageObject\",\"inLanguage\":\"en-US\",\"@id\":\"https:\/\/provence-materiaux-anciens.com\/produit\/sols\/dallage-pierre-naturelle\/dallages\/dallage-naturel-amazone-exterieur\/#primaryimage\",\"url\":\"https:\/\/provence-materiaux-anciens.com\/wp-content\/uploads\/2022\/12\/amazone-2eme-choix-10-scaled.jpg\",\"contentUrl\":\"https:\/\/provence-materiaux-anciens.com\/wp-content\/uploads\/2022\/12\/amazone-2eme-choix-10-scaled.jpg\",\"width\":1707,\"height\":2560},{\"@type\":\"BreadcrumbList\",\"@id\":\"https:\/\/provence-materiaux-anciens.com\/produit\/sols\/dallage-pierre-naturelle\/dallages\/dallage-naturel-amazone-exterieur\/#breadcrumb\",\"itemListElement\":[{\"@type\":\"ListItem\",\"position\":1,\"name\":\"Accueil\",\"item\":\"https:\/\/provence-materiaux-anciens.com\/fr\/\"},{\"@type\":\"ListItem\",\"position\":2,\"name\":\"Produits\",\"item\":\"https:\/\/provence-materiaux-anciens.com\/produit\/\"},{\"@type\":\"ListItem\",\"position\":3,\"name\":\"Dallage naturel \u00ab\u00a0Amazone\u00a0\u00bb ext\u00e9rieur\"}]},{\"@type\":\"WebSite\",\"@id\":\"https:\/\/provence-materiaux-anciens.com\/#website\",\"url\":\"https:\/\/provence-materiaux-anciens.com\/\",\"name\":\"Provence Mat\u00e9riaux Anciens\",\"description\":\"Achat et vente de mat\u00e9riaux anciens de construction, poutres, tuiles, planchers, charpentes, dallages, terres cuites.\",\"publisher\":{\"@id\":\"https:\/\/provence-materiaux-anciens.com\/#organization\"},\"potentialAction\":[{\"@type\":\"SearchAction\",\"target\":{\"@type\":\"EntryPoint\",\"urlTemplate\":\"https:\/\/provence-materiaux-anciens.com\/?s={search_term_string}\"},\"query-input\":{\"@type\":\"PropertyValueSpecification\",\"valueRequired\":true,\"valueName\":\"search_term_string\"}}],\"inLanguage\":\"en-US\"},{\"@type\":\"Organization\",\"@id\":\"https:\/\/provence-materiaux-anciens.com\/#organization\",\"name\":\"Provence Mat\u00e9riaux Anciens\",\"url\":\"https:\/\/provence-materiaux-anciens.com\/\",\"logo\":{\"@type\":\"ImageObject\",\"inLanguage\":\"en-US\",\"@id\":\"https:\/\/provence-materiaux-anciens.com\/#\/schema\/logo\/image\/\",\"url\":\"https:\/\/provence-materiaux-anciens.com\/wp-content\/uploads\/2022\/03\/cropped-logo-pma-web.png\",\"contentUrl\":\"https:\/\/provence-materiaux-anciens.com\/wp-content\/uploads\/2022\/03\/cropped-logo-pma-web.png\",\"width\":650,\"height\":434,\"caption\":\"Provence Mat\u00e9riaux Anciens\"},\"image\":{\"@id\":\"https:\/\/provence-materiaux-anciens.com\/#\/schema\/logo\/image\/\"},\"sameAs\":[\"https:\/\/www.facebook.com\/provencemateriauxanciens\",\"https:\/\/www.instagram.com\/provencemateriauxanciens\/\",\"https:\/\/www.pinterest.fr\/provencemateriauxanciens\/\"]}]}<\/script>\n<!-- \/ Yoast SEO Premium plugin. -->","yoast_head_json":{"title":"Amazone\" natural paving - Provence Mat\u00e9riaux Anciens","robots":{"index":"index","follow":"follow","max-snippet":"max-snippet:-1","max-image-preview":"max-image-preview:large","max-video-preview":"max-video-preview:-1"},"canonical":"https:\/\/provence-materiaux-anciens.com\/en\/product\/floors\/paving-stone-natural\/paving\/amazone-outdoor-natural-paving\/","og_locale":"en_US","og_type":"article","og_title":"Dallage naturel \"Amazone\" ext\u00e9rieur","og_description":"Ref: \"Amazone\" Ext\u00e9rieur   Largeur : 40 - 50 cm  Longueur :\u00a0libre  \u00c9paisseur : 1.5 cm  Autres formats disponibles sur commande :   Largeur 40 cm x Longueurs libres x \u00c9paisseur 1.5 cm  Largeur 50 cm x Longueurs libres x \u00c9paisseur 1.5 cm  Opus 40 cm  Dalles en pierre naturelle \"Amazone\" pour une pose en bande libre. Dallage en pierre naturelle calcaire, dans des tons de beiges pour une pose en ext\u00e9rieur uniquement, ce dallage existe pour l'int\u00e9rieur.","og_url":"https:\/\/provence-materiaux-anciens.com\/en\/product\/floors\/paving-stone-natural\/paving\/amazone-outdoor-natural-paving\/","og_site_name":"Provence Mat\u00e9riaux Anciens","article_publisher":"https:\/\/www.facebook.com\/provencemateriauxanciens","article_modified_time":"2024-07-30T10:38:58+00:00","og_image":[{"width":1707,"height":2560,"url":"https:\/\/provence-materiaux-anciens.com\/wp-content\/uploads\/2022\/12\/amazone-2eme-choix-10-scaled.jpg","type":"image\/jpeg"}],"twitter_card":"summary_large_image","twitter_misc":{"Est. reading time":"2 minutes"},"schema":{"@context":"https:\/\/schema.org","@graph":[{"@type":"WebPage","@id":"https:\/\/provence-materiaux-anciens.com\/produit\/sols\/dallage-pierre-naturelle\/dallages\/dallage-naturel-amazone-exterieur\/","url":"https:\/\/provence-materiaux-anciens.com\/produit\/sols\/dallage-pierre-naturelle\/dallages\/dallage-naturel-amazone-exterieur\/","name":"Amazone\" natural paving - Provence Mat\u00e9riaux Anciens","isPartOf":{"@id":"https:\/\/provence-materiaux-anciens.com\/#website"},"primaryImageOfPage":{"@id":"https:\/\/provence-materiaux-anciens.com\/produit\/sols\/dallage-pierre-naturelle\/dallages\/dallage-naturel-amazone-exterieur\/#primaryimage"},"image":{"@id":"https:\/\/provence-materiaux-anciens.com\/produit\/sols\/dallage-pierre-naturelle\/dallages\/dallage-naturel-amazone-exterieur\/#primaryimage"},"thumbnailUrl":"https:\/\/provence-materiaux-anciens.com\/wp-content\/uploads\/2022\/12\/amazone-2eme-choix-10-scaled.jpg","datePublished":"2022-12-29T16:25:56+00:00","dateModified":"2024-07-30T10:38:58+00:00","breadcrumb":{"@id":"https:\/\/provence-materiaux-anciens.com\/produit\/sols\/dallage-pierre-naturelle\/dallages\/dallage-naturel-amazone-exterieur\/#breadcrumb"},"inLanguage":"en-US","potentialAction":[{"@type":"ReadAction","target":["https:\/\/provence-materiaux-anciens.com\/produit\/sols\/dallage-pierre-naturelle\/dallages\/dallage-naturel-amazone-exterieur\/"]}]},{"@type":"ImageObject","inLanguage":"en-US","@id":"https:\/\/provence-materiaux-anciens.com\/produit\/sols\/dallage-pierre-naturelle\/dallages\/dallage-naturel-amazone-exterieur\/#primaryimage","url":"https:\/\/provence-materiaux-anciens.com\/wp-content\/uploads\/2022\/12\/amazone-2eme-choix-10-scaled.jpg","contentUrl":"https:\/\/provence-materiaux-anciens.com\/wp-content\/uploads\/2022\/12\/amazone-2eme-choix-10-scaled.jpg","width":1707,"height":2560},{"@type":"BreadcrumbList","@id":"https:\/\/provence-materiaux-anciens.com\/produit\/sols\/dallage-pierre-naturelle\/dallages\/dallage-naturel-amazone-exterieur\/#breadcrumb","itemListElement":[{"@type":"ListItem","position":1,"name":"Accueil","item":"https:\/\/provence-materiaux-anciens.com\/fr\/"},{"@type":"ListItem","position":2,"name":"Produits","item":"https:\/\/provence-materiaux-anciens.com\/produit\/"},{"@type":"ListItem","position":3,"name":"Dallage naturel \u00ab\u00a0Amazone\u00a0\u00bb ext\u00e9rieur"}]},{"@type":"WebSite","@id":"https:\/\/provence-materiaux-anciens.com\/#website","url":"https:\/\/provence-materiaux-anciens.com\/","name":"Provence Mat\u00e9riaux Anciens","description":"Purchase and sale of old building materials, beams, tiles, floors, frameworks, paving, terracotta.","publisher":{"@id":"https:\/\/provence-materiaux-anciens.com\/#organization"},"potentialAction":[{"@type":"SearchAction","target":{"@type":"EntryPoint","urlTemplate":"https:\/\/provence-materiaux-anciens.com\/?s={search_term_string}"},"query-input":{"@type":"PropertyValueSpecification","valueRequired":true,"valueName":"search_term_string"}}],"inLanguage":"en-US"},{"@type":"Organization","@id":"https:\/\/provence-materiaux-anciens.com\/#organization","name":"Provence Mat\u00e9riaux Anciens","url":"https:\/\/provence-materiaux-anciens.com\/","logo":{"@type":"ImageObject","inLanguage":"en-US","@id":"https:\/\/provence-materiaux-anciens.com\/#\/schema\/logo\/image\/","url":"https:\/\/provence-materiaux-anciens.com\/wp-content\/uploads\/2022\/03\/cropped-logo-pma-web.png","contentUrl":"https:\/\/provence-materiaux-anciens.com\/wp-content\/uploads\/2022\/03\/cropped-logo-pma-web.png","width":650,"height":434,"caption":"Provence Mat\u00e9riaux Anciens"},"image":{"@id":"https:\/\/provence-materiaux-anciens.com\/#\/schema\/logo\/image\/"},"sameAs":["https:\/\/www.facebook.com\/provencemateriauxanciens","https:\/\/www.instagram.com\/provencemateriauxanciens\/","https:\/\/www.pinterest.fr\/provencemateriauxanciens\/"]}]}},"_links":{"self":[{"href":"https:\/\/provence-materiaux-anciens.com\/en\/wp-json\/wp\/v2\/product\/2308","targetHints":{"allow":["GET"]}}],"collection":[{"href":"https:\/\/provence-materiaux-anciens.com\/en\/wp-json\/wp\/v2\/product"}],"about":[{"href":"https:\/\/provence-materiaux-anciens.com\/en\/wp-json\/wp\/v2\/types\/product"}],"wp:featuredmedia":[{"embeddable":true,"href":"https:\/\/provence-materiaux-anciens.com\/en\/wp-json\/wp\/v2\/media\/4034"}],"wp:attachment":[{"href":"https:\/\/provence-materiaux-anciens.com\/en\/wp-json\/wp\/v2\/media?parent=2308"}],"wp:term":[{"taxonomy":"product_brand","embeddable":true,"href":"https:\/\/provence-materiaux-anciens.com\/en\/wp-json\/wp\/v2\/product_brand?post=2308"},{"taxonomy":"product_cat","embeddable":true,"href":"https:\/\/provence-materiaux-anciens.com\/en\/wp-json\/wp\/v2\/product_cat?post=2308"},{"taxonomy":"product_tag","embeddable":true,"href":"https:\/\/provence-materiaux-anciens.com\/en\/wp-json\/wp\/v2\/product_tag?post=2308"}],"curies":[{"name":"wp","href":"https:\/\/api.w.org\/{rel}","templated":true}]}}