{"id":2325,"date":"2023-01-02T15:53:47","date_gmt":"2023-01-02T15:53:47","guid":{"rendered":"https:\/\/provence-materiaux-anciens.com\/?post_type=product&#038;p=2325"},"modified":"2024-03-06T08:56:38","modified_gmt":"2024-03-06T08:56:38","slug":"carport-epicea","status":"publish","type":"product","link":"https:\/\/provence-materiaux-anciens.com\/en\/product\/antique-wood-frame\/spruce-frame\/carport-epicea\/","title":{"rendered":"Pool House Pine Wood"},"content":{"rendered":"<p><img fetchpriority=\"high\" decoding=\"async\" class=\"alignnone size-medium wp-image-4113\" src=\"https:\/\/provence-materiaux-anciens.com\/wp-content\/uploads\/2023\/01\/10608618_1533978943501141_3791455143434056866_o-300x225.jpg\" alt=\"\" width=\"300\" height=\"225\" srcset=\"https:\/\/provence-materiaux-anciens.com\/wp-content\/uploads\/2023\/01\/10608618_1533978943501141_3791455143434056866_o-300x225.jpg 300w, https:\/\/provence-materiaux-anciens.com\/wp-content\/uploads\/2023\/01\/10608618_1533978943501141_3791455143434056866_o-1024x768.jpg 1024w, https:\/\/provence-materiaux-anciens.com\/wp-content\/uploads\/2023\/01\/10608618_1533978943501141_3791455143434056866_o-768x576.jpg 768w, https:\/\/provence-materiaux-anciens.com\/wp-content\/uploads\/2023\/01\/10608618_1533978943501141_3791455143434056866_o-1536x1152.jpg 1536w, https:\/\/provence-materiaux-anciens.com\/wp-content\/uploads\/2023\/01\/10608618_1533978943501141_3791455143434056866_o-600x450.jpg 600w, https:\/\/provence-materiaux-anciens.com\/wp-content\/uploads\/2023\/01\/10608618_1533978943501141_3791455143434056866_o.jpg 2048w\" sizes=\"(max-width: 300px) 100vw, 300px\" \/> <img decoding=\"async\" class=\"alignnone size-medium wp-image-4114\" src=\"https:\/\/provence-materiaux-anciens.com\/wp-content\/uploads\/2023\/01\/36223481_2155706561328373_2966817671246512128_o-300x225.jpg\" alt=\"\" width=\"300\" height=\"225\" srcset=\"https:\/\/provence-materiaux-anciens.com\/wp-content\/uploads\/2023\/01\/36223481_2155706561328373_2966817671246512128_o-300x225.jpg 300w, https:\/\/provence-materiaux-anciens.com\/wp-content\/uploads\/2023\/01\/36223481_2155706561328373_2966817671246512128_o-1024x768.jpg 1024w, https:\/\/provence-materiaux-anciens.com\/wp-content\/uploads\/2023\/01\/36223481_2155706561328373_2966817671246512128_o-768x576.jpg 768w, https:\/\/provence-materiaux-anciens.com\/wp-content\/uploads\/2023\/01\/36223481_2155706561328373_2966817671246512128_o-1536x1152.jpg 1536w, https:\/\/provence-materiaux-anciens.com\/wp-content\/uploads\/2023\/01\/36223481_2155706561328373_2966817671246512128_o-600x450.jpg 600w, https:\/\/provence-materiaux-anciens.com\/wp-content\/uploads\/2023\/01\/36223481_2155706561328373_2966817671246512128_o.jpg 1824w\" sizes=\"(max-width: 300px) 100vw, 300px\" \/> <img decoding=\"async\" class=\"alignnone size-medium wp-image-4115\" src=\"https:\/\/provence-materiaux-anciens.com\/wp-content\/uploads\/2023\/01\/DSC01234-300x225.jpg\" alt=\"\" width=\"300\" height=\"225\" srcset=\"https:\/\/provence-materiaux-anciens.com\/wp-content\/uploads\/2023\/01\/DSC01234-300x225.jpg 300w, https:\/\/provence-materiaux-anciens.com\/wp-content\/uploads\/2023\/01\/DSC01234-1024x768.jpg 1024w, https:\/\/provence-materiaux-anciens.com\/wp-content\/uploads\/2023\/01\/DSC01234-768x576.jpg 768w, https:\/\/provence-materiaux-anciens.com\/wp-content\/uploads\/2023\/01\/DSC01234-1536x1152.jpg 1536w, https:\/\/provence-materiaux-anciens.com\/wp-content\/uploads\/2023\/01\/DSC01234-2048x1536.jpg 2048w, https:\/\/provence-materiaux-anciens.com\/wp-content\/uploads\/2023\/01\/DSC01234-600x450.jpg 600w\" sizes=\"(max-width: 300px) 100vw, 300px\" \/><\/p>","protected":false},"excerpt":{"rendered":"<h2><strong>Ref : Pool House Pine Wood<br \/>\n<\/strong><\/h2>\n<p>Provence Mat\u00e9riaux Anciens Pool House Pine Wood  are practical, elegant structures designed to protect your car from the elements, such as rain, snow and sun. Made from high-quality spruce wood, these carports are sturdy, durable and resistant to extreme weather conditions, guaranteeing long-term use.<\/p>\n<p>The Provence Mat\u00e9riaux Anciens team also installs the carport, offering a turnkey solution to help you protect your vehicle. What's more, spruce wood is light and clear, giving it a natural, elegant appearance that blends perfectly with your outdoor environment. Carports can also be painted or stained to match your existing d\u00e9cor.<\/p>\n<p>Pool House Pine Wood are also very versatile. They can be used to store garden furniture, gardening tools or even to host outdoor parties. With a protected surface, you can enjoy your outdoor space all year round without worrying about the weather.<\/p>\n<p>Provence Mat\u00e9riaux Anciens also delivers and installs pool House Pine Wood  ensuring fast and efficient installation. Spruce wood is easy to work, which means you can customize your carport to meet your exact requirements.<\/p>\n<p>In conclusion, Pool House Pine Wood  manufactured and installed by Provence Mat\u00e9riaux Anciens are a practical and elegant solution for protecting your car and your outdoor space. With their sturdiness, durability and aesthetics, they can be used for many years without losing their appearance or performance.<\/p>\n<h2><strong>\u00a0<\/strong><\/h2>\n<p>Discover our <a href=\"https:\/\/provence-materiaux-anciens.com\/en\/product\/antique-fir-frame\/\">old fir frames<\/a>.<\/p>\n<p><strong>Dimensions :\u00a0<\/strong><\/p>","protected":false},"featured_media":4115,"template":"","meta":{"_monsterinsights_skip_tracking":false,"_monsterinsights_sitenote_active":false,"_monsterinsights_sitenote_note":"","_monsterinsights_sitenote_category":0},"product_brand":[],"product_cat":[28,27],"product_tag":[],"class_list":{"0":"post-2325","1":"product","2":"type-product","3":"status-publish","4":"has-post-thumbnail","6":"product_cat-charpente-epicea","7":"product_cat-charpente-vieux-bois","9":"first","10":"instock","11":"shipping-taxable","12":"product-type-simple"},"yoast_head":"<!-- This site is optimized with the Yoast SEO Premium plugin v22.1 (Yoast SEO v24.6) - https:\/\/yoast.com\/wordpress\/plugins\/seo\/ -->\n<title>Carport en \u00e9pic\u00e9a - Provence Mat\u00e9riaux Anciens<\/title>\n<meta name=\"robots\" content=\"index, follow, max-snippet:-1, max-image-preview:large, max-video-preview:-1\" \/>\n<link rel=\"canonical\" href=\"https:\/\/provence-materiaux-anciens.com\/en\/product\/antique-wood-frame\/spruce-frame\/carport-epicea\/\" \/>\n<meta property=\"og:locale\" content=\"en_US\" \/>\n<meta property=\"og:type\" content=\"article\" \/>\n<meta property=\"og:title\" content=\"Carport en \u00e9pic\u00e9a\" \/>\n<meta property=\"og:description\" content=\"R\u00e9f : Carport en \u00e9pic\u00e9a  Les carports en \u00e9pic\u00e9a de Provence Mat\u00e9riaux Anciens sont des structures pratiques et \u00e9l\u00e9gantes con\u00e7ues pour prot\u00e9ger votre voiture des intemp\u00e9ries telles que la pluie, la neige et le soleil. Fabriqu\u00e9s \u00e0 partir de bois d&#039;\u00e9pic\u00e9a de haute qualit\u00e9, ces carports sont robustes, durables et r\u00e9sistants aux conditions m\u00e9t\u00e9orologiques extr\u00eames, garantissant une utilisation \u00e0 long terme.  L&#039;\u00e9quipe de Provence Mat\u00e9riaux Anciens se charge \u00e9galement de la pose du carport, offrant ainsi une solution cl\u00e9 en main pour vous aider \u00e0 prot\u00e9ger votre v\u00e9hicule. De plus, le bois d&#039;\u00e9pic\u00e9a est l\u00e9ger et clair, ce qui lui donne un aspect naturel et \u00e9l\u00e9gant qui s&#039;harmonise parfaitement avec votre environnement ext\u00e9rieur. Les carports peuvent \u00e9galement \u00eatre peints ou teints pour s&#039;adapter \u00e0 votre d\u00e9cor existant.  Les carports en \u00e9pic\u00e9a sont \u00e9galement tr\u00e8s polyvalents. Ils peuvent \u00eatre utilis\u00e9s pour stocker du mobilier de jardin, des outils de jardinage ou m\u00eame pour organiser des f\u00eates en plein air. Avec une surface prot\u00e9g\u00e9e, vous pouvez profiter de votre espace ext\u00e9rieur tout au long de l&#039;ann\u00e9e sans vous inqui\u00e9ter des intemp\u00e9ries.  Provence Mat\u00e9riaux Anciens se charge \u00e9galement de la livraison et de l&#039;installation des carports en \u00e9pic\u00e9a, garantissant ainsi une installation rapide et efficace. Le bois d&#039;\u00e9pic\u00e9a est facile \u00e0 travailler, ce qui signifie que vous pouvez personnaliser votre carport pour r\u00e9pondre \u00e0 vos besoins exacts.  En conclusion, les carports en \u00e9pic\u00e9a fabriqu\u00e9s et pos\u00e9s par Provence Mat\u00e9riaux Anciens sont une solution pratique et \u00e9l\u00e9gante pour prot\u00e9ger votre voiture et votre espace ext\u00e9rieur. Avec leur robustesse, leur durabilit\u00e9 et leur esth\u00e9tique, ils peuvent \u00eatre utilis\u00e9s pendant de nombreuses ann\u00e9es sans perdre leur apparence ou leur performance. \u00a0 Retrouvez nos charpentes en vieux sapin.  Dimensions :\u00a0\" \/>\n<meta property=\"og:url\" content=\"https:\/\/provence-materiaux-anciens.com\/en\/product\/antique-wood-frame\/spruce-frame\/carport-epicea\/\" \/>\n<meta property=\"og:site_name\" content=\"Provence Mat\u00e9riaux Anciens\" \/>\n<meta property=\"article:publisher\" content=\"https:\/\/www.facebook.com\/provencemateriauxanciens\" \/>\n<meta property=\"article:modified_time\" content=\"2024-03-06T08:56:38+00:00\" \/>\n<meta property=\"og:image\" content=\"https:\/\/provence-materiaux-anciens.com\/wp-content\/uploads\/2023\/01\/DSC01234-scaled.jpg\" \/>\n\t<meta property=\"og:image:width\" content=\"2560\" \/>\n\t<meta property=\"og:image:height\" content=\"1920\" \/>\n\t<meta property=\"og:image:type\" content=\"image\/jpeg\" \/>\n<meta name=\"twitter:card\" content=\"summary_large_image\" \/>\n<script type=\"application\/ld+json\" class=\"yoast-schema-graph\">{\"@context\":\"https:\/\/schema.org\",\"@graph\":[{\"@type\":\"WebPage\",\"@id\":\"https:\/\/provence-materiaux-anciens.com\/fr\/produit\/charpente-vieux-bois\/charpente-epicea\/carport-epicea\/\",\"url\":\"https:\/\/provence-materiaux-anciens.com\/fr\/produit\/charpente-vieux-bois\/charpente-epicea\/carport-epicea\/\",\"name\":\"Carport en \u00e9pic\u00e9a - Provence Mat\u00e9riaux Anciens\",\"isPartOf\":{\"@id\":\"https:\/\/provence-materiaux-anciens.com\/#website\"},\"primaryImageOfPage\":{\"@id\":\"https:\/\/provence-materiaux-anciens.com\/fr\/produit\/charpente-vieux-bois\/charpente-epicea\/carport-epicea\/#primaryimage\"},\"image\":{\"@id\":\"https:\/\/provence-materiaux-anciens.com\/fr\/produit\/charpente-vieux-bois\/charpente-epicea\/carport-epicea\/#primaryimage\"},\"thumbnailUrl\":\"https:\/\/provence-materiaux-anciens.com\/wp-content\/uploads\/2023\/01\/DSC01234-scaled.jpg\",\"datePublished\":\"2023-01-02T15:53:47+00:00\",\"dateModified\":\"2024-03-06T08:56:38+00:00\",\"breadcrumb\":{\"@id\":\"https:\/\/provence-materiaux-anciens.com\/fr\/produit\/charpente-vieux-bois\/charpente-epicea\/carport-epicea\/#breadcrumb\"},\"inLanguage\":\"en-US\",\"potentialAction\":[{\"@type\":\"ReadAction\",\"target\":[\"https:\/\/provence-materiaux-anciens.com\/fr\/produit\/charpente-vieux-bois\/charpente-epicea\/carport-epicea\/\"]}]},{\"@type\":\"ImageObject\",\"inLanguage\":\"en-US\",\"@id\":\"https:\/\/provence-materiaux-anciens.com\/fr\/produit\/charpente-vieux-bois\/charpente-epicea\/carport-epicea\/#primaryimage\",\"url\":\"https:\/\/provence-materiaux-anciens.com\/wp-content\/uploads\/2023\/01\/DSC01234-scaled.jpg\",\"contentUrl\":\"https:\/\/provence-materiaux-anciens.com\/wp-content\/uploads\/2023\/01\/DSC01234-scaled.jpg\",\"width\":2560,\"height\":1920},{\"@type\":\"BreadcrumbList\",\"@id\":\"https:\/\/provence-materiaux-anciens.com\/fr\/produit\/charpente-vieux-bois\/charpente-epicea\/carport-epicea\/#breadcrumb\",\"itemListElement\":[{\"@type\":\"ListItem\",\"position\":1,\"name\":\"Accueil\",\"item\":\"https:\/\/provence-materiaux-anciens.com\/fr\/\"},{\"@type\":\"ListItem\",\"position\":2,\"name\":\"Produits\",\"item\":\"https:\/\/provence-materiaux-anciens.com\/produit\/\"},{\"@type\":\"ListItem\",\"position\":3,\"name\":\"Carport en \u00e9pic\u00e9a\"}]},{\"@type\":\"WebSite\",\"@id\":\"https:\/\/provence-materiaux-anciens.com\/#website\",\"url\":\"https:\/\/provence-materiaux-anciens.com\/\",\"name\":\"Provence Mat\u00e9riaux Anciens\",\"description\":\"Achat et vente de mat\u00e9riaux anciens de construction, poutres, tuiles, planchers, charpentes, dallages, terres cuites.\",\"publisher\":{\"@id\":\"https:\/\/provence-materiaux-anciens.com\/#organization\"},\"potentialAction\":[{\"@type\":\"SearchAction\",\"target\":{\"@type\":\"EntryPoint\",\"urlTemplate\":\"https:\/\/provence-materiaux-anciens.com\/?s={search_term_string}\"},\"query-input\":{\"@type\":\"PropertyValueSpecification\",\"valueRequired\":true,\"valueName\":\"search_term_string\"}}],\"inLanguage\":\"en-US\"},{\"@type\":\"Organization\",\"@id\":\"https:\/\/provence-materiaux-anciens.com\/#organization\",\"name\":\"Provence Mat\u00e9riaux Anciens\",\"url\":\"https:\/\/provence-materiaux-anciens.com\/\",\"logo\":{\"@type\":\"ImageObject\",\"inLanguage\":\"en-US\",\"@id\":\"https:\/\/provence-materiaux-anciens.com\/#\/schema\/logo\/image\/\",\"url\":\"https:\/\/provence-materiaux-anciens.com\/wp-content\/uploads\/2022\/03\/cropped-logo-pma-web.png\",\"contentUrl\":\"https:\/\/provence-materiaux-anciens.com\/wp-content\/uploads\/2022\/03\/cropped-logo-pma-web.png\",\"width\":650,\"height\":434,\"caption\":\"Provence Mat\u00e9riaux Anciens\"},\"image\":{\"@id\":\"https:\/\/provence-materiaux-anciens.com\/#\/schema\/logo\/image\/\"},\"sameAs\":[\"https:\/\/www.facebook.com\/provencemateriauxanciens\",\"https:\/\/www.instagram.com\/provencemateriauxanciens\/\",\"https:\/\/www.pinterest.fr\/provencemateriauxanciens\/\"]}]}<\/script>\n<!-- \/ Yoast SEO Premium plugin. -->","yoast_head_json":{"title":"Spruce carport - Provence Mat\u00e9riaux Anciens","robots":{"index":"index","follow":"follow","max-snippet":"max-snippet:-1","max-image-preview":"max-image-preview:large","max-video-preview":"max-video-preview:-1"},"canonical":"https:\/\/provence-materiaux-anciens.com\/en\/product\/antique-wood-frame\/spruce-frame\/carport-epicea\/","og_locale":"en_US","og_type":"article","og_title":"Carport en \u00e9pic\u00e9a","og_description":"R\u00e9f : Carport en \u00e9pic\u00e9a  Les carports en \u00e9pic\u00e9a de Provence Mat\u00e9riaux Anciens sont des structures pratiques et \u00e9l\u00e9gantes con\u00e7ues pour prot\u00e9ger votre voiture des intemp\u00e9ries telles que la pluie, la neige et le soleil. Fabriqu\u00e9s \u00e0 partir de bois d'\u00e9pic\u00e9a de haute qualit\u00e9, ces carports sont robustes, durables et r\u00e9sistants aux conditions m\u00e9t\u00e9orologiques extr\u00eames, garantissant une utilisation \u00e0 long terme.  L'\u00e9quipe de Provence Mat\u00e9riaux Anciens se charge \u00e9galement de la pose du carport, offrant ainsi une solution cl\u00e9 en main pour vous aider \u00e0 prot\u00e9ger votre v\u00e9hicule. De plus, le bois d'\u00e9pic\u00e9a est l\u00e9ger et clair, ce qui lui donne un aspect naturel et \u00e9l\u00e9gant qui s'harmonise parfaitement avec votre environnement ext\u00e9rieur. Les carports peuvent \u00e9galement \u00eatre peints ou teints pour s'adapter \u00e0 votre d\u00e9cor existant.  Les carports en \u00e9pic\u00e9a sont \u00e9galement tr\u00e8s polyvalents. Ils peuvent \u00eatre utilis\u00e9s pour stocker du mobilier de jardin, des outils de jardinage ou m\u00eame pour organiser des f\u00eates en plein air. Avec une surface prot\u00e9g\u00e9e, vous pouvez profiter de votre espace ext\u00e9rieur tout au long de l'ann\u00e9e sans vous inqui\u00e9ter des intemp\u00e9ries.  Provence Mat\u00e9riaux Anciens se charge \u00e9galement de la livraison et de l'installation des carports en \u00e9pic\u00e9a, garantissant ainsi une installation rapide et efficace. Le bois d'\u00e9pic\u00e9a est facile \u00e0 travailler, ce qui signifie que vous pouvez personnaliser votre carport pour r\u00e9pondre \u00e0 vos besoins exacts.  En conclusion, les carports en \u00e9pic\u00e9a fabriqu\u00e9s et pos\u00e9s par Provence Mat\u00e9riaux Anciens sont une solution pratique et \u00e9l\u00e9gante pour prot\u00e9ger votre voiture et votre espace ext\u00e9rieur. Avec leur robustesse, leur durabilit\u00e9 et leur esth\u00e9tique, ils peuvent \u00eatre utilis\u00e9s pendant de nombreuses ann\u00e9es sans perdre leur apparence ou leur performance. \u00a0 Retrouvez nos charpentes en vieux sapin.  Dimensions :\u00a0","og_url":"https:\/\/provence-materiaux-anciens.com\/en\/product\/antique-wood-frame\/spruce-frame\/carport-epicea\/","og_site_name":"Provence Mat\u00e9riaux Anciens","article_publisher":"https:\/\/www.facebook.com\/provencemateriauxanciens","article_modified_time":"2024-03-06T08:56:38+00:00","og_image":[{"width":2560,"height":1920,"url":"https:\/\/provence-materiaux-anciens.com\/wp-content\/uploads\/2023\/01\/DSC01234-scaled.jpg","type":"image\/jpeg"}],"twitter_card":"summary_large_image","schema":{"@context":"https:\/\/schema.org","@graph":[{"@type":"WebPage","@id":"https:\/\/provence-materiaux-anciens.com\/fr\/produit\/charpente-vieux-bois\/charpente-epicea\/carport-epicea\/","url":"https:\/\/provence-materiaux-anciens.com\/fr\/produit\/charpente-vieux-bois\/charpente-epicea\/carport-epicea\/","name":"Spruce carport - Provence Mat\u00e9riaux Anciens","isPartOf":{"@id":"https:\/\/provence-materiaux-anciens.com\/#website"},"primaryImageOfPage":{"@id":"https:\/\/provence-materiaux-anciens.com\/fr\/produit\/charpente-vieux-bois\/charpente-epicea\/carport-epicea\/#primaryimage"},"image":{"@id":"https:\/\/provence-materiaux-anciens.com\/fr\/produit\/charpente-vieux-bois\/charpente-epicea\/carport-epicea\/#primaryimage"},"thumbnailUrl":"https:\/\/provence-materiaux-anciens.com\/wp-content\/uploads\/2023\/01\/DSC01234-scaled.jpg","datePublished":"2023-01-02T15:53:47+00:00","dateModified":"2024-03-06T08:56:38+00:00","breadcrumb":{"@id":"https:\/\/provence-materiaux-anciens.com\/fr\/produit\/charpente-vieux-bois\/charpente-epicea\/carport-epicea\/#breadcrumb"},"inLanguage":"en-US","potentialAction":[{"@type":"ReadAction","target":["https:\/\/provence-materiaux-anciens.com\/fr\/produit\/charpente-vieux-bois\/charpente-epicea\/carport-epicea\/"]}]},{"@type":"ImageObject","inLanguage":"en-US","@id":"https:\/\/provence-materiaux-anciens.com\/fr\/produit\/charpente-vieux-bois\/charpente-epicea\/carport-epicea\/#primaryimage","url":"https:\/\/provence-materiaux-anciens.com\/wp-content\/uploads\/2023\/01\/DSC01234-scaled.jpg","contentUrl":"https:\/\/provence-materiaux-anciens.com\/wp-content\/uploads\/2023\/01\/DSC01234-scaled.jpg","width":2560,"height":1920},{"@type":"BreadcrumbList","@id":"https:\/\/provence-materiaux-anciens.com\/fr\/produit\/charpente-vieux-bois\/charpente-epicea\/carport-epicea\/#breadcrumb","itemListElement":[{"@type":"ListItem","position":1,"name":"Accueil","item":"https:\/\/provence-materiaux-anciens.com\/fr\/"},{"@type":"ListItem","position":2,"name":"Produits","item":"https:\/\/provence-materiaux-anciens.com\/produit\/"},{"@type":"ListItem","position":3,"name":"Carport en \u00e9pic\u00e9a"}]},{"@type":"WebSite","@id":"https:\/\/provence-materiaux-anciens.com\/#website","url":"https:\/\/provence-materiaux-anciens.com\/","name":"Provence Mat\u00e9riaux Anciens","description":"Purchase and sale of old building materials, beams, tiles, floors, frameworks, paving, terracotta.","publisher":{"@id":"https:\/\/provence-materiaux-anciens.com\/#organization"},"potentialAction":[{"@type":"SearchAction","target":{"@type":"EntryPoint","urlTemplate":"https:\/\/provence-materiaux-anciens.com\/?s={search_term_string}"},"query-input":{"@type":"PropertyValueSpecification","valueRequired":true,"valueName":"search_term_string"}}],"inLanguage":"en-US"},{"@type":"Organization","@id":"https:\/\/provence-materiaux-anciens.com\/#organization","name":"Provence Mat\u00e9riaux Anciens","url":"https:\/\/provence-materiaux-anciens.com\/","logo":{"@type":"ImageObject","inLanguage":"en-US","@id":"https:\/\/provence-materiaux-anciens.com\/#\/schema\/logo\/image\/","url":"https:\/\/provence-materiaux-anciens.com\/wp-content\/uploads\/2022\/03\/cropped-logo-pma-web.png","contentUrl":"https:\/\/provence-materiaux-anciens.com\/wp-content\/uploads\/2022\/03\/cropped-logo-pma-web.png","width":650,"height":434,"caption":"Provence Mat\u00e9riaux Anciens"},"image":{"@id":"https:\/\/provence-materiaux-anciens.com\/#\/schema\/logo\/image\/"},"sameAs":["https:\/\/www.facebook.com\/provencemateriauxanciens","https:\/\/www.instagram.com\/provencemateriauxanciens\/","https:\/\/www.pinterest.fr\/provencemateriauxanciens\/"]}]}},"_links":{"self":[{"href":"https:\/\/provence-materiaux-anciens.com\/en\/wp-json\/wp\/v2\/product\/2325","targetHints":{"allow":["GET"]}}],"collection":[{"href":"https:\/\/provence-materiaux-anciens.com\/en\/wp-json\/wp\/v2\/product"}],"about":[{"href":"https:\/\/provence-materiaux-anciens.com\/en\/wp-json\/wp\/v2\/types\/product"}],"wp:featuredmedia":[{"embeddable":true,"href":"https:\/\/provence-materiaux-anciens.com\/en\/wp-json\/wp\/v2\/media\/4115"}],"wp:attachment":[{"href":"https:\/\/provence-materiaux-anciens.com\/en\/wp-json\/wp\/v2\/media?parent=2325"}],"wp:term":[{"taxonomy":"product_brand","embeddable":true,"href":"https:\/\/provence-materiaux-anciens.com\/en\/wp-json\/wp\/v2\/product_brand?post=2325"},{"taxonomy":"product_cat","embeddable":true,"href":"https:\/\/provence-materiaux-anciens.com\/en\/wp-json\/wp\/v2\/product_cat?post=2325"},{"taxonomy":"product_tag","embeddable":true,"href":"https:\/\/provence-materiaux-anciens.com\/en\/wp-json\/wp\/v2\/product_tag?post=2325"}],"curies":[{"name":"wp","href":"https:\/\/api.w.org\/{rel}","templated":true}]}}