{"id":2327,"date":"2023-01-02T15:56:22","date_gmt":"2023-01-02T15:56:22","guid":{"rendered":"https:\/\/provence-materiaux-anciens.com\/?post_type=product&#038;p=2327"},"modified":"2025-09-12T14:36:43","modified_gmt":"2025-09-12T14:36:43","slug":"epicea-rafters","status":"publish","type":"product","link":"https:\/\/provence-materiaux-anciens.com\/en\/product\/antique-wood-frame\/spruce-frame\/epicea-rafters\/","title":{"rendered":"Pine Rafter"},"content":{"rendered":"","protected":false},"excerpt":{"rendered":"<h2><strong>Ref : Pine Rafter<br \/>\n<\/strong><\/h2>\n<p>Pine Rafter  are an ideal choice for durable, aesthetically pleasing construction, and Provence Mat\u00e9riaux Anciens offers a wide selection. Made from high-quality spruce wood, these rafters are resistant to weathering and warping, making them durable for long-term use. In addition, spruce wood is light and clear, giving it a natural, elegant appearance, perfect for modern or traditional projects.<\/p>\n<p>Provence Mat\u00e9riaux Anciens Pine Rafter can be used to build pitched or flat roofs, and can also be painted or stained to match your existing d\u00e9cor. They're also easy to install, thanks to their light weight and ability to be cut and carved into custom shapes. This means you can get rafters tailored to your exact requirements, guaranteeing fast and efficient installation by Provence Mat\u00e9riaux Anciens.<\/p>\n<p>Finally, spruce wood is ecological and environmentally friendly, making it a responsible choice for construction projects. Provence Mat\u00e9riaux Anciens is committed to supplying ecological products of the highest quality, making it the ideal choice for environmentally conscious builders.<\/p>\n<p>In conclusion, Provence Mat\u00e9riaux Anciens Pine Rafter are an ideal solution for building durable, aesthetically pleasing roofs. With their strength, durability, aesthetics, ease of installation and respect for the environment, they are a perfect choice for both modern and traditional building projects.<\/p>\n<p>Discover our <a href=\"https:\/\/provence-materiaux-anciens.com\/en\/product\/antique-fir-frame\/\">old fir frames<\/a>.<\/p>","protected":false},"featured_media":2517,"template":"","meta":{"_monsterinsights_skip_tracking":false,"_monsterinsights_sitenote_active":false,"_monsterinsights_sitenote_note":"","_monsterinsights_sitenote_category":0},"product_brand":[],"product_cat":[28,27],"product_tag":[],"class_list":{"0":"post-2327","1":"product","2":"type-product","3":"status-publish","4":"has-post-thumbnail","6":"product_cat-charpente-epicea","7":"product_cat-charpente-vieux-bois","9":"first","10":"instock","11":"shipping-taxable","12":"product-type-simple"},"yoast_head":"<!-- This site is optimized with the Yoast SEO Premium plugin v22.1 (Yoast SEO v24.6) - https:\/\/yoast.com\/wordpress\/plugins\/seo\/ -->\n<title>Chevrons en \u00e9pic\u00e9a - Provence Mat\u00e9riaux Anciens<\/title>\n<meta name=\"robots\" content=\"index, follow, max-snippet:-1, max-image-preview:large, max-video-preview:-1\" \/>\n<link rel=\"canonical\" href=\"https:\/\/provence-materiaux-anciens.com\/en\/product\/antique-wood-frame\/spruce-frame\/epicea-rafters\/\" \/>\n<meta property=\"og:locale\" content=\"en_US\" \/>\n<meta property=\"og:type\" content=\"article\" \/>\n<meta property=\"og:title\" content=\"Chevrons en \u00e9pic\u00e9a\" \/>\n<meta property=\"og:description\" content=\"R\u00e9f : Chevrons en \u00e9pic\u00e9a  Les chevrons en \u00e9pic\u00e9a sont un choix id\u00e9al pour les constructions durables et esth\u00e9tiques, et Provence Mat\u00e9riaux Anciens en propose une large s\u00e9lection. Fabriqu\u00e9s \u00e0 partir de bois d&#039;\u00e9pic\u00e9a de haute qualit\u00e9, ces chevrons sont r\u00e9sistants aux intemp\u00e9ries et \u00e0 la d\u00e9formation, ce qui les rend durables pour une utilisation \u00e0 long terme. En outre, le bois d&#039;\u00e9pic\u00e9a est l\u00e9ger et clair, ce qui lui donne un aspect naturel et \u00e9l\u00e9gant, parfait pour les projets modernes ou traditionnels.  Les chevrons en \u00e9pic\u00e9a de Provence Mat\u00e9riaux Anciens peuvent \u00eatre utilis\u00e9s pour la construction de toits inclin\u00e9s ou plats et peuvent \u00e9galement \u00eatre peints ou teints pour s&#039;adapter \u00e0 votre d\u00e9cor existant. Ils sont \u00e9galement faciles \u00e0 installer, gr\u00e2ce \u00e0 leur l\u00e9g\u00e8ret\u00e9 et \u00e0 leur capacit\u00e9 \u00e0 \u00eatre coup\u00e9s et sculpt\u00e9s en formes personnalis\u00e9es. Cela signifie que vous pouvez obtenir des chevrons sur mesure pour r\u00e9pondre \u00e0 vos besoins exacts, ce qui garantit une installation rapide et efficace par Provence Mat\u00e9riaux Anciens.  Enfin, le bois d&#039;\u00e9pic\u00e9a est \u00e9cologique et respectueux de l&#039;environnement, ce qui en fait un choix responsable pour les projets de construction. Provence Mat\u00e9riaux Anciens s&#039;engage \u00e0 fournir des produits \u00e9cologiques de la plus haute qualit\u00e9, ce qui en fait le choix id\u00e9al pour les constructeurs soucieux de l&#039;environnement.  En conclusion, les chevrons en \u00e9pic\u00e9a de Provence Mat\u00e9riaux Anciens sont une solution id\u00e9ale pour la construction de toits durables et esth\u00e9tiques. Avec leur robustesse, leur durabilit\u00e9, leur esth\u00e9tique, leur facilit\u00e9 d&#039;installation et leur respect de l&#039;environnement, ils sont un choix parfait pour les projets de construction modernes ou traditionnels.  Retrouvez nos charpentes en vieux sapin.\" \/>\n<meta property=\"og:url\" content=\"https:\/\/provence-materiaux-anciens.com\/en\/product\/antique-wood-frame\/spruce-frame\/epicea-rafters\/\" \/>\n<meta property=\"og:site_name\" content=\"Provence Mat\u00e9riaux Anciens\" \/>\n<meta property=\"article:publisher\" content=\"https:\/\/www.facebook.com\/provencemateriauxanciens\" \/>\n<meta property=\"article:modified_time\" content=\"2025-09-12T14:36:43+00:00\" \/>\n<meta property=\"og:image\" content=\"https:\/\/provence-materiaux-anciens.com\/wp-content\/uploads\/2023\/01\/SLPL8571.jpg\" \/>\n\t<meta property=\"og:image:width\" content=\"900\" \/>\n\t<meta property=\"og:image:height\" content=\"506\" \/>\n\t<meta property=\"og:image:type\" content=\"image\/jpeg\" \/>\n<meta name=\"twitter:card\" content=\"summary_large_image\" \/>\n<meta name=\"twitter:label1\" content=\"Est. reading time\" \/>\n\t<meta name=\"twitter:data1\" content=\"1 minute\" \/>\n<script type=\"application\/ld+json\" class=\"yoast-schema-graph\">{\"@context\":\"https:\/\/schema.org\",\"@graph\":[{\"@type\":\"WebPage\",\"@id\":\"https:\/\/provence-materiaux-anciens.com\/produit\/charpente-vieux-bois\/charpente-epicea\/chevrons-epicea\/\",\"url\":\"https:\/\/provence-materiaux-anciens.com\/produit\/charpente-vieux-bois\/charpente-epicea\/chevrons-epicea\/\",\"name\":\"Chevrons en \u00e9pic\u00e9a - Provence Mat\u00e9riaux Anciens\",\"isPartOf\":{\"@id\":\"https:\/\/provence-materiaux-anciens.com\/#website\"},\"primaryImageOfPage\":{\"@id\":\"https:\/\/provence-materiaux-anciens.com\/produit\/charpente-vieux-bois\/charpente-epicea\/chevrons-epicea\/#primaryimage\"},\"image\":{\"@id\":\"https:\/\/provence-materiaux-anciens.com\/produit\/charpente-vieux-bois\/charpente-epicea\/chevrons-epicea\/#primaryimage\"},\"thumbnailUrl\":\"https:\/\/provence-materiaux-anciens.com\/wp-content\/uploads\/2023\/01\/SLPL8571.jpg\",\"datePublished\":\"2023-01-02T15:56:22+00:00\",\"dateModified\":\"2025-09-12T14:36:43+00:00\",\"breadcrumb\":{\"@id\":\"https:\/\/provence-materiaux-anciens.com\/produit\/charpente-vieux-bois\/charpente-epicea\/chevrons-epicea\/#breadcrumb\"},\"inLanguage\":\"en-US\",\"potentialAction\":[{\"@type\":\"ReadAction\",\"target\":[\"https:\/\/provence-materiaux-anciens.com\/produit\/charpente-vieux-bois\/charpente-epicea\/chevrons-epicea\/\"]}]},{\"@type\":\"ImageObject\",\"inLanguage\":\"en-US\",\"@id\":\"https:\/\/provence-materiaux-anciens.com\/produit\/charpente-vieux-bois\/charpente-epicea\/chevrons-epicea\/#primaryimage\",\"url\":\"https:\/\/provence-materiaux-anciens.com\/wp-content\/uploads\/2023\/01\/SLPL8571.jpg\",\"contentUrl\":\"https:\/\/provence-materiaux-anciens.com\/wp-content\/uploads\/2023\/01\/SLPL8571.jpg\",\"width\":900,\"height\":506},{\"@type\":\"BreadcrumbList\",\"@id\":\"https:\/\/provence-materiaux-anciens.com\/produit\/charpente-vieux-bois\/charpente-epicea\/chevrons-epicea\/#breadcrumb\",\"itemListElement\":[{\"@type\":\"ListItem\",\"position\":1,\"name\":\"Accueil\",\"item\":\"https:\/\/provence-materiaux-anciens.com\/fr\/\"},{\"@type\":\"ListItem\",\"position\":2,\"name\":\"Produits\",\"item\":\"https:\/\/provence-materiaux-anciens.com\/produit\/\"},{\"@type\":\"ListItem\",\"position\":3,\"name\":\"Chevrons en \u00e9pic\u00e9a\"}]},{\"@type\":\"WebSite\",\"@id\":\"https:\/\/provence-materiaux-anciens.com\/#website\",\"url\":\"https:\/\/provence-materiaux-anciens.com\/\",\"name\":\"Provence Mat\u00e9riaux Anciens\",\"description\":\"Achat et vente de mat\u00e9riaux anciens de construction, poutres, tuiles, planchers, charpentes, dallages, terres cuites.\",\"publisher\":{\"@id\":\"https:\/\/provence-materiaux-anciens.com\/#organization\"},\"potentialAction\":[{\"@type\":\"SearchAction\",\"target\":{\"@type\":\"EntryPoint\",\"urlTemplate\":\"https:\/\/provence-materiaux-anciens.com\/?s={search_term_string}\"},\"query-input\":{\"@type\":\"PropertyValueSpecification\",\"valueRequired\":true,\"valueName\":\"search_term_string\"}}],\"inLanguage\":\"en-US\"},{\"@type\":\"Organization\",\"@id\":\"https:\/\/provence-materiaux-anciens.com\/#organization\",\"name\":\"Provence Mat\u00e9riaux Anciens\",\"url\":\"https:\/\/provence-materiaux-anciens.com\/\",\"logo\":{\"@type\":\"ImageObject\",\"inLanguage\":\"en-US\",\"@id\":\"https:\/\/provence-materiaux-anciens.com\/#\/schema\/logo\/image\/\",\"url\":\"https:\/\/provence-materiaux-anciens.com\/wp-content\/uploads\/2022\/03\/cropped-logo-pma-web.png\",\"contentUrl\":\"https:\/\/provence-materiaux-anciens.com\/wp-content\/uploads\/2022\/03\/cropped-logo-pma-web.png\",\"width\":650,\"height\":434,\"caption\":\"Provence Mat\u00e9riaux Anciens\"},\"image\":{\"@id\":\"https:\/\/provence-materiaux-anciens.com\/#\/schema\/logo\/image\/\"},\"sameAs\":[\"https:\/\/www.facebook.com\/provencemateriauxanciens\",\"https:\/\/www.instagram.com\/provencemateriauxanciens\/\",\"https:\/\/www.pinterest.fr\/provencemateriauxanciens\/\"]}]}<\/script>\n<!-- \/ Yoast SEO Premium plugin. -->","yoast_head_json":{"title":"Spruce rafters - Provence Mat\u00e9riaux Anciens","robots":{"index":"index","follow":"follow","max-snippet":"max-snippet:-1","max-image-preview":"max-image-preview:large","max-video-preview":"max-video-preview:-1"},"canonical":"https:\/\/provence-materiaux-anciens.com\/en\/product\/antique-wood-frame\/spruce-frame\/epicea-rafters\/","og_locale":"en_US","og_type":"article","og_title":"Chevrons en \u00e9pic\u00e9a","og_description":"R\u00e9f : Chevrons en \u00e9pic\u00e9a  Les chevrons en \u00e9pic\u00e9a sont un choix id\u00e9al pour les constructions durables et esth\u00e9tiques, et Provence Mat\u00e9riaux Anciens en propose une large s\u00e9lection. Fabriqu\u00e9s \u00e0 partir de bois d'\u00e9pic\u00e9a de haute qualit\u00e9, ces chevrons sont r\u00e9sistants aux intemp\u00e9ries et \u00e0 la d\u00e9formation, ce qui les rend durables pour une utilisation \u00e0 long terme. En outre, le bois d'\u00e9pic\u00e9a est l\u00e9ger et clair, ce qui lui donne un aspect naturel et \u00e9l\u00e9gant, parfait pour les projets modernes ou traditionnels.  Les chevrons en \u00e9pic\u00e9a de Provence Mat\u00e9riaux Anciens peuvent \u00eatre utilis\u00e9s pour la construction de toits inclin\u00e9s ou plats et peuvent \u00e9galement \u00eatre peints ou teints pour s'adapter \u00e0 votre d\u00e9cor existant. Ils sont \u00e9galement faciles \u00e0 installer, gr\u00e2ce \u00e0 leur l\u00e9g\u00e8ret\u00e9 et \u00e0 leur capacit\u00e9 \u00e0 \u00eatre coup\u00e9s et sculpt\u00e9s en formes personnalis\u00e9es. Cela signifie que vous pouvez obtenir des chevrons sur mesure pour r\u00e9pondre \u00e0 vos besoins exacts, ce qui garantit une installation rapide et efficace par Provence Mat\u00e9riaux Anciens.  Enfin, le bois d'\u00e9pic\u00e9a est \u00e9cologique et respectueux de l'environnement, ce qui en fait un choix responsable pour les projets de construction. Provence Mat\u00e9riaux Anciens s'engage \u00e0 fournir des produits \u00e9cologiques de la plus haute qualit\u00e9, ce qui en fait le choix id\u00e9al pour les constructeurs soucieux de l'environnement.  En conclusion, les chevrons en \u00e9pic\u00e9a de Provence Mat\u00e9riaux Anciens sont une solution id\u00e9ale pour la construction de toits durables et esth\u00e9tiques. Avec leur robustesse, leur durabilit\u00e9, leur esth\u00e9tique, leur facilit\u00e9 d'installation et leur respect de l'environnement, ils sont un choix parfait pour les projets de construction modernes ou traditionnels.  Retrouvez nos charpentes en vieux sapin.","og_url":"https:\/\/provence-materiaux-anciens.com\/en\/product\/antique-wood-frame\/spruce-frame\/epicea-rafters\/","og_site_name":"Provence Mat\u00e9riaux Anciens","article_publisher":"https:\/\/www.facebook.com\/provencemateriauxanciens","article_modified_time":"2025-09-12T14:36:43+00:00","og_image":[{"width":900,"height":506,"url":"https:\/\/provence-materiaux-anciens.com\/wp-content\/uploads\/2023\/01\/SLPL8571.jpg","type":"image\/jpeg"}],"twitter_card":"summary_large_image","twitter_misc":{"Est. reading time":"1 minute"},"schema":{"@context":"https:\/\/schema.org","@graph":[{"@type":"WebPage","@id":"https:\/\/provence-materiaux-anciens.com\/produit\/charpente-vieux-bois\/charpente-epicea\/chevrons-epicea\/","url":"https:\/\/provence-materiaux-anciens.com\/produit\/charpente-vieux-bois\/charpente-epicea\/chevrons-epicea\/","name":"Spruce rafters - Provence Mat\u00e9riaux Anciens","isPartOf":{"@id":"https:\/\/provence-materiaux-anciens.com\/#website"},"primaryImageOfPage":{"@id":"https:\/\/provence-materiaux-anciens.com\/produit\/charpente-vieux-bois\/charpente-epicea\/chevrons-epicea\/#primaryimage"},"image":{"@id":"https:\/\/provence-materiaux-anciens.com\/produit\/charpente-vieux-bois\/charpente-epicea\/chevrons-epicea\/#primaryimage"},"thumbnailUrl":"https:\/\/provence-materiaux-anciens.com\/wp-content\/uploads\/2023\/01\/SLPL8571.jpg","datePublished":"2023-01-02T15:56:22+00:00","dateModified":"2025-09-12T14:36:43+00:00","breadcrumb":{"@id":"https:\/\/provence-materiaux-anciens.com\/produit\/charpente-vieux-bois\/charpente-epicea\/chevrons-epicea\/#breadcrumb"},"inLanguage":"en-US","potentialAction":[{"@type":"ReadAction","target":["https:\/\/provence-materiaux-anciens.com\/produit\/charpente-vieux-bois\/charpente-epicea\/chevrons-epicea\/"]}]},{"@type":"ImageObject","inLanguage":"en-US","@id":"https:\/\/provence-materiaux-anciens.com\/produit\/charpente-vieux-bois\/charpente-epicea\/chevrons-epicea\/#primaryimage","url":"https:\/\/provence-materiaux-anciens.com\/wp-content\/uploads\/2023\/01\/SLPL8571.jpg","contentUrl":"https:\/\/provence-materiaux-anciens.com\/wp-content\/uploads\/2023\/01\/SLPL8571.jpg","width":900,"height":506},{"@type":"BreadcrumbList","@id":"https:\/\/provence-materiaux-anciens.com\/produit\/charpente-vieux-bois\/charpente-epicea\/chevrons-epicea\/#breadcrumb","itemListElement":[{"@type":"ListItem","position":1,"name":"Accueil","item":"https:\/\/provence-materiaux-anciens.com\/fr\/"},{"@type":"ListItem","position":2,"name":"Produits","item":"https:\/\/provence-materiaux-anciens.com\/produit\/"},{"@type":"ListItem","position":3,"name":"Chevrons en \u00e9pic\u00e9a"}]},{"@type":"WebSite","@id":"https:\/\/provence-materiaux-anciens.com\/#website","url":"https:\/\/provence-materiaux-anciens.com\/","name":"Provence Mat\u00e9riaux Anciens","description":"Purchase and sale of old building materials, beams, tiles, floors, frameworks, paving, terracotta.","publisher":{"@id":"https:\/\/provence-materiaux-anciens.com\/#organization"},"potentialAction":[{"@type":"SearchAction","target":{"@type":"EntryPoint","urlTemplate":"https:\/\/provence-materiaux-anciens.com\/?s={search_term_string}"},"query-input":{"@type":"PropertyValueSpecification","valueRequired":true,"valueName":"search_term_string"}}],"inLanguage":"en-US"},{"@type":"Organization","@id":"https:\/\/provence-materiaux-anciens.com\/#organization","name":"Provence Mat\u00e9riaux Anciens","url":"https:\/\/provence-materiaux-anciens.com\/","logo":{"@type":"ImageObject","inLanguage":"en-US","@id":"https:\/\/provence-materiaux-anciens.com\/#\/schema\/logo\/image\/","url":"https:\/\/provence-materiaux-anciens.com\/wp-content\/uploads\/2022\/03\/cropped-logo-pma-web.png","contentUrl":"https:\/\/provence-materiaux-anciens.com\/wp-content\/uploads\/2022\/03\/cropped-logo-pma-web.png","width":650,"height":434,"caption":"Provence Mat\u00e9riaux Anciens"},"image":{"@id":"https:\/\/provence-materiaux-anciens.com\/#\/schema\/logo\/image\/"},"sameAs":["https:\/\/www.facebook.com\/provencemateriauxanciens","https:\/\/www.instagram.com\/provencemateriauxanciens\/","https:\/\/www.pinterest.fr\/provencemateriauxanciens\/"]}]}},"_links":{"self":[{"href":"https:\/\/provence-materiaux-anciens.com\/en\/wp-json\/wp\/v2\/product\/2327","targetHints":{"allow":["GET"]}}],"collection":[{"href":"https:\/\/provence-materiaux-anciens.com\/en\/wp-json\/wp\/v2\/product"}],"about":[{"href":"https:\/\/provence-materiaux-anciens.com\/en\/wp-json\/wp\/v2\/types\/product"}],"wp:featuredmedia":[{"embeddable":true,"href":"https:\/\/provence-materiaux-anciens.com\/en\/wp-json\/wp\/v2\/media\/2517"}],"wp:attachment":[{"href":"https:\/\/provence-materiaux-anciens.com\/en\/wp-json\/wp\/v2\/media?parent=2327"}],"wp:term":[{"taxonomy":"product_brand","embeddable":true,"href":"https:\/\/provence-materiaux-anciens.com\/en\/wp-json\/wp\/v2\/product_brand?post=2327"},{"taxonomy":"product_cat","embeddable":true,"href":"https:\/\/provence-materiaux-anciens.com\/en\/wp-json\/wp\/v2\/product_cat?post=2327"},{"taxonomy":"product_tag","embeddable":true,"href":"https:\/\/provence-materiaux-anciens.com\/en\/wp-json\/wp\/v2\/product_tag?post=2327"}],"curies":[{"name":"wp","href":"https:\/\/api.w.org\/{rel}","templated":true}]}}