{"id":2503,"date":"2023-02-08T16:32:07","date_gmt":"2023-02-08T16:32:07","guid":{"rendered":"https:\/\/provence-materiaux-anciens.com\/?post_type=product&#038;p=2503"},"modified":"2024-03-06T08:56:38","modified_gmt":"2024-03-06T08:56:38","slug":"natural-burgundy-stone-cladding","status":"publish","type":"product","link":"https:\/\/provence-materiaux-anciens.com\/en\/product\/facings\/antique-facings\/natural-burgundy-stone-cladding\/","title":{"rendered":"Antique French Wall Bourgogne"},"content":{"rendered":"","protected":false},"excerpt":{"rendered":"<p>Bourgogne natural stone facings are antique facings that add a touch of charm and character to any interior space. Made from natural stone sourced from the Bourgogne region of France, these facings are unique and bring a touch of the old world to any room.<\/p>\n<p>Bourgogne natural stone facings are available in a variety of formats and sizes, making them ideal for renovation or construction projects. They can be used to clad walls, columns or fireplaces, bringing a touch of character and warmth to any interior space.<\/p>\n<p>In addition to their unique aesthetic appeal, Bourgogne natural stone cladding is also extremely durable and resistant. Made from natural stone, they are designed to last for many years without fading or degrading. This makes them an ideal choice for long-term renovation projects.<\/p>\n<p>Natural Bourgogne stone cladding is also very easy to maintain. They can be cleaned simply with a damp cloth and do not require expensive or complicated chemicals for maintenance.<\/p>\n<p>In short, Bourgogne natural stone cladding is an ideal choice for anyone wishing to add a touch of charm and character to their outdoor space. With their unique aesthetic and durability, they can be used to clad walls, columns or fireplaces, bringing a touch of the old world to any room.<\/p>\n<p><strong>Thickness<\/strong> 3 and 4 cm<\/p>\n<p><strong>Dimension<\/strong> Variable<\/p>","protected":false},"featured_media":2504,"template":"","meta":{"_monsterinsights_skip_tracking":false,"_monsterinsights_sitenote_active":false,"_monsterinsights_sitenote_note":"","_monsterinsights_sitenote_category":0},"product_brand":[],"product_cat":[60,158],"product_tag":[],"class_list":{"0":"post-2503","1":"product","2":"type-product","3":"status-publish","4":"has-post-thumbnail","6":"product_cat-parements-anciens","7":"product_cat-parements-en-pierre-naturelle","9":"first","10":"instock","11":"shipping-taxable","12":"product-type-simple"},"yoast_head":"<!-- This site is optimized with the Yoast SEO Premium plugin v22.1 (Yoast SEO v24.6) - https:\/\/yoast.com\/wordpress\/plugins\/seo\/ -->\n<title>Parement pierre naturelle de Bourgogne - Provence Mat\u00e9riaux Anciens<\/title>\n<meta name=\"robots\" content=\"index, follow, max-snippet:-1, max-image-preview:large, max-video-preview:-1\" \/>\n<link rel=\"canonical\" href=\"https:\/\/provence-materiaux-anciens.com\/en\/product\/facings\/antique-facings\/natural-burgundy-stone-cladding\/\" \/>\n<meta property=\"og:locale\" content=\"en_US\" \/>\n<meta property=\"og:type\" content=\"article\" \/>\n<meta property=\"og:title\" content=\"Parement pierre naturelle de Bourgogne\" \/>\n<meta property=\"og:description\" content=\"Les parements pierres naturelles de Bourgogne sont des parements anciens qui apportent une touche de charme et de caract\u00e8re \u00e0 tout espace int\u00e9rieur. Fabriqu\u00e9s \u00e0 partir de pierres naturelles provenant de la r\u00e9gion de Bourgogne, ces parements sont uniques en leur genre et apportent une touche de vieux-monde \u00e0 n&#039;importe quelle pi\u00e8ce.  Les parements pierres naturelles de Bourgogne sont disponibles en diff\u00e9rents formats et tailles, ce qui les rend parfaits pour les projets de r\u00e9novation ou de construction. Ils peuvent \u00eatre utilis\u00e9s pour habiller les murs, les colonnes ou les chemin\u00e9es, apportant ainsi une touche de caract\u00e8re et de chaleur \u00e0 tout espace int\u00e9rieur.  En plus de leur esth\u00e9tique unique, les parements pierres naturelles de Bourgogne sont \u00e9galement tr\u00e8s durables et r\u00e9sistantes. Fabriqu\u00e9es \u00e0 partir de pierres naturelles, elles sont con\u00e7ues pour durer de nombreuses ann\u00e9es sans se d\u00e9colorer ou se d\u00e9grader. Cela en fait un choix id\u00e9al pour les projets de r\u00e9novation \u00e0 long terme.  Les parement pierre naturelle de Bourgogne sont \u00e9galement tr\u00e8s faciles \u00e0 entretenir. Elles peuvent \u00eatre nettoy\u00e9es simplement avec un chiffon humide et ne n\u00e9cessitent pas de produits chimiques co\u00fbteux ou compliqu\u00e9s pour leur entretien.  En r\u00e9sum\u00e9, les parement pierre naturelle de Bourgogne sont un choix id\u00e9al pour tous ceux qui souhaitent apporter une touche de charme et de caract\u00e8re \u00e0 leur espace ext\u00e9rieur. Avec leur esth\u00e9tique unique et leur durabilit\u00e9, ils peuvent \u00eatre utilis\u00e9s pour habiller les murs, les colonnes ou les chemin\u00e9es, apportant ainsi une touche de vieux-monde \u00e0 n&#039;importe quelle pi\u00e8ce.  \u00c9paisseur : 3 et 4 cm  Dimension : Variable\" \/>\n<meta property=\"og:url\" content=\"https:\/\/provence-materiaux-anciens.com\/en\/product\/facings\/antique-facings\/natural-burgundy-stone-cladding\/\" \/>\n<meta property=\"og:site_name\" content=\"Provence Mat\u00e9riaux Anciens\" \/>\n<meta property=\"article:publisher\" content=\"https:\/\/www.facebook.com\/provencemateriauxanciens\" \/>\n<meta property=\"article:modified_time\" content=\"2024-03-06T08:56:38+00:00\" \/>\n<meta property=\"og:image\" content=\"https:\/\/provence-materiaux-anciens.com\/wp-content\/uploads\/2023\/02\/croute-de-bourgogne01.jpg\" \/>\n\t<meta property=\"og:image:width\" content=\"700\" \/>\n\t<meta property=\"og:image:height\" content=\"700\" \/>\n\t<meta property=\"og:image:type\" content=\"image\/jpeg\" \/>\n<meta name=\"twitter:card\" content=\"summary_large_image\" \/>\n<script type=\"application\/ld+json\" class=\"yoast-schema-graph\">{\"@context\":\"https:\/\/schema.org\",\"@graph\":[{\"@type\":\"WebPage\",\"@id\":\"https:\/\/provence-materiaux-anciens.com\/produit\/parements\/parements-anciens\/parement-pierre-naturelle-de-bourgogne\/\",\"url\":\"https:\/\/provence-materiaux-anciens.com\/produit\/parements\/parements-anciens\/parement-pierre-naturelle-de-bourgogne\/\",\"name\":\"Parement pierre naturelle de Bourgogne - Provence Mat\u00e9riaux Anciens\",\"isPartOf\":{\"@id\":\"https:\/\/provence-materiaux-anciens.com\/#website\"},\"primaryImageOfPage\":{\"@id\":\"https:\/\/provence-materiaux-anciens.com\/produit\/parements\/parements-anciens\/parement-pierre-naturelle-de-bourgogne\/#primaryimage\"},\"image\":{\"@id\":\"https:\/\/provence-materiaux-anciens.com\/produit\/parements\/parements-anciens\/parement-pierre-naturelle-de-bourgogne\/#primaryimage\"},\"thumbnailUrl\":\"https:\/\/provence-materiaux-anciens.com\/wp-content\/uploads\/2023\/02\/croute-de-bourgogne01.jpg\",\"datePublished\":\"2023-02-08T16:32:07+00:00\",\"dateModified\":\"2024-03-06T08:56:38+00:00\",\"breadcrumb\":{\"@id\":\"https:\/\/provence-materiaux-anciens.com\/produit\/parements\/parements-anciens\/parement-pierre-naturelle-de-bourgogne\/#breadcrumb\"},\"inLanguage\":\"en-US\",\"potentialAction\":[{\"@type\":\"ReadAction\",\"target\":[\"https:\/\/provence-materiaux-anciens.com\/produit\/parements\/parements-anciens\/parement-pierre-naturelle-de-bourgogne\/\"]}]},{\"@type\":\"ImageObject\",\"inLanguage\":\"en-US\",\"@id\":\"https:\/\/provence-materiaux-anciens.com\/produit\/parements\/parements-anciens\/parement-pierre-naturelle-de-bourgogne\/#primaryimage\",\"url\":\"https:\/\/provence-materiaux-anciens.com\/wp-content\/uploads\/2023\/02\/croute-de-bourgogne01.jpg\",\"contentUrl\":\"https:\/\/provence-materiaux-anciens.com\/wp-content\/uploads\/2023\/02\/croute-de-bourgogne01.jpg\",\"width\":700,\"height\":700,\"caption\":\"parement-pierre-naturelle-de-bourgogne\"},{\"@type\":\"BreadcrumbList\",\"@id\":\"https:\/\/provence-materiaux-anciens.com\/produit\/parements\/parements-anciens\/parement-pierre-naturelle-de-bourgogne\/#breadcrumb\",\"itemListElement\":[{\"@type\":\"ListItem\",\"position\":1,\"name\":\"Accueil\",\"item\":\"https:\/\/provence-materiaux-anciens.com\/fr\/\"},{\"@type\":\"ListItem\",\"position\":2,\"name\":\"Produits\",\"item\":\"https:\/\/provence-materiaux-anciens.com\/produit\/\"},{\"@type\":\"ListItem\",\"position\":3,\"name\":\"Parement pierre naturelle de Bourgogne\"}]},{\"@type\":\"WebSite\",\"@id\":\"https:\/\/provence-materiaux-anciens.com\/#website\",\"url\":\"https:\/\/provence-materiaux-anciens.com\/\",\"name\":\"Provence Mat\u00e9riaux Anciens\",\"description\":\"Achat et vente de mat\u00e9riaux anciens de construction, poutres, tuiles, planchers, charpentes, dallages, terres cuites.\",\"publisher\":{\"@id\":\"https:\/\/provence-materiaux-anciens.com\/#organization\"},\"potentialAction\":[{\"@type\":\"SearchAction\",\"target\":{\"@type\":\"EntryPoint\",\"urlTemplate\":\"https:\/\/provence-materiaux-anciens.com\/?s={search_term_string}\"},\"query-input\":{\"@type\":\"PropertyValueSpecification\",\"valueRequired\":true,\"valueName\":\"search_term_string\"}}],\"inLanguage\":\"en-US\"},{\"@type\":\"Organization\",\"@id\":\"https:\/\/provence-materiaux-anciens.com\/#organization\",\"name\":\"Provence Mat\u00e9riaux Anciens\",\"url\":\"https:\/\/provence-materiaux-anciens.com\/\",\"logo\":{\"@type\":\"ImageObject\",\"inLanguage\":\"en-US\",\"@id\":\"https:\/\/provence-materiaux-anciens.com\/#\/schema\/logo\/image\/\",\"url\":\"https:\/\/provence-materiaux-anciens.com\/wp-content\/uploads\/2022\/03\/cropped-logo-pma-web.png\",\"contentUrl\":\"https:\/\/provence-materiaux-anciens.com\/wp-content\/uploads\/2022\/03\/cropped-logo-pma-web.png\",\"width\":650,\"height\":434,\"caption\":\"Provence Mat\u00e9riaux Anciens\"},\"image\":{\"@id\":\"https:\/\/provence-materiaux-anciens.com\/#\/schema\/logo\/image\/\"},\"sameAs\":[\"https:\/\/www.facebook.com\/provencemateriauxanciens\",\"https:\/\/www.instagram.com\/provencemateriauxanciens\/\",\"https:\/\/www.pinterest.fr\/provencemateriauxanciens\/\"]}]}<\/script>\n<!-- \/ Yoast SEO Premium plugin. -->","yoast_head_json":{"title":"Natural Burgundy stone cladding - Provence Mat\u00e9riaux Anciens","robots":{"index":"index","follow":"follow","max-snippet":"max-snippet:-1","max-image-preview":"max-image-preview:large","max-video-preview":"max-video-preview:-1"},"canonical":"https:\/\/provence-materiaux-anciens.com\/en\/product\/facings\/antique-facings\/natural-burgundy-stone-cladding\/","og_locale":"en_US","og_type":"article","og_title":"Parement pierre naturelle de Bourgogne","og_description":"Les parements pierres naturelles de Bourgogne sont des parements anciens qui apportent une touche de charme et de caract\u00e8re \u00e0 tout espace int\u00e9rieur. Fabriqu\u00e9s \u00e0 partir de pierres naturelles provenant de la r\u00e9gion de Bourgogne, ces parements sont uniques en leur genre et apportent une touche de vieux-monde \u00e0 n'importe quelle pi\u00e8ce.  Les parements pierres naturelles de Bourgogne sont disponibles en diff\u00e9rents formats et tailles, ce qui les rend parfaits pour les projets de r\u00e9novation ou de construction. Ils peuvent \u00eatre utilis\u00e9s pour habiller les murs, les colonnes ou les chemin\u00e9es, apportant ainsi une touche de caract\u00e8re et de chaleur \u00e0 tout espace int\u00e9rieur.  En plus de leur esth\u00e9tique unique, les parements pierres naturelles de Bourgogne sont \u00e9galement tr\u00e8s durables et r\u00e9sistantes. Fabriqu\u00e9es \u00e0 partir de pierres naturelles, elles sont con\u00e7ues pour durer de nombreuses ann\u00e9es sans se d\u00e9colorer ou se d\u00e9grader. Cela en fait un choix id\u00e9al pour les projets de r\u00e9novation \u00e0 long terme.  Les parement pierre naturelle de Bourgogne sont \u00e9galement tr\u00e8s faciles \u00e0 entretenir. Elles peuvent \u00eatre nettoy\u00e9es simplement avec un chiffon humide et ne n\u00e9cessitent pas de produits chimiques co\u00fbteux ou compliqu\u00e9s pour leur entretien.  En r\u00e9sum\u00e9, les parement pierre naturelle de Bourgogne sont un choix id\u00e9al pour tous ceux qui souhaitent apporter une touche de charme et de caract\u00e8re \u00e0 leur espace ext\u00e9rieur. Avec leur esth\u00e9tique unique et leur durabilit\u00e9, ils peuvent \u00eatre utilis\u00e9s pour habiller les murs, les colonnes ou les chemin\u00e9es, apportant ainsi une touche de vieux-monde \u00e0 n'importe quelle pi\u00e8ce.  \u00c9paisseur : 3 et 4 cm  Dimension : Variable","og_url":"https:\/\/provence-materiaux-anciens.com\/en\/product\/facings\/antique-facings\/natural-burgundy-stone-cladding\/","og_site_name":"Provence Mat\u00e9riaux Anciens","article_publisher":"https:\/\/www.facebook.com\/provencemateriauxanciens","article_modified_time":"2024-03-06T08:56:38+00:00","og_image":[{"width":700,"height":700,"url":"https:\/\/provence-materiaux-anciens.com\/wp-content\/uploads\/2023\/02\/croute-de-bourgogne01.jpg","type":"image\/jpeg"}],"twitter_card":"summary_large_image","schema":{"@context":"https:\/\/schema.org","@graph":[{"@type":"WebPage","@id":"https:\/\/provence-materiaux-anciens.com\/produit\/parements\/parements-anciens\/parement-pierre-naturelle-de-bourgogne\/","url":"https:\/\/provence-materiaux-anciens.com\/produit\/parements\/parements-anciens\/parement-pierre-naturelle-de-bourgogne\/","name":"Natural Burgundy stone cladding - Provence Mat\u00e9riaux Anciens","isPartOf":{"@id":"https:\/\/provence-materiaux-anciens.com\/#website"},"primaryImageOfPage":{"@id":"https:\/\/provence-materiaux-anciens.com\/produit\/parements\/parements-anciens\/parement-pierre-naturelle-de-bourgogne\/#primaryimage"},"image":{"@id":"https:\/\/provence-materiaux-anciens.com\/produit\/parements\/parements-anciens\/parement-pierre-naturelle-de-bourgogne\/#primaryimage"},"thumbnailUrl":"https:\/\/provence-materiaux-anciens.com\/wp-content\/uploads\/2023\/02\/croute-de-bourgogne01.jpg","datePublished":"2023-02-08T16:32:07+00:00","dateModified":"2024-03-06T08:56:38+00:00","breadcrumb":{"@id":"https:\/\/provence-materiaux-anciens.com\/produit\/parements\/parements-anciens\/parement-pierre-naturelle-de-bourgogne\/#breadcrumb"},"inLanguage":"en-US","potentialAction":[{"@type":"ReadAction","target":["https:\/\/provence-materiaux-anciens.com\/produit\/parements\/parements-anciens\/parement-pierre-naturelle-de-bourgogne\/"]}]},{"@type":"ImageObject","inLanguage":"en-US","@id":"https:\/\/provence-materiaux-anciens.com\/produit\/parements\/parements-anciens\/parement-pierre-naturelle-de-bourgogne\/#primaryimage","url":"https:\/\/provence-materiaux-anciens.com\/wp-content\/uploads\/2023\/02\/croute-de-bourgogne01.jpg","contentUrl":"https:\/\/provence-materiaux-anciens.com\/wp-content\/uploads\/2023\/02\/croute-de-bourgogne01.jpg","width":700,"height":700,"caption":"parement-pierre-naturelle-de-bourgogne"},{"@type":"BreadcrumbList","@id":"https:\/\/provence-materiaux-anciens.com\/produit\/parements\/parements-anciens\/parement-pierre-naturelle-de-bourgogne\/#breadcrumb","itemListElement":[{"@type":"ListItem","position":1,"name":"Accueil","item":"https:\/\/provence-materiaux-anciens.com\/fr\/"},{"@type":"ListItem","position":2,"name":"Produits","item":"https:\/\/provence-materiaux-anciens.com\/produit\/"},{"@type":"ListItem","position":3,"name":"Parement pierre naturelle de Bourgogne"}]},{"@type":"WebSite","@id":"https:\/\/provence-materiaux-anciens.com\/#website","url":"https:\/\/provence-materiaux-anciens.com\/","name":"Provence Mat\u00e9riaux Anciens","description":"Purchase and sale of old building materials, beams, tiles, floors, frameworks, paving, terracotta.","publisher":{"@id":"https:\/\/provence-materiaux-anciens.com\/#organization"},"potentialAction":[{"@type":"SearchAction","target":{"@type":"EntryPoint","urlTemplate":"https:\/\/provence-materiaux-anciens.com\/?s={search_term_string}"},"query-input":{"@type":"PropertyValueSpecification","valueRequired":true,"valueName":"search_term_string"}}],"inLanguage":"en-US"},{"@type":"Organization","@id":"https:\/\/provence-materiaux-anciens.com\/#organization","name":"Provence Mat\u00e9riaux Anciens","url":"https:\/\/provence-materiaux-anciens.com\/","logo":{"@type":"ImageObject","inLanguage":"en-US","@id":"https:\/\/provence-materiaux-anciens.com\/#\/schema\/logo\/image\/","url":"https:\/\/provence-materiaux-anciens.com\/wp-content\/uploads\/2022\/03\/cropped-logo-pma-web.png","contentUrl":"https:\/\/provence-materiaux-anciens.com\/wp-content\/uploads\/2022\/03\/cropped-logo-pma-web.png","width":650,"height":434,"caption":"Provence Mat\u00e9riaux Anciens"},"image":{"@id":"https:\/\/provence-materiaux-anciens.com\/#\/schema\/logo\/image\/"},"sameAs":["https:\/\/www.facebook.com\/provencemateriauxanciens","https:\/\/www.instagram.com\/provencemateriauxanciens\/","https:\/\/www.pinterest.fr\/provencemateriauxanciens\/"]}]}},"_links":{"self":[{"href":"https:\/\/provence-materiaux-anciens.com\/en\/wp-json\/wp\/v2\/product\/2503","targetHints":{"allow":["GET"]}}],"collection":[{"href":"https:\/\/provence-materiaux-anciens.com\/en\/wp-json\/wp\/v2\/product"}],"about":[{"href":"https:\/\/provence-materiaux-anciens.com\/en\/wp-json\/wp\/v2\/types\/product"}],"wp:featuredmedia":[{"embeddable":true,"href":"https:\/\/provence-materiaux-anciens.com\/en\/wp-json\/wp\/v2\/media\/2504"}],"wp:attachment":[{"href":"https:\/\/provence-materiaux-anciens.com\/en\/wp-json\/wp\/v2\/media?parent=2503"}],"wp:term":[{"taxonomy":"product_brand","embeddable":true,"href":"https:\/\/provence-materiaux-anciens.com\/en\/wp-json\/wp\/v2\/product_brand?post=2503"},{"taxonomy":"product_cat","embeddable":true,"href":"https:\/\/provence-materiaux-anciens.com\/en\/wp-json\/wp\/v2\/product_cat?post=2503"},{"taxonomy":"product_tag","embeddable":true,"href":"https:\/\/provence-materiaux-anciens.com\/en\/wp-json\/wp\/v2\/product_tag?post=2503"}],"curies":[{"name":"wp","href":"https:\/\/api.w.org\/{rel}","templated":true}]}}