{"id":4042,"date":"2023-10-18T07:45:54","date_gmt":"2023-10-18T07:45:54","guid":{"rendered":"https:\/\/provence-materiaux-anciens.com\/?post_type=product&#038;p=4042"},"modified":"2024-03-06T08:56:38","modified_gmt":"2024-03-06T08:56:38","slug":"parement-luberon","status":"publish","type":"product","link":"https:\/\/provence-materiaux-anciens.com\/en\/product\/facings\/natural-stone-cladding\/parement-luberon\/","title":{"rendered":"Wall Venner"},"content":{"rendered":"","protected":false},"excerpt":{"rendered":"<p>Natural stone cladding is an elegant and timeless choice for the exterior walls of your home. The natural beauty, durability and versatility of stone make it a popular material for interior and exterior decoration. Whether you want to add a rustic, contemporary or traditional touch to your space, natural stone cladding can meet your expectations.<\/p>\n<p>Natural stone cladding contributes to the thermal and acoustic insulation of your home, helping to maintain a comfortable temperature and reduce noise.<\/p>","protected":false},"featured_media":4043,"template":"","meta":{"_monsterinsights_skip_tracking":false,"_monsterinsights_sitenote_active":false,"_monsterinsights_sitenote_note":"","_monsterinsights_sitenote_category":0},"product_brand":[],"product_cat":[159,158],"product_tag":[],"class_list":{"0":"post-4042","1":"product","2":"type-product","3":"status-publish","4":"has-post-thumbnail","6":"product_cat-parements","7":"product_cat-parements-en-pierre-naturelle","9":"first","10":"instock","11":"shipping-taxable","12":"product-type-simple"},"yoast_head":"<!-- This site is optimized with the Yoast SEO Premium plugin v22.1 (Yoast SEO v24.6) - https:\/\/yoast.com\/wordpress\/plugins\/seo\/ -->\n<title>Parement Luberon - Provence Mat\u00e9riaux Anciens<\/title>\n<meta name=\"robots\" content=\"index, follow, max-snippet:-1, max-image-preview:large, max-video-preview:-1\" \/>\n<link rel=\"canonical\" href=\"https:\/\/provence-materiaux-anciens.com\/en\/product\/facings\/natural-stone-cladding\/parement-luberon\/\" \/>\n<meta property=\"og:locale\" content=\"en_US\" \/>\n<meta property=\"og:type\" content=\"article\" \/>\n<meta property=\"og:title\" content=\"Parement Luberon\" \/>\n<meta property=\"og:description\" content=\"Les parements en pierre naturelle sont un choix \u00e9l\u00e9gant et intemporel pour habiller les murs ext\u00e9rieurs de votre maison. La beaut\u00e9 naturelle, la durabilit\u00e9 et la polyvalence de la pierre en font un mat\u00e9riau pris\u00e9 pour la d\u00e9coration int\u00e9rieure et ext\u00e9rieur. Que vous souhaitiez apporter une touche rustique, contemporaine ou traditionnelle \u00e0 votre espace, les parements en pierre naturelle peuvent r\u00e9pondre \u00e0 vos attentes.  Les parements en pierre naturelle contribuent \u00e0 l&#039;isolation thermique et acoustique de votre maison, aidant \u00e0 maintenir une temp\u00e9rature confortable et \u00e0 r\u00e9duire le bruit.\" \/>\n<meta property=\"og:url\" content=\"https:\/\/provence-materiaux-anciens.com\/en\/product\/facings\/natural-stone-cladding\/parement-luberon\/\" \/>\n<meta property=\"og:site_name\" content=\"Provence Mat\u00e9riaux Anciens\" \/>\n<meta property=\"article:publisher\" content=\"https:\/\/www.facebook.com\/provencemateriauxanciens\" \/>\n<meta property=\"article:modified_time\" content=\"2024-03-06T08:56:38+00:00\" \/>\n<meta property=\"og:image\" content=\"https:\/\/provence-materiaux-anciens.com\/wp-content\/uploads\/2023\/10\/WhatsApp-Image-2023-10-17-a-14.47.46_8044288d.jpg\" \/>\n\t<meta property=\"og:image:width\" content=\"768\" \/>\n\t<meta property=\"og:image:height\" content=\"1024\" \/>\n\t<meta property=\"og:image:type\" content=\"image\/jpeg\" \/>\n<meta name=\"twitter:card\" content=\"summary_large_image\" \/>\n<script type=\"application\/ld+json\" class=\"yoast-schema-graph\">{\"@context\":\"https:\/\/schema.org\",\"@graph\":[{\"@type\":\"WebPage\",\"@id\":\"https:\/\/provence-materiaux-anciens.com\/produit\/parements\/parements-en-pierre-naturelle\/parement-luberon\/\",\"url\":\"https:\/\/provence-materiaux-anciens.com\/produit\/parements\/parements-en-pierre-naturelle\/parement-luberon\/\",\"name\":\"Parement Luberon - Provence Mat\u00e9riaux Anciens\",\"isPartOf\":{\"@id\":\"https:\/\/provence-materiaux-anciens.com\/#website\"},\"primaryImageOfPage\":{\"@id\":\"https:\/\/provence-materiaux-anciens.com\/produit\/parements\/parements-en-pierre-naturelle\/parement-luberon\/#primaryimage\"},\"image\":{\"@id\":\"https:\/\/provence-materiaux-anciens.com\/produit\/parements\/parements-en-pierre-naturelle\/parement-luberon\/#primaryimage\"},\"thumbnailUrl\":\"https:\/\/provence-materiaux-anciens.com\/wp-content\/uploads\/2023\/10\/WhatsApp-Image-2023-10-17-a-14.47.46_8044288d.jpg\",\"datePublished\":\"2023-10-18T07:45:54+00:00\",\"dateModified\":\"2024-03-06T08:56:38+00:00\",\"breadcrumb\":{\"@id\":\"https:\/\/provence-materiaux-anciens.com\/produit\/parements\/parements-en-pierre-naturelle\/parement-luberon\/#breadcrumb\"},\"inLanguage\":\"en-US\",\"potentialAction\":[{\"@type\":\"ReadAction\",\"target\":[\"https:\/\/provence-materiaux-anciens.com\/produit\/parements\/parements-en-pierre-naturelle\/parement-luberon\/\"]}]},{\"@type\":\"ImageObject\",\"inLanguage\":\"en-US\",\"@id\":\"https:\/\/provence-materiaux-anciens.com\/produit\/parements\/parements-en-pierre-naturelle\/parement-luberon\/#primaryimage\",\"url\":\"https:\/\/provence-materiaux-anciens.com\/wp-content\/uploads\/2023\/10\/WhatsApp-Image-2023-10-17-a-14.47.46_8044288d.jpg\",\"contentUrl\":\"https:\/\/provence-materiaux-anciens.com\/wp-content\/uploads\/2023\/10\/WhatsApp-Image-2023-10-17-a-14.47.46_8044288d.jpg\",\"width\":768,\"height\":1024,\"caption\":\"pierre naturelles parements\"},{\"@type\":\"BreadcrumbList\",\"@id\":\"https:\/\/provence-materiaux-anciens.com\/produit\/parements\/parements-en-pierre-naturelle\/parement-luberon\/#breadcrumb\",\"itemListElement\":[{\"@type\":\"ListItem\",\"position\":1,\"name\":\"Accueil\",\"item\":\"https:\/\/provence-materiaux-anciens.com\/fr\/\"},{\"@type\":\"ListItem\",\"position\":2,\"name\":\"Produits\",\"item\":\"https:\/\/provence-materiaux-anciens.com\/produit\/\"},{\"@type\":\"ListItem\",\"position\":3,\"name\":\"Parement Luberon\"}]},{\"@type\":\"WebSite\",\"@id\":\"https:\/\/provence-materiaux-anciens.com\/#website\",\"url\":\"https:\/\/provence-materiaux-anciens.com\/\",\"name\":\"Provence Mat\u00e9riaux Anciens\",\"description\":\"Achat et vente de mat\u00e9riaux anciens de construction, poutres, tuiles, planchers, charpentes, dallages, terres cuites.\",\"publisher\":{\"@id\":\"https:\/\/provence-materiaux-anciens.com\/#organization\"},\"potentialAction\":[{\"@type\":\"SearchAction\",\"target\":{\"@type\":\"EntryPoint\",\"urlTemplate\":\"https:\/\/provence-materiaux-anciens.com\/?s={search_term_string}\"},\"query-input\":{\"@type\":\"PropertyValueSpecification\",\"valueRequired\":true,\"valueName\":\"search_term_string\"}}],\"inLanguage\":\"en-US\"},{\"@type\":\"Organization\",\"@id\":\"https:\/\/provence-materiaux-anciens.com\/#organization\",\"name\":\"Provence Mat\u00e9riaux Anciens\",\"url\":\"https:\/\/provence-materiaux-anciens.com\/\",\"logo\":{\"@type\":\"ImageObject\",\"inLanguage\":\"en-US\",\"@id\":\"https:\/\/provence-materiaux-anciens.com\/#\/schema\/logo\/image\/\",\"url\":\"https:\/\/provence-materiaux-anciens.com\/wp-content\/uploads\/2022\/03\/cropped-logo-pma-web.png\",\"contentUrl\":\"https:\/\/provence-materiaux-anciens.com\/wp-content\/uploads\/2022\/03\/cropped-logo-pma-web.png\",\"width\":650,\"height\":434,\"caption\":\"Provence Mat\u00e9riaux Anciens\"},\"image\":{\"@id\":\"https:\/\/provence-materiaux-anciens.com\/#\/schema\/logo\/image\/\"},\"sameAs\":[\"https:\/\/www.facebook.com\/provencemateriauxanciens\",\"https:\/\/www.instagram.com\/provencemateriauxanciens\/\",\"https:\/\/www.pinterest.fr\/provencemateriauxanciens\/\"]}]}<\/script>\n<!-- \/ Yoast SEO Premium plugin. -->","yoast_head_json":{"title":"Parement Luberon - Provence Mat\u00e9riaux Anciens","robots":{"index":"index","follow":"follow","max-snippet":"max-snippet:-1","max-image-preview":"max-image-preview:large","max-video-preview":"max-video-preview:-1"},"canonical":"https:\/\/provence-materiaux-anciens.com\/en\/product\/facings\/natural-stone-cladding\/parement-luberon\/","og_locale":"en_US","og_type":"article","og_title":"Parement Luberon","og_description":"Les parements en pierre naturelle sont un choix \u00e9l\u00e9gant et intemporel pour habiller les murs ext\u00e9rieurs de votre maison. La beaut\u00e9 naturelle, la durabilit\u00e9 et la polyvalence de la pierre en font un mat\u00e9riau pris\u00e9 pour la d\u00e9coration int\u00e9rieure et ext\u00e9rieur. Que vous souhaitiez apporter une touche rustique, contemporaine ou traditionnelle \u00e0 votre espace, les parements en pierre naturelle peuvent r\u00e9pondre \u00e0 vos attentes.  Les parements en pierre naturelle contribuent \u00e0 l'isolation thermique et acoustique de votre maison, aidant \u00e0 maintenir une temp\u00e9rature confortable et \u00e0 r\u00e9duire le bruit.","og_url":"https:\/\/provence-materiaux-anciens.com\/en\/product\/facings\/natural-stone-cladding\/parement-luberon\/","og_site_name":"Provence Mat\u00e9riaux Anciens","article_publisher":"https:\/\/www.facebook.com\/provencemateriauxanciens","article_modified_time":"2024-03-06T08:56:38+00:00","og_image":[{"width":768,"height":1024,"url":"https:\/\/provence-materiaux-anciens.com\/wp-content\/uploads\/2023\/10\/WhatsApp-Image-2023-10-17-a-14.47.46_8044288d.jpg","type":"image\/jpeg"}],"twitter_card":"summary_large_image","schema":{"@context":"https:\/\/schema.org","@graph":[{"@type":"WebPage","@id":"https:\/\/provence-materiaux-anciens.com\/produit\/parements\/parements-en-pierre-naturelle\/parement-luberon\/","url":"https:\/\/provence-materiaux-anciens.com\/produit\/parements\/parements-en-pierre-naturelle\/parement-luberon\/","name":"Parement Luberon - Provence Mat\u00e9riaux Anciens","isPartOf":{"@id":"https:\/\/provence-materiaux-anciens.com\/#website"},"primaryImageOfPage":{"@id":"https:\/\/provence-materiaux-anciens.com\/produit\/parements\/parements-en-pierre-naturelle\/parement-luberon\/#primaryimage"},"image":{"@id":"https:\/\/provence-materiaux-anciens.com\/produit\/parements\/parements-en-pierre-naturelle\/parement-luberon\/#primaryimage"},"thumbnailUrl":"https:\/\/provence-materiaux-anciens.com\/wp-content\/uploads\/2023\/10\/WhatsApp-Image-2023-10-17-a-14.47.46_8044288d.jpg","datePublished":"2023-10-18T07:45:54+00:00","dateModified":"2024-03-06T08:56:38+00:00","breadcrumb":{"@id":"https:\/\/provence-materiaux-anciens.com\/produit\/parements\/parements-en-pierre-naturelle\/parement-luberon\/#breadcrumb"},"inLanguage":"en-US","potentialAction":[{"@type":"ReadAction","target":["https:\/\/provence-materiaux-anciens.com\/produit\/parements\/parements-en-pierre-naturelle\/parement-luberon\/"]}]},{"@type":"ImageObject","inLanguage":"en-US","@id":"https:\/\/provence-materiaux-anciens.com\/produit\/parements\/parements-en-pierre-naturelle\/parement-luberon\/#primaryimage","url":"https:\/\/provence-materiaux-anciens.com\/wp-content\/uploads\/2023\/10\/WhatsApp-Image-2023-10-17-a-14.47.46_8044288d.jpg","contentUrl":"https:\/\/provence-materiaux-anciens.com\/wp-content\/uploads\/2023\/10\/WhatsApp-Image-2023-10-17-a-14.47.46_8044288d.jpg","width":768,"height":1024,"caption":"pierre naturelles parements"},{"@type":"BreadcrumbList","@id":"https:\/\/provence-materiaux-anciens.com\/produit\/parements\/parements-en-pierre-naturelle\/parement-luberon\/#breadcrumb","itemListElement":[{"@type":"ListItem","position":1,"name":"Accueil","item":"https:\/\/provence-materiaux-anciens.com\/fr\/"},{"@type":"ListItem","position":2,"name":"Produits","item":"https:\/\/provence-materiaux-anciens.com\/produit\/"},{"@type":"ListItem","position":3,"name":"Parement Luberon"}]},{"@type":"WebSite","@id":"https:\/\/provence-materiaux-anciens.com\/#website","url":"https:\/\/provence-materiaux-anciens.com\/","name":"Provence Mat\u00e9riaux Anciens","description":"Purchase and sale of old building materials, beams, tiles, floors, frameworks, paving, terracotta.","publisher":{"@id":"https:\/\/provence-materiaux-anciens.com\/#organization"},"potentialAction":[{"@type":"SearchAction","target":{"@type":"EntryPoint","urlTemplate":"https:\/\/provence-materiaux-anciens.com\/?s={search_term_string}"},"query-input":{"@type":"PropertyValueSpecification","valueRequired":true,"valueName":"search_term_string"}}],"inLanguage":"en-US"},{"@type":"Organization","@id":"https:\/\/provence-materiaux-anciens.com\/#organization","name":"Provence Mat\u00e9riaux Anciens","url":"https:\/\/provence-materiaux-anciens.com\/","logo":{"@type":"ImageObject","inLanguage":"en-US","@id":"https:\/\/provence-materiaux-anciens.com\/#\/schema\/logo\/image\/","url":"https:\/\/provence-materiaux-anciens.com\/wp-content\/uploads\/2022\/03\/cropped-logo-pma-web.png","contentUrl":"https:\/\/provence-materiaux-anciens.com\/wp-content\/uploads\/2022\/03\/cropped-logo-pma-web.png","width":650,"height":434,"caption":"Provence Mat\u00e9riaux Anciens"},"image":{"@id":"https:\/\/provence-materiaux-anciens.com\/#\/schema\/logo\/image\/"},"sameAs":["https:\/\/www.facebook.com\/provencemateriauxanciens","https:\/\/www.instagram.com\/provencemateriauxanciens\/","https:\/\/www.pinterest.fr\/provencemateriauxanciens\/"]}]}},"_links":{"self":[{"href":"https:\/\/provence-materiaux-anciens.com\/en\/wp-json\/wp\/v2\/product\/4042","targetHints":{"allow":["GET"]}}],"collection":[{"href":"https:\/\/provence-materiaux-anciens.com\/en\/wp-json\/wp\/v2\/product"}],"about":[{"href":"https:\/\/provence-materiaux-anciens.com\/en\/wp-json\/wp\/v2\/types\/product"}],"wp:featuredmedia":[{"embeddable":true,"href":"https:\/\/provence-materiaux-anciens.com\/en\/wp-json\/wp\/v2\/media\/4043"}],"wp:attachment":[{"href":"https:\/\/provence-materiaux-anciens.com\/en\/wp-json\/wp\/v2\/media?parent=4042"}],"wp:term":[{"taxonomy":"product_brand","embeddable":true,"href":"https:\/\/provence-materiaux-anciens.com\/en\/wp-json\/wp\/v2\/product_brand?post=4042"},{"taxonomy":"product_cat","embeddable":true,"href":"https:\/\/provence-materiaux-anciens.com\/en\/wp-json\/wp\/v2\/product_cat?post=4042"},{"taxonomy":"product_tag","embeddable":true,"href":"https:\/\/provence-materiaux-anciens.com\/en\/wp-json\/wp\/v2\/product_tag?post=4042"}],"curies":[{"name":"wp","href":"https:\/\/api.w.org\/{rel}","templated":true}]}}