{"id":5579,"date":"2025-03-12T08:17:15","date_gmt":"2025-03-12T08:17:15","guid":{"rendered":"https:\/\/provence-materiaux-anciens.com\/?post_type=product&#038;p=5579"},"modified":"2025-07-24T12:41:45","modified_gmt":"2025-07-24T12:41:45","slug":"pool-pool-coping","status":"publish","type":"product","link":"https:\/\/provence-materiaux-anciens.com\/en\/product\/swimming-pool-range\/pool-pool-coping\/","title":{"rendered":"Non-slip outdoor paving"},"content":{"rendered":"","protected":false},"excerpt":{"rendered":"<h3 data-start=\"193\" data-end=\"242\"><strong data-start=\"197\" data-end=\"240\">Anti-slip flooring for pool surrounds<\/strong><\/h3>\n<p data-start=\"243\" data-end=\"288\"><strong data-start=\"243\" data-end=\"288\">Safety without compromising elegance<\/strong><\/p>\n<p data-start=\"290\" data-end=\"548\">Around a swimming pool, every detail counts. It has to look good, of course - but it also has to be reliable, comfortable and safe. That's why we offer a <strong data-start=\"443\" data-end=\"477\">non-slip floor covering<\/strong>designed to combine <strong data-start=\"500\" data-end=\"526\">aesthetics and safety<\/strong>even with wet feet.<\/p>\n<p data-start=\"550\" data-end=\"792\">Soft yet eye-catching texture, natural stone or treated finish, light shades that stay fresh in the sun... Everything you need to create a <strong data-start=\"702\" data-end=\"727\">refined environment<\/strong>A place where you can move around in complete tranquillity, from a dip to a siesta.<\/p>\n<p data-start=\"794\" data-end=\"1111\"><strong data-start=\"794\" data-end=\"818\">Why adopt it?<\/strong><br data-start=\"818\" data-end=\"821\" \/>- For its <strong data-start=\"831\" data-end=\"867\">naturally non-slip surface<\/strong>ideal for children and adults alike.<br data-start=\"915\" data-end=\"918\" \/>- For its <strong data-start=\"929\" data-end=\"951\">durable materials<\/strong> and resistant to chlorine, salt and frost.<br data-start=\"993\" data-end=\"996\" \/>- For his <strong data-start=\"1007\" data-end=\"1024\">mineral rendering<\/strong>Perfectly in harmony with a Mediterranean, contemporary or classic pool.<\/p>\n<p data-start=\"1113\" data-end=\"1295\">Sobriety, comfort and safety: a winning trio to enhance your exteriors, without ever giving in to plastic or artificiality. Because a beautiful pool deserves a floor to match.<\/p>\n<p><strong>FINISH :<\/strong> anti-slip<\/p>\n<p><strong>FORMAT :<\/strong> on demand.<\/p>\n<p>Special formats on request.<\/p>\n<p>To accompany this floor, we recommend our <a href=\"https:\/\/provence-materiaux-anciens.com\/en\/product\/floors\/paving-stone-natural\/paving\/zola-beige-london\/\">range of coping stones.<\/a><\/p>","protected":false},"featured_media":6045,"template":"","meta":{"_monsterinsights_skip_tracking":false,"_monsterinsights_sitenote_active":false,"_monsterinsights_sitenote_note":"","_monsterinsights_sitenote_category":0},"product_brand":[],"product_cat":[160],"product_tag":[],"class_list":{"0":"post-5579","1":"product","2":"type-product","3":"status-publish","4":"has-post-thumbnail","6":"product_cat-gamme-piscine","8":"first","9":"instock","10":"shipping-taxable","11":"product-type-simple"},"yoast_head":"<!-- This site is optimized with the Yoast SEO Premium plugin v22.1 (Yoast SEO v24.6) - https:\/\/yoast.com\/wordpress\/plugins\/seo\/ -->\n<title>Dallage ext\u00e9rieur antid\u00e9rapant - Provence Mat\u00e9riaux Anciens<\/title>\n<meta name=\"robots\" content=\"index, follow, max-snippet:-1, max-image-preview:large, max-video-preview:-1\" \/>\n<link rel=\"canonical\" href=\"https:\/\/provence-materiaux-anciens.com\/en\/product\/swimming-pool-range\/pool-pool-coping\/\" \/>\n<meta property=\"og:locale\" content=\"en_US\" \/>\n<meta property=\"og:type\" content=\"article\" \/>\n<meta property=\"og:title\" content=\"Dallage ext\u00e9rieur antid\u00e9rapant\" \/>\n<meta property=\"og:description\" content=\"Sol antid\u00e9rapant pour abords de piscine La s\u00e9curit\u00e9 sans compromis sur l&#039;\u00e9l\u00e9gance Autour d\u2019une piscine, chaque d\u00e9tail compte. Il faut que ce soit beau, bien s\u00fbr \u2014 mais aussi fiable, confortable et s\u00fbr. C\u2019est pourquoi nous proposons un rev\u00eatement de sol antid\u00e9rapant, pens\u00e9 pour conjuguer esth\u00e9tique et s\u00e9curit\u00e9, m\u00eame pieds mouill\u00e9s. Texture douce mais accrocheuse, pierre naturelle ou finition trait\u00e9e, nuances claires qui restent fra\u00eeches sous le soleil\u2026 Tout est r\u00e9uni pour cr\u00e9er un environnement raffin\u00e9, o\u00f9 l\u2019on circule en toute tranquillit\u00e9, du plongeon \u00e0 la sieste. Pourquoi l\u2019adopter ?\u2013 Pour sa surface naturellement antiglisse, id\u00e9ale pour les enfants comme pour les adultes.\u2013 Pour ses mat\u00e9riaux durables et r\u00e9sistants au chlore, au sel et au gel.\u2013 Pour son rendu min\u00e9ral, parfaitement en harmonie avec une piscine m\u00e9diterran\u00e9enne, contemporaine ou classique. Sobri\u00e9t\u00e9, confort et s\u00e9curit\u00e9 : un trio gagnant pour sublimer vos ext\u00e9rieurs, sans jamais c\u00e9der au plastique ou \u00e0 l\u2019artificiel. Parce qu\u2019une belle piscine m\u00e9rite un sol \u00e0 sa hauteur. FINITION : antid\u00e9rapante  FORMAT : \u00e0 la demande.  Format sp\u00e9cifique sur demande.  Pour accompagner ce sol, nous vous conseillons notre gamme de margelles.\" \/>\n<meta property=\"og:url\" content=\"https:\/\/provence-materiaux-anciens.com\/en\/product\/swimming-pool-range\/pool-pool-coping\/\" \/>\n<meta property=\"og:site_name\" content=\"Provence Mat\u00e9riaux Anciens\" \/>\n<meta property=\"article:publisher\" content=\"https:\/\/www.facebook.com\/provencemateriauxanciens\" \/>\n<meta property=\"article:modified_time\" content=\"2025-07-24T12:41:45+00:00\" \/>\n<meta property=\"og:image\" content=\"https:\/\/provence-materiaux-anciens.com\/wp-content\/uploads\/2025\/03\/20250616_122413-scaled.jpg\" \/>\n\t<meta property=\"og:image:width\" content=\"1920\" \/>\n\t<meta property=\"og:image:height\" content=\"2560\" \/>\n\t<meta property=\"og:image:type\" content=\"image\/jpeg\" \/>\n<meta name=\"twitter:card\" content=\"summary_large_image\" \/>\n<meta name=\"twitter:label1\" content=\"Est. reading time\" \/>\n\t<meta name=\"twitter:data1\" content=\"1 minute\" \/>\n<script type=\"application\/ld+json\" class=\"yoast-schema-graph\">{\"@context\":\"https:\/\/schema.org\",\"@graph\":[{\"@type\":\"WebPage\",\"@id\":\"https:\/\/provence-materiaux-anciens.com\/produit\/gamme-piscine\/margelles-piscine-bassin\/\",\"url\":\"https:\/\/provence-materiaux-anciens.com\/produit\/gamme-piscine\/margelles-piscine-bassin\/\",\"name\":\"Dallage ext\u00e9rieur antid\u00e9rapant - Provence Mat\u00e9riaux Anciens\",\"isPartOf\":{\"@id\":\"https:\/\/provence-materiaux-anciens.com\/#website\"},\"primaryImageOfPage\":{\"@id\":\"https:\/\/provence-materiaux-anciens.com\/produit\/gamme-piscine\/margelles-piscine-bassin\/#primaryimage\"},\"image\":{\"@id\":\"https:\/\/provence-materiaux-anciens.com\/produit\/gamme-piscine\/margelles-piscine-bassin\/#primaryimage\"},\"thumbnailUrl\":\"https:\/\/provence-materiaux-anciens.com\/wp-content\/uploads\/2025\/03\/20250616_122413-scaled.jpg\",\"datePublished\":\"2025-03-12T08:17:15+00:00\",\"dateModified\":\"2025-07-24T12:41:45+00:00\",\"breadcrumb\":{\"@id\":\"https:\/\/provence-materiaux-anciens.com\/produit\/gamme-piscine\/margelles-piscine-bassin\/#breadcrumb\"},\"inLanguage\":\"en-US\",\"potentialAction\":[{\"@type\":\"ReadAction\",\"target\":[\"https:\/\/provence-materiaux-anciens.com\/produit\/gamme-piscine\/margelles-piscine-bassin\/\"]}]},{\"@type\":\"ImageObject\",\"inLanguage\":\"en-US\",\"@id\":\"https:\/\/provence-materiaux-anciens.com\/produit\/gamme-piscine\/margelles-piscine-bassin\/#primaryimage\",\"url\":\"https:\/\/provence-materiaux-anciens.com\/wp-content\/uploads\/2025\/03\/20250616_122413-scaled.jpg\",\"contentUrl\":\"https:\/\/provence-materiaux-anciens.com\/wp-content\/uploads\/2025\/03\/20250616_122413-scaled.jpg\",\"width\":1920,\"height\":2560},{\"@type\":\"BreadcrumbList\",\"@id\":\"https:\/\/provence-materiaux-anciens.com\/produit\/gamme-piscine\/margelles-piscine-bassin\/#breadcrumb\",\"itemListElement\":[{\"@type\":\"ListItem\",\"position\":1,\"name\":\"Accueil\",\"item\":\"https:\/\/provence-materiaux-anciens.com\/fr\/\"},{\"@type\":\"ListItem\",\"position\":2,\"name\":\"Produits\",\"item\":\"https:\/\/provence-materiaux-anciens.com\/produit\/\"},{\"@type\":\"ListItem\",\"position\":3,\"name\":\"Dallage ext\u00e9rieur antid\u00e9rapant\"}]},{\"@type\":\"WebSite\",\"@id\":\"https:\/\/provence-materiaux-anciens.com\/#website\",\"url\":\"https:\/\/provence-materiaux-anciens.com\/\",\"name\":\"Provence Mat\u00e9riaux Anciens\",\"description\":\"Achat et vente de mat\u00e9riaux anciens de construction, poutres, tuiles, planchers, charpentes, dallages, terres cuites.\",\"publisher\":{\"@id\":\"https:\/\/provence-materiaux-anciens.com\/#organization\"},\"potentialAction\":[{\"@type\":\"SearchAction\",\"target\":{\"@type\":\"EntryPoint\",\"urlTemplate\":\"https:\/\/provence-materiaux-anciens.com\/?s={search_term_string}\"},\"query-input\":{\"@type\":\"PropertyValueSpecification\",\"valueRequired\":true,\"valueName\":\"search_term_string\"}}],\"inLanguage\":\"en-US\"},{\"@type\":\"Organization\",\"@id\":\"https:\/\/provence-materiaux-anciens.com\/#organization\",\"name\":\"Provence Mat\u00e9riaux Anciens\",\"url\":\"https:\/\/provence-materiaux-anciens.com\/\",\"logo\":{\"@type\":\"ImageObject\",\"inLanguage\":\"en-US\",\"@id\":\"https:\/\/provence-materiaux-anciens.com\/#\/schema\/logo\/image\/\",\"url\":\"https:\/\/provence-materiaux-anciens.com\/wp-content\/uploads\/2022\/03\/cropped-logo-pma-web.png\",\"contentUrl\":\"https:\/\/provence-materiaux-anciens.com\/wp-content\/uploads\/2022\/03\/cropped-logo-pma-web.png\",\"width\":650,\"height\":434,\"caption\":\"Provence Mat\u00e9riaux Anciens\"},\"image\":{\"@id\":\"https:\/\/provence-materiaux-anciens.com\/#\/schema\/logo\/image\/\"},\"sameAs\":[\"https:\/\/www.facebook.com\/provencemateriauxanciens\",\"https:\/\/www.instagram.com\/provencemateriauxanciens\/\",\"https:\/\/www.pinterest.fr\/provencemateriauxanciens\/\"]}]}<\/script>\n<!-- \/ Yoast SEO Premium plugin. -->","yoast_head_json":{"title":"Non-slip outdoor paving - Provence Mat\u00e9riaux Anciens","robots":{"index":"index","follow":"follow","max-snippet":"max-snippet:-1","max-image-preview":"max-image-preview:large","max-video-preview":"max-video-preview:-1"},"canonical":"https:\/\/provence-materiaux-anciens.com\/en\/product\/swimming-pool-range\/pool-pool-coping\/","og_locale":"en_US","og_type":"article","og_title":"Dallage ext\u00e9rieur antid\u00e9rapant","og_description":"Sol antid\u00e9rapant pour abords de piscine La s\u00e9curit\u00e9 sans compromis sur l'\u00e9l\u00e9gance Autour d\u2019une piscine, chaque d\u00e9tail compte. Il faut que ce soit beau, bien s\u00fbr \u2014 mais aussi fiable, confortable et s\u00fbr. C\u2019est pourquoi nous proposons un rev\u00eatement de sol antid\u00e9rapant, pens\u00e9 pour conjuguer esth\u00e9tique et s\u00e9curit\u00e9, m\u00eame pieds mouill\u00e9s. Texture douce mais accrocheuse, pierre naturelle ou finition trait\u00e9e, nuances claires qui restent fra\u00eeches sous le soleil\u2026 Tout est r\u00e9uni pour cr\u00e9er un environnement raffin\u00e9, o\u00f9 l\u2019on circule en toute tranquillit\u00e9, du plongeon \u00e0 la sieste. Pourquoi l\u2019adopter ?\u2013 Pour sa surface naturellement antiglisse, id\u00e9ale pour les enfants comme pour les adultes.\u2013 Pour ses mat\u00e9riaux durables et r\u00e9sistants au chlore, au sel et au gel.\u2013 Pour son rendu min\u00e9ral, parfaitement en harmonie avec une piscine m\u00e9diterran\u00e9enne, contemporaine ou classique. Sobri\u00e9t\u00e9, confort et s\u00e9curit\u00e9 : un trio gagnant pour sublimer vos ext\u00e9rieurs, sans jamais c\u00e9der au plastique ou \u00e0 l\u2019artificiel. Parce qu\u2019une belle piscine m\u00e9rite un sol \u00e0 sa hauteur. FINITION : antid\u00e9rapante  FORMAT : \u00e0 la demande.  Format sp\u00e9cifique sur demande.  Pour accompagner ce sol, nous vous conseillons notre gamme de margelles.","og_url":"https:\/\/provence-materiaux-anciens.com\/en\/product\/swimming-pool-range\/pool-pool-coping\/","og_site_name":"Provence Mat\u00e9riaux Anciens","article_publisher":"https:\/\/www.facebook.com\/provencemateriauxanciens","article_modified_time":"2025-07-24T12:41:45+00:00","og_image":[{"width":1920,"height":2560,"url":"https:\/\/provence-materiaux-anciens.com\/wp-content\/uploads\/2025\/03\/20250616_122413-scaled.jpg","type":"image\/jpeg"}],"twitter_card":"summary_large_image","twitter_misc":{"Est. reading time":"1 minute"},"schema":{"@context":"https:\/\/schema.org","@graph":[{"@type":"WebPage","@id":"https:\/\/provence-materiaux-anciens.com\/produit\/gamme-piscine\/margelles-piscine-bassin\/","url":"https:\/\/provence-materiaux-anciens.com\/produit\/gamme-piscine\/margelles-piscine-bassin\/","name":"Non-slip outdoor paving - Provence Mat\u00e9riaux Anciens","isPartOf":{"@id":"https:\/\/provence-materiaux-anciens.com\/#website"},"primaryImageOfPage":{"@id":"https:\/\/provence-materiaux-anciens.com\/produit\/gamme-piscine\/margelles-piscine-bassin\/#primaryimage"},"image":{"@id":"https:\/\/provence-materiaux-anciens.com\/produit\/gamme-piscine\/margelles-piscine-bassin\/#primaryimage"},"thumbnailUrl":"https:\/\/provence-materiaux-anciens.com\/wp-content\/uploads\/2025\/03\/20250616_122413-scaled.jpg","datePublished":"2025-03-12T08:17:15+00:00","dateModified":"2025-07-24T12:41:45+00:00","breadcrumb":{"@id":"https:\/\/provence-materiaux-anciens.com\/produit\/gamme-piscine\/margelles-piscine-bassin\/#breadcrumb"},"inLanguage":"en-US","potentialAction":[{"@type":"ReadAction","target":["https:\/\/provence-materiaux-anciens.com\/produit\/gamme-piscine\/margelles-piscine-bassin\/"]}]},{"@type":"ImageObject","inLanguage":"en-US","@id":"https:\/\/provence-materiaux-anciens.com\/produit\/gamme-piscine\/margelles-piscine-bassin\/#primaryimage","url":"https:\/\/provence-materiaux-anciens.com\/wp-content\/uploads\/2025\/03\/20250616_122413-scaled.jpg","contentUrl":"https:\/\/provence-materiaux-anciens.com\/wp-content\/uploads\/2025\/03\/20250616_122413-scaled.jpg","width":1920,"height":2560},{"@type":"BreadcrumbList","@id":"https:\/\/provence-materiaux-anciens.com\/produit\/gamme-piscine\/margelles-piscine-bassin\/#breadcrumb","itemListElement":[{"@type":"ListItem","position":1,"name":"Accueil","item":"https:\/\/provence-materiaux-anciens.com\/fr\/"},{"@type":"ListItem","position":2,"name":"Produits","item":"https:\/\/provence-materiaux-anciens.com\/produit\/"},{"@type":"ListItem","position":3,"name":"Dallage ext\u00e9rieur antid\u00e9rapant"}]},{"@type":"WebSite","@id":"https:\/\/provence-materiaux-anciens.com\/#website","url":"https:\/\/provence-materiaux-anciens.com\/","name":"Provence Mat\u00e9riaux Anciens","description":"Purchase and sale of old building materials, beams, tiles, floors, frameworks, paving, terracotta.","publisher":{"@id":"https:\/\/provence-materiaux-anciens.com\/#organization"},"potentialAction":[{"@type":"SearchAction","target":{"@type":"EntryPoint","urlTemplate":"https:\/\/provence-materiaux-anciens.com\/?s={search_term_string}"},"query-input":{"@type":"PropertyValueSpecification","valueRequired":true,"valueName":"search_term_string"}}],"inLanguage":"en-US"},{"@type":"Organization","@id":"https:\/\/provence-materiaux-anciens.com\/#organization","name":"Provence Mat\u00e9riaux Anciens","url":"https:\/\/provence-materiaux-anciens.com\/","logo":{"@type":"ImageObject","inLanguage":"en-US","@id":"https:\/\/provence-materiaux-anciens.com\/#\/schema\/logo\/image\/","url":"https:\/\/provence-materiaux-anciens.com\/wp-content\/uploads\/2022\/03\/cropped-logo-pma-web.png","contentUrl":"https:\/\/provence-materiaux-anciens.com\/wp-content\/uploads\/2022\/03\/cropped-logo-pma-web.png","width":650,"height":434,"caption":"Provence Mat\u00e9riaux Anciens"},"image":{"@id":"https:\/\/provence-materiaux-anciens.com\/#\/schema\/logo\/image\/"},"sameAs":["https:\/\/www.facebook.com\/provencemateriauxanciens","https:\/\/www.instagram.com\/provencemateriauxanciens\/","https:\/\/www.pinterest.fr\/provencemateriauxanciens\/"]}]}},"_links":{"self":[{"href":"https:\/\/provence-materiaux-anciens.com\/en\/wp-json\/wp\/v2\/product\/5579","targetHints":{"allow":["GET"]}}],"collection":[{"href":"https:\/\/provence-materiaux-anciens.com\/en\/wp-json\/wp\/v2\/product"}],"about":[{"href":"https:\/\/provence-materiaux-anciens.com\/en\/wp-json\/wp\/v2\/types\/product"}],"wp:featuredmedia":[{"embeddable":true,"href":"https:\/\/provence-materiaux-anciens.com\/en\/wp-json\/wp\/v2\/media\/6045"}],"wp:attachment":[{"href":"https:\/\/provence-materiaux-anciens.com\/en\/wp-json\/wp\/v2\/media?parent=5579"}],"wp:term":[{"taxonomy":"product_brand","embeddable":true,"href":"https:\/\/provence-materiaux-anciens.com\/en\/wp-json\/wp\/v2\/product_brand?post=5579"},{"taxonomy":"product_cat","embeddable":true,"href":"https:\/\/provence-materiaux-anciens.com\/en\/wp-json\/wp\/v2\/product_cat?post=5579"},{"taxonomy":"product_tag","embeddable":true,"href":"https:\/\/provence-materiaux-anciens.com\/en\/wp-json\/wp\/v2\/product_tag?post=5579"}],"curies":[{"name":"wp","href":"https:\/\/api.w.org\/{rel}","templated":true}]}}