{"id":5660,"date":"2025-03-21T08:51:35","date_gmt":"2025-03-21T08:51:35","guid":{"rendered":"https:\/\/provence-materiaux-anciens.com\/?post_type=product&#038;p=5660"},"modified":"2025-04-29T13:10:05","modified_gmt":"2025-04-29T13:10:05","slug":"curved-pool-coping-in-natural-stone","status":"publish","type":"product","link":"https:\/\/provence-materiaux-anciens.com\/en\/product\/swimming-pool-range\/copings\/curved-pool-coping-in-natural-stone\/","title":{"rendered":"Curved pool coping in natural stone"},"content":{"rendered":"<p>Beige pool coping in natural stone<br \/>\nOur beige pool copings in natural stone are the ideal choice to enhance your pool environment, combining authenticity, elegance and durability. Natural stone, with its timeless character, brings a touch of refinement and warmth to your pool surrounds, creating an outdoor space that's both natural and sophisticated.<br \/>\nThe elegance of natural stone for your pool surrounds<br \/>\nThe subtly nuanced beige of our coping stones evokes the softness of natural colors, bringing both clarity and a sense of well-being around your pool. Its unique look and warm tones blend harmoniously with any outdoor design style, whether modern, classic or Mediterranean.<br \/>\nExceptional quality and robustness<br \/>\nDesigned to withstand weather and water conditions, our natural stone pool copings are specially selected for their robustness. They offer excellent resistance to frost, UV rays and daily wear and tear, guaranteeing long-lasting durability. Natural stone retains its beauty over the years, with minimum maintenance, while providing incomparable comfort for your feet around the pool.<br \/>\nEasy installation and timeless style<br \/>\nBeige natural stone coping is easy to install, yet retains an elegant, refined look that never goes out of fashion. Their meticulous finish and non-slip surface ensure safety and comfort, even when wet. They're the perfect choice for creating a chic, safe bathing space.<br \/>\nCustomized to your needs<br \/>\nWe offer a wide range of coping formats and finishes to meet your specific needs and the aesthetics of your project. Whether you're looking for a simple, uncluttered pool edge or a more elaborate design, our coping stones will meet your every need.<br \/>\nTurn your pool into a wellness area<br \/>\nGive your pool a sophisticated look with our beige natural stone coping, a lasting investment for a quality exterior. Contact us to find out more about our products and get a personalized quote.<\/p>","protected":false},"excerpt":{"rendered":"<h2><strong>Ref :<\/strong> natural stone pool coping curved basin<\/h2>\n<p>Beige pool coping in natural stone<br \/>\nOur beige pool copings in natural stone are the ideal choice to enhance your pool environment, combining authenticity, elegance and durability. Natural stone, with its timeless character, brings a touch of refinement and warmth to your pool surrounds, creating an outdoor space that's both natural and sophisticated.<br \/>\nThe elegance of natural stone for your pool surrounds<br \/>\nThe subtly nuanced beige of our coping stones evokes the softness of natural colors, bringing both clarity and a sense of well-being around your pool. Its unique look and warm tones blend harmoniously with any outdoor design style, whether modern, classic or Mediterranean.<br \/>\nExceptional quality and robustness<br \/>\nDesigned to withstand weather and water conditions, our natural stone pool copings are specially selected for their robustness. They offer excellent resistance to frost, UV rays and daily wear and tear, guaranteeing long-lasting durability. Natural stone retains its beauty over the years, with minimum maintenance, while providing incomparable comfort for your feet around the pool.<br \/>\nEasy installation and timeless style<br \/>\nBeige natural stone coping is easy to install, yet retains an elegant, refined look that never goes out of fashion. Their meticulous finish and non-slip surface ensure safety and comfort, even when wet. They're the perfect choice for creating a chic, safe bathing space.<br \/>\nCustomized to your needs<br \/>\nWe offer a wide range of coping formats and finishes to meet your specific needs and the aesthetics of your project. Whether you're looking for a simple, uncluttered pool edge or a more elaborate design, our coping stones will meet your every need.<br \/>\nTurn your pool into a wellness area<br \/>\nGive your pool a sophisticated look with our beige natural stone coping, a lasting investment for a quality exterior. Contact us to find out more about our products and get a personalized quote.<\/p>\n<p><strong>FINISH :<\/strong> domed<\/p>\n<p><strong>FORMAT :<\/strong> free<\/p>\n<p>Special formats on request.<\/p>\n<p>We recommend our <a href=\"https:\/\/provence-materiaux-anciens.com\/en\/product\/floors\/paving-stone-natural\/paving\/manoir-natural-paving\/\">manoir natural stone paving<\/a> to match our coping stones.<\/p>","protected":false},"featured_media":5665,"template":"","meta":{"_monsterinsights_skip_tracking":false,"_monsterinsights_sitenote_active":false,"_monsterinsights_sitenote_note":"","_monsterinsights_sitenote_category":0},"product_brand":[],"product_cat":[160,96],"product_tag":[],"class_list":{"0":"post-5660","1":"product","2":"type-product","3":"status-publish","4":"has-post-thumbnail","6":"product_cat-gamme-piscine","7":"product_cat-margelles","9":"first","10":"instock","11":"shipping-taxable","12":"product-type-simple"},"yoast_head":"<!-- This site is optimized with the Yoast SEO Premium plugin v22.1 (Yoast SEO v24.6) - https:\/\/yoast.com\/wordpress\/plugins\/seo\/ -->\n<title>Margelle piscine en pierre naturelle bassin bomb\u00e9e - Provence Mat\u00e9riaux Anciens<\/title>\n<meta name=\"robots\" content=\"index, follow, max-snippet:-1, max-image-preview:large, max-video-preview:-1\" \/>\n<link rel=\"canonical\" href=\"https:\/\/provence-materiaux-anciens.com\/en\/product\/swimming-pool-range\/copings\/curved-pool-coping-in-natural-stone\/\" \/>\n<meta property=\"og:locale\" content=\"en_US\" \/>\n<meta property=\"og:type\" content=\"article\" \/>\n<meta property=\"og:title\" content=\"Margelle piscine en pierre naturelle bassin bomb\u00e9e\" \/>\n<meta property=\"og:description\" content=\"Ref : margelles piscine en pierre naturelle bassin bomb\u00e9 Margelles de piscine beige en pierre naturelle Nos margelles de piscine beige en pierre naturelle sont le choix id\u00e9al pour sublimer l\u2019environnement de votre piscine, alliant authenticit\u00e9, \u00e9l\u00e9gance et durabilit\u00e9. La pierre naturelle, au caract\u00e8re intemporel, apporte une touche de raffinement et de chaleur \u00e0 vos abords de piscine, cr\u00e9ant un espace ext\u00e9rieur \u00e0 la fois naturel et sophistiqu\u00e9. L\u2019\u00e9l\u00e9gance de la pierre naturelle pour vos abords de piscine Le beige subtilement nuanc\u00e9 de nos margelles \u00e9voque la douceur des couleurs naturelles, apportant \u00e0 la fois de la clart\u00e9 et une sensation de bien-\u00eatre autour de votre piscine. Son aspect unique et ses tonalit\u00e9s chaudes se fondent harmonieusement dans tous les styles d\u2019am\u00e9nagement ext\u00e9rieur, que ce soit dans un cadre moderne, classique ou m\u00e9diterran\u00e9en. Une qualit\u00e9 et une robustesse exceptionnelles Con\u00e7ues pour r\u00e9sister aux intemp\u00e9ries et aux conditions de l&#039;eau, nos margelles de piscine en pierre naturelle sont sp\u00e9cialement s\u00e9lectionn\u00e9es pour leur robustesse. Elles offrent une excellente r\u00e9sistance au gel, aux UV et \u00e0 l\u2019usure quotidienne, garantissant une long\u00e9vit\u00e9 \u00e0 toute \u00e9preuve. La pierre naturelle conserve sa beaut\u00e9 au fil des ann\u00e9es, avec un minimum d\u2019entretien, tout en apportant un confort incomparable pour vos pieds autour de la piscine. Une installation facile et un style intemporel Les margelles en pierre naturelle beige sont faciles \u00e0 poser, tout en conservant un aspect \u00e9l\u00e9gant et raffin\u00e9 qui ne se d\u00e9mode jamais. Leur finition soign\u00e9e et leur surface antid\u00e9rapante assurent s\u00e9curit\u00e9 et confort, m\u00eame lorsqu\u2019elles sont mouill\u00e9es. Elles sont le choix parfait pour cr\u00e9er un espace de baignade chic et s\u00e9curis\u00e9. Personnalisation selon vos besoins Nous proposons une large gamme de formats et de finitions de margelles pour r\u00e9pondre \u00e0 vos besoins sp\u00e9cifiques et \u00e0 l\u2019esth\u00e9tique de votre projet. Que vous souhaitiez un bord de piscine simple et \u00e9pur\u00e9 ou un am\u00e9nagement plus travaill\u00e9, nos margelles s\u2019adaptent \u00e0 vos attentes. Faites de votre piscine un espace de bien-\u00eatre Offrez \u00e0 votre piscine une allure sophistiqu\u00e9e avec nos margelles en pierre naturelle beige, un investissement durable pour un ext\u00e9rieur de qualit\u00e9. Contactez-nous pour en savoir plus sur nos produits et obtenir un devis personnalis\u00e9.  FINITION : bomb\u00e9  FORMAT : libre  Format sp\u00e9cifique sur demande.  Nous vous recommandons notre dallage en pierre naturelle manoir \u00e0 associer \u00e0 nos margelles.\" \/>\n<meta property=\"og:url\" content=\"https:\/\/provence-materiaux-anciens.com\/en\/product\/swimming-pool-range\/copings\/curved-pool-coping-in-natural-stone\/\" \/>\n<meta property=\"og:site_name\" content=\"Provence Mat\u00e9riaux Anciens\" \/>\n<meta property=\"article:publisher\" content=\"https:\/\/www.facebook.com\/provencemateriauxanciens\" \/>\n<meta property=\"article:modified_time\" content=\"2025-04-29T13:10:05+00:00\" \/>\n<meta property=\"og:image\" content=\"https:\/\/provence-materiaux-anciens.com\/wp-content\/uploads\/2025\/03\/margelles-pierre-naturelle-bassin-bombee.jpg\" \/>\n\t<meta property=\"og:image:width\" content=\"1057\" \/>\n\t<meta property=\"og:image:height\" content=\"1879\" \/>\n\t<meta property=\"og:image:type\" content=\"image\/jpeg\" \/>\n<meta name=\"twitter:card\" content=\"summary_large_image\" \/>\n<meta name=\"twitter:label1\" content=\"Est. reading time\" \/>\n\t<meta name=\"twitter:data1\" content=\"2 minutes\" \/>\n<script type=\"application\/ld+json\" class=\"yoast-schema-graph\">{\"@context\":\"https:\/\/schema.org\",\"@graph\":[{\"@type\":\"WebPage\",\"@id\":\"https:\/\/provence-materiaux-anciens.com\/produit\/gamme-piscine\/margelles\/margelle-piscine-en-pierre-naturelle-bassin-bombee\/\",\"url\":\"https:\/\/provence-materiaux-anciens.com\/produit\/gamme-piscine\/margelles\/margelle-piscine-en-pierre-naturelle-bassin-bombee\/\",\"name\":\"Margelle piscine en pierre naturelle bassin bomb\u00e9e - Provence Mat\u00e9riaux Anciens\",\"isPartOf\":{\"@id\":\"https:\/\/provence-materiaux-anciens.com\/#website\"},\"primaryImageOfPage\":{\"@id\":\"https:\/\/provence-materiaux-anciens.com\/produit\/gamme-piscine\/margelles\/margelle-piscine-en-pierre-naturelle-bassin-bombee\/#primaryimage\"},\"image\":{\"@id\":\"https:\/\/provence-materiaux-anciens.com\/produit\/gamme-piscine\/margelles\/margelle-piscine-en-pierre-naturelle-bassin-bombee\/#primaryimage\"},\"thumbnailUrl\":\"https:\/\/provence-materiaux-anciens.com\/wp-content\/uploads\/2025\/03\/margelles-pierre-naturelle-bassin-bombee.jpg\",\"datePublished\":\"2025-03-21T08:51:35+00:00\",\"dateModified\":\"2025-04-29T13:10:05+00:00\",\"breadcrumb\":{\"@id\":\"https:\/\/provence-materiaux-anciens.com\/produit\/gamme-piscine\/margelles\/margelle-piscine-en-pierre-naturelle-bassin-bombee\/#breadcrumb\"},\"inLanguage\":\"en-US\",\"potentialAction\":[{\"@type\":\"ReadAction\",\"target\":[\"https:\/\/provence-materiaux-anciens.com\/produit\/gamme-piscine\/margelles\/margelle-piscine-en-pierre-naturelle-bassin-bombee\/\"]}]},{\"@type\":\"ImageObject\",\"inLanguage\":\"en-US\",\"@id\":\"https:\/\/provence-materiaux-anciens.com\/produit\/gamme-piscine\/margelles\/margelle-piscine-en-pierre-naturelle-bassin-bombee\/#primaryimage\",\"url\":\"https:\/\/provence-materiaux-anciens.com\/wp-content\/uploads\/2025\/03\/margelles-pierre-naturelle-bassin-bombee.jpg\",\"contentUrl\":\"https:\/\/provence-materiaux-anciens.com\/wp-content\/uploads\/2025\/03\/margelles-pierre-naturelle-bassin-bombee.jpg\",\"width\":1057,\"height\":1879},{\"@type\":\"BreadcrumbList\",\"@id\":\"https:\/\/provence-materiaux-anciens.com\/produit\/gamme-piscine\/margelles\/margelle-piscine-en-pierre-naturelle-bassin-bombee\/#breadcrumb\",\"itemListElement\":[{\"@type\":\"ListItem\",\"position\":1,\"name\":\"Accueil\",\"item\":\"https:\/\/provence-materiaux-anciens.com\/fr\/\"},{\"@type\":\"ListItem\",\"position\":2,\"name\":\"Produits\",\"item\":\"https:\/\/provence-materiaux-anciens.com\/produit\/\"},{\"@type\":\"ListItem\",\"position\":3,\"name\":\"Margelle piscine en pierre naturelle bassin bomb\u00e9e\"}]},{\"@type\":\"WebSite\",\"@id\":\"https:\/\/provence-materiaux-anciens.com\/#website\",\"url\":\"https:\/\/provence-materiaux-anciens.com\/\",\"name\":\"Provence Mat\u00e9riaux Anciens\",\"description\":\"Achat et vente de mat\u00e9riaux anciens de construction, poutres, tuiles, planchers, charpentes, dallages, terres cuites.\",\"publisher\":{\"@id\":\"https:\/\/provence-materiaux-anciens.com\/#organization\"},\"potentialAction\":[{\"@type\":\"SearchAction\",\"target\":{\"@type\":\"EntryPoint\",\"urlTemplate\":\"https:\/\/provence-materiaux-anciens.com\/?s={search_term_string}\"},\"query-input\":{\"@type\":\"PropertyValueSpecification\",\"valueRequired\":true,\"valueName\":\"search_term_string\"}}],\"inLanguage\":\"en-US\"},{\"@type\":\"Organization\",\"@id\":\"https:\/\/provence-materiaux-anciens.com\/#organization\",\"name\":\"Provence Mat\u00e9riaux Anciens\",\"url\":\"https:\/\/provence-materiaux-anciens.com\/\",\"logo\":{\"@type\":\"ImageObject\",\"inLanguage\":\"en-US\",\"@id\":\"https:\/\/provence-materiaux-anciens.com\/#\/schema\/logo\/image\/\",\"url\":\"https:\/\/provence-materiaux-anciens.com\/wp-content\/uploads\/2022\/03\/cropped-logo-pma-web.png\",\"contentUrl\":\"https:\/\/provence-materiaux-anciens.com\/wp-content\/uploads\/2022\/03\/cropped-logo-pma-web.png\",\"width\":650,\"height\":434,\"caption\":\"Provence Mat\u00e9riaux Anciens\"},\"image\":{\"@id\":\"https:\/\/provence-materiaux-anciens.com\/#\/schema\/logo\/image\/\"},\"sameAs\":[\"https:\/\/www.facebook.com\/provencemateriauxanciens\",\"https:\/\/www.instagram.com\/provencemateriauxanciens\/\",\"https:\/\/www.pinterest.fr\/provencemateriauxanciens\/\"]}]}<\/script>\n<!-- \/ Yoast SEO Premium plugin. -->","yoast_head_json":{"title":"Curved pool coping in natural stone - Provence Mat\u00e9riaux Anciens","robots":{"index":"index","follow":"follow","max-snippet":"max-snippet:-1","max-image-preview":"max-image-preview:large","max-video-preview":"max-video-preview:-1"},"canonical":"https:\/\/provence-materiaux-anciens.com\/en\/product\/swimming-pool-range\/copings\/curved-pool-coping-in-natural-stone\/","og_locale":"en_US","og_type":"article","og_title":"Margelle piscine en pierre naturelle bassin bomb\u00e9e","og_description":"Ref : margelles piscine en pierre naturelle bassin bomb\u00e9 Margelles de piscine beige en pierre naturelle Nos margelles de piscine beige en pierre naturelle sont le choix id\u00e9al pour sublimer l\u2019environnement de votre piscine, alliant authenticit\u00e9, \u00e9l\u00e9gance et durabilit\u00e9. La pierre naturelle, au caract\u00e8re intemporel, apporte une touche de raffinement et de chaleur \u00e0 vos abords de piscine, cr\u00e9ant un espace ext\u00e9rieur \u00e0 la fois naturel et sophistiqu\u00e9. L\u2019\u00e9l\u00e9gance de la pierre naturelle pour vos abords de piscine Le beige subtilement nuanc\u00e9 de nos margelles \u00e9voque la douceur des couleurs naturelles, apportant \u00e0 la fois de la clart\u00e9 et une sensation de bien-\u00eatre autour de votre piscine. Son aspect unique et ses tonalit\u00e9s chaudes se fondent harmonieusement dans tous les styles d\u2019am\u00e9nagement ext\u00e9rieur, que ce soit dans un cadre moderne, classique ou m\u00e9diterran\u00e9en. Une qualit\u00e9 et une robustesse exceptionnelles Con\u00e7ues pour r\u00e9sister aux intemp\u00e9ries et aux conditions de l'eau, nos margelles de piscine en pierre naturelle sont sp\u00e9cialement s\u00e9lectionn\u00e9es pour leur robustesse. Elles offrent une excellente r\u00e9sistance au gel, aux UV et \u00e0 l\u2019usure quotidienne, garantissant une long\u00e9vit\u00e9 \u00e0 toute \u00e9preuve. La pierre naturelle conserve sa beaut\u00e9 au fil des ann\u00e9es, avec un minimum d\u2019entretien, tout en apportant un confort incomparable pour vos pieds autour de la piscine. Une installation facile et un style intemporel Les margelles en pierre naturelle beige sont faciles \u00e0 poser, tout en conservant un aspect \u00e9l\u00e9gant et raffin\u00e9 qui ne se d\u00e9mode jamais. Leur finition soign\u00e9e et leur surface antid\u00e9rapante assurent s\u00e9curit\u00e9 et confort, m\u00eame lorsqu\u2019elles sont mouill\u00e9es. Elles sont le choix parfait pour cr\u00e9er un espace de baignade chic et s\u00e9curis\u00e9. Personnalisation selon vos besoins Nous proposons une large gamme de formats et de finitions de margelles pour r\u00e9pondre \u00e0 vos besoins sp\u00e9cifiques et \u00e0 l\u2019esth\u00e9tique de votre projet. Que vous souhaitiez un bord de piscine simple et \u00e9pur\u00e9 ou un am\u00e9nagement plus travaill\u00e9, nos margelles s\u2019adaptent \u00e0 vos attentes. Faites de votre piscine un espace de bien-\u00eatre Offrez \u00e0 votre piscine une allure sophistiqu\u00e9e avec nos margelles en pierre naturelle beige, un investissement durable pour un ext\u00e9rieur de qualit\u00e9. Contactez-nous pour en savoir plus sur nos produits et obtenir un devis personnalis\u00e9.  FINITION : bomb\u00e9  FORMAT : libre  Format sp\u00e9cifique sur demande.  Nous vous recommandons notre dallage en pierre naturelle manoir \u00e0 associer \u00e0 nos margelles.","og_url":"https:\/\/provence-materiaux-anciens.com\/en\/product\/swimming-pool-range\/copings\/curved-pool-coping-in-natural-stone\/","og_site_name":"Provence Mat\u00e9riaux Anciens","article_publisher":"https:\/\/www.facebook.com\/provencemateriauxanciens","article_modified_time":"2025-04-29T13:10:05+00:00","og_image":[{"width":1057,"height":1879,"url":"https:\/\/provence-materiaux-anciens.com\/wp-content\/uploads\/2025\/03\/margelles-pierre-naturelle-bassin-bombee.jpg","type":"image\/jpeg"}],"twitter_card":"summary_large_image","twitter_misc":{"Est. reading time":"2 minutes"},"schema":{"@context":"https:\/\/schema.org","@graph":[{"@type":"WebPage","@id":"https:\/\/provence-materiaux-anciens.com\/produit\/gamme-piscine\/margelles\/margelle-piscine-en-pierre-naturelle-bassin-bombee\/","url":"https:\/\/provence-materiaux-anciens.com\/produit\/gamme-piscine\/margelles\/margelle-piscine-en-pierre-naturelle-bassin-bombee\/","name":"Curved pool coping in natural stone - Provence Mat\u00e9riaux Anciens","isPartOf":{"@id":"https:\/\/provence-materiaux-anciens.com\/#website"},"primaryImageOfPage":{"@id":"https:\/\/provence-materiaux-anciens.com\/produit\/gamme-piscine\/margelles\/margelle-piscine-en-pierre-naturelle-bassin-bombee\/#primaryimage"},"image":{"@id":"https:\/\/provence-materiaux-anciens.com\/produit\/gamme-piscine\/margelles\/margelle-piscine-en-pierre-naturelle-bassin-bombee\/#primaryimage"},"thumbnailUrl":"https:\/\/provence-materiaux-anciens.com\/wp-content\/uploads\/2025\/03\/margelles-pierre-naturelle-bassin-bombee.jpg","datePublished":"2025-03-21T08:51:35+00:00","dateModified":"2025-04-29T13:10:05+00:00","breadcrumb":{"@id":"https:\/\/provence-materiaux-anciens.com\/produit\/gamme-piscine\/margelles\/margelle-piscine-en-pierre-naturelle-bassin-bombee\/#breadcrumb"},"inLanguage":"en-US","potentialAction":[{"@type":"ReadAction","target":["https:\/\/provence-materiaux-anciens.com\/produit\/gamme-piscine\/margelles\/margelle-piscine-en-pierre-naturelle-bassin-bombee\/"]}]},{"@type":"ImageObject","inLanguage":"en-US","@id":"https:\/\/provence-materiaux-anciens.com\/produit\/gamme-piscine\/margelles\/margelle-piscine-en-pierre-naturelle-bassin-bombee\/#primaryimage","url":"https:\/\/provence-materiaux-anciens.com\/wp-content\/uploads\/2025\/03\/margelles-pierre-naturelle-bassin-bombee.jpg","contentUrl":"https:\/\/provence-materiaux-anciens.com\/wp-content\/uploads\/2025\/03\/margelles-pierre-naturelle-bassin-bombee.jpg","width":1057,"height":1879},{"@type":"BreadcrumbList","@id":"https:\/\/provence-materiaux-anciens.com\/produit\/gamme-piscine\/margelles\/margelle-piscine-en-pierre-naturelle-bassin-bombee\/#breadcrumb","itemListElement":[{"@type":"ListItem","position":1,"name":"Accueil","item":"https:\/\/provence-materiaux-anciens.com\/fr\/"},{"@type":"ListItem","position":2,"name":"Produits","item":"https:\/\/provence-materiaux-anciens.com\/produit\/"},{"@type":"ListItem","position":3,"name":"Margelle piscine en pierre naturelle bassin bomb\u00e9e"}]},{"@type":"WebSite","@id":"https:\/\/provence-materiaux-anciens.com\/#website","url":"https:\/\/provence-materiaux-anciens.com\/","name":"Provence Mat\u00e9riaux Anciens","description":"Purchase and sale of old building materials, beams, tiles, floors, frameworks, paving, terracotta.","publisher":{"@id":"https:\/\/provence-materiaux-anciens.com\/#organization"},"potentialAction":[{"@type":"SearchAction","target":{"@type":"EntryPoint","urlTemplate":"https:\/\/provence-materiaux-anciens.com\/?s={search_term_string}"},"query-input":{"@type":"PropertyValueSpecification","valueRequired":true,"valueName":"search_term_string"}}],"inLanguage":"en-US"},{"@type":"Organization","@id":"https:\/\/provence-materiaux-anciens.com\/#organization","name":"Provence Mat\u00e9riaux Anciens","url":"https:\/\/provence-materiaux-anciens.com\/","logo":{"@type":"ImageObject","inLanguage":"en-US","@id":"https:\/\/provence-materiaux-anciens.com\/#\/schema\/logo\/image\/","url":"https:\/\/provence-materiaux-anciens.com\/wp-content\/uploads\/2022\/03\/cropped-logo-pma-web.png","contentUrl":"https:\/\/provence-materiaux-anciens.com\/wp-content\/uploads\/2022\/03\/cropped-logo-pma-web.png","width":650,"height":434,"caption":"Provence Mat\u00e9riaux Anciens"},"image":{"@id":"https:\/\/provence-materiaux-anciens.com\/#\/schema\/logo\/image\/"},"sameAs":["https:\/\/www.facebook.com\/provencemateriauxanciens","https:\/\/www.instagram.com\/provencemateriauxanciens\/","https:\/\/www.pinterest.fr\/provencemateriauxanciens\/"]}]}},"_links":{"self":[{"href":"https:\/\/provence-materiaux-anciens.com\/en\/wp-json\/wp\/v2\/product\/5660","targetHints":{"allow":["GET"]}}],"collection":[{"href":"https:\/\/provence-materiaux-anciens.com\/en\/wp-json\/wp\/v2\/product"}],"about":[{"href":"https:\/\/provence-materiaux-anciens.com\/en\/wp-json\/wp\/v2\/types\/product"}],"wp:featuredmedia":[{"embeddable":true,"href":"https:\/\/provence-materiaux-anciens.com\/en\/wp-json\/wp\/v2\/media\/5665"}],"wp:attachment":[{"href":"https:\/\/provence-materiaux-anciens.com\/en\/wp-json\/wp\/v2\/media?parent=5660"}],"wp:term":[{"taxonomy":"product_brand","embeddable":true,"href":"https:\/\/provence-materiaux-anciens.com\/en\/wp-json\/wp\/v2\/product_brand?post=5660"},{"taxonomy":"product_cat","embeddable":true,"href":"https:\/\/provence-materiaux-anciens.com\/en\/wp-json\/wp\/v2\/product_cat?post=5660"},{"taxonomy":"product_tag","embeddable":true,"href":"https:\/\/provence-materiaux-anciens.com\/en\/wp-json\/wp\/v2\/product_tag?post=5660"}],"curies":[{"name":"wp","href":"https:\/\/api.w.org\/{rel}","templated":true}]}}