{"id":6027,"date":"2025-07-23T15:20:39","date_gmt":"2025-07-23T15:20:39","guid":{"rendered":"https:\/\/provence-materiaux-anciens.com\/?post_type=product&#038;p=6027"},"modified":"2025-07-23T15:30:49","modified_gmt":"2025-07-23T15:30:49","slug":"parement-crazy-cap-ferrat","status":"publish","type":"product","link":"https:\/\/provence-materiaux-anciens.com\/en\/product\/facings\/natural-stone-cladding\/parement-crazy-cap-ferrat\/","title":{"rendered":"Crazy Cap Ferrat cladding"},"content":{"rendered":"","protected":false},"excerpt":{"rendered":"<h3 data-start=\"160\" data-end=\"212\"><strong data-start=\"164\" data-end=\"210\">Crazy Cap Ferrat cladding<\/strong><\/h3>\n<p data-start=\"213\" data-end=\"261\"><strong data-start=\"213\" data-end=\"261\">Raw authenticity, pure charm<\/strong><\/p>\n<p data-start=\"263\" data-end=\"585\">Give your walls the warm elegance of stone, in its naturally sunny beige hue. Available in random shapes, these wall facings evoke Mediterranean facades, mas de caract\u00e8re (traditional farmhouses), riads imbued with softness... A return to the essentials, without ever renouncing style.<\/p>\n<p data-start=\"587\" data-end=\"760\">Each stone is unique: irregular, lively, full of relief. The result? A vibrant, textured wall, with a subtle play of shadows and a patina that embellishes over time.<\/p>\n<p data-start=\"762\" data-end=\"1039\"><strong data-start=\"762\" data-end=\"786\">Why do we love it?<\/strong><br data-start=\"786\" data-end=\"789\" \/>- For his <strong data-start=\"800\" data-end=\"816\">authenticity<\/strong> Nothing more sincere than raw stone.<br data-start=\"860\" data-end=\"863\" \/>- For his <strong data-start=\"874\" data-end=\"892\">natural charm<\/strong>rustic yet refined.<br data-start=\"924\" data-end=\"927\" \/>- For its <strong data-start=\"937\" data-end=\"952\">versatility<\/strong> Whether indoors, outdoors, as a feature wall, in the entrance hall, in the living room or on the terrace, it can be adapted to any setting.<\/p>\n<p data-start=\"1041\" data-end=\"1165\">Add low-angled lighting, minimalist decor or a few planty touches, and let the stone tell your story.<\/p>","protected":false},"featured_media":4064,"template":"","meta":{"_monsterinsights_skip_tracking":false,"_monsterinsights_sitenote_active":false,"_monsterinsights_sitenote_note":"","_monsterinsights_sitenote_category":0},"product_brand":[],"product_cat":[159,158],"product_tag":[],"class_list":{"0":"post-6027","1":"product","2":"type-product","3":"status-publish","4":"has-post-thumbnail","6":"product_cat-parements","7":"product_cat-parements-en-pierre-naturelle","9":"first","10":"instock","11":"shipping-taxable","12":"product-type-simple"},"yoast_head":"<!-- This site is optimized with the Yoast SEO Premium plugin v22.1 (Yoast SEO v24.6) - https:\/\/yoast.com\/wordpress\/plugins\/seo\/ -->\n<title>Parement Crazy Cap Ferrat - Provence Mat\u00e9riaux Anciens<\/title>\n<meta name=\"robots\" content=\"index, follow, max-snippet:-1, max-image-preview:large, max-video-preview:-1\" \/>\n<link rel=\"canonical\" href=\"https:\/\/provence-materiaux-anciens.com\/en\/product\/facings\/natural-stone-cladding\/parement-crazy-cap-ferrat\/\" \/>\n<meta property=\"og:locale\" content=\"en_US\" \/>\n<meta property=\"og:type\" content=\"article\" \/>\n<meta property=\"og:title\" content=\"Parement Crazy Cap Ferrat\" \/>\n<meta property=\"og:description\" content=\"Parement Crazy Cap Ferrat L\u2019authenticit\u00e9 brute, le charme \u00e0 l\u2019\u00e9tat pur Offrez \u00e0 vos murs l\u2019\u00e9l\u00e9gance chaleureuse de la pierre, dans sa teinte beige naturellement ensoleill\u00e9e. Propos\u00e9s en formes al\u00e9atoires, ces parements muraux \u00e9voquent les fa\u00e7ades m\u00e9diterran\u00e9ennes, les mas de caract\u00e8re, les riads empreints de douceur\u2026 Un retour \u00e0 l\u2019essentiel, sans jamais renoncer au style. Chaque pierre est unique : irr\u00e9guli\u00e8re, vivante, pleine de relief. Le rendu ? Un mur vibrant, textur\u00e9, aux jeux d\u2019ombres subtils et \u00e0 la patine qui s\u2019embellit avec le temps. Pourquoi on l\u2019aime ?\u2013 Pour son authenticit\u00e9 : rien de plus sinc\u00e8re que la pierre brute.\u2013 Pour son charme naturel, \u00e0 la fois rustique et raffin\u00e9.\u2013 Pour sa polyvalence : int\u00e9rieur, ext\u00e9rieur, mur d\u2019accent, entr\u00e9e, salon ou terrasse\u2026 elle s\u2019adapte \u00e0 tout. Ajoutez-y une lumi\u00e8re rasante, une d\u00e9co minimaliste ou quelques touches v\u00e9g\u00e9tales, et laissez la pierre raconter votre histoire.\" \/>\n<meta property=\"og:url\" content=\"https:\/\/provence-materiaux-anciens.com\/en\/product\/facings\/natural-stone-cladding\/parement-crazy-cap-ferrat\/\" \/>\n<meta property=\"og:site_name\" content=\"Provence Mat\u00e9riaux Anciens\" \/>\n<meta property=\"article:publisher\" content=\"https:\/\/www.facebook.com\/provencemateriauxanciens\" \/>\n<meta property=\"article:modified_time\" content=\"2025-07-23T15:30:49+00:00\" \/>\n<meta property=\"og:image\" content=\"https:\/\/provence-materiaux-anciens.com\/wp-content\/uploads\/2023\/10\/cap-ferrat.jpg\" \/>\n\t<meta property=\"og:image:width\" content=\"1024\" \/>\n\t<meta property=\"og:image:height\" content=\"760\" \/>\n\t<meta property=\"og:image:type\" content=\"image\/jpeg\" \/>\n<meta name=\"twitter:card\" content=\"summary_large_image\" \/>\n<meta name=\"twitter:label1\" content=\"Est. reading time\" \/>\n\t<meta name=\"twitter:data1\" content=\"1 minute\" \/>\n<script type=\"application\/ld+json\" class=\"yoast-schema-graph\">{\"@context\":\"https:\/\/schema.org\",\"@graph\":[{\"@type\":\"WebPage\",\"@id\":\"https:\/\/provence-materiaux-anciens.com\/produit\/parements\/parements-en-pierre-naturelle\/parement-crazy-cap-ferrat\/\",\"url\":\"https:\/\/provence-materiaux-anciens.com\/produit\/parements\/parements-en-pierre-naturelle\/parement-crazy-cap-ferrat\/\",\"name\":\"Parement Crazy Cap Ferrat - Provence Mat\u00e9riaux Anciens\",\"isPartOf\":{\"@id\":\"https:\/\/provence-materiaux-anciens.com\/#website\"},\"primaryImageOfPage\":{\"@id\":\"https:\/\/provence-materiaux-anciens.com\/produit\/parements\/parements-en-pierre-naturelle\/parement-crazy-cap-ferrat\/#primaryimage\"},\"image\":{\"@id\":\"https:\/\/provence-materiaux-anciens.com\/produit\/parements\/parements-en-pierre-naturelle\/parement-crazy-cap-ferrat\/#primaryimage\"},\"thumbnailUrl\":\"https:\/\/provence-materiaux-anciens.com\/wp-content\/uploads\/2023\/10\/cap-ferrat.jpg\",\"datePublished\":\"2025-07-23T15:20:39+00:00\",\"dateModified\":\"2025-07-23T15:30:49+00:00\",\"breadcrumb\":{\"@id\":\"https:\/\/provence-materiaux-anciens.com\/produit\/parements\/parements-en-pierre-naturelle\/parement-crazy-cap-ferrat\/#breadcrumb\"},\"inLanguage\":\"en-US\",\"potentialAction\":[{\"@type\":\"ReadAction\",\"target\":[\"https:\/\/provence-materiaux-anciens.com\/produit\/parements\/parements-en-pierre-naturelle\/parement-crazy-cap-ferrat\/\"]}]},{\"@type\":\"ImageObject\",\"inLanguage\":\"en-US\",\"@id\":\"https:\/\/provence-materiaux-anciens.com\/produit\/parements\/parements-en-pierre-naturelle\/parement-crazy-cap-ferrat\/#primaryimage\",\"url\":\"https:\/\/provence-materiaux-anciens.com\/wp-content\/uploads\/2023\/10\/cap-ferrat.jpg\",\"contentUrl\":\"https:\/\/provence-materiaux-anciens.com\/wp-content\/uploads\/2023\/10\/cap-ferrat.jpg\",\"width\":1024,\"height\":760,\"caption\":\"Les parements en pierre naturelle incarnent l'essence m\u00eame de la sophistication et de l'authenticit\u00e9. Ces rev\u00eatements intemporels ajoutent une touche d'\u00e9l\u00e9gance et de caract\u00e8re \u00e0 n'importe quel espace, que ce soit \u00e0 l'int\u00e9rieur ou \u00e0 l'ext\u00e9rieur. Dans cet article, nous explorerons les caract\u00e9ristiques distinctives de ces parements en pierre naturelle et les multiples fa\u00e7ons dont vous pouvez les int\u00e9grer pour sublimer votre environnement.\"},{\"@type\":\"BreadcrumbList\",\"@id\":\"https:\/\/provence-materiaux-anciens.com\/produit\/parements\/parements-en-pierre-naturelle\/parement-crazy-cap-ferrat\/#breadcrumb\",\"itemListElement\":[{\"@type\":\"ListItem\",\"position\":1,\"name\":\"Accueil\",\"item\":\"https:\/\/provence-materiaux-anciens.com\/fr\/\"},{\"@type\":\"ListItem\",\"position\":2,\"name\":\"Produits\",\"item\":\"https:\/\/provence-materiaux-anciens.com\/produit\/\"},{\"@type\":\"ListItem\",\"position\":3,\"name\":\"Parement Crazy Cap Ferrat\"}]},{\"@type\":\"WebSite\",\"@id\":\"https:\/\/provence-materiaux-anciens.com\/#website\",\"url\":\"https:\/\/provence-materiaux-anciens.com\/\",\"name\":\"Provence Mat\u00e9riaux Anciens\",\"description\":\"Achat et vente de mat\u00e9riaux anciens de construction, poutres, tuiles, planchers, charpentes, dallages, terres cuites.\",\"publisher\":{\"@id\":\"https:\/\/provence-materiaux-anciens.com\/#organization\"},\"potentialAction\":[{\"@type\":\"SearchAction\",\"target\":{\"@type\":\"EntryPoint\",\"urlTemplate\":\"https:\/\/provence-materiaux-anciens.com\/?s={search_term_string}\"},\"query-input\":{\"@type\":\"PropertyValueSpecification\",\"valueRequired\":true,\"valueName\":\"search_term_string\"}}],\"inLanguage\":\"en-US\"},{\"@type\":\"Organization\",\"@id\":\"https:\/\/provence-materiaux-anciens.com\/#organization\",\"name\":\"Provence Mat\u00e9riaux Anciens\",\"url\":\"https:\/\/provence-materiaux-anciens.com\/\",\"logo\":{\"@type\":\"ImageObject\",\"inLanguage\":\"en-US\",\"@id\":\"https:\/\/provence-materiaux-anciens.com\/#\/schema\/logo\/image\/\",\"url\":\"https:\/\/provence-materiaux-anciens.com\/wp-content\/uploads\/2022\/03\/cropped-logo-pma-web.png\",\"contentUrl\":\"https:\/\/provence-materiaux-anciens.com\/wp-content\/uploads\/2022\/03\/cropped-logo-pma-web.png\",\"width\":650,\"height\":434,\"caption\":\"Provence Mat\u00e9riaux Anciens\"},\"image\":{\"@id\":\"https:\/\/provence-materiaux-anciens.com\/#\/schema\/logo\/image\/\"},\"sameAs\":[\"https:\/\/www.facebook.com\/provencemateriauxanciens\",\"https:\/\/www.instagram.com\/provencemateriauxanciens\/\",\"https:\/\/www.pinterest.fr\/provencemateriauxanciens\/\"]}]}<\/script>\n<!-- \/ Yoast SEO Premium plugin. -->","yoast_head_json":{"title":"Crazy Cap Ferrat cladding - Provence Mat\u00e9riaux Anciens","robots":{"index":"index","follow":"follow","max-snippet":"max-snippet:-1","max-image-preview":"max-image-preview:large","max-video-preview":"max-video-preview:-1"},"canonical":"https:\/\/provence-materiaux-anciens.com\/en\/product\/facings\/natural-stone-cladding\/parement-crazy-cap-ferrat\/","og_locale":"en_US","og_type":"article","og_title":"Parement Crazy Cap Ferrat","og_description":"Parement Crazy Cap Ferrat L\u2019authenticit\u00e9 brute, le charme \u00e0 l\u2019\u00e9tat pur Offrez \u00e0 vos murs l\u2019\u00e9l\u00e9gance chaleureuse de la pierre, dans sa teinte beige naturellement ensoleill\u00e9e. Propos\u00e9s en formes al\u00e9atoires, ces parements muraux \u00e9voquent les fa\u00e7ades m\u00e9diterran\u00e9ennes, les mas de caract\u00e8re, les riads empreints de douceur\u2026 Un retour \u00e0 l\u2019essentiel, sans jamais renoncer au style. Chaque pierre est unique : irr\u00e9guli\u00e8re, vivante, pleine de relief. Le rendu ? Un mur vibrant, textur\u00e9, aux jeux d\u2019ombres subtils et \u00e0 la patine qui s\u2019embellit avec le temps. Pourquoi on l\u2019aime ?\u2013 Pour son authenticit\u00e9 : rien de plus sinc\u00e8re que la pierre brute.\u2013 Pour son charme naturel, \u00e0 la fois rustique et raffin\u00e9.\u2013 Pour sa polyvalence : int\u00e9rieur, ext\u00e9rieur, mur d\u2019accent, entr\u00e9e, salon ou terrasse\u2026 elle s\u2019adapte \u00e0 tout. Ajoutez-y une lumi\u00e8re rasante, une d\u00e9co minimaliste ou quelques touches v\u00e9g\u00e9tales, et laissez la pierre raconter votre histoire.","og_url":"https:\/\/provence-materiaux-anciens.com\/en\/product\/facings\/natural-stone-cladding\/parement-crazy-cap-ferrat\/","og_site_name":"Provence Mat\u00e9riaux Anciens","article_publisher":"https:\/\/www.facebook.com\/provencemateriauxanciens","article_modified_time":"2025-07-23T15:30:49+00:00","og_image":[{"width":1024,"height":760,"url":"https:\/\/provence-materiaux-anciens.com\/wp-content\/uploads\/2023\/10\/cap-ferrat.jpg","type":"image\/jpeg"}],"twitter_card":"summary_large_image","twitter_misc":{"Est. reading time":"1 minute"},"schema":{"@context":"https:\/\/schema.org","@graph":[{"@type":"WebPage","@id":"https:\/\/provence-materiaux-anciens.com\/produit\/parements\/parements-en-pierre-naturelle\/parement-crazy-cap-ferrat\/","url":"https:\/\/provence-materiaux-anciens.com\/produit\/parements\/parements-en-pierre-naturelle\/parement-crazy-cap-ferrat\/","name":"Crazy Cap Ferrat cladding - Provence Mat\u00e9riaux Anciens","isPartOf":{"@id":"https:\/\/provence-materiaux-anciens.com\/#website"},"primaryImageOfPage":{"@id":"https:\/\/provence-materiaux-anciens.com\/produit\/parements\/parements-en-pierre-naturelle\/parement-crazy-cap-ferrat\/#primaryimage"},"image":{"@id":"https:\/\/provence-materiaux-anciens.com\/produit\/parements\/parements-en-pierre-naturelle\/parement-crazy-cap-ferrat\/#primaryimage"},"thumbnailUrl":"https:\/\/provence-materiaux-anciens.com\/wp-content\/uploads\/2023\/10\/cap-ferrat.jpg","datePublished":"2025-07-23T15:20:39+00:00","dateModified":"2025-07-23T15:30:49+00:00","breadcrumb":{"@id":"https:\/\/provence-materiaux-anciens.com\/produit\/parements\/parements-en-pierre-naturelle\/parement-crazy-cap-ferrat\/#breadcrumb"},"inLanguage":"en-US","potentialAction":[{"@type":"ReadAction","target":["https:\/\/provence-materiaux-anciens.com\/produit\/parements\/parements-en-pierre-naturelle\/parement-crazy-cap-ferrat\/"]}]},{"@type":"ImageObject","inLanguage":"en-US","@id":"https:\/\/provence-materiaux-anciens.com\/produit\/parements\/parements-en-pierre-naturelle\/parement-crazy-cap-ferrat\/#primaryimage","url":"https:\/\/provence-materiaux-anciens.com\/wp-content\/uploads\/2023\/10\/cap-ferrat.jpg","contentUrl":"https:\/\/provence-materiaux-anciens.com\/wp-content\/uploads\/2023\/10\/cap-ferrat.jpg","width":1024,"height":760,"caption":"Les parements en pierre naturelle incarnent l'essence m\u00eame de la sophistication et de l'authenticit\u00e9. Ces rev\u00eatements intemporels ajoutent une touche d'\u00e9l\u00e9gance et de caract\u00e8re \u00e0 n'importe quel espace, que ce soit \u00e0 l'int\u00e9rieur ou \u00e0 l'ext\u00e9rieur. Dans cet article, nous explorerons les caract\u00e9ristiques distinctives de ces parements en pierre naturelle et les multiples fa\u00e7ons dont vous pouvez les int\u00e9grer pour sublimer votre environnement."},{"@type":"BreadcrumbList","@id":"https:\/\/provence-materiaux-anciens.com\/produit\/parements\/parements-en-pierre-naturelle\/parement-crazy-cap-ferrat\/#breadcrumb","itemListElement":[{"@type":"ListItem","position":1,"name":"Accueil","item":"https:\/\/provence-materiaux-anciens.com\/fr\/"},{"@type":"ListItem","position":2,"name":"Produits","item":"https:\/\/provence-materiaux-anciens.com\/produit\/"},{"@type":"ListItem","position":3,"name":"Parement Crazy Cap Ferrat"}]},{"@type":"WebSite","@id":"https:\/\/provence-materiaux-anciens.com\/#website","url":"https:\/\/provence-materiaux-anciens.com\/","name":"Provence Mat\u00e9riaux Anciens","description":"Purchase and sale of old building materials, beams, tiles, floors, frameworks, paving, terracotta.","publisher":{"@id":"https:\/\/provence-materiaux-anciens.com\/#organization"},"potentialAction":[{"@type":"SearchAction","target":{"@type":"EntryPoint","urlTemplate":"https:\/\/provence-materiaux-anciens.com\/?s={search_term_string}"},"query-input":{"@type":"PropertyValueSpecification","valueRequired":true,"valueName":"search_term_string"}}],"inLanguage":"en-US"},{"@type":"Organization","@id":"https:\/\/provence-materiaux-anciens.com\/#organization","name":"Provence Mat\u00e9riaux Anciens","url":"https:\/\/provence-materiaux-anciens.com\/","logo":{"@type":"ImageObject","inLanguage":"en-US","@id":"https:\/\/provence-materiaux-anciens.com\/#\/schema\/logo\/image\/","url":"https:\/\/provence-materiaux-anciens.com\/wp-content\/uploads\/2022\/03\/cropped-logo-pma-web.png","contentUrl":"https:\/\/provence-materiaux-anciens.com\/wp-content\/uploads\/2022\/03\/cropped-logo-pma-web.png","width":650,"height":434,"caption":"Provence Mat\u00e9riaux Anciens"},"image":{"@id":"https:\/\/provence-materiaux-anciens.com\/#\/schema\/logo\/image\/"},"sameAs":["https:\/\/www.facebook.com\/provencemateriauxanciens","https:\/\/www.instagram.com\/provencemateriauxanciens\/","https:\/\/www.pinterest.fr\/provencemateriauxanciens\/"]}]}},"_links":{"self":[{"href":"https:\/\/provence-materiaux-anciens.com\/en\/wp-json\/wp\/v2\/product\/6027","targetHints":{"allow":["GET"]}}],"collection":[{"href":"https:\/\/provence-materiaux-anciens.com\/en\/wp-json\/wp\/v2\/product"}],"about":[{"href":"https:\/\/provence-materiaux-anciens.com\/en\/wp-json\/wp\/v2\/types\/product"}],"wp:featuredmedia":[{"embeddable":true,"href":"https:\/\/provence-materiaux-anciens.com\/en\/wp-json\/wp\/v2\/media\/4064"}],"wp:attachment":[{"href":"https:\/\/provence-materiaux-anciens.com\/en\/wp-json\/wp\/v2\/media?parent=6027"}],"wp:term":[{"taxonomy":"product_brand","embeddable":true,"href":"https:\/\/provence-materiaux-anciens.com\/en\/wp-json\/wp\/v2\/product_brand?post=6027"},{"taxonomy":"product_cat","embeddable":true,"href":"https:\/\/provence-materiaux-anciens.com\/en\/wp-json\/wp\/v2\/product_cat?post=6027"},{"taxonomy":"product_tag","embeddable":true,"href":"https:\/\/provence-materiaux-anciens.com\/en\/wp-json\/wp\/v2\/product_tag?post=6027"}],"curies":[{"name":"wp","href":"https:\/\/api.w.org\/{rel}","templated":true}]}}