{"id":6032,"date":"2025-07-24T09:06:10","date_gmt":"2025-07-24T09:06:10","guid":{"rendered":"https:\/\/provence-materiaux-anciens.com\/?post_type=product&#038;p=6032"},"modified":"2025-10-06T08:56:53","modified_gmt":"2025-10-06T08:56:53","slug":"fireplace","status":"publish","type":"product","link":"https:\/\/provence-materiaux-anciens.com\/en\/product\/architectural-elements\/fireplace\/","title":{"rendered":"Antique fireplace"},"content":{"rendered":"","protected":false},"excerpt":{"rendered":"<div class=\"flex basis-auto flex-col -mb-(--composer-overlap-px) [--composer-overlap-px:55px] grow overflow-hidden\">\n<div class=\"relative h-full\">\n<div class=\"flex h-full flex-col overflow-y-auto [scrollbar-gutter:stable_both-edges] @[84rem]\/thread:pt-(--header-height)\">\n<div class=\"@thread-xl\/thread:pt-header-height flex flex-col text-sm pb-25\">\n<article class=\"text-token-text-primary w-full\" dir=\"auto\" data-testid=\"conversation-turn-6\" data-scroll-anchor=\"true\">\n<div class=\"text-base my-auto mx-auto pb-10 [--thread-content-margin:--spacing(4)] @[37rem]:[--thread-content-margin:--spacing(6)] @[72rem]:[--thread-content-margin:--spacing(16)] px-(--thread-content-margin)\">\n<div class=\"[--thread-content-max-width:32rem] @[34rem]:[--thread-content-max-width:40rem] @[64rem]:[--thread-content-max-width:48rem] mx-auto max-w-(--thread-content-max-width) flex-1 group\/turn-messages focus-visible:outline-hidden relative flex w-full min-w-0 flex-col agent-turn\" tabindex=\"-1\">\n<div class=\"flex max-w-full flex-col grow\">\n<div class=\"min-h-8 text-message relative flex w-full flex-col items-end gap-2 text-start break-words whitespace-normal [.text-message+&amp;]:mt-5\" dir=\"auto\" data-message-author-role=\"assistant\" data-message-id=\"a4dd6d2f-bd76-4c29-b5d2-23be5b0193b5\" data-message-model-slug=\"gpt-4o\">\n<div class=\"flex w-full flex-col gap-1 empty:hidden first:pt-[3px]\">\n<div class=\"markdown prose dark:prose-invert w-full break-words light\">\n<p data-start=\"224\" data-end=\"277\"><b>Antique fireplace.<\/b><\/p>\n<p data-start=\"279\" data-end=\"524\">Majestic, sculpted, full of history... Our antique fireplaces are more than just decorative elements: they are fragments of the past, carefully selected to bring character and warmth to your home.<\/p>\n<p data-start=\"526\" data-end=\"836\">Each piece bears the marks of time: a patinated molding, a stone that's soft to the touch, an imperfect symmetry that gives it its nobility.  Whether they come from a Provencal ch\u00e2teau or a bourgeois home, they have that unique presence that transforms a room into a place for living, sharing and emotion.<\/p>\n<p data-start=\"838\" data-end=\"1104\"><strong data-start=\"838\" data-end=\"882\">Why choose an antique fireplace?<\/strong><br data-start=\"882\" data-end=\"885\" \/>- For <strong data-start=\"892\" data-end=\"910\">authenticity<\/strong> of stone and the skills of yesteryear.<br data-start=\"951\" data-end=\"954\" \/>- For <strong data-start=\"961\" data-end=\"988\">timeless elegance<\/strong> classic or rustic lines.<br data-start=\"1022\" data-end=\"1025\" \/>- For <strong data-start=\"1032\" data-end=\"1059\">anchor your decoration<\/strong> in a true story, with soul and substance.<\/p>\n<p data-start=\"1106\" data-end=\"1353\">Whether installed as the centerpiece of a living room or as part of a demanding renovation project, an antique fireplace creates an atmosphere.  The atmosphere of grand homes, fireside evenings and the discreet luxury of the French art of living.<\/p>\n<\/div>\n<\/div>\n<\/div>\n<\/div>\n<\/div>\n<\/div>\n<\/article>\n<\/div>\n<\/div>\n<\/div>\n<\/div>\n<p><strong>Dimensions<\/strong> :<\/p>\n<p>Subject to availability.<\/p>","protected":false},"featured_media":6034,"template":"","meta":{"_monsterinsights_skip_tracking":false,"_monsterinsights_sitenote_active":false,"_monsterinsights_sitenote_note":"","_monsterinsights_sitenote_category":0},"product_brand":[],"product_cat":[83],"product_tag":[],"class_list":{"0":"post-6032","1":"product","2":"type-product","3":"status-publish","4":"has-post-thumbnail","6":"product_cat-elements-architecturaux","8":"first","9":"instock","10":"shipping-taxable","11":"product-type-simple"},"yoast_head":"<!-- This site is optimized with the Yoast SEO Premium plugin v22.1 (Yoast SEO v24.6) - https:\/\/yoast.com\/wordpress\/plugins\/seo\/ -->\n<title>Chemin\u00e9e ancienne - Provence Mat\u00e9riaux Anciens<\/title>\n<meta name=\"robots\" content=\"index, follow, max-snippet:-1, max-image-preview:large, max-video-preview:-1\" \/>\n<link rel=\"canonical\" href=\"https:\/\/provence-materiaux-anciens.com\/en\/product\/architectural-elements\/fireplace\/\" \/>\n<meta property=\"og:locale\" content=\"en_US\" \/>\n<meta property=\"og:type\" content=\"article\" \/>\n<meta property=\"og:title\" content=\"Chemin\u00e9e ancienne\" \/>\n<meta property=\"og:description\" content=\"Chemin\u00e9e ancienne. Majestueuses, sculpt\u00e9es, pleines d\u2019histoire\u2026\u00a0 Nos chemin\u00e9es anciennes ne sont pas de simples \u00e9l\u00e9ments de d\u00e9coration : ce sont des fragments du pass\u00e9, soigneusement s\u00e9lectionn\u00e9s pour insuffler du caract\u00e8re et de la chaleur \u00e0 votre int\u00e9rieur. Chaque pi\u00e8ce porte les marques du temps : une moulure patin\u00e9e, une pierre douce au toucher, une sym\u00e9trie imparfaite qui fait toute sa noblesse.\u00a0 Qu\u2019elles viennent d\u2019un ch\u00e2teau proven\u00e7al ou d\u2019une demeure bourgeoise, elles ont cette pr\u00e9sence unique, qui transforme une pi\u00e8ce en lieu de vie, de partage, d\u2019\u00e9motion. Pourquoi choisir une chemin\u00e9e ancienne ?\u2013 Pour l\u2019authenticit\u00e9 de la pierre et des savoir-faire d\u2019antan.\u2013 Pour l\u2019\u00e9l\u00e9gance intemporelle de lignes classiques ou rustiques.\u2013 Pour ancrer votre d\u00e9coration dans une histoire vraie, avec \u00e2me et mati\u00e8re. \u00c0 poser comme pi\u00e8ce ma\u00eetresse dans un salon ou \u00e0 int\u00e9grer dans un projet de r\u00e9novation exigeant, la chemin\u00e9e ancienne signe une atmosph\u00e8re.\u00a0 Celle des grandes maisons, des soir\u00e9es au coin du feu, et du luxe discret d\u2019un art de vivre \u00e0 la fran\u00e7aise.            Dimensions :  Suivant les disponibilit\u00e9s.\" \/>\n<meta property=\"og:url\" content=\"https:\/\/provence-materiaux-anciens.com\/en\/product\/architectural-elements\/fireplace\/\" \/>\n<meta property=\"og:site_name\" content=\"Provence Mat\u00e9riaux Anciens\" \/>\n<meta property=\"article:publisher\" content=\"https:\/\/www.facebook.com\/provencemateriauxanciens\" \/>\n<meta property=\"article:modified_time\" content=\"2025-10-06T08:56:53+00:00\" \/>\n<meta property=\"og:image\" content=\"https:\/\/provence-materiaux-anciens.com\/wp-content\/uploads\/2025\/07\/schmidt-living-room.jpg\" \/>\n\t<meta property=\"og:image:width\" content=\"774\" \/>\n\t<meta property=\"og:image:height\" content=\"724\" \/>\n\t<meta property=\"og:image:type\" content=\"image\/jpeg\" \/>\n<meta name=\"twitter:card\" content=\"summary_large_image\" \/>\n<meta name=\"twitter:label1\" content=\"Est. reading time\" \/>\n\t<meta name=\"twitter:data1\" content=\"1 minute\" \/>\n<script type=\"application\/ld+json\" class=\"yoast-schema-graph\">{\"@context\":\"https:\/\/schema.org\",\"@graph\":[{\"@type\":\"WebPage\",\"@id\":\"https:\/\/provence-materiaux-anciens.com\/produit\/elements-architecturaux\/cheminee\/\",\"url\":\"https:\/\/provence-materiaux-anciens.com\/produit\/elements-architecturaux\/cheminee\/\",\"name\":\"Chemin\u00e9e ancienne - Provence Mat\u00e9riaux Anciens\",\"isPartOf\":{\"@id\":\"https:\/\/provence-materiaux-anciens.com\/#website\"},\"primaryImageOfPage\":{\"@id\":\"https:\/\/provence-materiaux-anciens.com\/produit\/elements-architecturaux\/cheminee\/#primaryimage\"},\"image\":{\"@id\":\"https:\/\/provence-materiaux-anciens.com\/produit\/elements-architecturaux\/cheminee\/#primaryimage\"},\"thumbnailUrl\":\"https:\/\/provence-materiaux-anciens.com\/wp-content\/uploads\/2025\/07\/schmidt-living-room.jpg\",\"datePublished\":\"2025-07-24T09:06:10+00:00\",\"dateModified\":\"2025-10-06T08:56:53+00:00\",\"breadcrumb\":{\"@id\":\"https:\/\/provence-materiaux-anciens.com\/produit\/elements-architecturaux\/cheminee\/#breadcrumb\"},\"inLanguage\":\"en-US\",\"potentialAction\":[{\"@type\":\"ReadAction\",\"target\":[\"https:\/\/provence-materiaux-anciens.com\/produit\/elements-architecturaux\/cheminee\/\"]}]},{\"@type\":\"ImageObject\",\"inLanguage\":\"en-US\",\"@id\":\"https:\/\/provence-materiaux-anciens.com\/produit\/elements-architecturaux\/cheminee\/#primaryimage\",\"url\":\"https:\/\/provence-materiaux-anciens.com\/wp-content\/uploads\/2025\/07\/schmidt-living-room.jpg\",\"contentUrl\":\"https:\/\/provence-materiaux-anciens.com\/wp-content\/uploads\/2025\/07\/schmidt-living-room.jpg\",\"width\":774,\"height\":724},{\"@type\":\"BreadcrumbList\",\"@id\":\"https:\/\/provence-materiaux-anciens.com\/produit\/elements-architecturaux\/cheminee\/#breadcrumb\",\"itemListElement\":[{\"@type\":\"ListItem\",\"position\":1,\"name\":\"Accueil\",\"item\":\"https:\/\/provence-materiaux-anciens.com\/fr\/\"},{\"@type\":\"ListItem\",\"position\":2,\"name\":\"Produits\",\"item\":\"https:\/\/provence-materiaux-anciens.com\/produit\/\"},{\"@type\":\"ListItem\",\"position\":3,\"name\":\"Chemin\u00e9e ancienne\"}]},{\"@type\":\"WebSite\",\"@id\":\"https:\/\/provence-materiaux-anciens.com\/#website\",\"url\":\"https:\/\/provence-materiaux-anciens.com\/\",\"name\":\"Provence Mat\u00e9riaux Anciens\",\"description\":\"Achat et vente de mat\u00e9riaux anciens de construction, poutres, tuiles, planchers, charpentes, dallages, terres cuites.\",\"publisher\":{\"@id\":\"https:\/\/provence-materiaux-anciens.com\/#organization\"},\"potentialAction\":[{\"@type\":\"SearchAction\",\"target\":{\"@type\":\"EntryPoint\",\"urlTemplate\":\"https:\/\/provence-materiaux-anciens.com\/?s={search_term_string}\"},\"query-input\":{\"@type\":\"PropertyValueSpecification\",\"valueRequired\":true,\"valueName\":\"search_term_string\"}}],\"inLanguage\":\"en-US\"},{\"@type\":\"Organization\",\"@id\":\"https:\/\/provence-materiaux-anciens.com\/#organization\",\"name\":\"Provence Mat\u00e9riaux Anciens\",\"url\":\"https:\/\/provence-materiaux-anciens.com\/\",\"logo\":{\"@type\":\"ImageObject\",\"inLanguage\":\"en-US\",\"@id\":\"https:\/\/provence-materiaux-anciens.com\/#\/schema\/logo\/image\/\",\"url\":\"https:\/\/provence-materiaux-anciens.com\/wp-content\/uploads\/2022\/03\/cropped-logo-pma-web.png\",\"contentUrl\":\"https:\/\/provence-materiaux-anciens.com\/wp-content\/uploads\/2022\/03\/cropped-logo-pma-web.png\",\"width\":650,\"height\":434,\"caption\":\"Provence Mat\u00e9riaux Anciens\"},\"image\":{\"@id\":\"https:\/\/provence-materiaux-anciens.com\/#\/schema\/logo\/image\/\"},\"sameAs\":[\"https:\/\/www.facebook.com\/provencemateriauxanciens\",\"https:\/\/www.instagram.com\/provencemateriauxanciens\/\",\"https:\/\/www.pinterest.fr\/provencemateriauxanciens\/\"]}]}<\/script>\n<!-- \/ Yoast SEO Premium plugin. -->","yoast_head_json":{"title":"Antique fireplace - Provence Mat\u00e9riaux Anciens","robots":{"index":"index","follow":"follow","max-snippet":"max-snippet:-1","max-image-preview":"max-image-preview:large","max-video-preview":"max-video-preview:-1"},"canonical":"https:\/\/provence-materiaux-anciens.com\/en\/product\/architectural-elements\/fireplace\/","og_locale":"en_US","og_type":"article","og_title":"Chemin\u00e9e ancienne","og_description":"Chemin\u00e9e ancienne. Majestueuses, sculpt\u00e9es, pleines d\u2019histoire\u2026\u00a0 Nos chemin\u00e9es anciennes ne sont pas de simples \u00e9l\u00e9ments de d\u00e9coration : ce sont des fragments du pass\u00e9, soigneusement s\u00e9lectionn\u00e9s pour insuffler du caract\u00e8re et de la chaleur \u00e0 votre int\u00e9rieur. Chaque pi\u00e8ce porte les marques du temps : une moulure patin\u00e9e, une pierre douce au toucher, une sym\u00e9trie imparfaite qui fait toute sa noblesse.\u00a0 Qu\u2019elles viennent d\u2019un ch\u00e2teau proven\u00e7al ou d\u2019une demeure bourgeoise, elles ont cette pr\u00e9sence unique, qui transforme une pi\u00e8ce en lieu de vie, de partage, d\u2019\u00e9motion. Pourquoi choisir une chemin\u00e9e ancienne ?\u2013 Pour l\u2019authenticit\u00e9 de la pierre et des savoir-faire d\u2019antan.\u2013 Pour l\u2019\u00e9l\u00e9gance intemporelle de lignes classiques ou rustiques.\u2013 Pour ancrer votre d\u00e9coration dans une histoire vraie, avec \u00e2me et mati\u00e8re. \u00c0 poser comme pi\u00e8ce ma\u00eetresse dans un salon ou \u00e0 int\u00e9grer dans un projet de r\u00e9novation exigeant, la chemin\u00e9e ancienne signe une atmosph\u00e8re.\u00a0 Celle des grandes maisons, des soir\u00e9es au coin du feu, et du luxe discret d\u2019un art de vivre \u00e0 la fran\u00e7aise.            Dimensions :  Suivant les disponibilit\u00e9s.","og_url":"https:\/\/provence-materiaux-anciens.com\/en\/product\/architectural-elements\/fireplace\/","og_site_name":"Provence Mat\u00e9riaux Anciens","article_publisher":"https:\/\/www.facebook.com\/provencemateriauxanciens","article_modified_time":"2025-10-06T08:56:53+00:00","og_image":[{"width":774,"height":724,"url":"https:\/\/provence-materiaux-anciens.com\/wp-content\/uploads\/2025\/07\/schmidt-living-room.jpg","type":"image\/jpeg"}],"twitter_card":"summary_large_image","twitter_misc":{"Est. reading time":"1 minute"},"schema":{"@context":"https:\/\/schema.org","@graph":[{"@type":"WebPage","@id":"https:\/\/provence-materiaux-anciens.com\/produit\/elements-architecturaux\/cheminee\/","url":"https:\/\/provence-materiaux-anciens.com\/produit\/elements-architecturaux\/cheminee\/","name":"Antique fireplace - Provence Mat\u00e9riaux Anciens","isPartOf":{"@id":"https:\/\/provence-materiaux-anciens.com\/#website"},"primaryImageOfPage":{"@id":"https:\/\/provence-materiaux-anciens.com\/produit\/elements-architecturaux\/cheminee\/#primaryimage"},"image":{"@id":"https:\/\/provence-materiaux-anciens.com\/produit\/elements-architecturaux\/cheminee\/#primaryimage"},"thumbnailUrl":"https:\/\/provence-materiaux-anciens.com\/wp-content\/uploads\/2025\/07\/schmidt-living-room.jpg","datePublished":"2025-07-24T09:06:10+00:00","dateModified":"2025-10-06T08:56:53+00:00","breadcrumb":{"@id":"https:\/\/provence-materiaux-anciens.com\/produit\/elements-architecturaux\/cheminee\/#breadcrumb"},"inLanguage":"en-US","potentialAction":[{"@type":"ReadAction","target":["https:\/\/provence-materiaux-anciens.com\/produit\/elements-architecturaux\/cheminee\/"]}]},{"@type":"ImageObject","inLanguage":"en-US","@id":"https:\/\/provence-materiaux-anciens.com\/produit\/elements-architecturaux\/cheminee\/#primaryimage","url":"https:\/\/provence-materiaux-anciens.com\/wp-content\/uploads\/2025\/07\/schmidt-living-room.jpg","contentUrl":"https:\/\/provence-materiaux-anciens.com\/wp-content\/uploads\/2025\/07\/schmidt-living-room.jpg","width":774,"height":724},{"@type":"BreadcrumbList","@id":"https:\/\/provence-materiaux-anciens.com\/produit\/elements-architecturaux\/cheminee\/#breadcrumb","itemListElement":[{"@type":"ListItem","position":1,"name":"Accueil","item":"https:\/\/provence-materiaux-anciens.com\/fr\/"},{"@type":"ListItem","position":2,"name":"Produits","item":"https:\/\/provence-materiaux-anciens.com\/produit\/"},{"@type":"ListItem","position":3,"name":"Chemin\u00e9e ancienne"}]},{"@type":"WebSite","@id":"https:\/\/provence-materiaux-anciens.com\/#website","url":"https:\/\/provence-materiaux-anciens.com\/","name":"Provence Mat\u00e9riaux Anciens","description":"Purchase and sale of old building materials, beams, tiles, floors, frameworks, paving, terracotta.","publisher":{"@id":"https:\/\/provence-materiaux-anciens.com\/#organization"},"potentialAction":[{"@type":"SearchAction","target":{"@type":"EntryPoint","urlTemplate":"https:\/\/provence-materiaux-anciens.com\/?s={search_term_string}"},"query-input":{"@type":"PropertyValueSpecification","valueRequired":true,"valueName":"search_term_string"}}],"inLanguage":"en-US"},{"@type":"Organization","@id":"https:\/\/provence-materiaux-anciens.com\/#organization","name":"Provence Mat\u00e9riaux Anciens","url":"https:\/\/provence-materiaux-anciens.com\/","logo":{"@type":"ImageObject","inLanguage":"en-US","@id":"https:\/\/provence-materiaux-anciens.com\/#\/schema\/logo\/image\/","url":"https:\/\/provence-materiaux-anciens.com\/wp-content\/uploads\/2022\/03\/cropped-logo-pma-web.png","contentUrl":"https:\/\/provence-materiaux-anciens.com\/wp-content\/uploads\/2022\/03\/cropped-logo-pma-web.png","width":650,"height":434,"caption":"Provence Mat\u00e9riaux Anciens"},"image":{"@id":"https:\/\/provence-materiaux-anciens.com\/#\/schema\/logo\/image\/"},"sameAs":["https:\/\/www.facebook.com\/provencemateriauxanciens","https:\/\/www.instagram.com\/provencemateriauxanciens\/","https:\/\/www.pinterest.fr\/provencemateriauxanciens\/"]}]}},"_links":{"self":[{"href":"https:\/\/provence-materiaux-anciens.com\/en\/wp-json\/wp\/v2\/product\/6032","targetHints":{"allow":["GET"]}}],"collection":[{"href":"https:\/\/provence-materiaux-anciens.com\/en\/wp-json\/wp\/v2\/product"}],"about":[{"href":"https:\/\/provence-materiaux-anciens.com\/en\/wp-json\/wp\/v2\/types\/product"}],"wp:featuredmedia":[{"embeddable":true,"href":"https:\/\/provence-materiaux-anciens.com\/en\/wp-json\/wp\/v2\/media\/6034"}],"wp:attachment":[{"href":"https:\/\/provence-materiaux-anciens.com\/en\/wp-json\/wp\/v2\/media?parent=6032"}],"wp:term":[{"taxonomy":"product_brand","embeddable":true,"href":"https:\/\/provence-materiaux-anciens.com\/en\/wp-json\/wp\/v2\/product_brand?post=6032"},{"taxonomy":"product_cat","embeddable":true,"href":"https:\/\/provence-materiaux-anciens.com\/en\/wp-json\/wp\/v2\/product_cat?post=6032"},{"taxonomy":"product_tag","embeddable":true,"href":"https:\/\/provence-materiaux-anciens.com\/en\/wp-json\/wp\/v2\/product_tag?post=6032"}],"curies":[{"name":"wp","href":"https:\/\/api.w.org\/{rel}","templated":true}]}}