{"id":6040,"date":"2025-07-24T10:46:37","date_gmt":"2025-07-24T10:46:37","guid":{"rendered":"https:\/\/provence-materiaux-anciens.com\/?post_type=product&#038;p=6040"},"modified":"2025-09-29T13:17:21","modified_gmt":"2025-09-29T13:17:21","slug":"stone-basin","status":"publish","type":"product","link":"https:\/\/provence-materiaux-anciens.com\/en\/product\/stone-sink\/stone-basin\/","title":{"rendered":"Stone sink and basin"},"content":{"rendered":"","protected":false},"excerpt":{"rendered":"<div class=\"flex basis-auto flex-col -mb-(--composer-overlap-px) [--composer-overlap-px:55px] grow overflow-hidden\">\n<div class=\"relative h-full\">\n<div class=\"flex h-full flex-col overflow-y-auto [scrollbar-gutter:stable_both-edges] @[84rem]\/thread:pt-(--header-height)\">\n<div class=\"@thread-xl\/thread:pt-header-height flex flex-col text-sm pb-25\">\n<article class=\"text-token-text-primary w-full\" dir=\"auto\" data-testid=\"conversation-turn-6\" data-scroll-anchor=\"true\">\n<div class=\"text-base my-auto mx-auto pb-10 [--thread-content-margin:--spacing(4)] @[37rem]:[--thread-content-margin:--spacing(6)] @[72rem]:[--thread-content-margin:--spacing(16)] px-(--thread-content-margin)\">\n<div class=\"[--thread-content-max-width:32rem] @[34rem]:[--thread-content-max-width:40rem] @[64rem]:[--thread-content-max-width:48rem] mx-auto max-w-(--thread-content-max-width) flex-1 group\/turn-messages focus-visible:outline-hidden relative flex w-full min-w-0 flex-col agent-turn\" tabindex=\"-1\">\n<div class=\"flex max-w-full flex-col grow\">\n<div class=\"min-h-8 text-message relative flex w-full flex-col items-end gap-2 text-start break-words whitespace-normal [.text-message+&amp;]:mt-5\" dir=\"auto\" data-message-author-role=\"assistant\" data-message-id=\"a4dd6d2f-bd76-4c29-b5d2-23be5b0193b5\" data-message-model-slug=\"gpt-4o\">\n<div class=\"flex w-full flex-col gap-1 empty:hidden first:pt-[3px]\">\n<div class=\"markdown prose dark:prose-invert w-full break-words light\">\n<h3 data-start=\"191\" data-end=\"234\"><strong data-start=\"195\" data-end=\"232\">Stone sinks, basins &amp; troughs<\/strong><\/h3>\n<p data-start=\"235\" data-end=\"274\"><strong data-start=\"235\" data-end=\"274\">Elegance sculpted in matter<\/strong><\/p>\n<p data-start=\"276\" data-end=\"495\">Rough or finely crafted, antique or made-to-measure, our <strong data-start=\"333\" data-end=\"371\">stone sinks, basins and troughs<\/strong> are much more than just utilitarian elements: they're centerpieces that add soul to any space.<\/p>\n<p data-start=\"497\" data-end=\"777\">In a kitchen with character, a natural bathroom or a charming garden, stone makes its presence felt - sober, noble, timeless. It tells a story. The story of the hands that carved it, of the centuries it has lived through, and of the authenticity it embodies.<\/p>\n<p data-start=\"779\" data-end=\"1043\">At <strong data-start=\"784\" data-end=\"814\">Provence Mat\u00e9riaux Anciens<\/strong>We select and restore one-off pieces, or create bespoke designs from antique stone blocks. Every sink, every trough, every basin is a functional sculpture - beautiful, durable, alive.<\/p>\n<p data-start=\"1045\" data-end=\"1315\"><strong data-start=\"1045\" data-end=\"1077\">Why choose stone?<\/strong><br data-start=\"1077\" data-end=\"1080\" \/>- For its <strong data-start=\"1090\" data-end=\"1114\">natural resistance<\/strong> water, time, daily life<br data-start=\"1154\" data-end=\"1157\" \/>- For his <strong data-start=\"1168\" data-end=\"1192\">organic aesthetics<\/strong>warm and refined<br data-start=\"1217\" data-end=\"1220\" \/>- For his <strong data-start=\"1231\" data-end=\"1251\">unmistakable character<\/strong> no two models are alike, each one has its own personality<\/p>\n<p data-start=\"1317\" data-end=\"1439\">Whether laid, embedded or integrated into a custom-designed project, stone adapts to everything but the ordinary.<\/p>\n<\/div>\n<\/div>\n<\/div>\n<\/div>\n<\/div>\n<\/div>\n<\/article>\n<\/div>\n<\/div>\n<\/div>\n<\/div>\n<p><strong>Dimensions<\/strong> :<\/p>\n<p>Subject to availability.<\/p>","protected":false},"featured_media":6247,"template":"","meta":{"_monsterinsights_skip_tracking":false,"_monsterinsights_sitenote_active":false,"_monsterinsights_sitenote_note":"","_monsterinsights_sitenote_category":0},"product_brand":[],"product_cat":[186],"product_tag":[],"class_list":{"0":"post-6040","1":"product","2":"type-product","3":"status-publish","4":"has-post-thumbnail","6":"product_cat-evier-en-pierre","8":"first","9":"instock","10":"shipping-taxable","11":"product-type-simple"},"yoast_head":"<!-- This site is optimized with the Yoast SEO Premium plugin v22.1 (Yoast SEO v24.6) - https:\/\/yoast.com\/wordpress\/plugins\/seo\/ -->\n<title>Evier et vasque en pierre - Provence Mat\u00e9riaux Anciens<\/title>\n<meta name=\"robots\" content=\"index, follow, max-snippet:-1, max-image-preview:large, max-video-preview:-1\" \/>\n<link rel=\"canonical\" href=\"https:\/\/provence-materiaux-anciens.com\/en\/product\/stone-sink\/stone-basin\/\" \/>\n<meta property=\"og:locale\" content=\"en_US\" \/>\n<meta property=\"og:type\" content=\"article\" \/>\n<meta property=\"og:title\" content=\"Evier et vasque en pierre\" \/>\n<meta property=\"og:description\" content=\"\u00c9viers, vasques &amp; auges en pierre L\u2019\u00e9l\u00e9gance sculpt\u00e9e dans la mati\u00e8re Bruts ou finement travaill\u00e9s, anciens ou sur-mesure, nos \u00e9viers, vasques et auges en pierre sont bien plus que des \u00e9l\u00e9ments utilitaires : ce sont des pi\u00e8ces ma\u00eetresses, qui donnent \u00e0 chaque lieu un suppl\u00e9ment d\u2019\u00e2me. Dans une cuisine de caract\u00e8re, une salle de bain naturelle ou un jardin plein de charme, la pierre impose sa pr\u00e9sence \u2014 sobre, noble, intemporelle. Elle raconte une histoire. Celle des mains qui l\u2019ont creus\u00e9e, des si\u00e8cles qu\u2019elle a travers\u00e9s, et de l\u2019authenticit\u00e9 qu\u2019elle incarne. Chez Provence Mat\u00e9riaux Anciens, nous s\u00e9lectionnons et restaurons des pi\u00e8ces uniques, ou r\u00e9alisons des cr\u00e9ations sur mesure \u00e0 partir de blocs de pierre anciens. Chaque \u00e9vier, chaque auge, chaque vasque est une sculpture fonctionnelle \u2014 belle, durable, vivante. Pourquoi choisir la pierre ?\u2013 Pour sa r\u00e9sistance naturelle \u00e0 l\u2019eau, au temps, \u00e0 la vie quotidienne\u2013 Pour son esth\u00e9tique organique, chaleureuse et raffin\u00e9e\u2013 Pour son caract\u00e8re unique : aucun mod\u00e8le identique, chaque pi\u00e8ce a sa propre personnalit\u00e9 \u00c0 poser, \u00e0 encastrer ou \u00e0 int\u00e9grer dans un projet d\u2019am\u00e9nagement sur-mesure\u2026 La pierre s\u2019adapte \u00e0 tout, sauf \u00e0 l\u2019ordinaire.            Dimensions :  Suivant les disponibilit\u00e9s.\" \/>\n<meta property=\"og:url\" content=\"https:\/\/provence-materiaux-anciens.com\/en\/product\/stone-sink\/stone-basin\/\" \/>\n<meta property=\"og:site_name\" content=\"Provence Mat\u00e9riaux Anciens\" \/>\n<meta property=\"article:publisher\" content=\"https:\/\/www.facebook.com\/provencemateriauxanciens\" \/>\n<meta property=\"article:modified_time\" content=\"2025-09-29T13:17:21+00:00\" \/>\n<meta property=\"og:image\" content=\"https:\/\/provence-materiaux-anciens.com\/wp-content\/uploads\/2025\/07\/20250908_1557311-scaled.jpg\" \/>\n\t<meta property=\"og:image:width\" content=\"1920\" \/>\n\t<meta property=\"og:image:height\" content=\"2560\" \/>\n\t<meta property=\"og:image:type\" content=\"image\/jpeg\" \/>\n<meta name=\"twitter:card\" content=\"summary_large_image\" \/>\n<meta name=\"twitter:label1\" content=\"Est. reading time\" \/>\n\t<meta name=\"twitter:data1\" content=\"1 minute\" \/>\n<script type=\"application\/ld+json\" class=\"yoast-schema-graph\">{\"@context\":\"https:\/\/schema.org\",\"@graph\":[{\"@type\":\"WebPage\",\"@id\":\"https:\/\/provence-materiaux-anciens.com\/produit\/evier-en-pierre\/vasque-en-pierre\/\",\"url\":\"https:\/\/provence-materiaux-anciens.com\/produit\/evier-en-pierre\/vasque-en-pierre\/\",\"name\":\"Evier et vasque en pierre - Provence Mat\u00e9riaux Anciens\",\"isPartOf\":{\"@id\":\"https:\/\/provence-materiaux-anciens.com\/#website\"},\"primaryImageOfPage\":{\"@id\":\"https:\/\/provence-materiaux-anciens.com\/produit\/evier-en-pierre\/vasque-en-pierre\/#primaryimage\"},\"image\":{\"@id\":\"https:\/\/provence-materiaux-anciens.com\/produit\/evier-en-pierre\/vasque-en-pierre\/#primaryimage\"},\"thumbnailUrl\":\"https:\/\/provence-materiaux-anciens.com\/wp-content\/uploads\/2025\/07\/20250908_1557311-scaled.jpg\",\"datePublished\":\"2025-07-24T10:46:37+00:00\",\"dateModified\":\"2025-09-29T13:17:21+00:00\",\"breadcrumb\":{\"@id\":\"https:\/\/provence-materiaux-anciens.com\/produit\/evier-en-pierre\/vasque-en-pierre\/#breadcrumb\"},\"inLanguage\":\"en-US\",\"potentialAction\":[{\"@type\":\"ReadAction\",\"target\":[\"https:\/\/provence-materiaux-anciens.com\/produit\/evier-en-pierre\/vasque-en-pierre\/\"]}]},{\"@type\":\"ImageObject\",\"inLanguage\":\"en-US\",\"@id\":\"https:\/\/provence-materiaux-anciens.com\/produit\/evier-en-pierre\/vasque-en-pierre\/#primaryimage\",\"url\":\"https:\/\/provence-materiaux-anciens.com\/wp-content\/uploads\/2025\/07\/20250908_1557311-scaled.jpg\",\"contentUrl\":\"https:\/\/provence-materiaux-anciens.com\/wp-content\/uploads\/2025\/07\/20250908_1557311-scaled.jpg\",\"width\":1920,\"height\":2560},{\"@type\":\"BreadcrumbList\",\"@id\":\"https:\/\/provence-materiaux-anciens.com\/produit\/evier-en-pierre\/vasque-en-pierre\/#breadcrumb\",\"itemListElement\":[{\"@type\":\"ListItem\",\"position\":1,\"name\":\"Accueil\",\"item\":\"https:\/\/provence-materiaux-anciens.com\/fr\/\"},{\"@type\":\"ListItem\",\"position\":2,\"name\":\"Produits\",\"item\":\"https:\/\/provence-materiaux-anciens.com\/produit\/\"},{\"@type\":\"ListItem\",\"position\":3,\"name\":\"Evier et vasque en pierre\"}]},{\"@type\":\"WebSite\",\"@id\":\"https:\/\/provence-materiaux-anciens.com\/#website\",\"url\":\"https:\/\/provence-materiaux-anciens.com\/\",\"name\":\"Provence Mat\u00e9riaux Anciens\",\"description\":\"Achat et vente de mat\u00e9riaux anciens de construction, poutres, tuiles, planchers, charpentes, dallages, terres cuites.\",\"publisher\":{\"@id\":\"https:\/\/provence-materiaux-anciens.com\/#organization\"},\"potentialAction\":[{\"@type\":\"SearchAction\",\"target\":{\"@type\":\"EntryPoint\",\"urlTemplate\":\"https:\/\/provence-materiaux-anciens.com\/?s={search_term_string}\"},\"query-input\":{\"@type\":\"PropertyValueSpecification\",\"valueRequired\":true,\"valueName\":\"search_term_string\"}}],\"inLanguage\":\"en-US\"},{\"@type\":\"Organization\",\"@id\":\"https:\/\/provence-materiaux-anciens.com\/#organization\",\"name\":\"Provence Mat\u00e9riaux Anciens\",\"url\":\"https:\/\/provence-materiaux-anciens.com\/\",\"logo\":{\"@type\":\"ImageObject\",\"inLanguage\":\"en-US\",\"@id\":\"https:\/\/provence-materiaux-anciens.com\/#\/schema\/logo\/image\/\",\"url\":\"https:\/\/provence-materiaux-anciens.com\/wp-content\/uploads\/2022\/03\/cropped-logo-pma-web.png\",\"contentUrl\":\"https:\/\/provence-materiaux-anciens.com\/wp-content\/uploads\/2022\/03\/cropped-logo-pma-web.png\",\"width\":650,\"height\":434,\"caption\":\"Provence Mat\u00e9riaux Anciens\"},\"image\":{\"@id\":\"https:\/\/provence-materiaux-anciens.com\/#\/schema\/logo\/image\/\"},\"sameAs\":[\"https:\/\/www.facebook.com\/provencemateriauxanciens\",\"https:\/\/www.instagram.com\/provencemateriauxanciens\/\",\"https:\/\/www.pinterest.fr\/provencemateriauxanciens\/\"]}]}<\/script>\n<!-- \/ Yoast SEO Premium plugin. -->","yoast_head_json":{"title":"Stone sink and basin - Provence Mat\u00e9riaux Anciens","robots":{"index":"index","follow":"follow","max-snippet":"max-snippet:-1","max-image-preview":"max-image-preview:large","max-video-preview":"max-video-preview:-1"},"canonical":"https:\/\/provence-materiaux-anciens.com\/en\/product\/stone-sink\/stone-basin\/","og_locale":"en_US","og_type":"article","og_title":"Evier et vasque en pierre","og_description":"\u00c9viers, vasques &amp; auges en pierre L\u2019\u00e9l\u00e9gance sculpt\u00e9e dans la mati\u00e8re Bruts ou finement travaill\u00e9s, anciens ou sur-mesure, nos \u00e9viers, vasques et auges en pierre sont bien plus que des \u00e9l\u00e9ments utilitaires : ce sont des pi\u00e8ces ma\u00eetresses, qui donnent \u00e0 chaque lieu un suppl\u00e9ment d\u2019\u00e2me. Dans une cuisine de caract\u00e8re, une salle de bain naturelle ou un jardin plein de charme, la pierre impose sa pr\u00e9sence \u2014 sobre, noble, intemporelle. Elle raconte une histoire. Celle des mains qui l\u2019ont creus\u00e9e, des si\u00e8cles qu\u2019elle a travers\u00e9s, et de l\u2019authenticit\u00e9 qu\u2019elle incarne. Chez Provence Mat\u00e9riaux Anciens, nous s\u00e9lectionnons et restaurons des pi\u00e8ces uniques, ou r\u00e9alisons des cr\u00e9ations sur mesure \u00e0 partir de blocs de pierre anciens. Chaque \u00e9vier, chaque auge, chaque vasque est une sculpture fonctionnelle \u2014 belle, durable, vivante. Pourquoi choisir la pierre ?\u2013 Pour sa r\u00e9sistance naturelle \u00e0 l\u2019eau, au temps, \u00e0 la vie quotidienne\u2013 Pour son esth\u00e9tique organique, chaleureuse et raffin\u00e9e\u2013 Pour son caract\u00e8re unique : aucun mod\u00e8le identique, chaque pi\u00e8ce a sa propre personnalit\u00e9 \u00c0 poser, \u00e0 encastrer ou \u00e0 int\u00e9grer dans un projet d\u2019am\u00e9nagement sur-mesure\u2026 La pierre s\u2019adapte \u00e0 tout, sauf \u00e0 l\u2019ordinaire.            Dimensions :  Suivant les disponibilit\u00e9s.","og_url":"https:\/\/provence-materiaux-anciens.com\/en\/product\/stone-sink\/stone-basin\/","og_site_name":"Provence Mat\u00e9riaux Anciens","article_publisher":"https:\/\/www.facebook.com\/provencemateriauxanciens","article_modified_time":"2025-09-29T13:17:21+00:00","og_image":[{"width":1920,"height":2560,"url":"https:\/\/provence-materiaux-anciens.com\/wp-content\/uploads\/2025\/07\/20250908_1557311-scaled.jpg","type":"image\/jpeg"}],"twitter_card":"summary_large_image","twitter_misc":{"Est. reading time":"1 minute"},"schema":{"@context":"https:\/\/schema.org","@graph":[{"@type":"WebPage","@id":"https:\/\/provence-materiaux-anciens.com\/produit\/evier-en-pierre\/vasque-en-pierre\/","url":"https:\/\/provence-materiaux-anciens.com\/produit\/evier-en-pierre\/vasque-en-pierre\/","name":"Stone sink and basin - Provence Mat\u00e9riaux Anciens","isPartOf":{"@id":"https:\/\/provence-materiaux-anciens.com\/#website"},"primaryImageOfPage":{"@id":"https:\/\/provence-materiaux-anciens.com\/produit\/evier-en-pierre\/vasque-en-pierre\/#primaryimage"},"image":{"@id":"https:\/\/provence-materiaux-anciens.com\/produit\/evier-en-pierre\/vasque-en-pierre\/#primaryimage"},"thumbnailUrl":"https:\/\/provence-materiaux-anciens.com\/wp-content\/uploads\/2025\/07\/20250908_1557311-scaled.jpg","datePublished":"2025-07-24T10:46:37+00:00","dateModified":"2025-09-29T13:17:21+00:00","breadcrumb":{"@id":"https:\/\/provence-materiaux-anciens.com\/produit\/evier-en-pierre\/vasque-en-pierre\/#breadcrumb"},"inLanguage":"en-US","potentialAction":[{"@type":"ReadAction","target":["https:\/\/provence-materiaux-anciens.com\/produit\/evier-en-pierre\/vasque-en-pierre\/"]}]},{"@type":"ImageObject","inLanguage":"en-US","@id":"https:\/\/provence-materiaux-anciens.com\/produit\/evier-en-pierre\/vasque-en-pierre\/#primaryimage","url":"https:\/\/provence-materiaux-anciens.com\/wp-content\/uploads\/2025\/07\/20250908_1557311-scaled.jpg","contentUrl":"https:\/\/provence-materiaux-anciens.com\/wp-content\/uploads\/2025\/07\/20250908_1557311-scaled.jpg","width":1920,"height":2560},{"@type":"BreadcrumbList","@id":"https:\/\/provence-materiaux-anciens.com\/produit\/evier-en-pierre\/vasque-en-pierre\/#breadcrumb","itemListElement":[{"@type":"ListItem","position":1,"name":"Accueil","item":"https:\/\/provence-materiaux-anciens.com\/fr\/"},{"@type":"ListItem","position":2,"name":"Produits","item":"https:\/\/provence-materiaux-anciens.com\/produit\/"},{"@type":"ListItem","position":3,"name":"Evier et vasque en pierre"}]},{"@type":"WebSite","@id":"https:\/\/provence-materiaux-anciens.com\/#website","url":"https:\/\/provence-materiaux-anciens.com\/","name":"Provence Mat\u00e9riaux Anciens","description":"Purchase and sale of old building materials, beams, tiles, floors, frameworks, paving, terracotta.","publisher":{"@id":"https:\/\/provence-materiaux-anciens.com\/#organization"},"potentialAction":[{"@type":"SearchAction","target":{"@type":"EntryPoint","urlTemplate":"https:\/\/provence-materiaux-anciens.com\/?s={search_term_string}"},"query-input":{"@type":"PropertyValueSpecification","valueRequired":true,"valueName":"search_term_string"}}],"inLanguage":"en-US"},{"@type":"Organization","@id":"https:\/\/provence-materiaux-anciens.com\/#organization","name":"Provence Mat\u00e9riaux Anciens","url":"https:\/\/provence-materiaux-anciens.com\/","logo":{"@type":"ImageObject","inLanguage":"en-US","@id":"https:\/\/provence-materiaux-anciens.com\/#\/schema\/logo\/image\/","url":"https:\/\/provence-materiaux-anciens.com\/wp-content\/uploads\/2022\/03\/cropped-logo-pma-web.png","contentUrl":"https:\/\/provence-materiaux-anciens.com\/wp-content\/uploads\/2022\/03\/cropped-logo-pma-web.png","width":650,"height":434,"caption":"Provence Mat\u00e9riaux Anciens"},"image":{"@id":"https:\/\/provence-materiaux-anciens.com\/#\/schema\/logo\/image\/"},"sameAs":["https:\/\/www.facebook.com\/provencemateriauxanciens","https:\/\/www.instagram.com\/provencemateriauxanciens\/","https:\/\/www.pinterest.fr\/provencemateriauxanciens\/"]}]}},"_links":{"self":[{"href":"https:\/\/provence-materiaux-anciens.com\/en\/wp-json\/wp\/v2\/product\/6040","targetHints":{"allow":["GET"]}}],"collection":[{"href":"https:\/\/provence-materiaux-anciens.com\/en\/wp-json\/wp\/v2\/product"}],"about":[{"href":"https:\/\/provence-materiaux-anciens.com\/en\/wp-json\/wp\/v2\/types\/product"}],"wp:featuredmedia":[{"embeddable":true,"href":"https:\/\/provence-materiaux-anciens.com\/en\/wp-json\/wp\/v2\/media\/6247"}],"wp:attachment":[{"href":"https:\/\/provence-materiaux-anciens.com\/en\/wp-json\/wp\/v2\/media?parent=6040"}],"wp:term":[{"taxonomy":"product_brand","embeddable":true,"href":"https:\/\/provence-materiaux-anciens.com\/en\/wp-json\/wp\/v2\/product_brand?post=6040"},{"taxonomy":"product_cat","embeddable":true,"href":"https:\/\/provence-materiaux-anciens.com\/en\/wp-json\/wp\/v2\/product_cat?post=6040"},{"taxonomy":"product_tag","embeddable":true,"href":"https:\/\/provence-materiaux-anciens.com\/en\/wp-json\/wp\/v2\/product_tag?post=6040"}],"curies":[{"name":"wp","href":"https:\/\/api.w.org\/{rel}","templated":true}]}}