{"id":6077,"date":"2025-07-25T10:47:23","date_gmt":"2025-07-25T10:47:23","guid":{"rendered":"https:\/\/provence-materiaux-anciens.com\/?post_type=product&#038;p=6077"},"modified":"2026-02-17T08:32:30","modified_gmt":"2026-02-17T08:32:30","slug":"panache-floor-tiles","status":"publish","type":"product","link":"https:\/\/provence-materiaux-anciens.com\/en\/product\/floors\/antique-terracotta\/antique-floor-tiles\/panache-floor-tiles\/","title":{"rendered":"Terra cotta Tiles"},"content":{"rendered":"<h3 data-start=\"181\" data-end=\"232\"><strong data-start=\"185\" data-end=\"230\">Tommettes<\/strong><\/h3>\n<p data-start=\"233\" data-end=\"284\"><strong data-start=\"233\" data-end=\"284\">The discreet charm of floors with a history<\/strong><\/p>\n<p data-start=\"286\" data-end=\"532\">With their shape <strong data-start=\"302\" data-end=\"329\">square, hexagonal or emblematic rectangular<\/strong> and their <strong data-start=\"338\" data-end=\"368\">variegated warm shades<\/strong>These tiles immediately evoke the elegance of the interiors of yesteryear: the floors of bastides, the corridors of manor houses, kitchens bathed in southern light.<\/p>\n<p data-start=\"534\" data-end=\"805\">The nuances vary subtly from <strong data-start=\"569\" data-end=\"584\">powder pink<\/strong> at <strong data-start=\"588\" data-end=\"601\">soft brown<\/strong>through to <strong data-start=\"622\" data-end=\"664\">clay, honey or light terracotta tones<\/strong>. A warm palette, full of life, giving the floor that shifting, weathered character that only traditional materials can offer.<\/p>\n<p data-start=\"807\" data-end=\"974\">Each tile has its own slight irregularities, soft edges, matte sheen... so many details that make up a unique ensemble. <strong data-start=\"931\" data-end=\"973\">lively, authentic and full of poetry<\/strong>.<\/p>\n<p data-start=\"976\" data-end=\"1228\"><strong data-start=\"976\" data-end=\"1002\">Why choose them?<\/strong><br data-start=\"1002\" data-end=\"1005\" \/>- For their <strong data-start=\"1017\" data-end=\"1044\">timeless design<\/strong>typically southern<br data-start=\"1069\" data-end=\"1072\" \/>- For their <strong data-start=\"1084\" data-end=\"1101\">patina finish<\/strong>which instantly creates an atmosphere<br data-start=\"1141\" data-end=\"1144\" \/>- For their <strong data-start=\"1156\" data-end=\"1174\">subtle variegation<\/strong>that plays with light and adds depth<\/p>\n<p data-start=\"1230\" data-end=\"1303\">A floor that transforms every room into a living space.<\/p>","protected":false},"excerpt":{"rendered":"<h3><strong>Ref : Tommette<br \/>\n<\/strong><\/h3>\n<ul>\n<li><strong>Materials<\/strong> Terracotta<\/li>\n<li><strong>Dimensions<\/strong> size : 15 x 15 cm<\/li>\n<li><strong>Thickness<\/strong> : 2 cm<\/li>\n<li><b>Availability<\/b> : Constant<\/li>\n<\/ul>\n<p>Tomettes available in large quantities. Terracotta tiles in a pinkish-red hue.<\/p>\n<p>We recommend treating floor tiles with our product <a href=\"https:\/\/provence-materiaux-anciens.com\/en\/product\/floors\/soil-treatment\/provence-primer\/\">Provence Primer<\/a>.<\/p>\n<p>For older floor tiles, we recommend <a href=\"https:\/\/provence-materiaux-anciens.com\/en\/old-floors\/antique-terracotta\/tomette\/hexagonal-antique-floor-tiles\/\">Antique Hexagonal Tomettes<\/a>.<\/p>","protected":false},"featured_media":6081,"template":"","meta":{"_monsterinsights_skip_tracking":false,"_monsterinsights_sitenote_active":false,"_monsterinsights_sitenote_note":"","_monsterinsights_sitenote_category":0},"product_brand":[],"product_cat":[32,35,33],"product_tag":[141,140],"class_list":{"0":"post-6077","1":"product","2":"type-product","3":"status-publish","4":"has-post-thumbnail","6":"product_cat-sols","7":"product_cat-tomettes-anciennes","8":"product_cat-terre-cuite-ancienne","9":"product_tag-hexagonales","10":"product_tag-tomettes","12":"first","13":"instock","14":"featured","15":"shipping-taxable","16":"product-type-simple"},"yoast_head":"<!-- This site is optimized with the Yoast SEO Premium plugin v22.1 (Yoast SEO v24.6) - https:\/\/yoast.com\/wordpress\/plugins\/seo\/ -->\n<title>Tomettes - Provence Mat\u00e9riaux Anciens<\/title>\n<meta name=\"robots\" content=\"index, follow, max-snippet:-1, max-image-preview:large, max-video-preview:-1\" \/>\n<link rel=\"canonical\" href=\"https:\/\/provence-materiaux-anciens.com\/en\/product\/floors\/antique-terracotta\/antique-floor-tiles\/panache-floor-tiles\/\" \/>\n<meta property=\"og:locale\" content=\"en_US\" \/>\n<meta property=\"og:type\" content=\"article\" \/>\n<meta property=\"og:title\" content=\"Tomettes\" \/>\n<meta property=\"og:description\" content=\"Ref : Tommette    Mat\u00e9riaux : Terre cuite  Dimensions : 15 x 15 cm  \u00c9paisseur : 2 cm  Disponibilit\u00e9 : Constante  Tomettes disponibles en grande quantit\u00e9. Carrelage en terre cuite de teinte ros\u00e9e rouge.  Nous vous recommandons de traiter les tomettes avec notre produit Provence Primer.  Pour des tomettes plus anciennes, nous vous conseillons Tomettes Anciennes Hexagonales.\" \/>\n<meta property=\"og:url\" content=\"https:\/\/provence-materiaux-anciens.com\/en\/product\/floors\/antique-terracotta\/antique-floor-tiles\/panache-floor-tiles\/\" \/>\n<meta property=\"og:site_name\" content=\"Provence Mat\u00e9riaux Anciens\" \/>\n<meta property=\"article:publisher\" content=\"https:\/\/www.facebook.com\/provencemateriauxanciens\" \/>\n<meta property=\"article:modified_time\" content=\"2026-02-17T08:32:30+00:00\" \/>\n<meta property=\"og:image\" content=\"https:\/\/provence-materiaux-anciens.com\/wp-content\/uploads\/2025\/07\/1000258293-2.jpg\" \/>\n\t<meta property=\"og:image:width\" content=\"1035\" \/>\n\t<meta property=\"og:image:height\" content=\"1112\" \/>\n\t<meta property=\"og:image:type\" content=\"image\/jpeg\" \/>\n<meta name=\"twitter:card\" content=\"summary_large_image\" \/>\n<meta name=\"twitter:label1\" content=\"Est. reading time\" \/>\n\t<meta name=\"twitter:data1\" content=\"2 minutes\" \/>\n<script type=\"application\/ld+json\" class=\"yoast-schema-graph\">{\"@context\":\"https:\/\/schema.org\",\"@graph\":[{\"@type\":\"WebPage\",\"@id\":\"https:\/\/provence-materiaux-anciens.com\/produit\/sols\/terre-cuite-ancienne\/tomettes-anciennes\/tomettes-panache\/\",\"url\":\"https:\/\/provence-materiaux-anciens.com\/produit\/sols\/terre-cuite-ancienne\/tomettes-anciennes\/tomettes-panache\/\",\"name\":\"Tomettes - Provence Mat\u00e9riaux Anciens\",\"isPartOf\":{\"@id\":\"https:\/\/provence-materiaux-anciens.com\/#website\"},\"primaryImageOfPage\":{\"@id\":\"https:\/\/provence-materiaux-anciens.com\/produit\/sols\/terre-cuite-ancienne\/tomettes-anciennes\/tomettes-panache\/#primaryimage\"},\"image\":{\"@id\":\"https:\/\/provence-materiaux-anciens.com\/produit\/sols\/terre-cuite-ancienne\/tomettes-anciennes\/tomettes-panache\/#primaryimage\"},\"thumbnailUrl\":\"https:\/\/provence-materiaux-anciens.com\/wp-content\/uploads\/2025\/07\/1000258293-2.jpg\",\"datePublished\":\"2025-07-25T10:47:23+00:00\",\"dateModified\":\"2026-02-17T08:32:30+00:00\",\"breadcrumb\":{\"@id\":\"https:\/\/provence-materiaux-anciens.com\/produit\/sols\/terre-cuite-ancienne\/tomettes-anciennes\/tomettes-panache\/#breadcrumb\"},\"inLanguage\":\"en-US\",\"potentialAction\":[{\"@type\":\"ReadAction\",\"target\":[\"https:\/\/provence-materiaux-anciens.com\/produit\/sols\/terre-cuite-ancienne\/tomettes-anciennes\/tomettes-panache\/\"]}]},{\"@type\":\"ImageObject\",\"inLanguage\":\"en-US\",\"@id\":\"https:\/\/provence-materiaux-anciens.com\/produit\/sols\/terre-cuite-ancienne\/tomettes-anciennes\/tomettes-panache\/#primaryimage\",\"url\":\"https:\/\/provence-materiaux-anciens.com\/wp-content\/uploads\/2025\/07\/1000258293-2.jpg\",\"contentUrl\":\"https:\/\/provence-materiaux-anciens.com\/wp-content\/uploads\/2025\/07\/1000258293-2.jpg\",\"width\":1035,\"height\":1112},{\"@type\":\"BreadcrumbList\",\"@id\":\"https:\/\/provence-materiaux-anciens.com\/produit\/sols\/terre-cuite-ancienne\/tomettes-anciennes\/tomettes-panache\/#breadcrumb\",\"itemListElement\":[{\"@type\":\"ListItem\",\"position\":1,\"name\":\"Accueil\",\"item\":\"https:\/\/provence-materiaux-anciens.com\/fr\/\"},{\"@type\":\"ListItem\",\"position\":2,\"name\":\"Produits\",\"item\":\"https:\/\/provence-materiaux-anciens.com\/produit\/\"},{\"@type\":\"ListItem\",\"position\":3,\"name\":\"Tomettes\"}]},{\"@type\":\"WebSite\",\"@id\":\"https:\/\/provence-materiaux-anciens.com\/#website\",\"url\":\"https:\/\/provence-materiaux-anciens.com\/\",\"name\":\"Provence Mat\u00e9riaux Anciens\",\"description\":\"Achat et vente de mat\u00e9riaux anciens de construction, poutres, tuiles, planchers, charpentes, dallages, terres cuites.\",\"publisher\":{\"@id\":\"https:\/\/provence-materiaux-anciens.com\/#organization\"},\"potentialAction\":[{\"@type\":\"SearchAction\",\"target\":{\"@type\":\"EntryPoint\",\"urlTemplate\":\"https:\/\/provence-materiaux-anciens.com\/?s={search_term_string}\"},\"query-input\":{\"@type\":\"PropertyValueSpecification\",\"valueRequired\":true,\"valueName\":\"search_term_string\"}}],\"inLanguage\":\"en-US\"},{\"@type\":\"Organization\",\"@id\":\"https:\/\/provence-materiaux-anciens.com\/#organization\",\"name\":\"Provence Mat\u00e9riaux Anciens\",\"url\":\"https:\/\/provence-materiaux-anciens.com\/\",\"logo\":{\"@type\":\"ImageObject\",\"inLanguage\":\"en-US\",\"@id\":\"https:\/\/provence-materiaux-anciens.com\/#\/schema\/logo\/image\/\",\"url\":\"https:\/\/provence-materiaux-anciens.com\/wp-content\/uploads\/2022\/03\/cropped-logo-pma-web.png\",\"contentUrl\":\"https:\/\/provence-materiaux-anciens.com\/wp-content\/uploads\/2022\/03\/cropped-logo-pma-web.png\",\"width\":650,\"height\":434,\"caption\":\"Provence Mat\u00e9riaux Anciens\"},\"image\":{\"@id\":\"https:\/\/provence-materiaux-anciens.com\/#\/schema\/logo\/image\/\"},\"sameAs\":[\"https:\/\/www.facebook.com\/provencemateriauxanciens\",\"https:\/\/www.instagram.com\/provencemateriauxanciens\/\",\"https:\/\/www.pinterest.fr\/provencemateriauxanciens\/\"]}]}<\/script>\n<!-- \/ Yoast SEO Premium plugin. -->","yoast_head_json":{"title":"Tomettes - Provence Antique Materials","robots":{"index":"index","follow":"follow","max-snippet":"max-snippet:-1","max-image-preview":"max-image-preview:large","max-video-preview":"max-video-preview:-1"},"canonical":"https:\/\/provence-materiaux-anciens.com\/en\/product\/floors\/antique-terracotta\/antique-floor-tiles\/panache-floor-tiles\/","og_locale":"en_US","og_type":"article","og_title":"Tomettes","og_description":"Ref : Tommette    Mat\u00e9riaux : Terre cuite  Dimensions : 15 x 15 cm  \u00c9paisseur : 2 cm  Disponibilit\u00e9 : Constante  Tomettes disponibles en grande quantit\u00e9. Carrelage en terre cuite de teinte ros\u00e9e rouge.  Nous vous recommandons de traiter les tomettes avec notre produit Provence Primer.  Pour des tomettes plus anciennes, nous vous conseillons Tomettes Anciennes Hexagonales.","og_url":"https:\/\/provence-materiaux-anciens.com\/en\/product\/floors\/antique-terracotta\/antique-floor-tiles\/panache-floor-tiles\/","og_site_name":"Provence Mat\u00e9riaux Anciens","article_publisher":"https:\/\/www.facebook.com\/provencemateriauxanciens","article_modified_time":"2026-02-17T08:32:30+00:00","og_image":[{"width":1035,"height":1112,"url":"https:\/\/provence-materiaux-anciens.com\/wp-content\/uploads\/2025\/07\/1000258293-2.jpg","type":"image\/jpeg"}],"twitter_card":"summary_large_image","twitter_misc":{"Est. reading time":"2 minutes"},"schema":{"@context":"https:\/\/schema.org","@graph":[{"@type":"WebPage","@id":"https:\/\/provence-materiaux-anciens.com\/produit\/sols\/terre-cuite-ancienne\/tomettes-anciennes\/tomettes-panache\/","url":"https:\/\/provence-materiaux-anciens.com\/produit\/sols\/terre-cuite-ancienne\/tomettes-anciennes\/tomettes-panache\/","name":"Tomettes - Provence Antique Materials","isPartOf":{"@id":"https:\/\/provence-materiaux-anciens.com\/#website"},"primaryImageOfPage":{"@id":"https:\/\/provence-materiaux-anciens.com\/produit\/sols\/terre-cuite-ancienne\/tomettes-anciennes\/tomettes-panache\/#primaryimage"},"image":{"@id":"https:\/\/provence-materiaux-anciens.com\/produit\/sols\/terre-cuite-ancienne\/tomettes-anciennes\/tomettes-panache\/#primaryimage"},"thumbnailUrl":"https:\/\/provence-materiaux-anciens.com\/wp-content\/uploads\/2025\/07\/1000258293-2.jpg","datePublished":"2025-07-25T10:47:23+00:00","dateModified":"2026-02-17T08:32:30+00:00","breadcrumb":{"@id":"https:\/\/provence-materiaux-anciens.com\/produit\/sols\/terre-cuite-ancienne\/tomettes-anciennes\/tomettes-panache\/#breadcrumb"},"inLanguage":"en-US","potentialAction":[{"@type":"ReadAction","target":["https:\/\/provence-materiaux-anciens.com\/produit\/sols\/terre-cuite-ancienne\/tomettes-anciennes\/tomettes-panache\/"]}]},{"@type":"ImageObject","inLanguage":"en-US","@id":"https:\/\/provence-materiaux-anciens.com\/produit\/sols\/terre-cuite-ancienne\/tomettes-anciennes\/tomettes-panache\/#primaryimage","url":"https:\/\/provence-materiaux-anciens.com\/wp-content\/uploads\/2025\/07\/1000258293-2.jpg","contentUrl":"https:\/\/provence-materiaux-anciens.com\/wp-content\/uploads\/2025\/07\/1000258293-2.jpg","width":1035,"height":1112},{"@type":"BreadcrumbList","@id":"https:\/\/provence-materiaux-anciens.com\/produit\/sols\/terre-cuite-ancienne\/tomettes-anciennes\/tomettes-panache\/#breadcrumb","itemListElement":[{"@type":"ListItem","position":1,"name":"Accueil","item":"https:\/\/provence-materiaux-anciens.com\/fr\/"},{"@type":"ListItem","position":2,"name":"Produits","item":"https:\/\/provence-materiaux-anciens.com\/produit\/"},{"@type":"ListItem","position":3,"name":"Tomettes"}]},{"@type":"WebSite","@id":"https:\/\/provence-materiaux-anciens.com\/#website","url":"https:\/\/provence-materiaux-anciens.com\/","name":"Provence Mat\u00e9riaux Anciens","description":"Purchase and sale of old building materials, beams, tiles, floors, frameworks, paving, terracotta.","publisher":{"@id":"https:\/\/provence-materiaux-anciens.com\/#organization"},"potentialAction":[{"@type":"SearchAction","target":{"@type":"EntryPoint","urlTemplate":"https:\/\/provence-materiaux-anciens.com\/?s={search_term_string}"},"query-input":{"@type":"PropertyValueSpecification","valueRequired":true,"valueName":"search_term_string"}}],"inLanguage":"en-US"},{"@type":"Organization","@id":"https:\/\/provence-materiaux-anciens.com\/#organization","name":"Provence Mat\u00e9riaux Anciens","url":"https:\/\/provence-materiaux-anciens.com\/","logo":{"@type":"ImageObject","inLanguage":"en-US","@id":"https:\/\/provence-materiaux-anciens.com\/#\/schema\/logo\/image\/","url":"https:\/\/provence-materiaux-anciens.com\/wp-content\/uploads\/2022\/03\/cropped-logo-pma-web.png","contentUrl":"https:\/\/provence-materiaux-anciens.com\/wp-content\/uploads\/2022\/03\/cropped-logo-pma-web.png","width":650,"height":434,"caption":"Provence Mat\u00e9riaux Anciens"},"image":{"@id":"https:\/\/provence-materiaux-anciens.com\/#\/schema\/logo\/image\/"},"sameAs":["https:\/\/www.facebook.com\/provencemateriauxanciens","https:\/\/www.instagram.com\/provencemateriauxanciens\/","https:\/\/www.pinterest.fr\/provencemateriauxanciens\/"]}]}},"_links":{"self":[{"href":"https:\/\/provence-materiaux-anciens.com\/en\/wp-json\/wp\/v2\/product\/6077","targetHints":{"allow":["GET"]}}],"collection":[{"href":"https:\/\/provence-materiaux-anciens.com\/en\/wp-json\/wp\/v2\/product"}],"about":[{"href":"https:\/\/provence-materiaux-anciens.com\/en\/wp-json\/wp\/v2\/types\/product"}],"wp:featuredmedia":[{"embeddable":true,"href":"https:\/\/provence-materiaux-anciens.com\/en\/wp-json\/wp\/v2\/media\/6081"}],"wp:attachment":[{"href":"https:\/\/provence-materiaux-anciens.com\/en\/wp-json\/wp\/v2\/media?parent=6077"}],"wp:term":[{"taxonomy":"product_brand","embeddable":true,"href":"https:\/\/provence-materiaux-anciens.com\/en\/wp-json\/wp\/v2\/product_brand?post=6077"},{"taxonomy":"product_cat","embeddable":true,"href":"https:\/\/provence-materiaux-anciens.com\/en\/wp-json\/wp\/v2\/product_cat?post=6077"},{"taxonomy":"product_tag","embeddable":true,"href":"https:\/\/provence-materiaux-anciens.com\/en\/wp-json\/wp\/v2\/product_tag?post=6077"}],"curies":[{"name":"wp","href":"https:\/\/api.w.org\/{rel}","templated":true}]}}