{"id":6372,"date":"2025-09-24T11:54:51","date_gmt":"2025-09-24T11:54:51","guid":{"rendered":"https:\/\/provence-materiaux-anciens.com\/?post_type=product&#038;p=6372"},"modified":"2025-10-07T09:34:29","modified_gmt":"2025-10-07T09:34:29","slug":"natural-paving-majorca-2","status":"publish","type":"product","link":"https:\/\/provence-materiaux-anciens.com\/en\/product\/floors\/paving-stone-natural\/paving\/natural-paving-majorca-2\/","title":{"rendered":"Majorca natural paving"},"content":{"rendered":"","protected":false},"excerpt":{"rendered":"<p data-start=\"116\" data-end=\"149\"><strong data-start=\"118\" data-end=\"145\">Ref : Ibiza paving<\/strong><\/p>\n<p data-start=\"151\" data-end=\"382\">Natural stone paving brings elegance and light into your interiors <strong data-start=\"238\" data-end=\"247\">Ibiza<\/strong>.<br data-start=\"248\" data-end=\"251\" \/>Its soft, warm beige\/grey tones create a refined ambience, ideal for enhancing a living room, kitchen or living area.<\/p>\n<p data-start=\"384\" data-end=\"573\">When laid, these limestone slabs offer a natural, timeless look. And for perfect harmony inside and out, the <strong data-start=\"526\" data-end=\"535\">Ibiza<\/strong> is also available in an outdoor version.<\/p>\n<p data-start=\"575\" data-end=\"599\"><strong data-start=\"575\" data-end=\"597\">Features :<\/strong><\/p>\n<ul data-start=\"600\" data-end=\"668\">\n<li data-start=\"600\" data-end=\"624\">\n<p data-start=\"602\" data-end=\"624\">Width: free<\/p>\n<\/li>\n<li data-start=\"646\" data-end=\"668\">\n<p data-start=\"648\" data-end=\"668\">Thickness: 1.5 cm<\/p>\n<\/li>\n<\/ul>\n<p data-start=\"670\" data-end=\"714\"><strong data-start=\"670\" data-end=\"712\">Additional formats on request:<\/strong><\/p>\n<ul data-start=\"715\" data-end=\"905\">\n<li data-start=\"715\" data-end=\"770\">\n<p data-start=\"717\" data-end=\"770\">Free width x Thickness 1.5 cm<\/p>\n<\/li>\n<li data-start=\"771\" data-end=\"826\">\n<p data-start=\"773\" data-end=\"826\">Clear width x Thickness 1.5 cm<\/p>\n<\/li>\n<li data-start=\"827\" data-end=\"882\">\n<p data-start=\"829\" data-end=\"882\">Free width x Thickness 1.5 cm<\/p>\n<\/li>\n<li data-start=\"883\" data-end=\"905\">\n<p data-start=\"885\" data-end=\"905\">Opus<\/p>\n<\/li>\n<\/ul>","protected":false},"featured_media":6374,"template":"","meta":{"_monsterinsights_skip_tracking":false,"_monsterinsights_sitenote_active":false,"_monsterinsights_sitenote_note":"","_monsterinsights_sitenote_category":0},"product_brand":[],"product_cat":[38,163,32],"product_tag":[],"class_list":{"0":"post-6372","1":"product","2":"type-product","3":"status-publish","4":"has-post-thumbnail","6":"product_cat-dallage-pierre-naturelle","7":"product_cat-dallages","8":"product_cat-sols","10":"first","11":"instock","12":"featured","13":"shipping-taxable","14":"product-type-simple"},"yoast_head":"<!-- This site is optimized with the Yoast SEO Premium plugin v22.1 (Yoast SEO v24.6) - https:\/\/yoast.com\/wordpress\/plugins\/seo\/ -->\n<title>Dallage naturel Majorque - Provence Mat\u00e9riaux Anciens<\/title>\n<meta name=\"robots\" content=\"index, follow, max-snippet:-1, max-image-preview:large, max-video-preview:-1\" \/>\n<link rel=\"canonical\" href=\"https:\/\/provence-materiaux-anciens.com\/en\/product\/floors\/paving-stone-natural\/paving\/natural-paving-majorca-2\/\" \/>\n<meta property=\"og:locale\" content=\"en_US\" \/>\n<meta property=\"og:type\" content=\"article\" \/>\n<meta property=\"og:title\" content=\"Dallage naturel Majorque\" \/>\n<meta property=\"og:description\" content=\"Ref : Dallage Ibiza \u00c9l\u00e9gance et lumi\u00e8re s\u2019invitent dans vos int\u00e9rieurs avec le dallage en pierre naturelle Ibiza.Ses tons beiges\/gris doux et chaleureux cr\u00e9ent une ambiance raffin\u00e9e, id\u00e9ale pour sublimer un salon, une cuisine ou une pi\u00e8ce \u00e0 vivre. Pos\u00e9es, ces dalles en calcaire offrent un rendu naturel et intemporel. Et pour une harmonie parfaite dedans-dehors, la gamme Ibiza existe aussi en version ext\u00e9rieure. Caract\u00e9ristiques :     Largeur : libre    \u00c9paisseur : 1,5 cm   Formats compl\u00e9mentaires sur commande :     Largeur libres x \u00c9paisseur 1,5 cm    Largeur libre x \u00c9paisseur 1,5 cm    Largeur libres x \u00c9paisseur 1,5 cm    Opus\" \/>\n<meta property=\"og:url\" content=\"https:\/\/provence-materiaux-anciens.com\/en\/product\/floors\/paving-stone-natural\/paving\/natural-paving-majorca-2\/\" \/>\n<meta property=\"og:site_name\" content=\"Provence Mat\u00e9riaux Anciens\" \/>\n<meta property=\"article:publisher\" content=\"https:\/\/www.facebook.com\/provencemateriauxanciens\" \/>\n<meta property=\"article:modified_time\" content=\"2025-10-07T09:34:29+00:00\" \/>\n<meta property=\"og:image\" content=\"https:\/\/provence-materiaux-anciens.com\/wp-content\/uploads\/2025\/09\/WhatsApp-Image-2025-09-16-a-14.26.01_1e00ce8f.jpg\" \/>\n\t<meta property=\"og:image:width\" content=\"1066\" \/>\n\t<meta property=\"og:image:height\" content=\"1600\" \/>\n\t<meta property=\"og:image:type\" content=\"image\/jpeg\" \/>\n<meta name=\"twitter:card\" content=\"summary_large_image\" \/>\n<meta name=\"twitter:label1\" content=\"Est. reading time\" \/>\n\t<meta name=\"twitter:data1\" content=\"1 minute\" \/>\n<script type=\"application\/ld+json\" class=\"yoast-schema-graph\">{\"@context\":\"https:\/\/schema.org\",\"@graph\":[{\"@type\":\"WebPage\",\"@id\":\"https:\/\/provence-materiaux-anciens.com\/produit\/sols\/dallage-pierre-naturelle\/dallages\/dallage-naturel-majorque-2\/\",\"url\":\"https:\/\/provence-materiaux-anciens.com\/produit\/sols\/dallage-pierre-naturelle\/dallages\/dallage-naturel-majorque-2\/\",\"name\":\"Dallage naturel Majorque - Provence Mat\u00e9riaux Anciens\",\"isPartOf\":{\"@id\":\"https:\/\/provence-materiaux-anciens.com\/#website\"},\"primaryImageOfPage\":{\"@id\":\"https:\/\/provence-materiaux-anciens.com\/produit\/sols\/dallage-pierre-naturelle\/dallages\/dallage-naturel-majorque-2\/#primaryimage\"},\"image\":{\"@id\":\"https:\/\/provence-materiaux-anciens.com\/produit\/sols\/dallage-pierre-naturelle\/dallages\/dallage-naturel-majorque-2\/#primaryimage\"},\"thumbnailUrl\":\"https:\/\/provence-materiaux-anciens.com\/wp-content\/uploads\/2025\/09\/WhatsApp-Image-2025-09-16-a-14.26.01_1e00ce8f.jpg\",\"datePublished\":\"2025-09-24T11:54:51+00:00\",\"dateModified\":\"2025-10-07T09:34:29+00:00\",\"breadcrumb\":{\"@id\":\"https:\/\/provence-materiaux-anciens.com\/produit\/sols\/dallage-pierre-naturelle\/dallages\/dallage-naturel-majorque-2\/#breadcrumb\"},\"inLanguage\":\"en-US\",\"potentialAction\":[{\"@type\":\"ReadAction\",\"target\":[\"https:\/\/provence-materiaux-anciens.com\/produit\/sols\/dallage-pierre-naturelle\/dallages\/dallage-naturel-majorque-2\/\"]}]},{\"@type\":\"ImageObject\",\"inLanguage\":\"en-US\",\"@id\":\"https:\/\/provence-materiaux-anciens.com\/produit\/sols\/dallage-pierre-naturelle\/dallages\/dallage-naturel-majorque-2\/#primaryimage\",\"url\":\"https:\/\/provence-materiaux-anciens.com\/wp-content\/uploads\/2025\/09\/WhatsApp-Image-2025-09-16-a-14.26.01_1e00ce8f.jpg\",\"contentUrl\":\"https:\/\/provence-materiaux-anciens.com\/wp-content\/uploads\/2025\/09\/WhatsApp-Image-2025-09-16-a-14.26.01_1e00ce8f.jpg\",\"width\":1066,\"height\":1600},{\"@type\":\"BreadcrumbList\",\"@id\":\"https:\/\/provence-materiaux-anciens.com\/produit\/sols\/dallage-pierre-naturelle\/dallages\/dallage-naturel-majorque-2\/#breadcrumb\",\"itemListElement\":[{\"@type\":\"ListItem\",\"position\":1,\"name\":\"Accueil\",\"item\":\"https:\/\/provence-materiaux-anciens.com\/fr\/\"},{\"@type\":\"ListItem\",\"position\":2,\"name\":\"Produits\",\"item\":\"https:\/\/provence-materiaux-anciens.com\/produit\/\"},{\"@type\":\"ListItem\",\"position\":3,\"name\":\"Dallage naturel Majorque\"}]},{\"@type\":\"WebSite\",\"@id\":\"https:\/\/provence-materiaux-anciens.com\/#website\",\"url\":\"https:\/\/provence-materiaux-anciens.com\/\",\"name\":\"Provence Mat\u00e9riaux Anciens\",\"description\":\"Achat et vente de mat\u00e9riaux anciens de construction, poutres, tuiles, planchers, charpentes, dallages, terres cuites.\",\"publisher\":{\"@id\":\"https:\/\/provence-materiaux-anciens.com\/#organization\"},\"potentialAction\":[{\"@type\":\"SearchAction\",\"target\":{\"@type\":\"EntryPoint\",\"urlTemplate\":\"https:\/\/provence-materiaux-anciens.com\/?s={search_term_string}\"},\"query-input\":{\"@type\":\"PropertyValueSpecification\",\"valueRequired\":true,\"valueName\":\"search_term_string\"}}],\"inLanguage\":\"en-US\"},{\"@type\":\"Organization\",\"@id\":\"https:\/\/provence-materiaux-anciens.com\/#organization\",\"name\":\"Provence Mat\u00e9riaux Anciens\",\"url\":\"https:\/\/provence-materiaux-anciens.com\/\",\"logo\":{\"@type\":\"ImageObject\",\"inLanguage\":\"en-US\",\"@id\":\"https:\/\/provence-materiaux-anciens.com\/#\/schema\/logo\/image\/\",\"url\":\"https:\/\/provence-materiaux-anciens.com\/wp-content\/uploads\/2022\/03\/cropped-logo-pma-web.png\",\"contentUrl\":\"https:\/\/provence-materiaux-anciens.com\/wp-content\/uploads\/2022\/03\/cropped-logo-pma-web.png\",\"width\":650,\"height\":434,\"caption\":\"Provence Mat\u00e9riaux Anciens\"},\"image\":{\"@id\":\"https:\/\/provence-materiaux-anciens.com\/#\/schema\/logo\/image\/\"},\"sameAs\":[\"https:\/\/www.facebook.com\/provencemateriauxanciens\",\"https:\/\/www.instagram.com\/provencemateriauxanciens\/\",\"https:\/\/www.pinterest.fr\/provencemateriauxanciens\/\"]}]}<\/script>\n<!-- \/ Yoast SEO Premium plugin. -->","yoast_head_json":{"title":"Majorca natural paving - Provence Mat\u00e9riaux Anciens","robots":{"index":"index","follow":"follow","max-snippet":"max-snippet:-1","max-image-preview":"max-image-preview:large","max-video-preview":"max-video-preview:-1"},"canonical":"https:\/\/provence-materiaux-anciens.com\/en\/product\/floors\/paving-stone-natural\/paving\/natural-paving-majorca-2\/","og_locale":"en_US","og_type":"article","og_title":"Dallage naturel Majorque","og_description":"Ref : Dallage Ibiza \u00c9l\u00e9gance et lumi\u00e8re s\u2019invitent dans vos int\u00e9rieurs avec le dallage en pierre naturelle Ibiza.Ses tons beiges\/gris doux et chaleureux cr\u00e9ent une ambiance raffin\u00e9e, id\u00e9ale pour sublimer un salon, une cuisine ou une pi\u00e8ce \u00e0 vivre. Pos\u00e9es, ces dalles en calcaire offrent un rendu naturel et intemporel. Et pour une harmonie parfaite dedans-dehors, la gamme Ibiza existe aussi en version ext\u00e9rieure. Caract\u00e9ristiques :     Largeur : libre    \u00c9paisseur : 1,5 cm   Formats compl\u00e9mentaires sur commande :     Largeur libres x \u00c9paisseur 1,5 cm    Largeur libre x \u00c9paisseur 1,5 cm    Largeur libres x \u00c9paisseur 1,5 cm    Opus","og_url":"https:\/\/provence-materiaux-anciens.com\/en\/product\/floors\/paving-stone-natural\/paving\/natural-paving-majorca-2\/","og_site_name":"Provence Mat\u00e9riaux Anciens","article_publisher":"https:\/\/www.facebook.com\/provencemateriauxanciens","article_modified_time":"2025-10-07T09:34:29+00:00","og_image":[{"width":1066,"height":1600,"url":"https:\/\/provence-materiaux-anciens.com\/wp-content\/uploads\/2025\/09\/WhatsApp-Image-2025-09-16-a-14.26.01_1e00ce8f.jpg","type":"image\/jpeg"}],"twitter_card":"summary_large_image","twitter_misc":{"Est. reading time":"1 minute"},"schema":{"@context":"https:\/\/schema.org","@graph":[{"@type":"WebPage","@id":"https:\/\/provence-materiaux-anciens.com\/produit\/sols\/dallage-pierre-naturelle\/dallages\/dallage-naturel-majorque-2\/","url":"https:\/\/provence-materiaux-anciens.com\/produit\/sols\/dallage-pierre-naturelle\/dallages\/dallage-naturel-majorque-2\/","name":"Majorca natural paving - Provence Mat\u00e9riaux Anciens","isPartOf":{"@id":"https:\/\/provence-materiaux-anciens.com\/#website"},"primaryImageOfPage":{"@id":"https:\/\/provence-materiaux-anciens.com\/produit\/sols\/dallage-pierre-naturelle\/dallages\/dallage-naturel-majorque-2\/#primaryimage"},"image":{"@id":"https:\/\/provence-materiaux-anciens.com\/produit\/sols\/dallage-pierre-naturelle\/dallages\/dallage-naturel-majorque-2\/#primaryimage"},"thumbnailUrl":"https:\/\/provence-materiaux-anciens.com\/wp-content\/uploads\/2025\/09\/WhatsApp-Image-2025-09-16-a-14.26.01_1e00ce8f.jpg","datePublished":"2025-09-24T11:54:51+00:00","dateModified":"2025-10-07T09:34:29+00:00","breadcrumb":{"@id":"https:\/\/provence-materiaux-anciens.com\/produit\/sols\/dallage-pierre-naturelle\/dallages\/dallage-naturel-majorque-2\/#breadcrumb"},"inLanguage":"en-US","potentialAction":[{"@type":"ReadAction","target":["https:\/\/provence-materiaux-anciens.com\/produit\/sols\/dallage-pierre-naturelle\/dallages\/dallage-naturel-majorque-2\/"]}]},{"@type":"ImageObject","inLanguage":"en-US","@id":"https:\/\/provence-materiaux-anciens.com\/produit\/sols\/dallage-pierre-naturelle\/dallages\/dallage-naturel-majorque-2\/#primaryimage","url":"https:\/\/provence-materiaux-anciens.com\/wp-content\/uploads\/2025\/09\/WhatsApp-Image-2025-09-16-a-14.26.01_1e00ce8f.jpg","contentUrl":"https:\/\/provence-materiaux-anciens.com\/wp-content\/uploads\/2025\/09\/WhatsApp-Image-2025-09-16-a-14.26.01_1e00ce8f.jpg","width":1066,"height":1600},{"@type":"BreadcrumbList","@id":"https:\/\/provence-materiaux-anciens.com\/produit\/sols\/dallage-pierre-naturelle\/dallages\/dallage-naturel-majorque-2\/#breadcrumb","itemListElement":[{"@type":"ListItem","position":1,"name":"Accueil","item":"https:\/\/provence-materiaux-anciens.com\/fr\/"},{"@type":"ListItem","position":2,"name":"Produits","item":"https:\/\/provence-materiaux-anciens.com\/produit\/"},{"@type":"ListItem","position":3,"name":"Dallage naturel Majorque"}]},{"@type":"WebSite","@id":"https:\/\/provence-materiaux-anciens.com\/#website","url":"https:\/\/provence-materiaux-anciens.com\/","name":"Provence Mat\u00e9riaux Anciens","description":"Purchase and sale of old building materials, beams, tiles, floors, frameworks, paving, terracotta.","publisher":{"@id":"https:\/\/provence-materiaux-anciens.com\/#organization"},"potentialAction":[{"@type":"SearchAction","target":{"@type":"EntryPoint","urlTemplate":"https:\/\/provence-materiaux-anciens.com\/?s={search_term_string}"},"query-input":{"@type":"PropertyValueSpecification","valueRequired":true,"valueName":"search_term_string"}}],"inLanguage":"en-US"},{"@type":"Organization","@id":"https:\/\/provence-materiaux-anciens.com\/#organization","name":"Provence Mat\u00e9riaux Anciens","url":"https:\/\/provence-materiaux-anciens.com\/","logo":{"@type":"ImageObject","inLanguage":"en-US","@id":"https:\/\/provence-materiaux-anciens.com\/#\/schema\/logo\/image\/","url":"https:\/\/provence-materiaux-anciens.com\/wp-content\/uploads\/2022\/03\/cropped-logo-pma-web.png","contentUrl":"https:\/\/provence-materiaux-anciens.com\/wp-content\/uploads\/2022\/03\/cropped-logo-pma-web.png","width":650,"height":434,"caption":"Provence Mat\u00e9riaux Anciens"},"image":{"@id":"https:\/\/provence-materiaux-anciens.com\/#\/schema\/logo\/image\/"},"sameAs":["https:\/\/www.facebook.com\/provencemateriauxanciens","https:\/\/www.instagram.com\/provencemateriauxanciens\/","https:\/\/www.pinterest.fr\/provencemateriauxanciens\/"]}]}},"_links":{"self":[{"href":"https:\/\/provence-materiaux-anciens.com\/en\/wp-json\/wp\/v2\/product\/6372","targetHints":{"allow":["GET"]}}],"collection":[{"href":"https:\/\/provence-materiaux-anciens.com\/en\/wp-json\/wp\/v2\/product"}],"about":[{"href":"https:\/\/provence-materiaux-anciens.com\/en\/wp-json\/wp\/v2\/types\/product"}],"wp:featuredmedia":[{"embeddable":true,"href":"https:\/\/provence-materiaux-anciens.com\/en\/wp-json\/wp\/v2\/media\/6374"}],"wp:attachment":[{"href":"https:\/\/provence-materiaux-anciens.com\/en\/wp-json\/wp\/v2\/media?parent=6372"}],"wp:term":[{"taxonomy":"product_brand","embeddable":true,"href":"https:\/\/provence-materiaux-anciens.com\/en\/wp-json\/wp\/v2\/product_brand?post=6372"},{"taxonomy":"product_cat","embeddable":true,"href":"https:\/\/provence-materiaux-anciens.com\/en\/wp-json\/wp\/v2\/product_cat?post=6372"},{"taxonomy":"product_tag","embeddable":true,"href":"https:\/\/provence-materiaux-anciens.com\/en\/wp-json\/wp\/v2\/product_tag?post=6372"}],"curies":[{"name":"wp","href":"https:\/\/api.w.org\/{rel}","templated":true}]}}