{"id":199,"date":"2022-11-28T13:26:51","date_gmt":"2022-11-28T13:26:51","guid":{"rendered":"https:\/\/provence-materiaux-anciens.com\/?page_id=199"},"modified":"2024-03-06T08:49:02","modified_gmt":"2024-03-06T08:49:02","slug":"mentions-legales","status":"publish","type":"page","link":"https:\/\/provence-materiaux-anciens.com\/fr\/mentions-legales\/","title":{"rendered":"Mentions l\u00e9gales"},"content":{"rendered":"\t\t<div data-elementor-type=\"wp-page\" data-elementor-id=\"199\" class=\"elementor elementor-199\" data-elementor-post-type=\"page\">\n\t\t\t\t\t\t<section class=\"elementor-section elementor-top-section elementor-element elementor-element-8a8cba3 elementor-section-full_width elementor-section-height-min-height elementor-section-items-stretch elementor-section-stretched elementor-section-height-default\" data-id=\"8a8cba3\" data-element_type=\"section\" data-e-type=\"section\" data-settings=\"{&quot;stretch_section&quot;:&quot;section-stretched&quot;,&quot;background_background&quot;:&quot;classic&quot;}\">\n\t\t\t\t\t\t\t<div class=\"elementor-background-overlay\"><\/div>\n\t\t\t\t\t\t\t<div class=\"elementor-container elementor-column-gap-default\">\n\t\t\t\t\t<div class=\"elementor-column elementor-col-100 elementor-top-column elementor-element elementor-element-2da682c\" data-id=\"2da682c\" data-element_type=\"column\" data-e-type=\"column\">\n\t\t\t<div class=\"elementor-widget-wrap elementor-element-populated\">\n\t\t\t\t\t\t<div class=\"elementor-element elementor-element-a6b6cff elementor-widget elementor-widget-heading\" data-id=\"a6b6cff\" data-element_type=\"widget\" data-e-type=\"widget\" data-widget_type=\"heading.default\">\n\t\t\t\t<div class=\"elementor-widget-container\">\n\t\t\t\t\t<h1 class=\"elementor-heading-title elementor-size-xl\">Mentions l\u00e9gales<\/h1>\t\t\t\t<\/div>\n\t\t\t\t<\/div>\n\t\t\t\t\t<\/div>\n\t\t<\/div>\n\t\t\t\t\t<\/div>\n\t\t<\/section>\n\t\t\t\t<section class=\"elementor-section elementor-top-section elementor-element elementor-element-d9e058d elementor-section-boxed elementor-section-height-default elementor-section-height-default\" data-id=\"d9e058d\" data-element_type=\"section\" data-e-type=\"section\">\n\t\t\t\t\t\t<div class=\"elementor-container elementor-column-gap-default\">\n\t\t\t\t\t<div class=\"elementor-column elementor-col-100 elementor-top-column elementor-element elementor-element-539d3be\" data-id=\"539d3be\" data-element_type=\"column\" data-e-type=\"column\">\n\t\t\t<div class=\"elementor-widget-wrap elementor-element-populated\">\n\t\t\t\t\t\t<div class=\"elementor-element elementor-element-d3d9497 elementor-widget elementor-widget-text-editor\" data-id=\"d3d9497\" data-element_type=\"widget\" data-e-type=\"widget\" data-widget_type=\"text-editor.default\">\n\t\t\t\t<div class=\"elementor-widget-container\">\n\t\t\t\t\t\t\t\t\t<h2>\u00c9diteur<\/h2><p>Provence Mat\u00e9riaux Anciens<br \/>43, Route de Beaucaire<br \/>30300 Comps<\/p><p><span style=\"text-decoration: underline;\">T\u00e9l\u00e9phone<\/span> : <strong>+33 (0)4 66 74 47 65<\/strong><\/p><p><span style=\"text-decoration: underline;\">Mail<\/span> : <strong>contact.pma@orange.fr<\/strong><\/p><h2>Conception et r\u00e9alisation du site<\/h2><p>Fabien Gibert &amp; Ludovic Chappelle<\/p><h2>H\u00e9bergement<\/h2><h3>o2switch<\/h3><p>222-224 Boulevard Gustave Flaubert<br \/>63000 Clermont-Ferrand<br \/>France<\/p><h2>Les engagements<\/h2><p>L\u2019\u00e9dition des informations en ligne ob\u00e9it aux m\u00eames r\u00e8gles l\u00e9gales que l\u2019\u00e9dition traditionnelle. Le lecteur est autoris\u00e9 \u00e0 imprimer tout ou partie du contenu propos\u00e9 sur le site pour son usage strictement personnel. En aucun cas, l\u2019organisateur\u00a0ne sera tenu responsable des dommages directs ou indirects r\u00e9sultant de l\u2019usage de son site web ou d\u2019autres qui lui sont li\u00e9s.<\/p><p>L\u2019utilisateur du site, s\u2019engage pour sa part, \u00e0 respecter les r\u00e8gles de propri\u00e9t\u00e9 intellectuelle des divers contenus propos\u00e9s sur le site, c\u2019est-\u00e0-dire \u00e0 ne pas recopier tout ou partie du site sur un autre site ou un r\u00e9seau interne d\u2019entreprise. L\u2019internaute est seul responsable de l\u2019utilisation qu\u2019il peut faire des informations et donn\u00e9es contenues sur ce site. La violation de ces dispositions imp\u00e9ratives soumet le contrevenant, et toute personne responsable, aux peines p\u00e9nales et civiles pr\u00e9vues par la loi.<\/p><p>Tout acc\u00e8s \u00e0 un espace r\u00e9serv\u00e9 par un utilisateur ne disposant pas des droits n\u00e9cessaires sera consid\u00e9r\u00e9 comme un acc\u00e8s frauduleux au sens des dispositions du Code p\u00e9nal.<\/p><h2>Limitation de responsabilit\u00e9<\/h2><p>Ce site permet le partage de donn\u00e9es par les utilisateurs et l\u2019interpellation de tiers. Il appartient \u00e0 l\u2019internaute de diffuser ces informations avec discernement et esprit critique. La responsabilit\u00e9 de l\u2019organisateur ne saurait \u00eatre engag\u00e9e du fait d\u2019informations, opinions et recommandations formul\u00e9es par des tiers.<\/p><p>Provence Mat\u00e9riaux Anciens d\u00e9cline toute responsabilit\u00e9 quant aux \u00e9ventuels dysfonctionnements pouvant survenir sur le Site et entra\u00eener une perte de donn\u00e9es ou une indisponibilit\u00e9 de l\u2019acc\u00e8s aux informations produites sur celui-ci.<\/p><p>Les \u00e9l\u00e9ments pr\u00e9sent\u00e9s sur le site sont susceptibles de modification sans pr\u00e9avis et sont mis \u00e0 la disposition des internautes, sans aucune garantie d\u2019aucune sorte, expresse ou tacite.<\/p><p>La pr\u00e9sence de liens hypertextes pr\u00e9sents sur le Site ne cr\u00e9e pas une solidarit\u00e9 de responsabilit\u00e9 entre Provence Mat\u00e9riaux Anciens et les propri\u00e9taires des autres sites, quant au contenu des sites sur lesquels est redirig\u00e9 l\u2019internaute. Seule la responsabilit\u00e9 desdits sites peut \u00eatre engag\u00e9e.<\/p><h2>Cr\u00e9dits photos<\/h2><p>Les photos sont prises par les salari\u00e9s de Provence Mat\u00e9riaux Anciens.<\/p>\t\t\t\t\t\t\t\t<\/div>\n\t\t\t\t<\/div>\n\t\t\t\t\t<\/div>\n\t\t<\/div>\n\t\t\t\t\t<\/div>\n\t\t<\/section>\n\t\t\t\t<\/div>\n\t\t","protected":false},"excerpt":{"rendered":"<p>Mentions l\u00e9gales \u00c9diteur Provence Mat\u00e9riaux Anciens 43, Route de Beaucaire 30300 Comps T\u00e9l\u00e9phone : +33 (0)4 66 74 47 65 Mail : contact.pma@orange.fr Conception et r\u00e9alisation du site Fabien Gibert &amp; Ludovic Chappelle H\u00e9bergement o2switch 222-224 Boulevard Gustave Flaubert 63000 Clermont-Ferrand France Les engagements L\u2019\u00e9dition des informations en ligne ob\u00e9it aux m\u00eames r\u00e8gles l\u00e9gales que [&hellip;]<\/p>\n","protected":false},"author":1,"featured_media":0,"parent":0,"menu_order":0,"comment_status":"closed","ping_status":"closed","template":"","meta":{"_monsterinsights_skip_tracking":false,"_monsterinsights_sitenote_active":false,"_monsterinsights_sitenote_note":"","_monsterinsights_sitenote_category":0,"footnotes":""},"class_list":["post-199","page","type-page","status-publish","hentry"],"yoast_head":"<!-- This site is optimized with the Yoast SEO Premium plugin v22.1 (Yoast SEO v24.6) - https:\/\/yoast.com\/wordpress\/plugins\/seo\/ -->\n<title>Mentions l\u00e9gales - Provence Mat\u00e9riaux Anciens<\/title>\n<meta name=\"robots\" content=\"index, follow, max-snippet:-1, max-image-preview:large, max-video-preview:-1\" \/>\n<link rel=\"canonical\" href=\"https:\/\/provence-materiaux-anciens.com\/fr\/mentions-legales\/\" \/>\n<meta property=\"og:locale\" content=\"fr_FR\" \/>\n<meta property=\"og:type\" content=\"article\" \/>\n<meta property=\"og:title\" content=\"Mentions l\u00e9gales\" \/>\n<meta property=\"og:description\" content=\"Mentions l\u00e9gales \u00c9diteur Provence Mat\u00e9riaux Anciens 43, Route de Beaucaire 30300 Comps T\u00e9l\u00e9phone : +33 (0)4 66 74 47 65 Mail : contact.pma@orange.fr Conception et r\u00e9alisation du site Fabien Gibert &amp; Ludovic Chappelle H\u00e9bergement o2switch 222-224 Boulevard Gustave Flaubert 63000 Clermont-Ferrand France Les engagements L\u2019\u00e9dition des informations en ligne ob\u00e9it aux m\u00eames r\u00e8gles l\u00e9gales que [&hellip;]\" \/>\n<meta property=\"og:url\" content=\"https:\/\/provence-materiaux-anciens.com\/fr\/mentions-legales\/\" \/>\n<meta property=\"og:site_name\" content=\"Provence Mat\u00e9riaux Anciens\" \/>\n<meta property=\"article:publisher\" content=\"https:\/\/www.facebook.com\/provencemateriauxanciens\" \/>\n<meta property=\"article:modified_time\" content=\"2024-03-06T08:49:02+00:00\" \/>\n<meta name=\"twitter:card\" content=\"summary_large_image\" \/>\n<meta name=\"twitter:label1\" content=\"Dur\u00e9e de lecture estim\u00e9e\" \/>\n\t<meta name=\"twitter:data1\" content=\"2 minutes\" \/>\n<script type=\"application\/ld+json\" class=\"yoast-schema-graph\">{\"@context\":\"https:\/\/schema.org\",\"@graph\":[{\"@type\":\"WebPage\",\"@id\":\"https:\/\/provence-materiaux-anciens.com\/mentions-legales\/\",\"url\":\"https:\/\/provence-materiaux-anciens.com\/mentions-legales\/\",\"name\":\"Mentions l\u00e9gales - Provence Mat\u00e9riaux Anciens\",\"isPartOf\":{\"@id\":\"https:\/\/provence-materiaux-anciens.com\/#website\"},\"datePublished\":\"2022-11-28T13:26:51+00:00\",\"dateModified\":\"2024-03-06T08:49:02+00:00\",\"breadcrumb\":{\"@id\":\"https:\/\/provence-materiaux-anciens.com\/mentions-legales\/#breadcrumb\"},\"inLanguage\":\"fr-FR\",\"potentialAction\":[{\"@type\":\"ReadAction\",\"target\":[\"https:\/\/provence-materiaux-anciens.com\/mentions-legales\/\"]}]},{\"@type\":\"BreadcrumbList\",\"@id\":\"https:\/\/provence-materiaux-anciens.com\/mentions-legales\/#breadcrumb\",\"itemListElement\":[{\"@type\":\"ListItem\",\"position\":1,\"name\":\"Accueil\",\"item\":\"https:\/\/provence-materiaux-anciens.com\/fr\/\"},{\"@type\":\"ListItem\",\"position\":2,\"name\":\"Mentions l\u00e9gales\"}]},{\"@type\":\"WebSite\",\"@id\":\"https:\/\/provence-materiaux-anciens.com\/#website\",\"url\":\"https:\/\/provence-materiaux-anciens.com\/\",\"name\":\"Provence Mat\u00e9riaux Anciens\",\"description\":\"Achat et vente de mat\u00e9riaux anciens de construction, poutres, tuiles, planchers, charpentes, dallages, terres cuites.\",\"publisher\":{\"@id\":\"https:\/\/provence-materiaux-anciens.com\/#organization\"},\"potentialAction\":[{\"@type\":\"SearchAction\",\"target\":{\"@type\":\"EntryPoint\",\"urlTemplate\":\"https:\/\/provence-materiaux-anciens.com\/?s={search_term_string}\"},\"query-input\":{\"@type\":\"PropertyValueSpecification\",\"valueRequired\":true,\"valueName\":\"search_term_string\"}}],\"inLanguage\":\"fr-FR\"},{\"@type\":\"Organization\",\"@id\":\"https:\/\/provence-materiaux-anciens.com\/#organization\",\"name\":\"Provence Mat\u00e9riaux Anciens\",\"url\":\"https:\/\/provence-materiaux-anciens.com\/\",\"logo\":{\"@type\":\"ImageObject\",\"inLanguage\":\"fr-FR\",\"@id\":\"https:\/\/provence-materiaux-anciens.com\/#\/schema\/logo\/image\/\",\"url\":\"https:\/\/provence-materiaux-anciens.com\/wp-content\/uploads\/2022\/03\/cropped-logo-pma-web.png\",\"contentUrl\":\"https:\/\/provence-materiaux-anciens.com\/wp-content\/uploads\/2022\/03\/cropped-logo-pma-web.png\",\"width\":650,\"height\":434,\"caption\":\"Provence Mat\u00e9riaux Anciens\"},\"image\":{\"@id\":\"https:\/\/provence-materiaux-anciens.com\/#\/schema\/logo\/image\/\"},\"sameAs\":[\"https:\/\/www.facebook.com\/provencemateriauxanciens\",\"https:\/\/www.instagram.com\/provencemateriauxanciens\/\",\"https:\/\/www.pinterest.fr\/provencemateriauxanciens\/\"]}]}<\/script>\n<!-- \/ Yoast SEO Premium plugin. -->","yoast_head_json":{"title":"Mentions l\u00e9gales - Provence Mat\u00e9riaux Anciens","robots":{"index":"index","follow":"follow","max-snippet":"max-snippet:-1","max-image-preview":"max-image-preview:large","max-video-preview":"max-video-preview:-1"},"canonical":"https:\/\/provence-materiaux-anciens.com\/fr\/mentions-legales\/","og_locale":"fr_FR","og_type":"article","og_title":"Mentions l\u00e9gales","og_description":"Mentions l\u00e9gales \u00c9diteur Provence Mat\u00e9riaux Anciens 43, Route de Beaucaire 30300 Comps T\u00e9l\u00e9phone : +33 (0)4 66 74 47 65 Mail : contact.pma@orange.fr Conception et r\u00e9alisation du site Fabien Gibert &amp; Ludovic Chappelle H\u00e9bergement o2switch 222-224 Boulevard Gustave Flaubert 63000 Clermont-Ferrand France Les engagements L\u2019\u00e9dition des informations en ligne ob\u00e9it aux m\u00eames r\u00e8gles l\u00e9gales que [&hellip;]","og_url":"https:\/\/provence-materiaux-anciens.com\/fr\/mentions-legales\/","og_site_name":"Provence Mat\u00e9riaux Anciens","article_publisher":"https:\/\/www.facebook.com\/provencemateriauxanciens","article_modified_time":"2024-03-06T08:49:02+00:00","twitter_card":"summary_large_image","twitter_misc":{"Dur\u00e9e de lecture estim\u00e9e":"2 minutes"},"schema":{"@context":"https:\/\/schema.org","@graph":[{"@type":"WebPage","@id":"https:\/\/provence-materiaux-anciens.com\/mentions-legales\/","url":"https:\/\/provence-materiaux-anciens.com\/mentions-legales\/","name":"Mentions l\u00e9gales - Provence Mat\u00e9riaux Anciens","isPartOf":{"@id":"https:\/\/provence-materiaux-anciens.com\/#website"},"datePublished":"2022-11-28T13:26:51+00:00","dateModified":"2024-03-06T08:49:02+00:00","breadcrumb":{"@id":"https:\/\/provence-materiaux-anciens.com\/mentions-legales\/#breadcrumb"},"inLanguage":"fr-FR","potentialAction":[{"@type":"ReadAction","target":["https:\/\/provence-materiaux-anciens.com\/mentions-legales\/"]}]},{"@type":"BreadcrumbList","@id":"https:\/\/provence-materiaux-anciens.com\/mentions-legales\/#breadcrumb","itemListElement":[{"@type":"ListItem","position":1,"name":"Accueil","item":"https:\/\/provence-materiaux-anciens.com\/fr\/"},{"@type":"ListItem","position":2,"name":"Mentions l\u00e9gales"}]},{"@type":"WebSite","@id":"https:\/\/provence-materiaux-anciens.com\/#website","url":"https:\/\/provence-materiaux-anciens.com\/","name":"Provence Mat\u00e9riaux Anciens","description":"Achat et vente de mat\u00e9riaux anciens de construction, poutres, tuiles, planchers, charpentes, dallages, terres cuites.","publisher":{"@id":"https:\/\/provence-materiaux-anciens.com\/#organization"},"potentialAction":[{"@type":"SearchAction","target":{"@type":"EntryPoint","urlTemplate":"https:\/\/provence-materiaux-anciens.com\/?s={search_term_string}"},"query-input":{"@type":"PropertyValueSpecification","valueRequired":true,"valueName":"search_term_string"}}],"inLanguage":"fr-FR"},{"@type":"Organization","@id":"https:\/\/provence-materiaux-anciens.com\/#organization","name":"Provence Mat\u00e9riaux Anciens","url":"https:\/\/provence-materiaux-anciens.com\/","logo":{"@type":"ImageObject","inLanguage":"fr-FR","@id":"https:\/\/provence-materiaux-anciens.com\/#\/schema\/logo\/image\/","url":"https:\/\/provence-materiaux-anciens.com\/wp-content\/uploads\/2022\/03\/cropped-logo-pma-web.png","contentUrl":"https:\/\/provence-materiaux-anciens.com\/wp-content\/uploads\/2022\/03\/cropped-logo-pma-web.png","width":650,"height":434,"caption":"Provence Mat\u00e9riaux Anciens"},"image":{"@id":"https:\/\/provence-materiaux-anciens.com\/#\/schema\/logo\/image\/"},"sameAs":["https:\/\/www.facebook.com\/provencemateriauxanciens","https:\/\/www.instagram.com\/provencemateriauxanciens\/","https:\/\/www.pinterest.fr\/provencemateriauxanciens\/"]}]}},"_links":{"self":[{"href":"https:\/\/provence-materiaux-anciens.com\/fr\/wp-json\/wp\/v2\/pages\/199","targetHints":{"allow":["GET"]}}],"collection":[{"href":"https:\/\/provence-materiaux-anciens.com\/fr\/wp-json\/wp\/v2\/pages"}],"about":[{"href":"https:\/\/provence-materiaux-anciens.com\/fr\/wp-json\/wp\/v2\/types\/page"}],"author":[{"embeddable":true,"href":"https:\/\/provence-materiaux-anciens.com\/fr\/wp-json\/wp\/v2\/users\/1"}],"replies":[{"embeddable":true,"href":"https:\/\/provence-materiaux-anciens.com\/fr\/wp-json\/wp\/v2\/comments?post=199"}],"version-history":[{"count":24,"href":"https:\/\/provence-materiaux-anciens.com\/fr\/wp-json\/wp\/v2\/pages\/199\/revisions"}],"predecessor-version":[{"id":3543,"href":"https:\/\/provence-materiaux-anciens.com\/fr\/wp-json\/wp\/v2\/pages\/199\/revisions\/3543"}],"wp:attachment":[{"href":"https:\/\/provence-materiaux-anciens.com\/fr\/wp-json\/wp\/v2\/media?parent=199"}],"curies":[{"name":"wp","href":"https:\/\/api.w.org\/{rel}","templated":true}]}}