{"id":208,"date":"2022-11-28T13:32:16","date_gmt":"2022-11-28T13:32:16","guid":{"rendered":"https:\/\/provence-materiaux-anciens.com\/?page_id=208"},"modified":"2026-02-12T11:06:27","modified_gmt":"2026-02-12T11:06:27","slug":"politiques-de-confidentialites","status":"publish","type":"page","link":"https:\/\/provence-materiaux-anciens.com\/fr\/politiques-de-confidentialites\/","title":{"rendered":"Politiques de confidentialit\u00e9s"},"content":{"rendered":"\t\t<div data-elementor-type=\"wp-page\" data-elementor-id=\"208\" class=\"elementor elementor-208\" data-elementor-post-type=\"page\">\n\t\t\t\t\t\t<section class=\"elementor-section elementor-top-section elementor-element elementor-element-e020f74 elementor-section-full_width elementor-section-height-min-height elementor-section-items-stretch elementor-section-stretched elementor-section-height-default\" data-id=\"e020f74\" data-element_type=\"section\" data-e-type=\"section\" data-settings=\"{&quot;stretch_section&quot;:&quot;section-stretched&quot;,&quot;background_background&quot;:&quot;classic&quot;}\">\n\t\t\t\t\t\t\t<div class=\"elementor-background-overlay\"><\/div>\n\t\t\t\t\t\t\t<div class=\"elementor-container elementor-column-gap-default\">\n\t\t\t\t\t<div class=\"elementor-column elementor-col-100 elementor-top-column elementor-element elementor-element-73a4a7f\" data-id=\"73a4a7f\" data-element_type=\"column\" data-e-type=\"column\">\n\t\t\t<div class=\"elementor-widget-wrap elementor-element-populated\">\n\t\t\t\t\t\t<div class=\"elementor-element elementor-element-7efb5d5 elementor-widget elementor-widget-global elementor-global-233 elementor-widget-heading\" data-id=\"7efb5d5\" data-element_type=\"widget\" data-e-type=\"widget\" data-widget_type=\"heading.default\">\n\t\t\t\t<div class=\"elementor-widget-container\">\n\t\t\t\t\t<h1 class=\"elementor-heading-title elementor-size-xl\">Politiques de confidentialit\u00e9s<\/h1>\t\t\t\t<\/div>\n\t\t\t\t<\/div>\n\t\t\t\t\t<\/div>\n\t\t<\/div>\n\t\t\t\t\t<\/div>\n\t\t<\/section>\n\t\t\t\t<section class=\"elementor-section elementor-top-section elementor-element elementor-element-7f96501 elementor-section-boxed elementor-section-height-default elementor-section-height-default\" data-id=\"7f96501\" data-element_type=\"section\" data-e-type=\"section\">\n\t\t\t\t\t\t<div class=\"elementor-container elementor-column-gap-default\">\n\t\t\t\t\t<div class=\"elementor-column elementor-col-100 elementor-top-column elementor-element elementor-element-c36c45e\" data-id=\"c36c45e\" data-element_type=\"column\" data-e-type=\"column\">\n\t\t\t<div class=\"elementor-widget-wrap elementor-element-populated\">\n\t\t\t\t\t\t<div class=\"elementor-element elementor-element-2b36e12 elementor-widget elementor-widget-text-editor\" data-id=\"2b36e12\" data-element_type=\"widget\" data-e-type=\"widget\" data-widget_type=\"text-editor.default\">\n\t\t\t\t<div class=\"elementor-widget-container\">\n\t\t\t\t\t\t\t\t\t<p>Bienvenue sur le site web : <a href=\"https:\/\/provence-materiaux-anciens.com\/\" target=\"_blank\" rel=\"noopener\">https:\/\/provence-materiaux-anciens.com\/<\/a><\/p><p><strong>La responsable de traitement de vos donn\u00e9es personnelles est Julien Chapelle, g\u00e9rant de Provence Mat\u00e9riaux Anciens :\u00a0<\/strong><\/p><p>Adresse postale : 43 Route de Beaucaire \u2013 30300, Comps<\/p><p>Sur provence-materiaux-anciens.com, vous nous transmettez des informations en communiquant avec nous. Les champs obligatoires sont indiqu\u00e9s comme tels dans les formulaires. Nous nous engageons \u00e0 ce que la collecte et le traitement de vos donn\u00e9es soient effectu\u00e9s de mani\u00e8re licite, loyale et transparente, conform\u00e9ment au\u00a0<a href=\"https:\/\/www.cnil.fr\/fr\/reglement-europeen-protection-donnees\">R\u00e8glement europ\u00e9en g\u00e9n\u00e9ral sur la protection des donn\u00e9es<\/a>\u00a0(\u00ab\u00a0RGPD\u00a0\u00bb) et \u00e0 la\u00a0<a href=\"https:\/\/www.cnil.fr\/fr\/loi-78-17-du-6-janvier-1978-modifiee\">Loi informatiques et Libert\u00e9s de 1978 modifi\u00e9e<\/a>\u00a0(\u00ab\u00a0LIL\u00a0\u00bb).<\/p><p>Par la pr\u00e9sente, nous nous efforcerons de r\u00e9pondre en toute transparence aux questions suivantes\u00a0: Quels sont les cookies install\u00e9s sur le site\u00a0? Quelles autres cat\u00e9gories de donn\u00e9es personnelles traitons-nous\u00a0? Dans quels buts\u00a0? Sur quelles bases l\u00e9gales\u00a0? Quels sont vos droits\u00a0? Comment les exercer\u00a0? Pendant combien de temps les donn\u00e9es sont-elles conserv\u00e9es\u00a0? Vous trouverez \u00e9galement nos engagements en mati\u00e8re de sous-traitance, de transferts, de communication \u00e0 des tiers et en cas de faille de s\u00e9curit\u00e9.<\/p><p>Pour toute pr\u00e9cision ou r\u00e9clamation, n\u2019h\u00e9sitez pas \u00e0 nous contacter.<\/p><h2>Utilisation des donn\u00e9es personnelles collect\u00e9es<\/h2><p><strong>Donn\u00e9es et informations requises pour nous laisser un message sur la page Contact<\/strong>. Pour pouvoir nous laisser un message sur la page <a href=\"https:\/\/provence-materiaux-anciens.com\/contacts\/\" target=\"_blank\" rel=\"noopener\">Contact<\/a>, nous demandons de fournir un nom, un pr\u00e9nom, une adresse \u00e9lectronique.<\/p><p>Votre nom \/ pr\u00e9nom, adresse \u00e9lectronique renseign\u00e9s lors d\u2019un envoie de message seront ensuite envoy\u00e9s par mail au g\u00e9rant de Provence Mat\u00e9riaux Anciens.<\/p><p><strong>Cookies<\/strong>. Voir notre <a href=\"https:\/\/provence-materiaux-anciens.com\/cookies\/\" target=\"_blank\" rel=\"noopener\">Politique des cookies<\/a>.<\/p><p><strong>Contenu embarqu\u00e9 depuis d\u2019autres sites.\u00a0<\/strong>Les articles de ce site peuvent inclure des contenus int\u00e9gr\u00e9s (par exemple des vid\u00e9os, images, articles\u2026). Le contenu int\u00e9gr\u00e9 depuis d\u2019autres sites se comporte de la m\u00eame mani\u00e8re que si le visiteur se rendait sur cet autre site.<\/p><p>Ces sites web pourraient collecter des donn\u00e9es sur vous, utiliser des cookies, embarquer des outils de suivis tiers, suivre vos interactions avec ces contenus embarqu\u00e9s si vous disposez d\u2019un compte connect\u00e9 sur leur site web.<\/p><h2>Dans quels buts ces donn\u00e9es sont-elles collect\u00e9es ?<\/h2><p>Les donn\u00e9es d\u2019inscription confi\u00e9es nous permettent d\u2019assurer la gestion des messages laiss\u00e9s sur la page contact.<\/p><h2>Pendant combien de temps vos donn\u00e9es sont-elles conserv\u00e9es ?<\/h2><p>Les donn\u00e9es sont conserv\u00e9es jusqu\u2019\u00e0 ce que\u00a0 le site ne soit plus en ligne.<\/p><p>Nous avons \u00e9galement des obligations de conservation des donn\u00e9es de connexion conform\u00e9ment au\u00a0<a href=\"https:\/\/www.legifrance.gouv.fr\/affichTexte.do?cidTexte=JORFTEXT000023646013&amp;dateTexte=20190111\" target=\"_blank\" rel=\"noopener\">d\u00e9cret n\u00b0 2011-219 du 25 f\u00e9vrier 2011 relatif \u00e0 la conservation et \u00e0 la communication des donn\u00e9es permettant d\u2019identifier toute personne ayant contribu\u00e9 \u00e0 la cr\u00e9ation d\u2019un contenu mis en ligne<\/a>.<\/p><h2>Dur\u00e9es de stockage de vos donn\u00e9es<\/h2><p>Si vous laissez un message, celui-ci et ses m\u00e9tadonn\u00e9es sont conserv\u00e9s ind\u00e9finiment. Cela permet de reconna\u00eetre et approuver automatiquement les messages suivants au lieu de les laisser dans la file de mod\u00e9ration.<\/p><h2>Les droits que vous avez sur vos donn\u00e9es<\/h2><p>Si vous ne souhaitez pas \u00eatre identifiable nous vous recommandons de participer sous un pseudonyme, de ne pas afficher votre visage en photo, ni de fournir des liens vers vos comptes personnels sur les r\u00e9seaux sociaux ou tout \u00e9l\u00e9ment qui permettrait de vous identifier directement ou indirectement.<\/p><p>Dans les limites pr\u00e9vues par la loi, vous pouvez acc\u00e9der et obtenir copie des donn\u00e9es vous concernant, vous opposer au traitement de ces donn\u00e9es, les faire rectifier ou les faire effacer. Vous disposez \u00e9galement d\u2019un droit \u00e0 la limitation du traitement de vos donn\u00e9es.<\/p><p>Les demandes d\u2019exercice de vos droits peuvent \u00eatre adress\u00e9es au responsable de traitement par voie postale (Provence Mat\u00e9riaux Anciens, 43 Route de Beaucaire \u2013 Comps) ou par voie \u00e9lectronique\u00a0<strong>contact.pma@orange.fr<\/strong><\/p><p>Si vous estimez apr\u00e8s nous avoir contact\u00e9 que les droits sur vos donn\u00e9es n\u2019ont pas \u00e9t\u00e9 respect\u00e9s, vous pouvez introduire une r\u00e9clamation aupr\u00e8s de la CNIL.<\/p><p><a href=\"https:\/\/www.cnil.fr\/fr\/les-droits-pour-maitriser-vos-donnees-personnelles\" target=\"_blank\" rel=\"noopener\">Voir le site de la CNIL pour plus d\u2019informations sur vos droits<\/a>.<\/p><p>Vous pouvez demander \u00e0 recevoir un fichier contenant toutes les donn\u00e9es personnelles que nous poss\u00e9dons \u00e0 votre sujet, incluant celles que vous nous avez fournies. Vous pouvez \u00e9galement demander la suppression des donn\u00e9es personnelles vous concernant. Cela ne prend pas en compte les donn\u00e9es stock\u00e9es \u00e0 des fins administratives, l\u00e9gales ou pour des raisons de s\u00e9curit\u00e9.<\/p><h2>Transmission de vos donn\u00e9es personnelles<\/h2><p><strong>Vos donn\u00e9es nominatives sont \u00e0 usage interne, elles sont strictement confidentielles et ne peuvent \u00eatre divulgu\u00e9es \u00e0 des tiers, sauf en cas d\u2019accord expr\u00e8s ou si vous avez d\u00e9cid\u00e9 de les rendre publiques.<\/strong><\/p><p>En cas de communication de vos donn\u00e9es personnelles \u00e0 un tiers, quelle que soit sa qualit\u00e9, nous nous assurerons pr\u00e9alablement que ce dernier est tenu d\u2019appliquer des conditions de confidentialit\u00e9 identiques aux n\u00f4tres.<\/p><p>Nous nous engageons \u00e0 (i) ce que tout sous-traitant, pr\u00e9sente des garanties contractuelles suffisantes et appropri\u00e9es pour respecter vos droits, afin que le traitement r\u00e9ponde aux exigences du RGPD et (ii) \u00e0 respecter les\u00a0<a href=\"https:\/\/www.cnil.fr\/fr\/reglement-europeen-protection-donnees\/chapitre5\" target=\"_blank\" rel=\"noopener\">dispositions<\/a>\u00a0du RGPD applicables aux transferts des donn\u00e9es.<\/p><p>Sur la base de nos obligations l\u00e9gales, vos donn\u00e9es personnelles pourront \u00eatre divulgu\u00e9es en application d\u2019une loi, d\u2019un r\u00e8glement ou en vertu d\u2019une d\u00e9cision d\u2019une autorit\u00e9 r\u00e9glementaire ou judiciaire comp\u00e9tente.<\/p><p>Nous r\u00e9coltons des informations sur les visiteurs qui commentent avec le plugin Akismet. Ces informations r\u00e9colt\u00e9es d\u00e9pendent des r\u00e9glages Akismet effectu\u00e9s par l\u2019utilisateur sur le site, et incluent g\u00e9n\u00e9ralement l\u2019adresse IP des personnes nous ayant contact\u00e9, l\u2019agent utilisateur, le r\u00e9f\u00e9rent et l\u2019URL du site (ainsi que d\u2019autres informations fournies directement comme leur nom, e-mail).<\/p><h2>Indications en cas de violation de donn\u00e9es<\/h2><p>Nous nous engageons \u00e0 mettre en \u0153uvre toutes les mesures techniques et organisationnelles appropri\u00e9es gr\u00e2ce \u00e0 des moyens de s\u00e9curisation physiques et logistiques permettant de garantir un niveau de s\u00e9curit\u00e9 adapt\u00e9 au regard des risques d\u2019acc\u00e8s accidentels, non autoris\u00e9s ou ill\u00e9gaux, de divulgation, d\u2019alt\u00e9ration, de perte ou encore de destruction des donn\u00e9es personnelles vous concernant.<\/p><p>Dans l\u2019\u00e9ventualit\u00e9 o\u00f9 nous prendrions connaissance d\u2019un acc\u00e8s ill\u00e9gal aux donn\u00e9es personnelles vous concernant, stock\u00e9es sur nos serveurs ou ceux de nos prestataires, ou d\u2019un acc\u00e8s non autoris\u00e9 ayant pour cons\u00e9quence la r\u00e9alisation des risques identifi\u00e9s ci-dessus, nous nous engageons \u00e0 :<\/p><ul><li>Vous notifier l\u2019incident dans les plus brefs d\u00e9lais si cela est susceptible d\u2019engendrer un risque \u00e9lev\u00e9 pour vos droits et libert\u00e9s ;<\/li><li>Examiner les causes de l\u2019incident ;<\/li><li>Prendre les mesures n\u00e9cessaires dans la limite du raisonnable afin d\u2019amoindrir les effets n\u00e9gatifs et pr\u00e9judices pouvant r\u00e9sulter dudit incident.<\/li><\/ul><p>En aucun cas les engagements d\u00e9finis au point ci-dessus ne peuvent \u00eatre assimil\u00e9s \u00e0 une quelconque reconnaissance de faute ou de responsabilit\u00e9 quant \u00e0 la survenance de l\u2019incident en question.<\/p><h2>Droit applicable et langue<\/h2><p>La pr\u00e9sente Politique de Confidentialit\u00e9 est r\u00e9gie par le droit fran\u00e7ais. Elle est r\u00e9dig\u00e9e en fran\u00e7ais. Dans le cas o\u00f9 elle serait traduite en une ou plusieurs langues, seul le texte fran\u00e7ais ferait foi en cas de litige. La nullit\u00e9 d\u2019une clause n\u2019entra\u00eene pas la nullit\u00e9 de la Politique de confidentialit\u00e9. L\u2019inapplication temporaire ou permanente d\u2019une ou plusieurs clauses des pr\u00e9sentes ne saurait valoir renonciation de sa part aux autres.<\/p>\t\t\t\t\t\t\t\t<\/div>\n\t\t\t\t<\/div>\n\t\t\t\t\t<\/div>\n\t\t<\/div>\n\t\t\t\t\t<\/div>\n\t\t<\/section>\n\t\t\t\t<\/div>\n\t\t","protected":false},"excerpt":{"rendered":"<p>Politiques de confidentialit\u00e9s Bienvenue sur le site web : https:\/\/provence-materiaux-anciens.com\/ La responsable de traitement de vos donn\u00e9es personnelles est Julien Chapelle, g\u00e9rant de Provence Mat\u00e9riaux Anciens :\u00a0 Adresse postale : 43 Route de Beaucaire \u2013 30300, Comps Sur provence-materiaux-anciens.com, vous nous transmettez des informations en communiquant avec nous. Les champs obligatoires sont indiqu\u00e9s comme tels [&hellip;]<\/p>\n","protected":false},"author":1,"featured_media":0,"parent":0,"menu_order":0,"comment_status":"closed","ping_status":"closed","template":"","meta":{"_monsterinsights_skip_tracking":false,"_monsterinsights_sitenote_active":false,"_monsterinsights_sitenote_note":"","_monsterinsights_sitenote_category":0,"footnotes":""},"class_list":["post-208","page","type-page","status-publish","hentry"],"yoast_head":"<!-- This site is optimized with the Yoast SEO Premium plugin v22.1 (Yoast SEO v24.6) - https:\/\/yoast.com\/wordpress\/plugins\/seo\/ -->\n<title>Politiques de confidentialit\u00e9s - Provence Mat\u00e9riaux Anciens<\/title>\n<meta name=\"robots\" content=\"index, follow, max-snippet:-1, max-image-preview:large, max-video-preview:-1\" \/>\n<link rel=\"canonical\" href=\"https:\/\/provence-materiaux-anciens.com\/fr\/politiques-de-confidentialites\/\" \/>\n<meta property=\"og:locale\" content=\"fr_FR\" \/>\n<meta property=\"og:type\" content=\"article\" \/>\n<meta property=\"og:title\" content=\"Politiques de confidentialit\u00e9s\" \/>\n<meta property=\"og:description\" content=\"Politiques de confidentialit\u00e9s Bienvenue sur le site web : https:\/\/provence-materiaux-anciens.com\/ La responsable de traitement de vos donn\u00e9es personnelles est Julien Chapelle, g\u00e9rant de Provence Mat\u00e9riaux Anciens :\u00a0 Adresse postale : 43 Route de Beaucaire \u2013 30300, Comps Sur provence-materiaux-anciens.com, vous nous transmettez des informations en communiquant avec nous. Les champs obligatoires sont indiqu\u00e9s comme tels [&hellip;]\" \/>\n<meta property=\"og:url\" content=\"https:\/\/provence-materiaux-anciens.com\/fr\/politiques-de-confidentialites\/\" \/>\n<meta property=\"og:site_name\" content=\"Provence Mat\u00e9riaux Anciens\" \/>\n<meta property=\"article:publisher\" content=\"https:\/\/www.facebook.com\/provencemateriauxanciens\" \/>\n<meta property=\"article:modified_time\" content=\"2026-02-12T11:06:27+00:00\" \/>\n<meta name=\"twitter:card\" content=\"summary_large_image\" \/>\n<meta name=\"twitter:label1\" content=\"Dur\u00e9e de lecture estim\u00e9e\" \/>\n\t<meta name=\"twitter:data1\" content=\"6 minutes\" \/>\n<script type=\"application\/ld+json\" class=\"yoast-schema-graph\">{\"@context\":\"https:\/\/schema.org\",\"@graph\":[{\"@type\":\"WebPage\",\"@id\":\"https:\/\/provence-materiaux-anciens.com\/fr\/politiques-de-confidentialites\/\",\"url\":\"https:\/\/provence-materiaux-anciens.com\/fr\/politiques-de-confidentialites\/\",\"name\":\"Politiques de confidentialit\u00e9s - Provence Mat\u00e9riaux Anciens\",\"isPartOf\":{\"@id\":\"https:\/\/provence-materiaux-anciens.com\/#website\"},\"datePublished\":\"2022-11-28T13:32:16+00:00\",\"dateModified\":\"2026-02-12T11:06:27+00:00\",\"breadcrumb\":{\"@id\":\"https:\/\/provence-materiaux-anciens.com\/fr\/politiques-de-confidentialites\/#breadcrumb\"},\"inLanguage\":\"fr-FR\",\"potentialAction\":[{\"@type\":\"ReadAction\",\"target\":[\"https:\/\/provence-materiaux-anciens.com\/fr\/politiques-de-confidentialites\/\"]}]},{\"@type\":\"BreadcrumbList\",\"@id\":\"https:\/\/provence-materiaux-anciens.com\/fr\/politiques-de-confidentialites\/#breadcrumb\",\"itemListElement\":[{\"@type\":\"ListItem\",\"position\":1,\"name\":\"Accueil\",\"item\":\"https:\/\/provence-materiaux-anciens.com\/fr\/\"},{\"@type\":\"ListItem\",\"position\":2,\"name\":\"Politiques de confidentialit\u00e9s\"}]},{\"@type\":\"WebSite\",\"@id\":\"https:\/\/provence-materiaux-anciens.com\/#website\",\"url\":\"https:\/\/provence-materiaux-anciens.com\/\",\"name\":\"Provence Mat\u00e9riaux Anciens\",\"description\":\"Achat et vente de mat\u00e9riaux anciens de construction, poutres, tuiles, planchers, charpentes, dallages, terres cuites.\",\"publisher\":{\"@id\":\"https:\/\/provence-materiaux-anciens.com\/#organization\"},\"potentialAction\":[{\"@type\":\"SearchAction\",\"target\":{\"@type\":\"EntryPoint\",\"urlTemplate\":\"https:\/\/provence-materiaux-anciens.com\/?s={search_term_string}\"},\"query-input\":{\"@type\":\"PropertyValueSpecification\",\"valueRequired\":true,\"valueName\":\"search_term_string\"}}],\"inLanguage\":\"fr-FR\"},{\"@type\":\"Organization\",\"@id\":\"https:\/\/provence-materiaux-anciens.com\/#organization\",\"name\":\"Provence Mat\u00e9riaux Anciens\",\"url\":\"https:\/\/provence-materiaux-anciens.com\/\",\"logo\":{\"@type\":\"ImageObject\",\"inLanguage\":\"fr-FR\",\"@id\":\"https:\/\/provence-materiaux-anciens.com\/#\/schema\/logo\/image\/\",\"url\":\"https:\/\/provence-materiaux-anciens.com\/wp-content\/uploads\/2022\/03\/cropped-logo-pma-web.png\",\"contentUrl\":\"https:\/\/provence-materiaux-anciens.com\/wp-content\/uploads\/2022\/03\/cropped-logo-pma-web.png\",\"width\":650,\"height\":434,\"caption\":\"Provence Mat\u00e9riaux Anciens\"},\"image\":{\"@id\":\"https:\/\/provence-materiaux-anciens.com\/#\/schema\/logo\/image\/\"},\"sameAs\":[\"https:\/\/www.facebook.com\/provencemateriauxanciens\",\"https:\/\/www.instagram.com\/provencemateriauxanciens\/\",\"https:\/\/www.pinterest.fr\/provencemateriauxanciens\/\"]}]}<\/script>\n<!-- \/ Yoast SEO Premium plugin. -->","yoast_head_json":{"title":"Politiques de confidentialit\u00e9s - Provence Mat\u00e9riaux Anciens","robots":{"index":"index","follow":"follow","max-snippet":"max-snippet:-1","max-image-preview":"max-image-preview:large","max-video-preview":"max-video-preview:-1"},"canonical":"https:\/\/provence-materiaux-anciens.com\/fr\/politiques-de-confidentialites\/","og_locale":"fr_FR","og_type":"article","og_title":"Politiques de confidentialit\u00e9s","og_description":"Politiques de confidentialit\u00e9s Bienvenue sur le site web : https:\/\/provence-materiaux-anciens.com\/ La responsable de traitement de vos donn\u00e9es personnelles est Julien Chapelle, g\u00e9rant de Provence Mat\u00e9riaux Anciens :\u00a0 Adresse postale : 43 Route de Beaucaire \u2013 30300, Comps Sur provence-materiaux-anciens.com, vous nous transmettez des informations en communiquant avec nous. Les champs obligatoires sont indiqu\u00e9s comme tels [&hellip;]","og_url":"https:\/\/provence-materiaux-anciens.com\/fr\/politiques-de-confidentialites\/","og_site_name":"Provence Mat\u00e9riaux Anciens","article_publisher":"https:\/\/www.facebook.com\/provencemateriauxanciens","article_modified_time":"2026-02-12T11:06:27+00:00","twitter_card":"summary_large_image","twitter_misc":{"Dur\u00e9e de lecture estim\u00e9e":"6 minutes"},"schema":{"@context":"https:\/\/schema.org","@graph":[{"@type":"WebPage","@id":"https:\/\/provence-materiaux-anciens.com\/fr\/politiques-de-confidentialites\/","url":"https:\/\/provence-materiaux-anciens.com\/fr\/politiques-de-confidentialites\/","name":"Politiques de confidentialit\u00e9s - Provence Mat\u00e9riaux Anciens","isPartOf":{"@id":"https:\/\/provence-materiaux-anciens.com\/#website"},"datePublished":"2022-11-28T13:32:16+00:00","dateModified":"2026-02-12T11:06:27+00:00","breadcrumb":{"@id":"https:\/\/provence-materiaux-anciens.com\/fr\/politiques-de-confidentialites\/#breadcrumb"},"inLanguage":"fr-FR","potentialAction":[{"@type":"ReadAction","target":["https:\/\/provence-materiaux-anciens.com\/fr\/politiques-de-confidentialites\/"]}]},{"@type":"BreadcrumbList","@id":"https:\/\/provence-materiaux-anciens.com\/fr\/politiques-de-confidentialites\/#breadcrumb","itemListElement":[{"@type":"ListItem","position":1,"name":"Accueil","item":"https:\/\/provence-materiaux-anciens.com\/fr\/"},{"@type":"ListItem","position":2,"name":"Politiques de confidentialit\u00e9s"}]},{"@type":"WebSite","@id":"https:\/\/provence-materiaux-anciens.com\/#website","url":"https:\/\/provence-materiaux-anciens.com\/","name":"Provence Mat\u00e9riaux Anciens","description":"Achat et vente de mat\u00e9riaux anciens de construction, poutres, tuiles, planchers, charpentes, dallages, terres cuites.","publisher":{"@id":"https:\/\/provence-materiaux-anciens.com\/#organization"},"potentialAction":[{"@type":"SearchAction","target":{"@type":"EntryPoint","urlTemplate":"https:\/\/provence-materiaux-anciens.com\/?s={search_term_string}"},"query-input":{"@type":"PropertyValueSpecification","valueRequired":true,"valueName":"search_term_string"}}],"inLanguage":"fr-FR"},{"@type":"Organization","@id":"https:\/\/provence-materiaux-anciens.com\/#organization","name":"Provence Mat\u00e9riaux Anciens","url":"https:\/\/provence-materiaux-anciens.com\/","logo":{"@type":"ImageObject","inLanguage":"fr-FR","@id":"https:\/\/provence-materiaux-anciens.com\/#\/schema\/logo\/image\/","url":"https:\/\/provence-materiaux-anciens.com\/wp-content\/uploads\/2022\/03\/cropped-logo-pma-web.png","contentUrl":"https:\/\/provence-materiaux-anciens.com\/wp-content\/uploads\/2022\/03\/cropped-logo-pma-web.png","width":650,"height":434,"caption":"Provence Mat\u00e9riaux Anciens"},"image":{"@id":"https:\/\/provence-materiaux-anciens.com\/#\/schema\/logo\/image\/"},"sameAs":["https:\/\/www.facebook.com\/provencemateriauxanciens","https:\/\/www.instagram.com\/provencemateriauxanciens\/","https:\/\/www.pinterest.fr\/provencemateriauxanciens\/"]}]}},"_links":{"self":[{"href":"https:\/\/provence-materiaux-anciens.com\/fr\/wp-json\/wp\/v2\/pages\/208","targetHints":{"allow":["GET"]}}],"collection":[{"href":"https:\/\/provence-materiaux-anciens.com\/fr\/wp-json\/wp\/v2\/pages"}],"about":[{"href":"https:\/\/provence-materiaux-anciens.com\/fr\/wp-json\/wp\/v2\/types\/page"}],"author":[{"embeddable":true,"href":"https:\/\/provence-materiaux-anciens.com\/fr\/wp-json\/wp\/v2\/users\/1"}],"replies":[{"embeddable":true,"href":"https:\/\/provence-materiaux-anciens.com\/fr\/wp-json\/wp\/v2\/comments?post=208"}],"version-history":[{"count":20,"href":"https:\/\/provence-materiaux-anciens.com\/fr\/wp-json\/wp\/v2\/pages\/208\/revisions"}],"predecessor-version":[{"id":7250,"href":"https:\/\/provence-materiaux-anciens.com\/fr\/wp-json\/wp\/v2\/pages\/208\/revisions\/7250"}],"wp:attachment":[{"href":"https:\/\/provence-materiaux-anciens.com\/fr\/wp-json\/wp\/v2\/media?parent=208"}],"curies":[{"name":"wp","href":"https:\/\/api.w.org\/{rel}","templated":true}]}}