{"id":1057,"date":"2022-12-02T18:51:36","date_gmt":"2022-12-02T18:51:36","guid":{"rendered":"https:\/\/provence-materiaux-anciens.com\/?post_type=product&#038;p=1057"},"modified":"2024-11-05T16:04:21","modified_gmt":"2024-11-05T16:04:21","slug":"parefeuille-ancien","status":"publish","type":"product","link":"https:\/\/provence-materiaux-anciens.com\/fr\/produit\/sols\/terre-cuite-ancienne\/parefeuille-ancien\/parefeuille-ancien\/","title":{"rendered":"Parefeuille ancien"},"content":{"rendered":"<p><span style=\"font-weight: 400;\">Redonnez vie \u00e0 votre d\u00e9coration int\u00e9rieure et ext\u00e9rieure avec notre Parefeuille ancien !<\/span><\/p>\n<h3><b>Parefeuille ancien : quand la beaut\u00e9 et le charme se rencontrent !<\/b><\/h3>\n<p><span style=\"font-weight: 400;\">Pour vous qui avez un projet de construction ou de r\u00e9novation, le Parefeuille ancien saura vous donner le r\u00e9sultat escompt\u00e9 \u00e0 tous les niveaux. Premi\u00e8rement, <\/span><b>ce sont des tomettes anciennes tr\u00e8s jolies avec une couleur nuanc\u00e9e de rose et de jaune<\/b><span style=\"font-weight: 400;\">. Ces couleurs<\/span><span style=\"font-weight: 400;\">\u00a0apporteront beaucoup de charme \u00e0 votre cadre de vie. Vous pouvez choisir de les poser dans votre salle de s\u00e9jour, dans votre chambre \u00e0 coucher, dans la cuisine<\/span><span style=\"font-weight: 400;\">. Le parefeuille d&rsquo;adapte \u00e0 toutes les pi\u00e8ces, que ce soit en int\u00e9rieur ou en ext\u00e9rieur<\/span><span style=\"font-weight: 400;\">.\u00a0<\/span><\/p>\n<p><span style=\"font-weight: 400;\">Utilis\u00e9 comme rev\u00eatement de sol ou comme rev\u00eatement mural, notre Parefeuille ancien sera \u00e0 la dimension de vos attentes. Choisissez d\u2019embellir votre maison en sortant de l\u2019ordinaire et en optant pour des carreaux \u00e0 base de terre cuite ancienne.\u00a0<\/span><\/p>\n<h3><b>Qu\u2019est-ce qu\u2019un parefeuille ancien et quelle est son origine ?<\/b><\/h3>\n<p><span style=\"font-weight: 400;\">Le parefeuille ancien est un carreau en terre cuite fa\u00e7onn\u00e9 \u00e0 la main, utilis\u00e9 historiquement comme \u00e9l\u00e9ment de toiture dans les b\u00e2timents traditionnels. Originaire du d\u00e9partement du Gard, dans le sud de la France, <\/span><b>le parefeuille se distingue par ses teintes nuanc\u00e9es, allant du ros\u00e9 au jaune<\/b><span style=\"font-weight: 400;\">, ce qui lui donne un charme authentique et chaleureux.<\/span><\/p>\n<h4><b>Comment sont fabriqu\u00e9s les parefeuilles ?<\/b><\/h4>\n<p><span style=\"font-weight: 400;\">Les vieux parefeuilles \u00e9taient produits artisanalement, avec un savoir-faire transmis de g\u00e9n\u00e9ration en g\u00e9n\u00e9ration. Fabriqu\u00e9s en argile, ils \u00e9taient fa\u00e7onn\u00e9s dans des moules en bois avant de s\u00e9cher \u00e0 l\u2019air libre. Une fois secs, ils \u00e9taient cuits dans des fours \u00e0 bois, ce qui leur conf\u00e9rait leur solidit\u00e9 et leurs nuances de couleur caract\u00e9ristiques. <\/span><b>Ce processus de fabrication artisanal et naturel rend chaque parefeuille unique, tout en assurant sa durabilit\u00e9 et sa qualit\u00e9 exceptionnelle.<\/b><\/p>\n<h3><b>Pourquoi choisir des parefeuilles anciens pour vos am\u00e9nagements ?<\/b><\/h3>\n<p><span style=\"font-weight: 400;\">Les parefeuilles anciens ajoutent une note de caract\u00e8re et d\u2019authenticit\u00e9 aux int\u00e9rieurs et ext\u00e9rieurs, qu\u2019il s\u2019agisse de restaurer une maison ou d\u2019ajouter une touche vintage \u00e0 un espace contemporain. Gr\u00e2ce \u00e0 leur texture et leurs tons chauds, ils cr\u00e9ent une atmosph\u00e8re accueillante et conviviale, en s\u2019adaptant facilement \u00e0 divers styles de d\u00e9coration. De plus, <\/span><b>leur solidit\u00e9 et leur r\u00e9sistance aux intemp\u00e9ries permettent une utilisation \u00e0 long terme dans les zones de passage, que ce soit en int\u00e9rieur ou en ext\u00e9rieur.<\/b><\/p>\n<h4><b>Dans quels espaces peut-on utiliser les parefeuilles anciens ?<\/b><\/h4>\n<p><span style=\"font-weight: 400;\">Les parefeuilles anciens sont tr\u00e8s polyvalents et peuvent \u00eatre install\u00e9s aussi bien en int\u00e9rieur qu\u2019en ext\u00e9rieur. En int\u00e9rieur, ils s\u2019int\u00e8grent parfaitement dans les cuisines, salons, chambres, ajoutant du cachet aux sols et murs. \u00c0 l\u2019ext\u00e9rieur, ils sont id\u00e9aux pour les terrasses, patios, ou comme rev\u00eatement pour les abris de jardin. Leur r\u00e9sistance naturelle aux \u00e9l\u00e9ments en fait un choix de qualit\u00e9 pour des am\u00e9nagements qui perdurent.<\/span><\/p>\n<h3><b>Comment se pose le <\/b><b>parefeuille ancien <\/b><b>?<\/b><\/h3>\n<p><span style=\"font-weight: 400;\">La pose de ces tomettes est relativement facile, et peut se faire par des bricoleurs passionn\u00e9s. Les carreaux ont une forme rectangulaire avec une longueur comprise entre 34 et 37 cm, et une largeur comprise entre 20 et 23 cm. De pr\u00e9f\u00e9rence, commencez la pose \u00e0 partir du centre de la pi\u00e8ce avant de poursuivre. <\/span><span style=\"font-weight: 400;\">A<\/span><span style=\"font-weight: 400;\">ssurez-vous simplement que le sol soit suffisamment pr\u00e9par\u00e9 avant la pose. Id\u00e9alement, la temp\u00e9rature ambiante doit \u00eatre comprise entre 10 et 25\u00b0C. Faites appel \u00e0 votre cr\u00e9ativit\u00e9 car il est possible de les poser de diff\u00e9rentes fa\u00e7ons pour b\u00e9n\u00e9ficier de designs diff\u00e9rents.<\/span><\/p>\n<h3><b>Une solidit\u00e9 \u00e0 toutes \u00e9preuves !<\/b><\/h3>\n<p><span style=\"font-weight: 400;\">Le probl\u00e8me de fissures et cassures, fr\u00e9quent avec les carreaux modernes, sera d\u00e9sormais derri\u00e8re vous. Ces tomettes fabriqu\u00e9es \u00e0 partir de terres cuites anciennes sont tr\u00e8s r\u00e9sistantes aux chocs. C\u2019est ainsi qu\u2019elles dureront des d\u00e9cennies enti\u00e8res sans \u00eatre impact\u00e9es. G\u00e9n\u00e9ration apr\u00e8s g\u00e9n\u00e9ration, votre maison gardera tout son charme.<\/span><\/p>\n<h3><b>Pourquoi opter pour des parefeuilles en terre cuite de Provence Mat\u00e9riaux Anciens ?<\/b><\/h3>\n<p><span style=\"font-weight: 400;\">Chez Provence Mat\u00e9riaux Anciens, nous disposons d\u2019un vaste stock de parefeuilles anciens, soigneusement s\u00e9lectionn\u00e9s pour leur qualit\u00e9 et leur authenticit\u00e9. Nos parefeuilles proviennent exclusivement de sources locales, assurant un mat\u00e9riau \u00e0 la fois durable et en harmonie avec les traditions architecturales r\u00e9gionales. <\/span><b>En choisissant nos parefeuilles, vous b\u00e9n\u00e9ficiez d\u2019une expertise et d\u2019un accompagnement personnalis\u00e9 pour cr\u00e9er un projet unique et empreint de charme.<\/b><\/p>\n<p><span style=\"font-weight: 400;\"><a href=\"https:\/\/provence-materiaux-anciens.com\/fr\/contact\/\">Contactez-nous<\/a> pour commander notre <\/span><b>Parefeuille<\/b> ! D\u00e9couvrez aussi toute notre s\u00e9lection de <a href=\"https:\/\/provence-materiaux-anciens.com\/fr\/categorie-produit\/sols\/terre-cuite-ancienne\/parefeuille-ancien\/\">parefeuille ancien<\/a>.<\/p>\n","protected":false},"excerpt":{"rendered":"<h2><span style=\"font-size: 14pt;\">Ref: Parefeuille ancien (N\u00eemes Car003)<\/span><\/h2>\n<ul>\n<li><strong>Mat\u00e9riaux<\/strong> : Terre cuite ancienne<\/li>\n<li><strong>Longueur<\/strong> : 34 &#8211; 37 cm<\/li>\n<li><b>Largeur <\/b>: 20 &#8211; 23 cm<\/li>\n<li><strong>\u00c9paisseur<\/strong> : 2.5 \u00e0 3 cm<\/li>\n<li><b>Disponibilit\u00e9<\/b> : Constante<\/li>\n<\/ul>\n<p>&nbsp;<\/p>\n<p>Parefeuille ancien disponible en grande quantit\u00e9. Nos vieux parefeuilles de teinte panach\u00e9e ros\u00e9e \u00e0 jaune, fa\u00e7onn\u00e9s \u00e0 la main sont originaires du d\u00e9partement du Gard. Les parefeuilles anciens \u00e9taient utilis\u00e9s comme volige et les tuiles \u00e9taient b\u00e2ties dessus. Les vieux parefeuilles \u00e9taient<span class=\"font15Normal\"> fabriqu\u00e9s <\/span><span class=\"font15Normal\">en terre cuite<\/span><span class=\"font15Normal\"> de fa\u00e7on artisanale, avec de l&rsquo;argile et fa\u00e7onn\u00e9s dans des moules en bois. Apr\u00e8s avoir s\u00e9ch\u00e9 \u00e0 l&rsquo;air libre, ils \u00e9taient cuits dans des fours \u00e0 bois. Les terres cuites anciennes sont reconnues pour leurs grandes qualit\u00e9s. <\/span>Le parefeuille ancien se pose aussi bien \u00e0 l&rsquo;int\u00e9rieur qu&rsquo;\u00e0 l&rsquo;ext\u00e9rieur de vos maisons.<\/p>\n<p>Pour des vieux parefeuilles dans des teintes plus claires, nous vous proposons des <a href=\"https:\/\/provence-materiaux-anciens.com\/produit\/sols\/terre-cuite-ancienne\/parefeuille-ancien\/vieux-parefeuille\/\">parefeuilles anciens Mireval.<\/a><\/p>\n<p>Nous vous recommandons de traiter les parefeuilles de N\u00eemes avec notre produit <a href=\"https:\/\/provence-materiaux-anciens.com\/produit\/sols\/traitement-des-sols\/provence-natural-floor\/\">Provence Natural Floor.<\/a><\/p>\n","protected":false},"featured_media":5033,"template":"","meta":{"_monsterinsights_skip_tracking":false,"_monsterinsights_sitenote_active":false,"_monsterinsights_sitenote_note":"","_monsterinsights_sitenote_category":0},"product_brand":[],"product_cat":[34,32,33],"product_tag":[148,146],"class_list":{"0":"post-1057","1":"product","2":"type-product","3":"status-publish","4":"has-post-thumbnail","6":"product_cat-parefeuille-ancien","7":"product_cat-sols","8":"product_cat-terre-cuite-ancienne","9":"product_tag-ancien","10":"product_tag-parefeuille","12":"first","13":"instock","14":"shipping-taxable","15":"product-type-simple"},"yoast_head":"<!-- This site is optimized with the Yoast SEO Premium plugin v22.1 (Yoast SEO v24.6) - https:\/\/yoast.com\/wordpress\/plugins\/seo\/ -->\n<title>Parefeuille ancien - Provence Mat\u00e9riaux Anciens<\/title>\n<meta name=\"description\" content=\"D\u00e9couvrez le parefeuille, un carrelage de qualit\u00e9, connu pour sa solidit\u00e9 et sa r\u00e9sistance, pour son charme de l&#039;ancien avec ses nuances du rose au jaune\" \/>\n<meta name=\"robots\" content=\"index, follow, max-snippet:-1, max-image-preview:large, max-video-preview:-1\" \/>\n<link rel=\"canonical\" href=\"https:\/\/provence-materiaux-anciens.com\/fr\/produit\/sols\/terre-cuite-ancienne\/parefeuille-ancien\/parefeuille-ancien\/\" \/>\n<meta property=\"og:locale\" content=\"fr_FR\" \/>\n<meta property=\"og:type\" content=\"article\" \/>\n<meta property=\"og:title\" content=\"Parefeuille ancien\" \/>\n<meta property=\"og:description\" content=\"D\u00e9couvrez le parefeuille, un carrelage de qualit\u00e9, connu pour sa solidit\u00e9 et sa r\u00e9sistance, pour son charme de l&#039;ancien avec ses nuances du rose au jaune\" \/>\n<meta property=\"og:url\" content=\"https:\/\/provence-materiaux-anciens.com\/fr\/produit\/sols\/terre-cuite-ancienne\/parefeuille-ancien\/parefeuille-ancien\/\" \/>\n<meta property=\"og:site_name\" content=\"Provence Mat\u00e9riaux Anciens\" \/>\n<meta property=\"article:publisher\" content=\"https:\/\/www.facebook.com\/provencemateriauxanciens\" \/>\n<meta property=\"article:modified_time\" content=\"2024-11-05T16:04:21+00:00\" \/>\n<meta property=\"og:image\" content=\"https:\/\/provence-materiaux-anciens.com\/wp-content\/uploads\/2022\/12\/20231207_114258-scaled.jpg\" \/>\n\t<meta property=\"og:image:width\" content=\"1920\" \/>\n\t<meta property=\"og:image:height\" content=\"2560\" \/>\n\t<meta property=\"og:image:type\" content=\"image\/jpeg\" \/>\n<meta name=\"twitter:card\" content=\"summary_large_image\" \/>\n<meta name=\"twitter:label1\" content=\"Dur\u00e9e de lecture estim\u00e9e\" \/>\n\t<meta name=\"twitter:data1\" content=\"4 minutes\" \/>\n<script type=\"application\/ld+json\" class=\"yoast-schema-graph\">{\"@context\":\"https:\/\/schema.org\",\"@graph\":[{\"@type\":\"WebPage\",\"@id\":\"https:\/\/provence-materiaux-anciens.com\/produit\/sols\/terre-cuite-ancienne\/parefeuille-ancien\/parefeuille-ancien\/\",\"url\":\"https:\/\/provence-materiaux-anciens.com\/produit\/sols\/terre-cuite-ancienne\/parefeuille-ancien\/parefeuille-ancien\/\",\"name\":\"Parefeuille ancien - Provence Mat\u00e9riaux Anciens\",\"isPartOf\":{\"@id\":\"https:\/\/provence-materiaux-anciens.com\/#website\"},\"primaryImageOfPage\":{\"@id\":\"https:\/\/provence-materiaux-anciens.com\/produit\/sols\/terre-cuite-ancienne\/parefeuille-ancien\/parefeuille-ancien\/#primaryimage\"},\"image\":{\"@id\":\"https:\/\/provence-materiaux-anciens.com\/produit\/sols\/terre-cuite-ancienne\/parefeuille-ancien\/parefeuille-ancien\/#primaryimage\"},\"thumbnailUrl\":\"https:\/\/provence-materiaux-anciens.com\/wp-content\/uploads\/2022\/12\/20231207_114258-scaled.jpg\",\"datePublished\":\"2022-12-02T18:51:36+00:00\",\"dateModified\":\"2024-11-05T16:04:21+00:00\",\"description\":\"D\u00e9couvrez le parefeuille, un carrelage de qualit\u00e9, connu pour sa solidit\u00e9 et sa r\u00e9sistance, pour son charme de l'ancien avec ses nuances du rose au jaune\",\"breadcrumb\":{\"@id\":\"https:\/\/provence-materiaux-anciens.com\/produit\/sols\/terre-cuite-ancienne\/parefeuille-ancien\/parefeuille-ancien\/#breadcrumb\"},\"inLanguage\":\"fr-FR\",\"potentialAction\":[{\"@type\":\"ReadAction\",\"target\":[\"https:\/\/provence-materiaux-anciens.com\/produit\/sols\/terre-cuite-ancienne\/parefeuille-ancien\/parefeuille-ancien\/\"]}]},{\"@type\":\"ImageObject\",\"inLanguage\":\"fr-FR\",\"@id\":\"https:\/\/provence-materiaux-anciens.com\/produit\/sols\/terre-cuite-ancienne\/parefeuille-ancien\/parefeuille-ancien\/#primaryimage\",\"url\":\"https:\/\/provence-materiaux-anciens.com\/wp-content\/uploads\/2022\/12\/20231207_114258-scaled.jpg\",\"contentUrl\":\"https:\/\/provence-materiaux-anciens.com\/wp-content\/uploads\/2022\/12\/20231207_114258-scaled.jpg\",\"width\":1920,\"height\":2560,\"caption\":\"Parefeuille ancien dans une cuisine\"},{\"@type\":\"BreadcrumbList\",\"@id\":\"https:\/\/provence-materiaux-anciens.com\/produit\/sols\/terre-cuite-ancienne\/parefeuille-ancien\/parefeuille-ancien\/#breadcrumb\",\"itemListElement\":[{\"@type\":\"ListItem\",\"position\":1,\"name\":\"Accueil\",\"item\":\"https:\/\/provence-materiaux-anciens.com\/fr\/\"},{\"@type\":\"ListItem\",\"position\":2,\"name\":\"Produits\",\"item\":\"https:\/\/provence-materiaux-anciens.com\/produit\/\"},{\"@type\":\"ListItem\",\"position\":3,\"name\":\"Parefeuille ancien\"}]},{\"@type\":\"WebSite\",\"@id\":\"https:\/\/provence-materiaux-anciens.com\/#website\",\"url\":\"https:\/\/provence-materiaux-anciens.com\/\",\"name\":\"Provence Mat\u00e9riaux Anciens\",\"description\":\"Achat et vente de mat\u00e9riaux anciens de construction, poutres, tuiles, planchers, charpentes, dallages, terres cuites.\",\"publisher\":{\"@id\":\"https:\/\/provence-materiaux-anciens.com\/#organization\"},\"potentialAction\":[{\"@type\":\"SearchAction\",\"target\":{\"@type\":\"EntryPoint\",\"urlTemplate\":\"https:\/\/provence-materiaux-anciens.com\/?s={search_term_string}\"},\"query-input\":{\"@type\":\"PropertyValueSpecification\",\"valueRequired\":true,\"valueName\":\"search_term_string\"}}],\"inLanguage\":\"fr-FR\"},{\"@type\":\"Organization\",\"@id\":\"https:\/\/provence-materiaux-anciens.com\/#organization\",\"name\":\"Provence Mat\u00e9riaux Anciens\",\"url\":\"https:\/\/provence-materiaux-anciens.com\/\",\"logo\":{\"@type\":\"ImageObject\",\"inLanguage\":\"fr-FR\",\"@id\":\"https:\/\/provence-materiaux-anciens.com\/#\/schema\/logo\/image\/\",\"url\":\"https:\/\/provence-materiaux-anciens.com\/wp-content\/uploads\/2022\/03\/cropped-logo-pma-web.png\",\"contentUrl\":\"https:\/\/provence-materiaux-anciens.com\/wp-content\/uploads\/2022\/03\/cropped-logo-pma-web.png\",\"width\":650,\"height\":434,\"caption\":\"Provence Mat\u00e9riaux Anciens\"},\"image\":{\"@id\":\"https:\/\/provence-materiaux-anciens.com\/#\/schema\/logo\/image\/\"},\"sameAs\":[\"https:\/\/www.facebook.com\/provencemateriauxanciens\",\"https:\/\/www.instagram.com\/provencemateriauxanciens\/\",\"https:\/\/www.pinterest.fr\/provencemateriauxanciens\/\"]}]}<\/script>\n<!-- \/ Yoast SEO Premium plugin. -->","yoast_head_json":{"title":"Parefeuille ancien - Provence Mat\u00e9riaux Anciens","description":"D\u00e9couvrez le parefeuille, un carrelage de qualit\u00e9, connu pour sa solidit\u00e9 et sa r\u00e9sistance, pour son charme de l'ancien avec ses nuances du rose au jaune","robots":{"index":"index","follow":"follow","max-snippet":"max-snippet:-1","max-image-preview":"max-image-preview:large","max-video-preview":"max-video-preview:-1"},"canonical":"https:\/\/provence-materiaux-anciens.com\/fr\/produit\/sols\/terre-cuite-ancienne\/parefeuille-ancien\/parefeuille-ancien\/","og_locale":"fr_FR","og_type":"article","og_title":"Parefeuille ancien","og_description":"D\u00e9couvrez le parefeuille, un carrelage de qualit\u00e9, connu pour sa solidit\u00e9 et sa r\u00e9sistance, pour son charme de l'ancien avec ses nuances du rose au jaune","og_url":"https:\/\/provence-materiaux-anciens.com\/fr\/produit\/sols\/terre-cuite-ancienne\/parefeuille-ancien\/parefeuille-ancien\/","og_site_name":"Provence Mat\u00e9riaux Anciens","article_publisher":"https:\/\/www.facebook.com\/provencemateriauxanciens","article_modified_time":"2024-11-05T16:04:21+00:00","og_image":[{"width":1920,"height":2560,"url":"https:\/\/provence-materiaux-anciens.com\/wp-content\/uploads\/2022\/12\/20231207_114258-scaled.jpg","type":"image\/jpeg"}],"twitter_card":"summary_large_image","twitter_misc":{"Dur\u00e9e de lecture estim\u00e9e":"4 minutes"},"schema":{"@context":"https:\/\/schema.org","@graph":[{"@type":"WebPage","@id":"https:\/\/provence-materiaux-anciens.com\/produit\/sols\/terre-cuite-ancienne\/parefeuille-ancien\/parefeuille-ancien\/","url":"https:\/\/provence-materiaux-anciens.com\/produit\/sols\/terre-cuite-ancienne\/parefeuille-ancien\/parefeuille-ancien\/","name":"Parefeuille ancien - Provence Mat\u00e9riaux Anciens","isPartOf":{"@id":"https:\/\/provence-materiaux-anciens.com\/#website"},"primaryImageOfPage":{"@id":"https:\/\/provence-materiaux-anciens.com\/produit\/sols\/terre-cuite-ancienne\/parefeuille-ancien\/parefeuille-ancien\/#primaryimage"},"image":{"@id":"https:\/\/provence-materiaux-anciens.com\/produit\/sols\/terre-cuite-ancienne\/parefeuille-ancien\/parefeuille-ancien\/#primaryimage"},"thumbnailUrl":"https:\/\/provence-materiaux-anciens.com\/wp-content\/uploads\/2022\/12\/20231207_114258-scaled.jpg","datePublished":"2022-12-02T18:51:36+00:00","dateModified":"2024-11-05T16:04:21+00:00","description":"D\u00e9couvrez le parefeuille, un carrelage de qualit\u00e9, connu pour sa solidit\u00e9 et sa r\u00e9sistance, pour son charme de l'ancien avec ses nuances du rose au jaune","breadcrumb":{"@id":"https:\/\/provence-materiaux-anciens.com\/produit\/sols\/terre-cuite-ancienne\/parefeuille-ancien\/parefeuille-ancien\/#breadcrumb"},"inLanguage":"fr-FR","potentialAction":[{"@type":"ReadAction","target":["https:\/\/provence-materiaux-anciens.com\/produit\/sols\/terre-cuite-ancienne\/parefeuille-ancien\/parefeuille-ancien\/"]}]},{"@type":"ImageObject","inLanguage":"fr-FR","@id":"https:\/\/provence-materiaux-anciens.com\/produit\/sols\/terre-cuite-ancienne\/parefeuille-ancien\/parefeuille-ancien\/#primaryimage","url":"https:\/\/provence-materiaux-anciens.com\/wp-content\/uploads\/2022\/12\/20231207_114258-scaled.jpg","contentUrl":"https:\/\/provence-materiaux-anciens.com\/wp-content\/uploads\/2022\/12\/20231207_114258-scaled.jpg","width":1920,"height":2560,"caption":"Parefeuille ancien dans une cuisine"},{"@type":"BreadcrumbList","@id":"https:\/\/provence-materiaux-anciens.com\/produit\/sols\/terre-cuite-ancienne\/parefeuille-ancien\/parefeuille-ancien\/#breadcrumb","itemListElement":[{"@type":"ListItem","position":1,"name":"Accueil","item":"https:\/\/provence-materiaux-anciens.com\/fr\/"},{"@type":"ListItem","position":2,"name":"Produits","item":"https:\/\/provence-materiaux-anciens.com\/produit\/"},{"@type":"ListItem","position":3,"name":"Parefeuille ancien"}]},{"@type":"WebSite","@id":"https:\/\/provence-materiaux-anciens.com\/#website","url":"https:\/\/provence-materiaux-anciens.com\/","name":"Provence Mat\u00e9riaux Anciens","description":"Achat et vente de mat\u00e9riaux anciens de construction, poutres, tuiles, planchers, charpentes, dallages, terres cuites.","publisher":{"@id":"https:\/\/provence-materiaux-anciens.com\/#organization"},"potentialAction":[{"@type":"SearchAction","target":{"@type":"EntryPoint","urlTemplate":"https:\/\/provence-materiaux-anciens.com\/?s={search_term_string}"},"query-input":{"@type":"PropertyValueSpecification","valueRequired":true,"valueName":"search_term_string"}}],"inLanguage":"fr-FR"},{"@type":"Organization","@id":"https:\/\/provence-materiaux-anciens.com\/#organization","name":"Provence Mat\u00e9riaux Anciens","url":"https:\/\/provence-materiaux-anciens.com\/","logo":{"@type":"ImageObject","inLanguage":"fr-FR","@id":"https:\/\/provence-materiaux-anciens.com\/#\/schema\/logo\/image\/","url":"https:\/\/provence-materiaux-anciens.com\/wp-content\/uploads\/2022\/03\/cropped-logo-pma-web.png","contentUrl":"https:\/\/provence-materiaux-anciens.com\/wp-content\/uploads\/2022\/03\/cropped-logo-pma-web.png","width":650,"height":434,"caption":"Provence Mat\u00e9riaux Anciens"},"image":{"@id":"https:\/\/provence-materiaux-anciens.com\/#\/schema\/logo\/image\/"},"sameAs":["https:\/\/www.facebook.com\/provencemateriauxanciens","https:\/\/www.instagram.com\/provencemateriauxanciens\/","https:\/\/www.pinterest.fr\/provencemateriauxanciens\/"]}]}},"_links":{"self":[{"href":"https:\/\/provence-materiaux-anciens.com\/fr\/wp-json\/wp\/v2\/product\/1057","targetHints":{"allow":["GET"]}}],"collection":[{"href":"https:\/\/provence-materiaux-anciens.com\/fr\/wp-json\/wp\/v2\/product"}],"about":[{"href":"https:\/\/provence-materiaux-anciens.com\/fr\/wp-json\/wp\/v2\/types\/product"}],"wp:featuredmedia":[{"embeddable":true,"href":"https:\/\/provence-materiaux-anciens.com\/fr\/wp-json\/wp\/v2\/media\/5033"}],"wp:attachment":[{"href":"https:\/\/provence-materiaux-anciens.com\/fr\/wp-json\/wp\/v2\/media?parent=1057"}],"wp:term":[{"taxonomy":"product_brand","embeddable":true,"href":"https:\/\/provence-materiaux-anciens.com\/fr\/wp-json\/wp\/v2\/product_brand?post=1057"},{"taxonomy":"product_cat","embeddable":true,"href":"https:\/\/provence-materiaux-anciens.com\/fr\/wp-json\/wp\/v2\/product_cat?post=1057"},{"taxonomy":"product_tag","embeddable":true,"href":"https:\/\/provence-materiaux-anciens.com\/fr\/wp-json\/wp\/v2\/product_tag?post=1057"}],"curies":[{"name":"wp","href":"https:\/\/api.w.org\/{rel}","templated":true}]}}