{"id":1058,"date":"2022-12-02T18:51:36","date_gmt":"2022-12-02T18:51:36","guid":{"rendered":"https:\/\/provence-materiaux-anciens.com\/?post_type=product&#038;p=1058"},"modified":"2024-03-06T08:56:48","modified_gmt":"2024-03-06T08:56:48","slug":"vieux-parefeuille","status":"publish","type":"product","link":"https:\/\/provence-materiaux-anciens.com\/fr\/produit\/sols\/terre-cuite-ancienne\/parefeuille-ancien\/vieux-parefeuille\/","title":{"rendered":"Vieux Parefeuille"},"content":{"rendered":"<p><span style=\"font-weight: 400;\">Vous recherchez un rev\u00eatement de sol solide et r\u00e9sistant aux intemp\u00e9ries ? Vous devez absolument essayer notre <\/span><b>Vieux Parefeuille<\/b><span style=\"font-weight: 400;\"> !<\/span><\/p>\n<p><span style=\"font-weight: 400;\">Rien ne nous fait plus plaisir que la satisfaction totale de nos clients. C\u2019est pourquoi, nous recherchons chaque jour la perfection dans nos r\u00e9alisations.\u00a0<\/span><\/p>\n<p><span style=\"font-weight: 400;\">Notre <\/span><b>Vieux Parefeuille<\/b><span style=\"font-weight: 400;\"> est sans doute, l\u2019une de nos plus belles \u0153uvres. C\u2019est un parefeuille ancien, dont le seul aspect physique s\u00e9duit plus d\u2019une personne. Fabriqu\u00e9 \u00e0 base de terres cuites anciennes, ce parefeuille de teinte jaune claire saura sublimer votre cadre de vie.<\/span><\/p>\n<h3><b>Un parefeuille d\u00e9licatement fabriqu\u00e9<\/b><\/h3>\n<p><span style=\"font-weight: 400;\">En observant bien notre Vieux Parefeuille, vous remarquerez qu\u2019il a une texture assez lisse. Nous avons pris suffisamment de temps pour un traitement optimal de la terre \u00e0 partir de laquelle ce parefeuille a \u00e9t\u00e9 fabriqu\u00e9. Chauff\u00e9es \u00e0 tr\u00e8s haute temp\u00e9rature, ces terres ont \u00e9t\u00e9 d\u00e9pourvues de toute impuret\u00e9 pour un r\u00e9sultat impeccable. Elles sont tr\u00e8s agr\u00e9ables au contact des pieds.\u00a0<\/span><\/p>\n<h3><b>Un rev\u00eatement solide et r\u00e9sistant !<\/b><\/h3>\n<p><span style=\"font-weight: 400;\">Comme nous le disions plus haut, notre Vieux Parefeuille est fabriqu\u00e9 apr\u00e8s un chauffage des terres anciennes \u00e0 tr\u00e8s haute temp\u00e9rature. Il en ressort qu\u2019il est un produit tr\u00e8s solide et ultra r\u00e9sistant aux intemp\u00e9ries. Face aux chocs, ce parefeuille sera particuli\u00e8rement r\u00e9silient, afin de ne subir aucun dommage.<\/span><\/p>\n<p><span style=\"font-weight: 400;\">D\u2019un autre c\u00f4t\u00e9, ni les bact\u00e9ries, ni les moisissures ne viendront alt\u00e9rer la qualit\u00e9 de ce parefeuille. Ainsi, qu\u2019il s\u2019agisse d\u2019une d\u00e9coration int\u00e9rieure, ou ext\u00e9rieure, vous pourrez tout \u00e0 fait opter pour notre Vieux Parefeuille.\u00a0<\/span><\/p>\n<h3><b>Soyez en phase avec la nature gr\u00e2ce \u00e0 ce parefeuille \u00e9cologique<\/b><\/h3>\n<p><span style=\"font-weight: 400;\">La question de la protection de l\u2019environnement se pose de plus en plus chaque ann\u00e9e. C\u2019est une affaire de tout le monde. D\u00e8s lors, vous pouvez contribuer \u00e0 la protection de notre plan\u00e8te en adoptant ce rev\u00eatement \u00e9cologique. Il est 100% naturel, et ne constitue aucun risque sanitaire ou environnemental.\u00a0<\/span><\/p>\n<p><span style=\"font-weight: 400;\">Choisissez notre <\/span><b>Vieux Parefeuille<\/b><span style=\"font-weight: 400;\"> pour un cadre de vie sain et agr\u00e9able !<\/span><\/p>\n","protected":false},"excerpt":{"rendered":"<h2><span style=\"font-size: 14pt;\"><strong>Ref:<\/strong> Vieux parefeuille (Mireval Car002)<\/span><\/h2>\n<ul>\n<li><strong>Mat\u00e9riaux<\/strong> : Terre cuite ancienne<\/li>\n<li><strong>Longueur<\/strong> : 36 &#8211; 37 cm<\/li>\n<li><b>Largeur <\/b>: 20 &#8211; 22 cm<\/li>\n<li><strong>\u00c9paisseur<\/strong> : 2.5 \u00e0 3 cm<\/li>\n<li><b>Disponibilit\u00e9<\/b> : Al\u00e9atoire, n&rsquo;h\u00e9sitez pas \u00e0 nous<a href=\"https:\/\/provence-materiaux-anciens.com\/contact\/\"> contacter<\/a> si vous souhaitez savoir la disponibilit\u00e9 du produit<\/li>\n<\/ul>\n<p>&nbsp;<\/p>\n<p>Vieux parefeuille disponible en grande quantit\u00e9. Ce parefeuille ancien de teinte jaune clair, fa\u00e7onn\u00e9 \u00e0 la main, date du XIX\u00e8me si\u00e8cle et est originaire du d\u00e9partement de l&rsquo;H\u00e9rault. Dans le temps les parefeuilles \u00e9taient utilis\u00e9s en toiture et les tuiles \u00e9taient pos\u00e9es par dessus. Les parefeuilles anciens peuvent \u00eatre install\u00e9s \u00e0 l&rsquo;int\u00e9rieur et \u00e0 l&rsquo;ext\u00e9rieur de vos projets.<\/p>\n<p>Nous vous recommandons de traiter les parefeuilles <strong>\u00ab\u00a0Mireval\u00a0\u00bb<\/strong> avec notre produit <a href=\"https:\/\/provence-materiaux-anciens.com\/produit\/sols\/traitement-des-sols\/provence-natural-floor\/\">Provence Natural Floor.<\/a><\/p>\n<p>Pour des parefeuilles anciens avec des teintes plus panach\u00e9es, voir nos <a href=\"https:\/\/provence-materiaux-anciens.com\/produit\/parefeuille-ancien\/\">parefeuilles anciens de N\u00eemes<\/a>.<\/p>\n","protected":false},"featured_media":3418,"template":"","meta":{"_monsterinsights_skip_tracking":false,"_monsterinsights_sitenote_active":false,"_monsterinsights_sitenote_note":"","_monsterinsights_sitenote_category":0},"product_brand":[],"product_cat":[34,32,33],"product_tag":[146,144],"class_list":{"0":"post-1058","1":"product","2":"type-product","3":"status-publish","4":"has-post-thumbnail","6":"product_cat-parefeuille-ancien","7":"product_cat-sols","8":"product_cat-terre-cuite-ancienne","9":"product_tag-parefeuille","10":"product_tag-vieux","12":"first","13":"instock","14":"shipping-taxable","15":"product-type-simple"},"yoast_head":"<!-- This site is optimized with the Yoast SEO Premium plugin v22.1 (Yoast SEO v24.6) - https:\/\/yoast.com\/wordpress\/plugins\/seo\/ -->\n<title>Vieux Parefeuille - Provence Mat\u00e9riaux Anciens<\/title>\n<meta name=\"robots\" content=\"index, follow, max-snippet:-1, max-image-preview:large, max-video-preview:-1\" \/>\n<link rel=\"canonical\" href=\"https:\/\/provence-materiaux-anciens.com\/fr\/produit\/sols\/terre-cuite-ancienne\/parefeuille-ancien\/vieux-parefeuille\/\" \/>\n<meta property=\"og:locale\" content=\"fr_FR\" \/>\n<meta property=\"og:type\" content=\"article\" \/>\n<meta property=\"og:title\" content=\"Vieux Parefeuille\" \/>\n<meta property=\"og:description\" content=\"Ref: Vieux parefeuille (Mireval Car002)   Mat\u00e9riaux : Terre cuite ancienne  Longueur : 36 - 37 cm  Largeur : 20 - 22 cm  \u00c9paisseur : 2.5 \u00e0 3 cm  Disponibilit\u00e9 : Al\u00e9atoire, n&#039;h\u00e9sitez pas \u00e0 nous contacter si vous souhaitez savoir la disponibilit\u00e9 du produit  &nbsp;  Vieux parefeuille disponible en grande quantit\u00e9. Ce parefeuille ancien de teinte jaune clair, fa\u00e7onn\u00e9 \u00e0 la main, date du XIX\u00e8me si\u00e8cle et est originaire du d\u00e9partement de l&#039;H\u00e9rault. Dans le temps les parefeuilles \u00e9taient utilis\u00e9s en toiture et les tuiles \u00e9taient pos\u00e9es par dessus. Les parefeuilles anciens peuvent \u00eatre install\u00e9s \u00e0 l&#039;int\u00e9rieur et \u00e0 l&#039;ext\u00e9rieur de vos projets.  Nous vous recommandons de traiter les parefeuilles &quot;Mireval&quot; avec notre produit Provence Natural Floor.  Pour des parefeuilles anciens avec des teintes plus panach\u00e9es, voir nos parefeuilles anciens de N\u00eemes.\" \/>\n<meta property=\"og:url\" content=\"https:\/\/provence-materiaux-anciens.com\/fr\/produit\/sols\/terre-cuite-ancienne\/parefeuille-ancien\/vieux-parefeuille\/\" \/>\n<meta property=\"og:site_name\" content=\"Provence Mat\u00e9riaux Anciens\" \/>\n<meta property=\"article:publisher\" content=\"https:\/\/www.facebook.com\/provencemateriauxanciens\" \/>\n<meta property=\"article:modified_time\" content=\"2024-03-06T08:56:48+00:00\" \/>\n<meta property=\"og:image\" content=\"https:\/\/provence-materiaux-anciens.com\/wp-content\/uploads\/2022\/12\/vieux-parefeuille02-1.jpg\" \/>\n\t<meta property=\"og:image:width\" content=\"600\" \/>\n\t<meta property=\"og:image:height\" content=\"600\" \/>\n\t<meta property=\"og:image:type\" content=\"image\/jpeg\" \/>\n<meta name=\"twitter:card\" content=\"summary_large_image\" \/>\n<meta name=\"twitter:label1\" content=\"Dur\u00e9e de lecture estim\u00e9e\" \/>\n\t<meta name=\"twitter:data1\" content=\"2 minutes\" \/>\n<script type=\"application\/ld+json\" class=\"yoast-schema-graph\">{\"@context\":\"https:\/\/schema.org\",\"@graph\":[{\"@type\":\"WebPage\",\"@id\":\"https:\/\/provence-materiaux-anciens.com\/produit\/sols\/terre-cuite-ancienne\/parefeuille-ancien\/vieux-parefeuille\/\",\"url\":\"https:\/\/provence-materiaux-anciens.com\/produit\/sols\/terre-cuite-ancienne\/parefeuille-ancien\/vieux-parefeuille\/\",\"name\":\"Vieux Parefeuille - Provence Mat\u00e9riaux Anciens\",\"isPartOf\":{\"@id\":\"https:\/\/provence-materiaux-anciens.com\/#website\"},\"primaryImageOfPage\":{\"@id\":\"https:\/\/provence-materiaux-anciens.com\/produit\/sols\/terre-cuite-ancienne\/parefeuille-ancien\/vieux-parefeuille\/#primaryimage\"},\"image\":{\"@id\":\"https:\/\/provence-materiaux-anciens.com\/produit\/sols\/terre-cuite-ancienne\/parefeuille-ancien\/vieux-parefeuille\/#primaryimage\"},\"thumbnailUrl\":\"https:\/\/provence-materiaux-anciens.com\/wp-content\/uploads\/2022\/12\/vieux-parefeuille02-1.jpg\",\"datePublished\":\"2022-12-02T18:51:36+00:00\",\"dateModified\":\"2024-03-06T08:56:48+00:00\",\"breadcrumb\":{\"@id\":\"https:\/\/provence-materiaux-anciens.com\/produit\/sols\/terre-cuite-ancienne\/parefeuille-ancien\/vieux-parefeuille\/#breadcrumb\"},\"inLanguage\":\"fr-FR\",\"potentialAction\":[{\"@type\":\"ReadAction\",\"target\":[\"https:\/\/provence-materiaux-anciens.com\/produit\/sols\/terre-cuite-ancienne\/parefeuille-ancien\/vieux-parefeuille\/\"]}]},{\"@type\":\"ImageObject\",\"inLanguage\":\"fr-FR\",\"@id\":\"https:\/\/provence-materiaux-anciens.com\/produit\/sols\/terre-cuite-ancienne\/parefeuille-ancien\/vieux-parefeuille\/#primaryimage\",\"url\":\"https:\/\/provence-materiaux-anciens.com\/wp-content\/uploads\/2022\/12\/vieux-parefeuille02-1.jpg\",\"contentUrl\":\"https:\/\/provence-materiaux-anciens.com\/wp-content\/uploads\/2022\/12\/vieux-parefeuille02-1.jpg\",\"width\":600,\"height\":600,\"caption\":\"vieux parefeuille\"},{\"@type\":\"BreadcrumbList\",\"@id\":\"https:\/\/provence-materiaux-anciens.com\/produit\/sols\/terre-cuite-ancienne\/parefeuille-ancien\/vieux-parefeuille\/#breadcrumb\",\"itemListElement\":[{\"@type\":\"ListItem\",\"position\":1,\"name\":\"Accueil\",\"item\":\"https:\/\/provence-materiaux-anciens.com\/fr\/\"},{\"@type\":\"ListItem\",\"position\":2,\"name\":\"Produits\",\"item\":\"https:\/\/provence-materiaux-anciens.com\/produit\/\"},{\"@type\":\"ListItem\",\"position\":3,\"name\":\"Vieux Parefeuille\"}]},{\"@type\":\"WebSite\",\"@id\":\"https:\/\/provence-materiaux-anciens.com\/#website\",\"url\":\"https:\/\/provence-materiaux-anciens.com\/\",\"name\":\"Provence Mat\u00e9riaux Anciens\",\"description\":\"Achat et vente de mat\u00e9riaux anciens de construction, poutres, tuiles, planchers, charpentes, dallages, terres cuites.\",\"publisher\":{\"@id\":\"https:\/\/provence-materiaux-anciens.com\/#organization\"},\"potentialAction\":[{\"@type\":\"SearchAction\",\"target\":{\"@type\":\"EntryPoint\",\"urlTemplate\":\"https:\/\/provence-materiaux-anciens.com\/?s={search_term_string}\"},\"query-input\":{\"@type\":\"PropertyValueSpecification\",\"valueRequired\":true,\"valueName\":\"search_term_string\"}}],\"inLanguage\":\"fr-FR\"},{\"@type\":\"Organization\",\"@id\":\"https:\/\/provence-materiaux-anciens.com\/#organization\",\"name\":\"Provence Mat\u00e9riaux Anciens\",\"url\":\"https:\/\/provence-materiaux-anciens.com\/\",\"logo\":{\"@type\":\"ImageObject\",\"inLanguage\":\"fr-FR\",\"@id\":\"https:\/\/provence-materiaux-anciens.com\/#\/schema\/logo\/image\/\",\"url\":\"https:\/\/provence-materiaux-anciens.com\/wp-content\/uploads\/2022\/03\/cropped-logo-pma-web.png\",\"contentUrl\":\"https:\/\/provence-materiaux-anciens.com\/wp-content\/uploads\/2022\/03\/cropped-logo-pma-web.png\",\"width\":650,\"height\":434,\"caption\":\"Provence Mat\u00e9riaux Anciens\"},\"image\":{\"@id\":\"https:\/\/provence-materiaux-anciens.com\/#\/schema\/logo\/image\/\"},\"sameAs\":[\"https:\/\/www.facebook.com\/provencemateriauxanciens\",\"https:\/\/www.instagram.com\/provencemateriauxanciens\/\",\"https:\/\/www.pinterest.fr\/provencemateriauxanciens\/\"]}]}<\/script>\n<!-- \/ Yoast SEO Premium plugin. -->","yoast_head_json":{"title":"Vieux Parefeuille - Provence Mat\u00e9riaux Anciens","robots":{"index":"index","follow":"follow","max-snippet":"max-snippet:-1","max-image-preview":"max-image-preview:large","max-video-preview":"max-video-preview:-1"},"canonical":"https:\/\/provence-materiaux-anciens.com\/fr\/produit\/sols\/terre-cuite-ancienne\/parefeuille-ancien\/vieux-parefeuille\/","og_locale":"fr_FR","og_type":"article","og_title":"Vieux Parefeuille","og_description":"Ref: Vieux parefeuille (Mireval Car002)   Mat\u00e9riaux : Terre cuite ancienne  Longueur : 36 - 37 cm  Largeur : 20 - 22 cm  \u00c9paisseur : 2.5 \u00e0 3 cm  Disponibilit\u00e9 : Al\u00e9atoire, n'h\u00e9sitez pas \u00e0 nous contacter si vous souhaitez savoir la disponibilit\u00e9 du produit  &nbsp;  Vieux parefeuille disponible en grande quantit\u00e9. Ce parefeuille ancien de teinte jaune clair, fa\u00e7onn\u00e9 \u00e0 la main, date du XIX\u00e8me si\u00e8cle et est originaire du d\u00e9partement de l'H\u00e9rault. Dans le temps les parefeuilles \u00e9taient utilis\u00e9s en toiture et les tuiles \u00e9taient pos\u00e9es par dessus. Les parefeuilles anciens peuvent \u00eatre install\u00e9s \u00e0 l'int\u00e9rieur et \u00e0 l'ext\u00e9rieur de vos projets.  Nous vous recommandons de traiter les parefeuilles \"Mireval\" avec notre produit Provence Natural Floor.  Pour des parefeuilles anciens avec des teintes plus panach\u00e9es, voir nos parefeuilles anciens de N\u00eemes.","og_url":"https:\/\/provence-materiaux-anciens.com\/fr\/produit\/sols\/terre-cuite-ancienne\/parefeuille-ancien\/vieux-parefeuille\/","og_site_name":"Provence Mat\u00e9riaux Anciens","article_publisher":"https:\/\/www.facebook.com\/provencemateriauxanciens","article_modified_time":"2024-03-06T08:56:48+00:00","og_image":[{"width":600,"height":600,"url":"https:\/\/provence-materiaux-anciens.com\/wp-content\/uploads\/2022\/12\/vieux-parefeuille02-1.jpg","type":"image\/jpeg"}],"twitter_card":"summary_large_image","twitter_misc":{"Dur\u00e9e de lecture estim\u00e9e":"2 minutes"},"schema":{"@context":"https:\/\/schema.org","@graph":[{"@type":"WebPage","@id":"https:\/\/provence-materiaux-anciens.com\/produit\/sols\/terre-cuite-ancienne\/parefeuille-ancien\/vieux-parefeuille\/","url":"https:\/\/provence-materiaux-anciens.com\/produit\/sols\/terre-cuite-ancienne\/parefeuille-ancien\/vieux-parefeuille\/","name":"Vieux Parefeuille - Provence Mat\u00e9riaux Anciens","isPartOf":{"@id":"https:\/\/provence-materiaux-anciens.com\/#website"},"primaryImageOfPage":{"@id":"https:\/\/provence-materiaux-anciens.com\/produit\/sols\/terre-cuite-ancienne\/parefeuille-ancien\/vieux-parefeuille\/#primaryimage"},"image":{"@id":"https:\/\/provence-materiaux-anciens.com\/produit\/sols\/terre-cuite-ancienne\/parefeuille-ancien\/vieux-parefeuille\/#primaryimage"},"thumbnailUrl":"https:\/\/provence-materiaux-anciens.com\/wp-content\/uploads\/2022\/12\/vieux-parefeuille02-1.jpg","datePublished":"2022-12-02T18:51:36+00:00","dateModified":"2024-03-06T08:56:48+00:00","breadcrumb":{"@id":"https:\/\/provence-materiaux-anciens.com\/produit\/sols\/terre-cuite-ancienne\/parefeuille-ancien\/vieux-parefeuille\/#breadcrumb"},"inLanguage":"fr-FR","potentialAction":[{"@type":"ReadAction","target":["https:\/\/provence-materiaux-anciens.com\/produit\/sols\/terre-cuite-ancienne\/parefeuille-ancien\/vieux-parefeuille\/"]}]},{"@type":"ImageObject","inLanguage":"fr-FR","@id":"https:\/\/provence-materiaux-anciens.com\/produit\/sols\/terre-cuite-ancienne\/parefeuille-ancien\/vieux-parefeuille\/#primaryimage","url":"https:\/\/provence-materiaux-anciens.com\/wp-content\/uploads\/2022\/12\/vieux-parefeuille02-1.jpg","contentUrl":"https:\/\/provence-materiaux-anciens.com\/wp-content\/uploads\/2022\/12\/vieux-parefeuille02-1.jpg","width":600,"height":600,"caption":"vieux parefeuille"},{"@type":"BreadcrumbList","@id":"https:\/\/provence-materiaux-anciens.com\/produit\/sols\/terre-cuite-ancienne\/parefeuille-ancien\/vieux-parefeuille\/#breadcrumb","itemListElement":[{"@type":"ListItem","position":1,"name":"Accueil","item":"https:\/\/provence-materiaux-anciens.com\/fr\/"},{"@type":"ListItem","position":2,"name":"Produits","item":"https:\/\/provence-materiaux-anciens.com\/produit\/"},{"@type":"ListItem","position":3,"name":"Vieux Parefeuille"}]},{"@type":"WebSite","@id":"https:\/\/provence-materiaux-anciens.com\/#website","url":"https:\/\/provence-materiaux-anciens.com\/","name":"Provence Mat\u00e9riaux Anciens","description":"Achat et vente de mat\u00e9riaux anciens de construction, poutres, tuiles, planchers, charpentes, dallages, terres cuites.","publisher":{"@id":"https:\/\/provence-materiaux-anciens.com\/#organization"},"potentialAction":[{"@type":"SearchAction","target":{"@type":"EntryPoint","urlTemplate":"https:\/\/provence-materiaux-anciens.com\/?s={search_term_string}"},"query-input":{"@type":"PropertyValueSpecification","valueRequired":true,"valueName":"search_term_string"}}],"inLanguage":"fr-FR"},{"@type":"Organization","@id":"https:\/\/provence-materiaux-anciens.com\/#organization","name":"Provence Mat\u00e9riaux Anciens","url":"https:\/\/provence-materiaux-anciens.com\/","logo":{"@type":"ImageObject","inLanguage":"fr-FR","@id":"https:\/\/provence-materiaux-anciens.com\/#\/schema\/logo\/image\/","url":"https:\/\/provence-materiaux-anciens.com\/wp-content\/uploads\/2022\/03\/cropped-logo-pma-web.png","contentUrl":"https:\/\/provence-materiaux-anciens.com\/wp-content\/uploads\/2022\/03\/cropped-logo-pma-web.png","width":650,"height":434,"caption":"Provence Mat\u00e9riaux Anciens"},"image":{"@id":"https:\/\/provence-materiaux-anciens.com\/#\/schema\/logo\/image\/"},"sameAs":["https:\/\/www.facebook.com\/provencemateriauxanciens","https:\/\/www.instagram.com\/provencemateriauxanciens\/","https:\/\/www.pinterest.fr\/provencemateriauxanciens\/"]}]}},"_links":{"self":[{"href":"https:\/\/provence-materiaux-anciens.com\/fr\/wp-json\/wp\/v2\/product\/1058","targetHints":{"allow":["GET"]}}],"collection":[{"href":"https:\/\/provence-materiaux-anciens.com\/fr\/wp-json\/wp\/v2\/product"}],"about":[{"href":"https:\/\/provence-materiaux-anciens.com\/fr\/wp-json\/wp\/v2\/types\/product"}],"wp:featuredmedia":[{"embeddable":true,"href":"https:\/\/provence-materiaux-anciens.com\/fr\/wp-json\/wp\/v2\/media\/3418"}],"wp:attachment":[{"href":"https:\/\/provence-materiaux-anciens.com\/fr\/wp-json\/wp\/v2\/media?parent=1058"}],"wp:term":[{"taxonomy":"product_brand","embeddable":true,"href":"https:\/\/provence-materiaux-anciens.com\/fr\/wp-json\/wp\/v2\/product_brand?post=1058"},{"taxonomy":"product_cat","embeddable":true,"href":"https:\/\/provence-materiaux-anciens.com\/fr\/wp-json\/wp\/v2\/product_cat?post=1058"},{"taxonomy":"product_tag","embeddable":true,"href":"https:\/\/provence-materiaux-anciens.com\/fr\/wp-json\/wp\/v2\/product_tag?post=1058"}],"curies":[{"name":"wp","href":"https:\/\/api.w.org\/{rel}","templated":true}]}}