{"id":1060,"date":"2022-12-02T18:51:36","date_gmt":"2022-12-02T18:51:36","guid":{"rendered":"https:\/\/provence-materiaux-anciens.com\/?post_type=product&#038;p=1060"},"modified":"2024-03-06T08:56:48","modified_gmt":"2024-03-06T08:56:48","slug":"vieilles-tomettes","status":"publish","type":"product","link":"https:\/\/provence-materiaux-anciens.com\/fr\/produit\/sols\/terre-cuite-ancienne\/tomettes-anciennes\/vieilles-tomettes\/","title":{"rendered":"Vieilles tomettes"},"content":{"rendered":"<p><span style=\"font-weight: 400;\">Les <strong>vieilles tomettes<\/strong> de Provence Mat\u00e9riaux Anciens sont r\u00e9sistantes et chaleureuses. Elles iront bien avec votre d\u00e9coration d\u2019int\u00e9rieur. D\u00e9couvrez ces tomettes anciennes faites \u00e0 la main.<\/span><\/p>\n<h3><strong>Vous aurez tout \u00e0 gagner \u00e0 choisir les vieilles tomettes pour votre maison habitation !\u00a0<\/strong><\/h3>\n<p><span style=\"font-weight: 400;\">Les <strong>vieilles tomettes<\/strong> sont faites \u00e0 base de terre cuite ancienne et elles ont un esth\u00e9tisme naturel qui donnera un c\u00f4t\u00e9 r\u00e9tro aux pi\u00e8ces dans lesquelles vous les poserez. Ce sont des mat\u00e9riaux de construction qui augmenteront la valeur de votre propri\u00e9t\u00e9, car ils sont rares et authentiques.<\/span><\/p>\n<p><span style=\"font-weight: 400;\">Les <strong>vieilles tomettes<\/strong> sont aussi tr\u00e8s appr\u00e9ci\u00e9es pour leur r\u00e9sistance \u00e0 l\u2019usure et pour leurs qualit\u00e9s thermiques. Elles ont une faible \u00e9paisseur et elles sont tr\u00e8s adapt\u00e9es au chauffage au sol.\u00a0<\/span><\/p>\n<h3><strong>Faites le choix des tomettes anciennes pour d\u00e9corer vos espaces int\u00e9rieurs et ext\u00e9rieurs<\/strong><\/h3>\n<p><span style=\"font-weight: 400;\">Les <strong>vieilles tomettes<\/strong> peuvent \u00eatre utilis\u00e9es pour d\u00e9corer les pi\u00e8ces int\u00e9rieures et ext\u00e9rieures d\u2019un habitat. Vous pourrez les utiliser tant pour les murs que pour le sol. Sur le mur, vous pourrez les utiliser pour la cr\u00e9dence ou pour le mur central d\u2019une pi\u00e8ce.<\/span><\/p>\n<p><span style=\"font-weight: 400;\">A l\u2019ext\u00e9rieur, elles seront parfaites pour la plage de piscine, la v\u00e9randa, la terrasse, le patio et bien d\u2019autres. A l\u2019int\u00e9rieur, vous pourrez les utiliser pour d\u00e9corer chambres, s\u00e9jour, salle de bain, cuisine, couloir et autres.<\/span><\/p>\n<p><span style=\"font-weight: 400;\">Les tomettes anciennes sont des mat\u00e9riaux de construction tr\u00e8s pris\u00e9s en ce moment, car elles s\u2019adaptent \u00e0 tout type de d\u00e9coration : contemporain, traditionnel, minimaliste, moderne, etc.<\/span><\/p>\n","protected":false},"excerpt":{"rendered":"<h2><strong>Ref: <\/strong>Vieilles tomettes (Lyon Car004)<\/h2>\n<ul>\n<li><strong>Mat\u00e9riaux<\/strong> : Terre cuite de r\u00e9cup\u00e9ration<\/li>\n<li><strong>Dimensions<\/strong> : entre 15 x 15 et 17 x 17 cm, \u00e9paisseur de 2.5 \u00e0 3 cm<\/li>\n<li><b>Disponibilit\u00e9<\/b> : Al\u00e9atoire, n&rsquo;h\u00e9sitez pas \u00e0 nous<a href=\"https:\/\/provence-materiaux-anciens.com\/contact\/\"> contacter<\/a> si vous souhaitez savoir la disponibilit\u00e9 du produit<\/li>\n<\/ul>\n<p>&nbsp;<\/p>\n<p>Ces vieilles tomettes de r\u00e9cup\u00e9ration originaire de maisons et de fermes de la r\u00e9gion lyonnaise sont en terre cuite de teinte jaune avec des nuances ros\u00e9es . Ce carrelage de r\u00e9cup\u00e9ration fut fabriqu\u00e9 au XVIII\u00e8me et au XIX\u00e8me si\u00e8cle. Les tomettes anciennes sont destin\u00e9es autant pour les int\u00e9rieurs que les ext\u00e9rieurs.<\/p>\n<p>Pour des vieilles tomettes dans des tons plus fonc\u00e9s, vous pouvez voir nos <a href=\"https:\/\/provence-materiaux-anciens.com\/produit\/tomettes-anciennes-hexagonales\/\">tomettes anciennes h\u00e9xagonales<\/a>.<\/p>\n<p>Nous vous recommandons de traiter les carreaux <strong>\u00abLyon\u00bb<\/strong> avec notre produit <a href=\"https:\/\/provence-materiaux-anciens.com\/produit\/sols\/traitement-des-sols\/provence-natural-floor\/\">Provence Natural Floor<\/a><a href=\"https:\/\/provence-materiaux-anciens.com\/sols-anciens\/produits-de-traitement\/provence-natural-floor\/\">.<\/a><\/p>\n<p>&nbsp;<\/p>\n","protected":false},"featured_media":1599,"template":"","meta":{"_monsterinsights_skip_tracking":false,"_monsterinsights_sitenote_active":false,"_monsterinsights_sitenote_note":"","_monsterinsights_sitenote_category":0},"product_brand":[],"product_cat":[32,35,33],"product_tag":[],"class_list":{"0":"post-1060","1":"product","2":"type-product","3":"status-publish","4":"has-post-thumbnail","6":"product_cat-sols","7":"product_cat-tomettes-anciennes","8":"product_cat-terre-cuite-ancienne","10":"first","11":"instock","12":"shipping-taxable","13":"product-type-simple"},"yoast_head":"<!-- This site is optimized with the Yoast SEO Premium plugin v22.1 (Yoast SEO v24.6) - https:\/\/yoast.com\/wordpress\/plugins\/seo\/ -->\n<title>Vieilles tomettes - Provence Mat\u00e9riaux Anciens<\/title>\n<meta name=\"robots\" content=\"index, follow, max-snippet:-1, max-image-preview:large, max-video-preview:-1\" \/>\n<link rel=\"canonical\" href=\"https:\/\/provence-materiaux-anciens.com\/fr\/produit\/sols\/terre-cuite-ancienne\/tomettes-anciennes\/vieilles-tomettes\/\" \/>\n<meta property=\"og:locale\" content=\"fr_FR\" \/>\n<meta property=\"og:type\" content=\"article\" \/>\n<meta property=\"og:title\" content=\"Vieilles tomettes\" \/>\n<meta property=\"og:description\" content=\"Ref: Vieilles tomettes (Lyon Car004)   Mat\u00e9riaux : Terre cuite de r\u00e9cup\u00e9ration  Dimensions : entre 15 x 15 et 17 x 17 cm, \u00e9paisseur de 2.5 \u00e0 3 cm  Disponibilit\u00e9 : Al\u00e9atoire, n&#039;h\u00e9sitez pas \u00e0 nous contacter si vous souhaitez savoir la disponibilit\u00e9 du produit  &nbsp;  Ces vieilles tomettes de r\u00e9cup\u00e9ration originaire de maisons et de fermes de la r\u00e9gion lyonnaise sont en terre cuite de teinte jaune avec des nuances ros\u00e9es . Ce carrelage de r\u00e9cup\u00e9ration fut fabriqu\u00e9 au XVIII\u00e8me et au XIX\u00e8me si\u00e8cle. Les tomettes anciennes sont destin\u00e9es autant pour les int\u00e9rieurs que les ext\u00e9rieurs.  Pour des vieilles tomettes dans des tons plus fonc\u00e9s, vous pouvez voir nos tomettes anciennes h\u00e9xagonales.  Nous vous recommandons de traiter les carreaux \u00abLyon\u00bb avec notre produit Provence Natural Floor.  &nbsp;\" \/>\n<meta property=\"og:url\" content=\"https:\/\/provence-materiaux-anciens.com\/fr\/produit\/sols\/terre-cuite-ancienne\/tomettes-anciennes\/vieilles-tomettes\/\" \/>\n<meta property=\"og:site_name\" content=\"Provence Mat\u00e9riaux Anciens\" \/>\n<meta property=\"article:publisher\" content=\"https:\/\/www.facebook.com\/provencemateriauxanciens\" \/>\n<meta property=\"article:modified_time\" content=\"2024-03-06T08:56:48+00:00\" \/>\n<meta property=\"og:image\" content=\"https:\/\/provence-materiaux-anciens.com\/wp-content\/uploads\/2022\/12\/vieilles-tomettes03.jpg\" \/>\n\t<meta property=\"og:image:width\" content=\"700\" \/>\n\t<meta property=\"og:image:height\" content=\"700\" \/>\n\t<meta property=\"og:image:type\" content=\"image\/jpeg\" \/>\n<meta name=\"twitter:card\" content=\"summary_large_image\" \/>\n<meta name=\"twitter:label1\" content=\"Dur\u00e9e de lecture estim\u00e9e\" \/>\n\t<meta name=\"twitter:data1\" content=\"1 minute\" \/>\n<script type=\"application\/ld+json\" class=\"yoast-schema-graph\">{\"@context\":\"https:\/\/schema.org\",\"@graph\":[{\"@type\":\"WebPage\",\"@id\":\"https:\/\/provence-materiaux-anciens.com\/produit\/sols\/terre-cuite-ancienne\/tomettes-anciennes\/vieilles-tomettes\/\",\"url\":\"https:\/\/provence-materiaux-anciens.com\/produit\/sols\/terre-cuite-ancienne\/tomettes-anciennes\/vieilles-tomettes\/\",\"name\":\"Vieilles tomettes - Provence Mat\u00e9riaux Anciens\",\"isPartOf\":{\"@id\":\"https:\/\/provence-materiaux-anciens.com\/#website\"},\"primaryImageOfPage\":{\"@id\":\"https:\/\/provence-materiaux-anciens.com\/produit\/sols\/terre-cuite-ancienne\/tomettes-anciennes\/vieilles-tomettes\/#primaryimage\"},\"image\":{\"@id\":\"https:\/\/provence-materiaux-anciens.com\/produit\/sols\/terre-cuite-ancienne\/tomettes-anciennes\/vieilles-tomettes\/#primaryimage\"},\"thumbnailUrl\":\"https:\/\/provence-materiaux-anciens.com\/wp-content\/uploads\/2022\/12\/vieilles-tomettes03.jpg\",\"datePublished\":\"2022-12-02T18:51:36+00:00\",\"dateModified\":\"2024-03-06T08:56:48+00:00\",\"breadcrumb\":{\"@id\":\"https:\/\/provence-materiaux-anciens.com\/produit\/sols\/terre-cuite-ancienne\/tomettes-anciennes\/vieilles-tomettes\/#breadcrumb\"},\"inLanguage\":\"fr-FR\",\"potentialAction\":[{\"@type\":\"ReadAction\",\"target\":[\"https:\/\/provence-materiaux-anciens.com\/produit\/sols\/terre-cuite-ancienne\/tomettes-anciennes\/vieilles-tomettes\/\"]}]},{\"@type\":\"ImageObject\",\"inLanguage\":\"fr-FR\",\"@id\":\"https:\/\/provence-materiaux-anciens.com\/produit\/sols\/terre-cuite-ancienne\/tomettes-anciennes\/vieilles-tomettes\/#primaryimage\",\"url\":\"https:\/\/provence-materiaux-anciens.com\/wp-content\/uploads\/2022\/12\/vieilles-tomettes03.jpg\",\"contentUrl\":\"https:\/\/provence-materiaux-anciens.com\/wp-content\/uploads\/2022\/12\/vieilles-tomettes03.jpg\",\"width\":700,\"height\":700,\"caption\":\"vieilles-tomettes03\"},{\"@type\":\"BreadcrumbList\",\"@id\":\"https:\/\/provence-materiaux-anciens.com\/produit\/sols\/terre-cuite-ancienne\/tomettes-anciennes\/vieilles-tomettes\/#breadcrumb\",\"itemListElement\":[{\"@type\":\"ListItem\",\"position\":1,\"name\":\"Accueil\",\"item\":\"https:\/\/provence-materiaux-anciens.com\/fr\/\"},{\"@type\":\"ListItem\",\"position\":2,\"name\":\"Produits\",\"item\":\"https:\/\/provence-materiaux-anciens.com\/produit\/\"},{\"@type\":\"ListItem\",\"position\":3,\"name\":\"Vieilles tomettes\"}]},{\"@type\":\"WebSite\",\"@id\":\"https:\/\/provence-materiaux-anciens.com\/#website\",\"url\":\"https:\/\/provence-materiaux-anciens.com\/\",\"name\":\"Provence Mat\u00e9riaux Anciens\",\"description\":\"Achat et vente de mat\u00e9riaux anciens de construction, poutres, tuiles, planchers, charpentes, dallages, terres cuites.\",\"publisher\":{\"@id\":\"https:\/\/provence-materiaux-anciens.com\/#organization\"},\"potentialAction\":[{\"@type\":\"SearchAction\",\"target\":{\"@type\":\"EntryPoint\",\"urlTemplate\":\"https:\/\/provence-materiaux-anciens.com\/?s={search_term_string}\"},\"query-input\":{\"@type\":\"PropertyValueSpecification\",\"valueRequired\":true,\"valueName\":\"search_term_string\"}}],\"inLanguage\":\"fr-FR\"},{\"@type\":\"Organization\",\"@id\":\"https:\/\/provence-materiaux-anciens.com\/#organization\",\"name\":\"Provence Mat\u00e9riaux Anciens\",\"url\":\"https:\/\/provence-materiaux-anciens.com\/\",\"logo\":{\"@type\":\"ImageObject\",\"inLanguage\":\"fr-FR\",\"@id\":\"https:\/\/provence-materiaux-anciens.com\/#\/schema\/logo\/image\/\",\"url\":\"https:\/\/provence-materiaux-anciens.com\/wp-content\/uploads\/2022\/03\/cropped-logo-pma-web.png\",\"contentUrl\":\"https:\/\/provence-materiaux-anciens.com\/wp-content\/uploads\/2022\/03\/cropped-logo-pma-web.png\",\"width\":650,\"height\":434,\"caption\":\"Provence Mat\u00e9riaux Anciens\"},\"image\":{\"@id\":\"https:\/\/provence-materiaux-anciens.com\/#\/schema\/logo\/image\/\"},\"sameAs\":[\"https:\/\/www.facebook.com\/provencemateriauxanciens\",\"https:\/\/www.instagram.com\/provencemateriauxanciens\/\",\"https:\/\/www.pinterest.fr\/provencemateriauxanciens\/\"]}]}<\/script>\n<!-- \/ Yoast SEO Premium plugin. -->","yoast_head_json":{"title":"Vieilles tomettes - Provence Mat\u00e9riaux Anciens","robots":{"index":"index","follow":"follow","max-snippet":"max-snippet:-1","max-image-preview":"max-image-preview:large","max-video-preview":"max-video-preview:-1"},"canonical":"https:\/\/provence-materiaux-anciens.com\/fr\/produit\/sols\/terre-cuite-ancienne\/tomettes-anciennes\/vieilles-tomettes\/","og_locale":"fr_FR","og_type":"article","og_title":"Vieilles tomettes","og_description":"Ref: Vieilles tomettes (Lyon Car004)   Mat\u00e9riaux : Terre cuite de r\u00e9cup\u00e9ration  Dimensions : entre 15 x 15 et 17 x 17 cm, \u00e9paisseur de 2.5 \u00e0 3 cm  Disponibilit\u00e9 : Al\u00e9atoire, n'h\u00e9sitez pas \u00e0 nous contacter si vous souhaitez savoir la disponibilit\u00e9 du produit  &nbsp;  Ces vieilles tomettes de r\u00e9cup\u00e9ration originaire de maisons et de fermes de la r\u00e9gion lyonnaise sont en terre cuite de teinte jaune avec des nuances ros\u00e9es . Ce carrelage de r\u00e9cup\u00e9ration fut fabriqu\u00e9 au XVIII\u00e8me et au XIX\u00e8me si\u00e8cle. Les tomettes anciennes sont destin\u00e9es autant pour les int\u00e9rieurs que les ext\u00e9rieurs.  Pour des vieilles tomettes dans des tons plus fonc\u00e9s, vous pouvez voir nos tomettes anciennes h\u00e9xagonales.  Nous vous recommandons de traiter les carreaux \u00abLyon\u00bb avec notre produit Provence Natural Floor.  &nbsp;","og_url":"https:\/\/provence-materiaux-anciens.com\/fr\/produit\/sols\/terre-cuite-ancienne\/tomettes-anciennes\/vieilles-tomettes\/","og_site_name":"Provence Mat\u00e9riaux Anciens","article_publisher":"https:\/\/www.facebook.com\/provencemateriauxanciens","article_modified_time":"2024-03-06T08:56:48+00:00","og_image":[{"width":700,"height":700,"url":"https:\/\/provence-materiaux-anciens.com\/wp-content\/uploads\/2022\/12\/vieilles-tomettes03.jpg","type":"image\/jpeg"}],"twitter_card":"summary_large_image","twitter_misc":{"Dur\u00e9e de lecture estim\u00e9e":"1 minute"},"schema":{"@context":"https:\/\/schema.org","@graph":[{"@type":"WebPage","@id":"https:\/\/provence-materiaux-anciens.com\/produit\/sols\/terre-cuite-ancienne\/tomettes-anciennes\/vieilles-tomettes\/","url":"https:\/\/provence-materiaux-anciens.com\/produit\/sols\/terre-cuite-ancienne\/tomettes-anciennes\/vieilles-tomettes\/","name":"Vieilles tomettes - Provence Mat\u00e9riaux Anciens","isPartOf":{"@id":"https:\/\/provence-materiaux-anciens.com\/#website"},"primaryImageOfPage":{"@id":"https:\/\/provence-materiaux-anciens.com\/produit\/sols\/terre-cuite-ancienne\/tomettes-anciennes\/vieilles-tomettes\/#primaryimage"},"image":{"@id":"https:\/\/provence-materiaux-anciens.com\/produit\/sols\/terre-cuite-ancienne\/tomettes-anciennes\/vieilles-tomettes\/#primaryimage"},"thumbnailUrl":"https:\/\/provence-materiaux-anciens.com\/wp-content\/uploads\/2022\/12\/vieilles-tomettes03.jpg","datePublished":"2022-12-02T18:51:36+00:00","dateModified":"2024-03-06T08:56:48+00:00","breadcrumb":{"@id":"https:\/\/provence-materiaux-anciens.com\/produit\/sols\/terre-cuite-ancienne\/tomettes-anciennes\/vieilles-tomettes\/#breadcrumb"},"inLanguage":"fr-FR","potentialAction":[{"@type":"ReadAction","target":["https:\/\/provence-materiaux-anciens.com\/produit\/sols\/terre-cuite-ancienne\/tomettes-anciennes\/vieilles-tomettes\/"]}]},{"@type":"ImageObject","inLanguage":"fr-FR","@id":"https:\/\/provence-materiaux-anciens.com\/produit\/sols\/terre-cuite-ancienne\/tomettes-anciennes\/vieilles-tomettes\/#primaryimage","url":"https:\/\/provence-materiaux-anciens.com\/wp-content\/uploads\/2022\/12\/vieilles-tomettes03.jpg","contentUrl":"https:\/\/provence-materiaux-anciens.com\/wp-content\/uploads\/2022\/12\/vieilles-tomettes03.jpg","width":700,"height":700,"caption":"vieilles-tomettes03"},{"@type":"BreadcrumbList","@id":"https:\/\/provence-materiaux-anciens.com\/produit\/sols\/terre-cuite-ancienne\/tomettes-anciennes\/vieilles-tomettes\/#breadcrumb","itemListElement":[{"@type":"ListItem","position":1,"name":"Accueil","item":"https:\/\/provence-materiaux-anciens.com\/fr\/"},{"@type":"ListItem","position":2,"name":"Produits","item":"https:\/\/provence-materiaux-anciens.com\/produit\/"},{"@type":"ListItem","position":3,"name":"Vieilles tomettes"}]},{"@type":"WebSite","@id":"https:\/\/provence-materiaux-anciens.com\/#website","url":"https:\/\/provence-materiaux-anciens.com\/","name":"Provence Mat\u00e9riaux Anciens","description":"Achat et vente de mat\u00e9riaux anciens de construction, poutres, tuiles, planchers, charpentes, dallages, terres cuites.","publisher":{"@id":"https:\/\/provence-materiaux-anciens.com\/#organization"},"potentialAction":[{"@type":"SearchAction","target":{"@type":"EntryPoint","urlTemplate":"https:\/\/provence-materiaux-anciens.com\/?s={search_term_string}"},"query-input":{"@type":"PropertyValueSpecification","valueRequired":true,"valueName":"search_term_string"}}],"inLanguage":"fr-FR"},{"@type":"Organization","@id":"https:\/\/provence-materiaux-anciens.com\/#organization","name":"Provence Mat\u00e9riaux Anciens","url":"https:\/\/provence-materiaux-anciens.com\/","logo":{"@type":"ImageObject","inLanguage":"fr-FR","@id":"https:\/\/provence-materiaux-anciens.com\/#\/schema\/logo\/image\/","url":"https:\/\/provence-materiaux-anciens.com\/wp-content\/uploads\/2022\/03\/cropped-logo-pma-web.png","contentUrl":"https:\/\/provence-materiaux-anciens.com\/wp-content\/uploads\/2022\/03\/cropped-logo-pma-web.png","width":650,"height":434,"caption":"Provence Mat\u00e9riaux Anciens"},"image":{"@id":"https:\/\/provence-materiaux-anciens.com\/#\/schema\/logo\/image\/"},"sameAs":["https:\/\/www.facebook.com\/provencemateriauxanciens","https:\/\/www.instagram.com\/provencemateriauxanciens\/","https:\/\/www.pinterest.fr\/provencemateriauxanciens\/"]}]}},"_links":{"self":[{"href":"https:\/\/provence-materiaux-anciens.com\/fr\/wp-json\/wp\/v2\/product\/1060","targetHints":{"allow":["GET"]}}],"collection":[{"href":"https:\/\/provence-materiaux-anciens.com\/fr\/wp-json\/wp\/v2\/product"}],"about":[{"href":"https:\/\/provence-materiaux-anciens.com\/fr\/wp-json\/wp\/v2\/types\/product"}],"wp:featuredmedia":[{"embeddable":true,"href":"https:\/\/provence-materiaux-anciens.com\/fr\/wp-json\/wp\/v2\/media\/1599"}],"wp:attachment":[{"href":"https:\/\/provence-materiaux-anciens.com\/fr\/wp-json\/wp\/v2\/media?parent=1060"}],"wp:term":[{"taxonomy":"product_brand","embeddable":true,"href":"https:\/\/provence-materiaux-anciens.com\/fr\/wp-json\/wp\/v2\/product_brand?post=1060"},{"taxonomy":"product_cat","embeddable":true,"href":"https:\/\/provence-materiaux-anciens.com\/fr\/wp-json\/wp\/v2\/product_cat?post=1060"},{"taxonomy":"product_tag","embeddable":true,"href":"https:\/\/provence-materiaux-anciens.com\/fr\/wp-json\/wp\/v2\/product_tag?post=1060"}],"curies":[{"name":"wp","href":"https:\/\/api.w.org\/{rel}","templated":true}]}}